{"id":1050,"date":"2017-10-12T11:23:27","date_gmt":"2017-10-12T09:23:27","guid":{"rendered":"https:\/\/forumrozwojumiast.poznan.pl\/2017\/?page_id=1050"},"modified":"2017-12-13T15:41:05","modified_gmt":"2017-12-13T14:41:05","slug":"prawo-do-miasta-i-partycypacja-obywatelska","status":"publish","type":"page","link":"https:\/\/forumrozwojumiast.poznan.pl\/2017\/program\/prawo-do-miasta-i-partycypacja-obywatelska\/","title":{"rendered":"Prawo do miasta i partycypacja obywatelska"},"content":{"rendered":"<p><strong>Abstract: Prawo do miasta i partycypacja obywatelska<\/strong><\/p>\n<p>Problematyka prawa do miasta nabiera coraz wi\u0119kszego znaczenia. I je\u015bli chcemy rozwa\u017ca\u0107 t\u0119 kategori\u0119, to punktem wyj\u015bcia s\u0105 trzy podstawowe pytania: czyje prawo?; jaka ma by\u0107 jego tre\u015b\u0107? i jaki ma mie\u0107 ono charakter?<br \/>\nUdzielenie na nie odpowiedzi nie jest proste. Pomocne tu mog\u0105 by\u0107 nast\u0119puj\u0105ce tezy:<\/p>\n<p>1. Prawo do miasta musi by\u0107 rozumiane jako prawo czynne a nie bierne.<br \/>\n2. Prawo do miasta jest fundamentem r\u00f3wnowa\u017cenia r\u00f3\u017cnych interes\u00f3w i tym samym r\u00f3wnowa\u017cenia r\u00f3\u017cnych wymiar\u00f3w i aspekt\u00f3w rozwoju miasta.<br \/>\n3. Prawo do miasta ma wyra\u017ca\u0107 wsp\u00f3\u0142zale\u017cno\u015b\u0107 \u2013 substancjaln\u0105 (przedmiotow\u0105) i proceduraln\u0105 (podmiotow\u0105).<br \/>\n4. Prawo do miasta nie mo\u017ce by\u0107 prawem wykluczaj\u0105cym.<br \/>\n5. Musi w nim by\u0107 wywa\u017cony aspekt pozytywny \u2013 \u201eprawo za\u201d oraz negatywny \u2013 \u201eprawo przeciw\u201d, tak aby umo\u017cliwia\u0142o zapobieganie niekorzystnym spo\u0142ecznie dzia\u0142aniom i rozwi\u0105zaniom, ale jednocze\u015bnie umo\u017cliwia\u0142o kreatywn\u0105 dzia\u0142alno\u015b\u0107 i wykorzystywanie potencja\u0142u tw\u00f3rczego jednostek i grup spo\u0142ecznych.<\/p>\n<p>Partycypacja wynika z dialogu obywatelskiego a nie odwrotnie. Je\u015bli obywatele nie maj\u0105 mo\u017cliwo\u015bci efektywnego wyra\u017cania i konfrontowania swoich opinii, nie b\u0119d\u0105 gotowi uczestniczy\u0107 w podejmowaniu decyzji i przyjmowaniu wsp\u00f3\u0142odpowiedzialno\u015bci. Warunkiem uruchomienia dialogu obywatelskiego jest wyst\u0119powanie r\u00f3\u017cnych form przestrzeni publicznej, kt\u00f3ra dzi\u0119ki niemu staje si\u0119 nie tylko przestrzeni\u0105 wsp\u00f3\u0142obecno\u015bci, ale tak\u017ce formowania si\u0119 wsp\u00f3lnotowej celowo\u015bci. Przestrze\u0144 publiczna jest zatem kluczowym zasobem rozwojowym.<\/p>\n<p>I je\u015bli tak spojrze\u0107 na dialog obywatelski, to trudno wyobrazi\u0107 sobie bez niego spo\u0142ecznie osadzon\u0105 polityk\u0119 miejsk\u0105. To ona otwiera \u015bcie\u017ck\u0119 doj\u015bcia do partycypacji, rozumianej jako wsp\u00f3\u0142zarz\u0105dzanie. Polityczno-publiczn\u0105 funkcj\u0105 wsp\u00f3\u0142zarz\u0105dzania nie jest tylko rozwi\u0105zywanie okre\u015blonych problem\u00f3w miejskich, ale tak\u017ce definiowanie i ustanawianie regu\u0142 zarz\u0105dzania miastem i prowadzenia polityki miejskiej, wi\u0105\u017c\u0105cych tak w\u0142adze miejskie, jak i obywateli. Tym samym, dialog obywatelski wytwarza szereg wsp\u00f3lnotowych d\u00f3br, niezwykle przydatnych w zarz\u0105dzaniu miastem. S\u0105 nimi m.in.: (i) informacja i wiedza, (ii) zaufanie do okre\u015blonych aktor\u00f3w miejskich, (iii) zdolno\u015b\u0107 ich wsp\u00f3\u0142dzia\u0142ania, (iv) zbiorowa refleksja i strategiczna wyobra\u017ania oraz (v) zdolno\u015b\u0107 korygowania polityki miejskiej.<\/p>\n<p>Miejskiego dialogu obywatelskiego nie nale\u017cy instytucjonalnie usztywnia\u0107. Powinna go charakteryzowa\u0107 \u201ezmienna geometria\u201d, rozumiana jako otwarto\u015b\u0107 na w\u0142\u0105czanie innych i nowych aktor\u00f3w \u2013 ich punkt\u00f3w widzenia i perspektyw poznawczych. Wy\u0142\u0105czenie aktywnych i zorganizowanych aktor\u00f3w z dialogu miejskiego owocuje ograniczeniem zdolno\u015bci rozwojowych miasta. Wy\u0142\u0105czenie w konsekwencji zawsze kosztuje wi\u0119cej ni\u017c spo\u0142eczne w\u0142\u0105czenie.<\/p>\n","protected":false},"excerpt":{"rendered":"<p>Abstract: Prawo do miasta i partycypacja obywatelska Problematyka prawa do miasta nabiera coraz wi\u0119kszego znaczenia. I je\u015bli chcemy rozwa\u017ca\u0107 t\u0119 kategori\u0119, to punktem wyj\u015bcia s\u0105 trzy podstawowe pytania: czyje prawo?; jaka ma by\u0107 jego tre\u015b\u0107? i jaki ma mie\u0107 ono charakter? Udzielenie na nie odpowiedzi nie jest proste. Pomocne tu mog\u0105 by\u0107 nast\u0119puj\u0105ce tezy: 1. &hellip; <\/p>\n<p class=\"link-more\"><a href=\"https:\/\/forumrozwojumiast.poznan.pl\/2017\/program\/prawo-do-miasta-i-partycypacja-obywatelska\/\" class=\"more-link\">Continue reading<span class=\"screen-reader-text\"> &#8222;Prawo do miasta i partycypacja obywatelska&#8221;<\/span><\/a><\/p>\n","protected":false},"author":1,"featured_media":0,"parent":15,"menu_order":2,"comment_status":"closed","ping_status":"closed","template":"","meta":{"_acf_changed":false,"inline_featured_image":false,"ngg_post_thumbnail":0,"footnotes":""},"class_list":["post-1050","page","type-page","status-publish","hentry"],"acf":[],"yoast_head":"<!-- This site is optimized with the Yoast SEO plugin v27.4 - https:\/\/yoast.com\/product\/yoast-seo-wordpress\/ -->\n<title>Prawo do miasta i partycypacja obywatelska - Forum Rozwoju Miast<\/title>\n<meta name=\"robots\" content=\"index, follow, max-snippet:-1, max-image-preview:large, max-video-preview:-1\" \/>\n<link rel=\"canonical\" href=\"https:\/\/forumrozwojumiast.poznan.pl\/2017\/program\/prawo-do-miasta-i-partycypacja-obywatelska\/\" \/>\n<meta property=\"og:locale\" content=\"pl_PL\" \/>\n<meta property=\"og:type\" content=\"article\" \/>\n<meta property=\"og:title\" content=\"Prawo do miasta i partycypacja obywatelska - Forum Rozwoju Miast\" \/>\n<meta property=\"og:description\" content=\"Abstract: Prawo do miasta i partycypacja obywatelska Problematyka prawa do miasta nabiera coraz wi\u0119kszego znaczenia. I je\u015bli chcemy rozwa\u017ca\u0107 t\u0119 kategori\u0119, to punktem wyj\u015bcia s\u0105 trzy podstawowe pytania: czyje prawo?; jaka ma by\u0107 jego tre\u015b\u0107? i jaki ma mie\u0107 ono charakter? Udzielenie na nie odpowiedzi nie jest proste. Pomocne tu mog\u0105 by\u0107 nast\u0119puj\u0105ce tezy: 1. &hellip; Continue reading &quot;Prawo do miasta i partycypacja obywatelska&quot;\" \/>\n<meta property=\"og:url\" content=\"https:\/\/forumrozwojumiast.poznan.pl\/2017\/program\/prawo-do-miasta-i-partycypacja-obywatelska\/\" \/>\n<meta property=\"og:site_name\" content=\"Forum Rozwoju Miast\" \/>\n<meta property=\"article:modified_time\" content=\"2017-12-13T14:41:05+00:00\" \/>\n<meta name=\"twitter:card\" content=\"summary_large_image\" \/>\n<meta name=\"twitter:label1\" content=\"Szacowany czas czytania\" \/>\n\t<meta name=\"twitter:data1\" content=\"2 minuty\" \/>\n<script type=\"application\/ld+json\" class=\"yoast-schema-graph\">{\"@context\":\"https:\\\/\\\/schema.org\",\"@graph\":[{\"@type\":\"WebPage\",\"@id\":\"https:\\\/\\\/forumrozwojumiast.poznan.pl\\\/2017\\\/program\\\/prawo-do-miasta-i-partycypacja-obywatelska\\\/\",\"url\":\"https:\\\/\\\/forumrozwojumiast.poznan.pl\\\/2017\\\/program\\\/prawo-do-miasta-i-partycypacja-obywatelska\\\/\",\"name\":\"Prawo do miasta i partycypacja obywatelska - Forum Rozwoju Miast\",\"isPartOf\":{\"@id\":\"https:\\\/\\\/forumrozwojumiast.poznan.pl\\\/2017\\\/#website\"},\"datePublished\":\"2017-10-12T09:23:27+00:00\",\"dateModified\":\"2017-12-13T14:41:05+00:00\",\"breadcrumb\":{\"@id\":\"https:\\\/\\\/forumrozwojumiast.poznan.pl\\\/2017\\\/program\\\/prawo-do-miasta-i-partycypacja-obywatelska\\\/#breadcrumb\"},\"inLanguage\":\"pl-PL\",\"potentialAction\":[{\"@type\":\"ReadAction\",\"target\":[\"https:\\\/\\\/forumrozwojumiast.poznan.pl\\\/2017\\\/program\\\/prawo-do-miasta-i-partycypacja-obywatelska\\\/\"]}]},{\"@type\":\"BreadcrumbList\",\"@id\":\"https:\\\/\\\/forumrozwojumiast.poznan.pl\\\/2017\\\/program\\\/prawo-do-miasta-i-partycypacja-obywatelska\\\/#breadcrumb\",\"itemListElement\":[{\"@type\":\"ListItem\",\"position\":1,\"name\":\"Strona g\u0142\u00f3wna\",\"item\":\"https:\\\/\\\/forumrozwojumiast.poznan.pl\\\/2017\\\/\"},{\"@type\":\"ListItem\",\"position\":2,\"name\":\"Program\",\"item\":\"https:\\\/\\\/forumrozwojumiast.poznan.pl\\\/2017\\\/program\\\/\"},{\"@type\":\"ListItem\",\"position\":3,\"name\":\"Prawo do miasta i partycypacja obywatelska\"}]},{\"@type\":\"WebSite\",\"@id\":\"https:\\\/\\\/forumrozwojumiast.poznan.pl\\\/2017\\\/#website\",\"url\":\"https:\\\/\\\/forumrozwojumiast.poznan.pl\\\/2017\\\/\",\"name\":\"Forum Rozwoju Miast\",\"description\":\"Obywatelski wymiar strategicznego zarz\u0105dzania miastem\",\"publisher\":{\"@id\":\"https:\\\/\\\/forumrozwojumiast.poznan.pl\\\/2017\\\/#organization\"},\"potentialAction\":[{\"@type\":\"SearchAction\",\"target\":{\"@type\":\"EntryPoint\",\"urlTemplate\":\"https:\\\/\\\/forumrozwojumiast.poznan.pl\\\/2017\\\/?s={search_term_string}\"},\"query-input\":{\"@type\":\"PropertyValueSpecification\",\"valueRequired\":true,\"valueName\":\"search_term_string\"}}],\"inLanguage\":\"pl-PL\"},{\"@type\":\"Organization\",\"@id\":\"https:\\\/\\\/forumrozwojumiast.poznan.pl\\\/2017\\\/#organization\",\"name\":\"Forum Rozwoju Miast\",\"url\":\"https:\\\/\\\/forumrozwojumiast.poznan.pl\\\/2017\\\/\",\"logo\":{\"@type\":\"ImageObject\",\"inLanguage\":\"pl-PL\",\"@id\":\"https:\\\/\\\/forumrozwojumiast.poznan.pl\\\/2017\\\/#\\\/schema\\\/logo\\\/image\\\/\",\"url\":\"https:\\\/\\\/forumrozwojumiast.poznan.pl\\\/2017\\\/wp-content\\\/uploads\\\/2017\\\/09\\\/cropped-FORUM-ROZWOJU-MIAST-3.png\",\"contentUrl\":\"https:\\\/\\\/forumrozwojumiast.poznan.pl\\\/2017\\\/wp-content\\\/uploads\\\/2017\\\/09\\\/cropped-FORUM-ROZWOJU-MIAST-3.png\",\"width\":627,\"height\":250,\"caption\":\"Forum Rozwoju Miast\"},\"image\":{\"@id\":\"https:\\\/\\\/forumrozwojumiast.poznan.pl\\\/2017\\\/#\\\/schema\\\/logo\\\/image\\\/\"}}]}<\/script>\n<!-- \/ Yoast SEO plugin. -->","yoast_head_json":{"title":"Prawo do miasta i partycypacja obywatelska - Forum Rozwoju Miast","robots":{"index":"index","follow":"follow","max-snippet":"max-snippet:-1","max-image-preview":"max-image-preview:large","max-video-preview":"max-video-preview:-1"},"canonical":"https:\/\/forumrozwojumiast.poznan.pl\/2017\/program\/prawo-do-miasta-i-partycypacja-obywatelska\/","og_locale":"pl_PL","og_type":"article","og_title":"Prawo do miasta i partycypacja obywatelska - Forum Rozwoju Miast","og_description":"Abstract: Prawo do miasta i partycypacja obywatelska Problematyka prawa do miasta nabiera coraz wi\u0119kszego znaczenia. I je\u015bli chcemy rozwa\u017ca\u0107 t\u0119 kategori\u0119, to punktem wyj\u015bcia s\u0105 trzy podstawowe pytania: czyje prawo?; jaka ma by\u0107 jego tre\u015b\u0107? i jaki ma mie\u0107 ono charakter? Udzielenie na nie odpowiedzi nie jest proste. Pomocne tu mog\u0105 by\u0107 nast\u0119puj\u0105ce tezy: 1. &hellip; Continue reading \"Prawo do miasta i partycypacja obywatelska\"","og_url":"https:\/\/forumrozwojumiast.poznan.pl\/2017\/program\/prawo-do-miasta-i-partycypacja-obywatelska\/","og_site_name":"Forum Rozwoju Miast","article_modified_time":"2017-12-13T14:41:05+00:00","twitter_card":"summary_large_image","twitter_misc":{"Szacowany czas czytania":"2 minuty"},"schema":{"@context":"https:\/\/schema.org","@graph":[{"@type":"WebPage","@id":"https:\/\/forumrozwojumiast.poznan.pl\/2017\/program\/prawo-do-miasta-i-partycypacja-obywatelska\/","url":"https:\/\/forumrozwojumiast.poznan.pl\/2017\/program\/prawo-do-miasta-i-partycypacja-obywatelska\/","name":"Prawo do miasta i partycypacja obywatelska - Forum Rozwoju Miast","isPartOf":{"@id":"https:\/\/forumrozwojumiast.poznan.pl\/2017\/#website"},"datePublished":"2017-10-12T09:23:27+00:00","dateModified":"2017-12-13T14:41:05+00:00","breadcrumb":{"@id":"https:\/\/forumrozwojumiast.poznan.pl\/2017\/program\/prawo-do-miasta-i-partycypacja-obywatelska\/#breadcrumb"},"inLanguage":"pl-PL","potentialAction":[{"@type":"ReadAction","target":["https:\/\/forumrozwojumiast.poznan.pl\/2017\/program\/prawo-do-miasta-i-partycypacja-obywatelska\/"]}]},{"@type":"BreadcrumbList","@id":"https:\/\/forumrozwojumiast.poznan.pl\/2017\/program\/prawo-do-miasta-i-partycypacja-obywatelska\/#breadcrumb","itemListElement":[{"@type":"ListItem","position":1,"name":"Strona g\u0142\u00f3wna","item":"https:\/\/forumrozwojumiast.poznan.pl\/2017\/"},{"@type":"ListItem","position":2,"name":"Program","item":"https:\/\/forumrozwojumiast.poznan.pl\/2017\/program\/"},{"@type":"ListItem","position":3,"name":"Prawo do miasta i partycypacja obywatelska"}]},{"@type":"WebSite","@id":"https:\/\/forumrozwojumiast.poznan.pl\/2017\/#website","url":"https:\/\/forumrozwojumiast.poznan.pl\/2017\/","name":"Forum Rozwoju Miast","description":"Obywatelski wymiar strategicznego zarz\u0105dzania miastem","publisher":{"@id":"https:\/\/forumrozwojumiast.poznan.pl\/2017\/#organization"},"potentialAction":[{"@type":"SearchAction","target":{"@type":"EntryPoint","urlTemplate":"https:\/\/forumrozwojumiast.poznan.pl\/2017\/?s={search_term_string}"},"query-input":{"@type":"PropertyValueSpecification","valueRequired":true,"valueName":"search_term_string"}}],"inLanguage":"pl-PL"},{"@type":"Organization","@id":"https:\/\/forumrozwojumiast.poznan.pl\/2017\/#organization","name":"Forum Rozwoju Miast","url":"https:\/\/forumrozwojumiast.poznan.pl\/2017\/","logo":{"@type":"ImageObject","inLanguage":"pl-PL","@id":"https:\/\/forumrozwojumiast.poznan.pl\/2017\/#\/schema\/logo\/image\/","url":"https:\/\/forumrozwojumiast.poznan.pl\/2017\/wp-content\/uploads\/2017\/09\/cropped-FORUM-ROZWOJU-MIAST-3.png","contentUrl":"https:\/\/forumrozwojumiast.poznan.pl\/2017\/wp-content\/uploads\/2017\/09\/cropped-FORUM-ROZWOJU-MIAST-3.png","width":627,"height":250,"caption":"Forum Rozwoju Miast"},"image":{"@id":"https:\/\/forumrozwojumiast.poznan.pl\/2017\/#\/schema\/logo\/image\/"}}]}},"_links":{"self":[{"href":"https:\/\/forumrozwojumiast.poznan.pl\/2017\/wp-json\/wp\/v2\/pages\/1050","targetHints":{"allow":["GET"]}}],"collection":[{"href":"https:\/\/forumrozwojumiast.poznan.pl\/2017\/wp-json\/wp\/v2\/pages"}],"about":[{"href":"https:\/\/forumrozwojumiast.poznan.pl\/2017\/wp-json\/wp\/v2\/types\/page"}],"author":[{"embeddable":true,"href":"https:\/\/forumrozwojumiast.poznan.pl\/2017\/wp-json\/wp\/v2\/users\/1"}],"replies":[{"embeddable":true,"href":"https:\/\/forumrozwojumiast.poznan.pl\/2017\/wp-json\/wp\/v2\/comments?post=1050"}],"version-history":[{"count":6,"href":"https:\/\/forumrozwojumiast.poznan.pl\/2017\/wp-json\/wp\/v2\/pages\/1050\/revisions"}],"predecessor-version":[{"id":1571,"href":"https:\/\/forumrozwojumiast.poznan.pl\/2017\/wp-json\/wp\/v2\/pages\/1050\/revisions\/1571"}],"up":[{"embeddable":true,"href":"https:\/\/forumrozwojumiast.poznan.pl\/2017\/wp-json\/wp\/v2\/pages\/15"}],"wp:attachment":[{"href":"https:\/\/forumrozwojumiast.poznan.pl\/2017\/wp-json\/wp\/v2\/media?parent=1050"}],"curies":[{"name":"wp","href":"https:\/\/api.w.org\/{rel}","templated":true}]}}