{"id":1056,"date":"2017-10-12T11:49:03","date_gmt":"2017-10-12T09:49:03","guid":{"rendered":"https:\/\/forumrozwojumiast.poznan.pl\/2017\/?page_id=1056"},"modified":"2017-12-13T15:40:29","modified_gmt":"2017-12-13T14:40:29","slug":"prawo-do-miasta","status":"publish","type":"page","link":"https:\/\/forumrozwojumiast.poznan.pl\/2017\/program\/prawo-do-miasta\/","title":{"rendered":"Prawo do miasta"},"content":{"rendered":"<p><strong>Abstract: Prawo do miasta<\/strong><\/p>\n<p>W tym roku up\u0142ywa pi\u0119\u0107dziesi\u0105t lat od sformu\u0142owania po raz pierwszy prawa do miasta. Jest ono o tyle nietypowym prawem (prawem podmiotowym w szerszym znaczeniu, right, poj\u0119ciowo przeciwstawianym prawu przedmiotowemu, law \u2013 podmiotowym prawem publicznym), \u017ce zajmuj\u0105 si\u0119 nim g\u0142\u00f3wnie nieprawnicy: filozofowie, socjologowie, politologowie, geografowie, ekonomi\u015bci, architekci czy urbani\u015bci &#8211; a nie prawnicy. Mo\u017cna nawet m\u00f3wi\u0107 o deficycie, nie tylko u nas, prawnych studi\u00f3w nad prawem do miasta. Pr\u00f3by ustalenia tre\u015bci i charakteru prawnego tego prawa, coraz cz\u0119\u015bciej traktowanego jako prawo cz\u0142owieka (prawo podstawowe) s\u0105 tym bardziej potrzebne.<\/p>\n<p>Prawo do miasta zosta\u0142o sformu\u0142owane przez filozof\u00f3w i antropolog\u00f3w, jednak\u017ce znajduje ju\u017c bezpo\u015bredni wyraz w dokumentach prawnych: w powo\u0142uj\u0105cej si\u0119 na konstytucj\u0119 brazylijskiej ustawie z 10 lipca 2001 r. \u2013 Statut miast, \u015awiatowej Karcie Prawa do Miasta z 2004 r., Karcie Prawa do Miasta Miasta Meksyku z 2010 r. czy w Nowej Agendzie Miejskiej ONZ z grudnia 2016 r. Dokumenty, o r\u00f3\u017cnym walorze prawnym i r\u00f3\u017cnej tre\u015bci, pozwalaj\u0105 na identyfikowanie tre\u015bci prawa do miasta (w szerokim uj\u0119ciu prawo do: sprawiedliwego korzystania i dost\u0119pu wszystkich mieszka\u0144c\u00f3w do wszystkiego, co mo\u017ce oferowa\u0107 miasto, zbiorowego uczestnictwa mieszka\u0144c\u00f3w we wszystkich sprawach miasta oraz efektywne funkcjonowanie wszelkich praw cz\u0142owieka w kontek\u015bcie miejskim, czyli w zakresie r\u00f3\u017cnych aspekt\u00f3w \u017cycia \u201emiasta-mur\u00f3w\u201d i \u201emiasta-spo\u0142eczno\u015bci\u201d, przy zaw\u0119\u017caniu tre\u015bci tego prawa w pewnych wypowiedziach doktrynalnych i normatywnych) oraz stwierdzenie, \u017ce jest to kompleksowe prawo przys\u0142uguj\u0105ce mieszka\u0144com miasta zar\u00f3wno indywidualnie, jak i zbiorowo, nale\u017c\u0105ce wobec tego do tzw. trzeciej generacji praw cz\u0142owieka.<\/p>\n<p>Aczkolwiek prawo do miasta nie znajduje bezpo\u015bredniego sformu\u0142owania w aktach prawnych obowi\u0105zuj\u0105cych w RP, w sk\u0142ad polskiego porz\u0105dku prawnego wchodz\u0105 ju\u017c r\u00f3\u017cne prawa zaliczane do tre\u015bci prawa do miasta: prawo dost\u0119pu do us\u0142ug w zakresie u\u017cyteczno\u015bci publicznej (us\u0142ug \u015bwiadczonych w interesie og\u00f3lnym, us\u0142ug powszechnych), prawo do udzia\u0142u w procesie podejmowania rozstrzygni\u0119\u0107 publicznych, prawo do mieszkania, czy prawo do \u015brodowiska, nadto prawa, kt\u00f3re zaczyna si\u0119 uznawa\u0107 za podstawowe: prawo do dobrej administracji jako istotna cz\u0119\u015b\u0107 prawa do dobrego rz\u0105dzenia i prawo do dobrej przestrzeni. Prawo do miasta, cho\u0107 og\u00f3lnie wci\u0105\u017c bardzo \u201emi\u0119kkie\u201d, jest ju\u017c na tyle ukszta\u0142towane, \u017ce nie mo\u017ce nie by\u0107 uwzgl\u0119dniane w takim wywa\u017caniu, w razie konfliktu, r\u00f3\u017cnych praw podmiotowych (w tym prawa w\u0142asno\u015bci), kt\u00f3re nie mo\u017ce prowadzi\u0107 do naruszenia istoty kt\u00f3regokolwiek z praw \u2013 a jego szczeg\u00f3lna kompleksowo\u015b\u0107, wyra\u017caj\u0105ca si\u0119 w zawieraniu si\u0119 w nim tre\u015bci wielu innych praw podstawowych r\u00f3\u017cnych generacji, powinna tym bardziej wskazywa\u0107 na potrzeb\u0119 zachowywania jego istoty, tj. zapewnienia warunk\u00f3w podmiotowego \u017cycia wszystkich mieszka\u0144c\u00f3w miasta.<\/p>\n","protected":false},"excerpt":{"rendered":"<p>Abstract: Prawo do miasta W tym roku up\u0142ywa pi\u0119\u0107dziesi\u0105t lat od sformu\u0142owania po raz pierwszy prawa do miasta. Jest ono o tyle nietypowym prawem (prawem podmiotowym w szerszym znaczeniu, right, poj\u0119ciowo przeciwstawianym prawu przedmiotowemu, law \u2013 podmiotowym prawem publicznym), \u017ce zajmuj\u0105 si\u0119 nim g\u0142\u00f3wnie nieprawnicy: filozofowie, socjologowie, politologowie, geografowie, ekonomi\u015bci, architekci czy urbani\u015bci &#8211; a &hellip; <\/p>\n<p class=\"link-more\"><a href=\"https:\/\/forumrozwojumiast.poznan.pl\/2017\/program\/prawo-do-miasta\/\" class=\"more-link\">Continue reading<span class=\"screen-reader-text\"> &#8222;Prawo do miasta&#8221;<\/span><\/a><\/p>\n","protected":false},"author":1,"featured_media":0,"parent":15,"menu_order":2,"comment_status":"closed","ping_status":"closed","template":"","meta":{"_acf_changed":false,"inline_featured_image":false,"ngg_post_thumbnail":0,"footnotes":""},"class_list":["post-1056","page","type-page","status-publish","hentry"],"acf":[],"yoast_head":"<!-- This site is optimized with the Yoast SEO plugin v27.4 - https:\/\/yoast.com\/product\/yoast-seo-wordpress\/ -->\n<title>Prawo do miasta - Forum Rozwoju Miast<\/title>\n<meta name=\"robots\" content=\"index, follow, max-snippet:-1, max-image-preview:large, max-video-preview:-1\" \/>\n<link rel=\"canonical\" href=\"https:\/\/forumrozwojumiast.poznan.pl\/2017\/program\/prawo-do-miasta\/\" \/>\n<meta property=\"og:locale\" content=\"pl_PL\" \/>\n<meta property=\"og:type\" content=\"article\" \/>\n<meta property=\"og:title\" content=\"Prawo do miasta - Forum Rozwoju Miast\" \/>\n<meta property=\"og:description\" content=\"Abstract: Prawo do miasta W tym roku up\u0142ywa pi\u0119\u0107dziesi\u0105t lat od sformu\u0142owania po raz pierwszy prawa do miasta. Jest ono o tyle nietypowym prawem (prawem podmiotowym w szerszym znaczeniu, right, poj\u0119ciowo przeciwstawianym prawu przedmiotowemu, law \u2013 podmiotowym prawem publicznym), \u017ce zajmuj\u0105 si\u0119 nim g\u0142\u00f3wnie nieprawnicy: filozofowie, socjologowie, politologowie, geografowie, ekonomi\u015bci, architekci czy urbani\u015bci &#8211; a &hellip; Continue reading &quot;Prawo do miasta&quot;\" \/>\n<meta property=\"og:url\" content=\"https:\/\/forumrozwojumiast.poznan.pl\/2017\/program\/prawo-do-miasta\/\" \/>\n<meta property=\"og:site_name\" content=\"Forum Rozwoju Miast\" \/>\n<meta property=\"article:modified_time\" content=\"2017-12-13T14:40:29+00:00\" \/>\n<meta name=\"twitter:card\" content=\"summary_large_image\" \/>\n<meta name=\"twitter:label1\" content=\"Szacowany czas czytania\" \/>\n\t<meta name=\"twitter:data1\" content=\"2 minuty\" \/>\n<script type=\"application\/ld+json\" class=\"yoast-schema-graph\">{\"@context\":\"https:\\\/\\\/schema.org\",\"@graph\":[{\"@type\":\"WebPage\",\"@id\":\"https:\\\/\\\/forumrozwojumiast.poznan.pl\\\/2017\\\/program\\\/prawo-do-miasta\\\/\",\"url\":\"https:\\\/\\\/forumrozwojumiast.poznan.pl\\\/2017\\\/program\\\/prawo-do-miasta\\\/\",\"name\":\"Prawo do miasta - Forum Rozwoju Miast\",\"isPartOf\":{\"@id\":\"https:\\\/\\\/forumrozwojumiast.poznan.pl\\\/2017\\\/#website\"},\"datePublished\":\"2017-10-12T09:49:03+00:00\",\"dateModified\":\"2017-12-13T14:40:29+00:00\",\"breadcrumb\":{\"@id\":\"https:\\\/\\\/forumrozwojumiast.poznan.pl\\\/2017\\\/program\\\/prawo-do-miasta\\\/#breadcrumb\"},\"inLanguage\":\"pl-PL\",\"potentialAction\":[{\"@type\":\"ReadAction\",\"target\":[\"https:\\\/\\\/forumrozwojumiast.poznan.pl\\\/2017\\\/program\\\/prawo-do-miasta\\\/\"]}]},{\"@type\":\"BreadcrumbList\",\"@id\":\"https:\\\/\\\/forumrozwojumiast.poznan.pl\\\/2017\\\/program\\\/prawo-do-miasta\\\/#breadcrumb\",\"itemListElement\":[{\"@type\":\"ListItem\",\"position\":1,\"name\":\"Strona g\u0142\u00f3wna\",\"item\":\"https:\\\/\\\/forumrozwojumiast.poznan.pl\\\/2017\\\/\"},{\"@type\":\"ListItem\",\"position\":2,\"name\":\"Program\",\"item\":\"https:\\\/\\\/forumrozwojumiast.poznan.pl\\\/2017\\\/program\\\/\"},{\"@type\":\"ListItem\",\"position\":3,\"name\":\"Prawo do miasta\"}]},{\"@type\":\"WebSite\",\"@id\":\"https:\\\/\\\/forumrozwojumiast.poznan.pl\\\/2017\\\/#website\",\"url\":\"https:\\\/\\\/forumrozwojumiast.poznan.pl\\\/2017\\\/\",\"name\":\"Forum Rozwoju Miast\",\"description\":\"Obywatelski wymiar strategicznego zarz\u0105dzania miastem\",\"publisher\":{\"@id\":\"https:\\\/\\\/forumrozwojumiast.poznan.pl\\\/2017\\\/#organization\"},\"potentialAction\":[{\"@type\":\"SearchAction\",\"target\":{\"@type\":\"EntryPoint\",\"urlTemplate\":\"https:\\\/\\\/forumrozwojumiast.poznan.pl\\\/2017\\\/?s={search_term_string}\"},\"query-input\":{\"@type\":\"PropertyValueSpecification\",\"valueRequired\":true,\"valueName\":\"search_term_string\"}}],\"inLanguage\":\"pl-PL\"},{\"@type\":\"Organization\",\"@id\":\"https:\\\/\\\/forumrozwojumiast.poznan.pl\\\/2017\\\/#organization\",\"name\":\"Forum Rozwoju Miast\",\"url\":\"https:\\\/\\\/forumrozwojumiast.poznan.pl\\\/2017\\\/\",\"logo\":{\"@type\":\"ImageObject\",\"inLanguage\":\"pl-PL\",\"@id\":\"https:\\\/\\\/forumrozwojumiast.poznan.pl\\\/2017\\\/#\\\/schema\\\/logo\\\/image\\\/\",\"url\":\"https:\\\/\\\/forumrozwojumiast.poznan.pl\\\/2017\\\/wp-content\\\/uploads\\\/2017\\\/09\\\/cropped-FORUM-ROZWOJU-MIAST-3.png\",\"contentUrl\":\"https:\\\/\\\/forumrozwojumiast.poznan.pl\\\/2017\\\/wp-content\\\/uploads\\\/2017\\\/09\\\/cropped-FORUM-ROZWOJU-MIAST-3.png\",\"width\":627,\"height\":250,\"caption\":\"Forum Rozwoju Miast\"},\"image\":{\"@id\":\"https:\\\/\\\/forumrozwojumiast.poznan.pl\\\/2017\\\/#\\\/schema\\\/logo\\\/image\\\/\"}}]}<\/script>\n<!-- \/ Yoast SEO plugin. -->","yoast_head_json":{"title":"Prawo do miasta - Forum Rozwoju Miast","robots":{"index":"index","follow":"follow","max-snippet":"max-snippet:-1","max-image-preview":"max-image-preview:large","max-video-preview":"max-video-preview:-1"},"canonical":"https:\/\/forumrozwojumiast.poznan.pl\/2017\/program\/prawo-do-miasta\/","og_locale":"pl_PL","og_type":"article","og_title":"Prawo do miasta - Forum Rozwoju Miast","og_description":"Abstract: Prawo do miasta W tym roku up\u0142ywa pi\u0119\u0107dziesi\u0105t lat od sformu\u0142owania po raz pierwszy prawa do miasta. Jest ono o tyle nietypowym prawem (prawem podmiotowym w szerszym znaczeniu, right, poj\u0119ciowo przeciwstawianym prawu przedmiotowemu, law \u2013 podmiotowym prawem publicznym), \u017ce zajmuj\u0105 si\u0119 nim g\u0142\u00f3wnie nieprawnicy: filozofowie, socjologowie, politologowie, geografowie, ekonomi\u015bci, architekci czy urbani\u015bci &#8211; a &hellip; Continue reading \"Prawo do miasta\"","og_url":"https:\/\/forumrozwojumiast.poznan.pl\/2017\/program\/prawo-do-miasta\/","og_site_name":"Forum Rozwoju Miast","article_modified_time":"2017-12-13T14:40:29+00:00","twitter_card":"summary_large_image","twitter_misc":{"Szacowany czas czytania":"2 minuty"},"schema":{"@context":"https:\/\/schema.org","@graph":[{"@type":"WebPage","@id":"https:\/\/forumrozwojumiast.poznan.pl\/2017\/program\/prawo-do-miasta\/","url":"https:\/\/forumrozwojumiast.poznan.pl\/2017\/program\/prawo-do-miasta\/","name":"Prawo do miasta - Forum Rozwoju Miast","isPartOf":{"@id":"https:\/\/forumrozwojumiast.poznan.pl\/2017\/#website"},"datePublished":"2017-10-12T09:49:03+00:00","dateModified":"2017-12-13T14:40:29+00:00","breadcrumb":{"@id":"https:\/\/forumrozwojumiast.poznan.pl\/2017\/program\/prawo-do-miasta\/#breadcrumb"},"inLanguage":"pl-PL","potentialAction":[{"@type":"ReadAction","target":["https:\/\/forumrozwojumiast.poznan.pl\/2017\/program\/prawo-do-miasta\/"]}]},{"@type":"BreadcrumbList","@id":"https:\/\/forumrozwojumiast.poznan.pl\/2017\/program\/prawo-do-miasta\/#breadcrumb","itemListElement":[{"@type":"ListItem","position":1,"name":"Strona g\u0142\u00f3wna","item":"https:\/\/forumrozwojumiast.poznan.pl\/2017\/"},{"@type":"ListItem","position":2,"name":"Program","item":"https:\/\/forumrozwojumiast.poznan.pl\/2017\/program\/"},{"@type":"ListItem","position":3,"name":"Prawo do miasta"}]},{"@type":"WebSite","@id":"https:\/\/forumrozwojumiast.poznan.pl\/2017\/#website","url":"https:\/\/forumrozwojumiast.poznan.pl\/2017\/","name":"Forum Rozwoju Miast","description":"Obywatelski wymiar strategicznego zarz\u0105dzania miastem","publisher":{"@id":"https:\/\/forumrozwojumiast.poznan.pl\/2017\/#organization"},"potentialAction":[{"@type":"SearchAction","target":{"@type":"EntryPoint","urlTemplate":"https:\/\/forumrozwojumiast.poznan.pl\/2017\/?s={search_term_string}"},"query-input":{"@type":"PropertyValueSpecification","valueRequired":true,"valueName":"search_term_string"}}],"inLanguage":"pl-PL"},{"@type":"Organization","@id":"https:\/\/forumrozwojumiast.poznan.pl\/2017\/#organization","name":"Forum Rozwoju Miast","url":"https:\/\/forumrozwojumiast.poznan.pl\/2017\/","logo":{"@type":"ImageObject","inLanguage":"pl-PL","@id":"https:\/\/forumrozwojumiast.poznan.pl\/2017\/#\/schema\/logo\/image\/","url":"https:\/\/forumrozwojumiast.poznan.pl\/2017\/wp-content\/uploads\/2017\/09\/cropped-FORUM-ROZWOJU-MIAST-3.png","contentUrl":"https:\/\/forumrozwojumiast.poznan.pl\/2017\/wp-content\/uploads\/2017\/09\/cropped-FORUM-ROZWOJU-MIAST-3.png","width":627,"height":250,"caption":"Forum Rozwoju Miast"},"image":{"@id":"https:\/\/forumrozwojumiast.poznan.pl\/2017\/#\/schema\/logo\/image\/"}}]}},"_links":{"self":[{"href":"https:\/\/forumrozwojumiast.poznan.pl\/2017\/wp-json\/wp\/v2\/pages\/1056","targetHints":{"allow":["GET"]}}],"collection":[{"href":"https:\/\/forumrozwojumiast.poznan.pl\/2017\/wp-json\/wp\/v2\/pages"}],"about":[{"href":"https:\/\/forumrozwojumiast.poznan.pl\/2017\/wp-json\/wp\/v2\/types\/page"}],"author":[{"embeddable":true,"href":"https:\/\/forumrozwojumiast.poznan.pl\/2017\/wp-json\/wp\/v2\/users\/1"}],"replies":[{"embeddable":true,"href":"https:\/\/forumrozwojumiast.poznan.pl\/2017\/wp-json\/wp\/v2\/comments?post=1056"}],"version-history":[{"count":5,"href":"https:\/\/forumrozwojumiast.poznan.pl\/2017\/wp-json\/wp\/v2\/pages\/1056\/revisions"}],"predecessor-version":[{"id":1569,"href":"https:\/\/forumrozwojumiast.poznan.pl\/2017\/wp-json\/wp\/v2\/pages\/1056\/revisions\/1569"}],"up":[{"embeddable":true,"href":"https:\/\/forumrozwojumiast.poznan.pl\/2017\/wp-json\/wp\/v2\/pages\/15"}],"wp:attachment":[{"href":"https:\/\/forumrozwojumiast.poznan.pl\/2017\/wp-json\/wp\/v2\/media?parent=1056"}],"curies":[{"name":"wp","href":"https:\/\/api.w.org\/{rel}","templated":true}]}}