{"id":1059,"date":"2017-10-12T11:50:44","date_gmt":"2017-10-12T09:50:44","guid":{"rendered":"https:\/\/forumrozwojumiast.poznan.pl\/2017\/?page_id=1059"},"modified":"2017-10-13T10:06:13","modified_gmt":"2017-10-13T08:06:13","slug":"zarzadzanie-plynnej-nowoczesnosci","status":"publish","type":"page","link":"https:\/\/forumrozwojumiast.poznan.pl\/2017\/program\/zarzadzanie-plynnej-nowoczesnosci\/","title":{"rendered":"Zarz\u0105dzanie w p\u0142ynnej nowoczesno\u015bci"},"content":{"rendered":"<p><strong>Abstract: Zarz\u0105dzanie w p\u0142ynnej nowoczesno\u015bci<\/strong><\/p>\n<p>P\u0142ynna nowoczesno\u015b\u0107 to diagnoza naszych czas\u00f3w wed\u0142ug Zygmunta Baumana, jednego z najwybitniejszych polskich socjolog\u00f3w. To \u015bwiat przepe\u0142niony niepewno\u015bci\u0105, w kt\u00f3rym coraz bardziej skraca si\u0119 horyzont trwania wszelkich instytucji, a dogmaty obowi\u0105zuj\u0105 wy\u0142\u0105cznie do ich niechybnego odwo\u0142ania. Zarz\u0105dzanie i socjologia to nauki tak blisko spokrewnione, \u017ce tylko kaprys historii odpowiada za ich rozdzielenie. Obie pr\u00f3buj\u0105 zrozumie\u0107 zachowanie ludzi jako istot spo\u0142ecznych, obie pr\u00f3buj\u0105 odnale\u017a\u0107 sposoby na trapi\u0105ce nasz\u0105 codzienno\u015b\u0107 bol\u0105czki, nawet je\u015bli u\u017cywaj\u0105 w tym celu nieco innego j\u0119zyka.<\/p>\n<p>W niniejszej prezentacji, opieraj\u0105c si\u0119 na dorobku socjologicznym Zygmunta Baumana i badaniach z dziedziny nauk o zarz\u0105dzani, spr\u00f3buj\u0119 odpowiedzie\u0107 na pytane jak budowa\u0107 trwa\u0142e i zr\u00f3wnowa\u017cone struktury organizacyjne w czasach niepewno\u015bci i czym mo\u017cna by zast\u0105pi\u0107 coraz wyra\u017aniej niewydolne tradycyjne modele zarz\u0105dzania organizacjami.<\/p>\n","protected":false},"excerpt":{"rendered":"<p>Abstract: Zarz\u0105dzanie w p\u0142ynnej nowoczesno\u015bci P\u0142ynna nowoczesno\u015b\u0107 to diagnoza naszych czas\u00f3w wed\u0142ug Zygmunta Baumana, jednego z najwybitniejszych polskich socjolog\u00f3w. To \u015bwiat przepe\u0142niony niepewno\u015bci\u0105, w kt\u00f3rym coraz bardziej skraca si\u0119 horyzont trwania wszelkich instytucji, a dogmaty obowi\u0105zuj\u0105 wy\u0142\u0105cznie do ich niechybnego odwo\u0142ania. Zarz\u0105dzanie i socjologia to nauki tak blisko spokrewnione, \u017ce tylko kaprys historii odpowiada za &hellip; <\/p>\n<p class=\"link-more\"><a href=\"https:\/\/forumrozwojumiast.poznan.pl\/2017\/program\/zarzadzanie-plynnej-nowoczesnosci\/\" class=\"more-link\">Continue reading<span class=\"screen-reader-text\"> &#8222;Zarz\u0105dzanie w p\u0142ynnej nowoczesno\u015bci&#8221;<\/span><\/a><\/p>\n","protected":false},"author":1,"featured_media":0,"parent":15,"menu_order":2,"comment_status":"closed","ping_status":"closed","template":"","meta":{"_acf_changed":false,"inline_featured_image":false,"ngg_post_thumbnail":0,"footnotes":""},"class_list":["post-1059","page","type-page","status-publish","hentry"],"acf":[],"yoast_head":"<!-- This site is optimized with the Yoast SEO plugin v27.3 - https:\/\/yoast.com\/product\/yoast-seo-wordpress\/ -->\n<title>Zarz\u0105dzanie w p\u0142ynnej nowoczesno\u015bci - Forum Rozwoju Miast<\/title>\n<meta name=\"robots\" content=\"index, follow, max-snippet:-1, max-image-preview:large, max-video-preview:-1\" \/>\n<link rel=\"canonical\" href=\"https:\/\/forumrozwojumiast.poznan.pl\/2017\/program\/zarzadzanie-plynnej-nowoczesnosci\/\" \/>\n<meta property=\"og:locale\" content=\"pl_PL\" \/>\n<meta property=\"og:type\" content=\"article\" \/>\n<meta property=\"og:title\" content=\"Zarz\u0105dzanie w p\u0142ynnej nowoczesno\u015bci - Forum Rozwoju Miast\" \/>\n<meta property=\"og:description\" content=\"Abstract: Zarz\u0105dzanie w p\u0142ynnej nowoczesno\u015bci P\u0142ynna nowoczesno\u015b\u0107 to diagnoza naszych czas\u00f3w wed\u0142ug Zygmunta Baumana, jednego z najwybitniejszych polskich socjolog\u00f3w. To \u015bwiat przepe\u0142niony niepewno\u015bci\u0105, w kt\u00f3rym coraz bardziej skraca si\u0119 horyzont trwania wszelkich instytucji, a dogmaty obowi\u0105zuj\u0105 wy\u0142\u0105cznie do ich niechybnego odwo\u0142ania. Zarz\u0105dzanie i socjologia to nauki tak blisko spokrewnione, \u017ce tylko kaprys historii odpowiada za &hellip; Continue reading &quot;Zarz\u0105dzanie w p\u0142ynnej nowoczesno\u015bci&quot;\" \/>\n<meta property=\"og:url\" content=\"https:\/\/forumrozwojumiast.poznan.pl\/2017\/program\/zarzadzanie-plynnej-nowoczesnosci\/\" \/>\n<meta property=\"og:site_name\" content=\"Forum Rozwoju Miast\" \/>\n<meta property=\"article:modified_time\" content=\"2017-10-13T08:06:13+00:00\" \/>\n<meta name=\"twitter:card\" content=\"summary_large_image\" \/>\n<meta name=\"twitter:label1\" content=\"Szacowany czas czytania\" \/>\n\t<meta name=\"twitter:data1\" content=\"1 minuta\" \/>\n<script type=\"application\/ld+json\" class=\"yoast-schema-graph\">{\"@context\":\"https:\\\/\\\/schema.org\",\"@graph\":[{\"@type\":\"WebPage\",\"@id\":\"https:\\\/\\\/forumrozwojumiast.poznan.pl\\\/2017\\\/program\\\/zarzadzanie-plynnej-nowoczesnosci\\\/\",\"url\":\"https:\\\/\\\/forumrozwojumiast.poznan.pl\\\/2017\\\/program\\\/zarzadzanie-plynnej-nowoczesnosci\\\/\",\"name\":\"Zarz\u0105dzanie w p\u0142ynnej nowoczesno\u015bci - Forum Rozwoju Miast\",\"isPartOf\":{\"@id\":\"https:\\\/\\\/forumrozwojumiast.poznan.pl\\\/2017\\\/#website\"},\"datePublished\":\"2017-10-12T09:50:44+00:00\",\"dateModified\":\"2017-10-13T08:06:13+00:00\",\"breadcrumb\":{\"@id\":\"https:\\\/\\\/forumrozwojumiast.poznan.pl\\\/2017\\\/program\\\/zarzadzanie-plynnej-nowoczesnosci\\\/#breadcrumb\"},\"inLanguage\":\"pl-PL\",\"potentialAction\":[{\"@type\":\"ReadAction\",\"target\":[\"https:\\\/\\\/forumrozwojumiast.poznan.pl\\\/2017\\\/program\\\/zarzadzanie-plynnej-nowoczesnosci\\\/\"]}]},{\"@type\":\"BreadcrumbList\",\"@id\":\"https:\\\/\\\/forumrozwojumiast.poznan.pl\\\/2017\\\/program\\\/zarzadzanie-plynnej-nowoczesnosci\\\/#breadcrumb\",\"itemListElement\":[{\"@type\":\"ListItem\",\"position\":1,\"name\":\"Strona g\u0142\u00f3wna\",\"item\":\"https:\\\/\\\/forumrozwojumiast.poznan.pl\\\/2017\\\/\"},{\"@type\":\"ListItem\",\"position\":2,\"name\":\"Program\",\"item\":\"https:\\\/\\\/forumrozwojumiast.poznan.pl\\\/2017\\\/program\\\/\"},{\"@type\":\"ListItem\",\"position\":3,\"name\":\"Zarz\u0105dzanie w p\u0142ynnej nowoczesno\u015bci\"}]},{\"@type\":\"WebSite\",\"@id\":\"https:\\\/\\\/forumrozwojumiast.poznan.pl\\\/2017\\\/#website\",\"url\":\"https:\\\/\\\/forumrozwojumiast.poznan.pl\\\/2017\\\/\",\"name\":\"Forum Rozwoju Miast\",\"description\":\"Obywatelski wymiar strategicznego zarz\u0105dzania miastem\",\"publisher\":{\"@id\":\"https:\\\/\\\/forumrozwojumiast.poznan.pl\\\/2017\\\/#organization\"},\"potentialAction\":[{\"@type\":\"SearchAction\",\"target\":{\"@type\":\"EntryPoint\",\"urlTemplate\":\"https:\\\/\\\/forumrozwojumiast.poznan.pl\\\/2017\\\/?s={search_term_string}\"},\"query-input\":{\"@type\":\"PropertyValueSpecification\",\"valueRequired\":true,\"valueName\":\"search_term_string\"}}],\"inLanguage\":\"pl-PL\"},{\"@type\":\"Organization\",\"@id\":\"https:\\\/\\\/forumrozwojumiast.poznan.pl\\\/2017\\\/#organization\",\"name\":\"Forum Rozwoju Miast\",\"url\":\"https:\\\/\\\/forumrozwojumiast.poznan.pl\\\/2017\\\/\",\"logo\":{\"@type\":\"ImageObject\",\"inLanguage\":\"pl-PL\",\"@id\":\"https:\\\/\\\/forumrozwojumiast.poznan.pl\\\/2017\\\/#\\\/schema\\\/logo\\\/image\\\/\",\"url\":\"https:\\\/\\\/forumrozwojumiast.poznan.pl\\\/2017\\\/wp-content\\\/uploads\\\/2017\\\/09\\\/cropped-FORUM-ROZWOJU-MIAST-3.png\",\"contentUrl\":\"https:\\\/\\\/forumrozwojumiast.poznan.pl\\\/2017\\\/wp-content\\\/uploads\\\/2017\\\/09\\\/cropped-FORUM-ROZWOJU-MIAST-3.png\",\"width\":627,\"height\":250,\"caption\":\"Forum Rozwoju Miast\"},\"image\":{\"@id\":\"https:\\\/\\\/forumrozwojumiast.poznan.pl\\\/2017\\\/#\\\/schema\\\/logo\\\/image\\\/\"}}]}<\/script>\n<!-- \/ Yoast SEO plugin. -->","yoast_head_json":{"title":"Zarz\u0105dzanie w p\u0142ynnej nowoczesno\u015bci - Forum Rozwoju Miast","robots":{"index":"index","follow":"follow","max-snippet":"max-snippet:-1","max-image-preview":"max-image-preview:large","max-video-preview":"max-video-preview:-1"},"canonical":"https:\/\/forumrozwojumiast.poznan.pl\/2017\/program\/zarzadzanie-plynnej-nowoczesnosci\/","og_locale":"pl_PL","og_type":"article","og_title":"Zarz\u0105dzanie w p\u0142ynnej nowoczesno\u015bci - Forum Rozwoju Miast","og_description":"Abstract: Zarz\u0105dzanie w p\u0142ynnej nowoczesno\u015bci P\u0142ynna nowoczesno\u015b\u0107 to diagnoza naszych czas\u00f3w wed\u0142ug Zygmunta Baumana, jednego z najwybitniejszych polskich socjolog\u00f3w. To \u015bwiat przepe\u0142niony niepewno\u015bci\u0105, w kt\u00f3rym coraz bardziej skraca si\u0119 horyzont trwania wszelkich instytucji, a dogmaty obowi\u0105zuj\u0105 wy\u0142\u0105cznie do ich niechybnego odwo\u0142ania. Zarz\u0105dzanie i socjologia to nauki tak blisko spokrewnione, \u017ce tylko kaprys historii odpowiada za &hellip; Continue reading \"Zarz\u0105dzanie w p\u0142ynnej nowoczesno\u015bci\"","og_url":"https:\/\/forumrozwojumiast.poznan.pl\/2017\/program\/zarzadzanie-plynnej-nowoczesnosci\/","og_site_name":"Forum Rozwoju Miast","article_modified_time":"2017-10-13T08:06:13+00:00","twitter_card":"summary_large_image","twitter_misc":{"Szacowany czas czytania":"1 minuta"},"schema":{"@context":"https:\/\/schema.org","@graph":[{"@type":"WebPage","@id":"https:\/\/forumrozwojumiast.poznan.pl\/2017\/program\/zarzadzanie-plynnej-nowoczesnosci\/","url":"https:\/\/forumrozwojumiast.poznan.pl\/2017\/program\/zarzadzanie-plynnej-nowoczesnosci\/","name":"Zarz\u0105dzanie w p\u0142ynnej nowoczesno\u015bci - Forum Rozwoju Miast","isPartOf":{"@id":"https:\/\/forumrozwojumiast.poznan.pl\/2017\/#website"},"datePublished":"2017-10-12T09:50:44+00:00","dateModified":"2017-10-13T08:06:13+00:00","breadcrumb":{"@id":"https:\/\/forumrozwojumiast.poznan.pl\/2017\/program\/zarzadzanie-plynnej-nowoczesnosci\/#breadcrumb"},"inLanguage":"pl-PL","potentialAction":[{"@type":"ReadAction","target":["https:\/\/forumrozwojumiast.poznan.pl\/2017\/program\/zarzadzanie-plynnej-nowoczesnosci\/"]}]},{"@type":"BreadcrumbList","@id":"https:\/\/forumrozwojumiast.poznan.pl\/2017\/program\/zarzadzanie-plynnej-nowoczesnosci\/#breadcrumb","itemListElement":[{"@type":"ListItem","position":1,"name":"Strona g\u0142\u00f3wna","item":"https:\/\/forumrozwojumiast.poznan.pl\/2017\/"},{"@type":"ListItem","position":2,"name":"Program","item":"https:\/\/forumrozwojumiast.poznan.pl\/2017\/program\/"},{"@type":"ListItem","position":3,"name":"Zarz\u0105dzanie w p\u0142ynnej nowoczesno\u015bci"}]},{"@type":"WebSite","@id":"https:\/\/forumrozwojumiast.poznan.pl\/2017\/#website","url":"https:\/\/forumrozwojumiast.poznan.pl\/2017\/","name":"Forum Rozwoju Miast","description":"Obywatelski wymiar strategicznego zarz\u0105dzania miastem","publisher":{"@id":"https:\/\/forumrozwojumiast.poznan.pl\/2017\/#organization"},"potentialAction":[{"@type":"SearchAction","target":{"@type":"EntryPoint","urlTemplate":"https:\/\/forumrozwojumiast.poznan.pl\/2017\/?s={search_term_string}"},"query-input":{"@type":"PropertyValueSpecification","valueRequired":true,"valueName":"search_term_string"}}],"inLanguage":"pl-PL"},{"@type":"Organization","@id":"https:\/\/forumrozwojumiast.poznan.pl\/2017\/#organization","name":"Forum Rozwoju Miast","url":"https:\/\/forumrozwojumiast.poznan.pl\/2017\/","logo":{"@type":"ImageObject","inLanguage":"pl-PL","@id":"https:\/\/forumrozwojumiast.poznan.pl\/2017\/#\/schema\/logo\/image\/","url":"https:\/\/forumrozwojumiast.poznan.pl\/2017\/wp-content\/uploads\/2017\/09\/cropped-FORUM-ROZWOJU-MIAST-3.png","contentUrl":"https:\/\/forumrozwojumiast.poznan.pl\/2017\/wp-content\/uploads\/2017\/09\/cropped-FORUM-ROZWOJU-MIAST-3.png","width":627,"height":250,"caption":"Forum Rozwoju Miast"},"image":{"@id":"https:\/\/forumrozwojumiast.poznan.pl\/2017\/#\/schema\/logo\/image\/"}}]}},"_links":{"self":[{"href":"https:\/\/forumrozwojumiast.poznan.pl\/2017\/wp-json\/wp\/v2\/pages\/1059","targetHints":{"allow":["GET"]}}],"collection":[{"href":"https:\/\/forumrozwojumiast.poznan.pl\/2017\/wp-json\/wp\/v2\/pages"}],"about":[{"href":"https:\/\/forumrozwojumiast.poznan.pl\/2017\/wp-json\/wp\/v2\/types\/page"}],"author":[{"embeddable":true,"href":"https:\/\/forumrozwojumiast.poznan.pl\/2017\/wp-json\/wp\/v2\/users\/1"}],"replies":[{"embeddable":true,"href":"https:\/\/forumrozwojumiast.poznan.pl\/2017\/wp-json\/wp\/v2\/comments?post=1059"}],"version-history":[{"count":3,"href":"https:\/\/forumrozwojumiast.poznan.pl\/2017\/wp-json\/wp\/v2\/pages\/1059\/revisions"}],"predecessor-version":[{"id":1181,"href":"https:\/\/forumrozwojumiast.poznan.pl\/2017\/wp-json\/wp\/v2\/pages\/1059\/revisions\/1181"}],"up":[{"embeddable":true,"href":"https:\/\/forumrozwojumiast.poznan.pl\/2017\/wp-json\/wp\/v2\/pages\/15"}],"wp:attachment":[{"href":"https:\/\/forumrozwojumiast.poznan.pl\/2017\/wp-json\/wp\/v2\/media?parent=1059"}],"curies":[{"name":"wp","href":"https:\/\/api.w.org\/{rel}","templated":true}]}}