{"id":1062,"date":"2017-10-12T11:52:18","date_gmt":"2017-10-12T09:52:18","guid":{"rendered":"https:\/\/forumrozwojumiast.poznan.pl\/2017\/?page_id=1062"},"modified":"2017-12-12T15:34:21","modified_gmt":"2017-12-12T14:34:21","slug":"programowanie-kodowanie-rozwoj-kompetencji-mlodego-pokolenia","status":"publish","type":"page","link":"https:\/\/forumrozwojumiast.poznan.pl\/2017\/program\/programowanie-kodowanie-rozwoj-kompetencji-mlodego-pokolenia\/","title":{"rendered":"\u201eProgramowanie\u201d czy \u201ekodowanie\u201d \u2013 rozw\u00f3j kompetencji m\u0142odego pokolenia"},"content":{"rendered":"<p><strong>Abstract: \u201eProgramowanie\u201d czy \u201ekodowanie\u201d \u2013 rozw\u00f3j kompetencji m\u0142odego pokolenia<\/strong><\/p>\n<p>Nowe technologie i Internet sta\u0142y si\u0119 nieod\u0142\u0105czn\u0105 cz\u0119\u015bci\u0105 wsp\u00f3\u0142czesnego \u015bwiata, a ich rozw\u00f3j wyra\u017anie oddzia\u0142uje na ka\u017cdego z nas. Naturalnym dzi\u015b \u015brodowiskiem dla Homo sapiens jest rzeczywisto\u015b\u0107 cyfrowo wzbogacona. W szybkim tempie zmienia si\u0119 rynek pracy, a o sukcesie decydowa\u0107 zaczyna nie tyle zdobyta i&nbsp; poparta dyplomem wiedza, co umiej\u0119tno\u015b\u0107 sprawnego poruszania si\u0119 w \u015bwiecie nadmiaru informacji, zdolno\u015b\u0107 krytycznego my\u015blenia, a tak\u017ce najwa\u017cniejsza waluta &#8211; kreatywno\u015b\u0107.<\/p>\n<p>W \u015bwiecie komunikuj\u0105cych si\u0119 ze sob\u0105 urz\u0105dze\u0144, rozszerzonej rzeczywisto\u015bci i rozwijaj\u0105cej si\u0119 sztucznej inteligencji pojawia si\u0119 te\u017c przed cz\u0142owiekiem nowe wyzwanie. Obok znajomo\u015bci swojego ojczystego j\u0119zyka i&nbsp; j\u0119zyka obcego (w coraz bardziej mobilnym \u015bwiecie) wymogiem staje si\u0119 znajomo\u015b\u0107 kodu komunikuj\u0105cych si\u0119 ze sob\u0105 aplikacji i urz\u0105dze\u0144.<\/p>\n<p>Kodowanie i programowanie \u2013 trzeci j\u0119zyk \u015bwiata, podbija dzi\u015b nie tylko obszar edukacji. Daje unikaln\u0105 mo\u017cliwo\u015b\u0107 kreowania rzeczywisto\u015bci, wyzwala energi\u0119 w m\u0142odych, uruchamia niestandardowe my\u015blenie.<\/p>\n<p>M\u0142ode pokolenie (digital natives) nie zna innego \u015bwiata i innego \u015bwiata po prostu nie b\u0119dzie. Akceptuj\u0105c t\u0119 prawd\u0119 spr\u00f3bujmy zastanowi\u0107 si\u0119, jak wykorzysta\u0107 t\u0119 cywilizacyjn\u0105 szans\u0119 na lepszy start, lepsz\u0105 przysz\u0142o\u015b\u0107, nie tylko dla najm\u0142odszych.<\/p>\n<div class=\"su-document su-u-responsive-media-yes\"><iframe loading=\"lazy\" src=\"\/\/docs.google.com\/viewer?embedded=true&url=https:\/\/forumrozwojumiast.poznan.pl\/2017\/wp-content\/uploads\/2017\/12\/e-krupa_kodowanie-czy-programowanie.pptx\" width=\"600\" height=\"400\" class=\"su-document\" title=\"\"><\/iframe><\/div>\n","protected":false},"excerpt":{"rendered":"<p>Abstract: \u201eProgramowanie\u201d czy \u201ekodowanie\u201d \u2013 rozw\u00f3j kompetencji m\u0142odego pokolenia Nowe technologie i Internet sta\u0142y si\u0119 nieod\u0142\u0105czn\u0105 cz\u0119\u015bci\u0105 wsp\u00f3\u0142czesnego \u015bwiata, a ich rozw\u00f3j wyra\u017anie oddzia\u0142uje na ka\u017cdego z nas. Naturalnym dzi\u015b \u015brodowiskiem dla Homo sapiens jest rzeczywisto\u015b\u0107 cyfrowo wzbogacona. W szybkim tempie zmienia si\u0119 rynek pracy, a o sukcesie decydowa\u0107 zaczyna nie tyle zdobyta i&nbsp; poparta &hellip; <\/p>\n<p class=\"link-more\"><a href=\"https:\/\/forumrozwojumiast.poznan.pl\/2017\/program\/programowanie-kodowanie-rozwoj-kompetencji-mlodego-pokolenia\/\" class=\"more-link\">Continue reading<span class=\"screen-reader-text\"> &#8222;\u201eProgramowanie\u201d czy \u201ekodowanie\u201d \u2013 rozw\u00f3j kompetencji m\u0142odego pokolenia&#8221;<\/span><\/a><\/p>\n","protected":false},"author":1,"featured_media":0,"parent":15,"menu_order":0,"comment_status":"closed","ping_status":"closed","template":"","meta":{"_acf_changed":false,"inline_featured_image":false,"ngg_post_thumbnail":0,"footnotes":""},"class_list":["post-1062","page","type-page","status-publish","hentry"],"acf":[],"yoast_head":"<!-- This site is optimized with the Yoast SEO plugin v27.4 - https:\/\/yoast.com\/product\/yoast-seo-wordpress\/ -->\n<title>\u201eProgramowanie\u201d czy \u201ekodowanie\u201d \u2013 rozw\u00f3j kompetencji m\u0142odego pokolenia - Forum Rozwoju Miast<\/title>\n<meta name=\"robots\" content=\"index, follow, max-snippet:-1, max-image-preview:large, max-video-preview:-1\" \/>\n<link rel=\"canonical\" href=\"https:\/\/forumrozwojumiast.poznan.pl\/2017\/program\/programowanie-kodowanie-rozwoj-kompetencji-mlodego-pokolenia\/\" \/>\n<meta property=\"og:locale\" content=\"pl_PL\" \/>\n<meta property=\"og:type\" content=\"article\" \/>\n<meta property=\"og:title\" content=\"\u201eProgramowanie\u201d czy \u201ekodowanie\u201d \u2013 rozw\u00f3j kompetencji m\u0142odego pokolenia - Forum Rozwoju Miast\" \/>\n<meta property=\"og:description\" content=\"Abstract: \u201eProgramowanie\u201d czy \u201ekodowanie\u201d \u2013 rozw\u00f3j kompetencji m\u0142odego pokolenia Nowe technologie i Internet sta\u0142y si\u0119 nieod\u0142\u0105czn\u0105 cz\u0119\u015bci\u0105 wsp\u00f3\u0142czesnego \u015bwiata, a ich rozw\u00f3j wyra\u017anie oddzia\u0142uje na ka\u017cdego z nas. Naturalnym dzi\u015b \u015brodowiskiem dla Homo sapiens jest rzeczywisto\u015b\u0107 cyfrowo wzbogacona. W szybkim tempie zmienia si\u0119 rynek pracy, a o sukcesie decydowa\u0107 zaczyna nie tyle zdobyta i&nbsp; poparta &hellip; Continue reading &quot;\u201eProgramowanie\u201d czy \u201ekodowanie\u201d \u2013 rozw\u00f3j kompetencji m\u0142odego pokolenia&quot;\" \/>\n<meta property=\"og:url\" content=\"https:\/\/forumrozwojumiast.poznan.pl\/2017\/program\/programowanie-kodowanie-rozwoj-kompetencji-mlodego-pokolenia\/\" \/>\n<meta property=\"og:site_name\" content=\"Forum Rozwoju Miast\" \/>\n<meta property=\"article:modified_time\" content=\"2017-12-12T14:34:21+00:00\" \/>\n<meta name=\"twitter:card\" content=\"summary_large_image\" \/>\n<meta name=\"twitter:label1\" content=\"Szacowany czas czytania\" \/>\n\t<meta name=\"twitter:data1\" content=\"1 minuta\" \/>\n<script type=\"application\/ld+json\" class=\"yoast-schema-graph\">{\"@context\":\"https:\\\/\\\/schema.org\",\"@graph\":[{\"@type\":\"WebPage\",\"@id\":\"https:\\\/\\\/forumrozwojumiast.poznan.pl\\\/2017\\\/program\\\/programowanie-kodowanie-rozwoj-kompetencji-mlodego-pokolenia\\\/\",\"url\":\"https:\\\/\\\/forumrozwojumiast.poznan.pl\\\/2017\\\/program\\\/programowanie-kodowanie-rozwoj-kompetencji-mlodego-pokolenia\\\/\",\"name\":\"\u201eProgramowanie\u201d czy \u201ekodowanie\u201d \u2013 rozw\u00f3j kompetencji m\u0142odego pokolenia - Forum Rozwoju Miast\",\"isPartOf\":{\"@id\":\"https:\\\/\\\/forumrozwojumiast.poznan.pl\\\/2017\\\/#website\"},\"datePublished\":\"2017-10-12T09:52:18+00:00\",\"dateModified\":\"2017-12-12T14:34:21+00:00\",\"breadcrumb\":{\"@id\":\"https:\\\/\\\/forumrozwojumiast.poznan.pl\\\/2017\\\/program\\\/programowanie-kodowanie-rozwoj-kompetencji-mlodego-pokolenia\\\/#breadcrumb\"},\"inLanguage\":\"pl-PL\",\"potentialAction\":[{\"@type\":\"ReadAction\",\"target\":[\"https:\\\/\\\/forumrozwojumiast.poznan.pl\\\/2017\\\/program\\\/programowanie-kodowanie-rozwoj-kompetencji-mlodego-pokolenia\\\/\"]}]},{\"@type\":\"BreadcrumbList\",\"@id\":\"https:\\\/\\\/forumrozwojumiast.poznan.pl\\\/2017\\\/program\\\/programowanie-kodowanie-rozwoj-kompetencji-mlodego-pokolenia\\\/#breadcrumb\",\"itemListElement\":[{\"@type\":\"ListItem\",\"position\":1,\"name\":\"Strona g\u0142\u00f3wna\",\"item\":\"https:\\\/\\\/forumrozwojumiast.poznan.pl\\\/2017\\\/\"},{\"@type\":\"ListItem\",\"position\":2,\"name\":\"Program\",\"item\":\"https:\\\/\\\/forumrozwojumiast.poznan.pl\\\/2017\\\/program\\\/\"},{\"@type\":\"ListItem\",\"position\":3,\"name\":\"\u201eProgramowanie\u201d czy \u201ekodowanie\u201d \u2013 rozw\u00f3j kompetencji m\u0142odego pokolenia\"}]},{\"@type\":\"WebSite\",\"@id\":\"https:\\\/\\\/forumrozwojumiast.poznan.pl\\\/2017\\\/#website\",\"url\":\"https:\\\/\\\/forumrozwojumiast.poznan.pl\\\/2017\\\/\",\"name\":\"Forum Rozwoju Miast\",\"description\":\"Obywatelski wymiar strategicznego zarz\u0105dzania miastem\",\"publisher\":{\"@id\":\"https:\\\/\\\/forumrozwojumiast.poznan.pl\\\/2017\\\/#organization\"},\"potentialAction\":[{\"@type\":\"SearchAction\",\"target\":{\"@type\":\"EntryPoint\",\"urlTemplate\":\"https:\\\/\\\/forumrozwojumiast.poznan.pl\\\/2017\\\/?s={search_term_string}\"},\"query-input\":{\"@type\":\"PropertyValueSpecification\",\"valueRequired\":true,\"valueName\":\"search_term_string\"}}],\"inLanguage\":\"pl-PL\"},{\"@type\":\"Organization\",\"@id\":\"https:\\\/\\\/forumrozwojumiast.poznan.pl\\\/2017\\\/#organization\",\"name\":\"Forum Rozwoju Miast\",\"url\":\"https:\\\/\\\/forumrozwojumiast.poznan.pl\\\/2017\\\/\",\"logo\":{\"@type\":\"ImageObject\",\"inLanguage\":\"pl-PL\",\"@id\":\"https:\\\/\\\/forumrozwojumiast.poznan.pl\\\/2017\\\/#\\\/schema\\\/logo\\\/image\\\/\",\"url\":\"https:\\\/\\\/forumrozwojumiast.poznan.pl\\\/2017\\\/wp-content\\\/uploads\\\/2017\\\/09\\\/cropped-FORUM-ROZWOJU-MIAST-3.png\",\"contentUrl\":\"https:\\\/\\\/forumrozwojumiast.poznan.pl\\\/2017\\\/wp-content\\\/uploads\\\/2017\\\/09\\\/cropped-FORUM-ROZWOJU-MIAST-3.png\",\"width\":627,\"height\":250,\"caption\":\"Forum Rozwoju Miast\"},\"image\":{\"@id\":\"https:\\\/\\\/forumrozwojumiast.poznan.pl\\\/2017\\\/#\\\/schema\\\/logo\\\/image\\\/\"}}]}<\/script>\n<!-- \/ Yoast SEO plugin. -->","yoast_head_json":{"title":"\u201eProgramowanie\u201d czy \u201ekodowanie\u201d \u2013 rozw\u00f3j kompetencji m\u0142odego pokolenia - Forum Rozwoju Miast","robots":{"index":"index","follow":"follow","max-snippet":"max-snippet:-1","max-image-preview":"max-image-preview:large","max-video-preview":"max-video-preview:-1"},"canonical":"https:\/\/forumrozwojumiast.poznan.pl\/2017\/program\/programowanie-kodowanie-rozwoj-kompetencji-mlodego-pokolenia\/","og_locale":"pl_PL","og_type":"article","og_title":"\u201eProgramowanie\u201d czy \u201ekodowanie\u201d \u2013 rozw\u00f3j kompetencji m\u0142odego pokolenia - Forum Rozwoju Miast","og_description":"Abstract: \u201eProgramowanie\u201d czy \u201ekodowanie\u201d \u2013 rozw\u00f3j kompetencji m\u0142odego pokolenia Nowe technologie i Internet sta\u0142y si\u0119 nieod\u0142\u0105czn\u0105 cz\u0119\u015bci\u0105 wsp\u00f3\u0142czesnego \u015bwiata, a ich rozw\u00f3j wyra\u017anie oddzia\u0142uje na ka\u017cdego z nas. Naturalnym dzi\u015b \u015brodowiskiem dla Homo sapiens jest rzeczywisto\u015b\u0107 cyfrowo wzbogacona. W szybkim tempie zmienia si\u0119 rynek pracy, a o sukcesie decydowa\u0107 zaczyna nie tyle zdobyta i&nbsp; poparta &hellip; Continue reading \"\u201eProgramowanie\u201d czy \u201ekodowanie\u201d \u2013 rozw\u00f3j kompetencji m\u0142odego pokolenia\"","og_url":"https:\/\/forumrozwojumiast.poznan.pl\/2017\/program\/programowanie-kodowanie-rozwoj-kompetencji-mlodego-pokolenia\/","og_site_name":"Forum Rozwoju Miast","article_modified_time":"2017-12-12T14:34:21+00:00","twitter_card":"summary_large_image","twitter_misc":{"Szacowany czas czytania":"1 minuta"},"schema":{"@context":"https:\/\/schema.org","@graph":[{"@type":"WebPage","@id":"https:\/\/forumrozwojumiast.poznan.pl\/2017\/program\/programowanie-kodowanie-rozwoj-kompetencji-mlodego-pokolenia\/","url":"https:\/\/forumrozwojumiast.poznan.pl\/2017\/program\/programowanie-kodowanie-rozwoj-kompetencji-mlodego-pokolenia\/","name":"\u201eProgramowanie\u201d czy \u201ekodowanie\u201d \u2013 rozw\u00f3j kompetencji m\u0142odego pokolenia - Forum Rozwoju Miast","isPartOf":{"@id":"https:\/\/forumrozwojumiast.poznan.pl\/2017\/#website"},"datePublished":"2017-10-12T09:52:18+00:00","dateModified":"2017-12-12T14:34:21+00:00","breadcrumb":{"@id":"https:\/\/forumrozwojumiast.poznan.pl\/2017\/program\/programowanie-kodowanie-rozwoj-kompetencji-mlodego-pokolenia\/#breadcrumb"},"inLanguage":"pl-PL","potentialAction":[{"@type":"ReadAction","target":["https:\/\/forumrozwojumiast.poznan.pl\/2017\/program\/programowanie-kodowanie-rozwoj-kompetencji-mlodego-pokolenia\/"]}]},{"@type":"BreadcrumbList","@id":"https:\/\/forumrozwojumiast.poznan.pl\/2017\/program\/programowanie-kodowanie-rozwoj-kompetencji-mlodego-pokolenia\/#breadcrumb","itemListElement":[{"@type":"ListItem","position":1,"name":"Strona g\u0142\u00f3wna","item":"https:\/\/forumrozwojumiast.poznan.pl\/2017\/"},{"@type":"ListItem","position":2,"name":"Program","item":"https:\/\/forumrozwojumiast.poznan.pl\/2017\/program\/"},{"@type":"ListItem","position":3,"name":"\u201eProgramowanie\u201d czy \u201ekodowanie\u201d \u2013 rozw\u00f3j kompetencji m\u0142odego pokolenia"}]},{"@type":"WebSite","@id":"https:\/\/forumrozwojumiast.poznan.pl\/2017\/#website","url":"https:\/\/forumrozwojumiast.poznan.pl\/2017\/","name":"Forum Rozwoju Miast","description":"Obywatelski wymiar strategicznego zarz\u0105dzania miastem","publisher":{"@id":"https:\/\/forumrozwojumiast.poznan.pl\/2017\/#organization"},"potentialAction":[{"@type":"SearchAction","target":{"@type":"EntryPoint","urlTemplate":"https:\/\/forumrozwojumiast.poznan.pl\/2017\/?s={search_term_string}"},"query-input":{"@type":"PropertyValueSpecification","valueRequired":true,"valueName":"search_term_string"}}],"inLanguage":"pl-PL"},{"@type":"Organization","@id":"https:\/\/forumrozwojumiast.poznan.pl\/2017\/#organization","name":"Forum Rozwoju Miast","url":"https:\/\/forumrozwojumiast.poznan.pl\/2017\/","logo":{"@type":"ImageObject","inLanguage":"pl-PL","@id":"https:\/\/forumrozwojumiast.poznan.pl\/2017\/#\/schema\/logo\/image\/","url":"https:\/\/forumrozwojumiast.poznan.pl\/2017\/wp-content\/uploads\/2017\/09\/cropped-FORUM-ROZWOJU-MIAST-3.png","contentUrl":"https:\/\/forumrozwojumiast.poznan.pl\/2017\/wp-content\/uploads\/2017\/09\/cropped-FORUM-ROZWOJU-MIAST-3.png","width":627,"height":250,"caption":"Forum Rozwoju Miast"},"image":{"@id":"https:\/\/forumrozwojumiast.poznan.pl\/2017\/#\/schema\/logo\/image\/"}}]}},"_links":{"self":[{"href":"https:\/\/forumrozwojumiast.poznan.pl\/2017\/wp-json\/wp\/v2\/pages\/1062","targetHints":{"allow":["GET"]}}],"collection":[{"href":"https:\/\/forumrozwojumiast.poznan.pl\/2017\/wp-json\/wp\/v2\/pages"}],"about":[{"href":"https:\/\/forumrozwojumiast.poznan.pl\/2017\/wp-json\/wp\/v2\/types\/page"}],"author":[{"embeddable":true,"href":"https:\/\/forumrozwojumiast.poznan.pl\/2017\/wp-json\/wp\/v2\/users\/1"}],"replies":[{"embeddable":true,"href":"https:\/\/forumrozwojumiast.poznan.pl\/2017\/wp-json\/wp\/v2\/comments?post=1062"}],"version-history":[{"count":4,"href":"https:\/\/forumrozwojumiast.poznan.pl\/2017\/wp-json\/wp\/v2\/pages\/1062\/revisions"}],"predecessor-version":[{"id":1526,"href":"https:\/\/forumrozwojumiast.poznan.pl\/2017\/wp-json\/wp\/v2\/pages\/1062\/revisions\/1526"}],"up":[{"embeddable":true,"href":"https:\/\/forumrozwojumiast.poznan.pl\/2017\/wp-json\/wp\/v2\/pages\/15"}],"wp:attachment":[{"href":"https:\/\/forumrozwojumiast.poznan.pl\/2017\/wp-json\/wp\/v2\/media?parent=1062"}],"curies":[{"name":"wp","href":"https:\/\/api.w.org\/{rel}","templated":true}]}}