{"id":1065,"date":"2017-10-12T11:53:33","date_gmt":"2017-10-12T09:53:33","guid":{"rendered":"https:\/\/forumrozwojumiast.poznan.pl\/2017\/?page_id=1065"},"modified":"2017-10-12T11:53:33","modified_gmt":"2017-10-12T09:53:33","slug":"rozwoj-inteligentnego-miasta-wykorzystaniem-podejscia-citizen-science","status":"publish","type":"page","link":"https:\/\/forumrozwojumiast.poznan.pl\/2017\/program\/rozwoj-inteligentnego-miasta-wykorzystaniem-podejscia-citizen-science\/","title":{"rendered":"Rozw\u00f3j inteligentnego miasta z wykorzystaniem podej\u015bcia Citizen Science"},"content":{"rendered":"<p><strong>Abstract: Rozw\u00f3j inteligentnego miasta z wykorzystaniem podej\u015bcia Citizen Science<\/strong><\/p>\n<p>Rozw\u00f3j nowoczesnych miast jest w ostatnich latach silnie uzale\u017cniony od potencja\u0142u zaawansowanych technologii jakim one dysponuj\u0105, w szczeg\u00f3lno\u015bci od Technologii Informacyjno &#8211; Komunikacyjnych (ang. ICT &#8211; Information and Communication Technology). W ostatnich latach stanowi\u0105 one czynnik kluczowy dla rozwoju wielu dziedzin \u017cycia, m.in. nauki, zdrowia, edukacji, przemys\u0142u i gospodarki.\u00a0 Technologie te przenikn\u0119\u0142y jednocze\u015bnie do codziennego \u017cycia spo\u0142ecze\u0144stwa asymiluj\u0105c si\u0119 w wielu obszarach aktywno\u015bci cz\u0142owieka i wzajemnej komunikacji.\u00a0 Wszechobecny Internet wraz z dynamicznie rozwijaj\u0105cymi si\u0119 technologiami, np. Internet Rzeczy, sieci 5G, Chmury Obliczeniowe, Big Data, Uczenie Maszynowe i Sztuczna inteligencja, Zaawansowana Wizualizacja, umo\u017cliwia budowanie inteligentnych przestrzeni, w kt\u00f3rych \u015bwiat realny przenika si\u0119 z wirtualnym tworz\u0105c\u00a0 swoisty ekosystem cyfrowego spo\u0142ecze\u0144stwa.<\/p>\n<p>W prezentacji przedstawiono znaczenie tych technologii dla zbudowania jednej z takich przestrzeni &#8211; Smart City. Zdaniem autor\u00f3w podstawowym warunkiem udanego wdro\u017cenia tych rozwi\u0105za\u0144 b\u0119dzie zaanga\u017cowanie spo\u0142ecze\u0144stwa (mieszka\u0144c\u00f3w), kt\u00f3re mo\u017ce si\u0119 przejawia\u0107 w nast\u0119puj\u0105cych formach: udzia\u0142 w rozwoju nowoczesnych technologii i ich zastosowa\u0144 w tzw. \u017bywych Laboratoriach (ang. Living Labs), budowaniu i testowaniu prototyp\u00f3w nowych aplikacji, tworzenie wirtualnych spo\u0142eczno\u015bci innowator\u00f3w spo\u0142ecze\u0144stwa cyfrowego, wykorzystanie cyfrowych zasob\u00f3w do kszta\u0142towania \u015bwiadomo\u015bci historycznej, crowdsourcing, crowdfunding itp.<\/p>\n","protected":false},"excerpt":{"rendered":"<p>Abstract: Rozw\u00f3j inteligentnego miasta z wykorzystaniem podej\u015bcia Citizen Science Rozw\u00f3j nowoczesnych miast jest w ostatnich latach silnie uzale\u017cniony od potencja\u0142u zaawansowanych technologii jakim one dysponuj\u0105, w szczeg\u00f3lno\u015bci od Technologii Informacyjno &#8211; Komunikacyjnych (ang. ICT &#8211; Information and Communication Technology). W ostatnich latach stanowi\u0105 one czynnik kluczowy dla rozwoju wielu dziedzin \u017cycia, m.in. nauki, zdrowia, edukacji, &hellip; <\/p>\n<p class=\"link-more\"><a href=\"https:\/\/forumrozwojumiast.poznan.pl\/2017\/program\/rozwoj-inteligentnego-miasta-wykorzystaniem-podejscia-citizen-science\/\" class=\"more-link\">Continue reading<span class=\"screen-reader-text\"> &#8222;Rozw\u00f3j inteligentnego miasta z wykorzystaniem podej\u015bcia Citizen Science&#8221;<\/span><\/a><\/p>\n","protected":false},"author":1,"featured_media":0,"parent":15,"menu_order":2,"comment_status":"closed","ping_status":"closed","template":"","meta":{"_acf_changed":false,"inline_featured_image":false,"ngg_post_thumbnail":0,"footnotes":""},"class_list":["post-1065","page","type-page","status-publish","hentry"],"acf":[],"yoast_head":"<!-- This site is optimized with the Yoast SEO plugin v27.4 - https:\/\/yoast.com\/product\/yoast-seo-wordpress\/ -->\n<title>Rozw\u00f3j inteligentnego miasta z wykorzystaniem podej\u015bcia Citizen Science - Forum Rozwoju Miast<\/title>\n<meta name=\"robots\" content=\"index, follow, max-snippet:-1, max-image-preview:large, max-video-preview:-1\" \/>\n<link rel=\"canonical\" href=\"https:\/\/forumrozwojumiast.poznan.pl\/2017\/program\/rozwoj-inteligentnego-miasta-wykorzystaniem-podejscia-citizen-science\/\" \/>\n<meta property=\"og:locale\" content=\"pl_PL\" \/>\n<meta property=\"og:type\" content=\"article\" \/>\n<meta property=\"og:title\" content=\"Rozw\u00f3j inteligentnego miasta z wykorzystaniem podej\u015bcia Citizen Science - Forum Rozwoju Miast\" \/>\n<meta property=\"og:description\" content=\"Abstract: Rozw\u00f3j inteligentnego miasta z wykorzystaniem podej\u015bcia Citizen Science Rozw\u00f3j nowoczesnych miast jest w ostatnich latach silnie uzale\u017cniony od potencja\u0142u zaawansowanych technologii jakim one dysponuj\u0105, w szczeg\u00f3lno\u015bci od Technologii Informacyjno &#8211; Komunikacyjnych (ang. ICT &#8211; Information and Communication Technology). W ostatnich latach stanowi\u0105 one czynnik kluczowy dla rozwoju wielu dziedzin \u017cycia, m.in. nauki, zdrowia, edukacji, &hellip; Continue reading &quot;Rozw\u00f3j inteligentnego miasta z wykorzystaniem podej\u015bcia Citizen Science&quot;\" \/>\n<meta property=\"og:url\" content=\"https:\/\/forumrozwojumiast.poznan.pl\/2017\/program\/rozwoj-inteligentnego-miasta-wykorzystaniem-podejscia-citizen-science\/\" \/>\n<meta property=\"og:site_name\" content=\"Forum Rozwoju Miast\" \/>\n<meta name=\"twitter:card\" content=\"summary_large_image\" \/>\n<meta name=\"twitter:label1\" content=\"Szacowany czas czytania\" \/>\n\t<meta name=\"twitter:data1\" content=\"1 minuta\" \/>\n<script type=\"application\/ld+json\" class=\"yoast-schema-graph\">{\"@context\":\"https:\\\/\\\/schema.org\",\"@graph\":[{\"@type\":\"WebPage\",\"@id\":\"https:\\\/\\\/forumrozwojumiast.poznan.pl\\\/2017\\\/program\\\/rozwoj-inteligentnego-miasta-wykorzystaniem-podejscia-citizen-science\\\/\",\"url\":\"https:\\\/\\\/forumrozwojumiast.poznan.pl\\\/2017\\\/program\\\/rozwoj-inteligentnego-miasta-wykorzystaniem-podejscia-citizen-science\\\/\",\"name\":\"Rozw\u00f3j inteligentnego miasta z wykorzystaniem podej\u015bcia Citizen Science - Forum Rozwoju Miast\",\"isPartOf\":{\"@id\":\"https:\\\/\\\/forumrozwojumiast.poznan.pl\\\/2017\\\/#website\"},\"datePublished\":\"2017-10-12T09:53:33+00:00\",\"breadcrumb\":{\"@id\":\"https:\\\/\\\/forumrozwojumiast.poznan.pl\\\/2017\\\/program\\\/rozwoj-inteligentnego-miasta-wykorzystaniem-podejscia-citizen-science\\\/#breadcrumb\"},\"inLanguage\":\"pl-PL\",\"potentialAction\":[{\"@type\":\"ReadAction\",\"target\":[\"https:\\\/\\\/forumrozwojumiast.poznan.pl\\\/2017\\\/program\\\/rozwoj-inteligentnego-miasta-wykorzystaniem-podejscia-citizen-science\\\/\"]}]},{\"@type\":\"BreadcrumbList\",\"@id\":\"https:\\\/\\\/forumrozwojumiast.poznan.pl\\\/2017\\\/program\\\/rozwoj-inteligentnego-miasta-wykorzystaniem-podejscia-citizen-science\\\/#breadcrumb\",\"itemListElement\":[{\"@type\":\"ListItem\",\"position\":1,\"name\":\"Strona g\u0142\u00f3wna\",\"item\":\"https:\\\/\\\/forumrozwojumiast.poznan.pl\\\/2017\\\/\"},{\"@type\":\"ListItem\",\"position\":2,\"name\":\"Program\",\"item\":\"https:\\\/\\\/forumrozwojumiast.poznan.pl\\\/2017\\\/program\\\/\"},{\"@type\":\"ListItem\",\"position\":3,\"name\":\"Rozw\u00f3j inteligentnego miasta z wykorzystaniem podej\u015bcia Citizen Science\"}]},{\"@type\":\"WebSite\",\"@id\":\"https:\\\/\\\/forumrozwojumiast.poznan.pl\\\/2017\\\/#website\",\"url\":\"https:\\\/\\\/forumrozwojumiast.poznan.pl\\\/2017\\\/\",\"name\":\"Forum Rozwoju Miast\",\"description\":\"Obywatelski wymiar strategicznego zarz\u0105dzania miastem\",\"publisher\":{\"@id\":\"https:\\\/\\\/forumrozwojumiast.poznan.pl\\\/2017\\\/#organization\"},\"potentialAction\":[{\"@type\":\"SearchAction\",\"target\":{\"@type\":\"EntryPoint\",\"urlTemplate\":\"https:\\\/\\\/forumrozwojumiast.poznan.pl\\\/2017\\\/?s={search_term_string}\"},\"query-input\":{\"@type\":\"PropertyValueSpecification\",\"valueRequired\":true,\"valueName\":\"search_term_string\"}}],\"inLanguage\":\"pl-PL\"},{\"@type\":\"Organization\",\"@id\":\"https:\\\/\\\/forumrozwojumiast.poznan.pl\\\/2017\\\/#organization\",\"name\":\"Forum Rozwoju Miast\",\"url\":\"https:\\\/\\\/forumrozwojumiast.poznan.pl\\\/2017\\\/\",\"logo\":{\"@type\":\"ImageObject\",\"inLanguage\":\"pl-PL\",\"@id\":\"https:\\\/\\\/forumrozwojumiast.poznan.pl\\\/2017\\\/#\\\/schema\\\/logo\\\/image\\\/\",\"url\":\"https:\\\/\\\/forumrozwojumiast.poznan.pl\\\/2017\\\/wp-content\\\/uploads\\\/2017\\\/09\\\/cropped-FORUM-ROZWOJU-MIAST-3.png\",\"contentUrl\":\"https:\\\/\\\/forumrozwojumiast.poznan.pl\\\/2017\\\/wp-content\\\/uploads\\\/2017\\\/09\\\/cropped-FORUM-ROZWOJU-MIAST-3.png\",\"width\":627,\"height\":250,\"caption\":\"Forum Rozwoju Miast\"},\"image\":{\"@id\":\"https:\\\/\\\/forumrozwojumiast.poznan.pl\\\/2017\\\/#\\\/schema\\\/logo\\\/image\\\/\"}}]}<\/script>\n<!-- \/ Yoast SEO plugin. -->","yoast_head_json":{"title":"Rozw\u00f3j inteligentnego miasta z wykorzystaniem podej\u015bcia Citizen Science - Forum Rozwoju Miast","robots":{"index":"index","follow":"follow","max-snippet":"max-snippet:-1","max-image-preview":"max-image-preview:large","max-video-preview":"max-video-preview:-1"},"canonical":"https:\/\/forumrozwojumiast.poznan.pl\/2017\/program\/rozwoj-inteligentnego-miasta-wykorzystaniem-podejscia-citizen-science\/","og_locale":"pl_PL","og_type":"article","og_title":"Rozw\u00f3j inteligentnego miasta z wykorzystaniem podej\u015bcia Citizen Science - Forum Rozwoju Miast","og_description":"Abstract: Rozw\u00f3j inteligentnego miasta z wykorzystaniem podej\u015bcia Citizen Science Rozw\u00f3j nowoczesnych miast jest w ostatnich latach silnie uzale\u017cniony od potencja\u0142u zaawansowanych technologii jakim one dysponuj\u0105, w szczeg\u00f3lno\u015bci od Technologii Informacyjno &#8211; Komunikacyjnych (ang. ICT &#8211; Information and Communication Technology). W ostatnich latach stanowi\u0105 one czynnik kluczowy dla rozwoju wielu dziedzin \u017cycia, m.in. nauki, zdrowia, edukacji, &hellip; Continue reading \"Rozw\u00f3j inteligentnego miasta z wykorzystaniem podej\u015bcia Citizen Science\"","og_url":"https:\/\/forumrozwojumiast.poznan.pl\/2017\/program\/rozwoj-inteligentnego-miasta-wykorzystaniem-podejscia-citizen-science\/","og_site_name":"Forum Rozwoju Miast","twitter_card":"summary_large_image","twitter_misc":{"Szacowany czas czytania":"1 minuta"},"schema":{"@context":"https:\/\/schema.org","@graph":[{"@type":"WebPage","@id":"https:\/\/forumrozwojumiast.poznan.pl\/2017\/program\/rozwoj-inteligentnego-miasta-wykorzystaniem-podejscia-citizen-science\/","url":"https:\/\/forumrozwojumiast.poznan.pl\/2017\/program\/rozwoj-inteligentnego-miasta-wykorzystaniem-podejscia-citizen-science\/","name":"Rozw\u00f3j inteligentnego miasta z wykorzystaniem podej\u015bcia Citizen Science - Forum Rozwoju Miast","isPartOf":{"@id":"https:\/\/forumrozwojumiast.poznan.pl\/2017\/#website"},"datePublished":"2017-10-12T09:53:33+00:00","breadcrumb":{"@id":"https:\/\/forumrozwojumiast.poznan.pl\/2017\/program\/rozwoj-inteligentnego-miasta-wykorzystaniem-podejscia-citizen-science\/#breadcrumb"},"inLanguage":"pl-PL","potentialAction":[{"@type":"ReadAction","target":["https:\/\/forumrozwojumiast.poznan.pl\/2017\/program\/rozwoj-inteligentnego-miasta-wykorzystaniem-podejscia-citizen-science\/"]}]},{"@type":"BreadcrumbList","@id":"https:\/\/forumrozwojumiast.poznan.pl\/2017\/program\/rozwoj-inteligentnego-miasta-wykorzystaniem-podejscia-citizen-science\/#breadcrumb","itemListElement":[{"@type":"ListItem","position":1,"name":"Strona g\u0142\u00f3wna","item":"https:\/\/forumrozwojumiast.poznan.pl\/2017\/"},{"@type":"ListItem","position":2,"name":"Program","item":"https:\/\/forumrozwojumiast.poznan.pl\/2017\/program\/"},{"@type":"ListItem","position":3,"name":"Rozw\u00f3j inteligentnego miasta z wykorzystaniem podej\u015bcia Citizen Science"}]},{"@type":"WebSite","@id":"https:\/\/forumrozwojumiast.poznan.pl\/2017\/#website","url":"https:\/\/forumrozwojumiast.poznan.pl\/2017\/","name":"Forum Rozwoju Miast","description":"Obywatelski wymiar strategicznego zarz\u0105dzania miastem","publisher":{"@id":"https:\/\/forumrozwojumiast.poznan.pl\/2017\/#organization"},"potentialAction":[{"@type":"SearchAction","target":{"@type":"EntryPoint","urlTemplate":"https:\/\/forumrozwojumiast.poznan.pl\/2017\/?s={search_term_string}"},"query-input":{"@type":"PropertyValueSpecification","valueRequired":true,"valueName":"search_term_string"}}],"inLanguage":"pl-PL"},{"@type":"Organization","@id":"https:\/\/forumrozwojumiast.poznan.pl\/2017\/#organization","name":"Forum Rozwoju Miast","url":"https:\/\/forumrozwojumiast.poznan.pl\/2017\/","logo":{"@type":"ImageObject","inLanguage":"pl-PL","@id":"https:\/\/forumrozwojumiast.poznan.pl\/2017\/#\/schema\/logo\/image\/","url":"https:\/\/forumrozwojumiast.poznan.pl\/2017\/wp-content\/uploads\/2017\/09\/cropped-FORUM-ROZWOJU-MIAST-3.png","contentUrl":"https:\/\/forumrozwojumiast.poznan.pl\/2017\/wp-content\/uploads\/2017\/09\/cropped-FORUM-ROZWOJU-MIAST-3.png","width":627,"height":250,"caption":"Forum Rozwoju Miast"},"image":{"@id":"https:\/\/forumrozwojumiast.poznan.pl\/2017\/#\/schema\/logo\/image\/"}}]}},"_links":{"self":[{"href":"https:\/\/forumrozwojumiast.poznan.pl\/2017\/wp-json\/wp\/v2\/pages\/1065","targetHints":{"allow":["GET"]}}],"collection":[{"href":"https:\/\/forumrozwojumiast.poznan.pl\/2017\/wp-json\/wp\/v2\/pages"}],"about":[{"href":"https:\/\/forumrozwojumiast.poznan.pl\/2017\/wp-json\/wp\/v2\/types\/page"}],"author":[{"embeddable":true,"href":"https:\/\/forumrozwojumiast.poznan.pl\/2017\/wp-json\/wp\/v2\/users\/1"}],"replies":[{"embeddable":true,"href":"https:\/\/forumrozwojumiast.poznan.pl\/2017\/wp-json\/wp\/v2\/comments?post=1065"}],"version-history":[{"count":1,"href":"https:\/\/forumrozwojumiast.poznan.pl\/2017\/wp-json\/wp\/v2\/pages\/1065\/revisions"}],"predecessor-version":[{"id":1066,"href":"https:\/\/forumrozwojumiast.poznan.pl\/2017\/wp-json\/wp\/v2\/pages\/1065\/revisions\/1066"}],"up":[{"embeddable":true,"href":"https:\/\/forumrozwojumiast.poznan.pl\/2017\/wp-json\/wp\/v2\/pages\/15"}],"wp:attachment":[{"href":"https:\/\/forumrozwojumiast.poznan.pl\/2017\/wp-json\/wp\/v2\/media?parent=1065"}],"curies":[{"name":"wp","href":"https:\/\/api.w.org\/{rel}","templated":true}]}}