{"id":1069,"date":"2017-10-12T11:55:17","date_gmt":"2017-10-12T09:55:17","guid":{"rendered":"https:\/\/forumrozwojumiast.poznan.pl\/2017\/?page_id=1069"},"modified":"2017-12-13T15:39:14","modified_gmt":"2017-12-13T14:39:14","slug":"design-partycypacyjny-jako-sposob-ksztaltowania-odpowiedzialnego-obywatela","status":"publish","type":"page","link":"https:\/\/forumrozwojumiast.poznan.pl\/2017\/program\/design-partycypacyjny-jako-sposob-ksztaltowania-odpowiedzialnego-obywatela\/","title":{"rendered":"Design partycypacyjny jako spos\u00f3b kszta\u0142towania odpowiedzialnego obywatela"},"content":{"rendered":"<p><strong>Abstract: Design partycypacyjny jako spos\u00f3b kszta\u0142towania odpowiedzialnego obywatela<\/strong><\/p>\n<p>Pojawiaj\u0105ce si\u0119 w debacie publicznej pytanie do kogo nale\u017cy miasto? wpisuje si\u0119 we wzrost zainteresowania mieszka\u0144c\u00f3w wsp\u00f3\u0142u\u017cytkowan\u0105 przestrzeni\u0105. Ro\u015bnie r\u00f3wnie\u017c spo\u0142eczna \u015bwiadomo\u015b\u0107 tego, \u017ce spos\u00f3b zagospodarowania przestrzeni wsp\u00f3\u0142decyduje o jako\u015bci naszego \u017cycia. Tworzenie przyjaznej, odpowiadaj\u0105cej na potrzeby u\u017cytkownik\u00f3w przestrzeni, wymaga przede wszystkim \u2013 poza uwarunkowaniami makrostrukturalnymi \u2013 spo\u0142ecznego zaanga\u017cowania i wsp\u00f3\u0142dzia\u0142ania. Optymizmem w tej kwestii napawaj\u0105 zyskuj\u0105ce wci\u0105\u017c na znaczeniu debaty, konsultacje, dyskusje, czy warsztaty po\u015bwi\u0119cone miejskiej problematyce, podczas kt\u00f3rych \u2013 opr\u00f3cz poruszania kwestii miejskich problem\u00f3w spo\u0142ecznych \u2013 rozmawia si\u0119 o tym, i\u017c to w\u0142a\u015bnie partycypacyjny wymiar projektowania przestrzeni miejskiej daje szans\u0119 na kszta\u0142towanie bardziej egalitarnej miejskiej rzeczywisto\u015bci i odpowiedzialnego obywatela.<\/p>\n<p>W wyst\u0105pieniu podj\u0119ta zostanie problematyka designu partycypacyjnego, kt\u00f3ry staje si\u0119 doskona\u0142ym sposobem kszta\u0142towania przestrzeni miejskiej z obywatelem i dla obywatela. Przestrzeni, kt\u00f3ra w coraz wi\u0119kszym stopniu odpowiada na autentyczne potrzeby miesza\u0144c\u00f3w, w szczeg\u00f3lno\u015bci wra\u017cliwych kategorii spo\u0142ecznych. Wyst\u0105pienie oparte zostanie o konkretne przyk\u0142ady designu partycypacyjnego, jak r\u00f3wnie\u017c o wyniki mi\u0119dzynarodowych bada\u0144 w tym zakresie.<\/p>\n","protected":false},"excerpt":{"rendered":"<p>Abstract: Design partycypacyjny jako spos\u00f3b kszta\u0142towania odpowiedzialnego obywatela Pojawiaj\u0105ce si\u0119 w debacie publicznej pytanie do kogo nale\u017cy miasto? wpisuje si\u0119 we wzrost zainteresowania mieszka\u0144c\u00f3w wsp\u00f3\u0142u\u017cytkowan\u0105 przestrzeni\u0105. Ro\u015bnie r\u00f3wnie\u017c spo\u0142eczna \u015bwiadomo\u015b\u0107 tego, \u017ce spos\u00f3b zagospodarowania przestrzeni wsp\u00f3\u0142decyduje o jako\u015bci naszego \u017cycia. Tworzenie przyjaznej, odpowiadaj\u0105cej na potrzeby u\u017cytkownik\u00f3w przestrzeni, wymaga przede wszystkim \u2013 poza uwarunkowaniami makrostrukturalnymi \u2013 &hellip; <\/p>\n<p class=\"link-more\"><a href=\"https:\/\/forumrozwojumiast.poznan.pl\/2017\/program\/design-partycypacyjny-jako-sposob-ksztaltowania-odpowiedzialnego-obywatela\/\" class=\"more-link\">Continue reading<span class=\"screen-reader-text\"> &#8222;Design partycypacyjny jako spos\u00f3b kszta\u0142towania odpowiedzialnego obywatela&#8221;<\/span><\/a><\/p>\n","protected":false},"author":1,"featured_media":0,"parent":15,"menu_order":2,"comment_status":"closed","ping_status":"closed","template":"","meta":{"_acf_changed":false,"inline_featured_image":false,"ngg_post_thumbnail":0,"footnotes":""},"class_list":["post-1069","page","type-page","status-publish","hentry"],"acf":[],"yoast_head":"<!-- This site is optimized with the Yoast SEO plugin v27.5 - https:\/\/yoast.com\/product\/yoast-seo-wordpress\/ -->\n<title>Design partycypacyjny jako spos\u00f3b kszta\u0142towania odpowiedzialnego obywatela - Forum Rozwoju Miast<\/title>\n<meta name=\"robots\" content=\"index, follow, max-snippet:-1, max-image-preview:large, max-video-preview:-1\" \/>\n<link rel=\"canonical\" href=\"https:\/\/forumrozwojumiast.poznan.pl\/2017\/program\/design-partycypacyjny-jako-sposob-ksztaltowania-odpowiedzialnego-obywatela\/\" \/>\n<meta property=\"og:locale\" content=\"pl_PL\" \/>\n<meta property=\"og:type\" content=\"article\" \/>\n<meta property=\"og:title\" content=\"Design partycypacyjny jako spos\u00f3b kszta\u0142towania odpowiedzialnego obywatela - Forum Rozwoju Miast\" \/>\n<meta property=\"og:description\" content=\"Abstract: Design partycypacyjny jako spos\u00f3b kszta\u0142towania odpowiedzialnego obywatela Pojawiaj\u0105ce si\u0119 w debacie publicznej pytanie do kogo nale\u017cy miasto? wpisuje si\u0119 we wzrost zainteresowania mieszka\u0144c\u00f3w wsp\u00f3\u0142u\u017cytkowan\u0105 przestrzeni\u0105. Ro\u015bnie r\u00f3wnie\u017c spo\u0142eczna \u015bwiadomo\u015b\u0107 tego, \u017ce spos\u00f3b zagospodarowania przestrzeni wsp\u00f3\u0142decyduje o jako\u015bci naszego \u017cycia. Tworzenie przyjaznej, odpowiadaj\u0105cej na potrzeby u\u017cytkownik\u00f3w przestrzeni, wymaga przede wszystkim \u2013 poza uwarunkowaniami makrostrukturalnymi \u2013 &hellip; Continue reading &quot;Design partycypacyjny jako spos\u00f3b kszta\u0142towania odpowiedzialnego obywatela&quot;\" \/>\n<meta property=\"og:url\" content=\"https:\/\/forumrozwojumiast.poznan.pl\/2017\/program\/design-partycypacyjny-jako-sposob-ksztaltowania-odpowiedzialnego-obywatela\/\" \/>\n<meta property=\"og:site_name\" content=\"Forum Rozwoju Miast\" \/>\n<meta property=\"article:modified_time\" content=\"2017-12-13T14:39:14+00:00\" \/>\n<meta name=\"twitter:card\" content=\"summary_large_image\" \/>\n<meta name=\"twitter:label1\" content=\"Szacowany czas czytania\" \/>\n\t<meta name=\"twitter:data1\" content=\"1 minuta\" \/>\n<script type=\"application\/ld+json\" class=\"yoast-schema-graph\">{\"@context\":\"https:\\\/\\\/schema.org\",\"@graph\":[{\"@type\":\"WebPage\",\"@id\":\"https:\\\/\\\/forumrozwojumiast.poznan.pl\\\/2017\\\/program\\\/design-partycypacyjny-jako-sposob-ksztaltowania-odpowiedzialnego-obywatela\\\/\",\"url\":\"https:\\\/\\\/forumrozwojumiast.poznan.pl\\\/2017\\\/program\\\/design-partycypacyjny-jako-sposob-ksztaltowania-odpowiedzialnego-obywatela\\\/\",\"name\":\"Design partycypacyjny jako spos\u00f3b kszta\u0142towania odpowiedzialnego obywatela - Forum Rozwoju Miast\",\"isPartOf\":{\"@id\":\"https:\\\/\\\/forumrozwojumiast.poznan.pl\\\/2017\\\/#website\"},\"datePublished\":\"2017-10-12T09:55:17+00:00\",\"dateModified\":\"2017-12-13T14:39:14+00:00\",\"breadcrumb\":{\"@id\":\"https:\\\/\\\/forumrozwojumiast.poznan.pl\\\/2017\\\/program\\\/design-partycypacyjny-jako-sposob-ksztaltowania-odpowiedzialnego-obywatela\\\/#breadcrumb\"},\"inLanguage\":\"pl-PL\",\"potentialAction\":[{\"@type\":\"ReadAction\",\"target\":[\"https:\\\/\\\/forumrozwojumiast.poznan.pl\\\/2017\\\/program\\\/design-partycypacyjny-jako-sposob-ksztaltowania-odpowiedzialnego-obywatela\\\/\"]}]},{\"@type\":\"BreadcrumbList\",\"@id\":\"https:\\\/\\\/forumrozwojumiast.poznan.pl\\\/2017\\\/program\\\/design-partycypacyjny-jako-sposob-ksztaltowania-odpowiedzialnego-obywatela\\\/#breadcrumb\",\"itemListElement\":[{\"@type\":\"ListItem\",\"position\":1,\"name\":\"Strona g\u0142\u00f3wna\",\"item\":\"https:\\\/\\\/forumrozwojumiast.poznan.pl\\\/2017\\\/\"},{\"@type\":\"ListItem\",\"position\":2,\"name\":\"Program\",\"item\":\"https:\\\/\\\/forumrozwojumiast.poznan.pl\\\/2017\\\/program\\\/\"},{\"@type\":\"ListItem\",\"position\":3,\"name\":\"Design partycypacyjny jako spos\u00f3b kszta\u0142towania odpowiedzialnego obywatela\"}]},{\"@type\":\"WebSite\",\"@id\":\"https:\\\/\\\/forumrozwojumiast.poznan.pl\\\/2017\\\/#website\",\"url\":\"https:\\\/\\\/forumrozwojumiast.poznan.pl\\\/2017\\\/\",\"name\":\"Forum Rozwoju Miast\",\"description\":\"Obywatelski wymiar strategicznego zarz\u0105dzania miastem\",\"publisher\":{\"@id\":\"https:\\\/\\\/forumrozwojumiast.poznan.pl\\\/2017\\\/#organization\"},\"potentialAction\":[{\"@type\":\"SearchAction\",\"target\":{\"@type\":\"EntryPoint\",\"urlTemplate\":\"https:\\\/\\\/forumrozwojumiast.poznan.pl\\\/2017\\\/?s={search_term_string}\"},\"query-input\":{\"@type\":\"PropertyValueSpecification\",\"valueRequired\":true,\"valueName\":\"search_term_string\"}}],\"inLanguage\":\"pl-PL\"},{\"@type\":\"Organization\",\"@id\":\"https:\\\/\\\/forumrozwojumiast.poznan.pl\\\/2017\\\/#organization\",\"name\":\"Forum Rozwoju Miast\",\"url\":\"https:\\\/\\\/forumrozwojumiast.poznan.pl\\\/2017\\\/\",\"logo\":{\"@type\":\"ImageObject\",\"inLanguage\":\"pl-PL\",\"@id\":\"https:\\\/\\\/forumrozwojumiast.poznan.pl\\\/2017\\\/#\\\/schema\\\/logo\\\/image\\\/\",\"url\":\"https:\\\/\\\/forumrozwojumiast.poznan.pl\\\/2017\\\/wp-content\\\/uploads\\\/2017\\\/09\\\/cropped-FORUM-ROZWOJU-MIAST-3.png\",\"contentUrl\":\"https:\\\/\\\/forumrozwojumiast.poznan.pl\\\/2017\\\/wp-content\\\/uploads\\\/2017\\\/09\\\/cropped-FORUM-ROZWOJU-MIAST-3.png\",\"width\":627,\"height\":250,\"caption\":\"Forum Rozwoju Miast\"},\"image\":{\"@id\":\"https:\\\/\\\/forumrozwojumiast.poznan.pl\\\/2017\\\/#\\\/schema\\\/logo\\\/image\\\/\"}}]}<\/script>\n<!-- \/ Yoast SEO plugin. -->","yoast_head_json":{"title":"Design partycypacyjny jako spos\u00f3b kszta\u0142towania odpowiedzialnego obywatela - Forum Rozwoju Miast","robots":{"index":"index","follow":"follow","max-snippet":"max-snippet:-1","max-image-preview":"max-image-preview:large","max-video-preview":"max-video-preview:-1"},"canonical":"https:\/\/forumrozwojumiast.poznan.pl\/2017\/program\/design-partycypacyjny-jako-sposob-ksztaltowania-odpowiedzialnego-obywatela\/","og_locale":"pl_PL","og_type":"article","og_title":"Design partycypacyjny jako spos\u00f3b kszta\u0142towania odpowiedzialnego obywatela - Forum Rozwoju Miast","og_description":"Abstract: Design partycypacyjny jako spos\u00f3b kszta\u0142towania odpowiedzialnego obywatela Pojawiaj\u0105ce si\u0119 w debacie publicznej pytanie do kogo nale\u017cy miasto? wpisuje si\u0119 we wzrost zainteresowania mieszka\u0144c\u00f3w wsp\u00f3\u0142u\u017cytkowan\u0105 przestrzeni\u0105. Ro\u015bnie r\u00f3wnie\u017c spo\u0142eczna \u015bwiadomo\u015b\u0107 tego, \u017ce spos\u00f3b zagospodarowania przestrzeni wsp\u00f3\u0142decyduje o jako\u015bci naszego \u017cycia. Tworzenie przyjaznej, odpowiadaj\u0105cej na potrzeby u\u017cytkownik\u00f3w przestrzeni, wymaga przede wszystkim \u2013 poza uwarunkowaniami makrostrukturalnymi \u2013 &hellip; Continue reading \"Design partycypacyjny jako spos\u00f3b kszta\u0142towania odpowiedzialnego obywatela\"","og_url":"https:\/\/forumrozwojumiast.poznan.pl\/2017\/program\/design-partycypacyjny-jako-sposob-ksztaltowania-odpowiedzialnego-obywatela\/","og_site_name":"Forum Rozwoju Miast","article_modified_time":"2017-12-13T14:39:14+00:00","twitter_card":"summary_large_image","twitter_misc":{"Szacowany czas czytania":"1 minuta"},"schema":{"@context":"https:\/\/schema.org","@graph":[{"@type":"WebPage","@id":"https:\/\/forumrozwojumiast.poznan.pl\/2017\/program\/design-partycypacyjny-jako-sposob-ksztaltowania-odpowiedzialnego-obywatela\/","url":"https:\/\/forumrozwojumiast.poznan.pl\/2017\/program\/design-partycypacyjny-jako-sposob-ksztaltowania-odpowiedzialnego-obywatela\/","name":"Design partycypacyjny jako spos\u00f3b kszta\u0142towania odpowiedzialnego obywatela - Forum Rozwoju Miast","isPartOf":{"@id":"https:\/\/forumrozwojumiast.poznan.pl\/2017\/#website"},"datePublished":"2017-10-12T09:55:17+00:00","dateModified":"2017-12-13T14:39:14+00:00","breadcrumb":{"@id":"https:\/\/forumrozwojumiast.poznan.pl\/2017\/program\/design-partycypacyjny-jako-sposob-ksztaltowania-odpowiedzialnego-obywatela\/#breadcrumb"},"inLanguage":"pl-PL","potentialAction":[{"@type":"ReadAction","target":["https:\/\/forumrozwojumiast.poznan.pl\/2017\/program\/design-partycypacyjny-jako-sposob-ksztaltowania-odpowiedzialnego-obywatela\/"]}]},{"@type":"BreadcrumbList","@id":"https:\/\/forumrozwojumiast.poznan.pl\/2017\/program\/design-partycypacyjny-jako-sposob-ksztaltowania-odpowiedzialnego-obywatela\/#breadcrumb","itemListElement":[{"@type":"ListItem","position":1,"name":"Strona g\u0142\u00f3wna","item":"https:\/\/forumrozwojumiast.poznan.pl\/2017\/"},{"@type":"ListItem","position":2,"name":"Program","item":"https:\/\/forumrozwojumiast.poznan.pl\/2017\/program\/"},{"@type":"ListItem","position":3,"name":"Design partycypacyjny jako spos\u00f3b kszta\u0142towania odpowiedzialnego obywatela"}]},{"@type":"WebSite","@id":"https:\/\/forumrozwojumiast.poznan.pl\/2017\/#website","url":"https:\/\/forumrozwojumiast.poznan.pl\/2017\/","name":"Forum Rozwoju Miast","description":"Obywatelski wymiar strategicznego zarz\u0105dzania miastem","publisher":{"@id":"https:\/\/forumrozwojumiast.poznan.pl\/2017\/#organization"},"potentialAction":[{"@type":"SearchAction","target":{"@type":"EntryPoint","urlTemplate":"https:\/\/forumrozwojumiast.poznan.pl\/2017\/?s={search_term_string}"},"query-input":{"@type":"PropertyValueSpecification","valueRequired":true,"valueName":"search_term_string"}}],"inLanguage":"pl-PL"},{"@type":"Organization","@id":"https:\/\/forumrozwojumiast.poznan.pl\/2017\/#organization","name":"Forum Rozwoju Miast","url":"https:\/\/forumrozwojumiast.poznan.pl\/2017\/","logo":{"@type":"ImageObject","inLanguage":"pl-PL","@id":"https:\/\/forumrozwojumiast.poznan.pl\/2017\/#\/schema\/logo\/image\/","url":"https:\/\/forumrozwojumiast.poznan.pl\/2017\/wp-content\/uploads\/2017\/09\/cropped-FORUM-ROZWOJU-MIAST-3.png","contentUrl":"https:\/\/forumrozwojumiast.poznan.pl\/2017\/wp-content\/uploads\/2017\/09\/cropped-FORUM-ROZWOJU-MIAST-3.png","width":627,"height":250,"caption":"Forum Rozwoju Miast"},"image":{"@id":"https:\/\/forumrozwojumiast.poznan.pl\/2017\/#\/schema\/logo\/image\/"}}]}},"_links":{"self":[{"href":"https:\/\/forumrozwojumiast.poznan.pl\/2017\/wp-json\/wp\/v2\/pages\/1069","targetHints":{"allow":["GET"]}}],"collection":[{"href":"https:\/\/forumrozwojumiast.poznan.pl\/2017\/wp-json\/wp\/v2\/pages"}],"about":[{"href":"https:\/\/forumrozwojumiast.poznan.pl\/2017\/wp-json\/wp\/v2\/types\/page"}],"author":[{"embeddable":true,"href":"https:\/\/forumrozwojumiast.poznan.pl\/2017\/wp-json\/wp\/v2\/users\/1"}],"replies":[{"embeddable":true,"href":"https:\/\/forumrozwojumiast.poznan.pl\/2017\/wp-json\/wp\/v2\/comments?post=1069"}],"version-history":[{"count":4,"href":"https:\/\/forumrozwojumiast.poznan.pl\/2017\/wp-json\/wp\/v2\/pages\/1069\/revisions"}],"predecessor-version":[{"id":1566,"href":"https:\/\/forumrozwojumiast.poznan.pl\/2017\/wp-json\/wp\/v2\/pages\/1069\/revisions\/1566"}],"up":[{"embeddable":true,"href":"https:\/\/forumrozwojumiast.poznan.pl\/2017\/wp-json\/wp\/v2\/pages\/15"}],"wp:attachment":[{"href":"https:\/\/forumrozwojumiast.poznan.pl\/2017\/wp-json\/wp\/v2\/media?parent=1069"}],"curies":[{"name":"wp","href":"https:\/\/api.w.org\/{rel}","templated":true}]}}