{"id":1072,"date":"2017-10-12T11:56:30","date_gmt":"2017-10-12T09:56:30","guid":{"rendered":"https:\/\/forumrozwojumiast.poznan.pl\/2017\/?page_id=1072"},"modified":"2017-12-12T15:50:12","modified_gmt":"2017-12-12T14:50:12","slug":"urbact","status":"publish","type":"page","link":"https:\/\/forumrozwojumiast.poznan.pl\/2017\/program\/urbact\/","title":{"rendered":"URBACT"},"content":{"rendered":"<p><strong>Abstract: URBACT <\/strong><\/p>\n<p>Om\u00f3wione zostan\u0105 dobre praktyki miejskie w nast\u0119puj\u0105cych dziedzinach: mieszkalnictwo, pokolenie Y, transport publiczny i przestrze\u0144 publiczna w centrum miasta.<\/p>\n<p>Podczas sesji odkryte zostan\u0105 metody, jakimi pos\u0142uguj\u0105 si\u0119 miasta w celu przezwyci\u0119\u017cania przeci\u0105\u017ceniu rynk\u00f3w pracy i dostosowania si\u0119 do zmiennych potrzeb konsument\u00f3w, aby w korzystniejszym \u015bwietle prezentowa\u0107 sw\u00f3j wizerunek obecnym i przysz\u0142ym mieszka\u0144com miasta. U\u017cyte zostanie po\u0142\u0105czenie wynik\u00f3w ankiet oraz studium przypadku w celu wykazania, jak miasta przystosowuj\u0105 si\u0119 do wymaga\u0144 coraz bardziej mobilnej si\u0142y roboczej.<\/p>\n<div class=\"su-document su-u-responsive-media-yes\"><iframe loading=\"lazy\" src=\"\/\/docs.google.com\/viewer?embedded=true&url=https:\/\/forumrozwojumiast.poznan.pl\/2017\/wp-content\/uploads\/2017\/12\/j-sims_b-kezy_a-talent-friendly-city.pptx\" width=\"600\" height=\"400\" class=\"su-document\" title=\"\"><\/iframe><\/div>\n","protected":false},"excerpt":{"rendered":"<p>Abstract: URBACT Om\u00f3wione zostan\u0105 dobre praktyki miejskie w nast\u0119puj\u0105cych dziedzinach: mieszkalnictwo, pokolenie Y, transport publiczny i przestrze\u0144 publiczna w centrum miasta. Podczas sesji odkryte zostan\u0105 metody, jakimi pos\u0142uguj\u0105 si\u0119 miasta w celu przezwyci\u0119\u017cania przeci\u0105\u017ceniu rynk\u00f3w pracy i dostosowania si\u0119 do zmiennych potrzeb konsument\u00f3w, aby w korzystniejszym \u015bwietle prezentowa\u0107 sw\u00f3j wizerunek obecnym i przysz\u0142ym mieszka\u0144com miasta. &hellip; <\/p>\n<p class=\"link-more\"><a href=\"https:\/\/forumrozwojumiast.poznan.pl\/2017\/program\/urbact\/\" class=\"more-link\">Continue reading<span class=\"screen-reader-text\"> &#8222;URBACT&#8221;<\/span><\/a><\/p>\n","protected":false},"author":1,"featured_media":0,"parent":15,"menu_order":2,"comment_status":"closed","ping_status":"closed","template":"","meta":{"_acf_changed":false,"inline_featured_image":false,"ngg_post_thumbnail":0,"footnotes":""},"class_list":["post-1072","page","type-page","status-publish","hentry"],"acf":[],"yoast_head":"<!-- This site is optimized with the Yoast SEO plugin v27.4 - https:\/\/yoast.com\/product\/yoast-seo-wordpress\/ -->\n<title>URBACT - Forum Rozwoju Miast<\/title>\n<meta name=\"robots\" content=\"index, follow, max-snippet:-1, max-image-preview:large, max-video-preview:-1\" \/>\n<link rel=\"canonical\" href=\"https:\/\/forumrozwojumiast.poznan.pl\/2017\/program\/urbact\/\" \/>\n<meta property=\"og:locale\" content=\"pl_PL\" \/>\n<meta property=\"og:type\" content=\"article\" \/>\n<meta property=\"og:title\" content=\"URBACT - Forum Rozwoju Miast\" \/>\n<meta property=\"og:description\" content=\"Abstract: URBACT Om\u00f3wione zostan\u0105 dobre praktyki miejskie w nast\u0119puj\u0105cych dziedzinach: mieszkalnictwo, pokolenie Y, transport publiczny i przestrze\u0144 publiczna w centrum miasta. Podczas sesji odkryte zostan\u0105 metody, jakimi pos\u0142uguj\u0105 si\u0119 miasta w celu przezwyci\u0119\u017cania przeci\u0105\u017ceniu rynk\u00f3w pracy i dostosowania si\u0119 do zmiennych potrzeb konsument\u00f3w, aby w korzystniejszym \u015bwietle prezentowa\u0107 sw\u00f3j wizerunek obecnym i przysz\u0142ym mieszka\u0144com miasta. &hellip; Continue reading &quot;URBACT&quot;\" \/>\n<meta property=\"og:url\" content=\"https:\/\/forumrozwojumiast.poznan.pl\/2017\/program\/urbact\/\" \/>\n<meta property=\"og:site_name\" content=\"Forum Rozwoju Miast\" \/>\n<meta property=\"article:modified_time\" content=\"2017-12-12T14:50:12+00:00\" \/>\n<meta name=\"twitter:card\" content=\"summary_large_image\" \/>\n<meta name=\"twitter:label1\" content=\"Szacowany czas czytania\" \/>\n\t<meta name=\"twitter:data1\" content=\"1 minuta\" \/>\n<script type=\"application\/ld+json\" class=\"yoast-schema-graph\">{\"@context\":\"https:\\\/\\\/schema.org\",\"@graph\":[{\"@type\":\"WebPage\",\"@id\":\"https:\\\/\\\/forumrozwojumiast.poznan.pl\\\/2017\\\/program\\\/urbact\\\/\",\"url\":\"https:\\\/\\\/forumrozwojumiast.poznan.pl\\\/2017\\\/program\\\/urbact\\\/\",\"name\":\"URBACT - Forum Rozwoju Miast\",\"isPartOf\":{\"@id\":\"https:\\\/\\\/forumrozwojumiast.poznan.pl\\\/2017\\\/#website\"},\"datePublished\":\"2017-10-12T09:56:30+00:00\",\"dateModified\":\"2017-12-12T14:50:12+00:00\",\"breadcrumb\":{\"@id\":\"https:\\\/\\\/forumrozwojumiast.poznan.pl\\\/2017\\\/program\\\/urbact\\\/#breadcrumb\"},\"inLanguage\":\"pl-PL\",\"potentialAction\":[{\"@type\":\"ReadAction\",\"target\":[\"https:\\\/\\\/forumrozwojumiast.poznan.pl\\\/2017\\\/program\\\/urbact\\\/\"]}]},{\"@type\":\"BreadcrumbList\",\"@id\":\"https:\\\/\\\/forumrozwojumiast.poznan.pl\\\/2017\\\/program\\\/urbact\\\/#breadcrumb\",\"itemListElement\":[{\"@type\":\"ListItem\",\"position\":1,\"name\":\"Strona g\u0142\u00f3wna\",\"item\":\"https:\\\/\\\/forumrozwojumiast.poznan.pl\\\/2017\\\/\"},{\"@type\":\"ListItem\",\"position\":2,\"name\":\"Program\",\"item\":\"https:\\\/\\\/forumrozwojumiast.poznan.pl\\\/2017\\\/program\\\/\"},{\"@type\":\"ListItem\",\"position\":3,\"name\":\"URBACT\"}]},{\"@type\":\"WebSite\",\"@id\":\"https:\\\/\\\/forumrozwojumiast.poznan.pl\\\/2017\\\/#website\",\"url\":\"https:\\\/\\\/forumrozwojumiast.poznan.pl\\\/2017\\\/\",\"name\":\"Forum Rozwoju Miast\",\"description\":\"Obywatelski wymiar strategicznego zarz\u0105dzania miastem\",\"publisher\":{\"@id\":\"https:\\\/\\\/forumrozwojumiast.poznan.pl\\\/2017\\\/#organization\"},\"potentialAction\":[{\"@type\":\"SearchAction\",\"target\":{\"@type\":\"EntryPoint\",\"urlTemplate\":\"https:\\\/\\\/forumrozwojumiast.poznan.pl\\\/2017\\\/?s={search_term_string}\"},\"query-input\":{\"@type\":\"PropertyValueSpecification\",\"valueRequired\":true,\"valueName\":\"search_term_string\"}}],\"inLanguage\":\"pl-PL\"},{\"@type\":\"Organization\",\"@id\":\"https:\\\/\\\/forumrozwojumiast.poznan.pl\\\/2017\\\/#organization\",\"name\":\"Forum Rozwoju Miast\",\"url\":\"https:\\\/\\\/forumrozwojumiast.poznan.pl\\\/2017\\\/\",\"logo\":{\"@type\":\"ImageObject\",\"inLanguage\":\"pl-PL\",\"@id\":\"https:\\\/\\\/forumrozwojumiast.poznan.pl\\\/2017\\\/#\\\/schema\\\/logo\\\/image\\\/\",\"url\":\"https:\\\/\\\/forumrozwojumiast.poznan.pl\\\/2017\\\/wp-content\\\/uploads\\\/2017\\\/09\\\/cropped-FORUM-ROZWOJU-MIAST-3.png\",\"contentUrl\":\"https:\\\/\\\/forumrozwojumiast.poznan.pl\\\/2017\\\/wp-content\\\/uploads\\\/2017\\\/09\\\/cropped-FORUM-ROZWOJU-MIAST-3.png\",\"width\":627,\"height\":250,\"caption\":\"Forum Rozwoju Miast\"},\"image\":{\"@id\":\"https:\\\/\\\/forumrozwojumiast.poznan.pl\\\/2017\\\/#\\\/schema\\\/logo\\\/image\\\/\"}}]}<\/script>\n<!-- \/ Yoast SEO plugin. -->","yoast_head_json":{"title":"URBACT - Forum Rozwoju Miast","robots":{"index":"index","follow":"follow","max-snippet":"max-snippet:-1","max-image-preview":"max-image-preview:large","max-video-preview":"max-video-preview:-1"},"canonical":"https:\/\/forumrozwojumiast.poznan.pl\/2017\/program\/urbact\/","og_locale":"pl_PL","og_type":"article","og_title":"URBACT - Forum Rozwoju Miast","og_description":"Abstract: URBACT Om\u00f3wione zostan\u0105 dobre praktyki miejskie w nast\u0119puj\u0105cych dziedzinach: mieszkalnictwo, pokolenie Y, transport publiczny i przestrze\u0144 publiczna w centrum miasta. Podczas sesji odkryte zostan\u0105 metody, jakimi pos\u0142uguj\u0105 si\u0119 miasta w celu przezwyci\u0119\u017cania przeci\u0105\u017ceniu rynk\u00f3w pracy i dostosowania si\u0119 do zmiennych potrzeb konsument\u00f3w, aby w korzystniejszym \u015bwietle prezentowa\u0107 sw\u00f3j wizerunek obecnym i przysz\u0142ym mieszka\u0144com miasta. &hellip; Continue reading \"URBACT\"","og_url":"https:\/\/forumrozwojumiast.poznan.pl\/2017\/program\/urbact\/","og_site_name":"Forum Rozwoju Miast","article_modified_time":"2017-12-12T14:50:12+00:00","twitter_card":"summary_large_image","twitter_misc":{"Szacowany czas czytania":"1 minuta"},"schema":{"@context":"https:\/\/schema.org","@graph":[{"@type":"WebPage","@id":"https:\/\/forumrozwojumiast.poznan.pl\/2017\/program\/urbact\/","url":"https:\/\/forumrozwojumiast.poznan.pl\/2017\/program\/urbact\/","name":"URBACT - Forum Rozwoju Miast","isPartOf":{"@id":"https:\/\/forumrozwojumiast.poznan.pl\/2017\/#website"},"datePublished":"2017-10-12T09:56:30+00:00","dateModified":"2017-12-12T14:50:12+00:00","breadcrumb":{"@id":"https:\/\/forumrozwojumiast.poznan.pl\/2017\/program\/urbact\/#breadcrumb"},"inLanguage":"pl-PL","potentialAction":[{"@type":"ReadAction","target":["https:\/\/forumrozwojumiast.poznan.pl\/2017\/program\/urbact\/"]}]},{"@type":"BreadcrumbList","@id":"https:\/\/forumrozwojumiast.poznan.pl\/2017\/program\/urbact\/#breadcrumb","itemListElement":[{"@type":"ListItem","position":1,"name":"Strona g\u0142\u00f3wna","item":"https:\/\/forumrozwojumiast.poznan.pl\/2017\/"},{"@type":"ListItem","position":2,"name":"Program","item":"https:\/\/forumrozwojumiast.poznan.pl\/2017\/program\/"},{"@type":"ListItem","position":3,"name":"URBACT"}]},{"@type":"WebSite","@id":"https:\/\/forumrozwojumiast.poznan.pl\/2017\/#website","url":"https:\/\/forumrozwojumiast.poznan.pl\/2017\/","name":"Forum Rozwoju Miast","description":"Obywatelski wymiar strategicznego zarz\u0105dzania miastem","publisher":{"@id":"https:\/\/forumrozwojumiast.poznan.pl\/2017\/#organization"},"potentialAction":[{"@type":"SearchAction","target":{"@type":"EntryPoint","urlTemplate":"https:\/\/forumrozwojumiast.poznan.pl\/2017\/?s={search_term_string}"},"query-input":{"@type":"PropertyValueSpecification","valueRequired":true,"valueName":"search_term_string"}}],"inLanguage":"pl-PL"},{"@type":"Organization","@id":"https:\/\/forumrozwojumiast.poznan.pl\/2017\/#organization","name":"Forum Rozwoju Miast","url":"https:\/\/forumrozwojumiast.poznan.pl\/2017\/","logo":{"@type":"ImageObject","inLanguage":"pl-PL","@id":"https:\/\/forumrozwojumiast.poznan.pl\/2017\/#\/schema\/logo\/image\/","url":"https:\/\/forumrozwojumiast.poznan.pl\/2017\/wp-content\/uploads\/2017\/09\/cropped-FORUM-ROZWOJU-MIAST-3.png","contentUrl":"https:\/\/forumrozwojumiast.poznan.pl\/2017\/wp-content\/uploads\/2017\/09\/cropped-FORUM-ROZWOJU-MIAST-3.png","width":627,"height":250,"caption":"Forum Rozwoju Miast"},"image":{"@id":"https:\/\/forumrozwojumiast.poznan.pl\/2017\/#\/schema\/logo\/image\/"}}]}},"_links":{"self":[{"href":"https:\/\/forumrozwojumiast.poznan.pl\/2017\/wp-json\/wp\/v2\/pages\/1072","targetHints":{"allow":["GET"]}}],"collection":[{"href":"https:\/\/forumrozwojumiast.poznan.pl\/2017\/wp-json\/wp\/v2\/pages"}],"about":[{"href":"https:\/\/forumrozwojumiast.poznan.pl\/2017\/wp-json\/wp\/v2\/types\/page"}],"author":[{"embeddable":true,"href":"https:\/\/forumrozwojumiast.poznan.pl\/2017\/wp-json\/wp\/v2\/users\/1"}],"replies":[{"embeddable":true,"href":"https:\/\/forumrozwojumiast.poznan.pl\/2017\/wp-json\/wp\/v2\/comments?post=1072"}],"version-history":[{"count":4,"href":"https:\/\/forumrozwojumiast.poznan.pl\/2017\/wp-json\/wp\/v2\/pages\/1072\/revisions"}],"predecessor-version":[{"id":1536,"href":"https:\/\/forumrozwojumiast.poznan.pl\/2017\/wp-json\/wp\/v2\/pages\/1072\/revisions\/1536"}],"up":[{"embeddable":true,"href":"https:\/\/forumrozwojumiast.poznan.pl\/2017\/wp-json\/wp\/v2\/pages\/15"}],"wp:attachment":[{"href":"https:\/\/forumrozwojumiast.poznan.pl\/2017\/wp-json\/wp\/v2\/media?parent=1072"}],"curies":[{"name":"wp","href":"https:\/\/api.w.org\/{rel}","templated":true}]}}