{"id":1075,"date":"2017-10-12T11:57:55","date_gmt":"2017-10-12T09:57:55","guid":{"rendered":"https:\/\/forumrozwojumiast.poznan.pl\/2017\/?page_id=1075"},"modified":"2017-10-13T10:11:10","modified_gmt":"2017-10-13T08:11:10","slug":"innowacje-oparte-zmianie-znaczenia","status":"publish","type":"page","link":"https:\/\/forumrozwojumiast.poznan.pl\/2017\/program\/innowacje-oparte-zmianie-znaczenia\/","title":{"rendered":"Innowacje oparte na zmianie znaczenia"},"content":{"rendered":"<p><strong>Abstract: Innowacje oparte na zmianie znaczenia<\/strong><\/p>\n<p>Technologie cyfrowe pozwalaj\u0105 w dzisiejszych czasach na w\u0142\u0105czenie wi\u0119kszej ilo\u015bci ludzi w projektowanie takiego miasta, jakiego chc\u0105. Takie rozszerzone uczestnictwo (lub wsp\u00f3lne tworzenie) brzmi ekscytuj\u0105co. Ale nie tylko \u2013 przynosi tak\u017ce wa\u017cne wyzwania. Jak wyj\u015b\u0107 poza rozproszone pomys\u0142y i propozycje? Jak w morzu bod\u017ac\u00f3w rozpozna\u0107 sensowny kierunek? Jak osi\u0105gn\u0105\u0107 zbie\u017cno\u015b\u0107 w d\u0105\u017ceniach do realizacji takiej wizji, jaka zachwyci mieszka\u0144c\u00f3w? Jak unikn\u0105\u0107 utkni\u0119cia w paradoksie pomys\u0142\u00f3w (im wi\u0119cej pomys\u0142\u00f3w wyra\u017camy, tym gorzej przek\u0142ada si\u0119 to na realne dzia\u0142anie)?<\/p>\n<p>Roberto Verganti podzieli si\u0119 swoimi spostrze\u017ceniami i swoimi badaniami zbiorowej wizji rozwoju w \u015bwiecie przepe\u0142nionym pomys\u0142ami. Poka\u017ce, jak uformowa\u0107 konstruktywn\u0105 wizj\u0119 wzbudzaj\u0105c\u0105 zachwyt ludzi i stymuluj\u0105c\u0105 zbiorowe zmiany.<\/p>\n","protected":false},"excerpt":{"rendered":"<p>Abstract: Innowacje oparte na zmianie znaczenia Technologie cyfrowe pozwalaj\u0105 w dzisiejszych czasach na w\u0142\u0105czenie wi\u0119kszej ilo\u015bci ludzi w projektowanie takiego miasta, jakiego chc\u0105. Takie rozszerzone uczestnictwo (lub wsp\u00f3lne tworzenie) brzmi ekscytuj\u0105co. Ale nie tylko \u2013 przynosi tak\u017ce wa\u017cne wyzwania. Jak wyj\u015b\u0107 poza rozproszone pomys\u0142y i propozycje? Jak w morzu bod\u017ac\u00f3w rozpozna\u0107 sensowny kierunek? Jak osi\u0105gn\u0105\u0107 &hellip; <\/p>\n<p class=\"link-more\"><a href=\"https:\/\/forumrozwojumiast.poznan.pl\/2017\/program\/innowacje-oparte-zmianie-znaczenia\/\" class=\"more-link\">Continue reading<span class=\"screen-reader-text\"> &#8222;Innowacje oparte na zmianie znaczenia&#8221;<\/span><\/a><\/p>\n","protected":false},"author":1,"featured_media":0,"parent":15,"menu_order":2,"comment_status":"closed","ping_status":"closed","template":"","meta":{"_acf_changed":false,"inline_featured_image":false,"ngg_post_thumbnail":0,"footnotes":""},"class_list":["post-1075","page","type-page","status-publish","hentry"],"acf":[],"yoast_head":"<!-- This site is optimized with the Yoast SEO plugin v27.4 - https:\/\/yoast.com\/product\/yoast-seo-wordpress\/ -->\n<title>Innowacje oparte na zmianie znaczenia - Forum Rozwoju Miast<\/title>\n<meta name=\"robots\" content=\"index, follow, max-snippet:-1, max-image-preview:large, max-video-preview:-1\" \/>\n<link rel=\"canonical\" href=\"https:\/\/forumrozwojumiast.poznan.pl\/2017\/program\/innowacje-oparte-zmianie-znaczenia\/\" \/>\n<meta property=\"og:locale\" content=\"pl_PL\" \/>\n<meta property=\"og:type\" content=\"article\" \/>\n<meta property=\"og:title\" content=\"Innowacje oparte na zmianie znaczenia - Forum Rozwoju Miast\" \/>\n<meta property=\"og:description\" content=\"Abstract: Innowacje oparte na zmianie znaczenia Technologie cyfrowe pozwalaj\u0105 w dzisiejszych czasach na w\u0142\u0105czenie wi\u0119kszej ilo\u015bci ludzi w projektowanie takiego miasta, jakiego chc\u0105. Takie rozszerzone uczestnictwo (lub wsp\u00f3lne tworzenie) brzmi ekscytuj\u0105co. Ale nie tylko \u2013 przynosi tak\u017ce wa\u017cne wyzwania. Jak wyj\u015b\u0107 poza rozproszone pomys\u0142y i propozycje? Jak w morzu bod\u017ac\u00f3w rozpozna\u0107 sensowny kierunek? Jak osi\u0105gn\u0105\u0107 &hellip; Continue reading &quot;Innowacje oparte na zmianie znaczenia&quot;\" \/>\n<meta property=\"og:url\" content=\"https:\/\/forumrozwojumiast.poznan.pl\/2017\/program\/innowacje-oparte-zmianie-znaczenia\/\" \/>\n<meta property=\"og:site_name\" content=\"Forum Rozwoju Miast\" \/>\n<meta property=\"article:modified_time\" content=\"2017-10-13T08:11:10+00:00\" \/>\n<meta name=\"twitter:card\" content=\"summary_large_image\" \/>\n<meta name=\"twitter:label1\" content=\"Szacowany czas czytania\" \/>\n\t<meta name=\"twitter:data1\" content=\"1 minuta\" \/>\n<script type=\"application\/ld+json\" class=\"yoast-schema-graph\">{\"@context\":\"https:\\\/\\\/schema.org\",\"@graph\":[{\"@type\":\"WebPage\",\"@id\":\"https:\\\/\\\/forumrozwojumiast.poznan.pl\\\/2017\\\/program\\\/innowacje-oparte-zmianie-znaczenia\\\/\",\"url\":\"https:\\\/\\\/forumrozwojumiast.poznan.pl\\\/2017\\\/program\\\/innowacje-oparte-zmianie-znaczenia\\\/\",\"name\":\"Innowacje oparte na zmianie znaczenia - Forum Rozwoju Miast\",\"isPartOf\":{\"@id\":\"https:\\\/\\\/forumrozwojumiast.poznan.pl\\\/2017\\\/#website\"},\"datePublished\":\"2017-10-12T09:57:55+00:00\",\"dateModified\":\"2017-10-13T08:11:10+00:00\",\"breadcrumb\":{\"@id\":\"https:\\\/\\\/forumrozwojumiast.poznan.pl\\\/2017\\\/program\\\/innowacje-oparte-zmianie-znaczenia\\\/#breadcrumb\"},\"inLanguage\":\"pl-PL\",\"potentialAction\":[{\"@type\":\"ReadAction\",\"target\":[\"https:\\\/\\\/forumrozwojumiast.poznan.pl\\\/2017\\\/program\\\/innowacje-oparte-zmianie-znaczenia\\\/\"]}]},{\"@type\":\"BreadcrumbList\",\"@id\":\"https:\\\/\\\/forumrozwojumiast.poznan.pl\\\/2017\\\/program\\\/innowacje-oparte-zmianie-znaczenia\\\/#breadcrumb\",\"itemListElement\":[{\"@type\":\"ListItem\",\"position\":1,\"name\":\"Strona g\u0142\u00f3wna\",\"item\":\"https:\\\/\\\/forumrozwojumiast.poznan.pl\\\/2017\\\/\"},{\"@type\":\"ListItem\",\"position\":2,\"name\":\"Program\",\"item\":\"https:\\\/\\\/forumrozwojumiast.poznan.pl\\\/2017\\\/program\\\/\"},{\"@type\":\"ListItem\",\"position\":3,\"name\":\"Innowacje oparte na zmianie znaczenia\"}]},{\"@type\":\"WebSite\",\"@id\":\"https:\\\/\\\/forumrozwojumiast.poznan.pl\\\/2017\\\/#website\",\"url\":\"https:\\\/\\\/forumrozwojumiast.poznan.pl\\\/2017\\\/\",\"name\":\"Forum Rozwoju Miast\",\"description\":\"Obywatelski wymiar strategicznego zarz\u0105dzania miastem\",\"publisher\":{\"@id\":\"https:\\\/\\\/forumrozwojumiast.poznan.pl\\\/2017\\\/#organization\"},\"potentialAction\":[{\"@type\":\"SearchAction\",\"target\":{\"@type\":\"EntryPoint\",\"urlTemplate\":\"https:\\\/\\\/forumrozwojumiast.poznan.pl\\\/2017\\\/?s={search_term_string}\"},\"query-input\":{\"@type\":\"PropertyValueSpecification\",\"valueRequired\":true,\"valueName\":\"search_term_string\"}}],\"inLanguage\":\"pl-PL\"},{\"@type\":\"Organization\",\"@id\":\"https:\\\/\\\/forumrozwojumiast.poznan.pl\\\/2017\\\/#organization\",\"name\":\"Forum Rozwoju Miast\",\"url\":\"https:\\\/\\\/forumrozwojumiast.poznan.pl\\\/2017\\\/\",\"logo\":{\"@type\":\"ImageObject\",\"inLanguage\":\"pl-PL\",\"@id\":\"https:\\\/\\\/forumrozwojumiast.poznan.pl\\\/2017\\\/#\\\/schema\\\/logo\\\/image\\\/\",\"url\":\"https:\\\/\\\/forumrozwojumiast.poznan.pl\\\/2017\\\/wp-content\\\/uploads\\\/2017\\\/09\\\/cropped-FORUM-ROZWOJU-MIAST-3.png\",\"contentUrl\":\"https:\\\/\\\/forumrozwojumiast.poznan.pl\\\/2017\\\/wp-content\\\/uploads\\\/2017\\\/09\\\/cropped-FORUM-ROZWOJU-MIAST-3.png\",\"width\":627,\"height\":250,\"caption\":\"Forum Rozwoju Miast\"},\"image\":{\"@id\":\"https:\\\/\\\/forumrozwojumiast.poznan.pl\\\/2017\\\/#\\\/schema\\\/logo\\\/image\\\/\"}}]}<\/script>\n<!-- \/ Yoast SEO plugin. -->","yoast_head_json":{"title":"Innowacje oparte na zmianie znaczenia - Forum Rozwoju Miast","robots":{"index":"index","follow":"follow","max-snippet":"max-snippet:-1","max-image-preview":"max-image-preview:large","max-video-preview":"max-video-preview:-1"},"canonical":"https:\/\/forumrozwojumiast.poznan.pl\/2017\/program\/innowacje-oparte-zmianie-znaczenia\/","og_locale":"pl_PL","og_type":"article","og_title":"Innowacje oparte na zmianie znaczenia - Forum Rozwoju Miast","og_description":"Abstract: Innowacje oparte na zmianie znaczenia Technologie cyfrowe pozwalaj\u0105 w dzisiejszych czasach na w\u0142\u0105czenie wi\u0119kszej ilo\u015bci ludzi w projektowanie takiego miasta, jakiego chc\u0105. Takie rozszerzone uczestnictwo (lub wsp\u00f3lne tworzenie) brzmi ekscytuj\u0105co. Ale nie tylko \u2013 przynosi tak\u017ce wa\u017cne wyzwania. Jak wyj\u015b\u0107 poza rozproszone pomys\u0142y i propozycje? Jak w morzu bod\u017ac\u00f3w rozpozna\u0107 sensowny kierunek? Jak osi\u0105gn\u0105\u0107 &hellip; Continue reading \"Innowacje oparte na zmianie znaczenia\"","og_url":"https:\/\/forumrozwojumiast.poznan.pl\/2017\/program\/innowacje-oparte-zmianie-znaczenia\/","og_site_name":"Forum Rozwoju Miast","article_modified_time":"2017-10-13T08:11:10+00:00","twitter_card":"summary_large_image","twitter_misc":{"Szacowany czas czytania":"1 minuta"},"schema":{"@context":"https:\/\/schema.org","@graph":[{"@type":"WebPage","@id":"https:\/\/forumrozwojumiast.poznan.pl\/2017\/program\/innowacje-oparte-zmianie-znaczenia\/","url":"https:\/\/forumrozwojumiast.poznan.pl\/2017\/program\/innowacje-oparte-zmianie-znaczenia\/","name":"Innowacje oparte na zmianie znaczenia - Forum Rozwoju Miast","isPartOf":{"@id":"https:\/\/forumrozwojumiast.poznan.pl\/2017\/#website"},"datePublished":"2017-10-12T09:57:55+00:00","dateModified":"2017-10-13T08:11:10+00:00","breadcrumb":{"@id":"https:\/\/forumrozwojumiast.poznan.pl\/2017\/program\/innowacje-oparte-zmianie-znaczenia\/#breadcrumb"},"inLanguage":"pl-PL","potentialAction":[{"@type":"ReadAction","target":["https:\/\/forumrozwojumiast.poznan.pl\/2017\/program\/innowacje-oparte-zmianie-znaczenia\/"]}]},{"@type":"BreadcrumbList","@id":"https:\/\/forumrozwojumiast.poznan.pl\/2017\/program\/innowacje-oparte-zmianie-znaczenia\/#breadcrumb","itemListElement":[{"@type":"ListItem","position":1,"name":"Strona g\u0142\u00f3wna","item":"https:\/\/forumrozwojumiast.poznan.pl\/2017\/"},{"@type":"ListItem","position":2,"name":"Program","item":"https:\/\/forumrozwojumiast.poznan.pl\/2017\/program\/"},{"@type":"ListItem","position":3,"name":"Innowacje oparte na zmianie znaczenia"}]},{"@type":"WebSite","@id":"https:\/\/forumrozwojumiast.poznan.pl\/2017\/#website","url":"https:\/\/forumrozwojumiast.poznan.pl\/2017\/","name":"Forum Rozwoju Miast","description":"Obywatelski wymiar strategicznego zarz\u0105dzania miastem","publisher":{"@id":"https:\/\/forumrozwojumiast.poznan.pl\/2017\/#organization"},"potentialAction":[{"@type":"SearchAction","target":{"@type":"EntryPoint","urlTemplate":"https:\/\/forumrozwojumiast.poznan.pl\/2017\/?s={search_term_string}"},"query-input":{"@type":"PropertyValueSpecification","valueRequired":true,"valueName":"search_term_string"}}],"inLanguage":"pl-PL"},{"@type":"Organization","@id":"https:\/\/forumrozwojumiast.poznan.pl\/2017\/#organization","name":"Forum Rozwoju Miast","url":"https:\/\/forumrozwojumiast.poznan.pl\/2017\/","logo":{"@type":"ImageObject","inLanguage":"pl-PL","@id":"https:\/\/forumrozwojumiast.poznan.pl\/2017\/#\/schema\/logo\/image\/","url":"https:\/\/forumrozwojumiast.poznan.pl\/2017\/wp-content\/uploads\/2017\/09\/cropped-FORUM-ROZWOJU-MIAST-3.png","contentUrl":"https:\/\/forumrozwojumiast.poznan.pl\/2017\/wp-content\/uploads\/2017\/09\/cropped-FORUM-ROZWOJU-MIAST-3.png","width":627,"height":250,"caption":"Forum Rozwoju Miast"},"image":{"@id":"https:\/\/forumrozwojumiast.poznan.pl\/2017\/#\/schema\/logo\/image\/"}}]}},"_links":{"self":[{"href":"https:\/\/forumrozwojumiast.poznan.pl\/2017\/wp-json\/wp\/v2\/pages\/1075","targetHints":{"allow":["GET"]}}],"collection":[{"href":"https:\/\/forumrozwojumiast.poznan.pl\/2017\/wp-json\/wp\/v2\/pages"}],"about":[{"href":"https:\/\/forumrozwojumiast.poznan.pl\/2017\/wp-json\/wp\/v2\/types\/page"}],"author":[{"embeddable":true,"href":"https:\/\/forumrozwojumiast.poznan.pl\/2017\/wp-json\/wp\/v2\/users\/1"}],"replies":[{"embeddable":true,"href":"https:\/\/forumrozwojumiast.poznan.pl\/2017\/wp-json\/wp\/v2\/comments?post=1075"}],"version-history":[{"count":3,"href":"https:\/\/forumrozwojumiast.poznan.pl\/2017\/wp-json\/wp\/v2\/pages\/1075\/revisions"}],"predecessor-version":[{"id":1186,"href":"https:\/\/forumrozwojumiast.poznan.pl\/2017\/wp-json\/wp\/v2\/pages\/1075\/revisions\/1186"}],"up":[{"embeddable":true,"href":"https:\/\/forumrozwojumiast.poznan.pl\/2017\/wp-json\/wp\/v2\/pages\/15"}],"wp:attachment":[{"href":"https:\/\/forumrozwojumiast.poznan.pl\/2017\/wp-json\/wp\/v2\/media?parent=1075"}],"curies":[{"name":"wp","href":"https:\/\/api.w.org\/{rel}","templated":true}]}}