{"id":1146,"date":"2017-10-13T09:20:33","date_gmt":"2017-10-13T07:20:33","guid":{"rendered":"https:\/\/forumrozwojumiast.poznan.pl\/2017\/?page_id=1146"},"modified":"2017-10-13T10:05:27","modified_gmt":"2017-10-13T08:05:27","slug":"reinwencja-mobilnosci","status":"publish","type":"page","link":"https:\/\/forumrozwojumiast.poznan.pl\/2017\/program\/reinwencja-mobilnosci\/","title":{"rendered":"Reinwencja mobilno\u015bci"},"content":{"rendered":"<p>Wzburzenie w przemy\u015ble motoryzacyjnym trwa i b\u0119dzie kszta\u0142towane przez trzy wymiary\/mega trendy: zr\u00f3wnowa\u017cenie, urbanizacja i digitalizacja. Dzi\u0119ki rozwojowi system\u00f3w cyfrowych (np. AI, czujnik\u00f3w, system\u00f3w \u0142\u0105czno\u015bci) autonomiczne systemy b\u0119d\u0105 coraz bardziej zdolne do wykonywania zada\u0144, kt\u00f3re dot\u0105d by\u0142y wykonywane przez ludzi. Samoje\u017cd\u017c\u0105ce samochody staj\u0105 si\u0119 rzeczywisto\u015bci\u0105. Jednocze\u015bnie, modele biznesowe w transporcie us\u0142ugowym nabieraj\u0105 coraz wi\u0119kszego znaczenia, poniewa\u017c przyczyniaj\u0105 si\u0119 do spe\u0142niania wymaga\u0144 w zakresie mobilno\u015bci os\u00f3b fizycznych i przedsi\u0119biorstw.<\/p>\n<p>Opr\u00f3cz wspomnianych technologii i modeli biznesowych stosujemy nowe, skoncentrowane na ludziach podej\u015bcia do rozwoju (np. proces my\u015blowy cz\u0142owieka) w celu opracowania rozwi\u0105za\u0144 mobilnych, kt\u00f3re s\u0105 zorientowane na cz\u0142owieka i mog\u0105 pos\u0142u\u017cy\u0107 wy\u017cszym celom. W zwi\u0105zku z tym Volkswagen Group urzeczywistni swoj\u0105 wizj\u0119 cyfrow\u0105 &#8222;Mobilno\u015b\u0107 dla wszystkich &#8211; za naci\u015bni\u0119ciem przycisku&#8221;. Grupa Ekspert\u00f3w ds. Digitalizacji skonstruowa\u0142a cyfrow\u0105 transformacj\u0119 w trzech obszarach dzia\u0142a\u0144 skoncentrowanych na klientach: (Digital Customer [cyfrowy klient], Digital Products [cyfrowe produkty] i Digital Company [cyfrowa firma] w kt\u00f3rych rozwijane s\u0105 rozwi\u0105zania cyfrowe. Volkswagen Group stanie si\u0119 zintegrowanym podzespo\u0142em, oprogramowaniem, przedsi\u0119biorstwem us\u0142ugowym oraz wiod\u0105cym dostawc\u0105 zr\u00f3wnowa\u017conej mobilno\u015bci do 2025 roku.<\/p>\n","protected":false},"excerpt":{"rendered":"<p>Wzburzenie w przemy\u015ble motoryzacyjnym trwa i b\u0119dzie kszta\u0142towane przez trzy wymiary\/mega trendy: zr\u00f3wnowa\u017cenie, urbanizacja i digitalizacja. Dzi\u0119ki rozwojowi system\u00f3w cyfrowych (np. AI, czujnik\u00f3w, system\u00f3w \u0142\u0105czno\u015bci) autonomiczne systemy b\u0119d\u0105 coraz bardziej zdolne do wykonywania zada\u0144, kt\u00f3re dot\u0105d by\u0142y wykonywane przez ludzi. Samoje\u017cd\u017c\u0105ce samochody staj\u0105 si\u0119 rzeczywisto\u015bci\u0105. Jednocze\u015bnie, modele biznesowe w transporcie us\u0142ugowym nabieraj\u0105 coraz wi\u0119kszego znaczenia, &hellip; <\/p>\n<p class=\"link-more\"><a href=\"https:\/\/forumrozwojumiast.poznan.pl\/2017\/program\/reinwencja-mobilnosci\/\" class=\"more-link\">Continue reading<span class=\"screen-reader-text\"> &#8222;Reinwencja mobilno\u015bci&#8221;<\/span><\/a><\/p>\n","protected":false},"author":1,"featured_media":0,"parent":15,"menu_order":2,"comment_status":"closed","ping_status":"closed","template":"","meta":{"_acf_changed":false,"inline_featured_image":false,"ngg_post_thumbnail":0,"footnotes":""},"class_list":["post-1146","page","type-page","status-publish","hentry"],"acf":[],"yoast_head":"<!-- This site is optimized with the Yoast SEO plugin v27.4 - https:\/\/yoast.com\/product\/yoast-seo-wordpress\/ -->\n<title>Reinwencja mobilno\u015bci - Forum Rozwoju Miast<\/title>\n<meta name=\"robots\" content=\"index, follow, max-snippet:-1, max-image-preview:large, max-video-preview:-1\" \/>\n<link rel=\"canonical\" href=\"https:\/\/forumrozwojumiast.poznan.pl\/2017\/program\/reinwencja-mobilnosci\/\" \/>\n<meta property=\"og:locale\" content=\"pl_PL\" \/>\n<meta property=\"og:type\" content=\"article\" \/>\n<meta property=\"og:title\" content=\"Reinwencja mobilno\u015bci - Forum Rozwoju Miast\" \/>\n<meta property=\"og:description\" content=\"Wzburzenie w przemy\u015ble motoryzacyjnym trwa i b\u0119dzie kszta\u0142towane przez trzy wymiary\/mega trendy: zr\u00f3wnowa\u017cenie, urbanizacja i digitalizacja. Dzi\u0119ki rozwojowi system\u00f3w cyfrowych (np. AI, czujnik\u00f3w, system\u00f3w \u0142\u0105czno\u015bci) autonomiczne systemy b\u0119d\u0105 coraz bardziej zdolne do wykonywania zada\u0144, kt\u00f3re dot\u0105d by\u0142y wykonywane przez ludzi. Samoje\u017cd\u017c\u0105ce samochody staj\u0105 si\u0119 rzeczywisto\u015bci\u0105. Jednocze\u015bnie, modele biznesowe w transporcie us\u0142ugowym nabieraj\u0105 coraz wi\u0119kszego znaczenia, &hellip; Continue reading &quot;Reinwencja mobilno\u015bci&quot;\" \/>\n<meta property=\"og:url\" content=\"https:\/\/forumrozwojumiast.poznan.pl\/2017\/program\/reinwencja-mobilnosci\/\" \/>\n<meta property=\"og:site_name\" content=\"Forum Rozwoju Miast\" \/>\n<meta property=\"article:modified_time\" content=\"2017-10-13T08:05:27+00:00\" \/>\n<meta name=\"twitter:card\" content=\"summary_large_image\" \/>\n<meta name=\"twitter:label1\" content=\"Szacowany czas czytania\" \/>\n\t<meta name=\"twitter:data1\" content=\"1 minuta\" \/>\n<script type=\"application\/ld+json\" class=\"yoast-schema-graph\">{\"@context\":\"https:\\\/\\\/schema.org\",\"@graph\":[{\"@type\":\"WebPage\",\"@id\":\"https:\\\/\\\/forumrozwojumiast.poznan.pl\\\/2017\\\/program\\\/reinwencja-mobilnosci\\\/\",\"url\":\"https:\\\/\\\/forumrozwojumiast.poznan.pl\\\/2017\\\/program\\\/reinwencja-mobilnosci\\\/\",\"name\":\"Reinwencja mobilno\u015bci - Forum Rozwoju Miast\",\"isPartOf\":{\"@id\":\"https:\\\/\\\/forumrozwojumiast.poznan.pl\\\/2017\\\/#website\"},\"datePublished\":\"2017-10-13T07:20:33+00:00\",\"dateModified\":\"2017-10-13T08:05:27+00:00\",\"breadcrumb\":{\"@id\":\"https:\\\/\\\/forumrozwojumiast.poznan.pl\\\/2017\\\/program\\\/reinwencja-mobilnosci\\\/#breadcrumb\"},\"inLanguage\":\"pl-PL\",\"potentialAction\":[{\"@type\":\"ReadAction\",\"target\":[\"https:\\\/\\\/forumrozwojumiast.poznan.pl\\\/2017\\\/program\\\/reinwencja-mobilnosci\\\/\"]}]},{\"@type\":\"BreadcrumbList\",\"@id\":\"https:\\\/\\\/forumrozwojumiast.poznan.pl\\\/2017\\\/program\\\/reinwencja-mobilnosci\\\/#breadcrumb\",\"itemListElement\":[{\"@type\":\"ListItem\",\"position\":1,\"name\":\"Strona g\u0142\u00f3wna\",\"item\":\"https:\\\/\\\/forumrozwojumiast.poznan.pl\\\/2017\\\/\"},{\"@type\":\"ListItem\",\"position\":2,\"name\":\"Program\",\"item\":\"https:\\\/\\\/forumrozwojumiast.poznan.pl\\\/2017\\\/program\\\/\"},{\"@type\":\"ListItem\",\"position\":3,\"name\":\"Reinwencja mobilno\u015bci\"}]},{\"@type\":\"WebSite\",\"@id\":\"https:\\\/\\\/forumrozwojumiast.poznan.pl\\\/2017\\\/#website\",\"url\":\"https:\\\/\\\/forumrozwojumiast.poznan.pl\\\/2017\\\/\",\"name\":\"Forum Rozwoju Miast\",\"description\":\"Obywatelski wymiar strategicznego zarz\u0105dzania miastem\",\"publisher\":{\"@id\":\"https:\\\/\\\/forumrozwojumiast.poznan.pl\\\/2017\\\/#organization\"},\"potentialAction\":[{\"@type\":\"SearchAction\",\"target\":{\"@type\":\"EntryPoint\",\"urlTemplate\":\"https:\\\/\\\/forumrozwojumiast.poznan.pl\\\/2017\\\/?s={search_term_string}\"},\"query-input\":{\"@type\":\"PropertyValueSpecification\",\"valueRequired\":true,\"valueName\":\"search_term_string\"}}],\"inLanguage\":\"pl-PL\"},{\"@type\":\"Organization\",\"@id\":\"https:\\\/\\\/forumrozwojumiast.poznan.pl\\\/2017\\\/#organization\",\"name\":\"Forum Rozwoju Miast\",\"url\":\"https:\\\/\\\/forumrozwojumiast.poznan.pl\\\/2017\\\/\",\"logo\":{\"@type\":\"ImageObject\",\"inLanguage\":\"pl-PL\",\"@id\":\"https:\\\/\\\/forumrozwojumiast.poznan.pl\\\/2017\\\/#\\\/schema\\\/logo\\\/image\\\/\",\"url\":\"https:\\\/\\\/forumrozwojumiast.poznan.pl\\\/2017\\\/wp-content\\\/uploads\\\/2017\\\/09\\\/cropped-FORUM-ROZWOJU-MIAST-3.png\",\"contentUrl\":\"https:\\\/\\\/forumrozwojumiast.poznan.pl\\\/2017\\\/wp-content\\\/uploads\\\/2017\\\/09\\\/cropped-FORUM-ROZWOJU-MIAST-3.png\",\"width\":627,\"height\":250,\"caption\":\"Forum Rozwoju Miast\"},\"image\":{\"@id\":\"https:\\\/\\\/forumrozwojumiast.poznan.pl\\\/2017\\\/#\\\/schema\\\/logo\\\/image\\\/\"}}]}<\/script>\n<!-- \/ Yoast SEO plugin. -->","yoast_head_json":{"title":"Reinwencja mobilno\u015bci - Forum Rozwoju Miast","robots":{"index":"index","follow":"follow","max-snippet":"max-snippet:-1","max-image-preview":"max-image-preview:large","max-video-preview":"max-video-preview:-1"},"canonical":"https:\/\/forumrozwojumiast.poznan.pl\/2017\/program\/reinwencja-mobilnosci\/","og_locale":"pl_PL","og_type":"article","og_title":"Reinwencja mobilno\u015bci - Forum Rozwoju Miast","og_description":"Wzburzenie w przemy\u015ble motoryzacyjnym trwa i b\u0119dzie kszta\u0142towane przez trzy wymiary\/mega trendy: zr\u00f3wnowa\u017cenie, urbanizacja i digitalizacja. Dzi\u0119ki rozwojowi system\u00f3w cyfrowych (np. AI, czujnik\u00f3w, system\u00f3w \u0142\u0105czno\u015bci) autonomiczne systemy b\u0119d\u0105 coraz bardziej zdolne do wykonywania zada\u0144, kt\u00f3re dot\u0105d by\u0142y wykonywane przez ludzi. Samoje\u017cd\u017c\u0105ce samochody staj\u0105 si\u0119 rzeczywisto\u015bci\u0105. Jednocze\u015bnie, modele biznesowe w transporcie us\u0142ugowym nabieraj\u0105 coraz wi\u0119kszego znaczenia, &hellip; Continue reading \"Reinwencja mobilno\u015bci\"","og_url":"https:\/\/forumrozwojumiast.poznan.pl\/2017\/program\/reinwencja-mobilnosci\/","og_site_name":"Forum Rozwoju Miast","article_modified_time":"2017-10-13T08:05:27+00:00","twitter_card":"summary_large_image","twitter_misc":{"Szacowany czas czytania":"1 minuta"},"schema":{"@context":"https:\/\/schema.org","@graph":[{"@type":"WebPage","@id":"https:\/\/forumrozwojumiast.poznan.pl\/2017\/program\/reinwencja-mobilnosci\/","url":"https:\/\/forumrozwojumiast.poznan.pl\/2017\/program\/reinwencja-mobilnosci\/","name":"Reinwencja mobilno\u015bci - Forum Rozwoju Miast","isPartOf":{"@id":"https:\/\/forumrozwojumiast.poznan.pl\/2017\/#website"},"datePublished":"2017-10-13T07:20:33+00:00","dateModified":"2017-10-13T08:05:27+00:00","breadcrumb":{"@id":"https:\/\/forumrozwojumiast.poznan.pl\/2017\/program\/reinwencja-mobilnosci\/#breadcrumb"},"inLanguage":"pl-PL","potentialAction":[{"@type":"ReadAction","target":["https:\/\/forumrozwojumiast.poznan.pl\/2017\/program\/reinwencja-mobilnosci\/"]}]},{"@type":"BreadcrumbList","@id":"https:\/\/forumrozwojumiast.poznan.pl\/2017\/program\/reinwencja-mobilnosci\/#breadcrumb","itemListElement":[{"@type":"ListItem","position":1,"name":"Strona g\u0142\u00f3wna","item":"https:\/\/forumrozwojumiast.poznan.pl\/2017\/"},{"@type":"ListItem","position":2,"name":"Program","item":"https:\/\/forumrozwojumiast.poznan.pl\/2017\/program\/"},{"@type":"ListItem","position":3,"name":"Reinwencja mobilno\u015bci"}]},{"@type":"WebSite","@id":"https:\/\/forumrozwojumiast.poznan.pl\/2017\/#website","url":"https:\/\/forumrozwojumiast.poznan.pl\/2017\/","name":"Forum Rozwoju Miast","description":"Obywatelski wymiar strategicznego zarz\u0105dzania miastem","publisher":{"@id":"https:\/\/forumrozwojumiast.poznan.pl\/2017\/#organization"},"potentialAction":[{"@type":"SearchAction","target":{"@type":"EntryPoint","urlTemplate":"https:\/\/forumrozwojumiast.poznan.pl\/2017\/?s={search_term_string}"},"query-input":{"@type":"PropertyValueSpecification","valueRequired":true,"valueName":"search_term_string"}}],"inLanguage":"pl-PL"},{"@type":"Organization","@id":"https:\/\/forumrozwojumiast.poznan.pl\/2017\/#organization","name":"Forum Rozwoju Miast","url":"https:\/\/forumrozwojumiast.poznan.pl\/2017\/","logo":{"@type":"ImageObject","inLanguage":"pl-PL","@id":"https:\/\/forumrozwojumiast.poznan.pl\/2017\/#\/schema\/logo\/image\/","url":"https:\/\/forumrozwojumiast.poznan.pl\/2017\/wp-content\/uploads\/2017\/09\/cropped-FORUM-ROZWOJU-MIAST-3.png","contentUrl":"https:\/\/forumrozwojumiast.poznan.pl\/2017\/wp-content\/uploads\/2017\/09\/cropped-FORUM-ROZWOJU-MIAST-3.png","width":627,"height":250,"caption":"Forum Rozwoju Miast"},"image":{"@id":"https:\/\/forumrozwojumiast.poznan.pl\/2017\/#\/schema\/logo\/image\/"}}]}},"_links":{"self":[{"href":"https:\/\/forumrozwojumiast.poznan.pl\/2017\/wp-json\/wp\/v2\/pages\/1146","targetHints":{"allow":["GET"]}}],"collection":[{"href":"https:\/\/forumrozwojumiast.poznan.pl\/2017\/wp-json\/wp\/v2\/pages"}],"about":[{"href":"https:\/\/forumrozwojumiast.poznan.pl\/2017\/wp-json\/wp\/v2\/types\/page"}],"author":[{"embeddable":true,"href":"https:\/\/forumrozwojumiast.poznan.pl\/2017\/wp-json\/wp\/v2\/users\/1"}],"replies":[{"embeddable":true,"href":"https:\/\/forumrozwojumiast.poznan.pl\/2017\/wp-json\/wp\/v2\/comments?post=1146"}],"version-history":[{"count":3,"href":"https:\/\/forumrozwojumiast.poznan.pl\/2017\/wp-json\/wp\/v2\/pages\/1146\/revisions"}],"predecessor-version":[{"id":1179,"href":"https:\/\/forumrozwojumiast.poznan.pl\/2017\/wp-json\/wp\/v2\/pages\/1146\/revisions\/1179"}],"up":[{"embeddable":true,"href":"https:\/\/forumrozwojumiast.poznan.pl\/2017\/wp-json\/wp\/v2\/pages\/15"}],"wp:attachment":[{"href":"https:\/\/forumrozwojumiast.poznan.pl\/2017\/wp-json\/wp\/v2\/media?parent=1146"}],"curies":[{"name":"wp","href":"https:\/\/api.w.org\/{rel}","templated":true}]}}