{"id":1195,"date":"2017-10-19T08:30:58","date_gmt":"2017-10-19T06:30:58","guid":{"rendered":"https:\/\/forumrozwojumiast.poznan.pl\/2017\/?page_id=1195"},"modified":"2019-02-18T14:00:35","modified_gmt":"2019-02-18T13:00:35","slug":"koncepcja_i_realizacja","status":"publish","type":"page","link":"https:\/\/forumrozwojumiast.poznan.pl\/2017\/koncepcja_i_realizacja\/","title":{"rendered":"koncepcja i realizacja"},"content":{"rendered":"<table class=\"frm-agenda\" style=\"width: 821px;\">\n<tbody>\n<tr>\n<td style=\"width: 293px;\">&nbsp;<img loading=\"lazy\" decoding=\"async\" class=\"alignnone size-medium wp-image-1199\" src=\"https:\/\/forumrozwojumiast.poznan.pl\/2017\/wp-content\/uploads\/2017\/10\/22366287_739632709578065_3284278996326965157_n-300x300.jpg\" alt=\"\" width=\"300\" height=\"300\" srcset=\"https:\/\/forumrozwojumiast.poznan.pl\/2017\/wp-content\/uploads\/2017\/10\/22366287_739632709578065_3284278996326965157_n-300x300.jpg 300w, https:\/\/forumrozwojumiast.poznan.pl\/2017\/wp-content\/uploads\/2017\/10\/22366287_739632709578065_3284278996326965157_n-150x150.jpg 150w, https:\/\/forumrozwojumiast.poznan.pl\/2017\/wp-content\/uploads\/2017\/10\/22366287_739632709578065_3284278996326965157_n-100x100.jpg 100w, https:\/\/forumrozwojumiast.poznan.pl\/2017\/wp-content\/uploads\/2017\/10\/22366287_739632709578065_3284278996326965157_n.jpg 760w\" sizes=\"auto, (max-width: 300px) 100vw, 300px\" \/><\/td>\n<td class=\"frm-ag-content\" style=\"width: 515px;\">\n<div class=\"frm-author\"><span class=\"frm-author-s\">Iwona Matuszczak-Szulc<\/span><br \/>\n| dyrektor Wydzia\u0142u Rozwoju Miasta Poznania. Jest odpowiedzialna mi\u0119dzy innymi za proces uaktualniania i monitorowania Strategii Rozwoju Miasta Poznania oraz koordynowanie udzia\u0142u Poznania w Agendzie Miejskiej UE. Koordynuje stosunki zagraniczne miasta Poznania. Z wykorzystaniem finansowania UE, stworzy\u0142a skuteczn\u0105 sie\u0107 wsp\u00f3\u0142pracy w zakresie polityki i wymiany informacji, w kt\u00f3rej uczestniczy\u0142o wiele europejskich miast.&nbsp;&nbsp;Pomys\u0142odawczyni i g\u0142\u00f3wna organizatorka Forum Rozwoju Miast.<\/div>\n<div class=\"frm-a-last\"><\/div>\n<\/td>\n<\/tr>\n<tr>\n<td style=\"width: 293px;\">&nbsp;<img loading=\"lazy\" decoding=\"async\" class=\"alignnone size-medium wp-image-1028\" src=\"https:\/\/forumrozwojumiast.poznan.pl\/2017\/wp-content\/uploads\/2017\/10\/j-fazlagic-300x300.jpg\" alt=\"\" width=\"300\" height=\"300\" srcset=\"https:\/\/forumrozwojumiast.poznan.pl\/2017\/wp-content\/uploads\/2017\/10\/j-fazlagic-300x300.jpg 300w, https:\/\/forumrozwojumiast.poznan.pl\/2017\/wp-content\/uploads\/2017\/10\/j-fazlagic-150x150.jpg 150w, https:\/\/forumrozwojumiast.poznan.pl\/2017\/wp-content\/uploads\/2017\/10\/j-fazlagic-100x100.jpg 100w, https:\/\/forumrozwojumiast.poznan.pl\/2017\/wp-content\/uploads\/2017\/10\/j-fazlagic.jpg 346w\" sizes=\"auto, (max-width: 300px) 100vw, 300px\" \/><\/td>\n<td class=\"frm-ag-content\" style=\"width: 515px;\">\n<div class=\"frm-author\"><span class=\"frm-author-s\">dr hab. Jan Fazlagi\u0107<\/span><br \/>\n| profesor nadzwyczajny Uniwersytetu Ekonomicznego w Poznaniu. Jeden z autor\u00f3w Strategii Rozwoju Miasta Poznania 2020+. Autor wielu raport\u00f3w i ekspertyz z zakresu edukacji, zarz\u0105dzania wiedz\u0105, innowacyjno\u015bci oraz zarz\u0105dzania kapita\u0142em intelektualnym, m.in. raportu o innowacyjno\u015bci polskiej gospodarki Go Global! Uczestniczy\u0142 w wielu innowacyjnych projektach dotycz\u0105cych samorz\u0105d\u00f3w, m.in. \u201eKapita\u0142 Intelektualny powiat\u00f3w polskich\u201d czy projekt \u201eDigiPay4Growth\u201d. Autor g\u0142\u00f3wnych za\u0142o\u017ce\u0144 koncepcyjnych Forum Rozwoju Miast <a href=\"https:\/\/forumrozwojumiast.poznan.pl\/2017\/memoteza\/\">(memoteza)<\/a>.<\/div>\n<div class=\"frm-a-last\"><\/div>\n<\/td>\n<\/tr>\n<tr>\n<td style=\"width: 293px;\"><img loading=\"lazy\" decoding=\"async\" class=\"alignnone size-medium wp-image-1201\" src=\"https:\/\/forumrozwojumiast.poznan.pl\/2017\/wp-content\/uploads\/2017\/10\/A_Aleksandrzak_foto-300x300.jpg\" alt=\"\" width=\"300\" height=\"300\" srcset=\"https:\/\/forumrozwojumiast.poznan.pl\/2017\/wp-content\/uploads\/2017\/10\/A_Aleksandrzak_foto-300x300.jpg 300w, https:\/\/forumrozwojumiast.poznan.pl\/2017\/wp-content\/uploads\/2017\/10\/A_Aleksandrzak_foto-150x150.jpg 150w, https:\/\/forumrozwojumiast.poznan.pl\/2017\/wp-content\/uploads\/2017\/10\/A_Aleksandrzak_foto-768x768.jpg 768w, https:\/\/forumrozwojumiast.poznan.pl\/2017\/wp-content\/uploads\/2017\/10\/A_Aleksandrzak_foto-100x100.jpg 100w, https:\/\/forumrozwojumiast.poznan.pl\/2017\/wp-content\/uploads\/2017\/10\/A_Aleksandrzak_foto.jpg 884w\" sizes=\"auto, (max-width: 300px) 100vw, 300px\" \/><\/td>\n<td class=\"frm-ag-content\" style=\"width: 515px;\">\n<div class=\"frm-author\"><span class=\"frm-author-s\">Anna Aleksandrzak<\/span><br \/>\n|&nbsp;pe\u0142nomocniczka Prezydenta Miasta Poznania ds. kontakt\u00f3w instytucjonalnych. Kulturoznawczyni,&nbsp; absolwentka MPA. Zajmuje si\u0119 wsp\u00f3\u0142prac\u0105 z organizacjami i sieciami skupiaj\u0105cymi jednostki samorz\u0105du terytorialnego, a tak\u017ce mechanizmami wsp\u00f3\u0142pracy na obszarach metropolitalnych. Kierowa\u0142a projektami \u201epolskiej pomocy\u201d. Pracuje w Wydziale Rozwoju Miasta UMP. W ramach Forum Rozwoju Miast b\u0119dzie prowadz\u0105c\u0105 warsztaty dla os\u00f3b z Ukrainy: \u201ePomys\u0142 \u2013 biznes \u2013 innowacje: wsp\u00f3\u0142praca i wsparcie w dzia\u0142aniu\u201d.<\/div>\n<div class=\"frm-a-last\"><\/div>\n<\/td>\n<\/tr>\n<tr>\n<td style=\"width: 293px;\"><img loading=\"lazy\" decoding=\"async\" class=\"alignnone size-medium wp-image-1313\" src=\"https:\/\/forumrozwojumiast.poznan.pl\/2017\/wp-content\/uploads\/2017\/10\/aniaanderszjaworska-263x300.jpg\" alt=\"\" width=\"300\" height=\"337\"><\/td>\n<td class=\"frm-ag-content\" style=\"width: 515px;\">\n<div class=\"frm-author\"><span class=\"frm-author-s\">Anna Andersz-Jaworska<\/span><br \/>\n| absolwentka etnolingwistyki na Wydziale Neofilologii oraz europeistyki na Wydziale Prawa na Uniwersytecie im. Adama Mickiewicza w Poznaniu, a tak\u017ce Szko\u0142y T\u0142umaczy i J\u0119zyk\u00f3w Obcych. Prac\u0119 w Urz\u0119dzie Miasta Poznania rozpoczyna\u0142a na stanowisku asystentki Zast\u0119pcy Prezydenta. W Wydziale Rozwoju Miasta zajmuje si\u0119 wsp\u00f3\u0142prac\u0105 mi\u0119dzynardow\u0105 \u2013 orgaqnizacj\u0105 wizyt studyjnych, projektem Gen-Y City oraz kontaktami z miastami partnerskimi..<\/div>\n<div class=\"frm-a-last\"><\/div>\n<\/td>\n<\/tr>\n<tr>\n<td style=\"width: 293px;\"><img decoding=\"async\" class=\"alignnone size-medium wp-image-1205\" src=\"https:\/\/forumrozwojumiast.poznan.pl\/2017\/wp-content\/uploads\/2017\/10\/22635265_1583685261691017_1973486708_n-1-245x300.jpg\" alt=\"\" width=\"300\" height=\"&quot;355\" srcset=\"https:\/\/forumrozwojumiast.poznan.pl\/2017\/wp-content\/uploads\/2017\/10\/22635265_1583685261691017_1973486708_n-1-245x300.jpg 245w, https:\/\/forumrozwojumiast.poznan.pl\/2017\/wp-content\/uploads\/2017\/10\/22635265_1583685261691017_1973486708_n-1.jpg 669w\" sizes=\"(max-width: 245px) 100vw, 245px\" \/><\/td>\n<td class=\"frm-ag-content\" style=\"width: 515px;\">\n<div class=\"frm-author\"><span class=\"frm-author-s\">Joanna Jancz<\/span><br \/>\n| zaanga\u017cowana we wsp\u00f3\u0142prac\u0119 Miasta Poznania z \u015brodowiskiem akademickim i naukowym, doktorantka na Wydziale Nauk Politycznych i Dziennikarstwa (Uniwersytet im. Adama Mickiewicza w Poznaniu), uczestniczka i wsp\u00f3\u0142organizatorka licznych konferencji. Pracuje w Wydziale Rozwoju Miasta UMP. W ramach Forum Rozwoju Miast odpowiedzialna za promocj\u0119 wydarzenia oraz strategi\u0119 wizualn\u0105.<\/div>\n<div class=\"frm-a-last\"><\/div>\n<\/td>\n<\/tr>\n<tr>\n<td style=\"width: 293px;\">&nbsp;<img loading=\"lazy\" decoding=\"async\" class=\"alignnone size-medium wp-image-1212\" src=\"https:\/\/forumrozwojumiast.poznan.pl\/2017\/wp-content\/uploads\/2017\/10\/02-280x300.png\" alt=\"\" width=\"300\" height=\"320\" srcset=\"https:\/\/forumrozwojumiast.poznan.pl\/2017\/wp-content\/uploads\/2017\/10\/02-280x300.png 280w, https:\/\/forumrozwojumiast.poznan.pl\/2017\/wp-content\/uploads\/2017\/10\/02.png 657w\" sizes=\"auto, (max-width: 300px) 100vw, 300px\" \/><\/td>\n<td class=\"frm-ag-content\" style=\"width: 515px;\">\n<div class=\"frm-author\"><span class=\"frm-author-s\">dr Eliza Kania<\/span><\/div>\n<div class=\"frm-title\">\n<div class=\"frm-author\">| odpowiedzialna za wsp\u00f3\u0142prac\u0119 Miasta Poznania z \u015brodowiskiem akademickim i naukowym, w wymiarze krajowym i mi\u0119dzynarodowym.&nbsp; Doktor nauk politycznych, starszy wyk\u0142adowca na Wydziale Nauk Politycznych i Dziennikarstwa UAM, wsp\u00f3\u0142tw\u00f3rczyni i koordynatorka mi\u0119dzynarodowych projekt\u00f3w badawczych i edukacyjnych (<a href=\"http:\/\/newsliteracy.pl\/\">1<\/a>, <a href=\"http:\/\/revjournal.org\/\">2<\/a>).&nbsp; Pracuje w Wydziale Rozwoju Miasta UMP. W ramach Forum Rozwoju Miast odpowiedzialna za promocj\u0119 wydarzenia oraz strategi\u0119 wizualn\u0105.<\/div>\n<div class=\"frm-a-last\"><\/div>\n<\/div>\n<div class=\"frm-a-last\"><\/div>\n<\/td>\n<\/tr>\n<tr>\n<td style=\"width: 293px;\">&nbsp;<img loading=\"lazy\" decoding=\"async\" class=\"alignnone size-medium wp-image-1260\" src=\"https:\/\/forumrozwojumiast.poznan.pl\/2017\/wp-content\/uploads\/2017\/10\/paniEwa3-209x300.jpg\" alt=\"\" width=\"300\" height=\"391\"><\/td>\n<td class=\"frm-ag-content\" style=\"width: 515px;\">\n<div class=\"frm-author\"><span class=\"frm-author-s\">Ewa Majewska<\/span><\/div>\n<div class=\"frm-a-last\">&nbsp;| zajmuje si\u0119 monitorowaniem i ocen\u0105 rozwoju gospodarki samorz\u0105dowej i pozasamorz\u0105dowej. Pracuje w Wydziale Rozwoju Miasta UMP. W ramach Forum Rozwoju Miast odpowiedzialna za kontakty z uczestnikami i uczestniczkami konferencji oraz udzielanie informacji w sprawach ankiety na potrzeby warsztatu pt. &#8222;Rozko\u0142ysa\u0107 miasto&#8221;.<\/div>\n<\/td>\n<\/tr>\n<tr>\n<td style=\"width: 293px;\"><img loading=\"lazy\" decoding=\"async\" class=\"size-medium wp-image-433\" src=\"https:\/\/forumrozwojumiast.poznan.pl\/2017\/wp-content\/uploads\/2017\/09\/Maciej-fra_ckowiak-300x300.jpg\" alt=\"\" width=\"300\" height=\"300\" srcset=\"https:\/\/forumrozwojumiast.poznan.pl\/2017\/wp-content\/uploads\/2017\/09\/Maciej-fra_ckowiak-300x300.jpg 300w, https:\/\/forumrozwojumiast.poznan.pl\/2017\/wp-content\/uploads\/2017\/09\/Maciej-fra_ckowiak-150x150.jpg 150w, https:\/\/forumrozwojumiast.poznan.pl\/2017\/wp-content\/uploads\/2017\/09\/Maciej-fra_ckowiak-768x768.jpg 768w, https:\/\/forumrozwojumiast.poznan.pl\/2017\/wp-content\/uploads\/2017\/09\/Maciej-fra_ckowiak-1024x1024.jpg 1024w, https:\/\/forumrozwojumiast.poznan.pl\/2017\/wp-content\/uploads\/2017\/09\/Maciej-fra_ckowiak-100x100.jpg 100w, https:\/\/forumrozwojumiast.poznan.pl\/2017\/wp-content\/uploads\/2017\/09\/Maciej-fra_ckowiak.jpg 1695w\" sizes=\"auto, (max-width: 300px) 100vw, 300px\" \/><\/td>\n<td class=\"frm-ag-content\" style=\"width: 515px;\">\n<div><\/div>\n<div class=\"frm-author\"><span class=\"frm-author-s\">Maciej Fr\u0105ckowiak<\/span><\/div>\n<div class=\"frm-a-last\">socjolog, zainteresowany formami aktywno\u015bci i bezczynno\u015bci spo\u0142ecznej w miastach, edukacj\u0105 w kulturze, a tak\u017ce obrazem, kt\u00f3ry pr\u00f3buje traktowa\u0107 jako narz\u0119dzie i pretekst do bada\u0144 oraz zmiany relacji spo\u0142ecznych. Autor tekst\u00f3w, kurator i inicjator dzia\u0142a\u0144 w tych obszarach. Wsp\u00f3\u0142redaktor ksi\u0105\u017cek \u201cBadania wizualne w dzia\u0142aniu\u201d, \u201cKolaboratorium. Zmiana i wsp\u00f3\u0142dzia\u0142anie\u201d, \u201cSmutek konkretu\u201d. Wsp\u00f3\u0142autor ksi\u0105\u017cki \u201cNarz\u0119dziownia. Jak badali\u015bmy Niewidzialne Miasto?\u201d. W Instytucje Socjologii UAM przygotowuje prac\u0119 doktorsk\u0105 o strategiach interwencji wizualnej. Stypendysta Ministra Kultury i Dziedzictwa Narodowego (2017).&nbsp; W ramach Forum Rozwoju Miast odpowiedzialny za przygotowanie koncepcji debaty, warsztat\u00f3w dla dyrektor\u00f3w, oraz za\u0142o\u017ce\u0144 ankiety.<\/div>\n<\/td>\n<\/tr>\n<\/tbody>\n<\/table>\n","protected":false},"excerpt":{"rendered":"<p>&nbsp; Iwona Matuszczak-Szulc | dyrektor Wydzia\u0142u Rozwoju Miasta Poznania. Jest odpowiedzialna mi\u0119dzy innymi za proces uaktualniania i monitorowania Strategii Rozwoju Miasta Poznania oraz koordynowanie udzia\u0142u Poznania w Agendzie Miejskiej UE. Koordynuje stosunki zagraniczne miasta Poznania. Z wykorzystaniem finansowania UE, stworzy\u0142a skuteczn\u0105 sie\u0107 wsp\u00f3\u0142pracy w zakresie polityki i wymiany informacji, w kt\u00f3rej uczestniczy\u0142o wiele europejskich miast.&nbsp;&nbsp;Pomys\u0142odawczyni &hellip; <\/p>\n<p class=\"link-more\"><a href=\"https:\/\/forumrozwojumiast.poznan.pl\/2017\/koncepcja_i_realizacja\/\" class=\"more-link\">Continue reading<span class=\"screen-reader-text\"> &#8222;koncepcja i realizacja&#8221;<\/span><\/a><\/p>\n","protected":false},"author":1,"featured_media":0,"parent":0,"menu_order":0,"comment_status":"closed","ping_status":"closed","template":"","meta":{"_acf_changed":false,"inline_featured_image":false,"ngg_post_thumbnail":0,"footnotes":""},"class_list":["post-1195","page","type-page","status-publish","hentry"],"acf":[],"yoast_head":"<!-- This site is optimized with the Yoast SEO plugin v27.4 - https:\/\/yoast.com\/product\/yoast-seo-wordpress\/ -->\n<title>koncepcja i realizacja - Forum Rozwoju Miast<\/title>\n<meta name=\"robots\" content=\"index, follow, max-snippet:-1, max-image-preview:large, max-video-preview:-1\" \/>\n<link rel=\"canonical\" href=\"https:\/\/forumrozwojumiast.poznan.pl\/2017\/koncepcja_i_realizacja\/\" \/>\n<meta property=\"og:locale\" content=\"pl_PL\" \/>\n<meta property=\"og:type\" content=\"article\" \/>\n<meta property=\"og:title\" content=\"koncepcja i realizacja - Forum Rozwoju Miast\" \/>\n<meta property=\"og:description\" content=\"&nbsp; Iwona Matuszczak-Szulc | dyrektor Wydzia\u0142u Rozwoju Miasta Poznania. Jest odpowiedzialna mi\u0119dzy innymi za proces uaktualniania i monitorowania Strategii Rozwoju Miasta Poznania oraz koordynowanie udzia\u0142u Poznania w Agendzie Miejskiej UE. Koordynuje stosunki zagraniczne miasta Poznania. Z wykorzystaniem finansowania UE, stworzy\u0142a skuteczn\u0105 sie\u0107 wsp\u00f3\u0142pracy w zakresie polityki i wymiany informacji, w kt\u00f3rej uczestniczy\u0142o wiele europejskich miast.&nbsp;&nbsp;Pomys\u0142odawczyni &hellip; Continue reading &quot;koncepcja i realizacja&quot;\" \/>\n<meta property=\"og:url\" content=\"https:\/\/forumrozwojumiast.poznan.pl\/2017\/koncepcja_i_realizacja\/\" \/>\n<meta property=\"og:site_name\" content=\"Forum Rozwoju Miast\" \/>\n<meta property=\"article:modified_time\" content=\"2019-02-18T13:00:35+00:00\" \/>\n<meta property=\"og:image\" content=\"https:\/\/forumrozwojumiast.poznan.pl\/2017\/wp-content\/uploads\/2017\/10\/22366287_739632709578065_3284278996326965157_n-300x300.jpg\" \/>\n<meta name=\"twitter:card\" content=\"summary_large_image\" \/>\n<meta name=\"twitter:label1\" content=\"Szacowany czas czytania\" \/>\n\t<meta name=\"twitter:data1\" content=\"3 minuty\" \/>\n<script type=\"application\/ld+json\" class=\"yoast-schema-graph\">{\"@context\":\"https:\\\/\\\/schema.org\",\"@graph\":[{\"@type\":\"WebPage\",\"@id\":\"https:\\\/\\\/forumrozwojumiast.poznan.pl\\\/2017\\\/koncepcja_i_realizacja\\\/\",\"url\":\"https:\\\/\\\/forumrozwojumiast.poznan.pl\\\/2017\\\/koncepcja_i_realizacja\\\/\",\"name\":\"koncepcja i realizacja - Forum Rozwoju Miast\",\"isPartOf\":{\"@id\":\"https:\\\/\\\/forumrozwojumiast.poznan.pl\\\/2017\\\/#website\"},\"primaryImageOfPage\":{\"@id\":\"https:\\\/\\\/forumrozwojumiast.poznan.pl\\\/2017\\\/koncepcja_i_realizacja\\\/#primaryimage\"},\"image\":{\"@id\":\"https:\\\/\\\/forumrozwojumiast.poznan.pl\\\/2017\\\/koncepcja_i_realizacja\\\/#primaryimage\"},\"thumbnailUrl\":\"https:\\\/\\\/forumrozwojumiast.poznan.pl\\\/2017\\\/wp-content\\\/uploads\\\/2017\\\/10\\\/22366287_739632709578065_3284278996326965157_n-300x300.jpg\",\"datePublished\":\"2017-10-19T06:30:58+00:00\",\"dateModified\":\"2019-02-18T13:00:35+00:00\",\"breadcrumb\":{\"@id\":\"https:\\\/\\\/forumrozwojumiast.poznan.pl\\\/2017\\\/koncepcja_i_realizacja\\\/#breadcrumb\"},\"inLanguage\":\"pl-PL\",\"potentialAction\":[{\"@type\":\"ReadAction\",\"target\":[\"https:\\\/\\\/forumrozwojumiast.poznan.pl\\\/2017\\\/koncepcja_i_realizacja\\\/\"]}]},{\"@type\":\"ImageObject\",\"inLanguage\":\"pl-PL\",\"@id\":\"https:\\\/\\\/forumrozwojumiast.poznan.pl\\\/2017\\\/koncepcja_i_realizacja\\\/#primaryimage\",\"url\":\"https:\\\/\\\/forumrozwojumiast.poznan.pl\\\/2017\\\/wp-content\\\/uploads\\\/2017\\\/10\\\/22366287_739632709578065_3284278996326965157_n.jpg\",\"contentUrl\":\"https:\\\/\\\/forumrozwojumiast.poznan.pl\\\/2017\\\/wp-content\\\/uploads\\\/2017\\\/10\\\/22366287_739632709578065_3284278996326965157_n.jpg\",\"width\":760,\"height\":757},{\"@type\":\"BreadcrumbList\",\"@id\":\"https:\\\/\\\/forumrozwojumiast.poznan.pl\\\/2017\\\/koncepcja_i_realizacja\\\/#breadcrumb\",\"itemListElement\":[{\"@type\":\"ListItem\",\"position\":1,\"name\":\"Strona g\u0142\u00f3wna\",\"item\":\"https:\\\/\\\/forumrozwojumiast.poznan.pl\\\/2017\\\/\"},{\"@type\":\"ListItem\",\"position\":2,\"name\":\"koncepcja i realizacja\"}]},{\"@type\":\"WebSite\",\"@id\":\"https:\\\/\\\/forumrozwojumiast.poznan.pl\\\/2017\\\/#website\",\"url\":\"https:\\\/\\\/forumrozwojumiast.poznan.pl\\\/2017\\\/\",\"name\":\"Forum Rozwoju Miast\",\"description\":\"Obywatelski wymiar strategicznego zarz\u0105dzania miastem\",\"publisher\":{\"@id\":\"https:\\\/\\\/forumrozwojumiast.poznan.pl\\\/2017\\\/#organization\"},\"potentialAction\":[{\"@type\":\"SearchAction\",\"target\":{\"@type\":\"EntryPoint\",\"urlTemplate\":\"https:\\\/\\\/forumrozwojumiast.poznan.pl\\\/2017\\\/?s={search_term_string}\"},\"query-input\":{\"@type\":\"PropertyValueSpecification\",\"valueRequired\":true,\"valueName\":\"search_term_string\"}}],\"inLanguage\":\"pl-PL\"},{\"@type\":\"Organization\",\"@id\":\"https:\\\/\\\/forumrozwojumiast.poznan.pl\\\/2017\\\/#organization\",\"name\":\"Forum Rozwoju Miast\",\"url\":\"https:\\\/\\\/forumrozwojumiast.poznan.pl\\\/2017\\\/\",\"logo\":{\"@type\":\"ImageObject\",\"inLanguage\":\"pl-PL\",\"@id\":\"https:\\\/\\\/forumrozwojumiast.poznan.pl\\\/2017\\\/#\\\/schema\\\/logo\\\/image\\\/\",\"url\":\"https:\\\/\\\/forumrozwojumiast.poznan.pl\\\/2017\\\/wp-content\\\/uploads\\\/2017\\\/09\\\/cropped-FORUM-ROZWOJU-MIAST-3.png\",\"contentUrl\":\"https:\\\/\\\/forumrozwojumiast.poznan.pl\\\/2017\\\/wp-content\\\/uploads\\\/2017\\\/09\\\/cropped-FORUM-ROZWOJU-MIAST-3.png\",\"width\":627,\"height\":250,\"caption\":\"Forum Rozwoju Miast\"},\"image\":{\"@id\":\"https:\\\/\\\/forumrozwojumiast.poznan.pl\\\/2017\\\/#\\\/schema\\\/logo\\\/image\\\/\"}}]}<\/script>\n<!-- \/ Yoast SEO plugin. -->","yoast_head_json":{"title":"koncepcja i realizacja - Forum Rozwoju Miast","robots":{"index":"index","follow":"follow","max-snippet":"max-snippet:-1","max-image-preview":"max-image-preview:large","max-video-preview":"max-video-preview:-1"},"canonical":"https:\/\/forumrozwojumiast.poznan.pl\/2017\/koncepcja_i_realizacja\/","og_locale":"pl_PL","og_type":"article","og_title":"koncepcja i realizacja - Forum Rozwoju Miast","og_description":"&nbsp; Iwona Matuszczak-Szulc | dyrektor Wydzia\u0142u Rozwoju Miasta Poznania. Jest odpowiedzialna mi\u0119dzy innymi za proces uaktualniania i monitorowania Strategii Rozwoju Miasta Poznania oraz koordynowanie udzia\u0142u Poznania w Agendzie Miejskiej UE. Koordynuje stosunki zagraniczne miasta Poznania. Z wykorzystaniem finansowania UE, stworzy\u0142a skuteczn\u0105 sie\u0107 wsp\u00f3\u0142pracy w zakresie polityki i wymiany informacji, w kt\u00f3rej uczestniczy\u0142o wiele europejskich miast.&nbsp;&nbsp;Pomys\u0142odawczyni &hellip; Continue reading \"koncepcja i realizacja\"","og_url":"https:\/\/forumrozwojumiast.poznan.pl\/2017\/koncepcja_i_realizacja\/","og_site_name":"Forum Rozwoju Miast","article_modified_time":"2019-02-18T13:00:35+00:00","og_image":[{"url":"https:\/\/forumrozwojumiast.poznan.pl\/2017\/wp-content\/uploads\/2017\/10\/22366287_739632709578065_3284278996326965157_n-300x300.jpg","type":"","width":"","height":""}],"twitter_card":"summary_large_image","twitter_misc":{"Szacowany czas czytania":"3 minuty"},"schema":{"@context":"https:\/\/schema.org","@graph":[{"@type":"WebPage","@id":"https:\/\/forumrozwojumiast.poznan.pl\/2017\/koncepcja_i_realizacja\/","url":"https:\/\/forumrozwojumiast.poznan.pl\/2017\/koncepcja_i_realizacja\/","name":"koncepcja i realizacja - Forum Rozwoju Miast","isPartOf":{"@id":"https:\/\/forumrozwojumiast.poznan.pl\/2017\/#website"},"primaryImageOfPage":{"@id":"https:\/\/forumrozwojumiast.poznan.pl\/2017\/koncepcja_i_realizacja\/#primaryimage"},"image":{"@id":"https:\/\/forumrozwojumiast.poznan.pl\/2017\/koncepcja_i_realizacja\/#primaryimage"},"thumbnailUrl":"https:\/\/forumrozwojumiast.poznan.pl\/2017\/wp-content\/uploads\/2017\/10\/22366287_739632709578065_3284278996326965157_n-300x300.jpg","datePublished":"2017-10-19T06:30:58+00:00","dateModified":"2019-02-18T13:00:35+00:00","breadcrumb":{"@id":"https:\/\/forumrozwojumiast.poznan.pl\/2017\/koncepcja_i_realizacja\/#breadcrumb"},"inLanguage":"pl-PL","potentialAction":[{"@type":"ReadAction","target":["https:\/\/forumrozwojumiast.poznan.pl\/2017\/koncepcja_i_realizacja\/"]}]},{"@type":"ImageObject","inLanguage":"pl-PL","@id":"https:\/\/forumrozwojumiast.poznan.pl\/2017\/koncepcja_i_realizacja\/#primaryimage","url":"https:\/\/forumrozwojumiast.poznan.pl\/2017\/wp-content\/uploads\/2017\/10\/22366287_739632709578065_3284278996326965157_n.jpg","contentUrl":"https:\/\/forumrozwojumiast.poznan.pl\/2017\/wp-content\/uploads\/2017\/10\/22366287_739632709578065_3284278996326965157_n.jpg","width":760,"height":757},{"@type":"BreadcrumbList","@id":"https:\/\/forumrozwojumiast.poznan.pl\/2017\/koncepcja_i_realizacja\/#breadcrumb","itemListElement":[{"@type":"ListItem","position":1,"name":"Strona g\u0142\u00f3wna","item":"https:\/\/forumrozwojumiast.poznan.pl\/2017\/"},{"@type":"ListItem","position":2,"name":"koncepcja i realizacja"}]},{"@type":"WebSite","@id":"https:\/\/forumrozwojumiast.poznan.pl\/2017\/#website","url":"https:\/\/forumrozwojumiast.poznan.pl\/2017\/","name":"Forum Rozwoju Miast","description":"Obywatelski wymiar strategicznego zarz\u0105dzania miastem","publisher":{"@id":"https:\/\/forumrozwojumiast.poznan.pl\/2017\/#organization"},"potentialAction":[{"@type":"SearchAction","target":{"@type":"EntryPoint","urlTemplate":"https:\/\/forumrozwojumiast.poznan.pl\/2017\/?s={search_term_string}"},"query-input":{"@type":"PropertyValueSpecification","valueRequired":true,"valueName":"search_term_string"}}],"inLanguage":"pl-PL"},{"@type":"Organization","@id":"https:\/\/forumrozwojumiast.poznan.pl\/2017\/#organization","name":"Forum Rozwoju Miast","url":"https:\/\/forumrozwojumiast.poznan.pl\/2017\/","logo":{"@type":"ImageObject","inLanguage":"pl-PL","@id":"https:\/\/forumrozwojumiast.poznan.pl\/2017\/#\/schema\/logo\/image\/","url":"https:\/\/forumrozwojumiast.poznan.pl\/2017\/wp-content\/uploads\/2017\/09\/cropped-FORUM-ROZWOJU-MIAST-3.png","contentUrl":"https:\/\/forumrozwojumiast.poznan.pl\/2017\/wp-content\/uploads\/2017\/09\/cropped-FORUM-ROZWOJU-MIAST-3.png","width":627,"height":250,"caption":"Forum Rozwoju Miast"},"image":{"@id":"https:\/\/forumrozwojumiast.poznan.pl\/2017\/#\/schema\/logo\/image\/"}}]}},"_links":{"self":[{"href":"https:\/\/forumrozwojumiast.poznan.pl\/2017\/wp-json\/wp\/v2\/pages\/1195","targetHints":{"allow":["GET"]}}],"collection":[{"href":"https:\/\/forumrozwojumiast.poznan.pl\/2017\/wp-json\/wp\/v2\/pages"}],"about":[{"href":"https:\/\/forumrozwojumiast.poznan.pl\/2017\/wp-json\/wp\/v2\/types\/page"}],"author":[{"embeddable":true,"href":"https:\/\/forumrozwojumiast.poznan.pl\/2017\/wp-json\/wp\/v2\/users\/1"}],"replies":[{"embeddable":true,"href":"https:\/\/forumrozwojumiast.poznan.pl\/2017\/wp-json\/wp\/v2\/comments?post=1195"}],"version-history":[{"count":26,"href":"https:\/\/forumrozwojumiast.poznan.pl\/2017\/wp-json\/wp\/v2\/pages\/1195\/revisions"}],"predecessor-version":[{"id":1895,"href":"https:\/\/forumrozwojumiast.poznan.pl\/2017\/wp-json\/wp\/v2\/pages\/1195\/revisions\/1895"}],"wp:attachment":[{"href":"https:\/\/forumrozwojumiast.poznan.pl\/2017\/wp-json\/wp\/v2\/media?parent=1195"}],"curies":[{"name":"wp","href":"https:\/\/api.w.org\/{rel}","templated":true}]}}