{"id":1228,"date":"2017-10-19T11:05:47","date_gmt":"2017-10-19T09:05:47","guid":{"rendered":"https:\/\/forumrozwojumiast.poznan.pl\/2017\/?page_id=1228"},"modified":"2019-02-18T14:01:36","modified_gmt":"2019-02-18T13:01:36","slug":"idea-and-realization","status":"publish","type":"page","link":"https:\/\/forumrozwojumiast.poznan.pl\/2017\/idea-and-realization\/","title":{"rendered":"idea and realization"},"content":{"rendered":"<table class=\"frm-agenda\" style=\"width: 821px;\">\n<tbody>\n<tr>\n<td style=\"width: 293px;\">&nbsp;<img loading=\"lazy\" decoding=\"async\" class=\"alignnone size-medium wp-image-1199\" src=\"https:\/\/forumrozwojumiast.poznan.pl\/2017\/wp-content\/uploads\/2017\/10\/22366287_739632709578065_3284278996326965157_n-300x300.jpg\" alt=\"\" width=\"300\" height=\"300\" srcset=\"https:\/\/forumrozwojumiast.poznan.pl\/2017\/wp-content\/uploads\/2017\/10\/22366287_739632709578065_3284278996326965157_n-300x300.jpg 300w, https:\/\/forumrozwojumiast.poznan.pl\/2017\/wp-content\/uploads\/2017\/10\/22366287_739632709578065_3284278996326965157_n-150x150.jpg 150w, https:\/\/forumrozwojumiast.poznan.pl\/2017\/wp-content\/uploads\/2017\/10\/22366287_739632709578065_3284278996326965157_n-100x100.jpg 100w, https:\/\/forumrozwojumiast.poznan.pl\/2017\/wp-content\/uploads\/2017\/10\/22366287_739632709578065_3284278996326965157_n.jpg 760w\" sizes=\"auto, (max-width: 300px) 100vw, 300px\" \/><\/td>\n<td class=\"frm-ag-content\" style=\"width: 515px;\">\n<div class=\"frm-author\"><span class=\"frm-author-s\">Iwona Matuszczak-Szulc<\/span><br \/>\n| Pozna\u0144 City Development Department Director. She is responsible, among all others, for the process of actualisation and monitoring of the Pozna\u0144 City Development Strategy and coordination of Pozna\u0144 participation in the European Urban Agenda. She coordinates foreign relations of the City of Pozna\u0144. Applying the EU funding, she have created an effective cooperation network concerning politics and information exchange, involving many European cities. Originator and the main organiser of the Urban Development Forum.<\/div>\n<div class=\"frm-a-last\"><\/div>\n<\/td>\n<\/tr>\n<tr>\n<td style=\"width: 293px;\">&nbsp;<img loading=\"lazy\" decoding=\"async\" class=\"alignnone size-medium wp-image-1028\" src=\"https:\/\/forumrozwojumiast.poznan.pl\/2017\/wp-content\/uploads\/2017\/10\/j-fazlagic-300x300.jpg\" alt=\"\" width=\"300\" height=\"300\" srcset=\"https:\/\/forumrozwojumiast.poznan.pl\/2017\/wp-content\/uploads\/2017\/10\/j-fazlagic-300x300.jpg 300w, https:\/\/forumrozwojumiast.poznan.pl\/2017\/wp-content\/uploads\/2017\/10\/j-fazlagic-150x150.jpg 150w, https:\/\/forumrozwojumiast.poznan.pl\/2017\/wp-content\/uploads\/2017\/10\/j-fazlagic-100x100.jpg 100w, https:\/\/forumrozwojumiast.poznan.pl\/2017\/wp-content\/uploads\/2017\/10\/j-fazlagic.jpg 346w\" sizes=\"auto, (max-width: 300px) 100vw, 300px\" \/><\/td>\n<td class=\"frm-ag-content\" style=\"width: 515px;\">\n<div class=\"frm-author\"><span class=\"frm-author-s\">dr hab. Jan Fazlagi\u0107<\/span><br \/>\n| Associate Professor at the University of Economics in Poznan. One of the authors of the Strategy of Pozna\u0144 2020+. The author of numerous reports and expertises in the field of education, knowledge management, innovation management and intellectual capital, including a report on innovation in the Polish economy Go Global!, Report on confidence in Polish Business relationships and \u201cSchool for Innovator for the Ministry of Development for the Republic of Poland.&nbsp; He participated in many innovative projects for local governments, among others, \u201cIntellectual Capital of Polish counties\u201d and the project \u201cDigiPay4Growth\u201d. Responsible for creating general idea of City Developement Forum <a href=\"https:\/\/forumrozwojumiast.poznan.pl\/2017\/en\/memothesis\/\">(memothesis)<\/a>.<\/div>\n<div class=\"frm-a-last\"><\/div>\n<\/td>\n<\/tr>\n<tr>\n<td style=\"width: 293px;\"><img loading=\"lazy\" decoding=\"async\" class=\"alignnone size-medium wp-image-1201\" src=\"https:\/\/forumrozwojumiast.poznan.pl\/2017\/wp-content\/uploads\/2017\/10\/A_Aleksandrzak_foto-300x300.jpg\" alt=\"\" width=\"300\" height=\"300\" srcset=\"https:\/\/forumrozwojumiast.poznan.pl\/2017\/wp-content\/uploads\/2017\/10\/A_Aleksandrzak_foto-300x300.jpg 300w, https:\/\/forumrozwojumiast.poznan.pl\/2017\/wp-content\/uploads\/2017\/10\/A_Aleksandrzak_foto-150x150.jpg 150w, https:\/\/forumrozwojumiast.poznan.pl\/2017\/wp-content\/uploads\/2017\/10\/A_Aleksandrzak_foto-768x768.jpg 768w, https:\/\/forumrozwojumiast.poznan.pl\/2017\/wp-content\/uploads\/2017\/10\/A_Aleksandrzak_foto-100x100.jpg 100w, https:\/\/forumrozwojumiast.poznan.pl\/2017\/wp-content\/uploads\/2017\/10\/A_Aleksandrzak_foto.jpg 884w\" sizes=\"auto, (max-width: 300px) 100vw, 300px\" \/><\/td>\n<td class=\"frm-ag-content\" style=\"width: 515px;\">\n<div class=\"frm-author\"><span class=\"frm-author-s\">Anna Aleksandrzak<\/span><br \/>\n| representative of the Pozna\u0144 City President for institutional contacts. Culture expert, MPA graduate, She is responsible for cooperation with organisations and networks gathering local government units. as well as for the cooperation mechanisms within metropolitan areas. She managed the \u201cPolish aid\u201d projects. She works in the Pozna\u0144 City Hall\u2019s City Development Department. Under the Urban Development Forum, she will be conducting workshops for people from Ukraine, entitled \u201cIdea &#8211; business &#8211; innovations: cooperation and support in action\u201d.<\/div>\n<div class=\"frm-a-last\"><\/div>\n<\/td>\n<\/tr>\n<tr>\n<td style=\"width: 293px;\"><img decoding=\"async\" class=\"alignnone size-medium wp-image-1205\" src=\"https:\/\/forumrozwojumiast.poznan.pl\/2017\/wp-content\/uploads\/2017\/10\/22635265_1583685261691017_1973486708_n-1-245x300.jpg\" alt=\"\" width=\"300\" height=\"&quot;355\" srcset=\"https:\/\/forumrozwojumiast.poznan.pl\/2017\/wp-content\/uploads\/2017\/10\/22635265_1583685261691017_1973486708_n-1-245x300.jpg 245w, https:\/\/forumrozwojumiast.poznan.pl\/2017\/wp-content\/uploads\/2017\/10\/22635265_1583685261691017_1973486708_n-1.jpg 669w\" sizes=\"(max-width: 245px) 100vw, 245px\" \/><\/td>\n<td class=\"frm-ag-content\" style=\"width: 515px;\">\n<div class=\"frm-author\"><span class=\"frm-author-s\">Joanna Jancz<\/span><br \/>\n| involved in cooperation of the Pozna\u0144 City with the academic and scientific groups, PhD student at the Faculty of Political Studies and Journalism (Adam Mickiewicz University In Pozna\u0144), participant and co-organiser of numerous conferences. She works in the Pozna\u0144 City Hall\u2019s City Development Department. Under the Urban Development Forum, she is responsible for the event promotion and visual strategy.<\/div>\n<div class=\"frm-a-last\"><\/div>\n<\/td>\n<\/tr>\n<tr>\n<td style=\"width: 293px;\">&nbsp;<img loading=\"lazy\" decoding=\"async\" class=\"alignnone size-medium wp-image-1212\" src=\"https:\/\/forumrozwojumiast.poznan.pl\/2017\/wp-content\/uploads\/2017\/10\/02-280x300.png\" alt=\"\" width=\"300\" height=\"320\" srcset=\"https:\/\/forumrozwojumiast.poznan.pl\/2017\/wp-content\/uploads\/2017\/10\/02-280x300.png 280w, https:\/\/forumrozwojumiast.poznan.pl\/2017\/wp-content\/uploads\/2017\/10\/02.png 657w\" sizes=\"auto, (max-width: 300px) 100vw, 300px\" \/><\/td>\n<td class=\"frm-ag-content\" style=\"width: 515px;\">\n<div class=\"frm-author\"><span class=\"frm-author-s\">dr Eliza Kania<\/span><\/div>\n<div class=\"frm-title\">\n<div class=\"frm-author\">| responsible for the Pozna\u0144 City cooperation with the academic and scientific groups at national and international level. Doctor of political sciences, senior lecturer at the Faculty of Political Sciences and Journalism of the Adam Mickiewicz University, co-author and coordinator of the international research and educational projects (<a href=\"http:\/\/www.revjournal.org\">1<\/a>, <a href=\"http:\/\/www.newsliteracy.pl\">2<\/a>). She works in the Pozna\u0144 City Hall\u2019s City Development Department. Under the Urban Development Forum, she is responsible for the event promotion and visual strategy.<\/div>\n<div class=\"frm-a-last\"><\/div>\n<\/div>\n<div class=\"frm-a-last\"><\/div>\n<\/td>\n<\/tr>\n<tr>\n<td style=\"width: 293px;\">&nbsp;<img loading=\"lazy\" decoding=\"async\" class=\"alignnone size-medium wp-image-1260\" src=\"https:\/\/forumrozwojumiast.poznan.pl\/2017\/wp-content\/uploads\/2017\/10\/paniEwa3-209x300.jpg\" alt=\"\" width=\"300\" height=\"391\"><\/td>\n<td class=\"frm-ag-content\" style=\"width: 515px;\">\n<div class=\"frm-author\"><span class=\"frm-author-s\">Ewa Majewska<\/span><\/div>\n<div>| involved in monitoring and assessment of the local government and non-local government economy. She works in the Pozna\u0144 City Hall\u2019s City Development Department. Under the Urban Development Forum, she is responsible for contacts with participants of conferences and provision of information concerning the \u201cRock the City\u201d workshop questionnaires<\/div>\n<div class=\"frm-a-last\"><\/div>\n<\/td>\n<\/tr>\n<tr>\n<td style=\"width: 293px;\"><img loading=\"lazy\" decoding=\"async\" class=\"size-medium wp-image-433\" src=\"https:\/\/forumrozwojumiast.poznan.pl\/2017\/wp-content\/uploads\/2017\/09\/Maciej-fra_ckowiak-300x300.jpg\" alt=\"\" width=\"300\" height=\"300\" srcset=\"https:\/\/forumrozwojumiast.poznan.pl\/2017\/wp-content\/uploads\/2017\/09\/Maciej-fra_ckowiak-300x300.jpg 300w, https:\/\/forumrozwojumiast.poznan.pl\/2017\/wp-content\/uploads\/2017\/09\/Maciej-fra_ckowiak-150x150.jpg 150w, https:\/\/forumrozwojumiast.poznan.pl\/2017\/wp-content\/uploads\/2017\/09\/Maciej-fra_ckowiak-768x768.jpg 768w, https:\/\/forumrozwojumiast.poznan.pl\/2017\/wp-content\/uploads\/2017\/09\/Maciej-fra_ckowiak-1024x1024.jpg 1024w, https:\/\/forumrozwojumiast.poznan.pl\/2017\/wp-content\/uploads\/2017\/09\/Maciej-fra_ckowiak-100x100.jpg 100w, https:\/\/forumrozwojumiast.poznan.pl\/2017\/wp-content\/uploads\/2017\/09\/Maciej-fra_ckowiak.jpg 1695w\" sizes=\"auto, (max-width: 300px) 100vw, 300px\" \/><\/td>\n<td class=\"frm-ag-content\" style=\"width: 515px;\">\n<div><\/div>\n<div class=\"frm-author\"><span class=\"frm-author-s\">Maciej Fr\u0105ckowiak<\/span><\/div>\n<div class=\"frm-a-last\">\n<p>| sociologist, interested in the forms of activity and social inactivity in cities, education in the sphere of culture, as well as image that he tries to treat as a tool and a pretext for research, and as a driver of change in social relations. Author of texts, curator and initiator of many forms of&nbsp; ativities in these areas. Co-editor of several publications, includnig:&nbsp;<span style=\"font-family: inherit; font-size: inherit;\">\u201cBadania wizualne w dzia\u0142aniu\u201d, \u201cKolaboratorium. Zmiana i wsp\u00f3\u0142dzia\u0142anie\u201d, \u201cSmutek konkretu\u201d. Wsp\u00f3\u0142autor ksi\u0105\u017cki \u201cNarz\u0119dziownia. Jak badali\u015bmy Niewidzialne Miasto?\u201d. Currently he works on&nbsp;&nbsp;Ph.D. thesis on visual intervention strategies at AMU.&nbsp;<\/span><\/p>\n<\/div>\n<\/td>\n<\/tr>\n<\/tbody>\n<\/table>\n","protected":false},"excerpt":{"rendered":"<p>&nbsp; Iwona Matuszczak-Szulc | Pozna\u0144 City Development Department Director. She is responsible, among all others, for the process of actualisation and monitoring of the Pozna\u0144 City Development Strategy and coordination of Pozna\u0144 participation in the European Urban Agenda. She coordinates foreign relations of the City of Pozna\u0144. Applying the EU funding, she have created an &hellip; <\/p>\n<p class=\"link-more\"><a href=\"https:\/\/forumrozwojumiast.poznan.pl\/2017\/idea-and-realization\/\" class=\"more-link\">Continue reading<span class=\"screen-reader-text\"> &#8222;idea and realization&#8221;<\/span><\/a><\/p>\n","protected":false},"author":1,"featured_media":0,"parent":0,"menu_order":0,"comment_status":"closed","ping_status":"closed","template":"","meta":{"_acf_changed":false,"inline_featured_image":false,"ngg_post_thumbnail":0,"footnotes":""},"class_list":["post-1228","page","type-page","status-publish","hentry"],"acf":[],"yoast_head":"<!-- This site is optimized with the Yoast SEO plugin v27.4 - https:\/\/yoast.com\/product\/yoast-seo-wordpress\/ -->\n<title>idea and realization - Forum Rozwoju Miast<\/title>\n<meta name=\"robots\" content=\"index, follow, max-snippet:-1, max-image-preview:large, max-video-preview:-1\" \/>\n<link rel=\"canonical\" href=\"https:\/\/forumrozwojumiast.poznan.pl\/2017\/idea-and-realization\/\" \/>\n<meta property=\"og:locale\" content=\"pl_PL\" \/>\n<meta property=\"og:type\" content=\"article\" \/>\n<meta property=\"og:title\" content=\"idea and realization - Forum Rozwoju Miast\" \/>\n<meta property=\"og:description\" content=\"&nbsp; Iwona Matuszczak-Szulc | Pozna\u0144 City Development Department Director. She is responsible, among all others, for the process of actualisation and monitoring of the Pozna\u0144 City Development Strategy and coordination of Pozna\u0144 participation in the European Urban Agenda. She coordinates foreign relations of the City of Pozna\u0144. Applying the EU funding, she have created an &hellip; Continue reading &quot;idea and realization&quot;\" \/>\n<meta property=\"og:url\" content=\"https:\/\/forumrozwojumiast.poznan.pl\/2017\/idea-and-realization\/\" \/>\n<meta property=\"og:site_name\" content=\"Forum Rozwoju Miast\" \/>\n<meta property=\"article:modified_time\" content=\"2019-02-18T13:01:36+00:00\" \/>\n<meta property=\"og:image\" content=\"https:\/\/forumrozwojumiast.poznan.pl\/2017\/wp-content\/uploads\/2017\/10\/22366287_739632709578065_3284278996326965157_n-300x300.jpg\" \/>\n<meta name=\"twitter:card\" content=\"summary_large_image\" \/>\n<meta name=\"twitter:label1\" content=\"Szacowany czas czytania\" \/>\n\t<meta name=\"twitter:data1\" content=\"3 minuty\" \/>\n<script type=\"application\/ld+json\" class=\"yoast-schema-graph\">{\"@context\":\"https:\\\/\\\/schema.org\",\"@graph\":[{\"@type\":\"WebPage\",\"@id\":\"https:\\\/\\\/forumrozwojumiast.poznan.pl\\\/2017\\\/idea-and-realization\\\/\",\"url\":\"https:\\\/\\\/forumrozwojumiast.poznan.pl\\\/2017\\\/idea-and-realization\\\/\",\"name\":\"idea and realization - Forum Rozwoju Miast\",\"isPartOf\":{\"@id\":\"https:\\\/\\\/forumrozwojumiast.poznan.pl\\\/2017\\\/#website\"},\"primaryImageOfPage\":{\"@id\":\"https:\\\/\\\/forumrozwojumiast.poznan.pl\\\/2017\\\/idea-and-realization\\\/#primaryimage\"},\"image\":{\"@id\":\"https:\\\/\\\/forumrozwojumiast.poznan.pl\\\/2017\\\/idea-and-realization\\\/#primaryimage\"},\"thumbnailUrl\":\"https:\\\/\\\/forumrozwojumiast.poznan.pl\\\/2017\\\/wp-content\\\/uploads\\\/2017\\\/10\\\/22366287_739632709578065_3284278996326965157_n-300x300.jpg\",\"datePublished\":\"2017-10-19T09:05:47+00:00\",\"dateModified\":\"2019-02-18T13:01:36+00:00\",\"breadcrumb\":{\"@id\":\"https:\\\/\\\/forumrozwojumiast.poznan.pl\\\/2017\\\/idea-and-realization\\\/#breadcrumb\"},\"inLanguage\":\"pl-PL\",\"potentialAction\":[{\"@type\":\"ReadAction\",\"target\":[\"https:\\\/\\\/forumrozwojumiast.poznan.pl\\\/2017\\\/idea-and-realization\\\/\"]}]},{\"@type\":\"ImageObject\",\"inLanguage\":\"pl-PL\",\"@id\":\"https:\\\/\\\/forumrozwojumiast.poznan.pl\\\/2017\\\/idea-and-realization\\\/#primaryimage\",\"url\":\"https:\\\/\\\/forumrozwojumiast.poznan.pl\\\/2017\\\/wp-content\\\/uploads\\\/2017\\\/10\\\/22366287_739632709578065_3284278996326965157_n.jpg\",\"contentUrl\":\"https:\\\/\\\/forumrozwojumiast.poznan.pl\\\/2017\\\/wp-content\\\/uploads\\\/2017\\\/10\\\/22366287_739632709578065_3284278996326965157_n.jpg\",\"width\":760,\"height\":757},{\"@type\":\"BreadcrumbList\",\"@id\":\"https:\\\/\\\/forumrozwojumiast.poznan.pl\\\/2017\\\/idea-and-realization\\\/#breadcrumb\",\"itemListElement\":[{\"@type\":\"ListItem\",\"position\":1,\"name\":\"Strona g\u0142\u00f3wna\",\"item\":\"https:\\\/\\\/forumrozwojumiast.poznan.pl\\\/2017\\\/\"},{\"@type\":\"ListItem\",\"position\":2,\"name\":\"idea and realization\"}]},{\"@type\":\"WebSite\",\"@id\":\"https:\\\/\\\/forumrozwojumiast.poznan.pl\\\/2017\\\/#website\",\"url\":\"https:\\\/\\\/forumrozwojumiast.poznan.pl\\\/2017\\\/\",\"name\":\"Forum Rozwoju Miast\",\"description\":\"Obywatelski wymiar strategicznego zarz\u0105dzania miastem\",\"publisher\":{\"@id\":\"https:\\\/\\\/forumrozwojumiast.poznan.pl\\\/2017\\\/#organization\"},\"potentialAction\":[{\"@type\":\"SearchAction\",\"target\":{\"@type\":\"EntryPoint\",\"urlTemplate\":\"https:\\\/\\\/forumrozwojumiast.poznan.pl\\\/2017\\\/?s={search_term_string}\"},\"query-input\":{\"@type\":\"PropertyValueSpecification\",\"valueRequired\":true,\"valueName\":\"search_term_string\"}}],\"inLanguage\":\"pl-PL\"},{\"@type\":\"Organization\",\"@id\":\"https:\\\/\\\/forumrozwojumiast.poznan.pl\\\/2017\\\/#organization\",\"name\":\"Forum Rozwoju Miast\",\"url\":\"https:\\\/\\\/forumrozwojumiast.poznan.pl\\\/2017\\\/\",\"logo\":{\"@type\":\"ImageObject\",\"inLanguage\":\"pl-PL\",\"@id\":\"https:\\\/\\\/forumrozwojumiast.poznan.pl\\\/2017\\\/#\\\/schema\\\/logo\\\/image\\\/\",\"url\":\"https:\\\/\\\/forumrozwojumiast.poznan.pl\\\/2017\\\/wp-content\\\/uploads\\\/2017\\\/09\\\/cropped-FORUM-ROZWOJU-MIAST-3.png\",\"contentUrl\":\"https:\\\/\\\/forumrozwojumiast.poznan.pl\\\/2017\\\/wp-content\\\/uploads\\\/2017\\\/09\\\/cropped-FORUM-ROZWOJU-MIAST-3.png\",\"width\":627,\"height\":250,\"caption\":\"Forum Rozwoju Miast\"},\"image\":{\"@id\":\"https:\\\/\\\/forumrozwojumiast.poznan.pl\\\/2017\\\/#\\\/schema\\\/logo\\\/image\\\/\"}}]}<\/script>\n<!-- \/ Yoast SEO plugin. -->","yoast_head_json":{"title":"idea and realization - Forum Rozwoju Miast","robots":{"index":"index","follow":"follow","max-snippet":"max-snippet:-1","max-image-preview":"max-image-preview:large","max-video-preview":"max-video-preview:-1"},"canonical":"https:\/\/forumrozwojumiast.poznan.pl\/2017\/idea-and-realization\/","og_locale":"pl_PL","og_type":"article","og_title":"idea and realization - Forum Rozwoju Miast","og_description":"&nbsp; Iwona Matuszczak-Szulc | Pozna\u0144 City Development Department Director. She is responsible, among all others, for the process of actualisation and monitoring of the Pozna\u0144 City Development Strategy and coordination of Pozna\u0144 participation in the European Urban Agenda. She coordinates foreign relations of the City of Pozna\u0144. Applying the EU funding, she have created an &hellip; Continue reading \"idea and realization\"","og_url":"https:\/\/forumrozwojumiast.poznan.pl\/2017\/idea-and-realization\/","og_site_name":"Forum Rozwoju Miast","article_modified_time":"2019-02-18T13:01:36+00:00","og_image":[{"url":"https:\/\/forumrozwojumiast.poznan.pl\/2017\/wp-content\/uploads\/2017\/10\/22366287_739632709578065_3284278996326965157_n-300x300.jpg","type":"","width":"","height":""}],"twitter_card":"summary_large_image","twitter_misc":{"Szacowany czas czytania":"3 minuty"},"schema":{"@context":"https:\/\/schema.org","@graph":[{"@type":"WebPage","@id":"https:\/\/forumrozwojumiast.poznan.pl\/2017\/idea-and-realization\/","url":"https:\/\/forumrozwojumiast.poznan.pl\/2017\/idea-and-realization\/","name":"idea and realization - Forum Rozwoju Miast","isPartOf":{"@id":"https:\/\/forumrozwojumiast.poznan.pl\/2017\/#website"},"primaryImageOfPage":{"@id":"https:\/\/forumrozwojumiast.poznan.pl\/2017\/idea-and-realization\/#primaryimage"},"image":{"@id":"https:\/\/forumrozwojumiast.poznan.pl\/2017\/idea-and-realization\/#primaryimage"},"thumbnailUrl":"https:\/\/forumrozwojumiast.poznan.pl\/2017\/wp-content\/uploads\/2017\/10\/22366287_739632709578065_3284278996326965157_n-300x300.jpg","datePublished":"2017-10-19T09:05:47+00:00","dateModified":"2019-02-18T13:01:36+00:00","breadcrumb":{"@id":"https:\/\/forumrozwojumiast.poznan.pl\/2017\/idea-and-realization\/#breadcrumb"},"inLanguage":"pl-PL","potentialAction":[{"@type":"ReadAction","target":["https:\/\/forumrozwojumiast.poznan.pl\/2017\/idea-and-realization\/"]}]},{"@type":"ImageObject","inLanguage":"pl-PL","@id":"https:\/\/forumrozwojumiast.poznan.pl\/2017\/idea-and-realization\/#primaryimage","url":"https:\/\/forumrozwojumiast.poznan.pl\/2017\/wp-content\/uploads\/2017\/10\/22366287_739632709578065_3284278996326965157_n.jpg","contentUrl":"https:\/\/forumrozwojumiast.poznan.pl\/2017\/wp-content\/uploads\/2017\/10\/22366287_739632709578065_3284278996326965157_n.jpg","width":760,"height":757},{"@type":"BreadcrumbList","@id":"https:\/\/forumrozwojumiast.poznan.pl\/2017\/idea-and-realization\/#breadcrumb","itemListElement":[{"@type":"ListItem","position":1,"name":"Strona g\u0142\u00f3wna","item":"https:\/\/forumrozwojumiast.poznan.pl\/2017\/"},{"@type":"ListItem","position":2,"name":"idea and realization"}]},{"@type":"WebSite","@id":"https:\/\/forumrozwojumiast.poznan.pl\/2017\/#website","url":"https:\/\/forumrozwojumiast.poznan.pl\/2017\/","name":"Forum Rozwoju Miast","description":"Obywatelski wymiar strategicznego zarz\u0105dzania miastem","publisher":{"@id":"https:\/\/forumrozwojumiast.poznan.pl\/2017\/#organization"},"potentialAction":[{"@type":"SearchAction","target":{"@type":"EntryPoint","urlTemplate":"https:\/\/forumrozwojumiast.poznan.pl\/2017\/?s={search_term_string}"},"query-input":{"@type":"PropertyValueSpecification","valueRequired":true,"valueName":"search_term_string"}}],"inLanguage":"pl-PL"},{"@type":"Organization","@id":"https:\/\/forumrozwojumiast.poznan.pl\/2017\/#organization","name":"Forum Rozwoju Miast","url":"https:\/\/forumrozwojumiast.poznan.pl\/2017\/","logo":{"@type":"ImageObject","inLanguage":"pl-PL","@id":"https:\/\/forumrozwojumiast.poznan.pl\/2017\/#\/schema\/logo\/image\/","url":"https:\/\/forumrozwojumiast.poznan.pl\/2017\/wp-content\/uploads\/2017\/09\/cropped-FORUM-ROZWOJU-MIAST-3.png","contentUrl":"https:\/\/forumrozwojumiast.poznan.pl\/2017\/wp-content\/uploads\/2017\/09\/cropped-FORUM-ROZWOJU-MIAST-3.png","width":627,"height":250,"caption":"Forum Rozwoju Miast"},"image":{"@id":"https:\/\/forumrozwojumiast.poznan.pl\/2017\/#\/schema\/logo\/image\/"}}]}},"_links":{"self":[{"href":"https:\/\/forumrozwojumiast.poznan.pl\/2017\/wp-json\/wp\/v2\/pages\/1228","targetHints":{"allow":["GET"]}}],"collection":[{"href":"https:\/\/forumrozwojumiast.poznan.pl\/2017\/wp-json\/wp\/v2\/pages"}],"about":[{"href":"https:\/\/forumrozwojumiast.poznan.pl\/2017\/wp-json\/wp\/v2\/types\/page"}],"author":[{"embeddable":true,"href":"https:\/\/forumrozwojumiast.poznan.pl\/2017\/wp-json\/wp\/v2\/users\/1"}],"replies":[{"embeddable":true,"href":"https:\/\/forumrozwojumiast.poznan.pl\/2017\/wp-json\/wp\/v2\/comments?post=1228"}],"version-history":[{"count":8,"href":"https:\/\/forumrozwojumiast.poznan.pl\/2017\/wp-json\/wp\/v2\/pages\/1228\/revisions"}],"predecessor-version":[{"id":1896,"href":"https:\/\/forumrozwojumiast.poznan.pl\/2017\/wp-json\/wp\/v2\/pages\/1228\/revisions\/1896"}],"wp:attachment":[{"href":"https:\/\/forumrozwojumiast.poznan.pl\/2017\/wp-json\/wp\/v2\/media?parent=1228"}],"curies":[{"name":"wp","href":"https:\/\/api.w.org\/{rel}","templated":true}]}}