{"id":1315,"date":"2017-11-07T10:12:00","date_gmt":"2017-11-07T09:12:00","guid":{"rendered":"https:\/\/forumrozwojumiast.poznan.pl\/2017\/?page_id=1315"},"modified":"2017-11-07T10:12:56","modified_gmt":"2017-11-07T09:12:56","slug":"kultura-rekach-mieszkancow-jako-strategiczny-element-rozwoju-miasta","status":"publish","type":"page","link":"https:\/\/forumrozwojumiast.poznan.pl\/2017\/program\/kultura-rekach-mieszkancow-jako-strategiczny-element-rozwoju-miasta\/","title":{"rendered":"Kultura w r\u0119kach mieszka\u0144c\u00f3w  jako strategiczny element rozwoju miasta"},"content":{"rendered":"<p>Przemy\u015blana polityka kulturalna jest niezb\u0119dnym sk\u0142adnikiem miasta, kt\u00f3re chce si\u0119 rozwija\u0107, bez kultury bowiem nie jest ono w stanie odnie\u015b\u0107 realnego sukcesu. Dzi\u0119ki wypracowanej i wdra\u017canej strategii kulturalnej, miasta nie tylko buduj\u0105 sw\u00f3j presti\u017c, unikatowo\u015b\u0107 i artakcyjno\u015b\u0107 turystyczn\u0105 (pierwsze skojarzenia dot. Nowego Jorku, Pary\u017ca czy Rzymu w du\u017cej mierze wi\u0105\u017c\u0105 si\u0119 z ich ofert\u0105 kulturaln\u0105), ale te\u017c kszta\u0142tuj\u0105 jako\u015b\u0107 \u017cycia mieszka\u0144c\u00f3w, sw\u00f3j ekonomiczny rozw\u00f3j oraz innowacyjno\u015b\u0107. <\/p>\n<p>Mieszka\u0144cy miasta to jego najwi\u0119kszy rozwojowy kapita\u0142, jednak ich rola w polityce kulturalnej nie mo\u017ce ogranicza\u0107 si\u0119 jedynie do konsumpcji. Powinni dosta\u0107 do r\u0119ki narz\u0119dzia, kt\u00f3re pozwol\u0105 im kszta\u0142towa\u0107 i realnie wp\u0142ywa\u0107 na wytwarzanie d\u00f3br oraz sposoby korzystania z nich. Do tego za\u015b niezb\u0119dna jest skuteczna strategia komunikacji i wsp\u00f3\u0142pracy mi\u0119dzy miejskimi decydentami, lokalnymi spo\u0142eczno\u015bciami, organizacjami pozarz\u0105dowymi, aktywistami miejskimi oraz instytucjami kultury.<\/p>\n<p>W obecnym \u015bwiecie ci\u0105g\u0142ych zmian i rozwoju deweloperskiego miast, kt\u00f3ry ogranicza w du\u017cej mierze mo\u017clwo\u015bci i fizyczn\u0105 przestrze\u0144 dla rozwoju kultury oraz pracy artyst\u00f3w, w\u0142odarze miast musz\u0105 zada\u0107 sobie pytanie o to, jak przyci\u0105ga\u0107 nowych inwestor\u00f3w, zachowuj\u0105c i rozwijaj\u0105c jednocze\u015bnie unikatow\u0105 tkank\u0119 kulturow\u0105 miejsca, kt\u00f3rym zarz\u0105dzaj\u0105. Jak zatrzyma\u0107 obecnych i przyci\u0105gn\u0105\u0107 nowych artyst\u00f3w (pod\u0105\u017caj\u0105cych do miejsc, w kt\u00f3rych maj\u0105 wi\u0119ksze mo\u017clwo\u015bci rozwoju), kt\u00f3rzy s\u0105 naturalnymi magnesami dla spo\u0142eczno\u015bci lokalnych, o\u017cywiaj\u0105cymi miejsca kreatywn\u0105 energi\u0105, buduj\u0105cymi spo\u0142eczne zaanga\u017cowanie i biznesowe mo\u017cliwo\u015bci wok\u00f3\u0142 siebie. I jak jednocze\u015bnie  unikn\u0105\u0107 gentryfikacyjnego \u201cefektu Soho\u201d.<\/p>\n<p>W Polsce nie ma tradycji filantropii, nie ma korzystnych odpis\u00f3w podatkowych w kulturze, biznes wkracza do kultury przewa\u017cnie tylko przy jednorazowych projektach,  a \u015bwiat kultury postrzega biznes jako nieosi\u0105galnego partnera, kt\u00f3remu nie jest w stanie zaproponowa\u0107 \u017cadnych wymiernych korzy\u015bci. W polskim modelu publicznego finansowania kultury rola miejskich w\u0142odarzy w konsolidacji i tworzeniu przestrzeni dla \u015brodowisk biznesowych, tw\u00f3rczych, edukacyjnych oraz pozarz\u0105dowych, a tak\u017ce polityka kulturalna miasta oparta na przejrzysto\u015bci, komunikacji, otwarto\u015bci i w\u0142\u0105czaniu, a nie wykluczaniu, s\u0105 warunkiem niezb\u0119dnym dla aktywno\u015bci kulturowej jego mieszka\u0144c\u00f3w.<\/p>\n","protected":false},"excerpt":{"rendered":"<p>Przemy\u015blana polityka kulturalna jest niezb\u0119dnym sk\u0142adnikiem miasta, kt\u00f3re chce si\u0119 rozwija\u0107, bez kultury bowiem nie jest ono w stanie odnie\u015b\u0107 realnego sukcesu. Dzi\u0119ki wypracowanej i wdra\u017canej strategii kulturalnej, miasta nie tylko buduj\u0105 sw\u00f3j presti\u017c, unikatowo\u015b\u0107 i artakcyjno\u015b\u0107 turystyczn\u0105 (pierwsze skojarzenia dot. Nowego Jorku, Pary\u017ca czy Rzymu w du\u017cej mierze wi\u0105\u017c\u0105 si\u0119 z ich ofert\u0105 kulturaln\u0105), &hellip; <\/p>\n<p class=\"link-more\"><a href=\"https:\/\/forumrozwojumiast.poznan.pl\/2017\/program\/kultura-rekach-mieszkancow-jako-strategiczny-element-rozwoju-miasta\/\" class=\"more-link\">Continue reading<span class=\"screen-reader-text\"> &#8222;Kultura w r\u0119kach mieszka\u0144c\u00f3w  jako strategiczny element rozwoju miasta&#8221;<\/span><\/a><\/p>\n","protected":false},"author":1,"featured_media":0,"parent":15,"menu_order":1,"comment_status":"closed","ping_status":"closed","template":"","meta":{"_acf_changed":false,"inline_featured_image":false,"ngg_post_thumbnail":0,"footnotes":""},"class_list":["post-1315","page","type-page","status-publish","hentry"],"acf":[],"yoast_head":"<!-- This site is optimized with the Yoast SEO plugin v27.4 - https:\/\/yoast.com\/product\/yoast-seo-wordpress\/ -->\n<title>Kultura w r\u0119kach mieszka\u0144c\u00f3w jako strategiczny element rozwoju miasta - Forum Rozwoju Miast<\/title>\n<meta name=\"robots\" content=\"index, follow, max-snippet:-1, max-image-preview:large, max-video-preview:-1\" \/>\n<link rel=\"canonical\" href=\"https:\/\/forumrozwojumiast.poznan.pl\/2017\/program\/kultura-rekach-mieszkancow-jako-strategiczny-element-rozwoju-miasta\/\" \/>\n<meta property=\"og:locale\" content=\"pl_PL\" \/>\n<meta property=\"og:type\" content=\"article\" \/>\n<meta property=\"og:title\" content=\"Kultura w r\u0119kach mieszka\u0144c\u00f3w jako strategiczny element rozwoju miasta - Forum Rozwoju Miast\" \/>\n<meta property=\"og:description\" content=\"Przemy\u015blana polityka kulturalna jest niezb\u0119dnym sk\u0142adnikiem miasta, kt\u00f3re chce si\u0119 rozwija\u0107, bez kultury bowiem nie jest ono w stanie odnie\u015b\u0107 realnego sukcesu. Dzi\u0119ki wypracowanej i wdra\u017canej strategii kulturalnej, miasta nie tylko buduj\u0105 sw\u00f3j presti\u017c, unikatowo\u015b\u0107 i artakcyjno\u015b\u0107 turystyczn\u0105 (pierwsze skojarzenia dot. Nowego Jorku, Pary\u017ca czy Rzymu w du\u017cej mierze wi\u0105\u017c\u0105 si\u0119 z ich ofert\u0105 kulturaln\u0105), &hellip; Continue reading &quot;Kultura w r\u0119kach mieszka\u0144c\u00f3w jako strategiczny element rozwoju miasta&quot;\" \/>\n<meta property=\"og:url\" content=\"https:\/\/forumrozwojumiast.poznan.pl\/2017\/program\/kultura-rekach-mieszkancow-jako-strategiczny-element-rozwoju-miasta\/\" \/>\n<meta property=\"og:site_name\" content=\"Forum Rozwoju Miast\" \/>\n<meta property=\"article:modified_time\" content=\"2017-11-07T09:12:56+00:00\" \/>\n<meta name=\"twitter:card\" content=\"summary_large_image\" \/>\n<meta name=\"twitter:label1\" content=\"Szacowany czas czytania\" \/>\n\t<meta name=\"twitter:data1\" content=\"2 minuty\" \/>\n<script type=\"application\/ld+json\" class=\"yoast-schema-graph\">{\"@context\":\"https:\\\/\\\/schema.org\",\"@graph\":[{\"@type\":\"WebPage\",\"@id\":\"https:\\\/\\\/forumrozwojumiast.poznan.pl\\\/2017\\\/program\\\/kultura-rekach-mieszkancow-jako-strategiczny-element-rozwoju-miasta\\\/\",\"url\":\"https:\\\/\\\/forumrozwojumiast.poznan.pl\\\/2017\\\/program\\\/kultura-rekach-mieszkancow-jako-strategiczny-element-rozwoju-miasta\\\/\",\"name\":\"Kultura w r\u0119kach mieszka\u0144c\u00f3w jako strategiczny element rozwoju miasta - Forum Rozwoju Miast\",\"isPartOf\":{\"@id\":\"https:\\\/\\\/forumrozwojumiast.poznan.pl\\\/2017\\\/#website\"},\"datePublished\":\"2017-11-07T09:12:00+00:00\",\"dateModified\":\"2017-11-07T09:12:56+00:00\",\"breadcrumb\":{\"@id\":\"https:\\\/\\\/forumrozwojumiast.poznan.pl\\\/2017\\\/program\\\/kultura-rekach-mieszkancow-jako-strategiczny-element-rozwoju-miasta\\\/#breadcrumb\"},\"inLanguage\":\"pl-PL\",\"potentialAction\":[{\"@type\":\"ReadAction\",\"target\":[\"https:\\\/\\\/forumrozwojumiast.poznan.pl\\\/2017\\\/program\\\/kultura-rekach-mieszkancow-jako-strategiczny-element-rozwoju-miasta\\\/\"]}]},{\"@type\":\"BreadcrumbList\",\"@id\":\"https:\\\/\\\/forumrozwojumiast.poznan.pl\\\/2017\\\/program\\\/kultura-rekach-mieszkancow-jako-strategiczny-element-rozwoju-miasta\\\/#breadcrumb\",\"itemListElement\":[{\"@type\":\"ListItem\",\"position\":1,\"name\":\"Strona g\u0142\u00f3wna\",\"item\":\"https:\\\/\\\/forumrozwojumiast.poznan.pl\\\/2017\\\/\"},{\"@type\":\"ListItem\",\"position\":2,\"name\":\"Program\",\"item\":\"https:\\\/\\\/forumrozwojumiast.poznan.pl\\\/2017\\\/program\\\/\"},{\"@type\":\"ListItem\",\"position\":3,\"name\":\"Kultura w r\u0119kach mieszka\u0144c\u00f3w jako strategiczny element rozwoju miasta\"}]},{\"@type\":\"WebSite\",\"@id\":\"https:\\\/\\\/forumrozwojumiast.poznan.pl\\\/2017\\\/#website\",\"url\":\"https:\\\/\\\/forumrozwojumiast.poznan.pl\\\/2017\\\/\",\"name\":\"Forum Rozwoju Miast\",\"description\":\"Obywatelski wymiar strategicznego zarz\u0105dzania miastem\",\"publisher\":{\"@id\":\"https:\\\/\\\/forumrozwojumiast.poznan.pl\\\/2017\\\/#organization\"},\"potentialAction\":[{\"@type\":\"SearchAction\",\"target\":{\"@type\":\"EntryPoint\",\"urlTemplate\":\"https:\\\/\\\/forumrozwojumiast.poznan.pl\\\/2017\\\/?s={search_term_string}\"},\"query-input\":{\"@type\":\"PropertyValueSpecification\",\"valueRequired\":true,\"valueName\":\"search_term_string\"}}],\"inLanguage\":\"pl-PL\"},{\"@type\":\"Organization\",\"@id\":\"https:\\\/\\\/forumrozwojumiast.poznan.pl\\\/2017\\\/#organization\",\"name\":\"Forum Rozwoju Miast\",\"url\":\"https:\\\/\\\/forumrozwojumiast.poznan.pl\\\/2017\\\/\",\"logo\":{\"@type\":\"ImageObject\",\"inLanguage\":\"pl-PL\",\"@id\":\"https:\\\/\\\/forumrozwojumiast.poznan.pl\\\/2017\\\/#\\\/schema\\\/logo\\\/image\\\/\",\"url\":\"https:\\\/\\\/forumrozwojumiast.poznan.pl\\\/2017\\\/wp-content\\\/uploads\\\/2017\\\/09\\\/cropped-FORUM-ROZWOJU-MIAST-3.png\",\"contentUrl\":\"https:\\\/\\\/forumrozwojumiast.poznan.pl\\\/2017\\\/wp-content\\\/uploads\\\/2017\\\/09\\\/cropped-FORUM-ROZWOJU-MIAST-3.png\",\"width\":627,\"height\":250,\"caption\":\"Forum Rozwoju Miast\"},\"image\":{\"@id\":\"https:\\\/\\\/forumrozwojumiast.poznan.pl\\\/2017\\\/#\\\/schema\\\/logo\\\/image\\\/\"}}]}<\/script>\n<!-- \/ Yoast SEO plugin. -->","yoast_head_json":{"title":"Kultura w r\u0119kach mieszka\u0144c\u00f3w jako strategiczny element rozwoju miasta - Forum Rozwoju Miast","robots":{"index":"index","follow":"follow","max-snippet":"max-snippet:-1","max-image-preview":"max-image-preview:large","max-video-preview":"max-video-preview:-1"},"canonical":"https:\/\/forumrozwojumiast.poznan.pl\/2017\/program\/kultura-rekach-mieszkancow-jako-strategiczny-element-rozwoju-miasta\/","og_locale":"pl_PL","og_type":"article","og_title":"Kultura w r\u0119kach mieszka\u0144c\u00f3w jako strategiczny element rozwoju miasta - Forum Rozwoju Miast","og_description":"Przemy\u015blana polityka kulturalna jest niezb\u0119dnym sk\u0142adnikiem miasta, kt\u00f3re chce si\u0119 rozwija\u0107, bez kultury bowiem nie jest ono w stanie odnie\u015b\u0107 realnego sukcesu. Dzi\u0119ki wypracowanej i wdra\u017canej strategii kulturalnej, miasta nie tylko buduj\u0105 sw\u00f3j presti\u017c, unikatowo\u015b\u0107 i artakcyjno\u015b\u0107 turystyczn\u0105 (pierwsze skojarzenia dot. Nowego Jorku, Pary\u017ca czy Rzymu w du\u017cej mierze wi\u0105\u017c\u0105 si\u0119 z ich ofert\u0105 kulturaln\u0105), &hellip; Continue reading \"Kultura w r\u0119kach mieszka\u0144c\u00f3w jako strategiczny element rozwoju miasta\"","og_url":"https:\/\/forumrozwojumiast.poznan.pl\/2017\/program\/kultura-rekach-mieszkancow-jako-strategiczny-element-rozwoju-miasta\/","og_site_name":"Forum Rozwoju Miast","article_modified_time":"2017-11-07T09:12:56+00:00","twitter_card":"summary_large_image","twitter_misc":{"Szacowany czas czytania":"2 minuty"},"schema":{"@context":"https:\/\/schema.org","@graph":[{"@type":"WebPage","@id":"https:\/\/forumrozwojumiast.poznan.pl\/2017\/program\/kultura-rekach-mieszkancow-jako-strategiczny-element-rozwoju-miasta\/","url":"https:\/\/forumrozwojumiast.poznan.pl\/2017\/program\/kultura-rekach-mieszkancow-jako-strategiczny-element-rozwoju-miasta\/","name":"Kultura w r\u0119kach mieszka\u0144c\u00f3w jako strategiczny element rozwoju miasta - Forum Rozwoju Miast","isPartOf":{"@id":"https:\/\/forumrozwojumiast.poznan.pl\/2017\/#website"},"datePublished":"2017-11-07T09:12:00+00:00","dateModified":"2017-11-07T09:12:56+00:00","breadcrumb":{"@id":"https:\/\/forumrozwojumiast.poznan.pl\/2017\/program\/kultura-rekach-mieszkancow-jako-strategiczny-element-rozwoju-miasta\/#breadcrumb"},"inLanguage":"pl-PL","potentialAction":[{"@type":"ReadAction","target":["https:\/\/forumrozwojumiast.poznan.pl\/2017\/program\/kultura-rekach-mieszkancow-jako-strategiczny-element-rozwoju-miasta\/"]}]},{"@type":"BreadcrumbList","@id":"https:\/\/forumrozwojumiast.poznan.pl\/2017\/program\/kultura-rekach-mieszkancow-jako-strategiczny-element-rozwoju-miasta\/#breadcrumb","itemListElement":[{"@type":"ListItem","position":1,"name":"Strona g\u0142\u00f3wna","item":"https:\/\/forumrozwojumiast.poznan.pl\/2017\/"},{"@type":"ListItem","position":2,"name":"Program","item":"https:\/\/forumrozwojumiast.poznan.pl\/2017\/program\/"},{"@type":"ListItem","position":3,"name":"Kultura w r\u0119kach mieszka\u0144c\u00f3w jako strategiczny element rozwoju miasta"}]},{"@type":"WebSite","@id":"https:\/\/forumrozwojumiast.poznan.pl\/2017\/#website","url":"https:\/\/forumrozwojumiast.poznan.pl\/2017\/","name":"Forum Rozwoju Miast","description":"Obywatelski wymiar strategicznego zarz\u0105dzania miastem","publisher":{"@id":"https:\/\/forumrozwojumiast.poznan.pl\/2017\/#organization"},"potentialAction":[{"@type":"SearchAction","target":{"@type":"EntryPoint","urlTemplate":"https:\/\/forumrozwojumiast.poznan.pl\/2017\/?s={search_term_string}"},"query-input":{"@type":"PropertyValueSpecification","valueRequired":true,"valueName":"search_term_string"}}],"inLanguage":"pl-PL"},{"@type":"Organization","@id":"https:\/\/forumrozwojumiast.poznan.pl\/2017\/#organization","name":"Forum Rozwoju Miast","url":"https:\/\/forumrozwojumiast.poznan.pl\/2017\/","logo":{"@type":"ImageObject","inLanguage":"pl-PL","@id":"https:\/\/forumrozwojumiast.poznan.pl\/2017\/#\/schema\/logo\/image\/","url":"https:\/\/forumrozwojumiast.poznan.pl\/2017\/wp-content\/uploads\/2017\/09\/cropped-FORUM-ROZWOJU-MIAST-3.png","contentUrl":"https:\/\/forumrozwojumiast.poznan.pl\/2017\/wp-content\/uploads\/2017\/09\/cropped-FORUM-ROZWOJU-MIAST-3.png","width":627,"height":250,"caption":"Forum Rozwoju Miast"},"image":{"@id":"https:\/\/forumrozwojumiast.poznan.pl\/2017\/#\/schema\/logo\/image\/"}}]}},"_links":{"self":[{"href":"https:\/\/forumrozwojumiast.poznan.pl\/2017\/wp-json\/wp\/v2\/pages\/1315","targetHints":{"allow":["GET"]}}],"collection":[{"href":"https:\/\/forumrozwojumiast.poznan.pl\/2017\/wp-json\/wp\/v2\/pages"}],"about":[{"href":"https:\/\/forumrozwojumiast.poznan.pl\/2017\/wp-json\/wp\/v2\/types\/page"}],"author":[{"embeddable":true,"href":"https:\/\/forumrozwojumiast.poznan.pl\/2017\/wp-json\/wp\/v2\/users\/1"}],"replies":[{"embeddable":true,"href":"https:\/\/forumrozwojumiast.poznan.pl\/2017\/wp-json\/wp\/v2\/comments?post=1315"}],"version-history":[{"count":1,"href":"https:\/\/forumrozwojumiast.poznan.pl\/2017\/wp-json\/wp\/v2\/pages\/1315\/revisions"}],"predecessor-version":[{"id":1316,"href":"https:\/\/forumrozwojumiast.poznan.pl\/2017\/wp-json\/wp\/v2\/pages\/1315\/revisions\/1316"}],"up":[{"embeddable":true,"href":"https:\/\/forumrozwojumiast.poznan.pl\/2017\/wp-json\/wp\/v2\/pages\/15"}],"wp:attachment":[{"href":"https:\/\/forumrozwojumiast.poznan.pl\/2017\/wp-json\/wp\/v2\/media?parent=1315"}],"curies":[{"name":"wp","href":"https:\/\/api.w.org\/{rel}","templated":true}]}}