{"id":1378,"date":"2017-11-27T14:16:11","date_gmt":"2017-11-27T13:16:11","guid":{"rendered":"https:\/\/forumrozwojumiast.poznan.pl\/2017\/?page_id=1378"},"modified":"2017-11-27T14:20:08","modified_gmt":"2017-11-27T13:20:08","slug":"dagmara-nickel","status":"publish","type":"page","link":"https:\/\/forumrozwojumiast.poznan.pl\/2017\/prelegenci\/dagmara-nickel\/","title":{"rendered":"Dagmara Nickel"},"content":{"rendered":"<p>Za\u0142o\u017cyciel i prezes YouNick Mint \u2013 pierwszego operacyjnego funduszu inwestycyjnego w Polsce, znanego z zaanga\u017cowanego i partnerskiego podej\u015bcia do start-up\u00f3w. Mened\u017cer i inwestor z ponad 20-letnim do\u015bwiadczeniem. Stoi za licznymi sukcesami rynkowymi: stworzy\u0142a Nickel Development (czo\u0142ow\u0105 pozna\u0144sk\u0105 firm\u0119 dewelopersk\u0105) oraz YouNick Technology Park (pierwszy prywatny park technologiczny w Polsce, daj\u0105cy dach nad g\u0142ow\u0105 i mo\u017cliwo\u015b\u0107 rozwoju niemal 150 firmom). Nagrodzona tytu\u0142ami \u201eTen, kt\u00f3ry zmienia polski przemys\u0142\u201d (2010) oraz \u201ePrzedsi\u0119biorstwo przysz\u0142o\u015bci\u201d (2016).<\/p>\n","protected":false},"excerpt":{"rendered":"<p>Za\u0142o\u017cyciel i prezes YouNick Mint \u2013 pierwszego operacyjnego funduszu inwestycyjnego w Polsce, znanego z zaanga\u017cowanego i partnerskiego podej\u015bcia do start-up\u00f3w. Mened\u017cer i inwestor z ponad 20-letnim do\u015bwiadczeniem. Stoi za licznymi sukcesami rynkowymi: stworzy\u0142a Nickel Development (czo\u0142ow\u0105 pozna\u0144sk\u0105 firm\u0119 dewelopersk\u0105) oraz YouNick Technology Park (pierwszy prywatny park technologiczny w Polsce, daj\u0105cy dach nad g\u0142ow\u0105 i mo\u017cliwo\u015b\u0107 &hellip; <\/p>\n<p class=\"link-more\"><a href=\"https:\/\/forumrozwojumiast.poznan.pl\/2017\/prelegenci\/dagmara-nickel\/\" class=\"more-link\">Continue reading<span class=\"screen-reader-text\"> &#8222;Dagmara Nickel&#8221;<\/span><\/a><\/p>\n","protected":false},"author":1,"featured_media":0,"parent":41,"menu_order":95,"comment_status":"closed","ping_status":"closed","template":"","meta":{"_acf_changed":false,"inline_featured_image":false,"ngg_post_thumbnail":0,"footnotes":""},"class_list":["post-1378","page","type-page","status-publish","hentry"],"acf":[],"yoast_head":"<!-- This site is optimized with the Yoast SEO plugin v27.6 - https:\/\/yoast.com\/product\/yoast-seo-wordpress\/ -->\n<title>Dagmara Nickel - Forum Rozwoju Miast<\/title>\n<meta name=\"robots\" content=\"index, follow, max-snippet:-1, max-image-preview:large, max-video-preview:-1\" \/>\n<link rel=\"canonical\" href=\"https:\/\/forumrozwojumiast.poznan.pl\/2017\/prelegenci\/dagmara-nickel\/\" \/>\n<meta property=\"og:locale\" content=\"pl_PL\" \/>\n<meta property=\"og:type\" content=\"article\" \/>\n<meta property=\"og:title\" content=\"Dagmara Nickel - Forum Rozwoju Miast\" \/>\n<meta property=\"og:description\" content=\"Za\u0142o\u017cyciel i prezes YouNick Mint \u2013 pierwszego operacyjnego funduszu inwestycyjnego w Polsce, znanego z zaanga\u017cowanego i partnerskiego podej\u015bcia do start-up\u00f3w. Mened\u017cer i inwestor z ponad 20-letnim do\u015bwiadczeniem. Stoi za licznymi sukcesami rynkowymi: stworzy\u0142a Nickel Development (czo\u0142ow\u0105 pozna\u0144sk\u0105 firm\u0119 dewelopersk\u0105) oraz YouNick Technology Park (pierwszy prywatny park technologiczny w Polsce, daj\u0105cy dach nad g\u0142ow\u0105 i mo\u017cliwo\u015b\u0107 &hellip; Continue reading &quot;Dagmara Nickel&quot;\" \/>\n<meta property=\"og:url\" content=\"https:\/\/forumrozwojumiast.poznan.pl\/2017\/prelegenci\/dagmara-nickel\/\" \/>\n<meta property=\"og:site_name\" content=\"Forum Rozwoju Miast\" \/>\n<meta property=\"article:modified_time\" content=\"2017-11-27T13:20:08+00:00\" \/>\n<meta name=\"twitter:card\" content=\"summary_large_image\" \/>\n<script type=\"application\/ld+json\" class=\"yoast-schema-graph\">{\"@context\":\"https:\\\/\\\/schema.org\",\"@graph\":[{\"@type\":\"WebPage\",\"@id\":\"https:\\\/\\\/forumrozwojumiast.poznan.pl\\\/2017\\\/prelegenci\\\/dagmara-nickel\\\/\",\"url\":\"https:\\\/\\\/forumrozwojumiast.poznan.pl\\\/2017\\\/prelegenci\\\/dagmara-nickel\\\/\",\"name\":\"Dagmara Nickel - Forum Rozwoju Miast\",\"isPartOf\":{\"@id\":\"https:\\\/\\\/forumrozwojumiast.poznan.pl\\\/2017\\\/#website\"},\"datePublished\":\"2017-11-27T13:16:11+00:00\",\"dateModified\":\"2017-11-27T13:20:08+00:00\",\"breadcrumb\":{\"@id\":\"https:\\\/\\\/forumrozwojumiast.poznan.pl\\\/2017\\\/prelegenci\\\/dagmara-nickel\\\/#breadcrumb\"},\"inLanguage\":\"pl-PL\",\"potentialAction\":[{\"@type\":\"ReadAction\",\"target\":[\"https:\\\/\\\/forumrozwojumiast.poznan.pl\\\/2017\\\/prelegenci\\\/dagmara-nickel\\\/\"]}]},{\"@type\":\"BreadcrumbList\",\"@id\":\"https:\\\/\\\/forumrozwojumiast.poznan.pl\\\/2017\\\/prelegenci\\\/dagmara-nickel\\\/#breadcrumb\",\"itemListElement\":[{\"@type\":\"ListItem\",\"position\":1,\"name\":\"Strona g\u0142\u00f3wna\",\"item\":\"https:\\\/\\\/forumrozwojumiast.poznan.pl\\\/2017\\\/\"},{\"@type\":\"ListItem\",\"position\":2,\"name\":\"Prelegentki i prelegenci\",\"item\":\"https:\\\/\\\/forumrozwojumiast.poznan.pl\\\/2017\\\/prelegenci\\\/\"},{\"@type\":\"ListItem\",\"position\":3,\"name\":\"Dagmara Nickel\"}]},{\"@type\":\"WebSite\",\"@id\":\"https:\\\/\\\/forumrozwojumiast.poznan.pl\\\/2017\\\/#website\",\"url\":\"https:\\\/\\\/forumrozwojumiast.poznan.pl\\\/2017\\\/\",\"name\":\"Forum Rozwoju Miast\",\"description\":\"Obywatelski wymiar strategicznego zarz\u0105dzania miastem\",\"publisher\":{\"@id\":\"https:\\\/\\\/forumrozwojumiast.poznan.pl\\\/2017\\\/#organization\"},\"potentialAction\":[{\"@type\":\"SearchAction\",\"target\":{\"@type\":\"EntryPoint\",\"urlTemplate\":\"https:\\\/\\\/forumrozwojumiast.poznan.pl\\\/2017\\\/?s={search_term_string}\"},\"query-input\":{\"@type\":\"PropertyValueSpecification\",\"valueRequired\":true,\"valueName\":\"search_term_string\"}}],\"inLanguage\":\"pl-PL\"},{\"@type\":\"Organization\",\"@id\":\"https:\\\/\\\/forumrozwojumiast.poznan.pl\\\/2017\\\/#organization\",\"name\":\"Forum Rozwoju Miast\",\"url\":\"https:\\\/\\\/forumrozwojumiast.poznan.pl\\\/2017\\\/\",\"logo\":{\"@type\":\"ImageObject\",\"inLanguage\":\"pl-PL\",\"@id\":\"https:\\\/\\\/forumrozwojumiast.poznan.pl\\\/2017\\\/#\\\/schema\\\/logo\\\/image\\\/\",\"url\":\"https:\\\/\\\/forumrozwojumiast.poznan.pl\\\/2017\\\/wp-content\\\/uploads\\\/2017\\\/09\\\/cropped-FORUM-ROZWOJU-MIAST-3.png\",\"contentUrl\":\"https:\\\/\\\/forumrozwojumiast.poznan.pl\\\/2017\\\/wp-content\\\/uploads\\\/2017\\\/09\\\/cropped-FORUM-ROZWOJU-MIAST-3.png\",\"width\":627,\"height\":250,\"caption\":\"Forum Rozwoju Miast\"},\"image\":{\"@id\":\"https:\\\/\\\/forumrozwojumiast.poznan.pl\\\/2017\\\/#\\\/schema\\\/logo\\\/image\\\/\"}}]}<\/script>\n<!-- \/ Yoast SEO plugin. -->","yoast_head_json":{"title":"Dagmara Nickel - Forum Rozwoju Miast","robots":{"index":"index","follow":"follow","max-snippet":"max-snippet:-1","max-image-preview":"max-image-preview:large","max-video-preview":"max-video-preview:-1"},"canonical":"https:\/\/forumrozwojumiast.poznan.pl\/2017\/prelegenci\/dagmara-nickel\/","og_locale":"pl_PL","og_type":"article","og_title":"Dagmara Nickel - Forum Rozwoju Miast","og_description":"Za\u0142o\u017cyciel i prezes YouNick Mint \u2013 pierwszego operacyjnego funduszu inwestycyjnego w Polsce, znanego z zaanga\u017cowanego i partnerskiego podej\u015bcia do start-up\u00f3w. Mened\u017cer i inwestor z ponad 20-letnim do\u015bwiadczeniem. Stoi za licznymi sukcesami rynkowymi: stworzy\u0142a Nickel Development (czo\u0142ow\u0105 pozna\u0144sk\u0105 firm\u0119 dewelopersk\u0105) oraz YouNick Technology Park (pierwszy prywatny park technologiczny w Polsce, daj\u0105cy dach nad g\u0142ow\u0105 i mo\u017cliwo\u015b\u0107 &hellip; Continue reading \"Dagmara Nickel\"","og_url":"https:\/\/forumrozwojumiast.poznan.pl\/2017\/prelegenci\/dagmara-nickel\/","og_site_name":"Forum Rozwoju Miast","article_modified_time":"2017-11-27T13:20:08+00:00","twitter_card":"summary_large_image","schema":{"@context":"https:\/\/schema.org","@graph":[{"@type":"WebPage","@id":"https:\/\/forumrozwojumiast.poznan.pl\/2017\/prelegenci\/dagmara-nickel\/","url":"https:\/\/forumrozwojumiast.poznan.pl\/2017\/prelegenci\/dagmara-nickel\/","name":"Dagmara Nickel - Forum Rozwoju Miast","isPartOf":{"@id":"https:\/\/forumrozwojumiast.poznan.pl\/2017\/#website"},"datePublished":"2017-11-27T13:16:11+00:00","dateModified":"2017-11-27T13:20:08+00:00","breadcrumb":{"@id":"https:\/\/forumrozwojumiast.poznan.pl\/2017\/prelegenci\/dagmara-nickel\/#breadcrumb"},"inLanguage":"pl-PL","potentialAction":[{"@type":"ReadAction","target":["https:\/\/forumrozwojumiast.poznan.pl\/2017\/prelegenci\/dagmara-nickel\/"]}]},{"@type":"BreadcrumbList","@id":"https:\/\/forumrozwojumiast.poznan.pl\/2017\/prelegenci\/dagmara-nickel\/#breadcrumb","itemListElement":[{"@type":"ListItem","position":1,"name":"Strona g\u0142\u00f3wna","item":"https:\/\/forumrozwojumiast.poznan.pl\/2017\/"},{"@type":"ListItem","position":2,"name":"Prelegentki i prelegenci","item":"https:\/\/forumrozwojumiast.poznan.pl\/2017\/prelegenci\/"},{"@type":"ListItem","position":3,"name":"Dagmara Nickel"}]},{"@type":"WebSite","@id":"https:\/\/forumrozwojumiast.poznan.pl\/2017\/#website","url":"https:\/\/forumrozwojumiast.poznan.pl\/2017\/","name":"Forum Rozwoju Miast","description":"Obywatelski wymiar strategicznego zarz\u0105dzania miastem","publisher":{"@id":"https:\/\/forumrozwojumiast.poznan.pl\/2017\/#organization"},"potentialAction":[{"@type":"SearchAction","target":{"@type":"EntryPoint","urlTemplate":"https:\/\/forumrozwojumiast.poznan.pl\/2017\/?s={search_term_string}"},"query-input":{"@type":"PropertyValueSpecification","valueRequired":true,"valueName":"search_term_string"}}],"inLanguage":"pl-PL"},{"@type":"Organization","@id":"https:\/\/forumrozwojumiast.poznan.pl\/2017\/#organization","name":"Forum Rozwoju Miast","url":"https:\/\/forumrozwojumiast.poznan.pl\/2017\/","logo":{"@type":"ImageObject","inLanguage":"pl-PL","@id":"https:\/\/forumrozwojumiast.poznan.pl\/2017\/#\/schema\/logo\/image\/","url":"https:\/\/forumrozwojumiast.poznan.pl\/2017\/wp-content\/uploads\/2017\/09\/cropped-FORUM-ROZWOJU-MIAST-3.png","contentUrl":"https:\/\/forumrozwojumiast.poznan.pl\/2017\/wp-content\/uploads\/2017\/09\/cropped-FORUM-ROZWOJU-MIAST-3.png","width":627,"height":250,"caption":"Forum Rozwoju Miast"},"image":{"@id":"https:\/\/forumrozwojumiast.poznan.pl\/2017\/#\/schema\/logo\/image\/"}}]}},"_links":{"self":[{"href":"https:\/\/forumrozwojumiast.poznan.pl\/2017\/wp-json\/wp\/v2\/pages\/1378","targetHints":{"allow":["GET"]}}],"collection":[{"href":"https:\/\/forumrozwojumiast.poznan.pl\/2017\/wp-json\/wp\/v2\/pages"}],"about":[{"href":"https:\/\/forumrozwojumiast.poznan.pl\/2017\/wp-json\/wp\/v2\/types\/page"}],"author":[{"embeddable":true,"href":"https:\/\/forumrozwojumiast.poznan.pl\/2017\/wp-json\/wp\/v2\/users\/1"}],"replies":[{"embeddable":true,"href":"https:\/\/forumrozwojumiast.poznan.pl\/2017\/wp-json\/wp\/v2\/comments?post=1378"}],"version-history":[{"count":2,"href":"https:\/\/forumrozwojumiast.poznan.pl\/2017\/wp-json\/wp\/v2\/pages\/1378\/revisions"}],"predecessor-version":[{"id":1381,"href":"https:\/\/forumrozwojumiast.poznan.pl\/2017\/wp-json\/wp\/v2\/pages\/1378\/revisions\/1381"}],"up":[{"embeddable":true,"href":"https:\/\/forumrozwojumiast.poznan.pl\/2017\/wp-json\/wp\/v2\/pages\/41"}],"wp:attachment":[{"href":"https:\/\/forumrozwojumiast.poznan.pl\/2017\/wp-json\/wp\/v2\/media?parent=1378"}],"curies":[{"name":"wp","href":"https:\/\/api.w.org\/{rel}","templated":true}]}}