{"id":187,"date":"2017-08-18T15:17:44","date_gmt":"2017-08-18T13:17:44","guid":{"rendered":"https:\/\/forumrozwojumiast.poznan.pl\/2017\/?page_id=187"},"modified":"2017-12-18T09:33:44","modified_gmt":"2017-12-18T08:33:44","slug":"programme","status":"publish","type":"page","link":"https:\/\/forumrozwojumiast.poznan.pl\/2017\/en\/programme\/","title":{"rendered":"Programme"},"content":{"rendered":"<div class=\"frm-ag-dates\">\n<div id=\"frm-day-1\" class=\"frm-date-title frm-date-title-link shake\">day I &#8211; 6 | 12 | 2017<br \/>\na city for residents<\/div>\n<div id=\"frm-day-2\" class=\"frm-date-title frm-date-title-link shake\">day II &#8211; 7 | 12 | 2017<br \/>\nresidents for the city<\/div>\n<\/div>\n<div id=\"frm-day1-bl\">\n<div class=\"frm-date-title frm-date-title-l\">day I &#8211; 6 | 12 | 2017 &#8211; a city for residents<\/div>\n<table class=\"frm-agenda\">\n<tbody>\n<tr>\n<td class=\"frm-time\"><\/td>\n<td class=\"frm-ag-content\">\n<div class=\"frm-author\"><span class=\"frm-author-s\">Marta \u017bakowska<\/span><br \/>\n| &#8222;Magazyn Miasta&#8221;<\/div>\n<div class=\"frm-title\"><em><span class=\"frm-title-s\">Conference conducting<\/span><\/em><\/div>\n<div class=\"frm-a-last\"><\/div>\n<\/td>\n<\/tr>\n<tr>\n<td class=\"frm-time\">9.00 \u2013 9.15<\/td>\n<td class=\"frm-ag-content\">\n<div class=\"frm-author\"><span class=\"frm-author-s\">Jacek Ja\u015bkowiak<\/span><br \/>\n| Mayor of Poznan<\/div>\n<div class=\"frm-title\"><em><span class=\"frm-title-s\">Inauguration<\/span><\/em><\/div>\n<div class=\"frm-a-last\"><\/div>\n<\/td>\n<\/tr>\n<tr>\n<td class=\"frm-time\"><\/td>\n<td class=\"frm-ag-content\">\n<div class=\"frm-author\"><span class=\"frm-author-s\">Iwona Matuszczak- Szulc<\/span><br \/>\n| Director of City Development Department,\u00a0Pozna\u0144 City Hall<\/div>\n<div class=\"frm-title\"><em>Welcome speech\u00a0<\/em><\/div>\n<div class=\"frm-a-last\"><\/div>\n<\/td>\n<\/tr>\n<tr>\n<td class=\"frm-time\">9.15 \u2013 9.30<\/td>\n<td class=\"frm-ag-content\">\n<div class=\"frm-author\"><span class=\"frm-author-s\">Emmanuel Moulin<\/span><br \/>\n| Director of the URBACT programme<\/div>\n<div class=\"frm-title\"><span class=\"frm-title-s\">Integrated urban policies to enhance city attractivity: the experience of Urbact<\/span><\/div>\n<div class=\"frm-a-last\"><\/div>\n<\/td>\n<\/tr>\n<tr>\n<td class=\"frm-time\">9.30 &#8211; 9.50<\/td>\n<td class=\"frm-ag-content\">\n<div class=\"frm-author\"><span class=\"frm-author-s\">Johann Jungwirth<\/span><\/div>\n<div class=\"frm-title\"><span class=\"frm-title-s\"><a href=\"https:\/\/forumrozwojumiast.poznan.pl\/2017\/en\/programme\/reinvention-of-mobility\/\">The Reinvention of Mobility<\/a><\/span>&nbsp;<a href=\"https:\/\/forumrozwojumiast.poznan.pl\/2017\/wp-content\/uploads\/2017\/12\/j-jungwirth_the-reinvention-of-mobility.pdf\"><i class=\"fa fa-download\" aria-hidden=\"true\"> <\/i><\/a>\n<\/div>\n<div class=\"frm-a-last\"><\/div>\n<\/td>\n<\/tr>\n<tr>\n<td class=\"frm-time\">9.50 \u2013 10.30<\/td>\n<td class=\"frm-ag-content\">\n<div class=\"frm-author\"><span class=\"frm-author-s\">Professor Jerzy Hausner<\/span><\/div>\n<div class=\"frm-author\"><span class=\"frm-author-s\">Professor Hubert Izdebski<\/span><\/div>\n<div class=\"frm-title\"><span class=\"frm-title-s\"><a href=\"https:\/\/forumrozwojumiast.poznan.pl\/2017\/en\/programme\/the-right-the-city\/\">The right to a city<\/a>&nbsp;<a href=\"https:\/\/forumrozwojumiast.poznan.pl\/2017\/wp-content\/uploads\/2017\/12\/j-hausner_prawo-do-miasta.pdf\"><i class=\"fa fa-download\" aria-hidden=\"true\"> <\/i><\/a> and <a href=\"https:\/\/forumrozwojumiast.poznan.pl\/2017\/en\/programme\/the-right-the-city-and-the-civic-participation\/\">the civic participation<\/a>&nbsp;<a href=\"https:\/\/forumrozwojumiast.poznan.pl\/2017\/wp-content\/uploads\/2017\/12\/h-izdebski_prawo-do-miasta-i-partycypacja-obywatelska.pdf\"><i class=\"fa fa-download\" aria-hidden=\"true\"> <\/i><\/a><\/span><\/div>\n<div class=\"frm-a-last\"><\/div>\n<\/td>\n<\/tr>\n<tr>\n<td class=\"frm-time\">10.30 \u2013 10.50<\/td>\n<td class=\"frm-ag-content\">\n<div class=\"frm-author\"><span class=\"frm-author-s\">Dr Jerzy Kociatkiewicz, PhD<\/span><\/div>\n<div class=\"frm-title\"><span class=\"frm-title-s\"><a href=\"https:\/\/forumrozwojumiast.poznan.pl\/2017\/en\/programme\/management-in-a-liquid-modernity\/\">Management in a liquid modernity<\/a><\/span>&nbsp;<a href=\"https:\/\/forumrozwojumiast.poznan.pl\/2017\/wp-content\/uploads\/2017\/12\/j-kociatkiewicz_zarzadzanie-w-plynnej-nowoczesnosci.pdf\"><i class=\"fa fa-download\" aria-hidden=\"true\"> <\/i><\/a><\/div>\n<div class=\"frm-a-last\"><\/div>\n<\/td>\n<\/tr>\n<tr>\n<td class=\"frm-time\">10.50 \u2013 11.10<\/td>\n<td class=\"frm-ag-content\">\n<div class=\"frm-author\"><span class=\"frm-author-s\">Maciej Stroi\u0144ski, PhD, Eng.<\/span><\/div>\n<div class=\"frm-author\"><span class=\"frm-author-s\">Cezary Mazurek, PhD, Eng.<\/span><\/div>\n<div class=\"frm-title\"><span class=\"frm-title-s\"><a href=\"https:\/\/forumrozwojumiast.poznan.pl\/2017\/en\/programme\/the-development-of-an-inteligent-city-using-the-citizen-science-approach\/\">Development of an intelligent city using the \u201cCitizen Science\u201d approach<\/a>&nbsp;<a href=\"https:\/\/forumrozwojumiast.poznan.pl\/2017\/wp-content\/uploads\/2017\/12\/c-mazurek_m-stroinski_rozwoj-inteligentnego-miasta-z-wykorzystaniem-podejscia-citizen-science.pdf\"><i class=\"fa fa-download\" aria-hidden=\"true\"> <\/i><\/a><\/span><\/div>\n<div class=\"frm-a-last\"><\/div>\n<\/td>\n<\/tr>\n<tr>\n<td class=\"frm-time\">11.10 \u2013 11.40<\/td>\n<td class=\"frm-ag-content frm-break\">\n<div class=\"frm-title\"><span class=\"frm-title-s\">Break<\/span><\/div>\n<div class=\"frm-a-last\"><\/div>\n<\/td>\n<\/tr>\n<tr>\n<td class=\"frm-time\">11.40 \u2013 13.30<\/td>\n<td class=\"frm-ag-content\">\n<div class=\"frm-blue\"><span class=\"frm-blue-s\">Debate with audience\u2019s participation<\/span><\/div>\n<div class=\"frm-title\"><span class=\"frm-title-s\"><a href=\"https:\/\/forumrozwojumiast.poznan.pl\/2017\/en\/debate\/\">How to make use of the city\u2019s potential?<br \/>\nContemporary spaces for its development in the future<\/a><\/span><\/div>\n<div>\n<div><em>debate conducting: Bogna \u015awi\u0105tkowska, Maciej Fr\u0105ckowiak<\/em><\/div>\n<div class=\"frm-blue\"><span class=\"frm-blue-s\">participants:\u00a0Pawe\u0142 Adamowicz, Jacek Ja\u015bkowiak,\u00a0Giuseppe De Biasi, Dagmara Nickel, prof. Ewa Rewers, Andriy Moskalenko, Ewa Voelkel-Krokowicz\u00a0<\/span><\/div>\n<\/div>\n<div class=\"frm-a-last\"><\/div>\n<\/td>\n<\/tr>\n<tr>\n<td class=\"frm-time\">13.30 \u2013 14.30<\/td>\n<td class=\"frm-ag-content\">\n<div class=\"frm-author\"><span class=\"frm-author-s\">Jim Sims<\/span><\/div>\n<div class=\"frm-title\"><span class=\"frm-title-s\"><a href=\"https:\/\/forumrozwojumiast.poznan.pl\/2017\/en\/programme\/urbact\/\">URBACT<\/a> \u2013 good urban practices within the following fields:<br \/>\nhousing, Generation Y, public transport, public space in the city centre<\/span>&nbsp;<a href=\"https:\/\/forumrozwojumiast.poznan.pl\/2017\/wp-content\/uploads\/2017\/12\/j-sims_b-kezy_a-talent-friendly-city.pdf\"><i class=\"fa fa-download\" aria-hidden=\"true\"> <\/i><\/a><\/div>\n<div>\n<div class=\"frm-author\"><span class=\"frm-author-s\">Violetta Wabi\u0144ska-Chmielewska<\/span><\/div>\n<div><em>Zr\u00f3wnowa\u017cone planowanie logistyki miejskiej dla wzmocnienia regionalnego transportu towar\u00f3w (SULPiTER)<\/em><\/div>\n<\/div>\n<div class=\"frm-a-last\"><\/div>\n<\/td>\n<\/tr>\n<tr>\n<td class=\"frm-time\">14.30 \u2013 15.30<\/td>\n<td class=\"frm-ag-content frm-break\">\n<div class=\"frm-title\"><span class=\"frm-title-s\">lunch<\/span><\/div>\n<div class=\"frm-a-last\"><\/div>\n<\/td>\n<\/tr>\n<tr>\n<td class=\"frm-time\">15.30 \u2013 18.30<\/td>\n<td class=\"frm-ag-content\">\n<div class=\"frm-author\"><span class=\"frm-author-s\">Agnieszka Deja<\/span><\/div>\n<div class=\"frm-author\"><span class=\"frm-author-s\">Agnieszka Marli\u0144ska<\/span><\/div>\n<div class=\"frm-author\"><span class=\"frm-author-s\">Piotr Wr\u00f3blewski<\/span><\/div>\n<div class=\"frm-blue\"><span class=\"frm-blue-s\">1<sup>st<\/sup> workshop for the residents<\/span><\/div>\n<div class=\"frm-title\"><span class=\"frm-title-s\"><a href=\"https:\/\/forumrozwojumiast.poznan.pl\/2017\/en\/workshops\/workshop-i\/\">Social involvement, participation and co-creation in cities<\/a><\/span><\/div>\n<div class=\"frm-a-last\"><\/div>\n<\/td>\n<\/tr>\n<tr>\n<td class=\"frm-time\">15.30 \u2013 18.30<\/td>\n<td class=\"frm-ag-content\">\n<div class=\"frm-author\"><span class=\"frm-author-s\">Wojciech K\u0142osowski<\/span><\/div>\n<div class=\"frm-blue\"><span class=\"frm-blue-s\">2<sup>nd<\/sup> workshop<br \/>\nfor directors\/managers responsible for planning the development of cities<\/span><\/div>\n<div class=\"frm-title\"><span class=\"frm-title-s\"><a href=\"https:\/\/forumrozwojumiast.poznan.pl\/2017\/en\/workshops\/workshop-ii\/\">Let\u2019s swing the city<\/a><\/span><\/div>\n<div class=\"frm-a-last\"><\/div>\n<\/td>\n<\/tr>\n<tr>\n<td class=\"frm-time\">15.30 \u2013 18.30<\/td>\n<td class=\"frm-ag-content\">\n<div class=\"frm-blue\"><span class=\"frm-blue-s\">4<sup>th<\/sup> workshop for entrepreneurial young people from Ukraine<\/span><\/div>\n<div class=\"frm-title\"><span class=\"frm-title-s\"><a href=\"https:\/\/forumrozwojumiast.poznan.pl\/2017\/en\/workshops\/ukrainian-potential\/\">Your company, step by step<\/a><\/span><\/div>\n<div class=\"frm-author\"><span class=\"frm-author-s\">Prowadzenie: Agata Ocieczek, Miasto Pozna\u0144 &#8211; Wydzia\u0142 Dzia\u0142alno\u015bci Gospodarczej i Rolnictwa<\/span><\/div>\n<div class=\"frm-a-last\"><\/div>\n<\/td>\n<\/tr>\n<tr>\n<td class=\"frm-time\">15.30 \u2013 18.30<\/td>\n<td class=\"frm-ag-content\">\n<div class=\"frm-author\"><span class=\"frm-author-s\">Roman Niedzielski<\/span><\/div>\n<div class=\"frm-author\"><span class=\"frm-author-s\">Tomasz Smolarz<\/span><\/div>\n<div class=\"frm-author\"><span class=\"frm-author-s\">Karolina Kotkowska<\/span><\/div>\n<div class=\"frm-author\"><span class=\"frm-author-s\">Anton Bulakh<\/span><\/div>\n<div class=\"frm-author\"><span class=\"frm-author-s\">dr Izabela Czerniejewska<\/span><\/div>\n<div class=\"frm-author\"><span class=\"frm-author-s\">Anna Potrzebowska <\/span><\/div>\n<div class=\"frm-blue\"><span class=\"frm-blue-s\">5<sup>th<\/sup> workshop for entrepreneurial young people from Ukraine<\/span><\/div>\n<div class=\"frm-title\"><span class=\"frm-title-s\"><a href=\"https:\/\/forumrozwojumiast.poznan.pl\/2017\/en\/workshops\/ukrainian-potential\/\">Idea \u2013 business \u2013 innovations: cooperation and support in action<\/a><\/span><\/div>\n<div class=\"frm-author\"><span class=\"frm-author-s\">Prowadzenie: Anna Aleksandrzak, Miasto Pozna\u0144, Wydzia\u0142 Rozwoju Miasta<\/span><\/div>\n<div class=\"frm-a-last\"><\/div>\n<\/td>\n<\/tr>\n<tr>\n<td class=\"frm-time\">18.30 \u2013 20.00<\/td>\n<td class=\"frm-ag-content\">\n<div class=\"frm-author\"><span class=\"frm-author-s\">Jim Sims<\/span><\/div>\n<div class=\"frm-blue\"><span class=\"frm-blue-s\">3<sup>rd<\/sup> workshop for the participants of the URBACT III programme network<\/span><\/div>\n<div class=\"frm-title\"><span class=\"frm-title-s\"><a href=\"https:\/\/forumrozwojumiast.poznan.pl\/2017\/en\/workshops\/workshop-iii\/\">URBAN networking<\/a><\/span><\/div>\n<div class=\"frm-a-last\"><\/div>\n<\/td>\n<\/tr>\n<\/tbody>\n<\/table>\n<\/div>\n<div id=\"frm-day2-bl\">\n<div class=\"frm-date-title frm-date-title-l\">day II &#8211; 7 | 12 | 2017 &#8211; residents for the city<\/div>\n<table class=\"frm-agenda\">\n<tbody>\n<tr>\n<td class=\"frm-time\">9.00 \u2013 9.10<\/td>\n<td class=\"frm-ag-content\">\n<div class=\"frm-author\"><span class=\"frm-author-s\">Mariusz Wi\u015bniewski<\/span><br \/>\n| Deputy Mayor of Poznan<\/div>\n<div class=\"frm-title\"><span class=\"frm-title-s\">Inauguration<\/span><\/div>\n<div class=\"frm-a-last\"><\/div>\n<\/td>\n<\/tr>\n<tr>\n<td class=\"frm-time\">9.10 \u2013 9.30<\/td>\n<td class=\"frm-ag-content\">\n<div class=\"frm-author\"><span class=\"frm-author-s\">Magdalena Pi\u0142at \u2013 Borcuch, PhD<\/span><\/div>\n<div class=\"frm-title\"><span class=\"frm-title-s\"><a href=\"https:\/\/forumrozwojumiast.poznan.pl\/2017\/en\/programme\/participation-design-as-a-way-of-shaping-a-responsible-citizen\/\">Participation design as a way of shaping a responsible citizen<\/a><\/span>&nbsp;<a href=\"https:\/\/forumrozwojumiast.poznan.pl\/2017\/wp-content\/uploads\/2017\/12\/m-pilat-borcuch_design_partycypacyjny_jako_sposob_ksztaltowania_odpowiedzialnego_obywatela.pdf\"><i class=\"fa fa-download\" aria-hidden=\"true\"> <\/i><\/a><\/div>\n<div class=\"frm-a-last\"><\/div>\n<\/td>\n<\/tr>\n<tr>\n<td class=\"frm-time\">9.30 \u2013 10.00<\/td>\n<td class=\"frm-ag-content\">\n<div class=\"frm-author\"><span class=\"frm-author-s\">Professor Roberto Verganti<\/span><\/div>\n<div class=\"frm-title\"><span class=\"frm-title-s\"><a href=\"https:\/\/forumrozwojumiast.poznan.pl\/2017\/en\/programme\/innovations-based-a-change-in-meaning\/\">Innovations based on a change in meaning<\/a><\/span>&nbsp;<a href=\"https:\/\/forumrozwojumiast.poznan.pl\/2017\/wp-content\/uploads\/2017\/12\/r-verganti_municipality.pdf\"><i class=\"fa fa-download\" aria-hidden=\"true\"> <\/i><\/a><\/div>\n<div class=\"frm-a-last\"><\/div>\n<\/td>\n<\/tr>\n<tr>\n<td class=\"frm-time\">10.00 \u2013 10.20<\/td>\n<td class=\"frm-ag-content\">\n<div class=\"frm-author\"><span class=\"frm-author-s\">Ewa Krupa<\/span><\/div>\n<div class=\"frm-title\"><span class=\"frm-title-s\">\u201cProgramming\u201d or \u201cCoding\u201d- development of the young generation<\/span>&nbsp;<a href=\"https:\/\/forumrozwojumiast.poznan.pl\/2017\/wp-content\/uploads\/2017\/12\/e-krupa_kodowanie-czy-programowanie.pdf\"><i class=\"fa fa-download\" aria-hidden=\"true\"> <\/i><\/a><\/div>\n<div class=\"frm-a-last\"><\/div>\n<\/td>\n<\/tr>\n<tr>\n<td class=\"frm-time\">10.20 \u2013 10.40<\/td>\n<td class=\"frm-ag-content\">\n<div class=\"frm-author\"><span class=\"frm-author-s\">Sebastian Grabowski<\/span><\/div>\n<div class=\"frm-title\"><span class=\"frm-title-s\"><a href=\"https:\/\/forumrozwojumiast.poznan.pl\/2017\/en\/programme\/the-common-good-as-a-key-element-of-creating-a-smart-society-case-project-narogudekerta\/\">Common good as key element of creating an intelligent society \u2013 case of the #naroguDekerta project<\/a><\/span><\/div>\n<div class=\"frm-a-last\"><\/div>\n<\/td>\n<\/tr>\n<tr>\n<td class=\"frm-time\">10.40 \u2013 11.10<\/td>\n<td class=\"frm-ag-content frm-break\">\n<div class=\"frm-title\"><span class=\"frm-title-s\">Break<\/span><\/div>\n<div class=\"frm-a-last\"><\/div>\n<\/td>\n<\/tr>\n<tr>\n<td class=\"frm-time\">11.10 \u2013 11.30<\/td>\n<td class=\"frm-ag-content\">\n<div class=\"frm-author\"><span class=\"frm-author-s\">Agata Grenda<\/span><\/div>\n<div class=\"frm-title\"><span class=\"frm-title-s\"><a href=\"https:\/\/forumrozwojumiast.poznan.pl\/2017\/en\/programme\/culture-in-the-hands-of-the-people-as-a-strategic-element-in-the-development-of-the-city\/\">Culture in the hands of residents as a key element of the city development<\/a><\/span>&nbsp;<a href=\"https:\/\/forumrozwojumiast.poznan.pl\/2017\/wp-content\/uploads\/2017\/12\/a-grenda_kultura-w-rekach-mieszkancow.pdf\"><i class=\"fa fa-download\" aria-hidden=\"true\"> <\/i><\/a><\/div>\n<div class=\"frm-a-last\"><\/div>\n<\/td>\n<\/tr>\n<tr>\n<td class=\"frm-time\">11.30 \u2013 12.30<\/td>\n<td class=\"frm-ag-content\">\n<div class=\"frm-author\"><span class=\"frm-author-s\">Anna Wr\u00f3blewska<\/span><\/div>\n<div class=\"frm-title\"><span class=\"frm-title-s\">Designing cities of the future \u2013 from an ideal city to a city of utopia<\/span><\/div>\n<div class=\"frm-blue\"><span class=\"frm-blue-s\">CONTEST<\/span><\/div>\n<div class=\"frm-title\"><span class=\"frm-title-s\">Presentation of the best competition projects<\/span><\/div>\n<div class=\"frm-a-last\"><\/div>\n<\/td>\n<\/tr>\n<tr>\n<td class=\"frm-time\">12.30 \u2013 14.00<\/td>\n<td class=\"frm-ag-content\">\n<div class=\"frm-author\"><span class=\"frm-author-s\">Filip Springer featuring Improvised Teatre KLANCYK<\/span><\/div>\n<div class=\"frm-title\"><span class=\"frm-title-s\">About the city<\/span><\/div>\n<div class=\"frm-a-last\"><\/div>\n<\/td>\n<\/tr>\n<tr>\n<td class=\"frm-time\">14.00 \u2013 15.00<\/td>\n<td class=\"frm-ag-content frm-break\">\n<div class=\"frm-title\"><span class=\"frm-title-s\">lunch<\/span><\/div>\n<div class=\"frm-a-last\"><\/div>\n<\/td>\n<\/tr>\n<\/tbody>\n<\/table>\n<\/div>\n","protected":false},"excerpt":{"rendered":"<p>day I &#8211; 6 | 12 | 2017 a city for residents day II &#8211; 7 | 12 | 2017 residents for the city day I &#8211; 6 | 12 | 2017 &#8211; a city for residents Marta \u017bakowska | &#8222;Magazyn Miasta&#8221; Conference conducting 9.00 \u2013 9.15 Jacek Ja\u015bkowiak | Mayor of Poznan Inauguration Iwona &hellip; <\/p>\n<p class=\"link-more\"><a href=\"https:\/\/forumrozwojumiast.poznan.pl\/2017\/en\/programme\/\" class=\"more-link\">Continue reading<span class=\"screen-reader-text\"> &#8222;Programme&#8221;<\/span><\/a><\/p>\n","protected":false},"author":1,"featured_media":0,"parent":0,"menu_order":39,"comment_status":"closed","ping_status":"closed","template":"","meta":{"_acf_changed":false,"inline_featured_image":false,"ngg_post_thumbnail":0,"footnotes":""},"class_list":["post-187","page","type-page","status-publish","hentry"],"acf":[],"yoast_head":"<!-- This site is optimized with the Yoast SEO plugin v27.3 - https:\/\/yoast.com\/product\/yoast-seo-wordpress\/ -->\n<title>Programme - Forum Rozwoju Miast<\/title>\n<meta name=\"robots\" content=\"index, follow, max-snippet:-1, max-image-preview:large, max-video-preview:-1\" \/>\n<link rel=\"canonical\" href=\"https:\/\/forumrozwojumiast.poznan.pl\/2017\/en\/programme\/\" \/>\n<meta property=\"og:locale\" content=\"pl_PL\" \/>\n<meta property=\"og:type\" content=\"article\" \/>\n<meta property=\"og:title\" content=\"Programme - Forum Rozwoju Miast\" \/>\n<meta property=\"og:description\" content=\"day I &#8211; 6 | 12 | 2017 a city for residents day II &#8211; 7 | 12 | 2017 residents for the city day I &#8211; 6 | 12 | 2017 &#8211; a city for residents Marta \u017bakowska | &#8222;Magazyn Miasta&#8221; Conference conducting 9.00 \u2013 9.15 Jacek Ja\u015bkowiak | Mayor of Poznan Inauguration Iwona &hellip; Continue reading &quot;Programme&quot;\" \/>\n<meta property=\"og:url\" content=\"https:\/\/forumrozwojumiast.poznan.pl\/2017\/en\/programme\/\" \/>\n<meta property=\"og:site_name\" content=\"Forum Rozwoju Miast\" \/>\n<meta property=\"article:modified_time\" content=\"2017-12-18T08:33:44+00:00\" \/>\n<meta name=\"twitter:card\" content=\"summary_large_image\" \/>\n<meta name=\"twitter:label1\" content=\"Szacowany czas czytania\" \/>\n\t<meta name=\"twitter:data1\" content=\"2 minuty\" \/>\n<script type=\"application\/ld+json\" class=\"yoast-schema-graph\">{\"@context\":\"https:\\\/\\\/schema.org\",\"@graph\":[{\"@type\":\"WebPage\",\"@id\":\"https:\\\/\\\/forumrozwojumiast.poznan.pl\\\/2017\\\/en\\\/programme\\\/\",\"url\":\"https:\\\/\\\/forumrozwojumiast.poznan.pl\\\/2017\\\/en\\\/programme\\\/\",\"name\":\"Programme - Forum Rozwoju Miast\",\"isPartOf\":{\"@id\":\"https:\\\/\\\/forumrozwojumiast.poznan.pl\\\/2017\\\/#website\"},\"datePublished\":\"2017-08-18T13:17:44+00:00\",\"dateModified\":\"2017-12-18T08:33:44+00:00\",\"breadcrumb\":{\"@id\":\"https:\\\/\\\/forumrozwojumiast.poznan.pl\\\/2017\\\/en\\\/programme\\\/#breadcrumb\"},\"inLanguage\":\"pl-PL\",\"potentialAction\":[{\"@type\":\"ReadAction\",\"target\":[\"https:\\\/\\\/forumrozwojumiast.poznan.pl\\\/2017\\\/en\\\/programme\\\/\"]}]},{\"@type\":\"BreadcrumbList\",\"@id\":\"https:\\\/\\\/forumrozwojumiast.poznan.pl\\\/2017\\\/en\\\/programme\\\/#breadcrumb\",\"itemListElement\":[{\"@type\":\"ListItem\",\"position\":1,\"name\":\"Strona g\u0142\u00f3wna\",\"item\":\"https:\\\/\\\/forumrozwojumiast.poznan.pl\\\/2017\\\/\"},{\"@type\":\"ListItem\",\"position\":2,\"name\":\"Programme\"}]},{\"@type\":\"WebSite\",\"@id\":\"https:\\\/\\\/forumrozwojumiast.poznan.pl\\\/2017\\\/#website\",\"url\":\"https:\\\/\\\/forumrozwojumiast.poznan.pl\\\/2017\\\/\",\"name\":\"Forum Rozwoju Miast\",\"description\":\"Obywatelski wymiar strategicznego zarz\u0105dzania miastem\",\"publisher\":{\"@id\":\"https:\\\/\\\/forumrozwojumiast.poznan.pl\\\/2017\\\/#organization\"},\"potentialAction\":[{\"@type\":\"SearchAction\",\"target\":{\"@type\":\"EntryPoint\",\"urlTemplate\":\"https:\\\/\\\/forumrozwojumiast.poznan.pl\\\/2017\\\/?s={search_term_string}\"},\"query-input\":{\"@type\":\"PropertyValueSpecification\",\"valueRequired\":true,\"valueName\":\"search_term_string\"}}],\"inLanguage\":\"pl-PL\"},{\"@type\":\"Organization\",\"@id\":\"https:\\\/\\\/forumrozwojumiast.poznan.pl\\\/2017\\\/#organization\",\"name\":\"Forum Rozwoju Miast\",\"url\":\"https:\\\/\\\/forumrozwojumiast.poznan.pl\\\/2017\\\/\",\"logo\":{\"@type\":\"ImageObject\",\"inLanguage\":\"pl-PL\",\"@id\":\"https:\\\/\\\/forumrozwojumiast.poznan.pl\\\/2017\\\/#\\\/schema\\\/logo\\\/image\\\/\",\"url\":\"https:\\\/\\\/forumrozwojumiast.poznan.pl\\\/2017\\\/wp-content\\\/uploads\\\/2017\\\/09\\\/cropped-FORUM-ROZWOJU-MIAST-3.png\",\"contentUrl\":\"https:\\\/\\\/forumrozwojumiast.poznan.pl\\\/2017\\\/wp-content\\\/uploads\\\/2017\\\/09\\\/cropped-FORUM-ROZWOJU-MIAST-3.png\",\"width\":627,\"height\":250,\"caption\":\"Forum Rozwoju Miast\"},\"image\":{\"@id\":\"https:\\\/\\\/forumrozwojumiast.poznan.pl\\\/2017\\\/#\\\/schema\\\/logo\\\/image\\\/\"}}]}<\/script>\n<!-- \/ Yoast SEO plugin. -->","yoast_head_json":{"title":"Programme - Forum Rozwoju Miast","robots":{"index":"index","follow":"follow","max-snippet":"max-snippet:-1","max-image-preview":"max-image-preview:large","max-video-preview":"max-video-preview:-1"},"canonical":"https:\/\/forumrozwojumiast.poznan.pl\/2017\/en\/programme\/","og_locale":"pl_PL","og_type":"article","og_title":"Programme - Forum Rozwoju Miast","og_description":"day I &#8211; 6 | 12 | 2017 a city for residents day II &#8211; 7 | 12 | 2017 residents for the city day I &#8211; 6 | 12 | 2017 &#8211; a city for residents Marta \u017bakowska | &#8222;Magazyn Miasta&#8221; Conference conducting 9.00 \u2013 9.15 Jacek Ja\u015bkowiak | Mayor of Poznan Inauguration Iwona &hellip; Continue reading \"Programme\"","og_url":"https:\/\/forumrozwojumiast.poznan.pl\/2017\/en\/programme\/","og_site_name":"Forum Rozwoju Miast","article_modified_time":"2017-12-18T08:33:44+00:00","twitter_card":"summary_large_image","twitter_misc":{"Szacowany czas czytania":"2 minuty"},"schema":{"@context":"https:\/\/schema.org","@graph":[{"@type":"WebPage","@id":"https:\/\/forumrozwojumiast.poznan.pl\/2017\/en\/programme\/","url":"https:\/\/forumrozwojumiast.poznan.pl\/2017\/en\/programme\/","name":"Programme - Forum Rozwoju Miast","isPartOf":{"@id":"https:\/\/forumrozwojumiast.poznan.pl\/2017\/#website"},"datePublished":"2017-08-18T13:17:44+00:00","dateModified":"2017-12-18T08:33:44+00:00","breadcrumb":{"@id":"https:\/\/forumrozwojumiast.poznan.pl\/2017\/en\/programme\/#breadcrumb"},"inLanguage":"pl-PL","potentialAction":[{"@type":"ReadAction","target":["https:\/\/forumrozwojumiast.poznan.pl\/2017\/en\/programme\/"]}]},{"@type":"BreadcrumbList","@id":"https:\/\/forumrozwojumiast.poznan.pl\/2017\/en\/programme\/#breadcrumb","itemListElement":[{"@type":"ListItem","position":1,"name":"Strona g\u0142\u00f3wna","item":"https:\/\/forumrozwojumiast.poznan.pl\/2017\/"},{"@type":"ListItem","position":2,"name":"Programme"}]},{"@type":"WebSite","@id":"https:\/\/forumrozwojumiast.poznan.pl\/2017\/#website","url":"https:\/\/forumrozwojumiast.poznan.pl\/2017\/","name":"Forum Rozwoju Miast","description":"Obywatelski wymiar strategicznego zarz\u0105dzania miastem","publisher":{"@id":"https:\/\/forumrozwojumiast.poznan.pl\/2017\/#organization"},"potentialAction":[{"@type":"SearchAction","target":{"@type":"EntryPoint","urlTemplate":"https:\/\/forumrozwojumiast.poznan.pl\/2017\/?s={search_term_string}"},"query-input":{"@type":"PropertyValueSpecification","valueRequired":true,"valueName":"search_term_string"}}],"inLanguage":"pl-PL"},{"@type":"Organization","@id":"https:\/\/forumrozwojumiast.poznan.pl\/2017\/#organization","name":"Forum Rozwoju Miast","url":"https:\/\/forumrozwojumiast.poznan.pl\/2017\/","logo":{"@type":"ImageObject","inLanguage":"pl-PL","@id":"https:\/\/forumrozwojumiast.poznan.pl\/2017\/#\/schema\/logo\/image\/","url":"https:\/\/forumrozwojumiast.poznan.pl\/2017\/wp-content\/uploads\/2017\/09\/cropped-FORUM-ROZWOJU-MIAST-3.png","contentUrl":"https:\/\/forumrozwojumiast.poznan.pl\/2017\/wp-content\/uploads\/2017\/09\/cropped-FORUM-ROZWOJU-MIAST-3.png","width":627,"height":250,"caption":"Forum Rozwoju Miast"},"image":{"@id":"https:\/\/forumrozwojumiast.poznan.pl\/2017\/#\/schema\/logo\/image\/"}}]}},"_links":{"self":[{"href":"https:\/\/forumrozwojumiast.poznan.pl\/2017\/wp-json\/wp\/v2\/pages\/187","targetHints":{"allow":["GET"]}}],"collection":[{"href":"https:\/\/forumrozwojumiast.poznan.pl\/2017\/wp-json\/wp\/v2\/pages"}],"about":[{"href":"https:\/\/forumrozwojumiast.poznan.pl\/2017\/wp-json\/wp\/v2\/types\/page"}],"author":[{"embeddable":true,"href":"https:\/\/forumrozwojumiast.poznan.pl\/2017\/wp-json\/wp\/v2\/users\/1"}],"replies":[{"embeddable":true,"href":"https:\/\/forumrozwojumiast.poznan.pl\/2017\/wp-json\/wp\/v2\/comments?post=187"}],"version-history":[{"count":61,"href":"https:\/\/forumrozwojumiast.poznan.pl\/2017\/wp-json\/wp\/v2\/pages\/187\/revisions"}],"predecessor-version":[{"id":1865,"href":"https:\/\/forumrozwojumiast.poznan.pl\/2017\/wp-json\/wp\/v2\/pages\/187\/revisions\/1865"}],"wp:attachment":[{"href":"https:\/\/forumrozwojumiast.poznan.pl\/2017\/wp-json\/wp\/v2\/media?parent=187"}],"curies":[{"name":"wp","href":"https:\/\/api.w.org\/{rel}","templated":true}]}}