{"id":29,"date":"2017-08-01T16:17:50","date_gmt":"2017-08-01T14:17:50","guid":{"rendered":"https:\/\/forumrozwojumiast.poznan.pl\/2017\/?page_id=29"},"modified":"2017-10-13T09:51:22","modified_gmt":"2017-10-13T07:51:22","slug":"warsztat-iii","status":"publish","type":"page","link":"https:\/\/forumrozwojumiast.poznan.pl\/2017\/warsztaty\/warsztat-iii\/","title":{"rendered":"WARSZTAT dla uczestnik\u00f3w sieci programu URBACT: URBAN Networking"},"content":{"rendered":"<p><strong>WARSZTAT dla uczestnik\u00f3w sieci programu URBACT: URBAN Networking<\/strong><\/p>\n<p><strong>6 grudnia, godz.\u00a0 18:30 &#8211; 20:00<\/strong><\/p>\n<p>Miasta s\u0105 istotn\u0105 si\u0142\u0105 nap\u0119dow\u0105 gospodarki b\u0119d\u0105c zar\u00f3wno miejscem spotka\u0144, kreatywno\u015bci i innowacji, jak i o\u015brodkiem us\u0142ug \u015bwiadczonych na rzecz mieszka\u0144c\u00f3w. Odgrywaj\u0105 kluczow\u0105 rol\u0119 w rozwoju spo\u0142eczno-gospodarczym Europy i \u015bwiata.<\/p>\n<p>Wiele europejskich miast stoi przed wyzwaniem, w jaki spos\u00f3b zwi\u0119kszy\u0107 swoj\u0105 atrakcyjno\u015b\u0107, aby zatrzyma\u0107 i przyci\u0105ga\u0107 m\u0142odych, zdolnych, kreatywnych mieszka\u0144c\u00f3w. We wsp\u00f3\u0142czesnym \u015bwiecie zar\u00f3wno spos\u00f3b naszej pracy, jak i umiej\u0119tno\u015bci, kt\u00f3re posiadamy dynamicznie ewoluuj\u0105. Zmiany wywo\u0142ane przez innowacje technologiczne, demografi\u0119, zmienne modele biznesowe oraz sposoby pracy wp\u0142ywaj\u0105 znacz\u0105co na to, jakie umiej\u0119tno\u015bci s\u0105 wymagane na rynku pracy. Wed\u0142ug OECD wi\u0119cej ni\u017c co czwarta osoba doros\u0142a uwa\u017ca, \u017ce jej umiej\u0119tno\u015bci nie spe\u0142niaj\u0105 wymaga\u0144 stanowiska pracy i udzia\u0142 ten w najbli\u017cszym czasie wzro\u015bnie do 35%. Sytuacja ta zwi\u0119ksza konieczno\u015b\u0107 podnoszenia lub zmiany kwalifikacji w trakcie pracy zawodowej. Stanowi tak\u017ce wyzwanie dla polityk\u00f3w i przedsi\u0119biorc\u00f3w, kt\u00f3rzy powinni wypracowa\u0107 optymalny system kszta\u0142cenia ustawicznego i edukacji, zapewniaj\u0105cy zaspokojenie potrzeb rynku pracy. Aby zoptymalizowa\u0107 dost\u0119pno\u015b\u0107 i kompetencje pracownik\u00f3w niezb\u0119dna jest wsp\u00f3\u0142praca polityk\u00f3w, przedsi\u0119biorc\u00f3w i innych interesariuszy zapewniaj\u0105ca dost\u0119p do edukacji dla wszystkich os\u00f3b doros\u0142ych. Najbardziej efektywne inwestycje w system kszta\u0142cenia musz\u0105 by\u0107 z jednej strony poprzedzone lepszym rozeznaniem, jakie umiej\u0119tno\u015bci s\u0105 ju\u017c dost\u0119pne, z drugiej identyfikacj\u0105 istniej\u0105cych luk w tym zakresie. Dzia\u0142ania te powinny by\u0107 uzupe\u0142nione informacj\u0105, jakich umiej\u0119tno\u015bci najbardziej brakuje na rynku pracy oraz w jaki spos\u00f3b powinna zosta\u0107 zaprojektowana odpowiednia \u015bcie\u017cka rozwoju.<\/p>\n<p>Warsztaty dedykowane s\u0105 przedstawicielom sieci Programu URBACT III oraz ekspertom specjalizuj\u0105cym si\u0119 w tych obszarach.<\/p>\n<p>W trakcie warsztat\u00f3w spr\u00f3bujemy znale\u017a\u0107 odpowiedzi na nast\u0119puj\u0105ce pytania:<\/p>\n<ol>\n<li>Jak zach\u0119ci\u0107 do korzystania z oferty kszta\u0142cenia ustawicznego?<\/li>\n<li>W jaki spos\u00f3b wyselekcjonowa\u0107 niezb\u0119dne dane analityczne?<\/li>\n<li>Jak zaprojektowa\u0107 odpowiedni instrument analityczny pozwalaj\u0105cy zidentyfikowa\u0107 popyt na umiej\u0119tno\u015bci na rynku pracy w przysz\u0142o\u015bci?<\/li>\n<li>W jaki spos\u00f3b sygnalizowa\u0107 politykom i przedsi\u0119biorcom konieczno\u015b\u0107 dokonywania zmian w systemie kszta\u0142cenia ustawicznego i edukacji?<\/li>\n<li>W jaki spos\u00f3b mo\u017cna uruchomi\u0107 system kszta\u0142cenia ustawicznego w ka\u017cdym kraju?<\/li>\n<li>Jak w skali kraju dokona\u0107 alokacji potrzebnych wykwalifikowanych pracownik\u00f3w?<\/li>\n<li>W jaki spos\u00f3b mo\u017cna usprawni\u0107 przep\u0142yw wykwalifikowanych pracownik\u00f3w w Europie?<\/li>\n<li>W jaki spos\u00f3b mo\u017cna sfinansowa\u0107 badania, instrumenty analityczne i alokacj\u0119?<\/li>\n<\/ol>\n<p>Prowadz\u0105cy:<\/p>\n<p>Jim Sims \u2013 Ekspert Wiod\u0105cy w projekcie Gen-Y City<\/p>\n<p>Uczestnicy:<\/p>\n<p>Lider i Partnerzy Projektu Gen-Y City, Eksperci Wiod\u0105cy i Ad hoc Programu URBACT, przedstawiciele sieci Programu URBACT oraz Sekretariatu URBACT<\/p>\n<p>Warsztaty b\u0119d\u0105 prowadzone w j. angielskim.<\/p>\n<p><a href=\"https:\/\/forumrozwojumiast.poznan.pl\/2017\/rejestracja\/\">Rejestracja<\/a> na warsztaty.<\/p>\n","protected":false},"excerpt":{"rendered":"<p>WARSZTAT dla uczestnik\u00f3w sieci programu URBACT: URBAN Networking 6 grudnia, godz.\u00a0 18:30 &#8211; 20:00 Miasta s\u0105 istotn\u0105 si\u0142\u0105 nap\u0119dow\u0105 gospodarki b\u0119d\u0105c zar\u00f3wno miejscem spotka\u0144, kreatywno\u015bci i innowacji, jak i o\u015brodkiem us\u0142ug \u015bwiadczonych na rzecz mieszka\u0144c\u00f3w. Odgrywaj\u0105 kluczow\u0105 rol\u0119 w rozwoju spo\u0142eczno-gospodarczym Europy i \u015bwiata. Wiele europejskich miast stoi przed wyzwaniem, w jaki spos\u00f3b zwi\u0119kszy\u0107 swoj\u0105 &hellip; <\/p>\n<p class=\"link-more\"><a href=\"https:\/\/forumrozwojumiast.poznan.pl\/2017\/warsztaty\/warsztat-iii\/\" class=\"more-link\">Continue reading<span class=\"screen-reader-text\"> &#8222;WARSZTAT dla uczestnik\u00f3w sieci programu URBACT: URBAN Networking&#8221;<\/span><\/a><\/p>\n","protected":false},"author":1,"featured_media":0,"parent":599,"menu_order":11,"comment_status":"closed","ping_status":"closed","template":"","meta":{"_acf_changed":false,"inline_featured_image":false,"ngg_post_thumbnail":0,"footnotes":""},"class_list":["post-29","page","type-page","status-publish","hentry"],"acf":[],"yoast_head":"<!-- This site is optimized with the Yoast SEO plugin v27.4 - https:\/\/yoast.com\/product\/yoast-seo-wordpress\/ -->\n<title>WARSZTAT dla uczestnik\u00f3w sieci programu URBACT: URBAN Networking - Forum Rozwoju Miast<\/title>\n<meta name=\"robots\" content=\"index, follow, max-snippet:-1, max-image-preview:large, max-video-preview:-1\" \/>\n<link rel=\"canonical\" href=\"https:\/\/forumrozwojumiast.poznan.pl\/2017\/warsztaty\/warsztat-iii\/\" \/>\n<meta property=\"og:locale\" content=\"pl_PL\" \/>\n<meta property=\"og:type\" content=\"article\" \/>\n<meta property=\"og:title\" content=\"WARSZTAT dla uczestnik\u00f3w sieci programu URBACT: URBAN Networking - Forum Rozwoju Miast\" \/>\n<meta property=\"og:description\" content=\"WARSZTAT dla uczestnik\u00f3w sieci programu URBACT: URBAN Networking 6 grudnia, godz.\u00a0 18:30 &#8211; 20:00 Miasta s\u0105 istotn\u0105 si\u0142\u0105 nap\u0119dow\u0105 gospodarki b\u0119d\u0105c zar\u00f3wno miejscem spotka\u0144, kreatywno\u015bci i innowacji, jak i o\u015brodkiem us\u0142ug \u015bwiadczonych na rzecz mieszka\u0144c\u00f3w. Odgrywaj\u0105 kluczow\u0105 rol\u0119 w rozwoju spo\u0142eczno-gospodarczym Europy i \u015bwiata. Wiele europejskich miast stoi przed wyzwaniem, w jaki spos\u00f3b zwi\u0119kszy\u0107 swoj\u0105 &hellip; Continue reading &quot;WARSZTAT dla uczestnik\u00f3w sieci programu URBACT: URBAN Networking&quot;\" \/>\n<meta property=\"og:url\" content=\"https:\/\/forumrozwojumiast.poznan.pl\/2017\/warsztaty\/warsztat-iii\/\" \/>\n<meta property=\"og:site_name\" content=\"Forum Rozwoju Miast\" \/>\n<meta property=\"article:modified_time\" content=\"2017-10-13T07:51:22+00:00\" \/>\n<meta name=\"twitter:card\" content=\"summary_large_image\" \/>\n<meta name=\"twitter:label1\" content=\"Szacowany czas czytania\" \/>\n\t<meta name=\"twitter:data1\" content=\"2 minuty\" \/>\n<script type=\"application\/ld+json\" class=\"yoast-schema-graph\">{\"@context\":\"https:\\\/\\\/schema.org\",\"@graph\":[{\"@type\":\"WebPage\",\"@id\":\"https:\\\/\\\/forumrozwojumiast.poznan.pl\\\/2017\\\/warsztaty\\\/warsztat-iii\\\/\",\"url\":\"https:\\\/\\\/forumrozwojumiast.poznan.pl\\\/2017\\\/warsztaty\\\/warsztat-iii\\\/\",\"name\":\"WARSZTAT dla uczestnik\u00f3w sieci programu URBACT: URBAN Networking - Forum Rozwoju Miast\",\"isPartOf\":{\"@id\":\"https:\\\/\\\/forumrozwojumiast.poznan.pl\\\/2017\\\/#website\"},\"datePublished\":\"2017-08-01T14:17:50+00:00\",\"dateModified\":\"2017-10-13T07:51:22+00:00\",\"breadcrumb\":{\"@id\":\"https:\\\/\\\/forumrozwojumiast.poznan.pl\\\/2017\\\/warsztaty\\\/warsztat-iii\\\/#breadcrumb\"},\"inLanguage\":\"pl-PL\",\"potentialAction\":[{\"@type\":\"ReadAction\",\"target\":[\"https:\\\/\\\/forumrozwojumiast.poznan.pl\\\/2017\\\/warsztaty\\\/warsztat-iii\\\/\"]}]},{\"@type\":\"BreadcrumbList\",\"@id\":\"https:\\\/\\\/forumrozwojumiast.poznan.pl\\\/2017\\\/warsztaty\\\/warsztat-iii\\\/#breadcrumb\",\"itemListElement\":[{\"@type\":\"ListItem\",\"position\":1,\"name\":\"Strona g\u0142\u00f3wna\",\"item\":\"https:\\\/\\\/forumrozwojumiast.poznan.pl\\\/2017\\\/\"},{\"@type\":\"ListItem\",\"position\":2,\"name\":\"Warsztaty\",\"item\":\"https:\\\/\\\/forumrozwojumiast.poznan.pl\\\/2017\\\/warsztaty\\\/\"},{\"@type\":\"ListItem\",\"position\":3,\"name\":\"WARSZTAT dla uczestnik\u00f3w sieci programu URBACT: URBAN Networking\"}]},{\"@type\":\"WebSite\",\"@id\":\"https:\\\/\\\/forumrozwojumiast.poznan.pl\\\/2017\\\/#website\",\"url\":\"https:\\\/\\\/forumrozwojumiast.poznan.pl\\\/2017\\\/\",\"name\":\"Forum Rozwoju Miast\",\"description\":\"Obywatelski wymiar strategicznego zarz\u0105dzania miastem\",\"publisher\":{\"@id\":\"https:\\\/\\\/forumrozwojumiast.poznan.pl\\\/2017\\\/#organization\"},\"potentialAction\":[{\"@type\":\"SearchAction\",\"target\":{\"@type\":\"EntryPoint\",\"urlTemplate\":\"https:\\\/\\\/forumrozwojumiast.poznan.pl\\\/2017\\\/?s={search_term_string}\"},\"query-input\":{\"@type\":\"PropertyValueSpecification\",\"valueRequired\":true,\"valueName\":\"search_term_string\"}}],\"inLanguage\":\"pl-PL\"},{\"@type\":\"Organization\",\"@id\":\"https:\\\/\\\/forumrozwojumiast.poznan.pl\\\/2017\\\/#organization\",\"name\":\"Forum Rozwoju Miast\",\"url\":\"https:\\\/\\\/forumrozwojumiast.poznan.pl\\\/2017\\\/\",\"logo\":{\"@type\":\"ImageObject\",\"inLanguage\":\"pl-PL\",\"@id\":\"https:\\\/\\\/forumrozwojumiast.poznan.pl\\\/2017\\\/#\\\/schema\\\/logo\\\/image\\\/\",\"url\":\"https:\\\/\\\/forumrozwojumiast.poznan.pl\\\/2017\\\/wp-content\\\/uploads\\\/2017\\\/09\\\/cropped-FORUM-ROZWOJU-MIAST-3.png\",\"contentUrl\":\"https:\\\/\\\/forumrozwojumiast.poznan.pl\\\/2017\\\/wp-content\\\/uploads\\\/2017\\\/09\\\/cropped-FORUM-ROZWOJU-MIAST-3.png\",\"width\":627,\"height\":250,\"caption\":\"Forum Rozwoju Miast\"},\"image\":{\"@id\":\"https:\\\/\\\/forumrozwojumiast.poznan.pl\\\/2017\\\/#\\\/schema\\\/logo\\\/image\\\/\"}}]}<\/script>\n<!-- \/ Yoast SEO plugin. -->","yoast_head_json":{"title":"WARSZTAT dla uczestnik\u00f3w sieci programu URBACT: URBAN Networking - Forum Rozwoju Miast","robots":{"index":"index","follow":"follow","max-snippet":"max-snippet:-1","max-image-preview":"max-image-preview:large","max-video-preview":"max-video-preview:-1"},"canonical":"https:\/\/forumrozwojumiast.poznan.pl\/2017\/warsztaty\/warsztat-iii\/","og_locale":"pl_PL","og_type":"article","og_title":"WARSZTAT dla uczestnik\u00f3w sieci programu URBACT: URBAN Networking - Forum Rozwoju Miast","og_description":"WARSZTAT dla uczestnik\u00f3w sieci programu URBACT: URBAN Networking 6 grudnia, godz.\u00a0 18:30 &#8211; 20:00 Miasta s\u0105 istotn\u0105 si\u0142\u0105 nap\u0119dow\u0105 gospodarki b\u0119d\u0105c zar\u00f3wno miejscem spotka\u0144, kreatywno\u015bci i innowacji, jak i o\u015brodkiem us\u0142ug \u015bwiadczonych na rzecz mieszka\u0144c\u00f3w. Odgrywaj\u0105 kluczow\u0105 rol\u0119 w rozwoju spo\u0142eczno-gospodarczym Europy i \u015bwiata. Wiele europejskich miast stoi przed wyzwaniem, w jaki spos\u00f3b zwi\u0119kszy\u0107 swoj\u0105 &hellip; Continue reading \"WARSZTAT dla uczestnik\u00f3w sieci programu URBACT: URBAN Networking\"","og_url":"https:\/\/forumrozwojumiast.poznan.pl\/2017\/warsztaty\/warsztat-iii\/","og_site_name":"Forum Rozwoju Miast","article_modified_time":"2017-10-13T07:51:22+00:00","twitter_card":"summary_large_image","twitter_misc":{"Szacowany czas czytania":"2 minuty"},"schema":{"@context":"https:\/\/schema.org","@graph":[{"@type":"WebPage","@id":"https:\/\/forumrozwojumiast.poznan.pl\/2017\/warsztaty\/warsztat-iii\/","url":"https:\/\/forumrozwojumiast.poznan.pl\/2017\/warsztaty\/warsztat-iii\/","name":"WARSZTAT dla uczestnik\u00f3w sieci programu URBACT: URBAN Networking - Forum Rozwoju Miast","isPartOf":{"@id":"https:\/\/forumrozwojumiast.poznan.pl\/2017\/#website"},"datePublished":"2017-08-01T14:17:50+00:00","dateModified":"2017-10-13T07:51:22+00:00","breadcrumb":{"@id":"https:\/\/forumrozwojumiast.poznan.pl\/2017\/warsztaty\/warsztat-iii\/#breadcrumb"},"inLanguage":"pl-PL","potentialAction":[{"@type":"ReadAction","target":["https:\/\/forumrozwojumiast.poznan.pl\/2017\/warsztaty\/warsztat-iii\/"]}]},{"@type":"BreadcrumbList","@id":"https:\/\/forumrozwojumiast.poznan.pl\/2017\/warsztaty\/warsztat-iii\/#breadcrumb","itemListElement":[{"@type":"ListItem","position":1,"name":"Strona g\u0142\u00f3wna","item":"https:\/\/forumrozwojumiast.poznan.pl\/2017\/"},{"@type":"ListItem","position":2,"name":"Warsztaty","item":"https:\/\/forumrozwojumiast.poznan.pl\/2017\/warsztaty\/"},{"@type":"ListItem","position":3,"name":"WARSZTAT dla uczestnik\u00f3w sieci programu URBACT: URBAN Networking"}]},{"@type":"WebSite","@id":"https:\/\/forumrozwojumiast.poznan.pl\/2017\/#website","url":"https:\/\/forumrozwojumiast.poznan.pl\/2017\/","name":"Forum Rozwoju Miast","description":"Obywatelski wymiar strategicznego zarz\u0105dzania miastem","publisher":{"@id":"https:\/\/forumrozwojumiast.poznan.pl\/2017\/#organization"},"potentialAction":[{"@type":"SearchAction","target":{"@type":"EntryPoint","urlTemplate":"https:\/\/forumrozwojumiast.poznan.pl\/2017\/?s={search_term_string}"},"query-input":{"@type":"PropertyValueSpecification","valueRequired":true,"valueName":"search_term_string"}}],"inLanguage":"pl-PL"},{"@type":"Organization","@id":"https:\/\/forumrozwojumiast.poznan.pl\/2017\/#organization","name":"Forum Rozwoju Miast","url":"https:\/\/forumrozwojumiast.poznan.pl\/2017\/","logo":{"@type":"ImageObject","inLanguage":"pl-PL","@id":"https:\/\/forumrozwojumiast.poznan.pl\/2017\/#\/schema\/logo\/image\/","url":"https:\/\/forumrozwojumiast.poznan.pl\/2017\/wp-content\/uploads\/2017\/09\/cropped-FORUM-ROZWOJU-MIAST-3.png","contentUrl":"https:\/\/forumrozwojumiast.poznan.pl\/2017\/wp-content\/uploads\/2017\/09\/cropped-FORUM-ROZWOJU-MIAST-3.png","width":627,"height":250,"caption":"Forum Rozwoju Miast"},"image":{"@id":"https:\/\/forumrozwojumiast.poznan.pl\/2017\/#\/schema\/logo\/image\/"}}]}},"_links":{"self":[{"href":"https:\/\/forumrozwojumiast.poznan.pl\/2017\/wp-json\/wp\/v2\/pages\/29","targetHints":{"allow":["GET"]}}],"collection":[{"href":"https:\/\/forumrozwojumiast.poznan.pl\/2017\/wp-json\/wp\/v2\/pages"}],"about":[{"href":"https:\/\/forumrozwojumiast.poznan.pl\/2017\/wp-json\/wp\/v2\/types\/page"}],"author":[{"embeddable":true,"href":"https:\/\/forumrozwojumiast.poznan.pl\/2017\/wp-json\/wp\/v2\/users\/1"}],"replies":[{"embeddable":true,"href":"https:\/\/forumrozwojumiast.poznan.pl\/2017\/wp-json\/wp\/v2\/comments?post=29"}],"version-history":[{"count":10,"href":"https:\/\/forumrozwojumiast.poznan.pl\/2017\/wp-json\/wp\/v2\/pages\/29\/revisions"}],"predecessor-version":[{"id":1170,"href":"https:\/\/forumrozwojumiast.poznan.pl\/2017\/wp-json\/wp\/v2\/pages\/29\/revisions\/1170"}],"up":[{"embeddable":true,"href":"https:\/\/forumrozwojumiast.poznan.pl\/2017\/wp-json\/wp\/v2\/pages\/599"}],"wp:attachment":[{"href":"https:\/\/forumrozwojumiast.poznan.pl\/2017\/wp-json\/wp\/v2\/media?parent=29"}],"curies":[{"name":"wp","href":"https:\/\/api.w.org\/{rel}","templated":true}]}}