{"id":311,"date":"2017-09-20T12:42:00","date_gmt":"2017-09-20T10:42:00","guid":{"rendered":"https:\/\/forumrozwojumiast.poznan.pl\/2017\/?page_id=311"},"modified":"2017-10-13T15:21:30","modified_gmt":"2017-10-13T13:21:30","slug":"warsztat-i","status":"publish","type":"page","link":"https:\/\/forumrozwojumiast.poznan.pl\/2017\/warsztaty\/warsztat-i\/","title":{"rendered":"WARSZTATY dla mieszka\u0144c\u00f3w: Zaanga\u017cowanie spo\u0142eczne, partycypacja i wsp\u00f3\u0142kreacja w miastach"},"content":{"rendered":"<p><strong>3 WARSZTATY dla mieszka\u0144c\u00f3w: Zaanga\u017cowanie spo\u0142eczne, partycypacja i wsp\u00f3\u0142kreacja w miastach<\/strong><\/p>\n<p><strong>6 grudnia, godz. 15:30 &#8211; 18:30<\/strong><\/p>\n<p>Uwa\u017camy, i\u017c miasta przysz\u0142o\u015bci opiera\u0107 si\u0119 b\u0119d\u0105 na zaanga\u017cowaniu spo\u0142ecznym, partycypacji i wsp\u00f3\u0142kreacji. Interakcje spo\u0142eczne umo\u017cliwiaj\u0105 realny wp\u0142yw mieszka\u0144c\u00f3w na miasto i miasta na mieszka\u0144c\u00f3w oraz tworzenie platform wsp\u00f3lnego projektowania i testowania w przestrzeni publicznej unikalnych, innowacyjnych rozwi\u0105za\u0144, w kt\u00f3re mog\u0105 w\u0142\u0105czy\u0107 si\u0119 tak\u017ce startupy, przedsi\u0119biorcy, naukowcy i studenci.<\/p>\n<p>Pod\u0142o\u017cem koncepcyjno-ideowym dla warsztat\u00f3w b\u0119d\u0105 tematy trzech najlepiej ocenionych projekt\u00f3w w konkursie na inicjatywy miejskie \u201e<a href=\"https:\/\/forumrozwojumiast.poznan.pl\/2017\/konkurs\/\">Miasto dla mieszka\u0144c\u00f3w \u2013 mieszka\u0144cy dla miasta<\/a>\u201d. Warsztaty s\u0105 dedykowane osobom, kt\u00f3re chc\u0105 tworzy\u0107 miejskie Think Tanki i\/lub wspiera\u0107 oddolne dzia\u0142ania lokalne, rozwi\u0105zuj\u0105ce zdiagnozowane problemy spo\u0142eczne. W trakcie warsztat\u00f3w uczestnicy przejd\u0105 pe\u0142en proces projektowania innowacyjnych zmian spo\u0142ecznych zgodnie z metodologi\u0105 Design Sprint w podziale na etapy: Zrozumie\u0107\/Wykreowa\u0107\/Zaprojektowa\u0107\/Przetestowa\u0107\/Przygotowa\u0107 do wdro\u017cenia. Dodatkowo b\u0119d\u0105 rozwija\u0107 poprzez ideacje wybrane w konkursie trzy najlepsze projekty inicjatyw miejskich. Uczestnicy warsztat\u00f3w otrzymaj\u0105 certyfikat moderatora Think Tank Pozna\u0144.<\/p>\n<p>Prowadz\u0105cy:<\/p>\n<p>Agnieszka Deja \u2013 Coach Mi\u0119dzynarodowej Federacji Coachingu, Dyrektor pozna\u0144skiego oddzia\u0142u ICF Polska, Certyfikowany trener modelu FRIS, Wyk\u0142adowca akademicki<\/p>\n<p>Agnieszka Marli\u0144ska \u2013 Trener i konsultant w Concordia Design Konsulting, Coach Mi\u0119dzynarodowej Federacji Coachingu<\/p>\n<p>Piotr Wr\u00f3blewski \u2013 Trener i konsultant Design Management w Concordia Design Konsulting<\/p>\n<p>Uczestnicy: wszyscy zainteresowani tematyk\u0105<\/p>\n<p>Warsztaty b\u0119d\u0105 prowadzone w j. polskim.<\/p>\n<p><strong>Warsztaty odb\u0119d\u0105 si\u0119 w Concordii Design (ul. Zwierzyniecka 3, Pozna\u0144).<\/strong><\/p>\n<p><a href=\"https:\/\/forumrozwojumiast.poznan.pl\/2017\/rejestracja\/\">Rejestracja na warsztaty<\/a><\/p>\n","protected":false},"excerpt":{"rendered":"<p>3 WARSZTATY dla mieszka\u0144c\u00f3w: Zaanga\u017cowanie spo\u0142eczne, partycypacja i wsp\u00f3\u0142kreacja w miastach 6 grudnia, godz. 15:30 &#8211; 18:30 Uwa\u017camy, i\u017c miasta przysz\u0142o\u015bci opiera\u0107 si\u0119 b\u0119d\u0105 na zaanga\u017cowaniu spo\u0142ecznym, partycypacji i wsp\u00f3\u0142kreacji. Interakcje spo\u0142eczne umo\u017cliwiaj\u0105 realny wp\u0142yw mieszka\u0144c\u00f3w na miasto i miasta na mieszka\u0144c\u00f3w oraz tworzenie platform wsp\u00f3lnego projektowania i testowania w przestrzeni publicznej unikalnych, innowacyjnych rozwi\u0105za\u0144, &hellip; <\/p>\n<p class=\"link-more\"><a href=\"https:\/\/forumrozwojumiast.poznan.pl\/2017\/warsztaty\/warsztat-i\/\" class=\"more-link\">Continue reading<span class=\"screen-reader-text\"> &#8222;WARSZTATY dla mieszka\u0144c\u00f3w: Zaanga\u017cowanie spo\u0142eczne, partycypacja i wsp\u00f3\u0142kreacja w miastach&#8221;<\/span><\/a><\/p>\n","protected":false},"author":1,"featured_media":0,"parent":599,"menu_order":0,"comment_status":"closed","ping_status":"closed","template":"","meta":{"_acf_changed":false,"inline_featured_image":false,"ngg_post_thumbnail":0,"footnotes":""},"class_list":["post-311","page","type-page","status-publish","hentry"],"acf":[],"yoast_head":"<!-- This site is optimized with the Yoast SEO plugin v27.4 - https:\/\/yoast.com\/product\/yoast-seo-wordpress\/ -->\n<title>WARSZTATY dla mieszka\u0144c\u00f3w: Zaanga\u017cowanie spo\u0142eczne, partycypacja i wsp\u00f3\u0142kreacja w miastach - Forum Rozwoju Miast<\/title>\n<meta name=\"robots\" content=\"index, follow, max-snippet:-1, max-image-preview:large, max-video-preview:-1\" \/>\n<link rel=\"canonical\" href=\"https:\/\/forumrozwojumiast.poznan.pl\/2017\/warsztaty\/warsztat-i\/\" \/>\n<meta property=\"og:locale\" content=\"pl_PL\" \/>\n<meta property=\"og:type\" content=\"article\" \/>\n<meta property=\"og:title\" content=\"WARSZTATY dla mieszka\u0144c\u00f3w: Zaanga\u017cowanie spo\u0142eczne, partycypacja i wsp\u00f3\u0142kreacja w miastach - Forum Rozwoju Miast\" \/>\n<meta property=\"og:description\" content=\"3 WARSZTATY dla mieszka\u0144c\u00f3w: Zaanga\u017cowanie spo\u0142eczne, partycypacja i wsp\u00f3\u0142kreacja w miastach 6 grudnia, godz. 15:30 &#8211; 18:30 Uwa\u017camy, i\u017c miasta przysz\u0142o\u015bci opiera\u0107 si\u0119 b\u0119d\u0105 na zaanga\u017cowaniu spo\u0142ecznym, partycypacji i wsp\u00f3\u0142kreacji. Interakcje spo\u0142eczne umo\u017cliwiaj\u0105 realny wp\u0142yw mieszka\u0144c\u00f3w na miasto i miasta na mieszka\u0144c\u00f3w oraz tworzenie platform wsp\u00f3lnego projektowania i testowania w przestrzeni publicznej unikalnych, innowacyjnych rozwi\u0105za\u0144, &hellip; Continue reading &quot;WARSZTATY dla mieszka\u0144c\u00f3w: Zaanga\u017cowanie spo\u0142eczne, partycypacja i wsp\u00f3\u0142kreacja w miastach&quot;\" \/>\n<meta property=\"og:url\" content=\"https:\/\/forumrozwojumiast.poznan.pl\/2017\/warsztaty\/warsztat-i\/\" \/>\n<meta property=\"og:site_name\" content=\"Forum Rozwoju Miast\" \/>\n<meta property=\"article:modified_time\" content=\"2017-10-13T13:21:30+00:00\" \/>\n<meta name=\"twitter:card\" content=\"summary_large_image\" \/>\n<meta name=\"twitter:label1\" content=\"Szacowany czas czytania\" \/>\n\t<meta name=\"twitter:data1\" content=\"1 minuta\" \/>\n<script type=\"application\/ld+json\" class=\"yoast-schema-graph\">{\"@context\":\"https:\\\/\\\/schema.org\",\"@graph\":[{\"@type\":\"WebPage\",\"@id\":\"https:\\\/\\\/forumrozwojumiast.poznan.pl\\\/2017\\\/warsztaty\\\/warsztat-i\\\/\",\"url\":\"https:\\\/\\\/forumrozwojumiast.poznan.pl\\\/2017\\\/warsztaty\\\/warsztat-i\\\/\",\"name\":\"WARSZTATY dla mieszka\u0144c\u00f3w: Zaanga\u017cowanie spo\u0142eczne, partycypacja i wsp\u00f3\u0142kreacja w miastach - Forum Rozwoju Miast\",\"isPartOf\":{\"@id\":\"https:\\\/\\\/forumrozwojumiast.poznan.pl\\\/2017\\\/#website\"},\"datePublished\":\"2017-09-20T10:42:00+00:00\",\"dateModified\":\"2017-10-13T13:21:30+00:00\",\"breadcrumb\":{\"@id\":\"https:\\\/\\\/forumrozwojumiast.poznan.pl\\\/2017\\\/warsztaty\\\/warsztat-i\\\/#breadcrumb\"},\"inLanguage\":\"pl-PL\",\"potentialAction\":[{\"@type\":\"ReadAction\",\"target\":[\"https:\\\/\\\/forumrozwojumiast.poznan.pl\\\/2017\\\/warsztaty\\\/warsztat-i\\\/\"]}]},{\"@type\":\"BreadcrumbList\",\"@id\":\"https:\\\/\\\/forumrozwojumiast.poznan.pl\\\/2017\\\/warsztaty\\\/warsztat-i\\\/#breadcrumb\",\"itemListElement\":[{\"@type\":\"ListItem\",\"position\":1,\"name\":\"Strona g\u0142\u00f3wna\",\"item\":\"https:\\\/\\\/forumrozwojumiast.poznan.pl\\\/2017\\\/\"},{\"@type\":\"ListItem\",\"position\":2,\"name\":\"Warsztaty\",\"item\":\"https:\\\/\\\/forumrozwojumiast.poznan.pl\\\/2017\\\/warsztaty\\\/\"},{\"@type\":\"ListItem\",\"position\":3,\"name\":\"WARSZTATY dla mieszka\u0144c\u00f3w: Zaanga\u017cowanie spo\u0142eczne, partycypacja i wsp\u00f3\u0142kreacja w miastach\"}]},{\"@type\":\"WebSite\",\"@id\":\"https:\\\/\\\/forumrozwojumiast.poznan.pl\\\/2017\\\/#website\",\"url\":\"https:\\\/\\\/forumrozwojumiast.poznan.pl\\\/2017\\\/\",\"name\":\"Forum Rozwoju Miast\",\"description\":\"Obywatelski wymiar strategicznego zarz\u0105dzania miastem\",\"publisher\":{\"@id\":\"https:\\\/\\\/forumrozwojumiast.poznan.pl\\\/2017\\\/#organization\"},\"potentialAction\":[{\"@type\":\"SearchAction\",\"target\":{\"@type\":\"EntryPoint\",\"urlTemplate\":\"https:\\\/\\\/forumrozwojumiast.poznan.pl\\\/2017\\\/?s={search_term_string}\"},\"query-input\":{\"@type\":\"PropertyValueSpecification\",\"valueRequired\":true,\"valueName\":\"search_term_string\"}}],\"inLanguage\":\"pl-PL\"},{\"@type\":\"Organization\",\"@id\":\"https:\\\/\\\/forumrozwojumiast.poznan.pl\\\/2017\\\/#organization\",\"name\":\"Forum Rozwoju Miast\",\"url\":\"https:\\\/\\\/forumrozwojumiast.poznan.pl\\\/2017\\\/\",\"logo\":{\"@type\":\"ImageObject\",\"inLanguage\":\"pl-PL\",\"@id\":\"https:\\\/\\\/forumrozwojumiast.poznan.pl\\\/2017\\\/#\\\/schema\\\/logo\\\/image\\\/\",\"url\":\"https:\\\/\\\/forumrozwojumiast.poznan.pl\\\/2017\\\/wp-content\\\/uploads\\\/2017\\\/09\\\/cropped-FORUM-ROZWOJU-MIAST-3.png\",\"contentUrl\":\"https:\\\/\\\/forumrozwojumiast.poznan.pl\\\/2017\\\/wp-content\\\/uploads\\\/2017\\\/09\\\/cropped-FORUM-ROZWOJU-MIAST-3.png\",\"width\":627,\"height\":250,\"caption\":\"Forum Rozwoju Miast\"},\"image\":{\"@id\":\"https:\\\/\\\/forumrozwojumiast.poznan.pl\\\/2017\\\/#\\\/schema\\\/logo\\\/image\\\/\"}}]}<\/script>\n<!-- \/ Yoast SEO plugin. -->","yoast_head_json":{"title":"WARSZTATY dla mieszka\u0144c\u00f3w: Zaanga\u017cowanie spo\u0142eczne, partycypacja i wsp\u00f3\u0142kreacja w miastach - Forum Rozwoju Miast","robots":{"index":"index","follow":"follow","max-snippet":"max-snippet:-1","max-image-preview":"max-image-preview:large","max-video-preview":"max-video-preview:-1"},"canonical":"https:\/\/forumrozwojumiast.poznan.pl\/2017\/warsztaty\/warsztat-i\/","og_locale":"pl_PL","og_type":"article","og_title":"WARSZTATY dla mieszka\u0144c\u00f3w: Zaanga\u017cowanie spo\u0142eczne, partycypacja i wsp\u00f3\u0142kreacja w miastach - Forum Rozwoju Miast","og_description":"3 WARSZTATY dla mieszka\u0144c\u00f3w: Zaanga\u017cowanie spo\u0142eczne, partycypacja i wsp\u00f3\u0142kreacja w miastach 6 grudnia, godz. 15:30 &#8211; 18:30 Uwa\u017camy, i\u017c miasta przysz\u0142o\u015bci opiera\u0107 si\u0119 b\u0119d\u0105 na zaanga\u017cowaniu spo\u0142ecznym, partycypacji i wsp\u00f3\u0142kreacji. Interakcje spo\u0142eczne umo\u017cliwiaj\u0105 realny wp\u0142yw mieszka\u0144c\u00f3w na miasto i miasta na mieszka\u0144c\u00f3w oraz tworzenie platform wsp\u00f3lnego projektowania i testowania w przestrzeni publicznej unikalnych, innowacyjnych rozwi\u0105za\u0144, &hellip; Continue reading \"WARSZTATY dla mieszka\u0144c\u00f3w: Zaanga\u017cowanie spo\u0142eczne, partycypacja i wsp\u00f3\u0142kreacja w miastach\"","og_url":"https:\/\/forumrozwojumiast.poznan.pl\/2017\/warsztaty\/warsztat-i\/","og_site_name":"Forum Rozwoju Miast","article_modified_time":"2017-10-13T13:21:30+00:00","twitter_card":"summary_large_image","twitter_misc":{"Szacowany czas czytania":"1 minuta"},"schema":{"@context":"https:\/\/schema.org","@graph":[{"@type":"WebPage","@id":"https:\/\/forumrozwojumiast.poznan.pl\/2017\/warsztaty\/warsztat-i\/","url":"https:\/\/forumrozwojumiast.poznan.pl\/2017\/warsztaty\/warsztat-i\/","name":"WARSZTATY dla mieszka\u0144c\u00f3w: Zaanga\u017cowanie spo\u0142eczne, partycypacja i wsp\u00f3\u0142kreacja w miastach - Forum Rozwoju Miast","isPartOf":{"@id":"https:\/\/forumrozwojumiast.poznan.pl\/2017\/#website"},"datePublished":"2017-09-20T10:42:00+00:00","dateModified":"2017-10-13T13:21:30+00:00","breadcrumb":{"@id":"https:\/\/forumrozwojumiast.poznan.pl\/2017\/warsztaty\/warsztat-i\/#breadcrumb"},"inLanguage":"pl-PL","potentialAction":[{"@type":"ReadAction","target":["https:\/\/forumrozwojumiast.poznan.pl\/2017\/warsztaty\/warsztat-i\/"]}]},{"@type":"BreadcrumbList","@id":"https:\/\/forumrozwojumiast.poznan.pl\/2017\/warsztaty\/warsztat-i\/#breadcrumb","itemListElement":[{"@type":"ListItem","position":1,"name":"Strona g\u0142\u00f3wna","item":"https:\/\/forumrozwojumiast.poznan.pl\/2017\/"},{"@type":"ListItem","position":2,"name":"Warsztaty","item":"https:\/\/forumrozwojumiast.poznan.pl\/2017\/warsztaty\/"},{"@type":"ListItem","position":3,"name":"WARSZTATY dla mieszka\u0144c\u00f3w: Zaanga\u017cowanie spo\u0142eczne, partycypacja i wsp\u00f3\u0142kreacja w miastach"}]},{"@type":"WebSite","@id":"https:\/\/forumrozwojumiast.poznan.pl\/2017\/#website","url":"https:\/\/forumrozwojumiast.poznan.pl\/2017\/","name":"Forum Rozwoju Miast","description":"Obywatelski wymiar strategicznego zarz\u0105dzania miastem","publisher":{"@id":"https:\/\/forumrozwojumiast.poznan.pl\/2017\/#organization"},"potentialAction":[{"@type":"SearchAction","target":{"@type":"EntryPoint","urlTemplate":"https:\/\/forumrozwojumiast.poznan.pl\/2017\/?s={search_term_string}"},"query-input":{"@type":"PropertyValueSpecification","valueRequired":true,"valueName":"search_term_string"}}],"inLanguage":"pl-PL"},{"@type":"Organization","@id":"https:\/\/forumrozwojumiast.poznan.pl\/2017\/#organization","name":"Forum Rozwoju Miast","url":"https:\/\/forumrozwojumiast.poznan.pl\/2017\/","logo":{"@type":"ImageObject","inLanguage":"pl-PL","@id":"https:\/\/forumrozwojumiast.poznan.pl\/2017\/#\/schema\/logo\/image\/","url":"https:\/\/forumrozwojumiast.poznan.pl\/2017\/wp-content\/uploads\/2017\/09\/cropped-FORUM-ROZWOJU-MIAST-3.png","contentUrl":"https:\/\/forumrozwojumiast.poznan.pl\/2017\/wp-content\/uploads\/2017\/09\/cropped-FORUM-ROZWOJU-MIAST-3.png","width":627,"height":250,"caption":"Forum Rozwoju Miast"},"image":{"@id":"https:\/\/forumrozwojumiast.poznan.pl\/2017\/#\/schema\/logo\/image\/"}}]}},"_links":{"self":[{"href":"https:\/\/forumrozwojumiast.poznan.pl\/2017\/wp-json\/wp\/v2\/pages\/311","targetHints":{"allow":["GET"]}}],"collection":[{"href":"https:\/\/forumrozwojumiast.poznan.pl\/2017\/wp-json\/wp\/v2\/pages"}],"about":[{"href":"https:\/\/forumrozwojumiast.poznan.pl\/2017\/wp-json\/wp\/v2\/types\/page"}],"author":[{"embeddable":true,"href":"https:\/\/forumrozwojumiast.poznan.pl\/2017\/wp-json\/wp\/v2\/users\/1"}],"replies":[{"embeddable":true,"href":"https:\/\/forumrozwojumiast.poznan.pl\/2017\/wp-json\/wp\/v2\/comments?post=311"}],"version-history":[{"count":8,"href":"https:\/\/forumrozwojumiast.poznan.pl\/2017\/wp-json\/wp\/v2\/pages\/311\/revisions"}],"predecessor-version":[{"id":1192,"href":"https:\/\/forumrozwojumiast.poznan.pl\/2017\/wp-json\/wp\/v2\/pages\/311\/revisions\/1192"}],"up":[{"embeddable":true,"href":"https:\/\/forumrozwojumiast.poznan.pl\/2017\/wp-json\/wp\/v2\/pages\/599"}],"wp:attachment":[{"href":"https:\/\/forumrozwojumiast.poznan.pl\/2017\/wp-json\/wp\/v2\/media?parent=311"}],"curies":[{"name":"wp","href":"https:\/\/api.w.org\/{rel}","templated":true}]}}