{"id":313,"date":"2017-09-20T12:42:38","date_gmt":"2017-09-20T10:42:38","guid":{"rendered":"https:\/\/forumrozwojumiast.poznan.pl\/2017\/?page_id=313"},"modified":"2017-10-13T09:43:59","modified_gmt":"2017-10-13T07:43:59","slug":"warsztat-ii","status":"publish","type":"page","link":"https:\/\/forumrozwojumiast.poznan.pl\/2017\/warsztaty\/warsztat-ii\/","title":{"rendered":"WARSZTAT dla pracownik\u00f3w jednostek samorz\u0105du terytorialnego: Rozko\u0142ysa\u0107 miasto"},"content":{"rendered":"<p><strong>WARSZTAT dla pracownik\u00f3w jednostek samorz\u0105du terytorialnego: Rozko\u0142ysa\u0107 miasto<\/strong><\/p>\n<p><strong>6 grudnia, godz. 15:30 &#8211; 18:30<\/strong><\/p>\n<p>Zale\u017cy nam na tym, aby okre\u015bli\u0107 wsp\u00f3\u0142czesn\u0105 rol\u0119, zakres dzia\u0142ania oraz zasady wsp\u00f3\u0142pracy w ramach samorz\u0105du oraz z mieszka\u0144cami. Kreatywno\u015b\u0107, wyra\u017ana wizja i spos\u00f3b my\u015blenia o rozwoju, wiedza i do\u015bwiadczenie maj\u0105 wp\u0142yw na kszta\u0142towanie wizerunku miasta i planowanie jego przysz\u0142o\u015bci. Na warsztatach b\u0119dziemy dyskutowa\u0107 na temat funkcji, znaczenia i zada\u0144 wydzia\u0142\u00f3w zajmuj\u0105cych si\u0119 rozwojem wsp\u00f3\u0142czesnych miast, okre\u015bleniem ich roli, zakresu dzia\u0142ania, potrzeb i mo\u017cliwo\u015bci, uwarunkowa\u0144 prowadzenia dzia\u0142a\u0144 inspirowanych i wspieranych przez samorz\u0105dy lokalne.<\/p>\n<p>Warsztaty b\u0119d\u0105 tak\u017ce okazj\u0105 do zainicjowania sieci wsp\u00f3\u0142pracy i wymiany wiedzy oraz do\u015bwiadcze\u0144 pomi\u0119dzy urz\u0119dnikami samorz\u0105dowymi odpowiedzialnymi za zadania zwi\u0105zane z rozwojem miast. Jej celem b\u0119dzie projektowanie i testowanie nowych rozwi\u0105za\u0144 na rzecz rozwoju, pe\u0142nienie roli prekursora i rzecznika zmian w miastach, promowanie dobrych praktyk miejskich.<\/p>\n<p>W trakcie warsztat\u00f3w podejmiemy nast\u0119puj\u0105ce tematy:<\/p>\n<ol>\n<li>Czym jest rozw\u00f3j w kontek\u015bcie wsp\u00f3\u0142czesnego funkcjonowania polskich miast?<\/li>\n<li>Jak osi\u0105ga\u0107 d\u0142ugotrwa\u0142y rozw\u00f3j w kr\u00f3tkiej perspektywie czasowej (kadencja, rok bud\u017cetowy)?<\/li>\n<li>Wiedza ekspercka przedstawicieli samorz\u0105du lokalnego a opinia mieszka\u0144c\u00f3w.<\/li>\n<li>Partycypacja mieszka\u0144c\u00f3w w procesie planowania rozwoju oraz g\u0142\u00f3wne zasady komunikacji spo\u0142ecznej na temat rozwoju miast.<\/li>\n<li>Szybko\u015b\u0107 dzia\u0142ania a jako\u015b\u0107 decyzji z punktu widzenia urz\u0119du i mieszka\u0144c\u00f3w.<\/li>\n<li>Rozw\u00f3j a sprawy bie\u017c\u0105ce, rola wydzia\u0142u rozwoju w strukturze urz\u0119du.<\/li>\n<\/ol>\n<p>Prowadz\u0105cy: \u00a0 Wojciech K\u0142osowski \u2013 Ekspert fundacji POLIS Instytut Miast<\/p>\n<p>Uczestnicy: \u00a0\u00a0\u00a0 pracownicy jednostek samorz\u0105du terytorialnego zajmuj\u0105cy si\u0119 rozwojem miast<\/p>\n<p>Warsztaty b\u0119d\u0105 prowadzone w j. polskim.<\/p>\n<p><a href=\"https:\/\/forumrozwojumiast.poznan.pl\/2017\/rejestracja\/\">Rejestracja <\/a>.<\/p>\n<hr \/>\n<p><strong>UWAGA<\/strong>:<\/p>\n<p class=\"lo-normalcxsppierwsze\">Pod\u0142o\u017cem koncepcyjnym dla warsztatu pn. \u201eRozko\u0142ysa\u0107 miasto\u201d b\u0119d\u0105 wyniki badania ankietowego, do udzia\u0142u w kt\u00f3rym serdecznie zapraszam dyrektor\u00f3w i kierownik\u00f3w jednostek zajmuj\u0105cych si\u0119 rozwojem, nawet je\u015bli nie b\u0119d\u0105 mogli osobi\u015bcie uczestniczy\u0107 w Forum.<\/p>\n<p class=\"lo-normalcxspdrugie\">Uzyskane w ankietach informacje b\u0119d\u0105 dla nas cennym kompendium wiedzy, kt\u00f3ra pozwoli nam w spos\u00f3b najbardziej trafny sformu\u0142owa\u0107 tezy do dyskusji warsztatowej.<\/p>\n<p class=\"lo-normalcxspdrugie\">Ankieta dost\u0119pna jest pod adresem <a href=\"https:\/\/forumrozwojumiast.poznan.pl\/2017\/ankieta\/\">https:\/\/forumrozwojumiast.poznan.pl\/2017\/ankieta\/<\/a> po wpisaniu has\u0142a, kt\u00f3re prze\u015blemy poczt\u0105.<\/p>\n<p class=\"lo-normalcxspdrugie\">Wype\u0142nienie ankiety zajmie nie wi\u0119cej ni\u017c 20 minut.<\/p>\n<p class=\"lo-normalcxspdrugie\">Uprzejmie prosz\u0119 o wype\u0142nienie ankiety do dnia 15 listopada 2017 r.<\/p>\n<p class=\"lo-normalcxspnazwisko\">Z g\u00f3ry dzi\u0119kuj\u0119 za czas po\u015bwi\u0119cony na wype\u0142nienie ankiety i jeszcze raz serdecznie zapraszam do udzia\u0142u w Forum Rozwoju Miast i organizowanych w jego ramach warsztatach<\/p>\n<p>&nbsp;<\/p>\n","protected":false},"excerpt":{"rendered":"<p>WARSZTAT dla pracownik\u00f3w jednostek samorz\u0105du terytorialnego: Rozko\u0142ysa\u0107 miasto 6 grudnia, godz. 15:30 &#8211; 18:30 Zale\u017cy nam na tym, aby okre\u015bli\u0107 wsp\u00f3\u0142czesn\u0105 rol\u0119, zakres dzia\u0142ania oraz zasady wsp\u00f3\u0142pracy w ramach samorz\u0105du oraz z mieszka\u0144cami. Kreatywno\u015b\u0107, wyra\u017ana wizja i spos\u00f3b my\u015blenia o rozwoju, wiedza i do\u015bwiadczenie maj\u0105 wp\u0142yw na kszta\u0142towanie wizerunku miasta i planowanie jego przysz\u0142o\u015bci. Na &hellip; <\/p>\n<p class=\"link-more\"><a href=\"https:\/\/forumrozwojumiast.poznan.pl\/2017\/warsztaty\/warsztat-ii\/\" class=\"more-link\">Continue reading<span class=\"screen-reader-text\"> &#8222;WARSZTAT dla pracownik\u00f3w jednostek samorz\u0105du terytorialnego: Rozko\u0142ysa\u0107 miasto&#8221;<\/span><\/a><\/p>\n","protected":false},"author":1,"featured_media":0,"parent":599,"menu_order":5,"comment_status":"closed","ping_status":"closed","template":"","meta":{"_acf_changed":false,"inline_featured_image":false,"ngg_post_thumbnail":0,"footnotes":""},"class_list":["post-313","page","type-page","status-publish","hentry"],"acf":[],"yoast_head":"<!-- This site is optimized with the Yoast SEO plugin v27.4 - https:\/\/yoast.com\/product\/yoast-seo-wordpress\/ -->\n<title>WARSZTAT dla pracownik\u00f3w jednostek samorz\u0105du terytorialnego: Rozko\u0142ysa\u0107 miasto - Forum Rozwoju Miast<\/title>\n<meta name=\"robots\" content=\"index, follow, max-snippet:-1, max-image-preview:large, max-video-preview:-1\" \/>\n<link rel=\"canonical\" href=\"https:\/\/forumrozwojumiast.poznan.pl\/2017\/warsztaty\/warsztat-ii\/\" \/>\n<meta property=\"og:locale\" content=\"pl_PL\" \/>\n<meta property=\"og:type\" content=\"article\" \/>\n<meta property=\"og:title\" content=\"WARSZTAT dla pracownik\u00f3w jednostek samorz\u0105du terytorialnego: Rozko\u0142ysa\u0107 miasto - Forum Rozwoju Miast\" \/>\n<meta property=\"og:description\" content=\"WARSZTAT dla pracownik\u00f3w jednostek samorz\u0105du terytorialnego: Rozko\u0142ysa\u0107 miasto 6 grudnia, godz. 15:30 &#8211; 18:30 Zale\u017cy nam na tym, aby okre\u015bli\u0107 wsp\u00f3\u0142czesn\u0105 rol\u0119, zakres dzia\u0142ania oraz zasady wsp\u00f3\u0142pracy w ramach samorz\u0105du oraz z mieszka\u0144cami. Kreatywno\u015b\u0107, wyra\u017ana wizja i spos\u00f3b my\u015blenia o rozwoju, wiedza i do\u015bwiadczenie maj\u0105 wp\u0142yw na kszta\u0142towanie wizerunku miasta i planowanie jego przysz\u0142o\u015bci. Na &hellip; Continue reading &quot;WARSZTAT dla pracownik\u00f3w jednostek samorz\u0105du terytorialnego: Rozko\u0142ysa\u0107 miasto&quot;\" \/>\n<meta property=\"og:url\" content=\"https:\/\/forumrozwojumiast.poznan.pl\/2017\/warsztaty\/warsztat-ii\/\" \/>\n<meta property=\"og:site_name\" content=\"Forum Rozwoju Miast\" \/>\n<meta property=\"article:modified_time\" content=\"2017-10-13T07:43:59+00:00\" \/>\n<meta name=\"twitter:card\" content=\"summary_large_image\" \/>\n<meta name=\"twitter:label1\" content=\"Szacowany czas czytania\" \/>\n\t<meta name=\"twitter:data1\" content=\"2 minuty\" \/>\n<script type=\"application\/ld+json\" class=\"yoast-schema-graph\">{\"@context\":\"https:\\\/\\\/schema.org\",\"@graph\":[{\"@type\":\"WebPage\",\"@id\":\"https:\\\/\\\/forumrozwojumiast.poznan.pl\\\/2017\\\/warsztaty\\\/warsztat-ii\\\/\",\"url\":\"https:\\\/\\\/forumrozwojumiast.poznan.pl\\\/2017\\\/warsztaty\\\/warsztat-ii\\\/\",\"name\":\"WARSZTAT dla pracownik\u00f3w jednostek samorz\u0105du terytorialnego: Rozko\u0142ysa\u0107 miasto - Forum Rozwoju Miast\",\"isPartOf\":{\"@id\":\"https:\\\/\\\/forumrozwojumiast.poznan.pl\\\/2017\\\/#website\"},\"datePublished\":\"2017-09-20T10:42:38+00:00\",\"dateModified\":\"2017-10-13T07:43:59+00:00\",\"breadcrumb\":{\"@id\":\"https:\\\/\\\/forumrozwojumiast.poznan.pl\\\/2017\\\/warsztaty\\\/warsztat-ii\\\/#breadcrumb\"},\"inLanguage\":\"pl-PL\",\"potentialAction\":[{\"@type\":\"ReadAction\",\"target\":[\"https:\\\/\\\/forumrozwojumiast.poznan.pl\\\/2017\\\/warsztaty\\\/warsztat-ii\\\/\"]}]},{\"@type\":\"BreadcrumbList\",\"@id\":\"https:\\\/\\\/forumrozwojumiast.poznan.pl\\\/2017\\\/warsztaty\\\/warsztat-ii\\\/#breadcrumb\",\"itemListElement\":[{\"@type\":\"ListItem\",\"position\":1,\"name\":\"Strona g\u0142\u00f3wna\",\"item\":\"https:\\\/\\\/forumrozwojumiast.poznan.pl\\\/2017\\\/\"},{\"@type\":\"ListItem\",\"position\":2,\"name\":\"Warsztaty\",\"item\":\"https:\\\/\\\/forumrozwojumiast.poznan.pl\\\/2017\\\/warsztaty\\\/\"},{\"@type\":\"ListItem\",\"position\":3,\"name\":\"WARSZTAT dla pracownik\u00f3w jednostek samorz\u0105du terytorialnego: Rozko\u0142ysa\u0107 miasto\"}]},{\"@type\":\"WebSite\",\"@id\":\"https:\\\/\\\/forumrozwojumiast.poznan.pl\\\/2017\\\/#website\",\"url\":\"https:\\\/\\\/forumrozwojumiast.poznan.pl\\\/2017\\\/\",\"name\":\"Forum Rozwoju Miast\",\"description\":\"Obywatelski wymiar strategicznego zarz\u0105dzania miastem\",\"publisher\":{\"@id\":\"https:\\\/\\\/forumrozwojumiast.poznan.pl\\\/2017\\\/#organization\"},\"potentialAction\":[{\"@type\":\"SearchAction\",\"target\":{\"@type\":\"EntryPoint\",\"urlTemplate\":\"https:\\\/\\\/forumrozwojumiast.poznan.pl\\\/2017\\\/?s={search_term_string}\"},\"query-input\":{\"@type\":\"PropertyValueSpecification\",\"valueRequired\":true,\"valueName\":\"search_term_string\"}}],\"inLanguage\":\"pl-PL\"},{\"@type\":\"Organization\",\"@id\":\"https:\\\/\\\/forumrozwojumiast.poznan.pl\\\/2017\\\/#organization\",\"name\":\"Forum Rozwoju Miast\",\"url\":\"https:\\\/\\\/forumrozwojumiast.poznan.pl\\\/2017\\\/\",\"logo\":{\"@type\":\"ImageObject\",\"inLanguage\":\"pl-PL\",\"@id\":\"https:\\\/\\\/forumrozwojumiast.poznan.pl\\\/2017\\\/#\\\/schema\\\/logo\\\/image\\\/\",\"url\":\"https:\\\/\\\/forumrozwojumiast.poznan.pl\\\/2017\\\/wp-content\\\/uploads\\\/2017\\\/09\\\/cropped-FORUM-ROZWOJU-MIAST-3.png\",\"contentUrl\":\"https:\\\/\\\/forumrozwojumiast.poznan.pl\\\/2017\\\/wp-content\\\/uploads\\\/2017\\\/09\\\/cropped-FORUM-ROZWOJU-MIAST-3.png\",\"width\":627,\"height\":250,\"caption\":\"Forum Rozwoju Miast\"},\"image\":{\"@id\":\"https:\\\/\\\/forumrozwojumiast.poznan.pl\\\/2017\\\/#\\\/schema\\\/logo\\\/image\\\/\"}}]}<\/script>\n<!-- \/ Yoast SEO plugin. -->","yoast_head_json":{"title":"WARSZTAT dla pracownik\u00f3w jednostek samorz\u0105du terytorialnego: Rozko\u0142ysa\u0107 miasto - Forum Rozwoju Miast","robots":{"index":"index","follow":"follow","max-snippet":"max-snippet:-1","max-image-preview":"max-image-preview:large","max-video-preview":"max-video-preview:-1"},"canonical":"https:\/\/forumrozwojumiast.poznan.pl\/2017\/warsztaty\/warsztat-ii\/","og_locale":"pl_PL","og_type":"article","og_title":"WARSZTAT dla pracownik\u00f3w jednostek samorz\u0105du terytorialnego: Rozko\u0142ysa\u0107 miasto - Forum Rozwoju Miast","og_description":"WARSZTAT dla pracownik\u00f3w jednostek samorz\u0105du terytorialnego: Rozko\u0142ysa\u0107 miasto 6 grudnia, godz. 15:30 &#8211; 18:30 Zale\u017cy nam na tym, aby okre\u015bli\u0107 wsp\u00f3\u0142czesn\u0105 rol\u0119, zakres dzia\u0142ania oraz zasady wsp\u00f3\u0142pracy w ramach samorz\u0105du oraz z mieszka\u0144cami. Kreatywno\u015b\u0107, wyra\u017ana wizja i spos\u00f3b my\u015blenia o rozwoju, wiedza i do\u015bwiadczenie maj\u0105 wp\u0142yw na kszta\u0142towanie wizerunku miasta i planowanie jego przysz\u0142o\u015bci. Na &hellip; Continue reading \"WARSZTAT dla pracownik\u00f3w jednostek samorz\u0105du terytorialnego: Rozko\u0142ysa\u0107 miasto\"","og_url":"https:\/\/forumrozwojumiast.poznan.pl\/2017\/warsztaty\/warsztat-ii\/","og_site_name":"Forum Rozwoju Miast","article_modified_time":"2017-10-13T07:43:59+00:00","twitter_card":"summary_large_image","twitter_misc":{"Szacowany czas czytania":"2 minuty"},"schema":{"@context":"https:\/\/schema.org","@graph":[{"@type":"WebPage","@id":"https:\/\/forumrozwojumiast.poznan.pl\/2017\/warsztaty\/warsztat-ii\/","url":"https:\/\/forumrozwojumiast.poznan.pl\/2017\/warsztaty\/warsztat-ii\/","name":"WARSZTAT dla pracownik\u00f3w jednostek samorz\u0105du terytorialnego: Rozko\u0142ysa\u0107 miasto - Forum Rozwoju Miast","isPartOf":{"@id":"https:\/\/forumrozwojumiast.poznan.pl\/2017\/#website"},"datePublished":"2017-09-20T10:42:38+00:00","dateModified":"2017-10-13T07:43:59+00:00","breadcrumb":{"@id":"https:\/\/forumrozwojumiast.poznan.pl\/2017\/warsztaty\/warsztat-ii\/#breadcrumb"},"inLanguage":"pl-PL","potentialAction":[{"@type":"ReadAction","target":["https:\/\/forumrozwojumiast.poznan.pl\/2017\/warsztaty\/warsztat-ii\/"]}]},{"@type":"BreadcrumbList","@id":"https:\/\/forumrozwojumiast.poznan.pl\/2017\/warsztaty\/warsztat-ii\/#breadcrumb","itemListElement":[{"@type":"ListItem","position":1,"name":"Strona g\u0142\u00f3wna","item":"https:\/\/forumrozwojumiast.poznan.pl\/2017\/"},{"@type":"ListItem","position":2,"name":"Warsztaty","item":"https:\/\/forumrozwojumiast.poznan.pl\/2017\/warsztaty\/"},{"@type":"ListItem","position":3,"name":"WARSZTAT dla pracownik\u00f3w jednostek samorz\u0105du terytorialnego: Rozko\u0142ysa\u0107 miasto"}]},{"@type":"WebSite","@id":"https:\/\/forumrozwojumiast.poznan.pl\/2017\/#website","url":"https:\/\/forumrozwojumiast.poznan.pl\/2017\/","name":"Forum Rozwoju Miast","description":"Obywatelski wymiar strategicznego zarz\u0105dzania miastem","publisher":{"@id":"https:\/\/forumrozwojumiast.poznan.pl\/2017\/#organization"},"potentialAction":[{"@type":"SearchAction","target":{"@type":"EntryPoint","urlTemplate":"https:\/\/forumrozwojumiast.poznan.pl\/2017\/?s={search_term_string}"},"query-input":{"@type":"PropertyValueSpecification","valueRequired":true,"valueName":"search_term_string"}}],"inLanguage":"pl-PL"},{"@type":"Organization","@id":"https:\/\/forumrozwojumiast.poznan.pl\/2017\/#organization","name":"Forum Rozwoju Miast","url":"https:\/\/forumrozwojumiast.poznan.pl\/2017\/","logo":{"@type":"ImageObject","inLanguage":"pl-PL","@id":"https:\/\/forumrozwojumiast.poznan.pl\/2017\/#\/schema\/logo\/image\/","url":"https:\/\/forumrozwojumiast.poznan.pl\/2017\/wp-content\/uploads\/2017\/09\/cropped-FORUM-ROZWOJU-MIAST-3.png","contentUrl":"https:\/\/forumrozwojumiast.poznan.pl\/2017\/wp-content\/uploads\/2017\/09\/cropped-FORUM-ROZWOJU-MIAST-3.png","width":627,"height":250,"caption":"Forum Rozwoju Miast"},"image":{"@id":"https:\/\/forumrozwojumiast.poznan.pl\/2017\/#\/schema\/logo\/image\/"}}]}},"_links":{"self":[{"href":"https:\/\/forumrozwojumiast.poznan.pl\/2017\/wp-json\/wp\/v2\/pages\/313","targetHints":{"allow":["GET"]}}],"collection":[{"href":"https:\/\/forumrozwojumiast.poznan.pl\/2017\/wp-json\/wp\/v2\/pages"}],"about":[{"href":"https:\/\/forumrozwojumiast.poznan.pl\/2017\/wp-json\/wp\/v2\/types\/page"}],"author":[{"embeddable":true,"href":"https:\/\/forumrozwojumiast.poznan.pl\/2017\/wp-json\/wp\/v2\/users\/1"}],"replies":[{"embeddable":true,"href":"https:\/\/forumrozwojumiast.poznan.pl\/2017\/wp-json\/wp\/v2\/comments?post=313"}],"version-history":[{"count":9,"href":"https:\/\/forumrozwojumiast.poznan.pl\/2017\/wp-json\/wp\/v2\/pages\/313\/revisions"}],"predecessor-version":[{"id":1162,"href":"https:\/\/forumrozwojumiast.poznan.pl\/2017\/wp-json\/wp\/v2\/pages\/313\/revisions\/1162"}],"up":[{"embeddable":true,"href":"https:\/\/forumrozwojumiast.poznan.pl\/2017\/wp-json\/wp\/v2\/pages\/599"}],"wp:attachment":[{"href":"https:\/\/forumrozwojumiast.poznan.pl\/2017\/wp-json\/wp\/v2\/media?parent=313"}],"curies":[{"name":"wp","href":"https:\/\/api.w.org\/{rel}","templated":true}]}}