{"id":316,"date":"2017-09-20T12:46:02","date_gmt":"2017-09-20T10:46:02","guid":{"rendered":"https:\/\/forumrozwojumiast.poznan.pl\/2017\/?page_id=316"},"modified":"2017-10-04T15:53:57","modified_gmt":"2017-10-04T13:53:57","slug":"dzien-i-miasto-dla-mieszkancow","status":"publish","type":"page","link":"https:\/\/forumrozwojumiast.poznan.pl\/2017\/dzien-i-miasto-dla-mieszkancow\/","title":{"rendered":"Dzie\u0144 I: Miasto dla mieszka\u0144c\u00f3w"},"content":{"rendered":"<p><u>Opis tematu<\/u><\/p>\n<p>Rozw\u00f3j miasta w d\u0142u\u017cszej perspektywie to ci\u0105g\u0142e podnoszenie jako\u015bci \u017cycia mieszka\u0144c\u00f3w. Proces ten jest oparty na tw\u00f3rczym dialogu pomi\u0119dzy mieszka\u0144cami a samorz\u0105dem lokalnym, zaanga\u017cowaniu i wsp\u00f3\u0142pracy mieszka\u0144c\u00f3w o r\u00f3\u017cnych pogl\u0105dach wynikaj\u0105cych z odmiennych do\u015bwiadcze\u0144, wykszta\u0142cenia, interes\u00f3w i statusu spo\u0142ecznego, biznesu oraz organizacji dzia\u0142aj\u0105cych w mie\u015bcie. W dialog ten powinno si\u0119 tak\u017ce aktywnie w\u0142\u0105czy\u0107 \u015brodowisko eksperckie i naukowe. Wyb\u00f3r optymalnego rozwi\u0105zania sytuacji problemowej jest du\u017co bardziej adekwatny, je\u015bli spojrzy si\u0119 na niego z wielu perspektyw. <em>\u201eMiasto zwyci\u0119\u017cy\u0142o. Ale wielu z nas, na podstawie w\u0142asnego do\u015bwiadczenia, wie, \u017ce czasami miejskie drogi prowadz\u0105 do piek\u0142a. Miasto mo\u017ce odnie\u015b\u0107 sukces, ale zbyt cz\u0119sto jego mieszka\u0144cy wydaj\u0105 si\u0119 przegrani\u201d <\/em>to motto ksi\u0105\u017cki Edwarda Glaesera pt.: \u201eTriumph of the City: How Our Greatest Invention Makes Us Richer, Smarter, Greener, Healthier, and Happier\u201d. Autor oddaje w jednym zdaniu sens istoty wsp\u00f3\u0142pracy na r\u00f3\u017cnych poziomach. Bez znajomo\u015bci wzajemnych potrzeb mo\u017cna odnie\u015b\u0107 sukces jedynie pozorny: buduj\u0105c drogi, kt\u00f3re niszcz\u0105 przestrze\u0144 miejsk\u0105; dworce kolejowe, kt\u00f3re wprawiaj\u0105 w irytacj\u0119 podr\u00f3\u017cnych; inwestuj\u0105c w wydarzenia kulturalne, kt\u00f3re nie tworz\u0105 tkanki miejskiej; wspieraj\u0105c inwestor\u00f3w, kt\u00f3rzy nie w\u0142\u0105czaj\u0105 si\u0119 w trwa\u0142y rozw\u00f3j miasta. Dlatego planowanie przysz\u0142o\u015bci miasta powinno odbywa\u0107 si\u0119 w oparciu o rzeteln\u0105 diagnoz\u0119 z uwzgl\u0119dnieniem potrzeb i oczekiwa\u0144 mieszka\u0144c\u00f3w.<\/p>\n<p>Trwaj\u0105cy obecnie globalny proces przej\u015bcia do gospodarki 4.0 zmienia model funkcjonowania miast. Coraz cz\u0119stsze jest wykorzystywanie nowoczesnych technologii w kontek\u015bcie spo\u0142ecznym. Dobre praktyki w zarz\u0105dzaniu miastem pozwalaj\u0105 na postrzeganie o\u015brodk\u00f3w miejskich jako miast uczciwych relacji spo\u0142ecznych. Elastyczno\u015b\u0107 i wsp\u00f3\u0142praca na ka\u017cdym etapie rozwoju spo\u0142eczno\u015bci lokalnych oraz coraz lepsze wykorzystanie istniej\u0105cych zasob\u00f3w b\u0119d\u0105 decydowa\u0107 o dynamicznym rozwoju miast przysz\u0142o\u015bci. Nowym elementem w ramach wsp\u00f3\u0142pracy mi\u0119dzy biznesem, organizacjami i mieszka\u0144cami jest wzajemne uczenie si\u0119 i zrozumienie, umiej\u0119tno\u015b\u0107 w\u0142a\u015bciwego dekodowania wzajemnych przekaz\u00f3w i nawi\u0105zywanie wsp\u00f3\u0142pracy.<\/p>\n<p><u>Cele<\/u><\/p>\n<ol>\n<li>Planowanie przysz\u0142o\u015bci miasta w oparciu o rzeteln\u0105 diagnoz\u0119 z uwzgl\u0119dnieniem tego,\u00a0 czego chc\u0105 i czego potrzebuj\u0105 jego mieszka\u0144cy.<\/li>\n<li>Wzajemne zrozumienie. Umiej\u0119tno\u015b\u0107 w\u0142a\u015bciwego dekodowania przekaz\u00f3w r\u00f3\u017cnych \u015brodowisk i nawi\u0105zywanie wsp\u00f3\u0142pracy.<\/li>\n<li>Integracja \u015brodowiska innowator\u00f3w oraz upowszechnianie dobrych praktyk dobrego zarz\u0105dzania miastem.<\/li>\n<\/ol>\n<p>Zobacz r\u00f3wnie\u017c:<\/p>\n<ul>\n<li><a href=\"https:\/\/forumrozwojumiast.poznan.pl\/2017\/program\/\">Agenda<\/a><\/li>\n<li><a href=\"https:\/\/forumrozwojumiast.poznan.pl\/2017\/rejestracja\/\">Rejestracja<\/a><\/li>\n<\/ul>\n","protected":false},"excerpt":{"rendered":"<p>Opis tematu Rozw\u00f3j miasta w d\u0142u\u017cszej perspektywie to ci\u0105g\u0142e podnoszenie jako\u015bci \u017cycia mieszka\u0144c\u00f3w. Proces ten jest oparty na tw\u00f3rczym dialogu pomi\u0119dzy mieszka\u0144cami a samorz\u0105dem lokalnym, zaanga\u017cowaniu i wsp\u00f3\u0142pracy mieszka\u0144c\u00f3w o r\u00f3\u017cnych pogl\u0105dach wynikaj\u0105cych z odmiennych do\u015bwiadcze\u0144, wykszta\u0142cenia, interes\u00f3w i statusu spo\u0142ecznego, biznesu oraz organizacji dzia\u0142aj\u0105cych w mie\u015bcie. W dialog ten powinno si\u0119 tak\u017ce aktywnie w\u0142\u0105czy\u0107 &hellip; <\/p>\n<p class=\"link-more\"><a href=\"https:\/\/forumrozwojumiast.poznan.pl\/2017\/dzien-i-miasto-dla-mieszkancow\/\" class=\"more-link\">Continue reading<span class=\"screen-reader-text\"> &#8222;Dzie\u0144 I: Miasto dla mieszka\u0144c\u00f3w&#8221;<\/span><\/a><\/p>\n","protected":false},"author":1,"featured_media":0,"parent":0,"menu_order":55,"comment_status":"closed","ping_status":"closed","template":"","meta":{"_acf_changed":false,"inline_featured_image":false,"ngg_post_thumbnail":0,"footnotes":""},"class_list":["post-316","page","type-page","status-publish","hentry"],"acf":[],"yoast_head":"<!-- This site is optimized with the Yoast SEO plugin v27.4 - https:\/\/yoast.com\/product\/yoast-seo-wordpress\/ -->\n<title>Dzie\u0144 I: Miasto dla mieszka\u0144c\u00f3w - Forum Rozwoju Miast<\/title>\n<meta name=\"robots\" content=\"index, follow, max-snippet:-1, max-image-preview:large, max-video-preview:-1\" \/>\n<link rel=\"canonical\" href=\"https:\/\/forumrozwojumiast.poznan.pl\/2017\/dzien-i-miasto-dla-mieszkancow\/\" \/>\n<meta property=\"og:locale\" content=\"pl_PL\" \/>\n<meta property=\"og:type\" content=\"article\" \/>\n<meta property=\"og:title\" content=\"Dzie\u0144 I: Miasto dla mieszka\u0144c\u00f3w - Forum Rozwoju Miast\" \/>\n<meta property=\"og:description\" content=\"Opis tematu Rozw\u00f3j miasta w d\u0142u\u017cszej perspektywie to ci\u0105g\u0142e podnoszenie jako\u015bci \u017cycia mieszka\u0144c\u00f3w. Proces ten jest oparty na tw\u00f3rczym dialogu pomi\u0119dzy mieszka\u0144cami a samorz\u0105dem lokalnym, zaanga\u017cowaniu i wsp\u00f3\u0142pracy mieszka\u0144c\u00f3w o r\u00f3\u017cnych pogl\u0105dach wynikaj\u0105cych z odmiennych do\u015bwiadcze\u0144, wykszta\u0142cenia, interes\u00f3w i statusu spo\u0142ecznego, biznesu oraz organizacji dzia\u0142aj\u0105cych w mie\u015bcie. W dialog ten powinno si\u0119 tak\u017ce aktywnie w\u0142\u0105czy\u0107 &hellip; Continue reading &quot;Dzie\u0144 I: Miasto dla mieszka\u0144c\u00f3w&quot;\" \/>\n<meta property=\"og:url\" content=\"https:\/\/forumrozwojumiast.poznan.pl\/2017\/dzien-i-miasto-dla-mieszkancow\/\" \/>\n<meta property=\"og:site_name\" content=\"Forum Rozwoju Miast\" \/>\n<meta property=\"article:modified_time\" content=\"2017-10-04T13:53:57+00:00\" \/>\n<meta name=\"twitter:card\" content=\"summary_large_image\" \/>\n<meta name=\"twitter:label1\" content=\"Szacowany czas czytania\" \/>\n\t<meta name=\"twitter:data1\" content=\"2 minuty\" \/>\n<script type=\"application\/ld+json\" class=\"yoast-schema-graph\">{\"@context\":\"https:\\\/\\\/schema.org\",\"@graph\":[{\"@type\":\"WebPage\",\"@id\":\"https:\\\/\\\/forumrozwojumiast.poznan.pl\\\/2017\\\/dzien-i-miasto-dla-mieszkancow\\\/\",\"url\":\"https:\\\/\\\/forumrozwojumiast.poznan.pl\\\/2017\\\/dzien-i-miasto-dla-mieszkancow\\\/\",\"name\":\"Dzie\u0144 I: Miasto dla mieszka\u0144c\u00f3w - Forum Rozwoju Miast\",\"isPartOf\":{\"@id\":\"https:\\\/\\\/forumrozwojumiast.poznan.pl\\\/2017\\\/#website\"},\"datePublished\":\"2017-09-20T10:46:02+00:00\",\"dateModified\":\"2017-10-04T13:53:57+00:00\",\"breadcrumb\":{\"@id\":\"https:\\\/\\\/forumrozwojumiast.poznan.pl\\\/2017\\\/dzien-i-miasto-dla-mieszkancow\\\/#breadcrumb\"},\"inLanguage\":\"pl-PL\",\"potentialAction\":[{\"@type\":\"ReadAction\",\"target\":[\"https:\\\/\\\/forumrozwojumiast.poznan.pl\\\/2017\\\/dzien-i-miasto-dla-mieszkancow\\\/\"]}]},{\"@type\":\"BreadcrumbList\",\"@id\":\"https:\\\/\\\/forumrozwojumiast.poznan.pl\\\/2017\\\/dzien-i-miasto-dla-mieszkancow\\\/#breadcrumb\",\"itemListElement\":[{\"@type\":\"ListItem\",\"position\":1,\"name\":\"Strona g\u0142\u00f3wna\",\"item\":\"https:\\\/\\\/forumrozwojumiast.poznan.pl\\\/2017\\\/\"},{\"@type\":\"ListItem\",\"position\":2,\"name\":\"Dzie\u0144 I: Miasto dla mieszka\u0144c\u00f3w\"}]},{\"@type\":\"WebSite\",\"@id\":\"https:\\\/\\\/forumrozwojumiast.poznan.pl\\\/2017\\\/#website\",\"url\":\"https:\\\/\\\/forumrozwojumiast.poznan.pl\\\/2017\\\/\",\"name\":\"Forum Rozwoju Miast\",\"description\":\"Obywatelski wymiar strategicznego zarz\u0105dzania miastem\",\"publisher\":{\"@id\":\"https:\\\/\\\/forumrozwojumiast.poznan.pl\\\/2017\\\/#organization\"},\"potentialAction\":[{\"@type\":\"SearchAction\",\"target\":{\"@type\":\"EntryPoint\",\"urlTemplate\":\"https:\\\/\\\/forumrozwojumiast.poznan.pl\\\/2017\\\/?s={search_term_string}\"},\"query-input\":{\"@type\":\"PropertyValueSpecification\",\"valueRequired\":true,\"valueName\":\"search_term_string\"}}],\"inLanguage\":\"pl-PL\"},{\"@type\":\"Organization\",\"@id\":\"https:\\\/\\\/forumrozwojumiast.poznan.pl\\\/2017\\\/#organization\",\"name\":\"Forum Rozwoju Miast\",\"url\":\"https:\\\/\\\/forumrozwojumiast.poznan.pl\\\/2017\\\/\",\"logo\":{\"@type\":\"ImageObject\",\"inLanguage\":\"pl-PL\",\"@id\":\"https:\\\/\\\/forumrozwojumiast.poznan.pl\\\/2017\\\/#\\\/schema\\\/logo\\\/image\\\/\",\"url\":\"https:\\\/\\\/forumrozwojumiast.poznan.pl\\\/2017\\\/wp-content\\\/uploads\\\/2017\\\/09\\\/cropped-FORUM-ROZWOJU-MIAST-3.png\",\"contentUrl\":\"https:\\\/\\\/forumrozwojumiast.poznan.pl\\\/2017\\\/wp-content\\\/uploads\\\/2017\\\/09\\\/cropped-FORUM-ROZWOJU-MIAST-3.png\",\"width\":627,\"height\":250,\"caption\":\"Forum Rozwoju Miast\"},\"image\":{\"@id\":\"https:\\\/\\\/forumrozwojumiast.poznan.pl\\\/2017\\\/#\\\/schema\\\/logo\\\/image\\\/\"}}]}<\/script>\n<!-- \/ Yoast SEO plugin. -->","yoast_head_json":{"title":"Dzie\u0144 I: Miasto dla mieszka\u0144c\u00f3w - Forum Rozwoju Miast","robots":{"index":"index","follow":"follow","max-snippet":"max-snippet:-1","max-image-preview":"max-image-preview:large","max-video-preview":"max-video-preview:-1"},"canonical":"https:\/\/forumrozwojumiast.poznan.pl\/2017\/dzien-i-miasto-dla-mieszkancow\/","og_locale":"pl_PL","og_type":"article","og_title":"Dzie\u0144 I: Miasto dla mieszka\u0144c\u00f3w - Forum Rozwoju Miast","og_description":"Opis tematu Rozw\u00f3j miasta w d\u0142u\u017cszej perspektywie to ci\u0105g\u0142e podnoszenie jako\u015bci \u017cycia mieszka\u0144c\u00f3w. Proces ten jest oparty na tw\u00f3rczym dialogu pomi\u0119dzy mieszka\u0144cami a samorz\u0105dem lokalnym, zaanga\u017cowaniu i wsp\u00f3\u0142pracy mieszka\u0144c\u00f3w o r\u00f3\u017cnych pogl\u0105dach wynikaj\u0105cych z odmiennych do\u015bwiadcze\u0144, wykszta\u0142cenia, interes\u00f3w i statusu spo\u0142ecznego, biznesu oraz organizacji dzia\u0142aj\u0105cych w mie\u015bcie. W dialog ten powinno si\u0119 tak\u017ce aktywnie w\u0142\u0105czy\u0107 &hellip; Continue reading \"Dzie\u0144 I: Miasto dla mieszka\u0144c\u00f3w\"","og_url":"https:\/\/forumrozwojumiast.poznan.pl\/2017\/dzien-i-miasto-dla-mieszkancow\/","og_site_name":"Forum Rozwoju Miast","article_modified_time":"2017-10-04T13:53:57+00:00","twitter_card":"summary_large_image","twitter_misc":{"Szacowany czas czytania":"2 minuty"},"schema":{"@context":"https:\/\/schema.org","@graph":[{"@type":"WebPage","@id":"https:\/\/forumrozwojumiast.poznan.pl\/2017\/dzien-i-miasto-dla-mieszkancow\/","url":"https:\/\/forumrozwojumiast.poznan.pl\/2017\/dzien-i-miasto-dla-mieszkancow\/","name":"Dzie\u0144 I: Miasto dla mieszka\u0144c\u00f3w - Forum Rozwoju Miast","isPartOf":{"@id":"https:\/\/forumrozwojumiast.poznan.pl\/2017\/#website"},"datePublished":"2017-09-20T10:46:02+00:00","dateModified":"2017-10-04T13:53:57+00:00","breadcrumb":{"@id":"https:\/\/forumrozwojumiast.poznan.pl\/2017\/dzien-i-miasto-dla-mieszkancow\/#breadcrumb"},"inLanguage":"pl-PL","potentialAction":[{"@type":"ReadAction","target":["https:\/\/forumrozwojumiast.poznan.pl\/2017\/dzien-i-miasto-dla-mieszkancow\/"]}]},{"@type":"BreadcrumbList","@id":"https:\/\/forumrozwojumiast.poznan.pl\/2017\/dzien-i-miasto-dla-mieszkancow\/#breadcrumb","itemListElement":[{"@type":"ListItem","position":1,"name":"Strona g\u0142\u00f3wna","item":"https:\/\/forumrozwojumiast.poznan.pl\/2017\/"},{"@type":"ListItem","position":2,"name":"Dzie\u0144 I: Miasto dla mieszka\u0144c\u00f3w"}]},{"@type":"WebSite","@id":"https:\/\/forumrozwojumiast.poznan.pl\/2017\/#website","url":"https:\/\/forumrozwojumiast.poznan.pl\/2017\/","name":"Forum Rozwoju Miast","description":"Obywatelski wymiar strategicznego zarz\u0105dzania miastem","publisher":{"@id":"https:\/\/forumrozwojumiast.poznan.pl\/2017\/#organization"},"potentialAction":[{"@type":"SearchAction","target":{"@type":"EntryPoint","urlTemplate":"https:\/\/forumrozwojumiast.poznan.pl\/2017\/?s={search_term_string}"},"query-input":{"@type":"PropertyValueSpecification","valueRequired":true,"valueName":"search_term_string"}}],"inLanguage":"pl-PL"},{"@type":"Organization","@id":"https:\/\/forumrozwojumiast.poznan.pl\/2017\/#organization","name":"Forum Rozwoju Miast","url":"https:\/\/forumrozwojumiast.poznan.pl\/2017\/","logo":{"@type":"ImageObject","inLanguage":"pl-PL","@id":"https:\/\/forumrozwojumiast.poznan.pl\/2017\/#\/schema\/logo\/image\/","url":"https:\/\/forumrozwojumiast.poznan.pl\/2017\/wp-content\/uploads\/2017\/09\/cropped-FORUM-ROZWOJU-MIAST-3.png","contentUrl":"https:\/\/forumrozwojumiast.poznan.pl\/2017\/wp-content\/uploads\/2017\/09\/cropped-FORUM-ROZWOJU-MIAST-3.png","width":627,"height":250,"caption":"Forum Rozwoju Miast"},"image":{"@id":"https:\/\/forumrozwojumiast.poznan.pl\/2017\/#\/schema\/logo\/image\/"}}]}},"_links":{"self":[{"href":"https:\/\/forumrozwojumiast.poznan.pl\/2017\/wp-json\/wp\/v2\/pages\/316","targetHints":{"allow":["GET"]}}],"collection":[{"href":"https:\/\/forumrozwojumiast.poznan.pl\/2017\/wp-json\/wp\/v2\/pages"}],"about":[{"href":"https:\/\/forumrozwojumiast.poznan.pl\/2017\/wp-json\/wp\/v2\/types\/page"}],"author":[{"embeddable":true,"href":"https:\/\/forumrozwojumiast.poznan.pl\/2017\/wp-json\/wp\/v2\/users\/1"}],"replies":[{"embeddable":true,"href":"https:\/\/forumrozwojumiast.poznan.pl\/2017\/wp-json\/wp\/v2\/comments?post=316"}],"version-history":[{"count":3,"href":"https:\/\/forumrozwojumiast.poznan.pl\/2017\/wp-json\/wp\/v2\/pages\/316\/revisions"}],"predecessor-version":[{"id":977,"href":"https:\/\/forumrozwojumiast.poznan.pl\/2017\/wp-json\/wp\/v2\/pages\/316\/revisions\/977"}],"wp:attachment":[{"href":"https:\/\/forumrozwojumiast.poznan.pl\/2017\/wp-json\/wp\/v2\/media?parent=316"}],"curies":[{"name":"wp","href":"https:\/\/api.w.org\/{rel}","templated":true}]}}