{"id":318,"date":"2017-09-20T12:46:45","date_gmt":"2017-09-20T10:46:45","guid":{"rendered":"https:\/\/forumrozwojumiast.poznan.pl\/2017\/?page_id=318"},"modified":"2017-10-04T15:16:30","modified_gmt":"2017-10-04T13:16:30","slug":"dzien-ii-mieszkancy-dla-miasta","status":"publish","type":"page","link":"https:\/\/forumrozwojumiast.poznan.pl\/2017\/dzien-ii-mieszkancy-dla-miasta\/","title":{"rendered":"Dzie\u0144 II: Mieszka\u0144cy dla miasta"},"content":{"rendered":"<p><u>Opis tematu<\/u><\/p>\n<p>Rosn\u0105ca \u015bwiadomo\u015b\u0107 obywatelska oraz dost\u0119p do wiedzy specjalistycznej zwi\u0119ksza oczekiwania mieszka\u0144c\u00f3w w zakresie stosowania przez zarz\u0105dzaj\u0105cych zasady przejrzysto\u015bci oraz zapewnienia udzia\u0142u spo\u0142ecznego w podejmowaniu decyzji w sprawach publicznych, z podkre\u015bleniem brania odpowiedzialno\u015bci za wypracowane wsp\u00f3lnie rozwi\u0105zania. B\u0142yskawiczny przep\u0142yw informacji odgrywa coraz wi\u0119ksz\u0105 rol\u0119 w kszta\u0142towaniu opinii i organizacji protest\u00f3w spo\u0142ecznych. Technologie i media maj\u0105 wp\u0142yw na szybkie poznawanie pogl\u0105d\u00f3w innych i kszta\u0142towanie postaw otwarto\u015bci, zrozumienia, innowacyjno\u015bci i wsp\u00f3\u0142pracy. Spersonalizowana komunikacja staje si\u0119 standardem w przestrzeni publicznej a miasta powinny dostosowa\u0107 si\u0119 do tego trendu. Z drugiej strony uodparniamy si\u0119 na sposoby, kt\u00f3rymi instytucje pr\u00f3buj\u0105 na nas wp\u0142ywa\u0107. Coraz lepiej si\u0119 bronimy, ale przez to zauwa\u017camy coraz mniej, tak\u017ce tych warto\u015bciowych komunikat\u00f3w. Stajemy si\u0119 coraz mniej ufni. Du\u017cym wyzwaniem jest dotarcie z przekazem do grupy docelowej i przekonanie jej przedstawicieli do warto\u015bciowej dla nich tre\u015bci, tym bardziej, i\u017c miasta s\u0105 jednymi z instytucji wymagaj\u0105cymi od mieszka\u0144c\u00f3w najcz\u0119\u015bciej bardzo formalnych sposob\u00f3w komunikacji. Wa\u017cne jest otwarcie si\u0119 urz\u0119du na mieszka\u0144c\u00f3w i organizacje spo\u0142eczne zainteresowanych w\u0142\u0105czeniem si\u0119 w projekty miejskie. Rol\u0105 miasta staje si\u0119 inspirowanie, inicjowanie i wspieranie innowacji oraz oddolnych inicjatyw poprzez poszukiwanie nieoczywistych rozwi\u0105za\u0144 dla oczywistych problem\u00f3w. Buduje to kapita\u0142 spo\u0142eczny, podnosi jako\u015b\u0107 \u017cycia mieszka\u0144c\u00f3w i umo\u017cliwia zaspokajanie potrzeb spo\u0142eczno\u015bci lokalnych. Nast\u0119puje zmiana sposobu my\u015blenia o strukturach organizacyjnych &#8211; dzia\u0142y budowane wok\u00f3\u0142 temat\u00f3w i kompetencji s\u0105 zast\u0119powane zespo\u0142ami projektowymi. Takie trendy wyst\u0119puj\u0105 w dynamicznie rozwijaj\u0105cych si\u0119 miastach i takie b\u0119d\u0105 miasta przysz\u0142o\u015bci.<\/p>\n<p><u>Cele<\/u><\/p>\n<ol>\n<li>Wzajemne uczenie si\u0119 i tworzenie nowych idei na styku przeciwstawnych pogl\u0105d\u00f3w i alternatywnych wizji przysz\u0142o\u015bci<\/li>\n<li>Identyfikacja barier i ogranicze\u0144 dla proces\u00f3w wsp\u00f3\u0142tworzenia miasta przez mieszka\u0144c\u00f3w<\/li>\n<\/ol>\n<p>Zobacz r\u00f3wnie\u017c:<\/p>\n<ul>\n<li><a href=\"https:\/\/forumrozwojumiast.poznan.pl\/2017\/program\/\">Agenda<\/a><\/li>\n<li><a href=\"https:\/\/forumrozwojumiast.poznan.pl\/2017\/rejestracja\/\">Rejestracja<\/a><\/li>\n<\/ul>\n","protected":false},"excerpt":{"rendered":"<p>Opis tematu Rosn\u0105ca \u015bwiadomo\u015b\u0107 obywatelska oraz dost\u0119p do wiedzy specjalistycznej zwi\u0119ksza oczekiwania mieszka\u0144c\u00f3w w zakresie stosowania przez zarz\u0105dzaj\u0105cych zasady przejrzysto\u015bci oraz zapewnienia udzia\u0142u spo\u0142ecznego w podejmowaniu decyzji w sprawach publicznych, z podkre\u015bleniem brania odpowiedzialno\u015bci za wypracowane wsp\u00f3lnie rozwi\u0105zania. B\u0142yskawiczny przep\u0142yw informacji odgrywa coraz wi\u0119ksz\u0105 rol\u0119 w kszta\u0142towaniu opinii i organizacji protest\u00f3w spo\u0142ecznych. Technologie i media &hellip; <\/p>\n<p class=\"link-more\"><a href=\"https:\/\/forumrozwojumiast.poznan.pl\/2017\/dzien-ii-mieszkancy-dla-miasta\/\" class=\"more-link\">Continue reading<span class=\"screen-reader-text\"> &#8222;Dzie\u0144 II: Mieszka\u0144cy dla miasta&#8221;<\/span><\/a><\/p>\n","protected":false},"author":1,"featured_media":0,"parent":0,"menu_order":64,"comment_status":"closed","ping_status":"closed","template":"","meta":{"_acf_changed":false,"inline_featured_image":false,"ngg_post_thumbnail":0,"footnotes":""},"class_list":["post-318","page","type-page","status-publish","hentry"],"acf":[],"yoast_head":"<!-- This site is optimized with the Yoast SEO plugin v27.4 - https:\/\/yoast.com\/product\/yoast-seo-wordpress\/ -->\n<title>Dzie\u0144 II: Mieszka\u0144cy dla miasta - Forum Rozwoju Miast<\/title>\n<meta name=\"robots\" content=\"index, follow, max-snippet:-1, max-image-preview:large, max-video-preview:-1\" \/>\n<link rel=\"canonical\" href=\"https:\/\/forumrozwojumiast.poznan.pl\/2017\/dzien-ii-mieszkancy-dla-miasta\/\" \/>\n<meta property=\"og:locale\" content=\"pl_PL\" \/>\n<meta property=\"og:type\" content=\"article\" \/>\n<meta property=\"og:title\" content=\"Dzie\u0144 II: Mieszka\u0144cy dla miasta - Forum Rozwoju Miast\" \/>\n<meta property=\"og:description\" content=\"Opis tematu Rosn\u0105ca \u015bwiadomo\u015b\u0107 obywatelska oraz dost\u0119p do wiedzy specjalistycznej zwi\u0119ksza oczekiwania mieszka\u0144c\u00f3w w zakresie stosowania przez zarz\u0105dzaj\u0105cych zasady przejrzysto\u015bci oraz zapewnienia udzia\u0142u spo\u0142ecznego w podejmowaniu decyzji w sprawach publicznych, z podkre\u015bleniem brania odpowiedzialno\u015bci za wypracowane wsp\u00f3lnie rozwi\u0105zania. B\u0142yskawiczny przep\u0142yw informacji odgrywa coraz wi\u0119ksz\u0105 rol\u0119 w kszta\u0142towaniu opinii i organizacji protest\u00f3w spo\u0142ecznych. Technologie i media &hellip; Continue reading &quot;Dzie\u0144 II: Mieszka\u0144cy dla miasta&quot;\" \/>\n<meta property=\"og:url\" content=\"https:\/\/forumrozwojumiast.poznan.pl\/2017\/dzien-ii-mieszkancy-dla-miasta\/\" \/>\n<meta property=\"og:site_name\" content=\"Forum Rozwoju Miast\" \/>\n<meta property=\"article:modified_time\" content=\"2017-10-04T13:16:30+00:00\" \/>\n<meta name=\"twitter:card\" content=\"summary_large_image\" \/>\n<meta name=\"twitter:label1\" content=\"Szacowany czas czytania\" \/>\n\t<meta name=\"twitter:data1\" content=\"2 minuty\" \/>\n<script type=\"application\/ld+json\" class=\"yoast-schema-graph\">{\"@context\":\"https:\\\/\\\/schema.org\",\"@graph\":[{\"@type\":\"WebPage\",\"@id\":\"https:\\\/\\\/forumrozwojumiast.poznan.pl\\\/2017\\\/dzien-ii-mieszkancy-dla-miasta\\\/\",\"url\":\"https:\\\/\\\/forumrozwojumiast.poznan.pl\\\/2017\\\/dzien-ii-mieszkancy-dla-miasta\\\/\",\"name\":\"Dzie\u0144 II: Mieszka\u0144cy dla miasta - Forum Rozwoju Miast\",\"isPartOf\":{\"@id\":\"https:\\\/\\\/forumrozwojumiast.poznan.pl\\\/2017\\\/#website\"},\"datePublished\":\"2017-09-20T10:46:45+00:00\",\"dateModified\":\"2017-10-04T13:16:30+00:00\",\"breadcrumb\":{\"@id\":\"https:\\\/\\\/forumrozwojumiast.poznan.pl\\\/2017\\\/dzien-ii-mieszkancy-dla-miasta\\\/#breadcrumb\"},\"inLanguage\":\"pl-PL\",\"potentialAction\":[{\"@type\":\"ReadAction\",\"target\":[\"https:\\\/\\\/forumrozwojumiast.poznan.pl\\\/2017\\\/dzien-ii-mieszkancy-dla-miasta\\\/\"]}]},{\"@type\":\"BreadcrumbList\",\"@id\":\"https:\\\/\\\/forumrozwojumiast.poznan.pl\\\/2017\\\/dzien-ii-mieszkancy-dla-miasta\\\/#breadcrumb\",\"itemListElement\":[{\"@type\":\"ListItem\",\"position\":1,\"name\":\"Strona g\u0142\u00f3wna\",\"item\":\"https:\\\/\\\/forumrozwojumiast.poznan.pl\\\/2017\\\/\"},{\"@type\":\"ListItem\",\"position\":2,\"name\":\"Dzie\u0144 II: Mieszka\u0144cy dla miasta\"}]},{\"@type\":\"WebSite\",\"@id\":\"https:\\\/\\\/forumrozwojumiast.poznan.pl\\\/2017\\\/#website\",\"url\":\"https:\\\/\\\/forumrozwojumiast.poznan.pl\\\/2017\\\/\",\"name\":\"Forum Rozwoju Miast\",\"description\":\"Obywatelski wymiar strategicznego zarz\u0105dzania miastem\",\"publisher\":{\"@id\":\"https:\\\/\\\/forumrozwojumiast.poznan.pl\\\/2017\\\/#organization\"},\"potentialAction\":[{\"@type\":\"SearchAction\",\"target\":{\"@type\":\"EntryPoint\",\"urlTemplate\":\"https:\\\/\\\/forumrozwojumiast.poznan.pl\\\/2017\\\/?s={search_term_string}\"},\"query-input\":{\"@type\":\"PropertyValueSpecification\",\"valueRequired\":true,\"valueName\":\"search_term_string\"}}],\"inLanguage\":\"pl-PL\"},{\"@type\":\"Organization\",\"@id\":\"https:\\\/\\\/forumrozwojumiast.poznan.pl\\\/2017\\\/#organization\",\"name\":\"Forum Rozwoju Miast\",\"url\":\"https:\\\/\\\/forumrozwojumiast.poznan.pl\\\/2017\\\/\",\"logo\":{\"@type\":\"ImageObject\",\"inLanguage\":\"pl-PL\",\"@id\":\"https:\\\/\\\/forumrozwojumiast.poznan.pl\\\/2017\\\/#\\\/schema\\\/logo\\\/image\\\/\",\"url\":\"https:\\\/\\\/forumrozwojumiast.poznan.pl\\\/2017\\\/wp-content\\\/uploads\\\/2017\\\/09\\\/cropped-FORUM-ROZWOJU-MIAST-3.png\",\"contentUrl\":\"https:\\\/\\\/forumrozwojumiast.poznan.pl\\\/2017\\\/wp-content\\\/uploads\\\/2017\\\/09\\\/cropped-FORUM-ROZWOJU-MIAST-3.png\",\"width\":627,\"height\":250,\"caption\":\"Forum Rozwoju Miast\"},\"image\":{\"@id\":\"https:\\\/\\\/forumrozwojumiast.poznan.pl\\\/2017\\\/#\\\/schema\\\/logo\\\/image\\\/\"}}]}<\/script>\n<!-- \/ Yoast SEO plugin. -->","yoast_head_json":{"title":"Dzie\u0144 II: Mieszka\u0144cy dla miasta - Forum Rozwoju Miast","robots":{"index":"index","follow":"follow","max-snippet":"max-snippet:-1","max-image-preview":"max-image-preview:large","max-video-preview":"max-video-preview:-1"},"canonical":"https:\/\/forumrozwojumiast.poznan.pl\/2017\/dzien-ii-mieszkancy-dla-miasta\/","og_locale":"pl_PL","og_type":"article","og_title":"Dzie\u0144 II: Mieszka\u0144cy dla miasta - Forum Rozwoju Miast","og_description":"Opis tematu Rosn\u0105ca \u015bwiadomo\u015b\u0107 obywatelska oraz dost\u0119p do wiedzy specjalistycznej zwi\u0119ksza oczekiwania mieszka\u0144c\u00f3w w zakresie stosowania przez zarz\u0105dzaj\u0105cych zasady przejrzysto\u015bci oraz zapewnienia udzia\u0142u spo\u0142ecznego w podejmowaniu decyzji w sprawach publicznych, z podkre\u015bleniem brania odpowiedzialno\u015bci za wypracowane wsp\u00f3lnie rozwi\u0105zania. B\u0142yskawiczny przep\u0142yw informacji odgrywa coraz wi\u0119ksz\u0105 rol\u0119 w kszta\u0142towaniu opinii i organizacji protest\u00f3w spo\u0142ecznych. Technologie i media &hellip; Continue reading \"Dzie\u0144 II: Mieszka\u0144cy dla miasta\"","og_url":"https:\/\/forumrozwojumiast.poznan.pl\/2017\/dzien-ii-mieszkancy-dla-miasta\/","og_site_name":"Forum Rozwoju Miast","article_modified_time":"2017-10-04T13:16:30+00:00","twitter_card":"summary_large_image","twitter_misc":{"Szacowany czas czytania":"2 minuty"},"schema":{"@context":"https:\/\/schema.org","@graph":[{"@type":"WebPage","@id":"https:\/\/forumrozwojumiast.poznan.pl\/2017\/dzien-ii-mieszkancy-dla-miasta\/","url":"https:\/\/forumrozwojumiast.poznan.pl\/2017\/dzien-ii-mieszkancy-dla-miasta\/","name":"Dzie\u0144 II: Mieszka\u0144cy dla miasta - Forum Rozwoju Miast","isPartOf":{"@id":"https:\/\/forumrozwojumiast.poznan.pl\/2017\/#website"},"datePublished":"2017-09-20T10:46:45+00:00","dateModified":"2017-10-04T13:16:30+00:00","breadcrumb":{"@id":"https:\/\/forumrozwojumiast.poznan.pl\/2017\/dzien-ii-mieszkancy-dla-miasta\/#breadcrumb"},"inLanguage":"pl-PL","potentialAction":[{"@type":"ReadAction","target":["https:\/\/forumrozwojumiast.poznan.pl\/2017\/dzien-ii-mieszkancy-dla-miasta\/"]}]},{"@type":"BreadcrumbList","@id":"https:\/\/forumrozwojumiast.poznan.pl\/2017\/dzien-ii-mieszkancy-dla-miasta\/#breadcrumb","itemListElement":[{"@type":"ListItem","position":1,"name":"Strona g\u0142\u00f3wna","item":"https:\/\/forumrozwojumiast.poznan.pl\/2017\/"},{"@type":"ListItem","position":2,"name":"Dzie\u0144 II: Mieszka\u0144cy dla miasta"}]},{"@type":"WebSite","@id":"https:\/\/forumrozwojumiast.poznan.pl\/2017\/#website","url":"https:\/\/forumrozwojumiast.poznan.pl\/2017\/","name":"Forum Rozwoju Miast","description":"Obywatelski wymiar strategicznego zarz\u0105dzania miastem","publisher":{"@id":"https:\/\/forumrozwojumiast.poznan.pl\/2017\/#organization"},"potentialAction":[{"@type":"SearchAction","target":{"@type":"EntryPoint","urlTemplate":"https:\/\/forumrozwojumiast.poznan.pl\/2017\/?s={search_term_string}"},"query-input":{"@type":"PropertyValueSpecification","valueRequired":true,"valueName":"search_term_string"}}],"inLanguage":"pl-PL"},{"@type":"Organization","@id":"https:\/\/forumrozwojumiast.poznan.pl\/2017\/#organization","name":"Forum Rozwoju Miast","url":"https:\/\/forumrozwojumiast.poznan.pl\/2017\/","logo":{"@type":"ImageObject","inLanguage":"pl-PL","@id":"https:\/\/forumrozwojumiast.poznan.pl\/2017\/#\/schema\/logo\/image\/","url":"https:\/\/forumrozwojumiast.poznan.pl\/2017\/wp-content\/uploads\/2017\/09\/cropped-FORUM-ROZWOJU-MIAST-3.png","contentUrl":"https:\/\/forumrozwojumiast.poznan.pl\/2017\/wp-content\/uploads\/2017\/09\/cropped-FORUM-ROZWOJU-MIAST-3.png","width":627,"height":250,"caption":"Forum Rozwoju Miast"},"image":{"@id":"https:\/\/forumrozwojumiast.poznan.pl\/2017\/#\/schema\/logo\/image\/"}}]}},"_links":{"self":[{"href":"https:\/\/forumrozwojumiast.poznan.pl\/2017\/wp-json\/wp\/v2\/pages\/318","targetHints":{"allow":["GET"]}}],"collection":[{"href":"https:\/\/forumrozwojumiast.poznan.pl\/2017\/wp-json\/wp\/v2\/pages"}],"about":[{"href":"https:\/\/forumrozwojumiast.poznan.pl\/2017\/wp-json\/wp\/v2\/types\/page"}],"author":[{"embeddable":true,"href":"https:\/\/forumrozwojumiast.poznan.pl\/2017\/wp-json\/wp\/v2\/users\/1"}],"replies":[{"embeddable":true,"href":"https:\/\/forumrozwojumiast.poznan.pl\/2017\/wp-json\/wp\/v2\/comments?post=318"}],"version-history":[{"count":2,"href":"https:\/\/forumrozwojumiast.poznan.pl\/2017\/wp-json\/wp\/v2\/pages\/318\/revisions"}],"predecessor-version":[{"id":978,"href":"https:\/\/forumrozwojumiast.poznan.pl\/2017\/wp-json\/wp\/v2\/pages\/318\/revisions\/978"}],"wp:attachment":[{"href":"https:\/\/forumrozwojumiast.poznan.pl\/2017\/wp-json\/wp\/v2\/media?parent=318"}],"curies":[{"name":"wp","href":"https:\/\/api.w.org\/{rel}","templated":true}]}}