{"id":37,"date":"2017-08-01T16:18:44","date_gmt":"2017-08-01T14:18:44","guid":{"rendered":"https:\/\/forumrozwojumiast.poznan.pl\/2017\/?page_id=37"},"modified":"2017-11-16T11:42:40","modified_gmt":"2017-11-16T10:42:40","slug":"konkurs","status":"publish","type":"page","link":"https:\/\/forumrozwojumiast.poznan.pl\/2017\/konkurs\/","title":{"rendered":"Konkurs"},"content":{"rendered":"<p><strong>KONKURS na inicjatywy miejskie: \u201eMiasto dla mieszka\u0144c\u00f3w \u2013 mieszka\u0144cy dla miasta\u201d <\/strong><\/p>\n<p><strong>UWAGA<\/strong>: Serdecznie zapraszamy do wyra\u017cania opinii o zg\u0142oszonych pracach konkursowych na adres e-mail: <a href=\"mailto:rom@um.poznan.pl\">rom@um.poznan.pl<\/a> do dnia 24 listopada 2017 r.. W tytule maila prosz\u0119 wpisa\u0107: &#8222;konkurs_FRM&#8221;. W tre\u015bci maila prosz\u0119 poda\u0107 numer pracy konkursowej, kt\u00f3rej dotyczy opinia<\/p>\n<ul>\n<li><a href=\"https:\/\/forumrozwojumiast.poznan.pl\/2017\/wp-content\/uploads\/2017\/11\/1.-Projekt-smartfonizacja.pdf\">1. Projekt smartfonizacja<\/a><\/li>\n<li><a href=\"https:\/\/forumrozwojumiast.poznan.pl\/2017\/wp-content\/uploads\/2017\/11\/2.-Pozna\u0144skie-Biuro-Samopomocy-Psychicznej.pdf\">2. Pozna\u0144skie Biuro Samopomocy Psychicznej<\/a><\/li>\n<li><a href=\"https:\/\/forumrozwojumiast.poznan.pl\/2017\/wp-content\/uploads\/2017\/11\/3.-Budynki-koresponduj\u0105ce-seria-integracyjnych-warsztat\u00f3w-dla-mieszka\u0144c\u00f3w-Poznania.pdf\">3. Budynki koresponduj\u0105ce &#8211; seria integracyjnych warsztat\u00f3w dla mieszka\u0144c\u00f3w Poznania<\/a><\/li>\n<li><a href=\"https:\/\/forumrozwojumiast.poznan.pl\/2017\/wp-content\/uploads\/2017\/11\/4.-Samo\u015bwiadomo\u015b\u0107-drog\u0105-do-celu.-Coaching-dla-student\u00f3w.pdf\">4. Samo\u015bwiadomo\u015b\u0107 drog\u0105 do celu. Coaching dla student\u00f3w<\/a><\/li>\n<li><a href=\"https:\/\/forumrozwojumiast.poznan.pl\/2017\/wp-content\/uploads\/2017\/11\/5.-Szkolenia-dla-mieszka\u0144c\u00f3w-miasta-Poznania-Opieka-pe\u0142nosprawna.pdf\">5. Szkolenia dla mieszka\u0144c\u00f3w miasta Poznania Opieka pe\u0142nosprawna<\/a><\/li>\n<li><a href=\"https:\/\/forumrozwojumiast.poznan.pl\/2017\/wp-content\/uploads\/2017\/11\/6.-Wsp\u00f3lnie-dbamy-o-czyste-miasto.pdf\">6. Wsp\u00f3lnie dbamy o czyste miasto<\/a><\/li>\n<li><a href=\"https:\/\/forumrozwojumiast.poznan.pl\/2017\/wp-content\/uploads\/2017\/11\/7.-Park-Tenisowy-Olimpia.pdf\">7. Park Tenisowy Olimpia<\/a><\/li>\n<li><a href=\"https:\/\/forumrozwojumiast.poznan.pl\/2017\/wp-content\/uploads\/2017\/11\/8.-Projekt-Edukacja-samorz\u0105dowa.pdf\">8. Projekt Edukacja samorz\u0105dowa<\/a><\/li>\n<li><a href=\"https:\/\/forumrozwojumiast.poznan.pl\/2017\/wp-content\/uploads\/2017\/11\/9.-Koncepcja-programowa-ODNOWY-nowoczesnego-miejsca-spotka\u0144-i-rozwoju-senior\u00f3w.pdf\">9. Koncepcja programowa ODNOWY nowoczesnego miejsca spotka\u0144 i rozwoju senior\u00f3w<\/a><\/li>\n<\/ul>\n<hr \/>\n<p>Chcemy promowa\u0107 oddolne inicjatywy odpowiadaj\u0105ce na realne potrzeby mieszka\u0144c\u00f3w, u\u0142atwiaj\u0105ce \u017cycie w mie\u015bcie oraz wspieraj\u0105ce rozw\u00f3j osobisty i zawodowy mieszka\u0144c\u00f3w. Chcemy wspiera\u0107 ambicje i aspiracje mieszka\u0144c\u00f3w wp\u0142ywaj\u0105ce na podniesienie jako\u015bci \u017cycia w mie\u015bcie. Ju\u017c teraz w miastach istnieje wiele rozwi\u0105za\u0144, kt\u00f3re czyni\u0105 nasze \u017cycie \u0142atwiejszym i pozwalaj\u0105 na pozytywne do\u015bwiadczanie miejsca, w kt\u00f3rym \u017cyjemy. Coraz wi\u0119cej innowacyjnych projekt\u00f3w zmienia nasze szablonowe my\u015blenie i zachowania.<\/p>\n<p>Zapraszamy mieszka\u0144c\u00f3w, organizacje spo\u0142eczne, instytucje, i firmy do udzia\u0142u w konkursie, kt\u00f3rego celem jest wy\u0142onienie trzech najlepszych inicjatyw miejskich, ukierunkowanych na\u00a0 rozwi\u0105zania konkretnego problemu w mie\u015bcie. Wystarczy przedstawi\u0107 koncepcj\u0119 ciekawego projektu, kt\u00f3ry przyczyni si\u0119 do rozwi\u0105zania zaobserwowanego w mie\u015bcie problemu \u2013 przedstawi\u0107 cel projektu, jego zakres i rezultat oraz pomys\u0142 na jego dalszy rozw\u00f3j. Finalne prezentacje zostan\u0105 zweryfikowane przez ekspert\u00f3w w ramach programu akceleracji miejskiego Think Tank Pozna\u0144 przy Wydziale Rozwoju Miasta. Trzy najwy\u017cej ocenione projekty b\u0119d\u0105 rozwijane w trakcie zorganizowanych w ramach Forum Rozwoju Miast warsztat\u00f3w, dedykowanych osobom, kt\u00f3re chc\u0105 tworzy\u0107 miejskie Think Tanki i\/lub wspiera\u0107 oddolne dzia\u0142ania lokalne, rozwi\u0105zuj\u0105ce zdiagnozowane problemy spo\u0142eczne.<\/p>\n<p>Wyniki konkursu zostan\u0105 og\u0142oszone podczas Forum Rozwoju Miast. Dla najlepszego projektu, kt\u00f3ry zostanie wdro\u017cony przez Miasto Pozna\u0144, przewiduje si\u0119 nagrod\u0119 pieni\u0119\u017cn\u0105 w wysoko\u015bci 5 tys. z\u0142.<\/p>\n<p><a href=\"https:\/\/forumrozwojumiast.poznan.pl\/2017\/wp-content\/uploads\/2017\/10\/regulamin-konkursu-pl.pdf\">Regulamin konkursu<\/a><\/p>\n<p>Materia\u0142y konkursowe mo\u017cna sk\u0142ada\u0107 w j. polskim lub j. angielskim.<\/p>\n<p>Termin sk\u0142adania Materia\u0142\u00f3w konkursowych: od 4 pa\u017adziernika do 9 listopada 2017<\/p>\n<p>Materia\u0142y konkursowe mo\u017cna sk\u0142ada\u0107 <strong><a href=\"mailto:marcelina.hecka@metaphor.pl\">marcelina.hecka@metaphor.pl<\/a><\/strong> lub poczt\u0105 tradycyjn\u0105 albo osobi\u015bcie na adres:<\/p>\n<p>&nbsp;<\/p>\n<p>Metaphor Sp. z o.o. Sp. k.<br \/>\nul. Zwierzyniecka 3<br \/>\n60-813 Pozna\u0144<\/p>\n<p>z dopiskiem na kopercie \u201eKONKURS\u201d<\/p>\n<p>Zapytania dotycz\u0105ce konkursu: <strong><a href=\"mailto:marcelina.hecka@metaphor.pl\">marcelina.hecka@metaphor.pl<\/a><\/strong><\/p>\n","protected":false},"excerpt":{"rendered":"<p>KONKURS na inicjatywy miejskie: \u201eMiasto dla mieszka\u0144c\u00f3w \u2013 mieszka\u0144cy dla miasta\u201d UWAGA: Serdecznie zapraszamy do wyra\u017cania opinii o zg\u0142oszonych pracach konkursowych na adres e-mail: rom@um.poznan.pl do dnia 24 listopada 2017 r.. W tytule maila prosz\u0119 wpisa\u0107: &#8222;konkurs_FRM&#8221;. W tre\u015bci maila prosz\u0119 poda\u0107 numer pracy konkursowej, kt\u00f3rej dotyczy opinia 1. Projekt smartfonizacja 2. Pozna\u0144skie Biuro Samopomocy &hellip; <\/p>\n<p class=\"link-more\"><a href=\"https:\/\/forumrozwojumiast.poznan.pl\/2017\/konkurs\/\" class=\"more-link\">Continue reading<span class=\"screen-reader-text\"> &#8222;Konkurs&#8221;<\/span><\/a><\/p>\n","protected":false},"author":1,"featured_media":0,"parent":0,"menu_order":40,"comment_status":"closed","ping_status":"closed","template":"","meta":{"_acf_changed":false,"inline_featured_image":false,"ngg_post_thumbnail":0,"footnotes":""},"class_list":["post-37","page","type-page","status-publish","hentry"],"acf":[],"yoast_head":"<!-- This site is optimized with the Yoast SEO plugin v27.4 - https:\/\/yoast.com\/product\/yoast-seo-wordpress\/ -->\n<title>Konkurs - Forum Rozwoju Miast<\/title>\n<meta name=\"robots\" content=\"index, follow, max-snippet:-1, max-image-preview:large, max-video-preview:-1\" \/>\n<link rel=\"canonical\" href=\"https:\/\/forumrozwojumiast.poznan.pl\/2017\/konkurs\/\" \/>\n<meta property=\"og:locale\" content=\"pl_PL\" \/>\n<meta property=\"og:type\" content=\"article\" \/>\n<meta property=\"og:title\" content=\"Konkurs - Forum Rozwoju Miast\" \/>\n<meta property=\"og:description\" content=\"KONKURS na inicjatywy miejskie: \u201eMiasto dla mieszka\u0144c\u00f3w \u2013 mieszka\u0144cy dla miasta\u201d UWAGA: Serdecznie zapraszamy do wyra\u017cania opinii o zg\u0142oszonych pracach konkursowych na adres e-mail: rom@um.poznan.pl do dnia 24 listopada 2017 r.. W tytule maila prosz\u0119 wpisa\u0107: &#8222;konkurs_FRM&#8221;. W tre\u015bci maila prosz\u0119 poda\u0107 numer pracy konkursowej, kt\u00f3rej dotyczy opinia 1. Projekt smartfonizacja 2. Pozna\u0144skie Biuro Samopomocy &hellip; Continue reading &quot;Konkurs&quot;\" \/>\n<meta property=\"og:url\" content=\"https:\/\/forumrozwojumiast.poznan.pl\/2017\/konkurs\/\" \/>\n<meta property=\"og:site_name\" content=\"Forum Rozwoju Miast\" \/>\n<meta property=\"article:modified_time\" content=\"2017-11-16T10:42:40+00:00\" \/>\n<meta name=\"twitter:card\" content=\"summary_large_image\" \/>\n<meta name=\"twitter:label1\" content=\"Szacowany czas czytania\" \/>\n\t<meta name=\"twitter:data1\" content=\"2 minuty\" \/>\n<script type=\"application\/ld+json\" class=\"yoast-schema-graph\">{\"@context\":\"https:\\\/\\\/schema.org\",\"@graph\":[{\"@type\":\"WebPage\",\"@id\":\"https:\\\/\\\/forumrozwojumiast.poznan.pl\\\/2017\\\/konkurs\\\/\",\"url\":\"https:\\\/\\\/forumrozwojumiast.poznan.pl\\\/2017\\\/konkurs\\\/\",\"name\":\"Konkurs - Forum Rozwoju Miast\",\"isPartOf\":{\"@id\":\"https:\\\/\\\/forumrozwojumiast.poznan.pl\\\/2017\\\/#website\"},\"datePublished\":\"2017-08-01T14:18:44+00:00\",\"dateModified\":\"2017-11-16T10:42:40+00:00\",\"breadcrumb\":{\"@id\":\"https:\\\/\\\/forumrozwojumiast.poznan.pl\\\/2017\\\/konkurs\\\/#breadcrumb\"},\"inLanguage\":\"pl-PL\",\"potentialAction\":[{\"@type\":\"ReadAction\",\"target\":[\"https:\\\/\\\/forumrozwojumiast.poznan.pl\\\/2017\\\/konkurs\\\/\"]}]},{\"@type\":\"BreadcrumbList\",\"@id\":\"https:\\\/\\\/forumrozwojumiast.poznan.pl\\\/2017\\\/konkurs\\\/#breadcrumb\",\"itemListElement\":[{\"@type\":\"ListItem\",\"position\":1,\"name\":\"Strona g\u0142\u00f3wna\",\"item\":\"https:\\\/\\\/forumrozwojumiast.poznan.pl\\\/2017\\\/\"},{\"@type\":\"ListItem\",\"position\":2,\"name\":\"Konkurs\"}]},{\"@type\":\"WebSite\",\"@id\":\"https:\\\/\\\/forumrozwojumiast.poznan.pl\\\/2017\\\/#website\",\"url\":\"https:\\\/\\\/forumrozwojumiast.poznan.pl\\\/2017\\\/\",\"name\":\"Forum Rozwoju Miast\",\"description\":\"Obywatelski wymiar strategicznego zarz\u0105dzania miastem\",\"publisher\":{\"@id\":\"https:\\\/\\\/forumrozwojumiast.poznan.pl\\\/2017\\\/#organization\"},\"potentialAction\":[{\"@type\":\"SearchAction\",\"target\":{\"@type\":\"EntryPoint\",\"urlTemplate\":\"https:\\\/\\\/forumrozwojumiast.poznan.pl\\\/2017\\\/?s={search_term_string}\"},\"query-input\":{\"@type\":\"PropertyValueSpecification\",\"valueRequired\":true,\"valueName\":\"search_term_string\"}}],\"inLanguage\":\"pl-PL\"},{\"@type\":\"Organization\",\"@id\":\"https:\\\/\\\/forumrozwojumiast.poznan.pl\\\/2017\\\/#organization\",\"name\":\"Forum Rozwoju Miast\",\"url\":\"https:\\\/\\\/forumrozwojumiast.poznan.pl\\\/2017\\\/\",\"logo\":{\"@type\":\"ImageObject\",\"inLanguage\":\"pl-PL\",\"@id\":\"https:\\\/\\\/forumrozwojumiast.poznan.pl\\\/2017\\\/#\\\/schema\\\/logo\\\/image\\\/\",\"url\":\"https:\\\/\\\/forumrozwojumiast.poznan.pl\\\/2017\\\/wp-content\\\/uploads\\\/2017\\\/09\\\/cropped-FORUM-ROZWOJU-MIAST-3.png\",\"contentUrl\":\"https:\\\/\\\/forumrozwojumiast.poznan.pl\\\/2017\\\/wp-content\\\/uploads\\\/2017\\\/09\\\/cropped-FORUM-ROZWOJU-MIAST-3.png\",\"width\":627,\"height\":250,\"caption\":\"Forum Rozwoju Miast\"},\"image\":{\"@id\":\"https:\\\/\\\/forumrozwojumiast.poznan.pl\\\/2017\\\/#\\\/schema\\\/logo\\\/image\\\/\"}}]}<\/script>\n<!-- \/ Yoast SEO plugin. -->","yoast_head_json":{"title":"Konkurs - Forum Rozwoju Miast","robots":{"index":"index","follow":"follow","max-snippet":"max-snippet:-1","max-image-preview":"max-image-preview:large","max-video-preview":"max-video-preview:-1"},"canonical":"https:\/\/forumrozwojumiast.poznan.pl\/2017\/konkurs\/","og_locale":"pl_PL","og_type":"article","og_title":"Konkurs - Forum Rozwoju Miast","og_description":"KONKURS na inicjatywy miejskie: \u201eMiasto dla mieszka\u0144c\u00f3w \u2013 mieszka\u0144cy dla miasta\u201d UWAGA: Serdecznie zapraszamy do wyra\u017cania opinii o zg\u0142oszonych pracach konkursowych na adres e-mail: rom@um.poznan.pl do dnia 24 listopada 2017 r.. W tytule maila prosz\u0119 wpisa\u0107: &#8222;konkurs_FRM&#8221;. W tre\u015bci maila prosz\u0119 poda\u0107 numer pracy konkursowej, kt\u00f3rej dotyczy opinia 1. Projekt smartfonizacja 2. Pozna\u0144skie Biuro Samopomocy &hellip; Continue reading \"Konkurs\"","og_url":"https:\/\/forumrozwojumiast.poznan.pl\/2017\/konkurs\/","og_site_name":"Forum Rozwoju Miast","article_modified_time":"2017-11-16T10:42:40+00:00","twitter_card":"summary_large_image","twitter_misc":{"Szacowany czas czytania":"2 minuty"},"schema":{"@context":"https:\/\/schema.org","@graph":[{"@type":"WebPage","@id":"https:\/\/forumrozwojumiast.poznan.pl\/2017\/konkurs\/","url":"https:\/\/forumrozwojumiast.poznan.pl\/2017\/konkurs\/","name":"Konkurs - Forum Rozwoju Miast","isPartOf":{"@id":"https:\/\/forumrozwojumiast.poznan.pl\/2017\/#website"},"datePublished":"2017-08-01T14:18:44+00:00","dateModified":"2017-11-16T10:42:40+00:00","breadcrumb":{"@id":"https:\/\/forumrozwojumiast.poznan.pl\/2017\/konkurs\/#breadcrumb"},"inLanguage":"pl-PL","potentialAction":[{"@type":"ReadAction","target":["https:\/\/forumrozwojumiast.poznan.pl\/2017\/konkurs\/"]}]},{"@type":"BreadcrumbList","@id":"https:\/\/forumrozwojumiast.poznan.pl\/2017\/konkurs\/#breadcrumb","itemListElement":[{"@type":"ListItem","position":1,"name":"Strona g\u0142\u00f3wna","item":"https:\/\/forumrozwojumiast.poznan.pl\/2017\/"},{"@type":"ListItem","position":2,"name":"Konkurs"}]},{"@type":"WebSite","@id":"https:\/\/forumrozwojumiast.poznan.pl\/2017\/#website","url":"https:\/\/forumrozwojumiast.poznan.pl\/2017\/","name":"Forum Rozwoju Miast","description":"Obywatelski wymiar strategicznego zarz\u0105dzania miastem","publisher":{"@id":"https:\/\/forumrozwojumiast.poznan.pl\/2017\/#organization"},"potentialAction":[{"@type":"SearchAction","target":{"@type":"EntryPoint","urlTemplate":"https:\/\/forumrozwojumiast.poznan.pl\/2017\/?s={search_term_string}"},"query-input":{"@type":"PropertyValueSpecification","valueRequired":true,"valueName":"search_term_string"}}],"inLanguage":"pl-PL"},{"@type":"Organization","@id":"https:\/\/forumrozwojumiast.poznan.pl\/2017\/#organization","name":"Forum Rozwoju Miast","url":"https:\/\/forumrozwojumiast.poznan.pl\/2017\/","logo":{"@type":"ImageObject","inLanguage":"pl-PL","@id":"https:\/\/forumrozwojumiast.poznan.pl\/2017\/#\/schema\/logo\/image\/","url":"https:\/\/forumrozwojumiast.poznan.pl\/2017\/wp-content\/uploads\/2017\/09\/cropped-FORUM-ROZWOJU-MIAST-3.png","contentUrl":"https:\/\/forumrozwojumiast.poznan.pl\/2017\/wp-content\/uploads\/2017\/09\/cropped-FORUM-ROZWOJU-MIAST-3.png","width":627,"height":250,"caption":"Forum Rozwoju Miast"},"image":{"@id":"https:\/\/forumrozwojumiast.poznan.pl\/2017\/#\/schema\/logo\/image\/"}}]}},"_links":{"self":[{"href":"https:\/\/forumrozwojumiast.poznan.pl\/2017\/wp-json\/wp\/v2\/pages\/37","targetHints":{"allow":["GET"]}}],"collection":[{"href":"https:\/\/forumrozwojumiast.poznan.pl\/2017\/wp-json\/wp\/v2\/pages"}],"about":[{"href":"https:\/\/forumrozwojumiast.poznan.pl\/2017\/wp-json\/wp\/v2\/types\/page"}],"author":[{"embeddable":true,"href":"https:\/\/forumrozwojumiast.poznan.pl\/2017\/wp-json\/wp\/v2\/users\/1"}],"replies":[{"embeddable":true,"href":"https:\/\/forumrozwojumiast.poznan.pl\/2017\/wp-json\/wp\/v2\/comments?post=37"}],"version-history":[{"count":13,"href":"https:\/\/forumrozwojumiast.poznan.pl\/2017\/wp-json\/wp\/v2\/pages\/37\/revisions"}],"predecessor-version":[{"id":1343,"href":"https:\/\/forumrozwojumiast.poznan.pl\/2017\/wp-json\/wp\/v2\/pages\/37\/revisions\/1343"}],"wp:attachment":[{"href":"https:\/\/forumrozwojumiast.poznan.pl\/2017\/wp-json\/wp\/v2\/media?parent=37"}],"curies":[{"name":"wp","href":"https:\/\/api.w.org\/{rel}","templated":true}]}}