{"id":387,"date":"2017-09-27T14:22:58","date_gmt":"2017-09-27T12:22:58","guid":{"rendered":"https:\/\/forumrozwojumiast.poznan.pl\/2017\/?page_id=387"},"modified":"2017-10-04T15:38:51","modified_gmt":"2017-10-04T13:38:51","slug":"ewa-voelkel-krokowicz","status":"publish","type":"page","link":"https:\/\/forumrozwojumiast.poznan.pl\/2017\/prelegenci\/ewa-voelkel-krokowicz\/","title":{"rendered":"Ewa Voelkel-Krokowicz"},"content":{"rendered":"<p>Prezes sp\u00f3\u0142ki i w\u0142a\u015bcicielka centrum designu \u00a0Concordia Design w Poznaniu. Centrum\u00a0realizuje wiele unikalnych projekt\u00f3w takich jak doradztwo dla biznesu z zakresu design thinking, edukacji w obszarze wzornictwa,\u00a0nowoczesnego marketingu i trend\u00f3w, oraz liczne dzia\u0142ania dla dzieci. W Centrum mie\u015bci si\u0119 Inkubator Przedsi\u0119biorczo\u015bci skierowany do bran\u017cy kreatywnej (architekt\u00f3w, projektant\u00f3w, IT, social media i innych).<\/p>\n<p>Aktualnie odpowiedzialna za sal\u0119 teatraln\u0105 Aul\u0119 Artis, oraz stworzenie prywatnej lecz otwartej przestrzeni publicznej pomi\u0119dzy biurowcem Ba\u0142tyk a Concordi\u0105.<\/p>\n","protected":false},"excerpt":{"rendered":"<p>Prezes sp\u00f3\u0142ki i w\u0142a\u015bcicielka centrum designu \u00a0Concordia Design w Poznaniu. Centrum\u00a0realizuje wiele unikalnych projekt\u00f3w takich jak doradztwo dla biznesu z zakresu design thinking, edukacji w obszarze wzornictwa,\u00a0nowoczesnego marketingu i trend\u00f3w, oraz liczne dzia\u0142ania dla dzieci. W Centrum mie\u015bci si\u0119 Inkubator Przedsi\u0119biorczo\u015bci skierowany do bran\u017cy kreatywnej (architekt\u00f3w, projektant\u00f3w, IT, social media i innych). Aktualnie odpowiedzialna za &hellip; <\/p>\n<p class=\"link-more\"><a href=\"https:\/\/forumrozwojumiast.poznan.pl\/2017\/prelegenci\/ewa-voelkel-krokowicz\/\" class=\"more-link\">Continue reading<span class=\"screen-reader-text\"> &#8222;Ewa Voelkel-Krokowicz&#8221;<\/span><\/a><\/p>\n","protected":false},"author":1,"featured_media":0,"parent":41,"menu_order":121,"comment_status":"closed","ping_status":"closed","template":"","meta":{"_acf_changed":false,"inline_featured_image":false,"ngg_post_thumbnail":0,"footnotes":""},"class_list":["post-387","page","type-page","status-publish","hentry"],"acf":[],"yoast_head":"<!-- This site is optimized with the Yoast SEO plugin v27.4 - https:\/\/yoast.com\/product\/yoast-seo-wordpress\/ -->\n<title>Ewa Voelkel-Krokowicz - Forum Rozwoju Miast<\/title>\n<meta name=\"robots\" content=\"index, follow, max-snippet:-1, max-image-preview:large, max-video-preview:-1\" \/>\n<link rel=\"canonical\" href=\"https:\/\/forumrozwojumiast.poznan.pl\/2017\/prelegenci\/ewa-voelkel-krokowicz\/\" \/>\n<meta property=\"og:locale\" content=\"pl_PL\" \/>\n<meta property=\"og:type\" content=\"article\" \/>\n<meta property=\"og:title\" content=\"Ewa Voelkel-Krokowicz - Forum Rozwoju Miast\" \/>\n<meta property=\"og:description\" content=\"Prezes sp\u00f3\u0142ki i w\u0142a\u015bcicielka centrum designu \u00a0Concordia Design w Poznaniu. Centrum\u00a0realizuje wiele unikalnych projekt\u00f3w takich jak doradztwo dla biznesu z zakresu design thinking, edukacji w obszarze wzornictwa,\u00a0nowoczesnego marketingu i trend\u00f3w, oraz liczne dzia\u0142ania dla dzieci. W Centrum mie\u015bci si\u0119 Inkubator Przedsi\u0119biorczo\u015bci skierowany do bran\u017cy kreatywnej (architekt\u00f3w, projektant\u00f3w, IT, social media i innych). Aktualnie odpowiedzialna za &hellip; Continue reading &quot;Ewa Voelkel-Krokowicz&quot;\" \/>\n<meta property=\"og:url\" content=\"https:\/\/forumrozwojumiast.poznan.pl\/2017\/prelegenci\/ewa-voelkel-krokowicz\/\" \/>\n<meta property=\"og:site_name\" content=\"Forum Rozwoju Miast\" \/>\n<meta property=\"article:modified_time\" content=\"2017-10-04T13:38:51+00:00\" \/>\n<meta name=\"twitter:card\" content=\"summary_large_image\" \/>\n<script type=\"application\/ld+json\" class=\"yoast-schema-graph\">{\"@context\":\"https:\\\/\\\/schema.org\",\"@graph\":[{\"@type\":\"WebPage\",\"@id\":\"https:\\\/\\\/forumrozwojumiast.poznan.pl\\\/2017\\\/prelegenci\\\/ewa-voelkel-krokowicz\\\/\",\"url\":\"https:\\\/\\\/forumrozwojumiast.poznan.pl\\\/2017\\\/prelegenci\\\/ewa-voelkel-krokowicz\\\/\",\"name\":\"Ewa Voelkel-Krokowicz - Forum Rozwoju Miast\",\"isPartOf\":{\"@id\":\"https:\\\/\\\/forumrozwojumiast.poznan.pl\\\/2017\\\/#website\"},\"datePublished\":\"2017-09-27T12:22:58+00:00\",\"dateModified\":\"2017-10-04T13:38:51+00:00\",\"breadcrumb\":{\"@id\":\"https:\\\/\\\/forumrozwojumiast.poznan.pl\\\/2017\\\/prelegenci\\\/ewa-voelkel-krokowicz\\\/#breadcrumb\"},\"inLanguage\":\"pl-PL\",\"potentialAction\":[{\"@type\":\"ReadAction\",\"target\":[\"https:\\\/\\\/forumrozwojumiast.poznan.pl\\\/2017\\\/prelegenci\\\/ewa-voelkel-krokowicz\\\/\"]}]},{\"@type\":\"BreadcrumbList\",\"@id\":\"https:\\\/\\\/forumrozwojumiast.poznan.pl\\\/2017\\\/prelegenci\\\/ewa-voelkel-krokowicz\\\/#breadcrumb\",\"itemListElement\":[{\"@type\":\"ListItem\",\"position\":1,\"name\":\"Strona g\u0142\u00f3wna\",\"item\":\"https:\\\/\\\/forumrozwojumiast.poznan.pl\\\/2017\\\/\"},{\"@type\":\"ListItem\",\"position\":2,\"name\":\"Prelegentki i prelegenci\",\"item\":\"https:\\\/\\\/forumrozwojumiast.poznan.pl\\\/2017\\\/prelegenci\\\/\"},{\"@type\":\"ListItem\",\"position\":3,\"name\":\"Ewa Voelkel-Krokowicz\"}]},{\"@type\":\"WebSite\",\"@id\":\"https:\\\/\\\/forumrozwojumiast.poznan.pl\\\/2017\\\/#website\",\"url\":\"https:\\\/\\\/forumrozwojumiast.poznan.pl\\\/2017\\\/\",\"name\":\"Forum Rozwoju Miast\",\"description\":\"Obywatelski wymiar strategicznego zarz\u0105dzania miastem\",\"publisher\":{\"@id\":\"https:\\\/\\\/forumrozwojumiast.poznan.pl\\\/2017\\\/#organization\"},\"potentialAction\":[{\"@type\":\"SearchAction\",\"target\":{\"@type\":\"EntryPoint\",\"urlTemplate\":\"https:\\\/\\\/forumrozwojumiast.poznan.pl\\\/2017\\\/?s={search_term_string}\"},\"query-input\":{\"@type\":\"PropertyValueSpecification\",\"valueRequired\":true,\"valueName\":\"search_term_string\"}}],\"inLanguage\":\"pl-PL\"},{\"@type\":\"Organization\",\"@id\":\"https:\\\/\\\/forumrozwojumiast.poznan.pl\\\/2017\\\/#organization\",\"name\":\"Forum Rozwoju Miast\",\"url\":\"https:\\\/\\\/forumrozwojumiast.poznan.pl\\\/2017\\\/\",\"logo\":{\"@type\":\"ImageObject\",\"inLanguage\":\"pl-PL\",\"@id\":\"https:\\\/\\\/forumrozwojumiast.poznan.pl\\\/2017\\\/#\\\/schema\\\/logo\\\/image\\\/\",\"url\":\"https:\\\/\\\/forumrozwojumiast.poznan.pl\\\/2017\\\/wp-content\\\/uploads\\\/2017\\\/09\\\/cropped-FORUM-ROZWOJU-MIAST-3.png\",\"contentUrl\":\"https:\\\/\\\/forumrozwojumiast.poznan.pl\\\/2017\\\/wp-content\\\/uploads\\\/2017\\\/09\\\/cropped-FORUM-ROZWOJU-MIAST-3.png\",\"width\":627,\"height\":250,\"caption\":\"Forum Rozwoju Miast\"},\"image\":{\"@id\":\"https:\\\/\\\/forumrozwojumiast.poznan.pl\\\/2017\\\/#\\\/schema\\\/logo\\\/image\\\/\"}}]}<\/script>\n<!-- \/ Yoast SEO plugin. -->","yoast_head_json":{"title":"Ewa Voelkel-Krokowicz - Forum Rozwoju Miast","robots":{"index":"index","follow":"follow","max-snippet":"max-snippet:-1","max-image-preview":"max-image-preview:large","max-video-preview":"max-video-preview:-1"},"canonical":"https:\/\/forumrozwojumiast.poznan.pl\/2017\/prelegenci\/ewa-voelkel-krokowicz\/","og_locale":"pl_PL","og_type":"article","og_title":"Ewa Voelkel-Krokowicz - Forum Rozwoju Miast","og_description":"Prezes sp\u00f3\u0142ki i w\u0142a\u015bcicielka centrum designu \u00a0Concordia Design w Poznaniu. Centrum\u00a0realizuje wiele unikalnych projekt\u00f3w takich jak doradztwo dla biznesu z zakresu design thinking, edukacji w obszarze wzornictwa,\u00a0nowoczesnego marketingu i trend\u00f3w, oraz liczne dzia\u0142ania dla dzieci. W Centrum mie\u015bci si\u0119 Inkubator Przedsi\u0119biorczo\u015bci skierowany do bran\u017cy kreatywnej (architekt\u00f3w, projektant\u00f3w, IT, social media i innych). Aktualnie odpowiedzialna za &hellip; Continue reading \"Ewa Voelkel-Krokowicz\"","og_url":"https:\/\/forumrozwojumiast.poznan.pl\/2017\/prelegenci\/ewa-voelkel-krokowicz\/","og_site_name":"Forum Rozwoju Miast","article_modified_time":"2017-10-04T13:38:51+00:00","twitter_card":"summary_large_image","schema":{"@context":"https:\/\/schema.org","@graph":[{"@type":"WebPage","@id":"https:\/\/forumrozwojumiast.poznan.pl\/2017\/prelegenci\/ewa-voelkel-krokowicz\/","url":"https:\/\/forumrozwojumiast.poznan.pl\/2017\/prelegenci\/ewa-voelkel-krokowicz\/","name":"Ewa Voelkel-Krokowicz - Forum Rozwoju Miast","isPartOf":{"@id":"https:\/\/forumrozwojumiast.poznan.pl\/2017\/#website"},"datePublished":"2017-09-27T12:22:58+00:00","dateModified":"2017-10-04T13:38:51+00:00","breadcrumb":{"@id":"https:\/\/forumrozwojumiast.poznan.pl\/2017\/prelegenci\/ewa-voelkel-krokowicz\/#breadcrumb"},"inLanguage":"pl-PL","potentialAction":[{"@type":"ReadAction","target":["https:\/\/forumrozwojumiast.poznan.pl\/2017\/prelegenci\/ewa-voelkel-krokowicz\/"]}]},{"@type":"BreadcrumbList","@id":"https:\/\/forumrozwojumiast.poznan.pl\/2017\/prelegenci\/ewa-voelkel-krokowicz\/#breadcrumb","itemListElement":[{"@type":"ListItem","position":1,"name":"Strona g\u0142\u00f3wna","item":"https:\/\/forumrozwojumiast.poznan.pl\/2017\/"},{"@type":"ListItem","position":2,"name":"Prelegentki i prelegenci","item":"https:\/\/forumrozwojumiast.poznan.pl\/2017\/prelegenci\/"},{"@type":"ListItem","position":3,"name":"Ewa Voelkel-Krokowicz"}]},{"@type":"WebSite","@id":"https:\/\/forumrozwojumiast.poznan.pl\/2017\/#website","url":"https:\/\/forumrozwojumiast.poznan.pl\/2017\/","name":"Forum Rozwoju Miast","description":"Obywatelski wymiar strategicznego zarz\u0105dzania miastem","publisher":{"@id":"https:\/\/forumrozwojumiast.poznan.pl\/2017\/#organization"},"potentialAction":[{"@type":"SearchAction","target":{"@type":"EntryPoint","urlTemplate":"https:\/\/forumrozwojumiast.poznan.pl\/2017\/?s={search_term_string}"},"query-input":{"@type":"PropertyValueSpecification","valueRequired":true,"valueName":"search_term_string"}}],"inLanguage":"pl-PL"},{"@type":"Organization","@id":"https:\/\/forumrozwojumiast.poznan.pl\/2017\/#organization","name":"Forum Rozwoju Miast","url":"https:\/\/forumrozwojumiast.poznan.pl\/2017\/","logo":{"@type":"ImageObject","inLanguage":"pl-PL","@id":"https:\/\/forumrozwojumiast.poznan.pl\/2017\/#\/schema\/logo\/image\/","url":"https:\/\/forumrozwojumiast.poznan.pl\/2017\/wp-content\/uploads\/2017\/09\/cropped-FORUM-ROZWOJU-MIAST-3.png","contentUrl":"https:\/\/forumrozwojumiast.poznan.pl\/2017\/wp-content\/uploads\/2017\/09\/cropped-FORUM-ROZWOJU-MIAST-3.png","width":627,"height":250,"caption":"Forum Rozwoju Miast"},"image":{"@id":"https:\/\/forumrozwojumiast.poznan.pl\/2017\/#\/schema\/logo\/image\/"}}]}},"_links":{"self":[{"href":"https:\/\/forumrozwojumiast.poznan.pl\/2017\/wp-json\/wp\/v2\/pages\/387","targetHints":{"allow":["GET"]}}],"collection":[{"href":"https:\/\/forumrozwojumiast.poznan.pl\/2017\/wp-json\/wp\/v2\/pages"}],"about":[{"href":"https:\/\/forumrozwojumiast.poznan.pl\/2017\/wp-json\/wp\/v2\/types\/page"}],"author":[{"embeddable":true,"href":"https:\/\/forumrozwojumiast.poznan.pl\/2017\/wp-json\/wp\/v2\/users\/1"}],"replies":[{"embeddable":true,"href":"https:\/\/forumrozwojumiast.poznan.pl\/2017\/wp-json\/wp\/v2\/comments?post=387"}],"version-history":[{"count":4,"href":"https:\/\/forumrozwojumiast.poznan.pl\/2017\/wp-json\/wp\/v2\/pages\/387\/revisions"}],"predecessor-version":[{"id":634,"href":"https:\/\/forumrozwojumiast.poznan.pl\/2017\/wp-json\/wp\/v2\/pages\/387\/revisions\/634"}],"up":[{"embeddable":true,"href":"https:\/\/forumrozwojumiast.poznan.pl\/2017\/wp-json\/wp\/v2\/pages\/41"}],"wp:attachment":[{"href":"https:\/\/forumrozwojumiast.poznan.pl\/2017\/wp-json\/wp\/v2\/media?parent=387"}],"curies":[{"name":"wp","href":"https:\/\/api.w.org\/{rel}","templated":true}]}}