{"id":39,"date":"2017-08-01T16:18:50","date_gmt":"2017-08-01T14:18:50","guid":{"rendered":"https:\/\/forumrozwojumiast.poznan.pl\/2017\/?page_id=39"},"modified":"2017-10-27T15:05:07","modified_gmt":"2017-10-27T13:05:07","slug":"debata","status":"publish","type":"page","link":"https:\/\/forumrozwojumiast.poznan.pl\/2017\/debata\/","title":{"rendered":"Debata"},"content":{"rendered":"<p><strong>DEBATA z udzia\u0142em publiczno\u015bci: Jak wykorzysta\u0107 potencja\u0142 miasta? Wsp\u00f3\u0142czesne przestrzenie dla jego rozwoju w przysz\u0142o\u015bci<\/strong><\/p>\n<p><strong>6 grudnia, godz.\u00a0 11:40 &#8211; 13:30<\/strong><\/p>\n<p>Interesuje nas spos\u00f3b my\u015blenia o rozwoju miasta, szczeg\u00f3lnie os\u00f3b, kt\u00f3re dzi\u0119ki wiedzy i nabytemu do\u015bwiadczeniu posiadaj\u0105 wysoki potencja\u0142 sprawstwa. Postrzeganie tego, co jest mo\u017cliwe i wykonalne, nie tylko okre\u015bla i determinuje podejmowane obecnie decyzje, ale tak\u017ce okre\u015bla wizj\u0119 dzia\u0142a\u0144 realizowanych w przysz\u0142o\u015bci. Subtelne granice pomi\u0119dzy odwag\u0105 a brawur\u0105, ryzykiem i ryzykanctwem oraz innowacyjno\u015bci\u0105 a blichtrem lider\u00f3w zmian, mog\u0105 sta\u0107 si\u0119 impulsem rozwojowym miasta. Jeste\u015bmy w szczeg\u00f3lnym momencie kulturowym, na kt\u00f3ry sk\u0142ada si\u0119 wiele czynnik\u00f3w maj\u0105cych wp\u0142yw na planowanie przysz\u0142o\u015bci miast. Coraz cz\u0119\u015bciej m\u00f3wi si\u0119 o rosn\u0105cej z\u0142o\u017cono\u015bci \u015bwiata, powoduj\u0105cej nieprzejrzysto\u015b\u0107 i nieprzewidywalno\u015b\u0107 oraz o skracaniu si\u0119 perspektywy czasowej, w kt\u00f3rej mo\u017cemy cokolwiek przewidywa\u0107 i planowa\u0107. Zwi\u0119ksza si\u0119 znaczenie innowacji spo\u0142ecznych i projekt\u00f3w mieszka\u0144c\u00f3w, kt\u00f3re tworz\u0105 nowe mo\u017cliwo\u015bci relacji i zmian w przestrzeni miejskiej. Zjawisko to jest okre\u015blane przez cz\u0119\u015b\u0107 badaczy jako \u201enowa innowacyjno\u015b\u0107\u201d. Takie inicjatywy mieszka\u0144c\u00f3w tworz\u0105 \u2013 cz\u0119sto poprzez nowatorskie dzia\u0142ania \u2013 nowe wzory relacji, typy praktyk, oferty dla przestrzeni. W przestrzeni miejskiej, kt\u00f3ra od zawsze stanowi wyr\u00f3\u017cniaj\u0105c\u0105 si\u0119 cech\u0119 miast (wymiana towar\u00f3w, d\u00f3br, us\u0142ug, informacji, postaw), zachodz\u0105 obecnie dynamiczne przemiany. Coraz wa\u017cniejsza staje si\u0119 relacja przestrzeni miejskiej i wynalazczo\u015bci. Innowacje coraz cz\u0119\u015bciej przenosz\u0105 si\u0119 do \u015brodowiska cyfrowego, pojawia si\u0119 regres przestrzeni publicznych, konieczno\u015b\u0107 demokratyzacji technologii \u2013 rozwi\u0105zania smart cities mog\u0105 spowodowa\u0107, \u017ce relacje z obywatelem zostan\u0105 zamienione na relacje z klientem e-us\u0142ug.<\/p>\n<p>Podczas debaty b\u0119dziemy dyskutowa\u0107 na nast\u0119puj\u0105ce tematy:<\/p>\n<ol>\n<li>Czy ka\u017cdy rozw\u00f3j jest dobry? Jak dzisiaj rozumie\u0107 rozw\u00f3j, po co w mie\u015bcie rozw\u00f3j, kto inicjuje rozw\u00f3j i z niego korzysta?<\/li>\n<li>Obywatel czy konsument? Mieszka\u0144cy jako tw\u00f3rcy rozwoju &#8211; nowe modele partnerstw z biznesem i w\u0142adz\u0105 lokaln\u0105.<\/li>\n<li>Gdzie szuka\u0107 przestrzeni dla rozwoju? Zwykle wskazuje si\u0119 na nowe tereny pod inwestycje, laby, coworking space lub chmury, w kt\u00f3rych powstaj\u0105 innowacje, a czy rozwojowi sprzyja przestrze\u0144 publiczna?<\/li>\n<li>Rola samorz\u0105du w tworzeniu optymalnych warunk\u00f3w dla rozwoju &#8211; na czym obecnie powinna polega\u0107 sprawczo\u015b\u0107 w\u0142adzy lokalnej, jakie zasoby i zobowi\u0105zania mia\u0142yby j\u0105 charakteryzowa\u0107, a tak\u017ce w jakim horyzoncie czasowym w\u0142adza lokalna mo\u017ce i powinna planowa\u0107 swoje dzia\u0142ania.<\/li>\n<\/ol>\n<p>Prowadz\u0105cy:<\/p>\n<p>Maciej Fr\u0105ckowiak \u2013 Socjolog, Doktorant w Instytucie Socjologii Uniwersytetu im. Adama Mickiewicza w Poznaniu<\/p>\n<p>Bogna \u015awi\u0105tkowska \u2013 Prezes Fundacji Nowej Kultury B\u0119c Zmiana, Wydawca magazynu spo\u0142eczno-kulturalnego \u201eNotes.na.6.tygodni\u201d<\/p>\n<p>Uczestnicy:<\/p>\n<ul>\n<li>Pawe\u0142 Adamowicz \u2013 Prezydent Miasta Gda\u0144ska (tbc)<\/li>\n<li>Jacek Ja\u015bkowiak \u2013 Prezydent Miasta Poznania<\/li>\n<li>Andrij Sadowy \u2013 Mer Lwowa (tbc)<\/li>\n<li>Ewa Voelkel-Krokowicz \u2013 Prezes Zarz\u0105du Concordia Design<\/li>\n<\/ul>\n<p>Debata odb\u0119dzie si\u0119 w j. polskim.<\/p>\n<p><a href=\"https:\/\/forumrozwojumiast.poznan.pl\/2017\/rejestracja\/\">Rejestracja<\/a>.<\/p>\n","protected":false},"excerpt":{"rendered":"<p>DEBATA z udzia\u0142em publiczno\u015bci: Jak wykorzysta\u0107 potencja\u0142 miasta? Wsp\u00f3\u0142czesne przestrzenie dla jego rozwoju w przysz\u0142o\u015bci 6 grudnia, godz.\u00a0 11:40 &#8211; 13:30 Interesuje nas spos\u00f3b my\u015blenia o rozwoju miasta, szczeg\u00f3lnie os\u00f3b, kt\u00f3re dzi\u0119ki wiedzy i nabytemu do\u015bwiadczeniu posiadaj\u0105 wysoki potencja\u0142 sprawstwa. Postrzeganie tego, co jest mo\u017cliwe i wykonalne, nie tylko okre\u015bla i determinuje podejmowane obecnie decyzje, &hellip; <\/p>\n<p class=\"link-more\"><a href=\"https:\/\/forumrozwojumiast.poznan.pl\/2017\/debata\/\" class=\"more-link\">Continue reading<span class=\"screen-reader-text\"> &#8222;Debata&#8221;<\/span><\/a><\/p>\n","protected":false},"author":1,"featured_media":0,"parent":0,"menu_order":53,"comment_status":"closed","ping_status":"closed","template":"","meta":{"_acf_changed":false,"inline_featured_image":false,"ngg_post_thumbnail":0,"footnotes":""},"class_list":["post-39","page","type-page","status-publish","hentry"],"acf":[],"yoast_head":"<!-- This site is optimized with the Yoast SEO plugin v27.5 - https:\/\/yoast.com\/product\/yoast-seo-wordpress\/ -->\n<title>Debata - Forum Rozwoju Miast<\/title>\n<meta name=\"robots\" content=\"index, follow, max-snippet:-1, max-image-preview:large, max-video-preview:-1\" \/>\n<link rel=\"canonical\" href=\"https:\/\/forumrozwojumiast.poznan.pl\/2017\/debata\/\" \/>\n<meta property=\"og:locale\" content=\"pl_PL\" \/>\n<meta property=\"og:type\" content=\"article\" \/>\n<meta property=\"og:title\" content=\"Debata - Forum Rozwoju Miast\" \/>\n<meta property=\"og:description\" content=\"DEBATA z udzia\u0142em publiczno\u015bci: Jak wykorzysta\u0107 potencja\u0142 miasta? Wsp\u00f3\u0142czesne przestrzenie dla jego rozwoju w przysz\u0142o\u015bci 6 grudnia, godz.\u00a0 11:40 &#8211; 13:30 Interesuje nas spos\u00f3b my\u015blenia o rozwoju miasta, szczeg\u00f3lnie os\u00f3b, kt\u00f3re dzi\u0119ki wiedzy i nabytemu do\u015bwiadczeniu posiadaj\u0105 wysoki potencja\u0142 sprawstwa. Postrzeganie tego, co jest mo\u017cliwe i wykonalne, nie tylko okre\u015bla i determinuje podejmowane obecnie decyzje, &hellip; Continue reading &quot;Debata&quot;\" \/>\n<meta property=\"og:url\" content=\"https:\/\/forumrozwojumiast.poznan.pl\/2017\/debata\/\" \/>\n<meta property=\"og:site_name\" content=\"Forum Rozwoju Miast\" \/>\n<meta property=\"article:modified_time\" content=\"2017-10-27T13:05:07+00:00\" \/>\n<meta name=\"twitter:card\" content=\"summary_large_image\" \/>\n<meta name=\"twitter:label1\" content=\"Szacowany czas czytania\" \/>\n\t<meta name=\"twitter:data1\" content=\"2 minuty\" \/>\n<script type=\"application\/ld+json\" class=\"yoast-schema-graph\">{\"@context\":\"https:\\\/\\\/schema.org\",\"@graph\":[{\"@type\":\"WebPage\",\"@id\":\"https:\\\/\\\/forumrozwojumiast.poznan.pl\\\/2017\\\/debata\\\/\",\"url\":\"https:\\\/\\\/forumrozwojumiast.poznan.pl\\\/2017\\\/debata\\\/\",\"name\":\"Debata - Forum Rozwoju Miast\",\"isPartOf\":{\"@id\":\"https:\\\/\\\/forumrozwojumiast.poznan.pl\\\/2017\\\/#website\"},\"datePublished\":\"2017-08-01T14:18:50+00:00\",\"dateModified\":\"2017-10-27T13:05:07+00:00\",\"breadcrumb\":{\"@id\":\"https:\\\/\\\/forumrozwojumiast.poznan.pl\\\/2017\\\/debata\\\/#breadcrumb\"},\"inLanguage\":\"pl-PL\",\"potentialAction\":[{\"@type\":\"ReadAction\",\"target\":[\"https:\\\/\\\/forumrozwojumiast.poznan.pl\\\/2017\\\/debata\\\/\"]}]},{\"@type\":\"BreadcrumbList\",\"@id\":\"https:\\\/\\\/forumrozwojumiast.poznan.pl\\\/2017\\\/debata\\\/#breadcrumb\",\"itemListElement\":[{\"@type\":\"ListItem\",\"position\":1,\"name\":\"Strona g\u0142\u00f3wna\",\"item\":\"https:\\\/\\\/forumrozwojumiast.poznan.pl\\\/2017\\\/\"},{\"@type\":\"ListItem\",\"position\":2,\"name\":\"Debata\"}]},{\"@type\":\"WebSite\",\"@id\":\"https:\\\/\\\/forumrozwojumiast.poznan.pl\\\/2017\\\/#website\",\"url\":\"https:\\\/\\\/forumrozwojumiast.poznan.pl\\\/2017\\\/\",\"name\":\"Forum Rozwoju Miast\",\"description\":\"Obywatelski wymiar strategicznego zarz\u0105dzania miastem\",\"publisher\":{\"@id\":\"https:\\\/\\\/forumrozwojumiast.poznan.pl\\\/2017\\\/#organization\"},\"potentialAction\":[{\"@type\":\"SearchAction\",\"target\":{\"@type\":\"EntryPoint\",\"urlTemplate\":\"https:\\\/\\\/forumrozwojumiast.poznan.pl\\\/2017\\\/?s={search_term_string}\"},\"query-input\":{\"@type\":\"PropertyValueSpecification\",\"valueRequired\":true,\"valueName\":\"search_term_string\"}}],\"inLanguage\":\"pl-PL\"},{\"@type\":\"Organization\",\"@id\":\"https:\\\/\\\/forumrozwojumiast.poznan.pl\\\/2017\\\/#organization\",\"name\":\"Forum Rozwoju Miast\",\"url\":\"https:\\\/\\\/forumrozwojumiast.poznan.pl\\\/2017\\\/\",\"logo\":{\"@type\":\"ImageObject\",\"inLanguage\":\"pl-PL\",\"@id\":\"https:\\\/\\\/forumrozwojumiast.poznan.pl\\\/2017\\\/#\\\/schema\\\/logo\\\/image\\\/\",\"url\":\"https:\\\/\\\/forumrozwojumiast.poznan.pl\\\/2017\\\/wp-content\\\/uploads\\\/2017\\\/09\\\/cropped-FORUM-ROZWOJU-MIAST-3.png\",\"contentUrl\":\"https:\\\/\\\/forumrozwojumiast.poznan.pl\\\/2017\\\/wp-content\\\/uploads\\\/2017\\\/09\\\/cropped-FORUM-ROZWOJU-MIAST-3.png\",\"width\":627,\"height\":250,\"caption\":\"Forum Rozwoju Miast\"},\"image\":{\"@id\":\"https:\\\/\\\/forumrozwojumiast.poznan.pl\\\/2017\\\/#\\\/schema\\\/logo\\\/image\\\/\"}}]}<\/script>\n<!-- \/ Yoast SEO plugin. -->","yoast_head_json":{"title":"Debata - Forum Rozwoju Miast","robots":{"index":"index","follow":"follow","max-snippet":"max-snippet:-1","max-image-preview":"max-image-preview:large","max-video-preview":"max-video-preview:-1"},"canonical":"https:\/\/forumrozwojumiast.poznan.pl\/2017\/debata\/","og_locale":"pl_PL","og_type":"article","og_title":"Debata - Forum Rozwoju Miast","og_description":"DEBATA z udzia\u0142em publiczno\u015bci: Jak wykorzysta\u0107 potencja\u0142 miasta? Wsp\u00f3\u0142czesne przestrzenie dla jego rozwoju w przysz\u0142o\u015bci 6 grudnia, godz.\u00a0 11:40 &#8211; 13:30 Interesuje nas spos\u00f3b my\u015blenia o rozwoju miasta, szczeg\u00f3lnie os\u00f3b, kt\u00f3re dzi\u0119ki wiedzy i nabytemu do\u015bwiadczeniu posiadaj\u0105 wysoki potencja\u0142 sprawstwa. Postrzeganie tego, co jest mo\u017cliwe i wykonalne, nie tylko okre\u015bla i determinuje podejmowane obecnie decyzje, &hellip; Continue reading \"Debata\"","og_url":"https:\/\/forumrozwojumiast.poznan.pl\/2017\/debata\/","og_site_name":"Forum Rozwoju Miast","article_modified_time":"2017-10-27T13:05:07+00:00","twitter_card":"summary_large_image","twitter_misc":{"Szacowany czas czytania":"2 minuty"},"schema":{"@context":"https:\/\/schema.org","@graph":[{"@type":"WebPage","@id":"https:\/\/forumrozwojumiast.poznan.pl\/2017\/debata\/","url":"https:\/\/forumrozwojumiast.poznan.pl\/2017\/debata\/","name":"Debata - Forum Rozwoju Miast","isPartOf":{"@id":"https:\/\/forumrozwojumiast.poznan.pl\/2017\/#website"},"datePublished":"2017-08-01T14:18:50+00:00","dateModified":"2017-10-27T13:05:07+00:00","breadcrumb":{"@id":"https:\/\/forumrozwojumiast.poznan.pl\/2017\/debata\/#breadcrumb"},"inLanguage":"pl-PL","potentialAction":[{"@type":"ReadAction","target":["https:\/\/forumrozwojumiast.poznan.pl\/2017\/debata\/"]}]},{"@type":"BreadcrumbList","@id":"https:\/\/forumrozwojumiast.poznan.pl\/2017\/debata\/#breadcrumb","itemListElement":[{"@type":"ListItem","position":1,"name":"Strona g\u0142\u00f3wna","item":"https:\/\/forumrozwojumiast.poznan.pl\/2017\/"},{"@type":"ListItem","position":2,"name":"Debata"}]},{"@type":"WebSite","@id":"https:\/\/forumrozwojumiast.poznan.pl\/2017\/#website","url":"https:\/\/forumrozwojumiast.poznan.pl\/2017\/","name":"Forum Rozwoju Miast","description":"Obywatelski wymiar strategicznego zarz\u0105dzania miastem","publisher":{"@id":"https:\/\/forumrozwojumiast.poznan.pl\/2017\/#organization"},"potentialAction":[{"@type":"SearchAction","target":{"@type":"EntryPoint","urlTemplate":"https:\/\/forumrozwojumiast.poznan.pl\/2017\/?s={search_term_string}"},"query-input":{"@type":"PropertyValueSpecification","valueRequired":true,"valueName":"search_term_string"}}],"inLanguage":"pl-PL"},{"@type":"Organization","@id":"https:\/\/forumrozwojumiast.poznan.pl\/2017\/#organization","name":"Forum Rozwoju Miast","url":"https:\/\/forumrozwojumiast.poznan.pl\/2017\/","logo":{"@type":"ImageObject","inLanguage":"pl-PL","@id":"https:\/\/forumrozwojumiast.poznan.pl\/2017\/#\/schema\/logo\/image\/","url":"https:\/\/forumrozwojumiast.poznan.pl\/2017\/wp-content\/uploads\/2017\/09\/cropped-FORUM-ROZWOJU-MIAST-3.png","contentUrl":"https:\/\/forumrozwojumiast.poznan.pl\/2017\/wp-content\/uploads\/2017\/09\/cropped-FORUM-ROZWOJU-MIAST-3.png","width":627,"height":250,"caption":"Forum Rozwoju Miast"},"image":{"@id":"https:\/\/forumrozwojumiast.poznan.pl\/2017\/#\/schema\/logo\/image\/"}}]}},"_links":{"self":[{"href":"https:\/\/forumrozwojumiast.poznan.pl\/2017\/wp-json\/wp\/v2\/pages\/39","targetHints":{"allow":["GET"]}}],"collection":[{"href":"https:\/\/forumrozwojumiast.poznan.pl\/2017\/wp-json\/wp\/v2\/pages"}],"about":[{"href":"https:\/\/forumrozwojumiast.poznan.pl\/2017\/wp-json\/wp\/v2\/types\/page"}],"author":[{"embeddable":true,"href":"https:\/\/forumrozwojumiast.poznan.pl\/2017\/wp-json\/wp\/v2\/users\/1"}],"replies":[{"embeddable":true,"href":"https:\/\/forumrozwojumiast.poznan.pl\/2017\/wp-json\/wp\/v2\/comments?post=39"}],"version-history":[{"count":9,"href":"https:\/\/forumrozwojumiast.poznan.pl\/2017\/wp-json\/wp\/v2\/pages\/39\/revisions"}],"predecessor-version":[{"id":1276,"href":"https:\/\/forumrozwojumiast.poznan.pl\/2017\/wp-json\/wp\/v2\/pages\/39\/revisions\/1276"}],"wp:attachment":[{"href":"https:\/\/forumrozwojumiast.poznan.pl\/2017\/wp-json\/wp\/v2\/media?parent=39"}],"curies":[{"name":"wp","href":"https:\/\/api.w.org\/{rel}","templated":true}]}}