{"id":566,"date":"2017-09-29T14:54:36","date_gmt":"2017-09-29T12:54:36","guid":{"rendered":"https:\/\/forumrozwojumiast.poznan.pl\/2017\/?page_id=566"},"modified":"2017-11-28T12:50:22","modified_gmt":"2017-11-28T11:50:22","slug":"pl-frida-kahlo","status":"publish","type":"page","link":"https:\/\/forumrozwojumiast.poznan.pl\/2017\/pl-frida-kahlo\/","title":{"rendered":"Frida Kahlo"},"content":{"rendered":"<p>Uczestnicy Forum, kt\u00f3rzy dodatkowo w formularzu rejestracyjnym zdeklaruj\u0105 tak\u0105 ch\u0119\u0107, mog\u0105 bezp\u0142atnie wzi\u0105\u0107 udzia\u0142 w wystawie tw\u00f3rczo\u015bci Fridy Kahlo. Opr\u00f3cz obraz\u00f3w tej meksyka\u0144skiej artystki, wystawa b\u0119dzie tak\u017ce po\u015bwi\u0119cona dzie\u0142om jej m\u0119\u017ca Diego Rivery, a tak\u017ce pracom dw\u00f3ch pochodz\u0105cych z Polski, zwi\u0105zanych z nimi artystek.<\/p>\n<p>Wystawa ma miejsce w Centrum Kultury ZAMEK w Poznaniu przy ul. \u015aw. Marcin 80\/82. Organizator Forum zapewnia transport z miejsca Forum do Centrum Kultury ZAMEK.<\/p>\n<p>Dla uczestnik\u00f3w Forum mo\u017cliwe s\u0105 nast\u0119puj\u0105ce terminy zwiedzania:<\/p>\n<ul>\n<li>6 grudnia 2017 r. godz. 16.00 \u2013 zwiedzanie grupowe dla 50 os\u00f3b bez przewodnika<\/li>\n<li>6 grudnia 2017 r. godz. 18.00 \u2013 zwiedzanie grupowe dla 50 os\u00f3b bez przewodnika<\/li>\n<li>7 grudnia 2017 r. godz. 16.00 \u2013 zwiedzanie grupowe dla 50 os\u00f3b bez przewodnika<\/li>\n<\/ul>\n<p>O uczestnictwie w wystawie Fridy Kahlo decyduje kolejno\u015b\u0107 zg\u0142osze\u0144.<br \/>\nLiczba miejsc jest ograniczona.<\/p>\n<p>Serdecznie zapraszamy!<\/p>\n<p><img loading=\"lazy\" decoding=\"async\" class=\"aligncenter wp-image-919 size-large\" src=\"https:\/\/forumrozwojumiast.poznan.pl\/2017\/wp-content\/uploads\/2017\/10\/frida-pl-01-726x1024.png\" alt=\"\" width=\"525\" height=\"740\" srcset=\"https:\/\/forumrozwojumiast.poznan.pl\/2017\/wp-content\/uploads\/2017\/10\/frida-pl-01-726x1024.png 726w, https:\/\/forumrozwojumiast.poznan.pl\/2017\/wp-content\/uploads\/2017\/10\/frida-pl-01-213x300.png 213w, https:\/\/forumrozwojumiast.poznan.pl\/2017\/wp-content\/uploads\/2017\/10\/frida-pl-01-768x1083.png 768w, https:\/\/forumrozwojumiast.poznan.pl\/2017\/wp-content\/uploads\/2017\/10\/frida-pl-01.png 800w\" sizes=\"auto, (max-width: 525px) 100vw, 525px\" \/><img loading=\"lazy\" decoding=\"async\" class=\"aligncenter wp-image-920 size-large\" src=\"https:\/\/forumrozwojumiast.poznan.pl\/2017\/wp-content\/uploads\/2017\/10\/frida-pl-02-726x1024.png\" alt=\"\" width=\"525\" height=\"740\" srcset=\"https:\/\/forumrozwojumiast.poznan.pl\/2017\/wp-content\/uploads\/2017\/10\/frida-pl-02-726x1024.png 726w, https:\/\/forumrozwojumiast.poznan.pl\/2017\/wp-content\/uploads\/2017\/10\/frida-pl-02-213x300.png 213w, https:\/\/forumrozwojumiast.poznan.pl\/2017\/wp-content\/uploads\/2017\/10\/frida-pl-02-768x1083.png 768w, https:\/\/forumrozwojumiast.poznan.pl\/2017\/wp-content\/uploads\/2017\/10\/frida-pl-02.png 800w\" sizes=\"auto, (max-width: 525px) 100vw, 525px\" \/><\/p>\n<p>Pobierz <a href=\"https:\/\/forumrozwojumiast.poznan.pl\/2017\/wp-content\/uploads\/2017\/10\/ulotki-a6_FRIDA-4_pl.pdf\">ulotk\u0119<\/a>.<\/p>\n","protected":false},"excerpt":{"rendered":"<p>Uczestnicy Forum, kt\u00f3rzy dodatkowo w formularzu rejestracyjnym zdeklaruj\u0105 tak\u0105 ch\u0119\u0107, mog\u0105 bezp\u0142atnie wzi\u0105\u0107 udzia\u0142 w wystawie tw\u00f3rczo\u015bci Fridy Kahlo. Opr\u00f3cz obraz\u00f3w tej meksyka\u0144skiej artystki, wystawa b\u0119dzie tak\u017ce po\u015bwi\u0119cona dzie\u0142om jej m\u0119\u017ca Diego Rivery, a tak\u017ce pracom dw\u00f3ch pochodz\u0105cych z Polski, zwi\u0105zanych z nimi artystek. Wystawa ma miejsce w Centrum Kultury ZAMEK w Poznaniu przy ul. &hellip; <\/p>\n<p class=\"link-more\"><a href=\"https:\/\/forumrozwojumiast.poznan.pl\/2017\/pl-frida-kahlo\/\" class=\"more-link\">Continue reading<span class=\"screen-reader-text\"> &#8222;Frida Kahlo&#8221;<\/span><\/a><\/p>\n","protected":false},"author":1,"featured_media":0,"parent":0,"menu_order":75,"comment_status":"closed","ping_status":"closed","template":"","meta":{"_acf_changed":false,"inline_featured_image":false,"ngg_post_thumbnail":0,"footnotes":""},"class_list":["post-566","page","type-page","status-publish","hentry"],"acf":[],"yoast_head":"<!-- This site is optimized with the Yoast SEO plugin v27.4 - https:\/\/yoast.com\/product\/yoast-seo-wordpress\/ -->\n<title>Frida Kahlo - Forum Rozwoju Miast<\/title>\n<meta name=\"robots\" content=\"index, follow, max-snippet:-1, max-image-preview:large, max-video-preview:-1\" \/>\n<link rel=\"canonical\" href=\"https:\/\/forumrozwojumiast.poznan.pl\/2017\/pl-frida-kahlo\/\" \/>\n<meta property=\"og:locale\" content=\"pl_PL\" \/>\n<meta property=\"og:type\" content=\"article\" \/>\n<meta property=\"og:title\" content=\"Frida Kahlo - Forum Rozwoju Miast\" \/>\n<meta property=\"og:description\" content=\"Uczestnicy Forum, kt\u00f3rzy dodatkowo w formularzu rejestracyjnym zdeklaruj\u0105 tak\u0105 ch\u0119\u0107, mog\u0105 bezp\u0142atnie wzi\u0105\u0107 udzia\u0142 w wystawie tw\u00f3rczo\u015bci Fridy Kahlo. Opr\u00f3cz obraz\u00f3w tej meksyka\u0144skiej artystki, wystawa b\u0119dzie tak\u017ce po\u015bwi\u0119cona dzie\u0142om jej m\u0119\u017ca Diego Rivery, a tak\u017ce pracom dw\u00f3ch pochodz\u0105cych z Polski, zwi\u0105zanych z nimi artystek. Wystawa ma miejsce w Centrum Kultury ZAMEK w Poznaniu przy ul. &hellip; Continue reading &quot;Frida Kahlo&quot;\" \/>\n<meta property=\"og:url\" content=\"https:\/\/forumrozwojumiast.poznan.pl\/2017\/pl-frida-kahlo\/\" \/>\n<meta property=\"og:site_name\" content=\"Forum Rozwoju Miast\" \/>\n<meta property=\"article:modified_time\" content=\"2017-11-28T11:50:22+00:00\" \/>\n<meta property=\"og:image\" content=\"https:\/\/forumrozwojumiast.poznan.pl\/2017\/wp-content\/uploads\/2017\/10\/frida-pl-01-726x1024.png\" \/>\n<meta name=\"twitter:card\" content=\"summary_large_image\" \/>\n<meta name=\"twitter:label1\" content=\"Szacowany czas czytania\" \/>\n\t<meta name=\"twitter:data1\" content=\"1 minuta\" \/>\n<script type=\"application\/ld+json\" class=\"yoast-schema-graph\">{\"@context\":\"https:\\\/\\\/schema.org\",\"@graph\":[{\"@type\":\"WebPage\",\"@id\":\"https:\\\/\\\/forumrozwojumiast.poznan.pl\\\/2017\\\/pl-frida-kahlo\\\/\",\"url\":\"https:\\\/\\\/forumrozwojumiast.poznan.pl\\\/2017\\\/pl-frida-kahlo\\\/\",\"name\":\"Frida Kahlo - Forum Rozwoju Miast\",\"isPartOf\":{\"@id\":\"https:\\\/\\\/forumrozwojumiast.poznan.pl\\\/2017\\\/#website\"},\"primaryImageOfPage\":{\"@id\":\"https:\\\/\\\/forumrozwojumiast.poznan.pl\\\/2017\\\/pl-frida-kahlo\\\/#primaryimage\"},\"image\":{\"@id\":\"https:\\\/\\\/forumrozwojumiast.poznan.pl\\\/2017\\\/pl-frida-kahlo\\\/#primaryimage\"},\"thumbnailUrl\":\"https:\\\/\\\/forumrozwojumiast.poznan.pl\\\/2017\\\/wp-content\\\/uploads\\\/2017\\\/10\\\/frida-pl-01-726x1024.png\",\"datePublished\":\"2017-09-29T12:54:36+00:00\",\"dateModified\":\"2017-11-28T11:50:22+00:00\",\"breadcrumb\":{\"@id\":\"https:\\\/\\\/forumrozwojumiast.poznan.pl\\\/2017\\\/pl-frida-kahlo\\\/#breadcrumb\"},\"inLanguage\":\"pl-PL\",\"potentialAction\":[{\"@type\":\"ReadAction\",\"target\":[\"https:\\\/\\\/forumrozwojumiast.poznan.pl\\\/2017\\\/pl-frida-kahlo\\\/\"]}]},{\"@type\":\"ImageObject\",\"inLanguage\":\"pl-PL\",\"@id\":\"https:\\\/\\\/forumrozwojumiast.poznan.pl\\\/2017\\\/pl-frida-kahlo\\\/#primaryimage\",\"url\":\"https:\\\/\\\/forumrozwojumiast.poznan.pl\\\/2017\\\/wp-content\\\/uploads\\\/2017\\\/10\\\/frida-pl-01.png\",\"contentUrl\":\"https:\\\/\\\/forumrozwojumiast.poznan.pl\\\/2017\\\/wp-content\\\/uploads\\\/2017\\\/10\\\/frida-pl-01.png\",\"width\":800,\"height\":1128},{\"@type\":\"BreadcrumbList\",\"@id\":\"https:\\\/\\\/forumrozwojumiast.poznan.pl\\\/2017\\\/pl-frida-kahlo\\\/#breadcrumb\",\"itemListElement\":[{\"@type\":\"ListItem\",\"position\":1,\"name\":\"Strona g\u0142\u00f3wna\",\"item\":\"https:\\\/\\\/forumrozwojumiast.poznan.pl\\\/2017\\\/\"},{\"@type\":\"ListItem\",\"position\":2,\"name\":\"Frida Kahlo\"}]},{\"@type\":\"WebSite\",\"@id\":\"https:\\\/\\\/forumrozwojumiast.poznan.pl\\\/2017\\\/#website\",\"url\":\"https:\\\/\\\/forumrozwojumiast.poznan.pl\\\/2017\\\/\",\"name\":\"Forum Rozwoju Miast\",\"description\":\"Obywatelski wymiar strategicznego zarz\u0105dzania miastem\",\"publisher\":{\"@id\":\"https:\\\/\\\/forumrozwojumiast.poznan.pl\\\/2017\\\/#organization\"},\"potentialAction\":[{\"@type\":\"SearchAction\",\"target\":{\"@type\":\"EntryPoint\",\"urlTemplate\":\"https:\\\/\\\/forumrozwojumiast.poznan.pl\\\/2017\\\/?s={search_term_string}\"},\"query-input\":{\"@type\":\"PropertyValueSpecification\",\"valueRequired\":true,\"valueName\":\"search_term_string\"}}],\"inLanguage\":\"pl-PL\"},{\"@type\":\"Organization\",\"@id\":\"https:\\\/\\\/forumrozwojumiast.poznan.pl\\\/2017\\\/#organization\",\"name\":\"Forum Rozwoju Miast\",\"url\":\"https:\\\/\\\/forumrozwojumiast.poznan.pl\\\/2017\\\/\",\"logo\":{\"@type\":\"ImageObject\",\"inLanguage\":\"pl-PL\",\"@id\":\"https:\\\/\\\/forumrozwojumiast.poznan.pl\\\/2017\\\/#\\\/schema\\\/logo\\\/image\\\/\",\"url\":\"https:\\\/\\\/forumrozwojumiast.poznan.pl\\\/2017\\\/wp-content\\\/uploads\\\/2017\\\/09\\\/cropped-FORUM-ROZWOJU-MIAST-3.png\",\"contentUrl\":\"https:\\\/\\\/forumrozwojumiast.poznan.pl\\\/2017\\\/wp-content\\\/uploads\\\/2017\\\/09\\\/cropped-FORUM-ROZWOJU-MIAST-3.png\",\"width\":627,\"height\":250,\"caption\":\"Forum Rozwoju Miast\"},\"image\":{\"@id\":\"https:\\\/\\\/forumrozwojumiast.poznan.pl\\\/2017\\\/#\\\/schema\\\/logo\\\/image\\\/\"}}]}<\/script>\n<!-- \/ Yoast SEO plugin. -->","yoast_head_json":{"title":"Frida Kahlo - Forum Rozwoju Miast","robots":{"index":"index","follow":"follow","max-snippet":"max-snippet:-1","max-image-preview":"max-image-preview:large","max-video-preview":"max-video-preview:-1"},"canonical":"https:\/\/forumrozwojumiast.poznan.pl\/2017\/pl-frida-kahlo\/","og_locale":"pl_PL","og_type":"article","og_title":"Frida Kahlo - Forum Rozwoju Miast","og_description":"Uczestnicy Forum, kt\u00f3rzy dodatkowo w formularzu rejestracyjnym zdeklaruj\u0105 tak\u0105 ch\u0119\u0107, mog\u0105 bezp\u0142atnie wzi\u0105\u0107 udzia\u0142 w wystawie tw\u00f3rczo\u015bci Fridy Kahlo. Opr\u00f3cz obraz\u00f3w tej meksyka\u0144skiej artystki, wystawa b\u0119dzie tak\u017ce po\u015bwi\u0119cona dzie\u0142om jej m\u0119\u017ca Diego Rivery, a tak\u017ce pracom dw\u00f3ch pochodz\u0105cych z Polski, zwi\u0105zanych z nimi artystek. Wystawa ma miejsce w Centrum Kultury ZAMEK w Poznaniu przy ul. &hellip; Continue reading \"Frida Kahlo\"","og_url":"https:\/\/forumrozwojumiast.poznan.pl\/2017\/pl-frida-kahlo\/","og_site_name":"Forum Rozwoju Miast","article_modified_time":"2017-11-28T11:50:22+00:00","og_image":[{"url":"https:\/\/forumrozwojumiast.poznan.pl\/2017\/wp-content\/uploads\/2017\/10\/frida-pl-01-726x1024.png","type":"","width":"","height":""}],"twitter_card":"summary_large_image","twitter_misc":{"Szacowany czas czytania":"1 minuta"},"schema":{"@context":"https:\/\/schema.org","@graph":[{"@type":"WebPage","@id":"https:\/\/forumrozwojumiast.poznan.pl\/2017\/pl-frida-kahlo\/","url":"https:\/\/forumrozwojumiast.poznan.pl\/2017\/pl-frida-kahlo\/","name":"Frida Kahlo - Forum Rozwoju Miast","isPartOf":{"@id":"https:\/\/forumrozwojumiast.poznan.pl\/2017\/#website"},"primaryImageOfPage":{"@id":"https:\/\/forumrozwojumiast.poznan.pl\/2017\/pl-frida-kahlo\/#primaryimage"},"image":{"@id":"https:\/\/forumrozwojumiast.poznan.pl\/2017\/pl-frida-kahlo\/#primaryimage"},"thumbnailUrl":"https:\/\/forumrozwojumiast.poznan.pl\/2017\/wp-content\/uploads\/2017\/10\/frida-pl-01-726x1024.png","datePublished":"2017-09-29T12:54:36+00:00","dateModified":"2017-11-28T11:50:22+00:00","breadcrumb":{"@id":"https:\/\/forumrozwojumiast.poznan.pl\/2017\/pl-frida-kahlo\/#breadcrumb"},"inLanguage":"pl-PL","potentialAction":[{"@type":"ReadAction","target":["https:\/\/forumrozwojumiast.poznan.pl\/2017\/pl-frida-kahlo\/"]}]},{"@type":"ImageObject","inLanguage":"pl-PL","@id":"https:\/\/forumrozwojumiast.poznan.pl\/2017\/pl-frida-kahlo\/#primaryimage","url":"https:\/\/forumrozwojumiast.poznan.pl\/2017\/wp-content\/uploads\/2017\/10\/frida-pl-01.png","contentUrl":"https:\/\/forumrozwojumiast.poznan.pl\/2017\/wp-content\/uploads\/2017\/10\/frida-pl-01.png","width":800,"height":1128},{"@type":"BreadcrumbList","@id":"https:\/\/forumrozwojumiast.poznan.pl\/2017\/pl-frida-kahlo\/#breadcrumb","itemListElement":[{"@type":"ListItem","position":1,"name":"Strona g\u0142\u00f3wna","item":"https:\/\/forumrozwojumiast.poznan.pl\/2017\/"},{"@type":"ListItem","position":2,"name":"Frida Kahlo"}]},{"@type":"WebSite","@id":"https:\/\/forumrozwojumiast.poznan.pl\/2017\/#website","url":"https:\/\/forumrozwojumiast.poznan.pl\/2017\/","name":"Forum Rozwoju Miast","description":"Obywatelski wymiar strategicznego zarz\u0105dzania miastem","publisher":{"@id":"https:\/\/forumrozwojumiast.poznan.pl\/2017\/#organization"},"potentialAction":[{"@type":"SearchAction","target":{"@type":"EntryPoint","urlTemplate":"https:\/\/forumrozwojumiast.poznan.pl\/2017\/?s={search_term_string}"},"query-input":{"@type":"PropertyValueSpecification","valueRequired":true,"valueName":"search_term_string"}}],"inLanguage":"pl-PL"},{"@type":"Organization","@id":"https:\/\/forumrozwojumiast.poznan.pl\/2017\/#organization","name":"Forum Rozwoju Miast","url":"https:\/\/forumrozwojumiast.poznan.pl\/2017\/","logo":{"@type":"ImageObject","inLanguage":"pl-PL","@id":"https:\/\/forumrozwojumiast.poznan.pl\/2017\/#\/schema\/logo\/image\/","url":"https:\/\/forumrozwojumiast.poznan.pl\/2017\/wp-content\/uploads\/2017\/09\/cropped-FORUM-ROZWOJU-MIAST-3.png","contentUrl":"https:\/\/forumrozwojumiast.poznan.pl\/2017\/wp-content\/uploads\/2017\/09\/cropped-FORUM-ROZWOJU-MIAST-3.png","width":627,"height":250,"caption":"Forum Rozwoju Miast"},"image":{"@id":"https:\/\/forumrozwojumiast.poznan.pl\/2017\/#\/schema\/logo\/image\/"}}]}},"_links":{"self":[{"href":"https:\/\/forumrozwojumiast.poznan.pl\/2017\/wp-json\/wp\/v2\/pages\/566","targetHints":{"allow":["GET"]}}],"collection":[{"href":"https:\/\/forumrozwojumiast.poznan.pl\/2017\/wp-json\/wp\/v2\/pages"}],"about":[{"href":"https:\/\/forumrozwojumiast.poznan.pl\/2017\/wp-json\/wp\/v2\/types\/page"}],"author":[{"embeddable":true,"href":"https:\/\/forumrozwojumiast.poznan.pl\/2017\/wp-json\/wp\/v2\/users\/1"}],"replies":[{"embeddable":true,"href":"https:\/\/forumrozwojumiast.poznan.pl\/2017\/wp-json\/wp\/v2\/comments?post=566"}],"version-history":[{"count":9,"href":"https:\/\/forumrozwojumiast.poznan.pl\/2017\/wp-json\/wp\/v2\/pages\/566\/revisions"}],"predecessor-version":[{"id":1393,"href":"https:\/\/forumrozwojumiast.poznan.pl\/2017\/wp-json\/wp\/v2\/pages\/566\/revisions\/1393"}],"wp:attachment":[{"href":"https:\/\/forumrozwojumiast.poznan.pl\/2017\/wp-json\/wp\/v2\/media?parent=566"}],"curies":[{"name":"wp","href":"https:\/\/api.w.org\/{rel}","templated":true}]}}