{"id":61,"date":"2017-08-01T16:52:33","date_gmt":"2017-08-01T14:52:33","guid":{"rendered":"https:\/\/forumrozwojumiast.poznan.pl\/2017\/?page_id=61"},"modified":"2020-07-27T16:36:59","modified_gmt":"2020-07-27T14:36:59","slug":"strona-glowna","status":"publish","type":"page","link":"https:\/\/forumrozwojumiast.poznan.pl\/2017\/","title":{"rendered":"Strona g\u0142\u00f3wna"},"content":{"rendered":"<p>Cele Forum Rozwoju Miast:<\/p>\n<ol>\n<li>Planowanie rozwoju miast w kontek\u015bcie zmieniaj\u0105cego si\u0119 otoczenia.<\/li>\n<li>Aktywne miasto: poszukiwanie nowych, nieoczywistych sposob\u00f3w rozwi\u0105zywania powszechnie wyst\u0119puj\u0105cych problem\u00f3w.<\/li>\n<li>W\u0142adza i obywatel z perspektywy wsp\u00f3\u0142zale\u017cno\u015bci spo\u0142ecznej.<\/li>\n<\/ol>\n<p>Przebieg<\/p>\n<p>Forum ma charakter otwartej dyskusji nad rozwojuem miasta. Na wst\u0119pie, kontekst b\u0119dzie zbudowany przed kilka os\u00f3b b\u0119d\u0105cych autorytetami w zakresie innowacyjnego kszta\u0142towania rozwoju miast z kraju i zagranicy. Grono uczestnik\u00f3w to nie tylko przedstawiciele administracji rz\u0105dowej i samorz\u0105dowej, przedsi\u0119biorcy czy organizacje pozarz\u0105dowe, ale przede wszystkm, \u015brodowiska spo\u0142eczne, osoby aktywne w r\u00f3\u017cnych obszarach, przedstawiciele r\u00f3\u017cnych pokole\u0144 mieszka\u0144c\u00f3w, osoby spo\u0142ecznie aktywne. Opr\u00f3cz zatem tradycyjnej formy, tj. wyst\u0105pie\u0144 oraz dyskusji panelowych z udzia\u0142em publiczno\u015bci zak\u0142ada si\u0119 tak\u017ce udzia\u0142 mieszka\u0144c\u00f3w. Osoby wprowadzaj\u0105ce do paneli dyskusyjnych b\u0119d\u0105 wybrane na zasadzie \u201eCall for papers\u201d- konkursu og\u0142oszonego wcze\u015bniej w mediach i na stronie Urz\u0119du Miasta \u2013 ka\u017cdy mo\u017ce si\u0119 zg\u0142osi\u0107: mieszkaniec, spo\u0142ecznik, polityk, naukowiec&#8230;Ka\u017cdy zg\u0142asza temat i robi draft wyst\u0105pienia, komisja podejmuje ostateczn\u0105 decyzj\u0119 o wyborze temat\u00f3w i os\u00f3b. Tematy paneli (drugiego dnia) b\u0119d\u0105 wi\u0119c okre\u015blone w ramach konkursu, kt\u00f3ry zdefiniuje jedynie mo\u017cliwe do wyboru kierunki dyskusji, zbie\u017cne z celami Forum. Po wst\u0119pie prowadzonym przez wybrane w konkursie osoby, prowadzone b\u0119d\u0105 facylitowane dyskusje, umo\u017cliwiaj\u0105ce w\u0142\u0105czenie uczestnik\u00f3w w wybrane przez nich tematy, nawi\u0105zanie dialogu i tworzenie innowacyjnych platform wsp\u00f3\u0142pracy. Wiele rozwi\u0105za\u0144 w dzisiejszym \u015bwiecie jest wynikiem wsp\u00f3\u0142pracy fachowc\u00f3w z wielu r\u00f3\u017cnych dziedzin. Fachowcami cz\u0119sto staj\u0105 si\u0119 sami zainteresowani. Trudno jest wypracowywa\u0107 w\u0142a\u015bciwe rozwi\u0105zania bez wsp\u00f3\u0142pracy z osobami dla kt\u00f3rych si\u0119 projektuje. Niezwykle wa\u017cne staje si\u0119 tworzenie odpowiednich warunk\u00f3w, aby taka wsp\u00f3\u0142praca mog\u0142a si\u0119 odbywa\u0107. W miastach powstaj\u0105 URBAN CITY LABY, a tak\u017ce r\u00f3\u017cnego rodzaju przestrzenie, w kt\u00f3rych mieszka\u0144cy mog\u0105 uczestniczy\u0107 lub sami wypracowywa\u0107 rozwi\u0105zania problem\u00f3w. Festiwal b\u0119dzie zal\u0105\u017ckiem takiej platformy wsp\u00f3\u0142pracy w Poznaniu. Drugi dzie\u0144 Festiwalu b\u0119dzie oparty o metody znane z metodologii design thinking, art thinking oraz teatru improwizacji, anga\u017cuj\u0105ce uczestnik\u00f3w umo\u017cliwiaj\u0105ce budowanie nowych idei w kreatywny spos\u00f3b, z poszanowaniem uniwersalnych zasad. Dodatkowo, pierwszego dnia istnieje mo\u017cliwo\u015b\u0107 udzia\u0142u w 3-4 godzinnych warsztatach prowadzonych przez specjalist\u00f3w w tematyce zbie\u017cnej z celami Forum. Dla naukowc\u00f3w i wszystkich zainteresowanych b\u0119dzie przygotowany wsp\u00f3lnie z Uniwersytetem Ekonomicznym w Poznaniu tak\u017ce Zeszyt Naukowy dotyczacy zagadnie\u0144 zbie\u017cnych z celami Forum.<\/p>\n<p>Charakterystyka uczestnik\u00f3w obrad<\/p>\n<p>specjali\u015bci z zakresu rozwoju i zarz\u0105dzania miastem z kraju i zagranicy, przedstawiciele administracji rz\u0105dowej i samorz\u0105dowej, przedsi\u0119biorcy, organizacje pozarz\u0105dowe, inne instytucje publiczne i prywatne, eksperci z zakresu funkcjonowania miasta. \u015arodowiska spo\u0142eczne, osoby aktywne w r\u00f3\u017cnych obszarach, przedstawiciele r\u00f3\u017cnych pokole\u0144 mieszka\u0144c\u00f3w, w tym przede wszystkim przedstawiciele pokolenia Y, osoby spo\u0142ecznie aktywne.<\/p>\n<p>Na stronie:&nbsp; Link do strony UMP i CK ZAMEK (info o wystawie tw\u00f3rczo\u015bci Fridy) &#8211; baner?<\/p>\n","protected":false},"excerpt":{"rendered":"<p>Cele Forum Rozwoju Miast: Planowanie rozwoju miast w kontek\u015bcie zmieniaj\u0105cego si\u0119 otoczenia. Aktywne miasto: poszukiwanie nowych, nieoczywistych sposob\u00f3w rozwi\u0105zywania powszechnie wyst\u0119puj\u0105cych problem\u00f3w. W\u0142adza i obywatel z perspektywy wsp\u00f3\u0142zale\u017cno\u015bci spo\u0142ecznej. Przebieg Forum ma charakter otwartej dyskusji nad rozwojuem miasta. Na wst\u0119pie, kontekst b\u0119dzie zbudowany przed kilka os\u00f3b b\u0119d\u0105cych autorytetami w zakresie innowacyjnego kszta\u0142towania rozwoju miast z &hellip; <\/p>\n<p class=\"link-more\"><a href=\"https:\/\/forumrozwojumiast.poznan.pl\/2017\/\" class=\"more-link\">Continue reading<span class=\"screen-reader-text\"> &#8222;Strona g\u0142\u00f3wna&#8221;<\/span><\/a><\/p>\n","protected":false},"author":1,"featured_media":0,"parent":0,"menu_order":14,"comment_status":"closed","ping_status":"closed","template":"","meta":{"_acf_changed":false,"inline_featured_image":false,"ngg_post_thumbnail":0,"footnotes":""},"class_list":["post-61","page","type-page","status-publish","hentry"],"acf":[],"yoast_head":"<!-- This site is optimized with the Yoast SEO plugin v27.5 - https:\/\/yoast.com\/product\/yoast-seo-wordpress\/ -->\n<title>Forum Rozwoju Miast - 2017<\/title>\n<meta name=\"description\" content=\"Forum Rozwoju Miast - 2017\" \/>\n<meta name=\"robots\" content=\"index, follow, max-snippet:-1, max-image-preview:large, max-video-preview:-1\" \/>\n<link rel=\"canonical\" href=\"https:\/\/forumrozwojumiast.poznan.pl\/2017\/\" \/>\n<meta property=\"og:locale\" content=\"pl_PL\" \/>\n<meta property=\"og:type\" content=\"article\" \/>\n<meta property=\"og:title\" content=\"Forum Rozwoju Miast - 2017\" \/>\n<meta property=\"og:description\" content=\"Forum Rozwoju Miast - 2017\" \/>\n<meta property=\"og:url\" content=\"https:\/\/forumrozwojumiast.poznan.pl\/2017\/\" \/>\n<meta property=\"og:site_name\" content=\"Forum Rozwoju Miast\" \/>\n<meta property=\"article:modified_time\" content=\"2020-07-27T14:36:59+00:00\" \/>\n<meta name=\"twitter:card\" content=\"summary_large_image\" \/>\n<meta name=\"twitter:label1\" content=\"Szacowany czas czytania\" \/>\n\t<meta name=\"twitter:data1\" content=\"3 minuty\" \/>\n<script type=\"application\/ld+json\" class=\"yoast-schema-graph\">{\"@context\":\"https:\\\/\\\/schema.org\",\"@graph\":[{\"@type\":\"WebPage\",\"@id\":\"https:\\\/\\\/forumrozwojumiast.poznan.pl\\\/2017\\\/\",\"url\":\"https:\\\/\\\/forumrozwojumiast.poznan.pl\\\/2017\\\/\",\"name\":\"Forum Rozwoju Miast - 2017\",\"isPartOf\":{\"@id\":\"https:\\\/\\\/forumrozwojumiast.poznan.pl\\\/2017\\\/#website\"},\"datePublished\":\"2017-08-01T14:52:33+00:00\",\"dateModified\":\"2020-07-27T14:36:59+00:00\",\"description\":\"Forum Rozwoju Miast - 2017\",\"breadcrumb\":{\"@id\":\"https:\\\/\\\/forumrozwojumiast.poznan.pl\\\/2017\\\/#breadcrumb\"},\"inLanguage\":\"pl-PL\",\"potentialAction\":[{\"@type\":\"ReadAction\",\"target\":[\"https:\\\/\\\/forumrozwojumiast.poznan.pl\\\/2017\\\/\"]}]},{\"@type\":\"BreadcrumbList\",\"@id\":\"https:\\\/\\\/forumrozwojumiast.poznan.pl\\\/2017\\\/#breadcrumb\",\"itemListElement\":[{\"@type\":\"ListItem\",\"position\":1,\"name\":\"Strona g\u0142\u00f3wna\",\"item\":\"https:\\\/\\\/forumrozwojumiast.poznan.pl\\\/2017\\\/\"},{\"@type\":\"ListItem\",\"position\":2,\"name\":\"Strona g\u0142\u00f3wna\"}]},{\"@type\":\"WebSite\",\"@id\":\"https:\\\/\\\/forumrozwojumiast.poznan.pl\\\/2017\\\/#website\",\"url\":\"https:\\\/\\\/forumrozwojumiast.poznan.pl\\\/2017\\\/\",\"name\":\"Forum Rozwoju Miast\",\"description\":\"Obywatelski wymiar strategicznego zarz\u0105dzania miastem\",\"publisher\":{\"@id\":\"https:\\\/\\\/forumrozwojumiast.poznan.pl\\\/2017\\\/#organization\"},\"potentialAction\":[{\"@type\":\"SearchAction\",\"target\":{\"@type\":\"EntryPoint\",\"urlTemplate\":\"https:\\\/\\\/forumrozwojumiast.poznan.pl\\\/2017\\\/?s={search_term_string}\"},\"query-input\":{\"@type\":\"PropertyValueSpecification\",\"valueRequired\":true,\"valueName\":\"search_term_string\"}}],\"inLanguage\":\"pl-PL\"},{\"@type\":\"Organization\",\"@id\":\"https:\\\/\\\/forumrozwojumiast.poznan.pl\\\/2017\\\/#organization\",\"name\":\"Forum Rozwoju Miast\",\"url\":\"https:\\\/\\\/forumrozwojumiast.poznan.pl\\\/2017\\\/\",\"logo\":{\"@type\":\"ImageObject\",\"inLanguage\":\"pl-PL\",\"@id\":\"https:\\\/\\\/forumrozwojumiast.poznan.pl\\\/2017\\\/#\\\/schema\\\/logo\\\/image\\\/\",\"url\":\"https:\\\/\\\/forumrozwojumiast.poznan.pl\\\/2017\\\/wp-content\\\/uploads\\\/2017\\\/09\\\/cropped-FORUM-ROZWOJU-MIAST-3.png\",\"contentUrl\":\"https:\\\/\\\/forumrozwojumiast.poznan.pl\\\/2017\\\/wp-content\\\/uploads\\\/2017\\\/09\\\/cropped-FORUM-ROZWOJU-MIAST-3.png\",\"width\":627,\"height\":250,\"caption\":\"Forum Rozwoju Miast\"},\"image\":{\"@id\":\"https:\\\/\\\/forumrozwojumiast.poznan.pl\\\/2017\\\/#\\\/schema\\\/logo\\\/image\\\/\"}}]}<\/script>\n<!-- \/ Yoast SEO plugin. -->","yoast_head_json":{"title":"Forum Rozwoju Miast - 2017","description":"Forum Rozwoju Miast - 2017","robots":{"index":"index","follow":"follow","max-snippet":"max-snippet:-1","max-image-preview":"max-image-preview:large","max-video-preview":"max-video-preview:-1"},"canonical":"https:\/\/forumrozwojumiast.poznan.pl\/2017\/","og_locale":"pl_PL","og_type":"article","og_title":"Forum Rozwoju Miast - 2017","og_description":"Forum Rozwoju Miast - 2017","og_url":"https:\/\/forumrozwojumiast.poznan.pl\/2017\/","og_site_name":"Forum Rozwoju Miast","article_modified_time":"2020-07-27T14:36:59+00:00","twitter_card":"summary_large_image","twitter_misc":{"Szacowany czas czytania":"3 minuty"},"schema":{"@context":"https:\/\/schema.org","@graph":[{"@type":"WebPage","@id":"https:\/\/forumrozwojumiast.poznan.pl\/2017\/","url":"https:\/\/forumrozwojumiast.poznan.pl\/2017\/","name":"Forum Rozwoju Miast - 2017","isPartOf":{"@id":"https:\/\/forumrozwojumiast.poznan.pl\/2017\/#website"},"datePublished":"2017-08-01T14:52:33+00:00","dateModified":"2020-07-27T14:36:59+00:00","description":"Forum Rozwoju Miast - 2017","breadcrumb":{"@id":"https:\/\/forumrozwojumiast.poznan.pl\/2017\/#breadcrumb"},"inLanguage":"pl-PL","potentialAction":[{"@type":"ReadAction","target":["https:\/\/forumrozwojumiast.poznan.pl\/2017\/"]}]},{"@type":"BreadcrumbList","@id":"https:\/\/forumrozwojumiast.poznan.pl\/2017\/#breadcrumb","itemListElement":[{"@type":"ListItem","position":1,"name":"Strona g\u0142\u00f3wna","item":"https:\/\/forumrozwojumiast.poznan.pl\/2017\/"},{"@type":"ListItem","position":2,"name":"Strona g\u0142\u00f3wna"}]},{"@type":"WebSite","@id":"https:\/\/forumrozwojumiast.poznan.pl\/2017\/#website","url":"https:\/\/forumrozwojumiast.poznan.pl\/2017\/","name":"Forum Rozwoju Miast","description":"Obywatelski wymiar strategicznego zarz\u0105dzania miastem","publisher":{"@id":"https:\/\/forumrozwojumiast.poznan.pl\/2017\/#organization"},"potentialAction":[{"@type":"SearchAction","target":{"@type":"EntryPoint","urlTemplate":"https:\/\/forumrozwojumiast.poznan.pl\/2017\/?s={search_term_string}"},"query-input":{"@type":"PropertyValueSpecification","valueRequired":true,"valueName":"search_term_string"}}],"inLanguage":"pl-PL"},{"@type":"Organization","@id":"https:\/\/forumrozwojumiast.poznan.pl\/2017\/#organization","name":"Forum Rozwoju Miast","url":"https:\/\/forumrozwojumiast.poznan.pl\/2017\/","logo":{"@type":"ImageObject","inLanguage":"pl-PL","@id":"https:\/\/forumrozwojumiast.poznan.pl\/2017\/#\/schema\/logo\/image\/","url":"https:\/\/forumrozwojumiast.poznan.pl\/2017\/wp-content\/uploads\/2017\/09\/cropped-FORUM-ROZWOJU-MIAST-3.png","contentUrl":"https:\/\/forumrozwojumiast.poznan.pl\/2017\/wp-content\/uploads\/2017\/09\/cropped-FORUM-ROZWOJU-MIAST-3.png","width":627,"height":250,"caption":"Forum Rozwoju Miast"},"image":{"@id":"https:\/\/forumrozwojumiast.poznan.pl\/2017\/#\/schema\/logo\/image\/"}}]}},"_links":{"self":[{"href":"https:\/\/forumrozwojumiast.poznan.pl\/2017\/wp-json\/wp\/v2\/pages\/61","targetHints":{"allow":["GET"]}}],"collection":[{"href":"https:\/\/forumrozwojumiast.poznan.pl\/2017\/wp-json\/wp\/v2\/pages"}],"about":[{"href":"https:\/\/forumrozwojumiast.poznan.pl\/2017\/wp-json\/wp\/v2\/types\/page"}],"author":[{"embeddable":true,"href":"https:\/\/forumrozwojumiast.poznan.pl\/2017\/wp-json\/wp\/v2\/users\/1"}],"replies":[{"embeddable":true,"href":"https:\/\/forumrozwojumiast.poznan.pl\/2017\/wp-json\/wp\/v2\/comments?post=61"}],"version-history":[{"count":20,"href":"https:\/\/forumrozwojumiast.poznan.pl\/2017\/wp-json\/wp\/v2\/pages\/61\/revisions"}],"predecessor-version":[{"id":1900,"href":"https:\/\/forumrozwojumiast.poznan.pl\/2017\/wp-json\/wp\/v2\/pages\/61\/revisions\/1900"}],"wp:attachment":[{"href":"https:\/\/forumrozwojumiast.poznan.pl\/2017\/wp-json\/wp\/v2\/media?parent=61"}],"curies":[{"name":"wp","href":"https:\/\/api.w.org\/{rel}","templated":true}]}}