{"id":723,"date":"2017-10-04T02:06:26","date_gmt":"2017-10-04T00:06:26","guid":{"rendered":"https:\/\/forumrozwojumiast.poznan.pl\/2017\/?page_id=723"},"modified":"2017-10-13T10:44:58","modified_gmt":"2017-10-13T08:44:58","slug":"memoteza","status":"publish","type":"page","link":"https:\/\/forumrozwojumiast.poznan.pl\/2017\/memoteza\/","title":{"rendered":"Memoteza"},"content":{"rendered":"<p>Dokument prezentuje g\u0142\u00f3wne za\u0142o\u017cenia koncepcyjne Forum Rozwoju Miast.<\/p>\n<p>Pobierz dokument: <a href=\"https:\/\/forumrozwojumiast.poznan.pl\/2017\/wp-content\/uploads\/2017\/10\/memoteza.pdf\">memoteza<\/a><\/p>\n<hr \/>\n<p><strong>dr hab. Jan Fazlagi\u0107<\/strong><\/p>\n<div><img loading=\"lazy\" decoding=\"async\" class=\"alignnone size-medium wp-image-1028\" style=\"margin-left: 10px; margin-bottom: 10px;\" src=\"https:\/\/forumrozwojumiast.poznan.pl\/2017\/wp-content\/uploads\/2017\/10\/j-fazlagic-300x300.jpg\" alt=\"\" width=\"300\" height=\"300\" align=\"right\" srcset=\"https:\/\/forumrozwojumiast.poznan.pl\/2017\/wp-content\/uploads\/2017\/10\/j-fazlagic-300x300.jpg 300w, https:\/\/forumrozwojumiast.poznan.pl\/2017\/wp-content\/uploads\/2017\/10\/j-fazlagic-150x150.jpg 150w, https:\/\/forumrozwojumiast.poznan.pl\/2017\/wp-content\/uploads\/2017\/10\/j-fazlagic-100x100.jpg 100w, https:\/\/forumrozwojumiast.poznan.pl\/2017\/wp-content\/uploads\/2017\/10\/j-fazlagic.jpg 346w\" sizes=\"auto, (max-width: 300px) 100vw, 300px\" \/> profesor nadzwyczajny Uniwersytetu Ekonomicznego w Poznaniu. Jeden z autor\u00f3w Strategii Poznania 2020+. Cz\u0142onek Think-Tanku funkcjonuj\u0105cego przy Urz\u0119dzie Miasta Poznania. Autor wielu raport\u00f3w i ekspertyz z zakresu edukacji, zarz\u0105dzania wiedz\u0105, innowacyjno\u015bci oraz zarz\u0105dzania kapita\u0142em intelektualnym, m.in. raportu o innowacyjno\u015bci polskiej gospodarki Go Global!, Raportu o zaufaniu w Polskim Biznesie oraz \u201eSzko\u0142a dla Innowatora dla Ministerstwa Rozwoju RP. Wsp\u00f3\u0142tworzy\u0142 Ma\u0142opolskie Standardy Us\u0142ug edukacyjno-szkoleniowych. Uczestniczy\u0142 w wielu innowacyjnych projektach dotycz\u0105cych samorz\u0105d\u00f3w, m.in. \u201eKapita\u0142 Intelektualny powiat\u00f3w polskich\u201d czy projekt \u201eDigiPay4Growth\u201d dotycz\u0105cy pobudzania przedsi\u0119biorczo\u015bci lokalnej dzi\u0119ki walutom lokalnym.<\/div>\n","protected":false},"excerpt":{"rendered":"<p>Dokument prezentuje g\u0142\u00f3wne za\u0142o\u017cenia koncepcyjne Forum Rozwoju Miast. Pobierz dokument: memoteza dr hab. Jan Fazlagi\u0107 profesor nadzwyczajny Uniwersytetu Ekonomicznego w Poznaniu. Jeden z autor\u00f3w Strategii Poznania 2020+. Cz\u0142onek Think-Tanku funkcjonuj\u0105cego przy Urz\u0119dzie Miasta Poznania. Autor wielu raport\u00f3w i ekspertyz z zakresu edukacji, zarz\u0105dzania wiedz\u0105, innowacyjno\u015bci oraz zarz\u0105dzania kapita\u0142em intelektualnym, m.in. raportu o innowacyjno\u015bci polskiej gospodarki &hellip; <\/p>\n<p class=\"link-more\"><a href=\"https:\/\/forumrozwojumiast.poznan.pl\/2017\/memoteza\/\" class=\"more-link\">Continue reading<span class=\"screen-reader-text\"> &#8222;Memoteza&#8221;<\/span><\/a><\/p>\n","protected":false},"author":1,"featured_media":0,"parent":0,"menu_order":3,"comment_status":"closed","ping_status":"closed","template":"","meta":{"_acf_changed":false,"inline_featured_image":false,"ngg_post_thumbnail":0,"footnotes":""},"class_list":["post-723","page","type-page","status-publish","hentry"],"acf":[],"yoast_head":"<!-- This site is optimized with the Yoast SEO plugin v27.4 - https:\/\/yoast.com\/product\/yoast-seo-wordpress\/ -->\n<title>Memoteza - Forum Rozwoju Miast<\/title>\n<meta name=\"robots\" content=\"index, follow, max-snippet:-1, max-image-preview:large, max-video-preview:-1\" \/>\n<link rel=\"canonical\" href=\"https:\/\/forumrozwojumiast.poznan.pl\/2017\/memoteza\/\" \/>\n<meta property=\"og:locale\" content=\"pl_PL\" \/>\n<meta property=\"og:type\" content=\"article\" \/>\n<meta property=\"og:title\" content=\"Memoteza - Forum Rozwoju Miast\" \/>\n<meta property=\"og:description\" content=\"Dokument prezentuje g\u0142\u00f3wne za\u0142o\u017cenia koncepcyjne Forum Rozwoju Miast. Pobierz dokument: memoteza dr hab. Jan Fazlagi\u0107 profesor nadzwyczajny Uniwersytetu Ekonomicznego w Poznaniu. Jeden z autor\u00f3w Strategii Poznania 2020+. Cz\u0142onek Think-Tanku funkcjonuj\u0105cego przy Urz\u0119dzie Miasta Poznania. Autor wielu raport\u00f3w i ekspertyz z zakresu edukacji, zarz\u0105dzania wiedz\u0105, innowacyjno\u015bci oraz zarz\u0105dzania kapita\u0142em intelektualnym, m.in. raportu o innowacyjno\u015bci polskiej gospodarki &hellip; Continue reading &quot;Memoteza&quot;\" \/>\n<meta property=\"og:url\" content=\"https:\/\/forumrozwojumiast.poznan.pl\/2017\/memoteza\/\" \/>\n<meta property=\"og:site_name\" content=\"Forum Rozwoju Miast\" \/>\n<meta property=\"article:modified_time\" content=\"2017-10-13T08:44:58+00:00\" \/>\n<meta property=\"og:image\" content=\"https:\/\/forumrozwojumiast.poznan.pl\/2017\/wp-content\/uploads\/2017\/10\/j-fazlagic-300x300.jpg\" \/>\n<meta name=\"twitter:card\" content=\"summary_large_image\" \/>\n<meta name=\"twitter:label1\" content=\"Szacowany czas czytania\" \/>\n\t<meta name=\"twitter:data1\" content=\"1 minuta\" \/>\n<script type=\"application\/ld+json\" class=\"yoast-schema-graph\">{\"@context\":\"https:\\\/\\\/schema.org\",\"@graph\":[{\"@type\":\"WebPage\",\"@id\":\"https:\\\/\\\/forumrozwojumiast.poznan.pl\\\/2017\\\/memoteza\\\/\",\"url\":\"https:\\\/\\\/forumrozwojumiast.poznan.pl\\\/2017\\\/memoteza\\\/\",\"name\":\"Memoteza - Forum Rozwoju Miast\",\"isPartOf\":{\"@id\":\"https:\\\/\\\/forumrozwojumiast.poznan.pl\\\/2017\\\/#website\"},\"primaryImageOfPage\":{\"@id\":\"https:\\\/\\\/forumrozwojumiast.poznan.pl\\\/2017\\\/memoteza\\\/#primaryimage\"},\"image\":{\"@id\":\"https:\\\/\\\/forumrozwojumiast.poznan.pl\\\/2017\\\/memoteza\\\/#primaryimage\"},\"thumbnailUrl\":\"https:\\\/\\\/forumrozwojumiast.poznan.pl\\\/2017\\\/wp-content\\\/uploads\\\/2017\\\/10\\\/j-fazlagic-300x300.jpg\",\"datePublished\":\"2017-10-04T00:06:26+00:00\",\"dateModified\":\"2017-10-13T08:44:58+00:00\",\"breadcrumb\":{\"@id\":\"https:\\\/\\\/forumrozwojumiast.poznan.pl\\\/2017\\\/memoteza\\\/#breadcrumb\"},\"inLanguage\":\"pl-PL\",\"potentialAction\":[{\"@type\":\"ReadAction\",\"target\":[\"https:\\\/\\\/forumrozwojumiast.poznan.pl\\\/2017\\\/memoteza\\\/\"]}]},{\"@type\":\"ImageObject\",\"inLanguage\":\"pl-PL\",\"@id\":\"https:\\\/\\\/forumrozwojumiast.poznan.pl\\\/2017\\\/memoteza\\\/#primaryimage\",\"url\":\"https:\\\/\\\/forumrozwojumiast.poznan.pl\\\/2017\\\/wp-content\\\/uploads\\\/2017\\\/10\\\/j-fazlagic.jpg\",\"contentUrl\":\"https:\\\/\\\/forumrozwojumiast.poznan.pl\\\/2017\\\/wp-content\\\/uploads\\\/2017\\\/10\\\/j-fazlagic.jpg\",\"width\":346,\"height\":346},{\"@type\":\"BreadcrumbList\",\"@id\":\"https:\\\/\\\/forumrozwojumiast.poznan.pl\\\/2017\\\/memoteza\\\/#breadcrumb\",\"itemListElement\":[{\"@type\":\"ListItem\",\"position\":1,\"name\":\"Strona g\u0142\u00f3wna\",\"item\":\"https:\\\/\\\/forumrozwojumiast.poznan.pl\\\/2017\\\/\"},{\"@type\":\"ListItem\",\"position\":2,\"name\":\"Memoteza\"}]},{\"@type\":\"WebSite\",\"@id\":\"https:\\\/\\\/forumrozwojumiast.poznan.pl\\\/2017\\\/#website\",\"url\":\"https:\\\/\\\/forumrozwojumiast.poznan.pl\\\/2017\\\/\",\"name\":\"Forum Rozwoju Miast\",\"description\":\"Obywatelski wymiar strategicznego zarz\u0105dzania miastem\",\"publisher\":{\"@id\":\"https:\\\/\\\/forumrozwojumiast.poznan.pl\\\/2017\\\/#organization\"},\"potentialAction\":[{\"@type\":\"SearchAction\",\"target\":{\"@type\":\"EntryPoint\",\"urlTemplate\":\"https:\\\/\\\/forumrozwojumiast.poznan.pl\\\/2017\\\/?s={search_term_string}\"},\"query-input\":{\"@type\":\"PropertyValueSpecification\",\"valueRequired\":true,\"valueName\":\"search_term_string\"}}],\"inLanguage\":\"pl-PL\"},{\"@type\":\"Organization\",\"@id\":\"https:\\\/\\\/forumrozwojumiast.poznan.pl\\\/2017\\\/#organization\",\"name\":\"Forum Rozwoju Miast\",\"url\":\"https:\\\/\\\/forumrozwojumiast.poznan.pl\\\/2017\\\/\",\"logo\":{\"@type\":\"ImageObject\",\"inLanguage\":\"pl-PL\",\"@id\":\"https:\\\/\\\/forumrozwojumiast.poznan.pl\\\/2017\\\/#\\\/schema\\\/logo\\\/image\\\/\",\"url\":\"https:\\\/\\\/forumrozwojumiast.poznan.pl\\\/2017\\\/wp-content\\\/uploads\\\/2017\\\/09\\\/cropped-FORUM-ROZWOJU-MIAST-3.png\",\"contentUrl\":\"https:\\\/\\\/forumrozwojumiast.poznan.pl\\\/2017\\\/wp-content\\\/uploads\\\/2017\\\/09\\\/cropped-FORUM-ROZWOJU-MIAST-3.png\",\"width\":627,\"height\":250,\"caption\":\"Forum Rozwoju Miast\"},\"image\":{\"@id\":\"https:\\\/\\\/forumrozwojumiast.poznan.pl\\\/2017\\\/#\\\/schema\\\/logo\\\/image\\\/\"}}]}<\/script>\n<!-- \/ Yoast SEO plugin. -->","yoast_head_json":{"title":"Memoteza - Forum Rozwoju Miast","robots":{"index":"index","follow":"follow","max-snippet":"max-snippet:-1","max-image-preview":"max-image-preview:large","max-video-preview":"max-video-preview:-1"},"canonical":"https:\/\/forumrozwojumiast.poznan.pl\/2017\/memoteza\/","og_locale":"pl_PL","og_type":"article","og_title":"Memoteza - Forum Rozwoju Miast","og_description":"Dokument prezentuje g\u0142\u00f3wne za\u0142o\u017cenia koncepcyjne Forum Rozwoju Miast. Pobierz dokument: memoteza dr hab. Jan Fazlagi\u0107 profesor nadzwyczajny Uniwersytetu Ekonomicznego w Poznaniu. Jeden z autor\u00f3w Strategii Poznania 2020+. Cz\u0142onek Think-Tanku funkcjonuj\u0105cego przy Urz\u0119dzie Miasta Poznania. Autor wielu raport\u00f3w i ekspertyz z zakresu edukacji, zarz\u0105dzania wiedz\u0105, innowacyjno\u015bci oraz zarz\u0105dzania kapita\u0142em intelektualnym, m.in. raportu o innowacyjno\u015bci polskiej gospodarki &hellip; Continue reading \"Memoteza\"","og_url":"https:\/\/forumrozwojumiast.poznan.pl\/2017\/memoteza\/","og_site_name":"Forum Rozwoju Miast","article_modified_time":"2017-10-13T08:44:58+00:00","og_image":[{"url":"https:\/\/forumrozwojumiast.poznan.pl\/2017\/wp-content\/uploads\/2017\/10\/j-fazlagic-300x300.jpg","type":"","width":"","height":""}],"twitter_card":"summary_large_image","twitter_misc":{"Szacowany czas czytania":"1 minuta"},"schema":{"@context":"https:\/\/schema.org","@graph":[{"@type":"WebPage","@id":"https:\/\/forumrozwojumiast.poznan.pl\/2017\/memoteza\/","url":"https:\/\/forumrozwojumiast.poznan.pl\/2017\/memoteza\/","name":"Memoteza - Forum Rozwoju Miast","isPartOf":{"@id":"https:\/\/forumrozwojumiast.poznan.pl\/2017\/#website"},"primaryImageOfPage":{"@id":"https:\/\/forumrozwojumiast.poznan.pl\/2017\/memoteza\/#primaryimage"},"image":{"@id":"https:\/\/forumrozwojumiast.poznan.pl\/2017\/memoteza\/#primaryimage"},"thumbnailUrl":"https:\/\/forumrozwojumiast.poznan.pl\/2017\/wp-content\/uploads\/2017\/10\/j-fazlagic-300x300.jpg","datePublished":"2017-10-04T00:06:26+00:00","dateModified":"2017-10-13T08:44:58+00:00","breadcrumb":{"@id":"https:\/\/forumrozwojumiast.poznan.pl\/2017\/memoteza\/#breadcrumb"},"inLanguage":"pl-PL","potentialAction":[{"@type":"ReadAction","target":["https:\/\/forumrozwojumiast.poznan.pl\/2017\/memoteza\/"]}]},{"@type":"ImageObject","inLanguage":"pl-PL","@id":"https:\/\/forumrozwojumiast.poznan.pl\/2017\/memoteza\/#primaryimage","url":"https:\/\/forumrozwojumiast.poznan.pl\/2017\/wp-content\/uploads\/2017\/10\/j-fazlagic.jpg","contentUrl":"https:\/\/forumrozwojumiast.poznan.pl\/2017\/wp-content\/uploads\/2017\/10\/j-fazlagic.jpg","width":346,"height":346},{"@type":"BreadcrumbList","@id":"https:\/\/forumrozwojumiast.poznan.pl\/2017\/memoteza\/#breadcrumb","itemListElement":[{"@type":"ListItem","position":1,"name":"Strona g\u0142\u00f3wna","item":"https:\/\/forumrozwojumiast.poznan.pl\/2017\/"},{"@type":"ListItem","position":2,"name":"Memoteza"}]},{"@type":"WebSite","@id":"https:\/\/forumrozwojumiast.poznan.pl\/2017\/#website","url":"https:\/\/forumrozwojumiast.poznan.pl\/2017\/","name":"Forum Rozwoju Miast","description":"Obywatelski wymiar strategicznego zarz\u0105dzania miastem","publisher":{"@id":"https:\/\/forumrozwojumiast.poznan.pl\/2017\/#organization"},"potentialAction":[{"@type":"SearchAction","target":{"@type":"EntryPoint","urlTemplate":"https:\/\/forumrozwojumiast.poznan.pl\/2017\/?s={search_term_string}"},"query-input":{"@type":"PropertyValueSpecification","valueRequired":true,"valueName":"search_term_string"}}],"inLanguage":"pl-PL"},{"@type":"Organization","@id":"https:\/\/forumrozwojumiast.poznan.pl\/2017\/#organization","name":"Forum Rozwoju Miast","url":"https:\/\/forumrozwojumiast.poznan.pl\/2017\/","logo":{"@type":"ImageObject","inLanguage":"pl-PL","@id":"https:\/\/forumrozwojumiast.poznan.pl\/2017\/#\/schema\/logo\/image\/","url":"https:\/\/forumrozwojumiast.poznan.pl\/2017\/wp-content\/uploads\/2017\/09\/cropped-FORUM-ROZWOJU-MIAST-3.png","contentUrl":"https:\/\/forumrozwojumiast.poznan.pl\/2017\/wp-content\/uploads\/2017\/09\/cropped-FORUM-ROZWOJU-MIAST-3.png","width":627,"height":250,"caption":"Forum Rozwoju Miast"},"image":{"@id":"https:\/\/forumrozwojumiast.poznan.pl\/2017\/#\/schema\/logo\/image\/"}}]}},"_links":{"self":[{"href":"https:\/\/forumrozwojumiast.poznan.pl\/2017\/wp-json\/wp\/v2\/pages\/723","targetHints":{"allow":["GET"]}}],"collection":[{"href":"https:\/\/forumrozwojumiast.poznan.pl\/2017\/wp-json\/wp\/v2\/pages"}],"about":[{"href":"https:\/\/forumrozwojumiast.poznan.pl\/2017\/wp-json\/wp\/v2\/types\/page"}],"author":[{"embeddable":true,"href":"https:\/\/forumrozwojumiast.poznan.pl\/2017\/wp-json\/wp\/v2\/users\/1"}],"replies":[{"embeddable":true,"href":"https:\/\/forumrozwojumiast.poznan.pl\/2017\/wp-json\/wp\/v2\/comments?post=723"}],"version-history":[{"count":11,"href":"https:\/\/forumrozwojumiast.poznan.pl\/2017\/wp-json\/wp\/v2\/pages\/723\/revisions"}],"predecessor-version":[{"id":1189,"href":"https:\/\/forumrozwojumiast.poznan.pl\/2017\/wp-json\/wp\/v2\/pages\/723\/revisions\/1189"}],"wp:attachment":[{"href":"https:\/\/forumrozwojumiast.poznan.pl\/2017\/wp-json\/wp\/v2\/media?parent=723"}],"curies":[{"name":"wp","href":"https:\/\/api.w.org\/{rel}","templated":true}]}}