{"id":727,"date":"2017-10-04T02:11:31","date_gmt":"2017-10-04T00:11:31","guid":{"rendered":"https:\/\/forumrozwojumiast.poznan.pl\/2017\/?page_id=727"},"modified":"2017-10-04T03:28:30","modified_gmt":"2017-10-04T01:28:30","slug":"marta-zakowska","status":"publish","type":"page","link":"https:\/\/forumrozwojumiast.poznan.pl\/2017\/prelegenci\/marta-zakowska\/","title":{"rendered":"Marta \u017bakowska"},"content":{"rendered":"<p>Animatorka kultury i badaczka miejska. Wsp\u00f3\u0142za\u0142o\u017cycielka i redaktorka naczelna Magazynu Miasta. Specjalistka w obszarze rozwoju zr\u00f3wnowa\u017conych przestrzeni publicznych. Pomys\u0142odawczyni programu badawczego po\u015bwi\u0119conego miejskim politykom senioralnym \u201eStarsze Miasta\u201d. Stypendystka Ministra Kultury i Dziedzictwa Narodowego 2014. Cz\u0142onkini Instytutu Bada\u0144 Przestrzeni Publicznej. Autorka licznych tekst\u00f3w po\u015bwi\u0119conych zr\u00f3wnowa\u017conym przestrzeniom miejskim, wykluczeniom i spo\u0142eczno\u015bciom lokalnym publikowanych m.in. w Kulturze Popularnej, Architekturze, Architektura&amp;biznes, Magazynie Miasta, Przekroju, dwutygodniku i Gazecie Wyborczej. Prowadzi autorskie miejskie seminaria na studiach Miasta i Metropolie IBPP i w School of Ideas SWPS.<\/p>\n","protected":false},"excerpt":{"rendered":"<p>Animatorka kultury i badaczka miejska. Wsp\u00f3\u0142za\u0142o\u017cycielka i redaktorka naczelna Magazynu Miasta. Specjalistka w obszarze rozwoju zr\u00f3wnowa\u017conych przestrzeni publicznych. Pomys\u0142odawczyni programu badawczego po\u015bwi\u0119conego miejskim politykom senioralnym \u201eStarsze Miasta\u201d. Stypendystka Ministra Kultury i Dziedzictwa Narodowego 2014. Cz\u0142onkini Instytutu Bada\u0144 Przestrzeni Publicznej. Autorka licznych tekst\u00f3w po\u015bwi\u0119conych zr\u00f3wnowa\u017conym przestrzeniom miejskim, wykluczeniom i spo\u0142eczno\u015bciom lokalnym publikowanych m.in. w Kulturze Popularnej, &hellip; <\/p>\n<p class=\"link-more\"><a href=\"https:\/\/forumrozwojumiast.poznan.pl\/2017\/prelegenci\/marta-zakowska\/\" class=\"more-link\">Continue reading<span class=\"screen-reader-text\"> &#8222;Marta \u017bakowska&#8221;<\/span><\/a><\/p>\n","protected":false},"author":1,"featured_media":0,"parent":41,"menu_order":142,"comment_status":"closed","ping_status":"closed","template":"","meta":{"_acf_changed":false,"inline_featured_image":false,"ngg_post_thumbnail":0,"footnotes":""},"class_list":["post-727","page","type-page","status-publish","hentry"],"acf":[],"yoast_head":"<!-- This site is optimized with the Yoast SEO plugin v27.5 - https:\/\/yoast.com\/product\/yoast-seo-wordpress\/ -->\n<title>Marta \u017bakowska - Forum Rozwoju Miast<\/title>\n<meta name=\"robots\" content=\"index, follow, max-snippet:-1, max-image-preview:large, max-video-preview:-1\" \/>\n<link rel=\"canonical\" href=\"https:\/\/forumrozwojumiast.poznan.pl\/2017\/prelegenci\/marta-zakowska\/\" \/>\n<meta property=\"og:locale\" content=\"pl_PL\" \/>\n<meta property=\"og:type\" content=\"article\" \/>\n<meta property=\"og:title\" content=\"Marta \u017bakowska - Forum Rozwoju Miast\" \/>\n<meta property=\"og:description\" content=\"Animatorka kultury i badaczka miejska. Wsp\u00f3\u0142za\u0142o\u017cycielka i redaktorka naczelna Magazynu Miasta. Specjalistka w obszarze rozwoju zr\u00f3wnowa\u017conych przestrzeni publicznych. Pomys\u0142odawczyni programu badawczego po\u015bwi\u0119conego miejskim politykom senioralnym \u201eStarsze Miasta\u201d. Stypendystka Ministra Kultury i Dziedzictwa Narodowego 2014. Cz\u0142onkini Instytutu Bada\u0144 Przestrzeni Publicznej. Autorka licznych tekst\u00f3w po\u015bwi\u0119conych zr\u00f3wnowa\u017conym przestrzeniom miejskim, wykluczeniom i spo\u0142eczno\u015bciom lokalnym publikowanych m.in. w Kulturze Popularnej, &hellip; Continue reading &quot;Marta \u017bakowska&quot;\" \/>\n<meta property=\"og:url\" content=\"https:\/\/forumrozwojumiast.poznan.pl\/2017\/prelegenci\/marta-zakowska\/\" \/>\n<meta property=\"og:site_name\" content=\"Forum Rozwoju Miast\" \/>\n<meta property=\"article:modified_time\" content=\"2017-10-04T01:28:30+00:00\" \/>\n<meta name=\"twitter:card\" content=\"summary_large_image\" \/>\n<script type=\"application\/ld+json\" class=\"yoast-schema-graph\">{\"@context\":\"https:\\\/\\\/schema.org\",\"@graph\":[{\"@type\":\"WebPage\",\"@id\":\"https:\\\/\\\/forumrozwojumiast.poznan.pl\\\/2017\\\/prelegenci\\\/marta-zakowska\\\/\",\"url\":\"https:\\\/\\\/forumrozwojumiast.poznan.pl\\\/2017\\\/prelegenci\\\/marta-zakowska\\\/\",\"name\":\"Marta \u017bakowska - Forum Rozwoju Miast\",\"isPartOf\":{\"@id\":\"https:\\\/\\\/forumrozwojumiast.poznan.pl\\\/2017\\\/#website\"},\"datePublished\":\"2017-10-04T00:11:31+00:00\",\"dateModified\":\"2017-10-04T01:28:30+00:00\",\"breadcrumb\":{\"@id\":\"https:\\\/\\\/forumrozwojumiast.poznan.pl\\\/2017\\\/prelegenci\\\/marta-zakowska\\\/#breadcrumb\"},\"inLanguage\":\"pl-PL\",\"potentialAction\":[{\"@type\":\"ReadAction\",\"target\":[\"https:\\\/\\\/forumrozwojumiast.poznan.pl\\\/2017\\\/prelegenci\\\/marta-zakowska\\\/\"]}]},{\"@type\":\"BreadcrumbList\",\"@id\":\"https:\\\/\\\/forumrozwojumiast.poznan.pl\\\/2017\\\/prelegenci\\\/marta-zakowska\\\/#breadcrumb\",\"itemListElement\":[{\"@type\":\"ListItem\",\"position\":1,\"name\":\"Strona g\u0142\u00f3wna\",\"item\":\"https:\\\/\\\/forumrozwojumiast.poznan.pl\\\/2017\\\/\"},{\"@type\":\"ListItem\",\"position\":2,\"name\":\"Prelegentki i prelegenci\",\"item\":\"https:\\\/\\\/forumrozwojumiast.poznan.pl\\\/2017\\\/prelegenci\\\/\"},{\"@type\":\"ListItem\",\"position\":3,\"name\":\"Marta \u017bakowska\"}]},{\"@type\":\"WebSite\",\"@id\":\"https:\\\/\\\/forumrozwojumiast.poznan.pl\\\/2017\\\/#website\",\"url\":\"https:\\\/\\\/forumrozwojumiast.poznan.pl\\\/2017\\\/\",\"name\":\"Forum Rozwoju Miast\",\"description\":\"Obywatelski wymiar strategicznego zarz\u0105dzania miastem\",\"publisher\":{\"@id\":\"https:\\\/\\\/forumrozwojumiast.poznan.pl\\\/2017\\\/#organization\"},\"potentialAction\":[{\"@type\":\"SearchAction\",\"target\":{\"@type\":\"EntryPoint\",\"urlTemplate\":\"https:\\\/\\\/forumrozwojumiast.poznan.pl\\\/2017\\\/?s={search_term_string}\"},\"query-input\":{\"@type\":\"PropertyValueSpecification\",\"valueRequired\":true,\"valueName\":\"search_term_string\"}}],\"inLanguage\":\"pl-PL\"},{\"@type\":\"Organization\",\"@id\":\"https:\\\/\\\/forumrozwojumiast.poznan.pl\\\/2017\\\/#organization\",\"name\":\"Forum Rozwoju Miast\",\"url\":\"https:\\\/\\\/forumrozwojumiast.poznan.pl\\\/2017\\\/\",\"logo\":{\"@type\":\"ImageObject\",\"inLanguage\":\"pl-PL\",\"@id\":\"https:\\\/\\\/forumrozwojumiast.poznan.pl\\\/2017\\\/#\\\/schema\\\/logo\\\/image\\\/\",\"url\":\"https:\\\/\\\/forumrozwojumiast.poznan.pl\\\/2017\\\/wp-content\\\/uploads\\\/2017\\\/09\\\/cropped-FORUM-ROZWOJU-MIAST-3.png\",\"contentUrl\":\"https:\\\/\\\/forumrozwojumiast.poznan.pl\\\/2017\\\/wp-content\\\/uploads\\\/2017\\\/09\\\/cropped-FORUM-ROZWOJU-MIAST-3.png\",\"width\":627,\"height\":250,\"caption\":\"Forum Rozwoju Miast\"},\"image\":{\"@id\":\"https:\\\/\\\/forumrozwojumiast.poznan.pl\\\/2017\\\/#\\\/schema\\\/logo\\\/image\\\/\"}}]}<\/script>\n<!-- \/ Yoast SEO plugin. -->","yoast_head_json":{"title":"Marta \u017bakowska - Forum Rozwoju Miast","robots":{"index":"index","follow":"follow","max-snippet":"max-snippet:-1","max-image-preview":"max-image-preview:large","max-video-preview":"max-video-preview:-1"},"canonical":"https:\/\/forumrozwojumiast.poznan.pl\/2017\/prelegenci\/marta-zakowska\/","og_locale":"pl_PL","og_type":"article","og_title":"Marta \u017bakowska - Forum Rozwoju Miast","og_description":"Animatorka kultury i badaczka miejska. Wsp\u00f3\u0142za\u0142o\u017cycielka i redaktorka naczelna Magazynu Miasta. Specjalistka w obszarze rozwoju zr\u00f3wnowa\u017conych przestrzeni publicznych. Pomys\u0142odawczyni programu badawczego po\u015bwi\u0119conego miejskim politykom senioralnym \u201eStarsze Miasta\u201d. Stypendystka Ministra Kultury i Dziedzictwa Narodowego 2014. Cz\u0142onkini Instytutu Bada\u0144 Przestrzeni Publicznej. Autorka licznych tekst\u00f3w po\u015bwi\u0119conych zr\u00f3wnowa\u017conym przestrzeniom miejskim, wykluczeniom i spo\u0142eczno\u015bciom lokalnym publikowanych m.in. w Kulturze Popularnej, &hellip; Continue reading \"Marta \u017bakowska\"","og_url":"https:\/\/forumrozwojumiast.poznan.pl\/2017\/prelegenci\/marta-zakowska\/","og_site_name":"Forum Rozwoju Miast","article_modified_time":"2017-10-04T01:28:30+00:00","twitter_card":"summary_large_image","schema":{"@context":"https:\/\/schema.org","@graph":[{"@type":"WebPage","@id":"https:\/\/forumrozwojumiast.poznan.pl\/2017\/prelegenci\/marta-zakowska\/","url":"https:\/\/forumrozwojumiast.poznan.pl\/2017\/prelegenci\/marta-zakowska\/","name":"Marta \u017bakowska - Forum Rozwoju Miast","isPartOf":{"@id":"https:\/\/forumrozwojumiast.poznan.pl\/2017\/#website"},"datePublished":"2017-10-04T00:11:31+00:00","dateModified":"2017-10-04T01:28:30+00:00","breadcrumb":{"@id":"https:\/\/forumrozwojumiast.poznan.pl\/2017\/prelegenci\/marta-zakowska\/#breadcrumb"},"inLanguage":"pl-PL","potentialAction":[{"@type":"ReadAction","target":["https:\/\/forumrozwojumiast.poznan.pl\/2017\/prelegenci\/marta-zakowska\/"]}]},{"@type":"BreadcrumbList","@id":"https:\/\/forumrozwojumiast.poznan.pl\/2017\/prelegenci\/marta-zakowska\/#breadcrumb","itemListElement":[{"@type":"ListItem","position":1,"name":"Strona g\u0142\u00f3wna","item":"https:\/\/forumrozwojumiast.poznan.pl\/2017\/"},{"@type":"ListItem","position":2,"name":"Prelegentki i prelegenci","item":"https:\/\/forumrozwojumiast.poznan.pl\/2017\/prelegenci\/"},{"@type":"ListItem","position":3,"name":"Marta \u017bakowska"}]},{"@type":"WebSite","@id":"https:\/\/forumrozwojumiast.poznan.pl\/2017\/#website","url":"https:\/\/forumrozwojumiast.poznan.pl\/2017\/","name":"Forum Rozwoju Miast","description":"Obywatelski wymiar strategicznego zarz\u0105dzania miastem","publisher":{"@id":"https:\/\/forumrozwojumiast.poznan.pl\/2017\/#organization"},"potentialAction":[{"@type":"SearchAction","target":{"@type":"EntryPoint","urlTemplate":"https:\/\/forumrozwojumiast.poznan.pl\/2017\/?s={search_term_string}"},"query-input":{"@type":"PropertyValueSpecification","valueRequired":true,"valueName":"search_term_string"}}],"inLanguage":"pl-PL"},{"@type":"Organization","@id":"https:\/\/forumrozwojumiast.poznan.pl\/2017\/#organization","name":"Forum Rozwoju Miast","url":"https:\/\/forumrozwojumiast.poznan.pl\/2017\/","logo":{"@type":"ImageObject","inLanguage":"pl-PL","@id":"https:\/\/forumrozwojumiast.poznan.pl\/2017\/#\/schema\/logo\/image\/","url":"https:\/\/forumrozwojumiast.poznan.pl\/2017\/wp-content\/uploads\/2017\/09\/cropped-FORUM-ROZWOJU-MIAST-3.png","contentUrl":"https:\/\/forumrozwojumiast.poznan.pl\/2017\/wp-content\/uploads\/2017\/09\/cropped-FORUM-ROZWOJU-MIAST-3.png","width":627,"height":250,"caption":"Forum Rozwoju Miast"},"image":{"@id":"https:\/\/forumrozwojumiast.poznan.pl\/2017\/#\/schema\/logo\/image\/"}}]}},"_links":{"self":[{"href":"https:\/\/forumrozwojumiast.poznan.pl\/2017\/wp-json\/wp\/v2\/pages\/727","targetHints":{"allow":["GET"]}}],"collection":[{"href":"https:\/\/forumrozwojumiast.poznan.pl\/2017\/wp-json\/wp\/v2\/pages"}],"about":[{"href":"https:\/\/forumrozwojumiast.poznan.pl\/2017\/wp-json\/wp\/v2\/types\/page"}],"author":[{"embeddable":true,"href":"https:\/\/forumrozwojumiast.poznan.pl\/2017\/wp-json\/wp\/v2\/users\/1"}],"replies":[{"embeddable":true,"href":"https:\/\/forumrozwojumiast.poznan.pl\/2017\/wp-json\/wp\/v2\/comments?post=727"}],"version-history":[{"count":2,"href":"https:\/\/forumrozwojumiast.poznan.pl\/2017\/wp-json\/wp\/v2\/pages\/727\/revisions"}],"predecessor-version":[{"id":824,"href":"https:\/\/forumrozwojumiast.poznan.pl\/2017\/wp-json\/wp\/v2\/pages\/727\/revisions\/824"}],"up":[{"embeddable":true,"href":"https:\/\/forumrozwojumiast.poznan.pl\/2017\/wp-json\/wp\/v2\/pages\/41"}],"wp:attachment":[{"href":"https:\/\/forumrozwojumiast.poznan.pl\/2017\/wp-json\/wp\/v2\/media?parent=727"}],"curies":[{"name":"wp","href":"https:\/\/api.w.org\/{rel}","templated":true}]}}