{"id":87,"date":"2017-08-02T15:08:37","date_gmt":"2017-08-02T13:08:37","guid":{"rendered":"https:\/\/forumrozwojumiast.poznan.pl\/2017\/?page_id=87"},"modified":"2017-10-11T11:37:31","modified_gmt":"2017-10-11T09:37:31","slug":"pl-gen-y-city","status":"publish","type":"page","link":"https:\/\/forumrozwojumiast.poznan.pl\/2017\/pl-gen-y-city\/","title":{"rendered":"Gen-Y City"},"content":{"rendered":"<p><strong>Projekt Gen-y City w ramach programu unijnego URBACT III<\/strong><\/p>\n<p>Kraje europejskie, jak i poszczeg\u00f3lne regiony poszukuj\u0105 nowych metod zwi\u0119kszenia swojej konkurencyjno\u015bci i innowacyjno\u015bci w ramach koncepcji inteligentnej specjalizacji oraz sposob\u00f3w na wsparcie nowych modeli biznesowych. W Poznaniu koncentruje si\u0119 dzia\u0142alno\u015b\u0107 w sektorach innowacyjnym i kreatywnym, co oznacza, i\u017c wiele przedsi\u0119biorstw skupia swoj\u0105 dzia\u0142alno\u015b\u0107 o wysokiej warto\u015bci dodanej. Coraz wi\u0119ksz\u0105 popularno\u015bci\u0105 w\u015br\u00f3d m\u0142odych ludzi ciesz\u0105 si\u0119 start-up\u2019y. Maj\u0105c to na wzgl\u0119dzie i bior\u0105c pod uwag\u0119 trendy migracyjne w Poznaniu poszukuje si\u0119 sposob\u00f3w na stworzenie optymalnych warunk\u00f3w dla rozwoju \u017cycia osobistego i zawodowego tych m\u0142odych os\u00f3b. By to osi\u0105gn\u0105\u0107, konieczne jest w\u00a0pierwszej kolejno\u015bci zdiagnozowanie potrzeb pokolenia Y, wypracowanie nowych kana\u0142\u00f3w skutecznego komunikowania si\u0119 z nim i wypracowanie narz\u0119dzi, kt\u00f3rych wdro\u017cenie w\u00a0polityce Miasta uczyni je atrakcyjnym miejscem do \u017cycia i pracy zawodowej. Jednym ze sposob\u00f3w rozwi\u0105zywania tych problem\u00f3w jest realizacja, wsp\u00f3lnie z partnerami zagranicznymi, identyfikuj\u0105cymi podobne problemy w swoich miastach, mi\u0119dzynarodowego projektu \u201eGen-Y City \u2013 Get into the swing of the City!\u201d w ramach programu unijnego URBACT III, kt\u00f3rego Miasto Pozna\u0144 zosta\u0142o liderem.<\/p>\n<p>Projekt realizowany jest w partnerstwie z 11 innymi miastami, kt\u00f3rymi s\u0105: Granada (Hiszpania), Wolverhampton (Wielka Brytania), K\u0142ajpeda (Litwa), Dyneburg (\u0141otwa), Genua (W\u0142ochy), Kristiansand (Norwegia), Bolonia (W\u0142ochy), Coimbra (Portugalia), Nantes (Francja), Agencja Rozwoju Gospodarczego Sabadell (Hiszpania) i Toru\u0144 (Polska).<\/p>\n<p>Ekspertem projektu Gen-Y City zosta\u0142 Jamie Sims z Wielkiej Brytanii. Jest on wysoko wykwalifikowanym menad\u017cerem specjalizuj\u0105cym si\u0119 w strategiach biznesowych, rozwoju us\u0142ug oraz zarz\u0105dzaniu projektami zar\u00f3wno w sektorze publicznym, jak i prywatnym.<\/p>\n<p>Realizacji za\u0142o\u017ce\u0144 projektu s\u0142u\u017cy stworzenie, w ka\u017cdym z uczestnicz\u0105cych miast, mi\u0119dzysektorowych sieci. \u0141\u0105cz\u0105c m\u0142odych przedsi\u0119biorc\u00f3w, sektor publiczny i organizacje spo\u0142eczne maj\u0105 s\u0142u\u017cy\u0107 opracowaniu i wdra\u017caniu polityki wspierania bran\u017cy innowacyjnej i kreatywnej. Dodatkowo w miastach tworzone s\u0105 Lokalne Grupy URBACT, w sk\u0142ad kt\u00f3rych wchodz\u0105 przedstawiciele w\u0142adz samorz\u0105dowych, \u015brodowisk naukowych, kr\u0119g\u00f3w biznesowych oraz przedstawiciele pokolenia Y. Lokalne Grupy URBACT zajmuj\u0105 si\u0119 opracowaniem katalogu propozycji rozwi\u0105za\u0144 lokalnych problem\u00f3w, tak zwanego Lokalnego Planu Dzia\u0142ania. B\u0119d\u0105 si\u0119 w nim znajdowa\u0107 konkretne rozwi\u0105zania problem\u00f3w, z kt\u00f3rymi borykaj\u0105 si\u0119 m\u0142odzi, kreatywni ludzie z pokolenia Y. Dzi\u0119ki temu w\u0142adze Poznania b\u0119d\u0105 wiedzia\u0142y, jakie dzia\u0142ania podj\u0105\u0107, aby odpowiada\u0107 na potrzeby tych os\u00f3b i tym samym wspiera\u0107 r\u00f3\u017cne nowoczesne przedsi\u0119wzi\u0119cia.<\/p>\n<div class=\"entry-content entry-content-logo\" id=\"partnerzy\">\n<div class=\"logo\">\n<a href=\"http:\/\/ec.europa.eu\/regional_policy\/en\/funding\/erdf\/\"><img decoding=\"async\" class=\"style-svg-logo-eu\" alt=\"alt-text\" src=\"https:\/\/forumrozwojumiast.poznan.pl\/2017\/wp-content\/themes\/frm\/assets\/svg\/logo_eu.svg\" \/><\/a><a href=\"http:\/\/urbact.eu\/\"><img decoding=\"async\" class=\"style-svg-logo-urbact\" alt=\"alt-text\" src=\"https:\/\/forumrozwojumiast.poznan.pl\/2017\/wp-content\/themes\/frm\/assets\/svg\/logo_urbact.svg\" \/><\/a><img loading=\"lazy\" decoding=\"async\" class=\"alignnone size-medium wp-image-559 aligncenter\" src=\"https:\/\/forumrozwojumiast.poznan.pl\/2017\/wp-content\/uploads\/2017\/08\/GYC_logo_podst_haslo_poziom-1-300x80.jpg\" alt=\"\" width=\"300\" height=\"80\" srcset=\"https:\/\/forumrozwojumiast.poznan.pl\/2017\/wp-content\/uploads\/2017\/08\/GYC_logo_podst_haslo_poziom-1-300x80.jpg 300w, https:\/\/forumrozwojumiast.poznan.pl\/2017\/wp-content\/uploads\/2017\/08\/GYC_logo_podst_haslo_poziom-1-768x205.jpg 768w, https:\/\/forumrozwojumiast.poznan.pl\/2017\/wp-content\/uploads\/2017\/08\/GYC_logo_podst_haslo_poziom-1-1024x273.jpg 1024w, https:\/\/forumrozwojumiast.poznan.pl\/2017\/wp-content\/uploads\/2017\/08\/GYC_logo_podst_haslo_poziom-1.jpg 1873w\" sizes=\"auto, (max-width: 300px) 100vw, 300px\" \/><a href=\"http:\/\/www.poznan.pl\"><img decoding=\"async\" class=\"style-svg-logo-poznan\" alt=\"alt-text\" src=\"https:\/\/forumrozwojumiast.poznan.pl\/2017\/wp-content\/themes\/frm\/assets\/svg\/logo_poznan.svg\" \/><\/a>\n<\/div>\n<\/div>\n<hr \/>\n<p>Forum jest cz\u0119\u015bci\u0105 projektu pn. \u201eGen-Y City \u2013 Get into the swing of the City!\u201d dofinansowanego w ramach Programu URBACT III<\/p>\n","protected":false},"excerpt":{"rendered":"<p>Projekt Gen-y City w ramach programu unijnego URBACT III Kraje europejskie, jak i poszczeg\u00f3lne regiony poszukuj\u0105 nowych metod zwi\u0119kszenia swojej konkurencyjno\u015bci i innowacyjno\u015bci w ramach koncepcji inteligentnej specjalizacji oraz sposob\u00f3w na wsparcie nowych modeli biznesowych. W Poznaniu koncentruje si\u0119 dzia\u0142alno\u015b\u0107 w sektorach innowacyjnym i kreatywnym, co oznacza, i\u017c wiele przedsi\u0119biorstw skupia swoj\u0105 dzia\u0142alno\u015b\u0107 o wysokiej &hellip; <\/p>\n<p class=\"link-more\"><a href=\"https:\/\/forumrozwojumiast.poznan.pl\/2017\/pl-gen-y-city\/\" class=\"more-link\">Continue reading<span class=\"screen-reader-text\"> &#8222;Gen-Y City&#8221;<\/span><\/a><\/p>\n","protected":false},"author":1,"featured_media":0,"parent":0,"menu_order":78,"comment_status":"closed","ping_status":"closed","template":"","meta":{"_acf_changed":false,"inline_featured_image":false,"ngg_post_thumbnail":0,"footnotes":""},"class_list":["post-87","page","type-page","status-publish","hentry"],"acf":[],"yoast_head":"<!-- This site is optimized with the Yoast SEO plugin v27.4 - https:\/\/yoast.com\/product\/yoast-seo-wordpress\/ -->\n<title>Gen-Y City - Forum Rozwoju Miast<\/title>\n<meta name=\"robots\" content=\"index, follow, max-snippet:-1, max-image-preview:large, max-video-preview:-1\" \/>\n<link rel=\"canonical\" href=\"https:\/\/forumrozwojumiast.poznan.pl\/2017\/pl-gen-y-city\/\" \/>\n<meta property=\"og:locale\" content=\"pl_PL\" \/>\n<meta property=\"og:type\" content=\"article\" \/>\n<meta property=\"og:title\" content=\"Gen-Y City - Forum Rozwoju Miast\" \/>\n<meta property=\"og:description\" content=\"Projekt Gen-y City w ramach programu unijnego URBACT III Kraje europejskie, jak i poszczeg\u00f3lne regiony poszukuj\u0105 nowych metod zwi\u0119kszenia swojej konkurencyjno\u015bci i innowacyjno\u015bci w ramach koncepcji inteligentnej specjalizacji oraz sposob\u00f3w na wsparcie nowych modeli biznesowych. W Poznaniu koncentruje si\u0119 dzia\u0142alno\u015b\u0107 w sektorach innowacyjnym i kreatywnym, co oznacza, i\u017c wiele przedsi\u0119biorstw skupia swoj\u0105 dzia\u0142alno\u015b\u0107 o wysokiej &hellip; Continue reading &quot;Gen-Y City&quot;\" \/>\n<meta property=\"og:url\" content=\"https:\/\/forumrozwojumiast.poznan.pl\/2017\/pl-gen-y-city\/\" \/>\n<meta property=\"og:site_name\" content=\"Forum Rozwoju Miast\" \/>\n<meta property=\"article:modified_time\" content=\"2017-10-11T09:37:31+00:00\" \/>\n<meta property=\"og:image\" content=\"https:\/\/forumrozwojumiast.poznan.pl\/2017\/wp-content\/themes\/frm\/assets\/svg\/logo_eu.svg\" \/>\n<meta name=\"twitter:card\" content=\"summary_large_image\" \/>\n<meta name=\"twitter:label1\" content=\"Szacowany czas czytania\" \/>\n\t<meta name=\"twitter:data1\" content=\"2 minuty\" \/>\n<script type=\"application\/ld+json\" class=\"yoast-schema-graph\">{\"@context\":\"https:\\\/\\\/schema.org\",\"@graph\":[{\"@type\":\"WebPage\",\"@id\":\"https:\\\/\\\/forumrozwojumiast.poznan.pl\\\/2017\\\/pl-gen-y-city\\\/\",\"url\":\"https:\\\/\\\/forumrozwojumiast.poznan.pl\\\/2017\\\/pl-gen-y-city\\\/\",\"name\":\"Gen-Y City - Forum Rozwoju Miast\",\"isPartOf\":{\"@id\":\"https:\\\/\\\/forumrozwojumiast.poznan.pl\\\/2017\\\/#website\"},\"primaryImageOfPage\":{\"@id\":\"https:\\\/\\\/forumrozwojumiast.poznan.pl\\\/2017\\\/pl-gen-y-city\\\/#primaryimage\"},\"image\":{\"@id\":\"https:\\\/\\\/forumrozwojumiast.poznan.pl\\\/2017\\\/pl-gen-y-city\\\/#primaryimage\"},\"thumbnailUrl\":\"https:\\\/\\\/forumrozwojumiast.poznan.pl\\\/2017\\\/wp-content\\\/themes\\\/frm\\\/assets\\\/svg\\\/logo_eu.svg\",\"datePublished\":\"2017-08-02T13:08:37+00:00\",\"dateModified\":\"2017-10-11T09:37:31+00:00\",\"breadcrumb\":{\"@id\":\"https:\\\/\\\/forumrozwojumiast.poznan.pl\\\/2017\\\/pl-gen-y-city\\\/#breadcrumb\"},\"inLanguage\":\"pl-PL\",\"potentialAction\":[{\"@type\":\"ReadAction\",\"target\":[\"https:\\\/\\\/forumrozwojumiast.poznan.pl\\\/2017\\\/pl-gen-y-city\\\/\"]}]},{\"@type\":\"ImageObject\",\"inLanguage\":\"pl-PL\",\"@id\":\"https:\\\/\\\/forumrozwojumiast.poznan.pl\\\/2017\\\/pl-gen-y-city\\\/#primaryimage\",\"url\":\"https:\\\/\\\/forumrozwojumiast.poznan.pl\\\/2017\\\/wp-content\\\/themes\\\/frm\\\/assets\\\/svg\\\/logo_eu.svg\",\"contentUrl\":\"https:\\\/\\\/forumrozwojumiast.poznan.pl\\\/2017\\\/wp-content\\\/themes\\\/frm\\\/assets\\\/svg\\\/logo_eu.svg\"},{\"@type\":\"BreadcrumbList\",\"@id\":\"https:\\\/\\\/forumrozwojumiast.poznan.pl\\\/2017\\\/pl-gen-y-city\\\/#breadcrumb\",\"itemListElement\":[{\"@type\":\"ListItem\",\"position\":1,\"name\":\"Strona g\u0142\u00f3wna\",\"item\":\"https:\\\/\\\/forumrozwojumiast.poznan.pl\\\/2017\\\/\"},{\"@type\":\"ListItem\",\"position\":2,\"name\":\"Gen-Y City\"}]},{\"@type\":\"WebSite\",\"@id\":\"https:\\\/\\\/forumrozwojumiast.poznan.pl\\\/2017\\\/#website\",\"url\":\"https:\\\/\\\/forumrozwojumiast.poznan.pl\\\/2017\\\/\",\"name\":\"Forum Rozwoju Miast\",\"description\":\"Obywatelski wymiar strategicznego zarz\u0105dzania miastem\",\"publisher\":{\"@id\":\"https:\\\/\\\/forumrozwojumiast.poznan.pl\\\/2017\\\/#organization\"},\"potentialAction\":[{\"@type\":\"SearchAction\",\"target\":{\"@type\":\"EntryPoint\",\"urlTemplate\":\"https:\\\/\\\/forumrozwojumiast.poznan.pl\\\/2017\\\/?s={search_term_string}\"},\"query-input\":{\"@type\":\"PropertyValueSpecification\",\"valueRequired\":true,\"valueName\":\"search_term_string\"}}],\"inLanguage\":\"pl-PL\"},{\"@type\":\"Organization\",\"@id\":\"https:\\\/\\\/forumrozwojumiast.poznan.pl\\\/2017\\\/#organization\",\"name\":\"Forum Rozwoju Miast\",\"url\":\"https:\\\/\\\/forumrozwojumiast.poznan.pl\\\/2017\\\/\",\"logo\":{\"@type\":\"ImageObject\",\"inLanguage\":\"pl-PL\",\"@id\":\"https:\\\/\\\/forumrozwojumiast.poznan.pl\\\/2017\\\/#\\\/schema\\\/logo\\\/image\\\/\",\"url\":\"https:\\\/\\\/forumrozwojumiast.poznan.pl\\\/2017\\\/wp-content\\\/uploads\\\/2017\\\/09\\\/cropped-FORUM-ROZWOJU-MIAST-3.png\",\"contentUrl\":\"https:\\\/\\\/forumrozwojumiast.poznan.pl\\\/2017\\\/wp-content\\\/uploads\\\/2017\\\/09\\\/cropped-FORUM-ROZWOJU-MIAST-3.png\",\"width\":627,\"height\":250,\"caption\":\"Forum Rozwoju Miast\"},\"image\":{\"@id\":\"https:\\\/\\\/forumrozwojumiast.poznan.pl\\\/2017\\\/#\\\/schema\\\/logo\\\/image\\\/\"}}]}<\/script>\n<!-- \/ Yoast SEO plugin. -->","yoast_head_json":{"title":"Gen-Y City - Forum Rozwoju Miast","robots":{"index":"index","follow":"follow","max-snippet":"max-snippet:-1","max-image-preview":"max-image-preview:large","max-video-preview":"max-video-preview:-1"},"canonical":"https:\/\/forumrozwojumiast.poznan.pl\/2017\/pl-gen-y-city\/","og_locale":"pl_PL","og_type":"article","og_title":"Gen-Y City - Forum Rozwoju Miast","og_description":"Projekt Gen-y City w ramach programu unijnego URBACT III Kraje europejskie, jak i poszczeg\u00f3lne regiony poszukuj\u0105 nowych metod zwi\u0119kszenia swojej konkurencyjno\u015bci i innowacyjno\u015bci w ramach koncepcji inteligentnej specjalizacji oraz sposob\u00f3w na wsparcie nowych modeli biznesowych. W Poznaniu koncentruje si\u0119 dzia\u0142alno\u015b\u0107 w sektorach innowacyjnym i kreatywnym, co oznacza, i\u017c wiele przedsi\u0119biorstw skupia swoj\u0105 dzia\u0142alno\u015b\u0107 o wysokiej &hellip; Continue reading \"Gen-Y City\"","og_url":"https:\/\/forumrozwojumiast.poznan.pl\/2017\/pl-gen-y-city\/","og_site_name":"Forum Rozwoju Miast","article_modified_time":"2017-10-11T09:37:31+00:00","og_image":[{"url":"https:\/\/forumrozwojumiast.poznan.pl\/2017\/wp-content\/themes\/frm\/assets\/svg\/logo_eu.svg","type":"","width":"","height":""}],"twitter_card":"summary_large_image","twitter_misc":{"Szacowany czas czytania":"2 minuty"},"schema":{"@context":"https:\/\/schema.org","@graph":[{"@type":"WebPage","@id":"https:\/\/forumrozwojumiast.poznan.pl\/2017\/pl-gen-y-city\/","url":"https:\/\/forumrozwojumiast.poznan.pl\/2017\/pl-gen-y-city\/","name":"Gen-Y City - Forum Rozwoju Miast","isPartOf":{"@id":"https:\/\/forumrozwojumiast.poznan.pl\/2017\/#website"},"primaryImageOfPage":{"@id":"https:\/\/forumrozwojumiast.poznan.pl\/2017\/pl-gen-y-city\/#primaryimage"},"image":{"@id":"https:\/\/forumrozwojumiast.poznan.pl\/2017\/pl-gen-y-city\/#primaryimage"},"thumbnailUrl":"https:\/\/forumrozwojumiast.poznan.pl\/2017\/wp-content\/themes\/frm\/assets\/svg\/logo_eu.svg","datePublished":"2017-08-02T13:08:37+00:00","dateModified":"2017-10-11T09:37:31+00:00","breadcrumb":{"@id":"https:\/\/forumrozwojumiast.poznan.pl\/2017\/pl-gen-y-city\/#breadcrumb"},"inLanguage":"pl-PL","potentialAction":[{"@type":"ReadAction","target":["https:\/\/forumrozwojumiast.poznan.pl\/2017\/pl-gen-y-city\/"]}]},{"@type":"ImageObject","inLanguage":"pl-PL","@id":"https:\/\/forumrozwojumiast.poznan.pl\/2017\/pl-gen-y-city\/#primaryimage","url":"https:\/\/forumrozwojumiast.poznan.pl\/2017\/wp-content\/themes\/frm\/assets\/svg\/logo_eu.svg","contentUrl":"https:\/\/forumrozwojumiast.poznan.pl\/2017\/wp-content\/themes\/frm\/assets\/svg\/logo_eu.svg"},{"@type":"BreadcrumbList","@id":"https:\/\/forumrozwojumiast.poznan.pl\/2017\/pl-gen-y-city\/#breadcrumb","itemListElement":[{"@type":"ListItem","position":1,"name":"Strona g\u0142\u00f3wna","item":"https:\/\/forumrozwojumiast.poznan.pl\/2017\/"},{"@type":"ListItem","position":2,"name":"Gen-Y City"}]},{"@type":"WebSite","@id":"https:\/\/forumrozwojumiast.poznan.pl\/2017\/#website","url":"https:\/\/forumrozwojumiast.poznan.pl\/2017\/","name":"Forum Rozwoju Miast","description":"Obywatelski wymiar strategicznego zarz\u0105dzania miastem","publisher":{"@id":"https:\/\/forumrozwojumiast.poznan.pl\/2017\/#organization"},"potentialAction":[{"@type":"SearchAction","target":{"@type":"EntryPoint","urlTemplate":"https:\/\/forumrozwojumiast.poznan.pl\/2017\/?s={search_term_string}"},"query-input":{"@type":"PropertyValueSpecification","valueRequired":true,"valueName":"search_term_string"}}],"inLanguage":"pl-PL"},{"@type":"Organization","@id":"https:\/\/forumrozwojumiast.poznan.pl\/2017\/#organization","name":"Forum Rozwoju Miast","url":"https:\/\/forumrozwojumiast.poznan.pl\/2017\/","logo":{"@type":"ImageObject","inLanguage":"pl-PL","@id":"https:\/\/forumrozwojumiast.poznan.pl\/2017\/#\/schema\/logo\/image\/","url":"https:\/\/forumrozwojumiast.poznan.pl\/2017\/wp-content\/uploads\/2017\/09\/cropped-FORUM-ROZWOJU-MIAST-3.png","contentUrl":"https:\/\/forumrozwojumiast.poznan.pl\/2017\/wp-content\/uploads\/2017\/09\/cropped-FORUM-ROZWOJU-MIAST-3.png","width":627,"height":250,"caption":"Forum Rozwoju Miast"},"image":{"@id":"https:\/\/forumrozwojumiast.poznan.pl\/2017\/#\/schema\/logo\/image\/"}}]}},"_links":{"self":[{"href":"https:\/\/forumrozwojumiast.poznan.pl\/2017\/wp-json\/wp\/v2\/pages\/87","targetHints":{"allow":["GET"]}}],"collection":[{"href":"https:\/\/forumrozwojumiast.poznan.pl\/2017\/wp-json\/wp\/v2\/pages"}],"about":[{"href":"https:\/\/forumrozwojumiast.poznan.pl\/2017\/wp-json\/wp\/v2\/types\/page"}],"author":[{"embeddable":true,"href":"https:\/\/forumrozwojumiast.poznan.pl\/2017\/wp-json\/wp\/v2\/users\/1"}],"replies":[{"embeddable":true,"href":"https:\/\/forumrozwojumiast.poznan.pl\/2017\/wp-json\/wp\/v2\/comments?post=87"}],"version-history":[{"count":7,"href":"https:\/\/forumrozwojumiast.poznan.pl\/2017\/wp-json\/wp\/v2\/pages\/87\/revisions"}],"predecessor-version":[{"id":1190,"href":"https:\/\/forumrozwojumiast.poznan.pl\/2017\/wp-json\/wp\/v2\/pages\/87\/revisions\/1190"}],"wp:attachment":[{"href":"https:\/\/forumrozwojumiast.poznan.pl\/2017\/wp-json\/wp\/v2\/media?parent=87"}],"curies":[{"name":"wp","href":"https:\/\/api.w.org\/{rel}","templated":true}]}}