{"id":2441,"date":"2018-08-17T07:06:30","date_gmt":"2018-08-17T05:06:30","guid":{"rendered":"https:\/\/forumrozwojumiast.poznan.pl\/2018\/?page_id=2441"},"modified":"2018-08-17T07:06:30","modified_gmt":"2018-08-17T05:06:30","slug":"jacek-goc","status":"publish","type":"page","link":"https:\/\/forumrozwojumiast.poznan.pl\/2018\/prelegenci\/jacek-goc\/","title":{"rendered":"Jacek Goc"},"content":{"rendered":"<p>Profesor nadzw. dr hab. Jacek Goc pe\u0142ni funkcj\u0119 Prorektora ds. Kszta\u0142cenia Politechniki Pozna\u0144skiej od 2012 r. Jest&nbsp;absolwentem fizyki Uniwersytetu Adama Mickiewicza. Odby\u0142 p\u00f3\u0142toraroczny sta\u017c naukowy w&nbsp;NAIR w&nbsp;Japonii i&nbsp;MSU w&nbsp;USA. Prowadzi badania naukowe w&nbsp;specjalno\u015bci Bioelektronika Molekularna. Opublikowa\u0142 ponad 90 artyku\u0142\u00f3w naukowych. Dzi\u0119ki \u015bcis\u0142ej wsp\u00f3\u0142pracy z&nbsp;du\u017cymi firmami Wielkopolski doprowadzi\u0142 do&nbsp;utworzenia innowacyjnej formy Studi\u00f3w Dualnych na&nbsp;trzech kierunkach. Uczestniczy\u0142 w&nbsp;procesie uruchomienia pi\u0119ciu nowych kierunk\u00f3w studi\u00f3w technicznych i&nbsp;wprowadzi\u0142 System Kszta\u0142cenia Projektowego. Jest&nbsp;aktywnym cz\u0142onkiem ponad 20 komitet\u00f3w, organizacji naukowych i&nbsp;spo\u0142ecznych.<\/p>\n","protected":false},"excerpt":{"rendered":"<p>Profesor nadzw. dr hab. Jacek Goc pe\u0142ni funkcj\u0119 Prorektora ds. Kszta\u0142cenia Politechniki Pozna\u0144skiej od 2012 r. Jest&nbsp;absolwentem fizyki Uniwersytetu Adama Mickiewicza. Odby\u0142 p\u00f3\u0142toraroczny sta\u017c naukowy w&nbsp;NAIR w&nbsp;Japonii i&nbsp;MSU w&nbsp;USA. Prowadzi badania naukowe w&nbsp;specjalno\u015bci Bioelektronika Molekularna. Opublikowa\u0142 ponad 90 artyku\u0142\u00f3w naukowych. Dzi\u0119ki \u015bcis\u0142ej wsp\u00f3\u0142pracy z&nbsp;du\u017cymi firmami Wielkopolski doprowadzi\u0142 do&nbsp;utworzenia innowacyjnej formy Studi\u00f3w Dualnych na&nbsp;trzech kierunkach. Uczestniczy\u0142 &hellip; <\/p>\n<p class=\"link-more\"><a href=\"https:\/\/forumrozwojumiast.poznan.pl\/2018\/prelegenci\/jacek-goc\/\" class=\"more-link\">Continue reading<span class=\"screen-reader-text\"> &#8222;Jacek Goc&#8221;<\/span><\/a><\/p>\n","protected":false},"author":1,"featured_media":0,"parent":41,"menu_order":53,"comment_status":"closed","ping_status":"closed","template":"","meta":{"_acf_changed":false,"inline_featured_image":false,"ngg_post_thumbnail":0,"footnotes":""},"class_list":["post-2441","page","type-page","status-publish","hentry"],"acf":[],"yoast_head":"<!-- This site is optimized with the Yoast SEO plugin v27.3 - https:\/\/yoast.com\/product\/yoast-seo-wordpress\/ -->\n<title>Jacek Goc - Forum Rozwoju Miast<\/title>\n<meta name=\"robots\" content=\"index, follow, max-snippet:-1, max-image-preview:large, max-video-preview:-1\" \/>\n<link rel=\"canonical\" href=\"https:\/\/forumrozwojumiast.poznan.pl\/2018\/prelegenci\/jacek-goc\/\" \/>\n<meta property=\"og:locale\" content=\"pl_PL\" \/>\n<meta property=\"og:type\" content=\"article\" \/>\n<meta property=\"og:title\" content=\"Jacek Goc - Forum Rozwoju Miast\" \/>\n<meta property=\"og:description\" content=\"Profesor nadzw. dr hab. Jacek Goc pe\u0142ni funkcj\u0119 Prorektora ds. Kszta\u0142cenia Politechniki Pozna\u0144skiej od 2012 r. Jest&nbsp;absolwentem fizyki Uniwersytetu Adama Mickiewicza. Odby\u0142 p\u00f3\u0142toraroczny sta\u017c naukowy w&nbsp;NAIR w&nbsp;Japonii i&nbsp;MSU w&nbsp;USA. Prowadzi badania naukowe w&nbsp;specjalno\u015bci Bioelektronika Molekularna. Opublikowa\u0142 ponad 90 artyku\u0142\u00f3w naukowych. Dzi\u0119ki \u015bcis\u0142ej wsp\u00f3\u0142pracy z&nbsp;du\u017cymi firmami Wielkopolski doprowadzi\u0142 do&nbsp;utworzenia innowacyjnej formy Studi\u00f3w Dualnych na&nbsp;trzech kierunkach. Uczestniczy\u0142 &hellip; Continue reading &quot;Jacek Goc&quot;\" \/>\n<meta property=\"og:url\" content=\"https:\/\/forumrozwojumiast.poznan.pl\/2018\/prelegenci\/jacek-goc\/\" \/>\n<meta property=\"og:site_name\" content=\"Forum Rozwoju Miast\" \/>\n<meta name=\"twitter:card\" content=\"summary_large_image\" \/>\n<meta name=\"twitter:label1\" content=\"Szacowany czas czytania\" \/>\n\t<meta name=\"twitter:data1\" content=\"1 minuta\" \/>\n<script type=\"application\/ld+json\" class=\"yoast-schema-graph\">{\"@context\":\"https:\\\/\\\/schema.org\",\"@graph\":[{\"@type\":\"WebPage\",\"@id\":\"https:\\\/\\\/forumrozwojumiast.poznan.pl\\\/2018\\\/prelegenci\\\/jacek-goc\\\/\",\"url\":\"https:\\\/\\\/forumrozwojumiast.poznan.pl\\\/2018\\\/prelegenci\\\/jacek-goc\\\/\",\"name\":\"Jacek Goc - Forum Rozwoju Miast\",\"isPartOf\":{\"@id\":\"https:\\\/\\\/forumrozwojumiast.poznan.pl\\\/2018\\\/#website\"},\"datePublished\":\"2018-08-17T05:06:30+00:00\",\"breadcrumb\":{\"@id\":\"https:\\\/\\\/forumrozwojumiast.poznan.pl\\\/2018\\\/prelegenci\\\/jacek-goc\\\/#breadcrumb\"},\"inLanguage\":\"pl-PL\",\"potentialAction\":[{\"@type\":\"ReadAction\",\"target\":[\"https:\\\/\\\/forumrozwojumiast.poznan.pl\\\/2018\\\/prelegenci\\\/jacek-goc\\\/\"]}]},{\"@type\":\"BreadcrumbList\",\"@id\":\"https:\\\/\\\/forumrozwojumiast.poznan.pl\\\/2018\\\/prelegenci\\\/jacek-goc\\\/#breadcrumb\",\"itemListElement\":[{\"@type\":\"ListItem\",\"position\":1,\"name\":\"Strona g\u0142\u00f3wna\",\"item\":\"https:\\\/\\\/forumrozwojumiast.poznan.pl\\\/2018\\\/\"},{\"@type\":\"ListItem\",\"position\":2,\"name\":\"prelegentki i prelegenci\",\"item\":\"https:\\\/\\\/forumrozwojumiast.poznan.pl\\\/2018\\\/prelegenci\\\/\"},{\"@type\":\"ListItem\",\"position\":3,\"name\":\"Jacek Goc\"}]},{\"@type\":\"WebSite\",\"@id\":\"https:\\\/\\\/forumrozwojumiast.poznan.pl\\\/2018\\\/#website\",\"url\":\"https:\\\/\\\/forumrozwojumiast.poznan.pl\\\/2018\\\/\",\"name\":\"Forum Rozwoju Miast\",\"description\":\"Obywatelski wymiar strategicznego zarz\u0105dzania miastem\",\"publisher\":{\"@id\":\"https:\\\/\\\/forumrozwojumiast.poznan.pl\\\/2018\\\/#organization\"},\"potentialAction\":[{\"@type\":\"SearchAction\",\"target\":{\"@type\":\"EntryPoint\",\"urlTemplate\":\"https:\\\/\\\/forumrozwojumiast.poznan.pl\\\/2018\\\/?s={search_term_string}\"},\"query-input\":{\"@type\":\"PropertyValueSpecification\",\"valueRequired\":true,\"valueName\":\"search_term_string\"}}],\"inLanguage\":\"pl-PL\"},{\"@type\":\"Organization\",\"@id\":\"https:\\\/\\\/forumrozwojumiast.poznan.pl\\\/2018\\\/#organization\",\"name\":\"Forum Rozwoju Miast\",\"url\":\"https:\\\/\\\/forumrozwojumiast.poznan.pl\\\/2018\\\/\",\"logo\":{\"@type\":\"ImageObject\",\"inLanguage\":\"pl-PL\",\"@id\":\"https:\\\/\\\/forumrozwojumiast.poznan.pl\\\/2018\\\/#\\\/schema\\\/logo\\\/image\\\/\",\"url\":\"https:\\\/\\\/forumrozwojumiast.poznan.pl\\\/2018\\\/wp-content\\\/uploads\\\/2017\\\/09\\\/cropped-FORUM-ROZWOJU-MIAST-3.png\",\"contentUrl\":\"https:\\\/\\\/forumrozwojumiast.poznan.pl\\\/2018\\\/wp-content\\\/uploads\\\/2017\\\/09\\\/cropped-FORUM-ROZWOJU-MIAST-3.png\",\"width\":627,\"height\":250,\"caption\":\"Forum Rozwoju Miast\"},\"image\":{\"@id\":\"https:\\\/\\\/forumrozwojumiast.poznan.pl\\\/2018\\\/#\\\/schema\\\/logo\\\/image\\\/\"}}]}<\/script>\n<!-- \/ Yoast SEO plugin. -->","yoast_head_json":{"title":"Jacek Goc - Forum Rozwoju Miast","robots":{"index":"index","follow":"follow","max-snippet":"max-snippet:-1","max-image-preview":"max-image-preview:large","max-video-preview":"max-video-preview:-1"},"canonical":"https:\/\/forumrozwojumiast.poznan.pl\/2018\/prelegenci\/jacek-goc\/","og_locale":"pl_PL","og_type":"article","og_title":"Jacek Goc - Forum Rozwoju Miast","og_description":"Profesor nadzw. dr hab. Jacek Goc pe\u0142ni funkcj\u0119 Prorektora ds. Kszta\u0142cenia Politechniki Pozna\u0144skiej od 2012 r. Jest&nbsp;absolwentem fizyki Uniwersytetu Adama Mickiewicza. Odby\u0142 p\u00f3\u0142toraroczny sta\u017c naukowy w&nbsp;NAIR w&nbsp;Japonii i&nbsp;MSU w&nbsp;USA. Prowadzi badania naukowe w&nbsp;specjalno\u015bci Bioelektronika Molekularna. Opublikowa\u0142 ponad 90 artyku\u0142\u00f3w naukowych. Dzi\u0119ki \u015bcis\u0142ej wsp\u00f3\u0142pracy z&nbsp;du\u017cymi firmami Wielkopolski doprowadzi\u0142 do&nbsp;utworzenia innowacyjnej formy Studi\u00f3w Dualnych na&nbsp;trzech kierunkach. Uczestniczy\u0142 &hellip; Continue reading \"Jacek Goc\"","og_url":"https:\/\/forumrozwojumiast.poznan.pl\/2018\/prelegenci\/jacek-goc\/","og_site_name":"Forum Rozwoju Miast","twitter_card":"summary_large_image","twitter_misc":{"Szacowany czas czytania":"1 minuta"},"schema":{"@context":"https:\/\/schema.org","@graph":[{"@type":"WebPage","@id":"https:\/\/forumrozwojumiast.poznan.pl\/2018\/prelegenci\/jacek-goc\/","url":"https:\/\/forumrozwojumiast.poznan.pl\/2018\/prelegenci\/jacek-goc\/","name":"Jacek Goc - Forum Rozwoju Miast","isPartOf":{"@id":"https:\/\/forumrozwojumiast.poznan.pl\/2018\/#website"},"datePublished":"2018-08-17T05:06:30+00:00","breadcrumb":{"@id":"https:\/\/forumrozwojumiast.poznan.pl\/2018\/prelegenci\/jacek-goc\/#breadcrumb"},"inLanguage":"pl-PL","potentialAction":[{"@type":"ReadAction","target":["https:\/\/forumrozwojumiast.poznan.pl\/2018\/prelegenci\/jacek-goc\/"]}]},{"@type":"BreadcrumbList","@id":"https:\/\/forumrozwojumiast.poznan.pl\/2018\/prelegenci\/jacek-goc\/#breadcrumb","itemListElement":[{"@type":"ListItem","position":1,"name":"Strona g\u0142\u00f3wna","item":"https:\/\/forumrozwojumiast.poznan.pl\/2018\/"},{"@type":"ListItem","position":2,"name":"prelegentki i prelegenci","item":"https:\/\/forumrozwojumiast.poznan.pl\/2018\/prelegenci\/"},{"@type":"ListItem","position":3,"name":"Jacek Goc"}]},{"@type":"WebSite","@id":"https:\/\/forumrozwojumiast.poznan.pl\/2018\/#website","url":"https:\/\/forumrozwojumiast.poznan.pl\/2018\/","name":"Forum Rozwoju Miast","description":"Obywatelski wymiar strategicznego zarz\u0105dzania miastem","publisher":{"@id":"https:\/\/forumrozwojumiast.poznan.pl\/2018\/#organization"},"potentialAction":[{"@type":"SearchAction","target":{"@type":"EntryPoint","urlTemplate":"https:\/\/forumrozwojumiast.poznan.pl\/2018\/?s={search_term_string}"},"query-input":{"@type":"PropertyValueSpecification","valueRequired":true,"valueName":"search_term_string"}}],"inLanguage":"pl-PL"},{"@type":"Organization","@id":"https:\/\/forumrozwojumiast.poznan.pl\/2018\/#organization","name":"Forum Rozwoju Miast","url":"https:\/\/forumrozwojumiast.poznan.pl\/2018\/","logo":{"@type":"ImageObject","inLanguage":"pl-PL","@id":"https:\/\/forumrozwojumiast.poznan.pl\/2018\/#\/schema\/logo\/image\/","url":"https:\/\/forumrozwojumiast.poznan.pl\/2018\/wp-content\/uploads\/2017\/09\/cropped-FORUM-ROZWOJU-MIAST-3.png","contentUrl":"https:\/\/forumrozwojumiast.poznan.pl\/2018\/wp-content\/uploads\/2017\/09\/cropped-FORUM-ROZWOJU-MIAST-3.png","width":627,"height":250,"caption":"Forum Rozwoju Miast"},"image":{"@id":"https:\/\/forumrozwojumiast.poznan.pl\/2018\/#\/schema\/logo\/image\/"}}]}},"_links":{"self":[{"href":"https:\/\/forumrozwojumiast.poznan.pl\/2018\/wp-json\/wp\/v2\/pages\/2441","targetHints":{"allow":["GET"]}}],"collection":[{"href":"https:\/\/forumrozwojumiast.poznan.pl\/2018\/wp-json\/wp\/v2\/pages"}],"about":[{"href":"https:\/\/forumrozwojumiast.poznan.pl\/2018\/wp-json\/wp\/v2\/types\/page"}],"author":[{"embeddable":true,"href":"https:\/\/forumrozwojumiast.poznan.pl\/2018\/wp-json\/wp\/v2\/users\/1"}],"replies":[{"embeddable":true,"href":"https:\/\/forumrozwojumiast.poznan.pl\/2018\/wp-json\/wp\/v2\/comments?post=2441"}],"version-history":[{"count":1,"href":"https:\/\/forumrozwojumiast.poznan.pl\/2018\/wp-json\/wp\/v2\/pages\/2441\/revisions"}],"predecessor-version":[{"id":2443,"href":"https:\/\/forumrozwojumiast.poznan.pl\/2018\/wp-json\/wp\/v2\/pages\/2441\/revisions\/2443"}],"up":[{"embeddable":true,"href":"https:\/\/forumrozwojumiast.poznan.pl\/2018\/wp-json\/wp\/v2\/pages\/41"}],"wp:attachment":[{"href":"https:\/\/forumrozwojumiast.poznan.pl\/2018\/wp-json\/wp\/v2\/media?parent=2441"}],"curies":[{"name":"wp","href":"https:\/\/api.w.org\/{rel}","templated":true}]}}