{"id":311,"date":"2017-09-20T12:42:00","date_gmt":"2017-09-20T10:42:00","guid":{"rendered":"https:\/\/forumrozwojumiast.poznan.pl\/2018\/?page_id=311"},"modified":"2018-10-08T17:34:37","modified_gmt":"2018-10-08T15:34:37","slug":"warsztat-i","status":"publish","type":"page","link":"https:\/\/forumrozwojumiast.poznan.pl\/2018\/warsztaty\/warsztat-i\/","title":{"rendered":"WARSZTAT #1 &#8211; Konsolidacja transportu towar\u00f3w i ludzi"},"content":{"rendered":"<p><strong>WARSZTAT #1 &#8211; Konsolidacja transportu towar\u00f3w i&nbsp;ludzi<\/strong><\/p>\n<p>Dlaczego akceptowa\u0107 od zawsze przyj\u0119ty, sztywny podzia\u0142 transportu na: przew\u00f3z ludzi i&nbsp;przew\u00f3z towar\u00f3w? Przecie\u017c transport \u0142\u0105cz\u0105cy obie te funkcje m\u00f3g\u0142by okaza\u0107 si\u0119 efektywny oraz&nbsp;przyczyni\u0107 si\u0119 do&nbsp;zredukowania liczby pojazd\u00f3w w&nbsp;mie\u015bcie. W&nbsp;\u015brodkach transportu publicznego, ale i&nbsp;w&nbsp;samochodach osobowych jest miejsce, aby&nbsp;przy okazji pokonywanej trasy transportowa\u0107 r\u00f3wnie\u017c przesy\u0142ki. Wywr\u00f3\u0107my do&nbsp;g\u00f3ry nogami dotychczasowy porz\u0105dek i&nbsp;zaplanujmy integracje przewozu towar\u00f3w i&nbsp;ludzi w&nbsp;centrum miasta.<\/p>\n<p>ORGANIZATOR: Volkswagen Pozna\u0144 sp. z&nbsp;o. o.<\/p>\n<p><a href=\"https:\/\/forumrozwojumiast.poznan.pl\/2018\/wp-content\/uploads\/2018\/10\/Podsumowanie-warsztat%C3%B3w-VWP-FRM-Logistyka-miejska-13.09.2018.pdf\">Podsumowanie warsztatu: <i class=\"fa fa-download\" aria-hidden=\"true\"><\/i><\/a><\/p>\n<div class=\"su-posts su-posts-default-loop\">\n<div class=\"su-post-prelegent\" style=\"height: 401px;\">\n<div class=\"content-prelegent-image\">\n\t\t\t\t\t\t<img decoding=\"async\" class=\"prelegent-400\" src=\"https:\/\/forumrozwojumiast.poznan.pl\/2018\/wp-content\/uploads\/2018\/09\/maria-nowacka.jpg\">\n\t\t\t\t\t<\/div>\n<div class=\"content-prelegent-text\">\n<h2 class=\"su-post-title\" style=\"clear: none;    margin: 0 0 0.3em 0;    font-size: 1.2em;    font-weight: bold;\">Maria Nowacka<\/h2>\n<div class=\"su-post-excerpt\">\n<p>Ostatnio coraz cz\u0119\u015bciej m\u00f3wi si\u0119 o car-sharing&#8217;u, nowej atrakcyjnej formie przemieszczania si\u0119. Nic dziwnego, skoro jest to tanie rozwi\u0105zanie, kt\u00f3re pozwala na&nbsp;dojazd w&nbsp;dowolnie wybrane przez siebie miejsce w&nbsp;dowolnej porze dnia. <\/p>\n<p>Do tej pory swoje zastosowanie znajdowa\u0142o g\u0142\u00f3wnie w&nbsp;przewozach ludzi&#8230; a co gdyby m\u00f3c tym samym autem przewozi\u0107 kwiaty, paczki, a nawet sch\u0142odzon\u0105 \u017cywno\u015b\u0107? Przyjd\u017a i&nbsp;przekonaj si\u0119 sam, jak w&nbsp;prosty spos\u00f3b postawi\u0107 na&nbsp;rozw\u00f3j w\u0142asnego biznesu jak i&nbsp;swojego miasta.<\/p>\n<p>Zapraszam, <\/p>\n<p>Maria Nowacka\n\t\t\t\t\t\t<\/p><\/div>\n<\/p><\/div>\n<div style=\"clear: both;\">&nbsp;<\/div>\n<\/p><\/div>\n<\/div>\n<div style=\"text-align: center;\">\n<img decoding=\"async\" src=\"https:\/\/forumrozwojumiast.poznan.pl\/2018\/wp-content\/uploads\/2018\/09\/slajd-pl.jpg\" alt=\"\" style=\"width: 95%\" class=\"alignnone size-medium wp-image-2595\" \/>\n<\/div>\n","protected":false},"excerpt":{"rendered":"<p>WARSZTAT #1 &#8211; Konsolidacja transportu towar\u00f3w i&nbsp;ludzi Dlaczego akceptowa\u0107 od zawsze przyj\u0119ty, sztywny podzia\u0142 transportu na: przew\u00f3z ludzi i&nbsp;przew\u00f3z towar\u00f3w? Przecie\u017c transport \u0142\u0105cz\u0105cy obie te funkcje m\u00f3g\u0142by okaza\u0107 si\u0119 efektywny oraz&nbsp;przyczyni\u0107 si\u0119 do&nbsp;zredukowania liczby pojazd\u00f3w w&nbsp;mie\u015bcie. W&nbsp;\u015brodkach transportu publicznego, ale i&nbsp;w&nbsp;samochodach osobowych jest miejsce, aby&nbsp;przy okazji pokonywanej trasy transportowa\u0107 r\u00f3wnie\u017c przesy\u0142ki. Wywr\u00f3\u0107my do&nbsp;g\u00f3ry nogami dotychczasowy &hellip; <\/p>\n<p class=\"link-more\"><a href=\"https:\/\/forumrozwojumiast.poznan.pl\/2018\/warsztaty\/warsztat-i\/\" class=\"more-link\">Continue reading<span class=\"screen-reader-text\"> &#8222;WARSZTAT #1 &#8211; Konsolidacja transportu towar\u00f3w i ludzi&#8221;<\/span><\/a><\/p>\n","protected":false},"author":1,"featured_media":0,"parent":599,"menu_order":0,"comment_status":"closed","ping_status":"closed","template":"","meta":{"_acf_changed":false,"inline_featured_image":false,"ngg_post_thumbnail":0,"footnotes":""},"class_list":["post-311","page","type-page","status-publish","hentry"],"acf":[],"yoast_head":"<!-- This site is optimized with the Yoast SEO plugin v27.6 - https:\/\/yoast.com\/product\/yoast-seo-wordpress\/ -->\n<title>WARSZTAT #1 - Konsolidacja transportu towar\u00f3w i ludzi - Forum Rozwoju Miast<\/title>\n<meta name=\"robots\" content=\"index, follow, max-snippet:-1, max-image-preview:large, max-video-preview:-1\" \/>\n<link rel=\"canonical\" href=\"https:\/\/forumrozwojumiast.poznan.pl\/2018\/warsztaty\/warsztat-i\/\" \/>\n<meta property=\"og:locale\" content=\"pl_PL\" \/>\n<meta property=\"og:type\" content=\"article\" \/>\n<meta property=\"og:title\" content=\"WARSZTAT #1 - Konsolidacja transportu towar\u00f3w i ludzi - Forum Rozwoju Miast\" \/>\n<meta property=\"og:description\" content=\"WARSZTAT #1 &#8211; Konsolidacja transportu towar\u00f3w i&nbsp;ludzi Dlaczego akceptowa\u0107 od zawsze przyj\u0119ty, sztywny podzia\u0142 transportu na: przew\u00f3z ludzi i&nbsp;przew\u00f3z towar\u00f3w? Przecie\u017c transport \u0142\u0105cz\u0105cy obie te funkcje m\u00f3g\u0142by okaza\u0107 si\u0119 efektywny oraz&nbsp;przyczyni\u0107 si\u0119 do&nbsp;zredukowania liczby pojazd\u00f3w w&nbsp;mie\u015bcie. W&nbsp;\u015brodkach transportu publicznego, ale i&nbsp;w&nbsp;samochodach osobowych jest miejsce, aby&nbsp;przy okazji pokonywanej trasy transportowa\u0107 r\u00f3wnie\u017c przesy\u0142ki. Wywr\u00f3\u0107my do&nbsp;g\u00f3ry nogami dotychczasowy &hellip; Continue reading &quot;WARSZTAT #1 &#8211; Konsolidacja transportu towar\u00f3w i ludzi&quot;\" \/>\n<meta property=\"og:url\" content=\"https:\/\/forumrozwojumiast.poznan.pl\/2018\/warsztaty\/warsztat-i\/\" \/>\n<meta property=\"og:site_name\" content=\"Forum Rozwoju Miast\" \/>\n<meta property=\"article:modified_time\" content=\"2018-10-08T15:34:37+00:00\" \/>\n<meta property=\"og:image\" content=\"https:\/\/forumrozwojumiast.poznan.pl\/2018\/wp-content\/uploads\/2018\/09\/maria-nowacka.jpg\" \/>\n<meta name=\"twitter:card\" content=\"summary_large_image\" \/>\n<meta name=\"twitter:label1\" content=\"Szacowany czas czytania\" \/>\n\t<meta name=\"twitter:data1\" content=\"1 minuta\" \/>\n<script type=\"application\/ld+json\" class=\"yoast-schema-graph\">{\"@context\":\"https:\\\/\\\/schema.org\",\"@graph\":[{\"@type\":\"WebPage\",\"@id\":\"https:\\\/\\\/forumrozwojumiast.poznan.pl\\\/2018\\\/warsztaty\\\/warsztat-i\\\/\",\"url\":\"https:\\\/\\\/forumrozwojumiast.poznan.pl\\\/2018\\\/warsztaty\\\/warsztat-i\\\/\",\"name\":\"WARSZTAT #1 - Konsolidacja transportu towar\u00f3w i ludzi - Forum Rozwoju Miast\",\"isPartOf\":{\"@id\":\"https:\\\/\\\/forumrozwojumiast.poznan.pl\\\/2018\\\/#website\"},\"primaryImageOfPage\":{\"@id\":\"https:\\\/\\\/forumrozwojumiast.poznan.pl\\\/2018\\\/warsztaty\\\/warsztat-i\\\/#primaryimage\"},\"image\":{\"@id\":\"https:\\\/\\\/forumrozwojumiast.poznan.pl\\\/2018\\\/warsztaty\\\/warsztat-i\\\/#primaryimage\"},\"thumbnailUrl\":\"https:\\\/\\\/forumrozwojumiast.poznan.pl\\\/2018\\\/wp-content\\\/uploads\\\/2018\\\/09\\\/maria-nowacka.jpg\",\"datePublished\":\"2017-09-20T10:42:00+00:00\",\"dateModified\":\"2018-10-08T15:34:37+00:00\",\"breadcrumb\":{\"@id\":\"https:\\\/\\\/forumrozwojumiast.poznan.pl\\\/2018\\\/warsztaty\\\/warsztat-i\\\/#breadcrumb\"},\"inLanguage\":\"pl-PL\",\"potentialAction\":[{\"@type\":\"ReadAction\",\"target\":[\"https:\\\/\\\/forumrozwojumiast.poznan.pl\\\/2018\\\/warsztaty\\\/warsztat-i\\\/\"]}]},{\"@type\":\"ImageObject\",\"inLanguage\":\"pl-PL\",\"@id\":\"https:\\\/\\\/forumrozwojumiast.poznan.pl\\\/2018\\\/warsztaty\\\/warsztat-i\\\/#primaryimage\",\"url\":\"https:\\\/\\\/forumrozwojumiast.poznan.pl\\\/2018\\\/wp-content\\\/uploads\\\/2018\\\/09\\\/maria-nowacka.jpg\",\"contentUrl\":\"https:\\\/\\\/forumrozwojumiast.poznan.pl\\\/2018\\\/wp-content\\\/uploads\\\/2018\\\/09\\\/maria-nowacka.jpg\",\"width\":700,\"height\":700},{\"@type\":\"BreadcrumbList\",\"@id\":\"https:\\\/\\\/forumrozwojumiast.poznan.pl\\\/2018\\\/warsztaty\\\/warsztat-i\\\/#breadcrumb\",\"itemListElement\":[{\"@type\":\"ListItem\",\"position\":1,\"name\":\"Strona g\u0142\u00f3wna\",\"item\":\"https:\\\/\\\/forumrozwojumiast.poznan.pl\\\/2018\\\/\"},{\"@type\":\"ListItem\",\"position\":2,\"name\":\"Warsztaty\",\"item\":\"https:\\\/\\\/forumrozwojumiast.poznan.pl\\\/2018\\\/warsztaty\\\/\"},{\"@type\":\"ListItem\",\"position\":3,\"name\":\"WARSZTAT #1 &#8211; Konsolidacja transportu towar\u00f3w i ludzi\"}]},{\"@type\":\"WebSite\",\"@id\":\"https:\\\/\\\/forumrozwojumiast.poznan.pl\\\/2018\\\/#website\",\"url\":\"https:\\\/\\\/forumrozwojumiast.poznan.pl\\\/2018\\\/\",\"name\":\"Forum Rozwoju Miast\",\"description\":\"Obywatelski wymiar strategicznego zarz\u0105dzania miastem\",\"publisher\":{\"@id\":\"https:\\\/\\\/forumrozwojumiast.poznan.pl\\\/2018\\\/#organization\"},\"potentialAction\":[{\"@type\":\"SearchAction\",\"target\":{\"@type\":\"EntryPoint\",\"urlTemplate\":\"https:\\\/\\\/forumrozwojumiast.poznan.pl\\\/2018\\\/?s={search_term_string}\"},\"query-input\":{\"@type\":\"PropertyValueSpecification\",\"valueRequired\":true,\"valueName\":\"search_term_string\"}}],\"inLanguage\":\"pl-PL\"},{\"@type\":\"Organization\",\"@id\":\"https:\\\/\\\/forumrozwojumiast.poznan.pl\\\/2018\\\/#organization\",\"name\":\"Forum Rozwoju Miast\",\"url\":\"https:\\\/\\\/forumrozwojumiast.poznan.pl\\\/2018\\\/\",\"logo\":{\"@type\":\"ImageObject\",\"inLanguage\":\"pl-PL\",\"@id\":\"https:\\\/\\\/forumrozwojumiast.poznan.pl\\\/2018\\\/#\\\/schema\\\/logo\\\/image\\\/\",\"url\":\"https:\\\/\\\/forumrozwojumiast.poznan.pl\\\/2018\\\/wp-content\\\/uploads\\\/2017\\\/09\\\/cropped-FORUM-ROZWOJU-MIAST-3.png\",\"contentUrl\":\"https:\\\/\\\/forumrozwojumiast.poznan.pl\\\/2018\\\/wp-content\\\/uploads\\\/2017\\\/09\\\/cropped-FORUM-ROZWOJU-MIAST-3.png\",\"width\":627,\"height\":250,\"caption\":\"Forum Rozwoju Miast\"},\"image\":{\"@id\":\"https:\\\/\\\/forumrozwojumiast.poznan.pl\\\/2018\\\/#\\\/schema\\\/logo\\\/image\\\/\"}}]}<\/script>\n<!-- \/ Yoast SEO plugin. -->","yoast_head_json":{"title":"WARSZTAT #1 - Konsolidacja transportu towar\u00f3w i ludzi - Forum Rozwoju Miast","robots":{"index":"index","follow":"follow","max-snippet":"max-snippet:-1","max-image-preview":"max-image-preview:large","max-video-preview":"max-video-preview:-1"},"canonical":"https:\/\/forumrozwojumiast.poznan.pl\/2018\/warsztaty\/warsztat-i\/","og_locale":"pl_PL","og_type":"article","og_title":"WARSZTAT #1 - Konsolidacja transportu towar\u00f3w i ludzi - Forum Rozwoju Miast","og_description":"WARSZTAT #1 &#8211; Konsolidacja transportu towar\u00f3w i&nbsp;ludzi Dlaczego akceptowa\u0107 od zawsze przyj\u0119ty, sztywny podzia\u0142 transportu na: przew\u00f3z ludzi i&nbsp;przew\u00f3z towar\u00f3w? Przecie\u017c transport \u0142\u0105cz\u0105cy obie te funkcje m\u00f3g\u0142by okaza\u0107 si\u0119 efektywny oraz&nbsp;przyczyni\u0107 si\u0119 do&nbsp;zredukowania liczby pojazd\u00f3w w&nbsp;mie\u015bcie. W&nbsp;\u015brodkach transportu publicznego, ale i&nbsp;w&nbsp;samochodach osobowych jest miejsce, aby&nbsp;przy okazji pokonywanej trasy transportowa\u0107 r\u00f3wnie\u017c przesy\u0142ki. Wywr\u00f3\u0107my do&nbsp;g\u00f3ry nogami dotychczasowy &hellip; Continue reading \"WARSZTAT #1 &#8211; Konsolidacja transportu towar\u00f3w i ludzi\"","og_url":"https:\/\/forumrozwojumiast.poznan.pl\/2018\/warsztaty\/warsztat-i\/","og_site_name":"Forum Rozwoju Miast","article_modified_time":"2018-10-08T15:34:37+00:00","og_image":[{"url":"https:\/\/forumrozwojumiast.poznan.pl\/2018\/wp-content\/uploads\/2018\/09\/maria-nowacka.jpg","type":"","width":"","height":""}],"twitter_card":"summary_large_image","twitter_misc":{"Szacowany czas czytania":"1 minuta"},"schema":{"@context":"https:\/\/schema.org","@graph":[{"@type":"WebPage","@id":"https:\/\/forumrozwojumiast.poznan.pl\/2018\/warsztaty\/warsztat-i\/","url":"https:\/\/forumrozwojumiast.poznan.pl\/2018\/warsztaty\/warsztat-i\/","name":"WARSZTAT #1 - Konsolidacja transportu towar\u00f3w i ludzi - Forum Rozwoju Miast","isPartOf":{"@id":"https:\/\/forumrozwojumiast.poznan.pl\/2018\/#website"},"primaryImageOfPage":{"@id":"https:\/\/forumrozwojumiast.poznan.pl\/2018\/warsztaty\/warsztat-i\/#primaryimage"},"image":{"@id":"https:\/\/forumrozwojumiast.poznan.pl\/2018\/warsztaty\/warsztat-i\/#primaryimage"},"thumbnailUrl":"https:\/\/forumrozwojumiast.poznan.pl\/2018\/wp-content\/uploads\/2018\/09\/maria-nowacka.jpg","datePublished":"2017-09-20T10:42:00+00:00","dateModified":"2018-10-08T15:34:37+00:00","breadcrumb":{"@id":"https:\/\/forumrozwojumiast.poznan.pl\/2018\/warsztaty\/warsztat-i\/#breadcrumb"},"inLanguage":"pl-PL","potentialAction":[{"@type":"ReadAction","target":["https:\/\/forumrozwojumiast.poznan.pl\/2018\/warsztaty\/warsztat-i\/"]}]},{"@type":"ImageObject","inLanguage":"pl-PL","@id":"https:\/\/forumrozwojumiast.poznan.pl\/2018\/warsztaty\/warsztat-i\/#primaryimage","url":"https:\/\/forumrozwojumiast.poznan.pl\/2018\/wp-content\/uploads\/2018\/09\/maria-nowacka.jpg","contentUrl":"https:\/\/forumrozwojumiast.poznan.pl\/2018\/wp-content\/uploads\/2018\/09\/maria-nowacka.jpg","width":700,"height":700},{"@type":"BreadcrumbList","@id":"https:\/\/forumrozwojumiast.poznan.pl\/2018\/warsztaty\/warsztat-i\/#breadcrumb","itemListElement":[{"@type":"ListItem","position":1,"name":"Strona g\u0142\u00f3wna","item":"https:\/\/forumrozwojumiast.poznan.pl\/2018\/"},{"@type":"ListItem","position":2,"name":"Warsztaty","item":"https:\/\/forumrozwojumiast.poznan.pl\/2018\/warsztaty\/"},{"@type":"ListItem","position":3,"name":"WARSZTAT #1 &#8211; Konsolidacja transportu towar\u00f3w i ludzi"}]},{"@type":"WebSite","@id":"https:\/\/forumrozwojumiast.poznan.pl\/2018\/#website","url":"https:\/\/forumrozwojumiast.poznan.pl\/2018\/","name":"Forum Rozwoju Miast","description":"Obywatelski wymiar strategicznego zarz\u0105dzania miastem","publisher":{"@id":"https:\/\/forumrozwojumiast.poznan.pl\/2018\/#organization"},"potentialAction":[{"@type":"SearchAction","target":{"@type":"EntryPoint","urlTemplate":"https:\/\/forumrozwojumiast.poznan.pl\/2018\/?s={search_term_string}"},"query-input":{"@type":"PropertyValueSpecification","valueRequired":true,"valueName":"search_term_string"}}],"inLanguage":"pl-PL"},{"@type":"Organization","@id":"https:\/\/forumrozwojumiast.poznan.pl\/2018\/#organization","name":"Forum Rozwoju Miast","url":"https:\/\/forumrozwojumiast.poznan.pl\/2018\/","logo":{"@type":"ImageObject","inLanguage":"pl-PL","@id":"https:\/\/forumrozwojumiast.poznan.pl\/2018\/#\/schema\/logo\/image\/","url":"https:\/\/forumrozwojumiast.poznan.pl\/2018\/wp-content\/uploads\/2017\/09\/cropped-FORUM-ROZWOJU-MIAST-3.png","contentUrl":"https:\/\/forumrozwojumiast.poznan.pl\/2018\/wp-content\/uploads\/2017\/09\/cropped-FORUM-ROZWOJU-MIAST-3.png","width":627,"height":250,"caption":"Forum Rozwoju Miast"},"image":{"@id":"https:\/\/forumrozwojumiast.poznan.pl\/2018\/#\/schema\/logo\/image\/"}}]}},"_links":{"self":[{"href":"https:\/\/forumrozwojumiast.poznan.pl\/2018\/wp-json\/wp\/v2\/pages\/311","targetHints":{"allow":["GET"]}}],"collection":[{"href":"https:\/\/forumrozwojumiast.poznan.pl\/2018\/wp-json\/wp\/v2\/pages"}],"about":[{"href":"https:\/\/forumrozwojumiast.poznan.pl\/2018\/wp-json\/wp\/v2\/types\/page"}],"author":[{"embeddable":true,"href":"https:\/\/forumrozwojumiast.poznan.pl\/2018\/wp-json\/wp\/v2\/users\/1"}],"replies":[{"embeddable":true,"href":"https:\/\/forumrozwojumiast.poznan.pl\/2018\/wp-json\/wp\/v2\/comments?post=311"}],"version-history":[{"count":19,"href":"https:\/\/forumrozwojumiast.poznan.pl\/2018\/wp-json\/wp\/v2\/pages\/311\/revisions"}],"predecessor-version":[{"id":3204,"href":"https:\/\/forumrozwojumiast.poznan.pl\/2018\/wp-json\/wp\/v2\/pages\/311\/revisions\/3204"}],"up":[{"embeddable":true,"href":"https:\/\/forumrozwojumiast.poznan.pl\/2018\/wp-json\/wp\/v2\/pages\/599"}],"wp:attachment":[{"href":"https:\/\/forumrozwojumiast.poznan.pl\/2018\/wp-json\/wp\/v2\/media?parent=311"}],"curies":[{"name":"wp","href":"https:\/\/api.w.org\/{rel}","templated":true}]}}