{"id":313,"date":"2017-09-20T12:42:38","date_gmt":"2017-09-20T10:42:38","guid":{"rendered":"https:\/\/forumrozwojumiast.poznan.pl\/2018\/?page_id=313"},"modified":"2018-09-25T11:47:05","modified_gmt":"2018-09-25T09:47:05","slug":"warsztat-ii","status":"publish","type":"page","link":"https:\/\/forumrozwojumiast.poznan.pl\/2018\/warsztaty\/warsztat-ii\/","title":{"rendered":"WARSZTAT #2 &#8211; Zr\u00f3wnowa\u017cona logistyka miejska w Poznaniu"},"content":{"rendered":"<p><strong>WARSZTAT #2 &#8211; Zr\u00f3wnowa\u017cona logistyka miejska w&nbsp;Poznaniu,&nbsp;FQP<\/strong><br \/>\nw ramach Forum Rozwoju Miast 2018<br \/>\norganizator: ILIM oraz&nbsp;Wydzia\u0142 Transportu i&nbsp;Zieleni UM Poznania<\/p>\n<p>W trakcie warsztat\u00f3w zaprezentowano kr\u00f3tko projekt SULPITER, kt\u00f3rego liderem jest Instytut Transportu i&nbsp;Logistyki z&nbsp;Bolonii, a partnerami po stronie polskiej, Wydzia\u0142 Transportu i&nbsp;Zieleni Urz\u0119du Miasta Poznania wraz z&nbsp;Instytutem Logistyki i&nbsp;Magazynowania. Celem projektu jest opracowanie <strong>PLANU ZR\u00d3WNOWA\u017bONEJ LOGISTYKI MIEJSKIEJ<\/strong> (<strong>SULP<\/strong> <em>z ang. Sustainable Urban Logistics Plan<\/em>) <span style=\"text-decoration: underline;\">jako g\u0142\u00f3wnego dokumentu strategicznego dla transportu towarowego w&nbsp;mie\u015bcie Pozna\u0144<\/span>. Zosta\u0142y zaprezentowane wyniki badania przeprowadzonych w&nbsp;ramach projektu SULPITER w\u015br\u00f3d 302 podmiot\u00f3w gospodarczych prowadz\u0105cych dzia\u0142alno\u015b\u0107 na&nbsp;terenie Poznania obejmuj\u0105ce pytania z&nbsp;zakresu magazynowania, dostaw i&nbsp;transportu, celem opisu sytuacji i&nbsp;problem\u00f3w na&nbsp;terenie Poznania w&nbsp;przedmiotowym zakresie. Opisano istniej\u0105ce dobre praktyki w&nbsp;obszarze logistyki miejskiej na&nbsp;\u015bwiecie celem wprowadzenia do&nbsp;tematu.<br \/>\nPrzed warsztatami zosta\u0142a rozes\u0142ana ankieta do&nbsp;firm w&nbsp;celu okre\u015blenia interesuj\u0105cych przedsi\u0119biorc\u00f3w obszar\u00f3w z&nbsp;zakresu logistyki. Spo\u015br\u00f3d zidentyfikowanych rozwi\u0105za\u0144 wspieraj\u0105cych przep\u0142yw \u0142adunk\u00f3w, wybrano 3 najwa\u017cniejsze z&nbsp;punktu widzenia przeprowadzonego badania, w&nbsp;celu om\u00f3wienia mo\u017cliwych scenariuszy wdro\u017cenia (jakie warunki powinny by\u0107 spe\u0142nione aby&nbsp;rozwi\u0105zanie mog\u0142o zosta\u0107 zaimplementowane, jak to zrobi\u0107, jakie b\u0119d\u0105 efekty pozytywne\/negatywne, komu wprowadzone rozwi\u0105zanie przyniesie korzy\u015bci, komu straty, itd.).<\/p>\n<p>W trakcie pracy w&nbsp;grupach opracowano business model canvas dla wyznaczonych wcze\u015bniej rozwi\u0105za\u0144.<\/p>\n<p><span style=\"text-decoration: underline;\">Grupa 1 opracowywa\u0142a<\/span>:<\/p>\n<ul>\n<li><span style=\"font-size: 1rem;\">rozwi\u0105zanie z&nbsp;obszaru Nowych technologii: <strong>Interaktywna mapa centrum miasta dla dostawc\u00f3w.<\/strong><\/span><\/li>\n<li>rozwi\u0105zanie z&nbsp;obszaru Technologia i&nbsp;pojazdy: <strong>Realizacja dostaw na&nbsp;tzw. ostatniej mili z&nbsp;wykorzystaniem pojazd\u00f3w zasilanych alternatywnymi \u017ar\u00f3d\u0142ami energii.<\/strong><\/li>\n<\/ul>\n<p><span style=\"text-decoration: underline;\">Grupa 2 opracowa\u0142a<\/span>:<\/p>\n<ul>\n<li>rozwi\u0105zanie z&nbsp;obszaru Rozw\u00f3j infrastruktury:<strong>&nbsp;Budowa i&nbsp;organizacja pracy miejskich centr\u00f3w konsolidacji \u0142adunk\u00f3w \u2013 tzw.&nbsp;mini&nbsp;huby.<\/strong><\/li>\n<\/ul>\n<p><strong>Opracowane rozwi\u0105zania by\u0142y obrazem wszystkim zasob\u00f3w, warunk\u00f3w i&nbsp;obszar\u00f3w jakie trzeba spe\u0142ni\u0107 i&nbsp;wzi\u0105\u0107 pod uwag\u0119 przy realizacji wdro\u017cenia opracowywanej koncepcji.<\/strong><\/p>\n<p><img loading=\"lazy\" decoding=\"async\" class=\"size-medium wp-image-2169 aligncenter\" src=\"https:\/\/forumrozwojumiast.poznan.pl\/2018\/wp-content\/uploads\/2018\/09\/ws_2_1.png\" alt=\"\" width=\"600\" height=\"300\"><\/p>\n<p><img loading=\"lazy\" decoding=\"async\" class=\"size-medium wp-image-2169 aligncenter\" src=\"https:\/\/forumrozwojumiast.poznan.pl\/2018\/wp-content\/uploads\/2018\/09\/ws_2_2.png\" alt=\"\" width=\"600\" height=\"300\"><\/p>\n<p><img loading=\"lazy\" decoding=\"async\" class=\"size-medium wp-image-2169 aligncenter\" src=\"https:\/\/forumrozwojumiast.poznan.pl\/2018\/wp-content\/uploads\/2018\/07\/SULPiTER_for_Combinations-300x107.jpg\" alt=\"\" width=\"300\" height=\"107\" srcset=\"https:\/\/forumrozwojumiast.poznan.pl\/2018\/wp-content\/uploads\/2018\/07\/SULPiTER_for_Combinations-300x107.jpg 300w, https:\/\/forumrozwojumiast.poznan.pl\/2018\/wp-content\/uploads\/2018\/07\/SULPiTER_for_Combinations-768x275.jpg 768w, https:\/\/forumrozwojumiast.poznan.pl\/2018\/wp-content\/uploads\/2018\/07\/SULPiTER_for_Combinations.jpg 818w\" sizes=\"auto, (max-width: 300px) 100vw, 300px\" \/><\/p>\n","protected":false},"excerpt":{"rendered":"<p>WARSZTAT #2 &#8211; Zr\u00f3wnowa\u017cona logistyka miejska w&nbsp;Poznaniu,&nbsp;FQP w ramach Forum Rozwoju Miast 2018 organizator: ILIM oraz&nbsp;Wydzia\u0142 Transportu i&nbsp;Zieleni UM Poznania W trakcie warsztat\u00f3w zaprezentowano kr\u00f3tko projekt SULPITER, kt\u00f3rego liderem jest Instytut Transportu i&nbsp;Logistyki z&nbsp;Bolonii, a partnerami po stronie polskiej, Wydzia\u0142 Transportu i&nbsp;Zieleni Urz\u0119du Miasta Poznania wraz z&nbsp;Instytutem Logistyki i&nbsp;Magazynowania. Celem projektu jest opracowanie PLANU ZR\u00d3WNOWA\u017bONEJ &hellip; <\/p>\n<p class=\"link-more\"><a href=\"https:\/\/forumrozwojumiast.poznan.pl\/2018\/warsztaty\/warsztat-ii\/\" class=\"more-link\">Continue reading<span class=\"screen-reader-text\"> &#8222;WARSZTAT #2 &#8211; Zr\u00f3wnowa\u017cona logistyka miejska w Poznaniu&#8221;<\/span><\/a><\/p>\n","protected":false},"author":1,"featured_media":0,"parent":599,"menu_order":7,"comment_status":"closed","ping_status":"closed","template":"","meta":{"_acf_changed":false,"inline_featured_image":false,"ngg_post_thumbnail":0,"footnotes":""},"class_list":["post-313","page","type-page","status-publish","hentry"],"acf":[],"yoast_head":"<!-- This site is optimized with the Yoast SEO plugin v27.4 - https:\/\/yoast.com\/product\/yoast-seo-wordpress\/ -->\n<title>WARSZTAT #2 - Zr\u00f3wnowa\u017cona logistyka miejska w Poznaniu - Forum Rozwoju Miast<\/title>\n<meta name=\"robots\" content=\"index, follow, max-snippet:-1, max-image-preview:large, max-video-preview:-1\" \/>\n<link rel=\"canonical\" href=\"https:\/\/forumrozwojumiast.poznan.pl\/2018\/warsztaty\/warsztat-ii\/\" \/>\n<meta property=\"og:locale\" content=\"pl_PL\" \/>\n<meta property=\"og:type\" content=\"article\" \/>\n<meta property=\"og:title\" content=\"WARSZTAT #2 - Zr\u00f3wnowa\u017cona logistyka miejska w Poznaniu - Forum Rozwoju Miast\" \/>\n<meta property=\"og:description\" content=\"WARSZTAT #2 &#8211; Zr\u00f3wnowa\u017cona logistyka miejska w&nbsp;Poznaniu,&nbsp;FQP w ramach Forum Rozwoju Miast 2018 organizator: ILIM oraz&nbsp;Wydzia\u0142 Transportu i&nbsp;Zieleni UM Poznania W trakcie warsztat\u00f3w zaprezentowano kr\u00f3tko projekt SULPITER, kt\u00f3rego liderem jest Instytut Transportu i&nbsp;Logistyki z&nbsp;Bolonii, a partnerami po stronie polskiej, Wydzia\u0142 Transportu i&nbsp;Zieleni Urz\u0119du Miasta Poznania wraz z&nbsp;Instytutem Logistyki i&nbsp;Magazynowania. Celem projektu jest opracowanie PLANU ZR\u00d3WNOWA\u017bONEJ &hellip; Continue reading &quot;WARSZTAT #2 &#8211; Zr\u00f3wnowa\u017cona logistyka miejska w Poznaniu&quot;\" \/>\n<meta property=\"og:url\" content=\"https:\/\/forumrozwojumiast.poznan.pl\/2018\/warsztaty\/warsztat-ii\/\" \/>\n<meta property=\"og:site_name\" content=\"Forum Rozwoju Miast\" \/>\n<meta property=\"article:modified_time\" content=\"2018-09-25T09:47:05+00:00\" \/>\n<meta property=\"og:image\" content=\"https:\/\/forumrozwojumiast.poznan.pl\/2018\/wp-content\/uploads\/2018\/09\/ws_2_1.png\" \/>\n<meta name=\"twitter:card\" content=\"summary_large_image\" \/>\n<meta name=\"twitter:label1\" content=\"Szacowany czas czytania\" \/>\n\t<meta name=\"twitter:data1\" content=\"2 minuty\" \/>\n<script type=\"application\/ld+json\" class=\"yoast-schema-graph\">{\"@context\":\"https:\\\/\\\/schema.org\",\"@graph\":[{\"@type\":\"WebPage\",\"@id\":\"https:\\\/\\\/forumrozwojumiast.poznan.pl\\\/2018\\\/warsztaty\\\/warsztat-ii\\\/\",\"url\":\"https:\\\/\\\/forumrozwojumiast.poznan.pl\\\/2018\\\/warsztaty\\\/warsztat-ii\\\/\",\"name\":\"WARSZTAT #2 - Zr\u00f3wnowa\u017cona logistyka miejska w Poznaniu - Forum Rozwoju Miast\",\"isPartOf\":{\"@id\":\"https:\\\/\\\/forumrozwojumiast.poznan.pl\\\/2018\\\/#website\"},\"primaryImageOfPage\":{\"@id\":\"https:\\\/\\\/forumrozwojumiast.poznan.pl\\\/2018\\\/warsztaty\\\/warsztat-ii\\\/#primaryimage\"},\"image\":{\"@id\":\"https:\\\/\\\/forumrozwojumiast.poznan.pl\\\/2018\\\/warsztaty\\\/warsztat-ii\\\/#primaryimage\"},\"thumbnailUrl\":\"https:\\\/\\\/forumrozwojumiast.poznan.pl\\\/2018\\\/wp-content\\\/uploads\\\/2018\\\/09\\\/ws_2_1.png\",\"datePublished\":\"2017-09-20T10:42:38+00:00\",\"dateModified\":\"2018-09-25T09:47:05+00:00\",\"breadcrumb\":{\"@id\":\"https:\\\/\\\/forumrozwojumiast.poznan.pl\\\/2018\\\/warsztaty\\\/warsztat-ii\\\/#breadcrumb\"},\"inLanguage\":\"pl-PL\",\"potentialAction\":[{\"@type\":\"ReadAction\",\"target\":[\"https:\\\/\\\/forumrozwojumiast.poznan.pl\\\/2018\\\/warsztaty\\\/warsztat-ii\\\/\"]}]},{\"@type\":\"ImageObject\",\"inLanguage\":\"pl-PL\",\"@id\":\"https:\\\/\\\/forumrozwojumiast.poznan.pl\\\/2018\\\/warsztaty\\\/warsztat-ii\\\/#primaryimage\",\"url\":\"https:\\\/\\\/forumrozwojumiast.poznan.pl\\\/2018\\\/wp-content\\\/uploads\\\/2018\\\/09\\\/ws_2_1.png\",\"contentUrl\":\"https:\\\/\\\/forumrozwojumiast.poznan.pl\\\/2018\\\/wp-content\\\/uploads\\\/2018\\\/09\\\/ws_2_1.png\",\"width\":1386,\"height\":778},{\"@type\":\"BreadcrumbList\",\"@id\":\"https:\\\/\\\/forumrozwojumiast.poznan.pl\\\/2018\\\/warsztaty\\\/warsztat-ii\\\/#breadcrumb\",\"itemListElement\":[{\"@type\":\"ListItem\",\"position\":1,\"name\":\"Strona g\u0142\u00f3wna\",\"item\":\"https:\\\/\\\/forumrozwojumiast.poznan.pl\\\/2018\\\/\"},{\"@type\":\"ListItem\",\"position\":2,\"name\":\"Warsztaty\",\"item\":\"https:\\\/\\\/forumrozwojumiast.poznan.pl\\\/2018\\\/warsztaty\\\/\"},{\"@type\":\"ListItem\",\"position\":3,\"name\":\"WARSZTAT #2 &#8211; Zr\u00f3wnowa\u017cona logistyka miejska w Poznaniu\"}]},{\"@type\":\"WebSite\",\"@id\":\"https:\\\/\\\/forumrozwojumiast.poznan.pl\\\/2018\\\/#website\",\"url\":\"https:\\\/\\\/forumrozwojumiast.poznan.pl\\\/2018\\\/\",\"name\":\"Forum Rozwoju Miast\",\"description\":\"Obywatelski wymiar strategicznego zarz\u0105dzania miastem\",\"publisher\":{\"@id\":\"https:\\\/\\\/forumrozwojumiast.poznan.pl\\\/2018\\\/#organization\"},\"potentialAction\":[{\"@type\":\"SearchAction\",\"target\":{\"@type\":\"EntryPoint\",\"urlTemplate\":\"https:\\\/\\\/forumrozwojumiast.poznan.pl\\\/2018\\\/?s={search_term_string}\"},\"query-input\":{\"@type\":\"PropertyValueSpecification\",\"valueRequired\":true,\"valueName\":\"search_term_string\"}}],\"inLanguage\":\"pl-PL\"},{\"@type\":\"Organization\",\"@id\":\"https:\\\/\\\/forumrozwojumiast.poznan.pl\\\/2018\\\/#organization\",\"name\":\"Forum Rozwoju Miast\",\"url\":\"https:\\\/\\\/forumrozwojumiast.poznan.pl\\\/2018\\\/\",\"logo\":{\"@type\":\"ImageObject\",\"inLanguage\":\"pl-PL\",\"@id\":\"https:\\\/\\\/forumrozwojumiast.poznan.pl\\\/2018\\\/#\\\/schema\\\/logo\\\/image\\\/\",\"url\":\"https:\\\/\\\/forumrozwojumiast.poznan.pl\\\/2018\\\/wp-content\\\/uploads\\\/2017\\\/09\\\/cropped-FORUM-ROZWOJU-MIAST-3.png\",\"contentUrl\":\"https:\\\/\\\/forumrozwojumiast.poznan.pl\\\/2018\\\/wp-content\\\/uploads\\\/2017\\\/09\\\/cropped-FORUM-ROZWOJU-MIAST-3.png\",\"width\":627,\"height\":250,\"caption\":\"Forum Rozwoju Miast\"},\"image\":{\"@id\":\"https:\\\/\\\/forumrozwojumiast.poznan.pl\\\/2018\\\/#\\\/schema\\\/logo\\\/image\\\/\"}}]}<\/script>\n<!-- \/ Yoast SEO plugin. -->","yoast_head_json":{"title":"WARSZTAT #2 - Zr\u00f3wnowa\u017cona logistyka miejska w Poznaniu - Forum Rozwoju Miast","robots":{"index":"index","follow":"follow","max-snippet":"max-snippet:-1","max-image-preview":"max-image-preview:large","max-video-preview":"max-video-preview:-1"},"canonical":"https:\/\/forumrozwojumiast.poznan.pl\/2018\/warsztaty\/warsztat-ii\/","og_locale":"pl_PL","og_type":"article","og_title":"WARSZTAT #2 - Zr\u00f3wnowa\u017cona logistyka miejska w Poznaniu - Forum Rozwoju Miast","og_description":"WARSZTAT #2 &#8211; Zr\u00f3wnowa\u017cona logistyka miejska w&nbsp;Poznaniu,&nbsp;FQP w ramach Forum Rozwoju Miast 2018 organizator: ILIM oraz&nbsp;Wydzia\u0142 Transportu i&nbsp;Zieleni UM Poznania W trakcie warsztat\u00f3w zaprezentowano kr\u00f3tko projekt SULPITER, kt\u00f3rego liderem jest Instytut Transportu i&nbsp;Logistyki z&nbsp;Bolonii, a partnerami po stronie polskiej, Wydzia\u0142 Transportu i&nbsp;Zieleni Urz\u0119du Miasta Poznania wraz z&nbsp;Instytutem Logistyki i&nbsp;Magazynowania. Celem projektu jest opracowanie PLANU ZR\u00d3WNOWA\u017bONEJ &hellip; Continue reading \"WARSZTAT #2 &#8211; Zr\u00f3wnowa\u017cona logistyka miejska w Poznaniu\"","og_url":"https:\/\/forumrozwojumiast.poznan.pl\/2018\/warsztaty\/warsztat-ii\/","og_site_name":"Forum Rozwoju Miast","article_modified_time":"2018-09-25T09:47:05+00:00","og_image":[{"url":"https:\/\/forumrozwojumiast.poznan.pl\/2018\/wp-content\/uploads\/2018\/09\/ws_2_1.png","type":"","width":"","height":""}],"twitter_card":"summary_large_image","twitter_misc":{"Szacowany czas czytania":"2 minuty"},"schema":{"@context":"https:\/\/schema.org","@graph":[{"@type":"WebPage","@id":"https:\/\/forumrozwojumiast.poznan.pl\/2018\/warsztaty\/warsztat-ii\/","url":"https:\/\/forumrozwojumiast.poznan.pl\/2018\/warsztaty\/warsztat-ii\/","name":"WARSZTAT #2 - Zr\u00f3wnowa\u017cona logistyka miejska w Poznaniu - Forum Rozwoju Miast","isPartOf":{"@id":"https:\/\/forumrozwojumiast.poznan.pl\/2018\/#website"},"primaryImageOfPage":{"@id":"https:\/\/forumrozwojumiast.poznan.pl\/2018\/warsztaty\/warsztat-ii\/#primaryimage"},"image":{"@id":"https:\/\/forumrozwojumiast.poznan.pl\/2018\/warsztaty\/warsztat-ii\/#primaryimage"},"thumbnailUrl":"https:\/\/forumrozwojumiast.poznan.pl\/2018\/wp-content\/uploads\/2018\/09\/ws_2_1.png","datePublished":"2017-09-20T10:42:38+00:00","dateModified":"2018-09-25T09:47:05+00:00","breadcrumb":{"@id":"https:\/\/forumrozwojumiast.poznan.pl\/2018\/warsztaty\/warsztat-ii\/#breadcrumb"},"inLanguage":"pl-PL","potentialAction":[{"@type":"ReadAction","target":["https:\/\/forumrozwojumiast.poznan.pl\/2018\/warsztaty\/warsztat-ii\/"]}]},{"@type":"ImageObject","inLanguage":"pl-PL","@id":"https:\/\/forumrozwojumiast.poznan.pl\/2018\/warsztaty\/warsztat-ii\/#primaryimage","url":"https:\/\/forumrozwojumiast.poznan.pl\/2018\/wp-content\/uploads\/2018\/09\/ws_2_1.png","contentUrl":"https:\/\/forumrozwojumiast.poznan.pl\/2018\/wp-content\/uploads\/2018\/09\/ws_2_1.png","width":1386,"height":778},{"@type":"BreadcrumbList","@id":"https:\/\/forumrozwojumiast.poznan.pl\/2018\/warsztaty\/warsztat-ii\/#breadcrumb","itemListElement":[{"@type":"ListItem","position":1,"name":"Strona g\u0142\u00f3wna","item":"https:\/\/forumrozwojumiast.poznan.pl\/2018\/"},{"@type":"ListItem","position":2,"name":"Warsztaty","item":"https:\/\/forumrozwojumiast.poznan.pl\/2018\/warsztaty\/"},{"@type":"ListItem","position":3,"name":"WARSZTAT #2 &#8211; Zr\u00f3wnowa\u017cona logistyka miejska w Poznaniu"}]},{"@type":"WebSite","@id":"https:\/\/forumrozwojumiast.poznan.pl\/2018\/#website","url":"https:\/\/forumrozwojumiast.poznan.pl\/2018\/","name":"Forum Rozwoju Miast","description":"Obywatelski wymiar strategicznego zarz\u0105dzania miastem","publisher":{"@id":"https:\/\/forumrozwojumiast.poznan.pl\/2018\/#organization"},"potentialAction":[{"@type":"SearchAction","target":{"@type":"EntryPoint","urlTemplate":"https:\/\/forumrozwojumiast.poznan.pl\/2018\/?s={search_term_string}"},"query-input":{"@type":"PropertyValueSpecification","valueRequired":true,"valueName":"search_term_string"}}],"inLanguage":"pl-PL"},{"@type":"Organization","@id":"https:\/\/forumrozwojumiast.poznan.pl\/2018\/#organization","name":"Forum Rozwoju Miast","url":"https:\/\/forumrozwojumiast.poznan.pl\/2018\/","logo":{"@type":"ImageObject","inLanguage":"pl-PL","@id":"https:\/\/forumrozwojumiast.poznan.pl\/2018\/#\/schema\/logo\/image\/","url":"https:\/\/forumrozwojumiast.poznan.pl\/2018\/wp-content\/uploads\/2017\/09\/cropped-FORUM-ROZWOJU-MIAST-3.png","contentUrl":"https:\/\/forumrozwojumiast.poznan.pl\/2018\/wp-content\/uploads\/2017\/09\/cropped-FORUM-ROZWOJU-MIAST-3.png","width":627,"height":250,"caption":"Forum Rozwoju Miast"},"image":{"@id":"https:\/\/forumrozwojumiast.poznan.pl\/2018\/#\/schema\/logo\/image\/"}}]}},"_links":{"self":[{"href":"https:\/\/forumrozwojumiast.poznan.pl\/2018\/wp-json\/wp\/v2\/pages\/313","targetHints":{"allow":["GET"]}}],"collection":[{"href":"https:\/\/forumrozwojumiast.poznan.pl\/2018\/wp-json\/wp\/v2\/pages"}],"about":[{"href":"https:\/\/forumrozwojumiast.poznan.pl\/2018\/wp-json\/wp\/v2\/types\/page"}],"author":[{"embeddable":true,"href":"https:\/\/forumrozwojumiast.poznan.pl\/2018\/wp-json\/wp\/v2\/users\/1"}],"replies":[{"embeddable":true,"href":"https:\/\/forumrozwojumiast.poznan.pl\/2018\/wp-json\/wp\/v2\/comments?post=313"}],"version-history":[{"count":33,"href":"https:\/\/forumrozwojumiast.poznan.pl\/2018\/wp-json\/wp\/v2\/pages\/313\/revisions"}],"predecessor-version":[{"id":3133,"href":"https:\/\/forumrozwojumiast.poznan.pl\/2018\/wp-json\/wp\/v2\/pages\/313\/revisions\/3133"}],"up":[{"embeddable":true,"href":"https:\/\/forumrozwojumiast.poznan.pl\/2018\/wp-json\/wp\/v2\/pages\/599"}],"wp:attachment":[{"href":"https:\/\/forumrozwojumiast.poznan.pl\/2018\/wp-json\/wp\/v2\/media?parent=313"}],"curies":[{"name":"wp","href":"https:\/\/api.w.org\/{rel}","templated":true}]}}