{"id":320,"date":"2017-09-20T15:29:19","date_gmt":"2017-09-20T13:29:19","guid":{"rendered":"https:\/\/forumrozwojumiast.poznan.pl\/2018\/?page_id=320"},"modified":"2018-07-13T16:49:10","modified_gmt":"2018-07-13T14:49:10","slug":"o-forum","status":"publish","type":"page","link":"https:\/\/forumrozwojumiast.poznan.pl\/2018\/o-forum\/","title":{"rendered":"O forum &#8211; zapowied\u017a"},"content":{"rendered":"<p>Szanowna Pani, Szanowny Panie,<\/p>\n<p>miasto to ludzie, przestrze\u0144 i&nbsp;wszelkie interakcje, kt\u00f3rych skutkiem s\u0105 nieustanne zmiany. Dobrze, je\u015bli te zmiany prowadz\u0105 do&nbsp;podniesienia jako\u015bci \u017cycia mieszka\u0144c\u00f3w. \u201eMiasto dla ludzi\u201d to miejsce przyjazne dla wszystkich mieszka\u0144c\u00f3w, niezale\u017cnie od wieku, zawodu<br \/>\ni pochodzenia. \u015awiadomo\u015b\u0107 proces\u00f3w i&nbsp;ich zmian w&nbsp;przestrzeni miejskiej, obserwacja i&nbsp;badanie  wp\u0142ywu wywieranego przez nie na&nbsp;otoczenie oraz&nbsp;umiej\u0119tne nimi stymulowanie to wyzwania logistyki miejskiej. Wsp\u00f3\u0142czesne miasto to z\u0142o\u017cony system logistyczny. U\u015bwiadomienie sobie jego z\u0142o\u017cono\u015bci, poznanie zasad jego funkcjonowania oraz&nbsp;dog\u0142\u0119bn\u0105 analiz\u0119 stawiamy sobie za cel jako obywatele miasta, naukowcy, przedsi\u0119biorcy i&nbsp;zarz\u0105dzaj\u0105cy przestrzeni\u0105 miejsk\u0105.<\/p>\n<p>Ka\u017cdy z&nbsp;nas chcia\u0142by \u017cy\u0107 w&nbsp;mie\u015bcie idealnym. Jak sprawi\u0107, aby&nbsp;zachodz\u0105ce w&nbsp;nim procesy by\u0142y przede wszystkim u\u017cyteczne, a nie uci\u0105\u017cliwe dla mieszka\u0144c\u00f3w oraz&nbsp;jak najbardziej wydajne dla ca\u0142ego miejskiego organizmu? Zmiany wprowadzajmy ma\u0142ymi krokami. Na&nbsp;pocz\u0105tek  przyjrzyjmy si\u0119 i&nbsp;zdefiniujmy, co nie funkcjonuje w&nbsp;ruchu miejskim idealnie. Jak zmniejszy\u0107 korki w&nbsp;mie\u015bcie? Jak sprawi\u0107, by&nbsp;powietrze w&nbsp;nim by\u0142o czystsze? Jak efektywnie sterowa\u0107 ruchem dla korzy\u015bci wszystkich jego uczestnik\u00f3w? Pomi\u0119dzy stanem TU i&nbsp;TERAZ, a IDEA\u0141EM jest droga poszukiwa\u0144, kt\u00f3r\u0105 trzeba przeby\u0107. Do&nbsp;tej podr\u00f3\u017cy chcieliby\u015bmy zaprosi\u0107 uczestnik\u00f3w konferencji, aby&nbsp;wsp\u00f3lnie znale\u017a\u0107 rozwi\u0105zania dla mobilnego miasta. Zanim rzeczywisto\u015b\u0107 na\u0142o\u017cy na&nbsp;nas ograniczenia, zapocz\u0105tkujmy zmian\u0119 \u2013 poprzez wymian\u0119 do\u015bwiadcze\u0144, definiowanie potrzeb oraz&nbsp;koncypowanie rozwi\u0105za\u0144. Bo przysz\u0142o\u015b\u0107 jest czym\u015b, co si\u0119 buduje.<\/p>\n<p>Tegoroczna konferencja jest wsp\u00f3ln\u0105 inicjatyw\u0105 Miasta Pozna\u0144 oraz&nbsp;Volkswagen Pozna\u0144, kt\u00f3ry w&nbsp;jubileuszowym roku swojego 25-lecia obecno\u015bci w&nbsp;mie\u015bcie chcia\u0142by w&nbsp;ten spos\u00f3b podkre\u015bli\u0107 wa\u017cko\u015b\u0107 logistyki miejskiej, jak i&nbsp;r\u00f3wnie\u017c konieczno\u015b\u0107 wsp\u00f3lnego dzia\u0142ania \u015bwiata biznesu, samorz\u0105du i&nbsp;nauki w&nbsp;tak s\u0142usznej sprawie.<\/p>\n<p>Sta\u0144my si\u0119 \u2013 jako Pozna\u0144 \u2013 nowoczesnym i&nbsp;pr\u0119\u017cnym o\u015brodkiem rozwoju logistyki miejskiej.  Miejscem, w&nbsp;kt\u00f3rym dostrzega si\u0119 wag\u0119 tematu.  \u201eOdwied\u017amy\u201d wsp\u00f3lnie miejsca, gdzie funkcjonuj\u0105 dobre praktyki. Przyjrzyjmy si\u0119 \u015bwiatowym trendom spo\u0142ecznym<br \/>\ni technologicznym. Uczmy si\u0119 od siebie nawzajem, r\u00f3\u017cnorodno\u015b\u0107 traktuj\u0105c jako potencja\u0142. Pos\u0142uchajmy ekspert\u00f3w z&nbsp;wieloletnim do\u015bwiadczeniem oraz&nbsp;m\u0142odszych specjalist\u00f3w, dopiero rozkwitaj\u0105cych. Inspirujmy si\u0119 wzajemnie, by&nbsp;podj\u0105\u0107 wsp\u00f3lne dzia\u0142ania.<\/p>\n<table>\n<tbody>\n<tr>\n<td style=\"text-align: center;\"><strong>Jacek Ja\u015bkowiak<\/strong><br \/>\n<em>Prezydent Miasta Poznania<\/em><\/td>\n<td style=\"text-align: center;\"><strong>Jens Ocksen<\/strong><br \/>\n<em>Prezes Volkswagen Pozna\u0144 sp. z. o.o.<\/em><\/td>\n<\/tr>\n<\/tbody>\n<\/table>\n","protected":false},"excerpt":{"rendered":"<p>Szanowna Pani, Szanowny Panie, miasto to ludzie, przestrze\u0144 i&nbsp;wszelkie interakcje, kt\u00f3rych skutkiem s\u0105 nieustanne zmiany. Dobrze, je\u015bli te zmiany prowadz\u0105 do&nbsp;podniesienia jako\u015bci \u017cycia mieszka\u0144c\u00f3w. \u201eMiasto dla ludzi\u201d to miejsce przyjazne dla wszystkich mieszka\u0144c\u00f3w, niezale\u017cnie od wieku, zawodu i pochodzenia. \u015awiadomo\u015b\u0107 proces\u00f3w i&nbsp;ich zmian w&nbsp;przestrzeni miejskiej, obserwacja i&nbsp;badanie wp\u0142ywu wywieranego przez nie na&nbsp;otoczenie oraz&nbsp;umiej\u0119tne nimi stymulowanie &hellip; <\/p>\n<p class=\"link-more\"><a href=\"https:\/\/forumrozwojumiast.poznan.pl\/2018\/o-forum\/\" class=\"more-link\">Continue reading<span class=\"screen-reader-text\"> &#8222;O forum &#8211; zapowied\u017a&#8221;<\/span><\/a><\/p>\n","protected":false},"author":1,"featured_media":0,"parent":0,"menu_order":107,"comment_status":"closed","ping_status":"closed","template":"","meta":{"_acf_changed":false,"inline_featured_image":false,"ngg_post_thumbnail":0,"footnotes":""},"class_list":["post-320","page","type-page","status-publish","hentry"],"acf":[],"yoast_head":"<!-- This site is optimized with the Yoast SEO plugin v27.6 - https:\/\/yoast.com\/product\/yoast-seo-wordpress\/ -->\n<title>O forum - zapowied\u017a - Forum Rozwoju Miast<\/title>\n<meta name=\"robots\" content=\"index, follow, max-snippet:-1, max-image-preview:large, max-video-preview:-1\" \/>\n<link rel=\"canonical\" href=\"https:\/\/forumrozwojumiast.poznan.pl\/2018\/o-forum\/\" \/>\n<meta property=\"og:locale\" content=\"pl_PL\" \/>\n<meta property=\"og:type\" content=\"article\" \/>\n<meta property=\"og:title\" content=\"O forum - zapowied\u017a - Forum Rozwoju Miast\" \/>\n<meta property=\"og:description\" content=\"Szanowna Pani, Szanowny Panie, miasto to ludzie, przestrze\u0144 i&nbsp;wszelkie interakcje, kt\u00f3rych skutkiem s\u0105 nieustanne zmiany. Dobrze, je\u015bli te zmiany prowadz\u0105 do&nbsp;podniesienia jako\u015bci \u017cycia mieszka\u0144c\u00f3w. \u201eMiasto dla ludzi\u201d to miejsce przyjazne dla wszystkich mieszka\u0144c\u00f3w, niezale\u017cnie od wieku, zawodu i pochodzenia. \u015awiadomo\u015b\u0107 proces\u00f3w i&nbsp;ich zmian w&nbsp;przestrzeni miejskiej, obserwacja i&nbsp;badanie wp\u0142ywu wywieranego przez nie na&nbsp;otoczenie oraz&nbsp;umiej\u0119tne nimi stymulowanie &hellip; Continue reading &quot;O forum &#8211; zapowied\u017a&quot;\" \/>\n<meta property=\"og:url\" content=\"https:\/\/forumrozwojumiast.poznan.pl\/2018\/o-forum\/\" \/>\n<meta property=\"og:site_name\" content=\"Forum Rozwoju Miast\" \/>\n<meta property=\"article:modified_time\" content=\"2018-07-13T14:49:10+00:00\" \/>\n<meta name=\"twitter:card\" content=\"summary_large_image\" \/>\n<meta name=\"twitter:label1\" content=\"Szacowany czas czytania\" \/>\n\t<meta name=\"twitter:data1\" content=\"2 minuty\" \/>\n<script type=\"application\/ld+json\" class=\"yoast-schema-graph\">{\"@context\":\"https:\\\/\\\/schema.org\",\"@graph\":[{\"@type\":\"WebPage\",\"@id\":\"https:\\\/\\\/forumrozwojumiast.poznan.pl\\\/2018\\\/o-forum\\\/\",\"url\":\"https:\\\/\\\/forumrozwojumiast.poznan.pl\\\/2018\\\/o-forum\\\/\",\"name\":\"O forum - zapowied\u017a - Forum Rozwoju Miast\",\"isPartOf\":{\"@id\":\"https:\\\/\\\/forumrozwojumiast.poznan.pl\\\/2018\\\/#website\"},\"datePublished\":\"2017-09-20T13:29:19+00:00\",\"dateModified\":\"2018-07-13T14:49:10+00:00\",\"breadcrumb\":{\"@id\":\"https:\\\/\\\/forumrozwojumiast.poznan.pl\\\/2018\\\/o-forum\\\/#breadcrumb\"},\"inLanguage\":\"pl-PL\",\"potentialAction\":[{\"@type\":\"ReadAction\",\"target\":[\"https:\\\/\\\/forumrozwojumiast.poznan.pl\\\/2018\\\/o-forum\\\/\"]}]},{\"@type\":\"BreadcrumbList\",\"@id\":\"https:\\\/\\\/forumrozwojumiast.poznan.pl\\\/2018\\\/o-forum\\\/#breadcrumb\",\"itemListElement\":[{\"@type\":\"ListItem\",\"position\":1,\"name\":\"Strona g\u0142\u00f3wna\",\"item\":\"https:\\\/\\\/forumrozwojumiast.poznan.pl\\\/2018\\\/\"},{\"@type\":\"ListItem\",\"position\":2,\"name\":\"O forum &#8211; zapowied\u017a\"}]},{\"@type\":\"WebSite\",\"@id\":\"https:\\\/\\\/forumrozwojumiast.poznan.pl\\\/2018\\\/#website\",\"url\":\"https:\\\/\\\/forumrozwojumiast.poznan.pl\\\/2018\\\/\",\"name\":\"Forum Rozwoju Miast\",\"description\":\"Obywatelski wymiar strategicznego zarz\u0105dzania miastem\",\"publisher\":{\"@id\":\"https:\\\/\\\/forumrozwojumiast.poznan.pl\\\/2018\\\/#organization\"},\"potentialAction\":[{\"@type\":\"SearchAction\",\"target\":{\"@type\":\"EntryPoint\",\"urlTemplate\":\"https:\\\/\\\/forumrozwojumiast.poznan.pl\\\/2018\\\/?s={search_term_string}\"},\"query-input\":{\"@type\":\"PropertyValueSpecification\",\"valueRequired\":true,\"valueName\":\"search_term_string\"}}],\"inLanguage\":\"pl-PL\"},{\"@type\":\"Organization\",\"@id\":\"https:\\\/\\\/forumrozwojumiast.poznan.pl\\\/2018\\\/#organization\",\"name\":\"Forum Rozwoju Miast\",\"url\":\"https:\\\/\\\/forumrozwojumiast.poznan.pl\\\/2018\\\/\",\"logo\":{\"@type\":\"ImageObject\",\"inLanguage\":\"pl-PL\",\"@id\":\"https:\\\/\\\/forumrozwojumiast.poznan.pl\\\/2018\\\/#\\\/schema\\\/logo\\\/image\\\/\",\"url\":\"https:\\\/\\\/forumrozwojumiast.poznan.pl\\\/2018\\\/wp-content\\\/uploads\\\/2017\\\/09\\\/cropped-FORUM-ROZWOJU-MIAST-3.png\",\"contentUrl\":\"https:\\\/\\\/forumrozwojumiast.poznan.pl\\\/2018\\\/wp-content\\\/uploads\\\/2017\\\/09\\\/cropped-FORUM-ROZWOJU-MIAST-3.png\",\"width\":627,\"height\":250,\"caption\":\"Forum Rozwoju Miast\"},\"image\":{\"@id\":\"https:\\\/\\\/forumrozwojumiast.poznan.pl\\\/2018\\\/#\\\/schema\\\/logo\\\/image\\\/\"}}]}<\/script>\n<!-- \/ Yoast SEO plugin. -->","yoast_head_json":{"title":"O forum - zapowied\u017a - Forum Rozwoju Miast","robots":{"index":"index","follow":"follow","max-snippet":"max-snippet:-1","max-image-preview":"max-image-preview:large","max-video-preview":"max-video-preview:-1"},"canonical":"https:\/\/forumrozwojumiast.poznan.pl\/2018\/o-forum\/","og_locale":"pl_PL","og_type":"article","og_title":"O forum - zapowied\u017a - Forum Rozwoju Miast","og_description":"Szanowna Pani, Szanowny Panie, miasto to ludzie, przestrze\u0144 i&nbsp;wszelkie interakcje, kt\u00f3rych skutkiem s\u0105 nieustanne zmiany. Dobrze, je\u015bli te zmiany prowadz\u0105 do&nbsp;podniesienia jako\u015bci \u017cycia mieszka\u0144c\u00f3w. \u201eMiasto dla ludzi\u201d to miejsce przyjazne dla wszystkich mieszka\u0144c\u00f3w, niezale\u017cnie od wieku, zawodu i pochodzenia. \u015awiadomo\u015b\u0107 proces\u00f3w i&nbsp;ich zmian w&nbsp;przestrzeni miejskiej, obserwacja i&nbsp;badanie wp\u0142ywu wywieranego przez nie na&nbsp;otoczenie oraz&nbsp;umiej\u0119tne nimi stymulowanie &hellip; Continue reading \"O forum &#8211; zapowied\u017a\"","og_url":"https:\/\/forumrozwojumiast.poznan.pl\/2018\/o-forum\/","og_site_name":"Forum Rozwoju Miast","article_modified_time":"2018-07-13T14:49:10+00:00","twitter_card":"summary_large_image","twitter_misc":{"Szacowany czas czytania":"2 minuty"},"schema":{"@context":"https:\/\/schema.org","@graph":[{"@type":"WebPage","@id":"https:\/\/forumrozwojumiast.poznan.pl\/2018\/o-forum\/","url":"https:\/\/forumrozwojumiast.poznan.pl\/2018\/o-forum\/","name":"O forum - zapowied\u017a - Forum Rozwoju Miast","isPartOf":{"@id":"https:\/\/forumrozwojumiast.poznan.pl\/2018\/#website"},"datePublished":"2017-09-20T13:29:19+00:00","dateModified":"2018-07-13T14:49:10+00:00","breadcrumb":{"@id":"https:\/\/forumrozwojumiast.poznan.pl\/2018\/o-forum\/#breadcrumb"},"inLanguage":"pl-PL","potentialAction":[{"@type":"ReadAction","target":["https:\/\/forumrozwojumiast.poznan.pl\/2018\/o-forum\/"]}]},{"@type":"BreadcrumbList","@id":"https:\/\/forumrozwojumiast.poznan.pl\/2018\/o-forum\/#breadcrumb","itemListElement":[{"@type":"ListItem","position":1,"name":"Strona g\u0142\u00f3wna","item":"https:\/\/forumrozwojumiast.poznan.pl\/2018\/"},{"@type":"ListItem","position":2,"name":"O forum &#8211; zapowied\u017a"}]},{"@type":"WebSite","@id":"https:\/\/forumrozwojumiast.poznan.pl\/2018\/#website","url":"https:\/\/forumrozwojumiast.poznan.pl\/2018\/","name":"Forum Rozwoju Miast","description":"Obywatelski wymiar strategicznego zarz\u0105dzania miastem","publisher":{"@id":"https:\/\/forumrozwojumiast.poznan.pl\/2018\/#organization"},"potentialAction":[{"@type":"SearchAction","target":{"@type":"EntryPoint","urlTemplate":"https:\/\/forumrozwojumiast.poznan.pl\/2018\/?s={search_term_string}"},"query-input":{"@type":"PropertyValueSpecification","valueRequired":true,"valueName":"search_term_string"}}],"inLanguage":"pl-PL"},{"@type":"Organization","@id":"https:\/\/forumrozwojumiast.poznan.pl\/2018\/#organization","name":"Forum Rozwoju Miast","url":"https:\/\/forumrozwojumiast.poznan.pl\/2018\/","logo":{"@type":"ImageObject","inLanguage":"pl-PL","@id":"https:\/\/forumrozwojumiast.poznan.pl\/2018\/#\/schema\/logo\/image\/","url":"https:\/\/forumrozwojumiast.poznan.pl\/2018\/wp-content\/uploads\/2017\/09\/cropped-FORUM-ROZWOJU-MIAST-3.png","contentUrl":"https:\/\/forumrozwojumiast.poznan.pl\/2018\/wp-content\/uploads\/2017\/09\/cropped-FORUM-ROZWOJU-MIAST-3.png","width":627,"height":250,"caption":"Forum Rozwoju Miast"},"image":{"@id":"https:\/\/forumrozwojumiast.poznan.pl\/2018\/#\/schema\/logo\/image\/"}}]}},"_links":{"self":[{"href":"https:\/\/forumrozwojumiast.poznan.pl\/2018\/wp-json\/wp\/v2\/pages\/320","targetHints":{"allow":["GET"]}}],"collection":[{"href":"https:\/\/forumrozwojumiast.poznan.pl\/2018\/wp-json\/wp\/v2\/pages"}],"about":[{"href":"https:\/\/forumrozwojumiast.poznan.pl\/2018\/wp-json\/wp\/v2\/types\/page"}],"author":[{"embeddable":true,"href":"https:\/\/forumrozwojumiast.poznan.pl\/2018\/wp-json\/wp\/v2\/users\/1"}],"replies":[{"embeddable":true,"href":"https:\/\/forumrozwojumiast.poznan.pl\/2018\/wp-json\/wp\/v2\/comments?post=320"}],"version-history":[{"count":30,"href":"https:\/\/forumrozwojumiast.poznan.pl\/2018\/wp-json\/wp\/v2\/pages\/320\/revisions"}],"predecessor-version":[{"id":2266,"href":"https:\/\/forumrozwojumiast.poznan.pl\/2018\/wp-json\/wp\/v2\/pages\/320\/revisions\/2266"}],"wp:attachment":[{"href":"https:\/\/forumrozwojumiast.poznan.pl\/2018\/wp-json\/wp\/v2\/media?parent=320"}],"curies":[{"name":"wp","href":"https:\/\/api.w.org\/{rel}","templated":true}]}}