{"id":3234,"date":"2018-12-21T11:38:47","date_gmt":"2018-12-21T10:38:47","guid":{"rendered":"https:\/\/forumrozwojumiast.poznan.pl\/2018\/?page_id=3234"},"modified":"2019-02-06T12:46:01","modified_gmt":"2019-02-06T11:46:01","slug":"informacja-pokonferencyjna","status":"publish","type":"page","link":"https:\/\/forumrozwojumiast.poznan.pl\/2018\/wydarzenia\/informacja-pokonferencyjna\/","title":{"rendered":"Informacja pokonferencyjna"},"content":{"rendered":"<p><b>W dniach 12-13 wrze\u015bnia br. odby\u0142a si\u0119 druga edycja Forum Rozwoju Miast w&nbsp;Poznaniu. W&nbsp;tym roku tematem przewodnim by\u0142a logistyka miejska.<\/b><\/p>\n<p>Wydarzenie zorganizowane przez Miasto Pozna\u0144 i&nbsp;Volkswagen Pozna\u0144 otworzyli Jacek Ja\u015bkowiak, prezydent Poznania i&nbsp;Jens Ocksen, prezes zarz\u0105du Volkswagen Pozna\u0144.<\/p>\n<p>Pierwszy dzie\u0144 Forum po\u015bwi\u0119cono na&nbsp;prelekcje polskich i&nbsp;zagranicznych ekspert\u00f3w oraz&nbsp;debat\u0119, kt\u00f3rej uczestnicy zastanawiali si\u0119 nad&nbsp;zagadnieniem wsp\u00f3\u0142dzielenia pojazd\u00f3w w&nbsp;transporcie \u0142adunkowym.<\/p>\n<p>O rozwi\u0105zaniach zastosowanych ju\u017c w&nbsp;Poznaniu m\u00f3wi\u0142a Violetta Wabi\u0144ska-Chmielewska, dyrektor Wydzia\u0142u Transportu i&nbsp;Zieleni UMP, dla kt\u00f3rej priorytetem jest zielone, mobilne miasto. Pozna\u0144 inwestuje w&nbsp;transport publiczny, rozwija ofert\u0119 dzielonych samochod\u00f3w i&nbsp;skuter\u00f3w, a Pozna\u0144ski Rower Miejski, kt\u00f3ry jeszcze w&nbsp;tym roku powinien odnotowa\u0107 trzymilionowe wypo\u017cyczenie, przygotowuje si\u0119 do&nbsp;wkroczenia w&nbsp;IV generacj\u0119. Rozwija si\u0119 Pozna\u0144ska Kolej Metropolitalna, kt\u00f3ra w\u0142a\u015bnie uruchomi\u0142a now\u0105 lini\u0119 do&nbsp;Swarz\u0119dza. Miasto podpisa\u0142o umow\u0119 z&nbsp;firm\u0105, kt\u00f3ra ma zaprojektowa\u0107 przystanki wzd\u0142u\u017c obwodnicy kolejowej Poznania. Wkr\u00f3tce na&nbsp;ulice wyjedzie 50 nowych, ca\u0142kowicie niskopod\u0142ogowych tramwaj\u00f3w, 37 ekologicznych autobus\u00f3w z&nbsp;bardzo nisk\u0105 emisj\u0105 i&nbsp;21 autobus\u00f3w elektrycznych. Miasto systematycznie wy\u0142\u0105cza sygnalizacje \u015bwietlne w&nbsp;centrum miasta, by&nbsp;up\u0142ynni\u0107 ruch i&nbsp;u\u0142atwi\u0107 poruszanie si\u0119 pieszym<\/p>\n<p>Prelegenci opowiadali uczestnikom o przyj\u0119tych przez siebie rozwi\u0105zaniach. Emil Konrad z&nbsp;Papukurier m\u00f3wi\u0142 o sposobach szacowania liczby kierowc\u00f3w niezb\u0119dnych do&nbsp;p\u0142ynnej obs\u0142ugi zam\u00f3wie\u0144 restauracji. Artur Olejniczak z&nbsp;Instytutu Logistyki i&nbsp;Magazynowania przedstawi\u0142 pomys\u0142 tramwaju towarowego, wzorowanego na&nbsp;drezde\u0144skim. Natomiast Jakub Kaczmarski z&nbsp;Allegro dzieli\u0142 si\u0119 wynikami przeprowadzonych przez firm\u0119 bada\u0144, zgodnie z&nbsp;kt\u00f3rymi m\u0142odzi ludzie zamiast czeka\u0107 na&nbsp;kuriera, wol\u0105 odebra\u0107 przesy\u0142ki samodzielnie z&nbsp;paczkomatu.<\/p>\n<p>Prelegentami Forum byli r\u00f3wnie\u017c m.in.&nbsp;pan Juan Echevarria, wyk\u0142adowca projektowania cyfrowego i&nbsp;automatyki na&nbsp;Uniwersytecie w&nbsp;Kantabrii oraz&nbsp;pani Birgit Hendriks, wsp\u00f3\u0142tw\u00f3rczyni NGO Eco2city, kt\u00f3rej celem jest przekonanie firm transportowych, by&nbsp;zamiast wje\u017cd\u017ca\u0107 do&nbsp;miasta, zostawiali paczki w&nbsp;jednym miejscu, sk\u0105d jej firma w\u0142asnymi, mniejszymi samochodami rozwiezie je do&nbsp;odbiorc\u00f3w.<\/p>\n<p>W drugim dniu wydarzenia odbywa\u0142y si\u0119 warsztaty. Ich uczestnicy rozmawiali o konsolidacji transportu towar\u00f3w i&nbsp;ludzi, zr\u00f3wnowa\u017conej logistyce miejskiej w&nbsp;Poznaniu oraz&nbsp;o narz\u0119dziach i&nbsp;metodach logistyki miejskiej.<\/p>\n<p>Publikacja pokonferencyjna dost\u0119pna jest pod tym linkiem: <a href=\"https:\/\/forumrozwojumiast.poznan.pl\/2018\/wp-content\/uploads\/2019\/02\/Logistyka-miejska-Forum-Rozwoju-Miast.pdf\">https:\/\/forumrozwojumiast.poznan.pl\/2018\/wp-content\/uploads\/2019\/02\/Logistyka-miejska-Forum-Rozwoju-Miast.pdf<\/a><\/p>\n","protected":false},"excerpt":{"rendered":"<p>W dniach 12-13 wrze\u015bnia br. odby\u0142a si\u0119 druga edycja Forum Rozwoju Miast w&nbsp;Poznaniu. W&nbsp;tym roku tematem przewodnim by\u0142a logistyka miejska. Wydarzenie zorganizowane przez Miasto Pozna\u0144 i&nbsp;Volkswagen Pozna\u0144 otworzyli Jacek Ja\u015bkowiak, prezydent Poznania i&nbsp;Jens Ocksen, prezes zarz\u0105du Volkswagen Pozna\u0144. Pierwszy dzie\u0144 Forum po\u015bwi\u0119cono na&nbsp;prelekcje polskich i&nbsp;zagranicznych ekspert\u00f3w oraz&nbsp;debat\u0119, kt\u00f3rej uczestnicy zastanawiali si\u0119 nad&nbsp;zagadnieniem wsp\u00f3\u0142dzielenia pojazd\u00f3w w&nbsp;transporcie &hellip; <\/p>\n<p class=\"link-more\"><a href=\"https:\/\/forumrozwojumiast.poznan.pl\/2018\/wydarzenia\/informacja-pokonferencyjna\/\" class=\"more-link\">Continue reading<span class=\"screen-reader-text\"> &#8222;Informacja pokonferencyjna&#8221;<\/span><\/a><\/p>\n","protected":false},"author":1,"featured_media":0,"parent":670,"menu_order":0,"comment_status":"closed","ping_status":"closed","template":"","meta":{"_acf_changed":false,"inline_featured_image":false,"ngg_post_thumbnail":0,"footnotes":""},"class_list":["post-3234","page","type-page","status-publish","hentry"],"acf":[],"yoast_head":"<!-- This site is optimized with the Yoast SEO plugin v27.4 - https:\/\/yoast.com\/product\/yoast-seo-wordpress\/ -->\n<title>Informacja pokonferencyjna - Forum Rozwoju Miast<\/title>\n<meta name=\"robots\" content=\"index, follow, max-snippet:-1, max-image-preview:large, max-video-preview:-1\" \/>\n<link rel=\"canonical\" href=\"https:\/\/forumrozwojumiast.poznan.pl\/2018\/wydarzenia\/informacja-pokonferencyjna\/\" \/>\n<meta property=\"og:locale\" content=\"pl_PL\" \/>\n<meta property=\"og:type\" content=\"article\" \/>\n<meta property=\"og:title\" content=\"Informacja pokonferencyjna - Forum Rozwoju Miast\" \/>\n<meta property=\"og:description\" content=\"W dniach 12-13 wrze\u015bnia br. odby\u0142a si\u0119 druga edycja Forum Rozwoju Miast w&nbsp;Poznaniu. W&nbsp;tym roku tematem przewodnim by\u0142a logistyka miejska. Wydarzenie zorganizowane przez Miasto Pozna\u0144 i&nbsp;Volkswagen Pozna\u0144 otworzyli Jacek Ja\u015bkowiak, prezydent Poznania i&nbsp;Jens Ocksen, prezes zarz\u0105du Volkswagen Pozna\u0144. Pierwszy dzie\u0144 Forum po\u015bwi\u0119cono na&nbsp;prelekcje polskich i&nbsp;zagranicznych ekspert\u00f3w oraz&nbsp;debat\u0119, kt\u00f3rej uczestnicy zastanawiali si\u0119 nad&nbsp;zagadnieniem wsp\u00f3\u0142dzielenia pojazd\u00f3w w&nbsp;transporcie &hellip; Continue reading &quot;Informacja pokonferencyjna&quot;\" \/>\n<meta property=\"og:url\" content=\"https:\/\/forumrozwojumiast.poznan.pl\/2018\/wydarzenia\/informacja-pokonferencyjna\/\" \/>\n<meta property=\"og:site_name\" content=\"Forum Rozwoju Miast\" \/>\n<meta property=\"article:modified_time\" content=\"2019-02-06T11:46:01+00:00\" \/>\n<meta name=\"twitter:card\" content=\"summary_large_image\" \/>\n<meta name=\"twitter:label1\" content=\"Szacowany czas czytania\" \/>\n\t<meta name=\"twitter:data1\" content=\"2 minuty\" \/>\n<script type=\"application\/ld+json\" class=\"yoast-schema-graph\">{\"@context\":\"https:\\\/\\\/schema.org\",\"@graph\":[{\"@type\":\"WebPage\",\"@id\":\"https:\\\/\\\/forumrozwojumiast.poznan.pl\\\/2018\\\/wydarzenia\\\/informacja-pokonferencyjna\\\/\",\"url\":\"https:\\\/\\\/forumrozwojumiast.poznan.pl\\\/2018\\\/wydarzenia\\\/informacja-pokonferencyjna\\\/\",\"name\":\"Informacja pokonferencyjna - Forum Rozwoju Miast\",\"isPartOf\":{\"@id\":\"https:\\\/\\\/forumrozwojumiast.poznan.pl\\\/2018\\\/#website\"},\"datePublished\":\"2018-12-21T10:38:47+00:00\",\"dateModified\":\"2019-02-06T11:46:01+00:00\",\"breadcrumb\":{\"@id\":\"https:\\\/\\\/forumrozwojumiast.poznan.pl\\\/2018\\\/wydarzenia\\\/informacja-pokonferencyjna\\\/#breadcrumb\"},\"inLanguage\":\"pl-PL\",\"potentialAction\":[{\"@type\":\"ReadAction\",\"target\":[\"https:\\\/\\\/forumrozwojumiast.poznan.pl\\\/2018\\\/wydarzenia\\\/informacja-pokonferencyjna\\\/\"]}]},{\"@type\":\"BreadcrumbList\",\"@id\":\"https:\\\/\\\/forumrozwojumiast.poznan.pl\\\/2018\\\/wydarzenia\\\/informacja-pokonferencyjna\\\/#breadcrumb\",\"itemListElement\":[{\"@type\":\"ListItem\",\"position\":1,\"name\":\"Strona g\u0142\u00f3wna\",\"item\":\"https:\\\/\\\/forumrozwojumiast.poznan.pl\\\/2018\\\/\"},{\"@type\":\"ListItem\",\"position\":2,\"name\":\"Prywatne: O forum\",\"item\":\"https:\\\/\\\/forumrozwojumiast.poznan.pl\\\/2018\\\/?page_id=670\"},{\"@type\":\"ListItem\",\"position\":3,\"name\":\"Informacja pokonferencyjna\"}]},{\"@type\":\"WebSite\",\"@id\":\"https:\\\/\\\/forumrozwojumiast.poznan.pl\\\/2018\\\/#website\",\"url\":\"https:\\\/\\\/forumrozwojumiast.poznan.pl\\\/2018\\\/\",\"name\":\"Forum Rozwoju Miast\",\"description\":\"Obywatelski wymiar strategicznego zarz\u0105dzania miastem\",\"publisher\":{\"@id\":\"https:\\\/\\\/forumrozwojumiast.poznan.pl\\\/2018\\\/#organization\"},\"potentialAction\":[{\"@type\":\"SearchAction\",\"target\":{\"@type\":\"EntryPoint\",\"urlTemplate\":\"https:\\\/\\\/forumrozwojumiast.poznan.pl\\\/2018\\\/?s={search_term_string}\"},\"query-input\":{\"@type\":\"PropertyValueSpecification\",\"valueRequired\":true,\"valueName\":\"search_term_string\"}}],\"inLanguage\":\"pl-PL\"},{\"@type\":\"Organization\",\"@id\":\"https:\\\/\\\/forumrozwojumiast.poznan.pl\\\/2018\\\/#organization\",\"name\":\"Forum Rozwoju Miast\",\"url\":\"https:\\\/\\\/forumrozwojumiast.poznan.pl\\\/2018\\\/\",\"logo\":{\"@type\":\"ImageObject\",\"inLanguage\":\"pl-PL\",\"@id\":\"https:\\\/\\\/forumrozwojumiast.poznan.pl\\\/2018\\\/#\\\/schema\\\/logo\\\/image\\\/\",\"url\":\"https:\\\/\\\/forumrozwojumiast.poznan.pl\\\/2018\\\/wp-content\\\/uploads\\\/2017\\\/09\\\/cropped-FORUM-ROZWOJU-MIAST-3.png\",\"contentUrl\":\"https:\\\/\\\/forumrozwojumiast.poznan.pl\\\/2018\\\/wp-content\\\/uploads\\\/2017\\\/09\\\/cropped-FORUM-ROZWOJU-MIAST-3.png\",\"width\":627,\"height\":250,\"caption\":\"Forum Rozwoju Miast\"},\"image\":{\"@id\":\"https:\\\/\\\/forumrozwojumiast.poznan.pl\\\/2018\\\/#\\\/schema\\\/logo\\\/image\\\/\"}}]}<\/script>\n<!-- \/ Yoast SEO plugin. -->","yoast_head_json":{"title":"Informacja pokonferencyjna - Forum Rozwoju Miast","robots":{"index":"index","follow":"follow","max-snippet":"max-snippet:-1","max-image-preview":"max-image-preview:large","max-video-preview":"max-video-preview:-1"},"canonical":"https:\/\/forumrozwojumiast.poznan.pl\/2018\/wydarzenia\/informacja-pokonferencyjna\/","og_locale":"pl_PL","og_type":"article","og_title":"Informacja pokonferencyjna - Forum Rozwoju Miast","og_description":"W dniach 12-13 wrze\u015bnia br. odby\u0142a si\u0119 druga edycja Forum Rozwoju Miast w&nbsp;Poznaniu. W&nbsp;tym roku tematem przewodnim by\u0142a logistyka miejska. Wydarzenie zorganizowane przez Miasto Pozna\u0144 i&nbsp;Volkswagen Pozna\u0144 otworzyli Jacek Ja\u015bkowiak, prezydent Poznania i&nbsp;Jens Ocksen, prezes zarz\u0105du Volkswagen Pozna\u0144. Pierwszy dzie\u0144 Forum po\u015bwi\u0119cono na&nbsp;prelekcje polskich i&nbsp;zagranicznych ekspert\u00f3w oraz&nbsp;debat\u0119, kt\u00f3rej uczestnicy zastanawiali si\u0119 nad&nbsp;zagadnieniem wsp\u00f3\u0142dzielenia pojazd\u00f3w w&nbsp;transporcie &hellip; Continue reading \"Informacja pokonferencyjna\"","og_url":"https:\/\/forumrozwojumiast.poznan.pl\/2018\/wydarzenia\/informacja-pokonferencyjna\/","og_site_name":"Forum Rozwoju Miast","article_modified_time":"2019-02-06T11:46:01+00:00","twitter_card":"summary_large_image","twitter_misc":{"Szacowany czas czytania":"2 minuty"},"schema":{"@context":"https:\/\/schema.org","@graph":[{"@type":"WebPage","@id":"https:\/\/forumrozwojumiast.poznan.pl\/2018\/wydarzenia\/informacja-pokonferencyjna\/","url":"https:\/\/forumrozwojumiast.poznan.pl\/2018\/wydarzenia\/informacja-pokonferencyjna\/","name":"Informacja pokonferencyjna - Forum Rozwoju Miast","isPartOf":{"@id":"https:\/\/forumrozwojumiast.poznan.pl\/2018\/#website"},"datePublished":"2018-12-21T10:38:47+00:00","dateModified":"2019-02-06T11:46:01+00:00","breadcrumb":{"@id":"https:\/\/forumrozwojumiast.poznan.pl\/2018\/wydarzenia\/informacja-pokonferencyjna\/#breadcrumb"},"inLanguage":"pl-PL","potentialAction":[{"@type":"ReadAction","target":["https:\/\/forumrozwojumiast.poznan.pl\/2018\/wydarzenia\/informacja-pokonferencyjna\/"]}]},{"@type":"BreadcrumbList","@id":"https:\/\/forumrozwojumiast.poznan.pl\/2018\/wydarzenia\/informacja-pokonferencyjna\/#breadcrumb","itemListElement":[{"@type":"ListItem","position":1,"name":"Strona g\u0142\u00f3wna","item":"https:\/\/forumrozwojumiast.poznan.pl\/2018\/"},{"@type":"ListItem","position":2,"name":"Prywatne: O forum","item":"https:\/\/forumrozwojumiast.poznan.pl\/2018\/?page_id=670"},{"@type":"ListItem","position":3,"name":"Informacja pokonferencyjna"}]},{"@type":"WebSite","@id":"https:\/\/forumrozwojumiast.poznan.pl\/2018\/#website","url":"https:\/\/forumrozwojumiast.poznan.pl\/2018\/","name":"Forum Rozwoju Miast","description":"Obywatelski wymiar strategicznego zarz\u0105dzania miastem","publisher":{"@id":"https:\/\/forumrozwojumiast.poznan.pl\/2018\/#organization"},"potentialAction":[{"@type":"SearchAction","target":{"@type":"EntryPoint","urlTemplate":"https:\/\/forumrozwojumiast.poznan.pl\/2018\/?s={search_term_string}"},"query-input":{"@type":"PropertyValueSpecification","valueRequired":true,"valueName":"search_term_string"}}],"inLanguage":"pl-PL"},{"@type":"Organization","@id":"https:\/\/forumrozwojumiast.poznan.pl\/2018\/#organization","name":"Forum Rozwoju Miast","url":"https:\/\/forumrozwojumiast.poznan.pl\/2018\/","logo":{"@type":"ImageObject","inLanguage":"pl-PL","@id":"https:\/\/forumrozwojumiast.poznan.pl\/2018\/#\/schema\/logo\/image\/","url":"https:\/\/forumrozwojumiast.poznan.pl\/2018\/wp-content\/uploads\/2017\/09\/cropped-FORUM-ROZWOJU-MIAST-3.png","contentUrl":"https:\/\/forumrozwojumiast.poznan.pl\/2018\/wp-content\/uploads\/2017\/09\/cropped-FORUM-ROZWOJU-MIAST-3.png","width":627,"height":250,"caption":"Forum Rozwoju Miast"},"image":{"@id":"https:\/\/forumrozwojumiast.poznan.pl\/2018\/#\/schema\/logo\/image\/"}}]}},"_links":{"self":[{"href":"https:\/\/forumrozwojumiast.poznan.pl\/2018\/wp-json\/wp\/v2\/pages\/3234","targetHints":{"allow":["GET"]}}],"collection":[{"href":"https:\/\/forumrozwojumiast.poznan.pl\/2018\/wp-json\/wp\/v2\/pages"}],"about":[{"href":"https:\/\/forumrozwojumiast.poznan.pl\/2018\/wp-json\/wp\/v2\/types\/page"}],"author":[{"embeddable":true,"href":"https:\/\/forumrozwojumiast.poznan.pl\/2018\/wp-json\/wp\/v2\/users\/1"}],"replies":[{"embeddable":true,"href":"https:\/\/forumrozwojumiast.poznan.pl\/2018\/wp-json\/wp\/v2\/comments?post=3234"}],"version-history":[{"count":9,"href":"https:\/\/forumrozwojumiast.poznan.pl\/2018\/wp-json\/wp\/v2\/pages\/3234\/revisions"}],"predecessor-version":[{"id":3250,"href":"https:\/\/forumrozwojumiast.poznan.pl\/2018\/wp-json\/wp\/v2\/pages\/3234\/revisions\/3250"}],"up":[{"embeddable":true,"href":"https:\/\/forumrozwojumiast.poznan.pl\/2018\/wp-json\/wp\/v2\/pages\/670"}],"wp:attachment":[{"href":"https:\/\/forumrozwojumiast.poznan.pl\/2018\/wp-json\/wp\/v2\/media?parent=3234"}],"curies":[{"name":"wp","href":"https:\/\/api.w.org\/{rel}","templated":true}]}}