{"id":56,"date":"2017-08-01T16:48:21","date_gmt":"2017-08-01T14:48:21","guid":{"rendered":"https:\/\/forumrozwojumiast.poznan.pl\/2018\/?page_id=56"},"modified":"2018-07-13T13:04:48","modified_gmt":"2018-07-13T11:04:48","slug":"debate","status":"publish","type":"page","link":"https:\/\/forumrozwojumiast.poznan.pl\/2018\/en\/debate\/","title":{"rendered":"To own or to share? Efficient use of the load space"},"content":{"rendered":"<p>According to the PwC report from 2016, it is estimated that in the next years the European car sharing market will grow on average at even 30% annually. The&nbsp;Poles adapt to the market news equally fast and&nbsp;as many as 19% of them actively use the services of sharing passenger vehicles. Perhaps we should use this trend in the transport of goods? Let us ask ourselves whether we are ready for the joint use of the load space of vehicles in different sectors. What will we need in order to implement the solutions for the optimum use of delivery vehicles and&nbsp;will it result in the reduction of the costs of an&nbsp;individual car used in a business activity as well as decreased and&nbsp;smoother delivery vehicle traffic in the city centre. Let us listen to the opinions of the business practitioners and&nbsp;scientists. Participant are: Marcin Folty\u0144ski Institute of Logistics and&nbsp;Warehousing, Micha\u0142 Gawryluk Kierownik Dzia\u0142u Us\u0142ug KEP Poczta Polska oraz&nbsp;Aneta Ogrodniczek CEO Easyshare.<\/p>\n<p>Moderators: Dr. habil. Arkadiusz Kawa, associate professor at the UEP and&nbsp;Dr. Hubert Igli\u0144ski, Pozna\u0144 University of Economy and&nbsp;Business<\/p>\n","protected":false},"excerpt":{"rendered":"<p>According to the PwC report from 2016, it is estimated that in the next years the European car sharing market will grow on average at even 30% annually. The&nbsp;Poles adapt to the market news equally fast and&nbsp;as many as 19% of them actively use the services of sharing passenger vehicles. Perhaps we should use this &hellip; <\/p>\n<p class=\"link-more\"><a href=\"https:\/\/forumrozwojumiast.poznan.pl\/2018\/en\/debate\/\" class=\"more-link\">Continue reading<span class=\"screen-reader-text\"> &#8222;To own or to share? Efficient use of the load space&#8221;<\/span><\/a><\/p>\n","protected":false},"author":1,"featured_media":0,"parent":0,"menu_order":70,"comment_status":"closed","ping_status":"closed","template":"","meta":{"_acf_changed":false,"inline_featured_image":false,"ngg_post_thumbnail":0,"footnotes":""},"class_list":["post-56","page","type-page","status-publish","hentry"],"acf":[],"yoast_head":"<!-- This site is optimized with the Yoast SEO plugin v27.6 - https:\/\/yoast.com\/product\/yoast-seo-wordpress\/ -->\n<title>To own or to share? Efficient use of the load space - Forum Rozwoju Miast<\/title>\n<meta name=\"robots\" content=\"index, follow, max-snippet:-1, max-image-preview:large, max-video-preview:-1\" \/>\n<link rel=\"canonical\" href=\"https:\/\/forumrozwojumiast.poznan.pl\/2018\/en\/debate\/\" \/>\n<meta property=\"og:locale\" content=\"pl_PL\" \/>\n<meta property=\"og:type\" content=\"article\" \/>\n<meta property=\"og:title\" content=\"To own or to share? Efficient use of the load space - Forum Rozwoju Miast\" \/>\n<meta property=\"og:description\" content=\"According to the PwC report from 2016, it is estimated that in the next years the European car sharing market will grow on average at even 30% annually. The&nbsp;Poles adapt to the market news equally fast and&nbsp;as many as 19% of them actively use the services of sharing passenger vehicles. Perhaps we should use this &hellip; Continue reading &quot;To own or to share? Efficient use of the load space&quot;\" \/>\n<meta property=\"og:url\" content=\"https:\/\/forumrozwojumiast.poznan.pl\/2018\/en\/debate\/\" \/>\n<meta property=\"og:site_name\" content=\"Forum Rozwoju Miast\" \/>\n<meta property=\"article:modified_time\" content=\"2018-07-13T11:04:48+00:00\" \/>\n<meta name=\"twitter:card\" content=\"summary_large_image\" \/>\n<meta name=\"twitter:label1\" content=\"Szacowany czas czytania\" \/>\n\t<meta name=\"twitter:data1\" content=\"1 minuta\" \/>\n<script type=\"application\/ld+json\" class=\"yoast-schema-graph\">{\"@context\":\"https:\\\/\\\/schema.org\",\"@graph\":[{\"@type\":\"WebPage\",\"@id\":\"https:\\\/\\\/forumrozwojumiast.poznan.pl\\\/2018\\\/en\\\/debate\\\/\",\"url\":\"https:\\\/\\\/forumrozwojumiast.poznan.pl\\\/2018\\\/en\\\/debate\\\/\",\"name\":\"To own or to share? Efficient use of the load space - Forum Rozwoju Miast\",\"isPartOf\":{\"@id\":\"https:\\\/\\\/forumrozwojumiast.poznan.pl\\\/2018\\\/#website\"},\"datePublished\":\"2017-08-01T14:48:21+00:00\",\"dateModified\":\"2018-07-13T11:04:48+00:00\",\"breadcrumb\":{\"@id\":\"https:\\\/\\\/forumrozwojumiast.poznan.pl\\\/2018\\\/en\\\/debate\\\/#breadcrumb\"},\"inLanguage\":\"pl-PL\",\"potentialAction\":[{\"@type\":\"ReadAction\",\"target\":[\"https:\\\/\\\/forumrozwojumiast.poznan.pl\\\/2018\\\/en\\\/debate\\\/\"]}]},{\"@type\":\"BreadcrumbList\",\"@id\":\"https:\\\/\\\/forumrozwojumiast.poznan.pl\\\/2018\\\/en\\\/debate\\\/#breadcrumb\",\"itemListElement\":[{\"@type\":\"ListItem\",\"position\":1,\"name\":\"Strona g\u0142\u00f3wna\",\"item\":\"https:\\\/\\\/forumrozwojumiast.poznan.pl\\\/2018\\\/\"},{\"@type\":\"ListItem\",\"position\":2,\"name\":\"To own or to share? Efficient use of the load space\"}]},{\"@type\":\"WebSite\",\"@id\":\"https:\\\/\\\/forumrozwojumiast.poznan.pl\\\/2018\\\/#website\",\"url\":\"https:\\\/\\\/forumrozwojumiast.poznan.pl\\\/2018\\\/\",\"name\":\"Forum Rozwoju Miast\",\"description\":\"Obywatelski wymiar strategicznego zarz\u0105dzania miastem\",\"publisher\":{\"@id\":\"https:\\\/\\\/forumrozwojumiast.poznan.pl\\\/2018\\\/#organization\"},\"potentialAction\":[{\"@type\":\"SearchAction\",\"target\":{\"@type\":\"EntryPoint\",\"urlTemplate\":\"https:\\\/\\\/forumrozwojumiast.poznan.pl\\\/2018\\\/?s={search_term_string}\"},\"query-input\":{\"@type\":\"PropertyValueSpecification\",\"valueRequired\":true,\"valueName\":\"search_term_string\"}}],\"inLanguage\":\"pl-PL\"},{\"@type\":\"Organization\",\"@id\":\"https:\\\/\\\/forumrozwojumiast.poznan.pl\\\/2018\\\/#organization\",\"name\":\"Forum Rozwoju Miast\",\"url\":\"https:\\\/\\\/forumrozwojumiast.poznan.pl\\\/2018\\\/\",\"logo\":{\"@type\":\"ImageObject\",\"inLanguage\":\"pl-PL\",\"@id\":\"https:\\\/\\\/forumrozwojumiast.poznan.pl\\\/2018\\\/#\\\/schema\\\/logo\\\/image\\\/\",\"url\":\"https:\\\/\\\/forumrozwojumiast.poznan.pl\\\/2018\\\/wp-content\\\/uploads\\\/2017\\\/09\\\/cropped-FORUM-ROZWOJU-MIAST-3.png\",\"contentUrl\":\"https:\\\/\\\/forumrozwojumiast.poznan.pl\\\/2018\\\/wp-content\\\/uploads\\\/2017\\\/09\\\/cropped-FORUM-ROZWOJU-MIAST-3.png\",\"width\":627,\"height\":250,\"caption\":\"Forum Rozwoju Miast\"},\"image\":{\"@id\":\"https:\\\/\\\/forumrozwojumiast.poznan.pl\\\/2018\\\/#\\\/schema\\\/logo\\\/image\\\/\"}}]}<\/script>\n<!-- \/ Yoast SEO plugin. -->","yoast_head_json":{"title":"To own or to share? Efficient use of the load space - Forum Rozwoju Miast","robots":{"index":"index","follow":"follow","max-snippet":"max-snippet:-1","max-image-preview":"max-image-preview:large","max-video-preview":"max-video-preview:-1"},"canonical":"https:\/\/forumrozwojumiast.poznan.pl\/2018\/en\/debate\/","og_locale":"pl_PL","og_type":"article","og_title":"To own or to share? Efficient use of the load space - Forum Rozwoju Miast","og_description":"According to the PwC report from 2016, it is estimated that in the next years the European car sharing market will grow on average at even 30% annually. The&nbsp;Poles adapt to the market news equally fast and&nbsp;as many as 19% of them actively use the services of sharing passenger vehicles. Perhaps we should use this &hellip; Continue reading \"To own or to share? Efficient use of the load space\"","og_url":"https:\/\/forumrozwojumiast.poznan.pl\/2018\/en\/debate\/","og_site_name":"Forum Rozwoju Miast","article_modified_time":"2018-07-13T11:04:48+00:00","twitter_card":"summary_large_image","twitter_misc":{"Szacowany czas czytania":"1 minuta"},"schema":{"@context":"https:\/\/schema.org","@graph":[{"@type":"WebPage","@id":"https:\/\/forumrozwojumiast.poznan.pl\/2018\/en\/debate\/","url":"https:\/\/forumrozwojumiast.poznan.pl\/2018\/en\/debate\/","name":"To own or to share? Efficient use of the load space - Forum Rozwoju Miast","isPartOf":{"@id":"https:\/\/forumrozwojumiast.poznan.pl\/2018\/#website"},"datePublished":"2017-08-01T14:48:21+00:00","dateModified":"2018-07-13T11:04:48+00:00","breadcrumb":{"@id":"https:\/\/forumrozwojumiast.poznan.pl\/2018\/en\/debate\/#breadcrumb"},"inLanguage":"pl-PL","potentialAction":[{"@type":"ReadAction","target":["https:\/\/forumrozwojumiast.poznan.pl\/2018\/en\/debate\/"]}]},{"@type":"BreadcrumbList","@id":"https:\/\/forumrozwojumiast.poznan.pl\/2018\/en\/debate\/#breadcrumb","itemListElement":[{"@type":"ListItem","position":1,"name":"Strona g\u0142\u00f3wna","item":"https:\/\/forumrozwojumiast.poznan.pl\/2018\/"},{"@type":"ListItem","position":2,"name":"To own or to share? Efficient use of the load space"}]},{"@type":"WebSite","@id":"https:\/\/forumrozwojumiast.poznan.pl\/2018\/#website","url":"https:\/\/forumrozwojumiast.poznan.pl\/2018\/","name":"Forum Rozwoju Miast","description":"Obywatelski wymiar strategicznego zarz\u0105dzania miastem","publisher":{"@id":"https:\/\/forumrozwojumiast.poznan.pl\/2018\/#organization"},"potentialAction":[{"@type":"SearchAction","target":{"@type":"EntryPoint","urlTemplate":"https:\/\/forumrozwojumiast.poznan.pl\/2018\/?s={search_term_string}"},"query-input":{"@type":"PropertyValueSpecification","valueRequired":true,"valueName":"search_term_string"}}],"inLanguage":"pl-PL"},{"@type":"Organization","@id":"https:\/\/forumrozwojumiast.poznan.pl\/2018\/#organization","name":"Forum Rozwoju Miast","url":"https:\/\/forumrozwojumiast.poznan.pl\/2018\/","logo":{"@type":"ImageObject","inLanguage":"pl-PL","@id":"https:\/\/forumrozwojumiast.poznan.pl\/2018\/#\/schema\/logo\/image\/","url":"https:\/\/forumrozwojumiast.poznan.pl\/2018\/wp-content\/uploads\/2017\/09\/cropped-FORUM-ROZWOJU-MIAST-3.png","contentUrl":"https:\/\/forumrozwojumiast.poznan.pl\/2018\/wp-content\/uploads\/2017\/09\/cropped-FORUM-ROZWOJU-MIAST-3.png","width":627,"height":250,"caption":"Forum Rozwoju Miast"},"image":{"@id":"https:\/\/forumrozwojumiast.poznan.pl\/2018\/#\/schema\/logo\/image\/"}}]}},"_links":{"self":[{"href":"https:\/\/forumrozwojumiast.poznan.pl\/2018\/wp-json\/wp\/v2\/pages\/56","targetHints":{"allow":["GET"]}}],"collection":[{"href":"https:\/\/forumrozwojumiast.poznan.pl\/2018\/wp-json\/wp\/v2\/pages"}],"about":[{"href":"https:\/\/forumrozwojumiast.poznan.pl\/2018\/wp-json\/wp\/v2\/types\/page"}],"author":[{"embeddable":true,"href":"https:\/\/forumrozwojumiast.poznan.pl\/2018\/wp-json\/wp\/v2\/users\/1"}],"replies":[{"embeddable":true,"href":"https:\/\/forumrozwojumiast.poznan.pl\/2018\/wp-json\/wp\/v2\/comments?post=56"}],"version-history":[{"count":14,"href":"https:\/\/forumrozwojumiast.poznan.pl\/2018\/wp-json\/wp\/v2\/pages\/56\/revisions"}],"predecessor-version":[{"id":2237,"href":"https:\/\/forumrozwojumiast.poznan.pl\/2018\/wp-json\/wp\/v2\/pages\/56\/revisions\/2237"}],"wp:attachment":[{"href":"https:\/\/forumrozwojumiast.poznan.pl\/2018\/wp-json\/wp\/v2\/media?parent=56"}],"curies":[{"name":"wp","href":"https:\/\/api.w.org\/{rel}","templated":true}]}}