{"id":320,"date":"2017-09-20T15:29:19","date_gmt":"2017-09-20T13:29:19","guid":{"rendered":"https:\/\/forumrozwojumiast.poznan.pl\/2019\/?page_id=320"},"modified":"2019-09-10T11:42:42","modified_gmt":"2019-09-10T09:42:42","slug":"o-forum","status":"publish","type":"page","link":"https:\/\/forumrozwojumiast.poznan.pl\/2019\/o-forum\/","title":{"rendered":"O forum &#8211; zapowied\u017a"},"content":{"rendered":"<blockquote>\n<p style=\"text-align: center;\"><strong><span style=\"font-size: 18pt;\"><em>Przysz\u0142e miasta musz\u0105 przemy\u015ble\u0107 zaanga\u017cowanie u\u017cytkownik\u00f3w. Miasta s\u0105 najbardziej dynamiczne, kiedy po\u0142\u0105czymy miasto i&nbsp;ludzi we wsp\u00f3\u0142pracy a nie b\u0119dziemy ich rozdziela\u0107.<\/em><\/span><\/strong><\/p>\n<\/blockquote>\n<p style=\"text-align: center;\"><em>Helle S\u00f8holt Wsp\u00f3\u0142za\u0142o\u017cycielka i&nbsp;Dyrektor Generalny firmy Gehl Architecs<\/em><\/p>\n<p>W inteligentnych miastach przysz\u0142o\u015bci najwa\u017cniejsi s\u0105 mieszka\u0144cy. Uwzgl\u0119dnianie ich potencja\u0142u i&nbsp;w\u0142\u0105czenie spo\u0142eczno\u015bci lokalnej w&nbsp;proces planowania miasta to najprostszy i&nbsp;najta\u0144szy spos\u00f3b na&nbsp;tworzenie lepszego miejsca dla wszystkich. Miasta przysz\u0142o\u015bci nie powinny stawia\u0107 na&nbsp;pierwszym miejscu technologii. Przed ukierunkowaniem rozwoju inteligentnych miast tylko na&nbsp;technologi\u0119 ostrzega coraz wi\u0119cej ekspert\u00f3w wskazuj\u0105c, \u017ce nie mo\u017ce ona by\u0107 celem samym w&nbsp;sobie w&nbsp;rozwi\u0105zywaniu wsp\u00f3\u0142czesnych problem\u00f3w miejskich. Nie oznacza to jednak odrzucenia mo\u017cliwo\u015bci korzystnych zmian w&nbsp;funkcjonowaniu miasta, gwarantowanych przez nowoczesne rozwi\u0105zania technologiczne. Jednak nawet najbardziej zaawansowana technologia jest tylko narz\u0119dziem, a nie celem polepszenia jako\u015bci \u017cycia mieszka\u0144c\u00f3w. Ci\u0105g\u0142y dialog spo\u0142eczny, otwarto\u015b\u0107 i&nbsp;ws\u0142uchiwanie si\u0119 w&nbsp;opinie u\u017cytkownik\u00f3w miasta to najlepsza gwarancja, \u017ce miasto w&nbsp;spos\u00f3b najlepszy wykorzystuje nowoczesne technologie, aby&nbsp;stawa\u0107 si\u0119 coraz bardziej przyjaznym inteligentnym miastem przysz\u0142o\u015bci.<\/p>\n<p>W prowadzonej podczas forum dyskusji na&nbsp;ten temat pod uwag\u0119 we\u017amiemy szanse i&nbsp;wyzwania dla inteligentnych miast przysz\u0142o\u015bci w&nbsp;dobie szybkiego post\u0119pu technologicznego i&nbsp;zmian w&nbsp;\u015brodowisku naturalnym, otwieranie si\u0119 inteligentnych miast na&nbsp;spo\u0142eczne smart innowacje i&nbsp;tworzenie ich wsp\u00f3lnie z&nbsp;u\u017cytkownikami. Osi\u0105 forum s\u0105 trzy bloki tematyczne: Inteligentne rozwi\u0105zania w\u0142\u0105czaj\u0105ce mieszka\u0144c\u00f3w (Smart Inclusive City Actions), Inteligentne formy komunikacji spo\u0142ecznej (Open Smart City Actions) oraz&nbsp;Inteligentne, czyste technologie energetyczne (Energy Cleantech Smart City).<\/p>\n<p><b>Zapraszamy do&nbsp;Poznania na&nbsp;kolejn\u0105 edycj\u0119 Forum Rozwoju Miast!<\/b><\/p>\n","protected":false},"excerpt":{"rendered":"<p>Przysz\u0142e miasta musz\u0105 przemy\u015ble\u0107 zaanga\u017cowanie u\u017cytkownik\u00f3w. Miasta s\u0105 najbardziej dynamiczne, kiedy po\u0142\u0105czymy miasto i&nbsp;ludzi we wsp\u00f3\u0142pracy a nie b\u0119dziemy ich rozdziela\u0107. Helle S\u00f8holt Wsp\u00f3\u0142za\u0142o\u017cycielka i&nbsp;Dyrektor Generalny firmy Gehl Architecs W inteligentnych miastach przysz\u0142o\u015bci najwa\u017cniejsi s\u0105 mieszka\u0144cy. Uwzgl\u0119dnianie ich potencja\u0142u i&nbsp;w\u0142\u0105czenie spo\u0142eczno\u015bci lokalnej w&nbsp;proces planowania miasta to najprostszy i&nbsp;najta\u0144szy spos\u00f3b na&nbsp;tworzenie lepszego miejsca dla wszystkich. Miasta &hellip; <\/p>\n<p class=\"link-more\"><a href=\"https:\/\/forumrozwojumiast.poznan.pl\/2019\/o-forum\/\" class=\"more-link\">Continue reading<span class=\"screen-reader-text\"> &#8222;O forum &#8211; zapowied\u017a&#8221;<\/span><\/a><\/p>\n","protected":false},"author":1,"featured_media":0,"parent":0,"menu_order":107,"comment_status":"closed","ping_status":"closed","template":"","meta":{"_acf_changed":false,"inline_featured_image":false,"ngg_post_thumbnail":0,"footnotes":""},"class_list":["post-320","page","type-page","status-publish","hentry"],"acf":[],"yoast_head":"<!-- This site is optimized with the Yoast SEO plugin v27.5 - https:\/\/yoast.com\/product\/yoast-seo-wordpress\/ -->\n<title>O forum - zapowied\u017a - Forum Rozwoju Miast<\/title>\n<meta name=\"robots\" content=\"index, follow, max-snippet:-1, max-image-preview:large, max-video-preview:-1\" \/>\n<link rel=\"canonical\" href=\"https:\/\/forumrozwojumiast.poznan.pl\/2019\/o-forum\/\" \/>\n<meta property=\"og:locale\" content=\"pl_PL\" \/>\n<meta property=\"og:type\" content=\"article\" \/>\n<meta property=\"og:title\" content=\"O forum - zapowied\u017a - Forum Rozwoju Miast\" \/>\n<meta property=\"og:description\" content=\"Przysz\u0142e miasta musz\u0105 przemy\u015ble\u0107 zaanga\u017cowanie u\u017cytkownik\u00f3w. Miasta s\u0105 najbardziej dynamiczne, kiedy po\u0142\u0105czymy miasto i&nbsp;ludzi we wsp\u00f3\u0142pracy a nie b\u0119dziemy ich rozdziela\u0107. Helle S\u00f8holt Wsp\u00f3\u0142za\u0142o\u017cycielka i&nbsp;Dyrektor Generalny firmy Gehl Architecs W inteligentnych miastach przysz\u0142o\u015bci najwa\u017cniejsi s\u0105 mieszka\u0144cy. Uwzgl\u0119dnianie ich potencja\u0142u i&nbsp;w\u0142\u0105czenie spo\u0142eczno\u015bci lokalnej w&nbsp;proces planowania miasta to najprostszy i&nbsp;najta\u0144szy spos\u00f3b na&nbsp;tworzenie lepszego miejsca dla wszystkich. Miasta &hellip; Continue reading &quot;O forum &#8211; zapowied\u017a&quot;\" \/>\n<meta property=\"og:url\" content=\"https:\/\/forumrozwojumiast.poznan.pl\/2019\/o-forum\/\" \/>\n<meta property=\"og:site_name\" content=\"Forum Rozwoju Miast\" \/>\n<meta property=\"article:modified_time\" content=\"2019-09-10T09:42:42+00:00\" \/>\n<meta name=\"twitter:card\" content=\"summary_large_image\" \/>\n<meta name=\"twitter:label1\" content=\"Szacowany czas czytania\" \/>\n\t<meta name=\"twitter:data1\" content=\"2 minuty\" \/>\n<script type=\"application\/ld+json\" class=\"yoast-schema-graph\">{\"@context\":\"https:\\\/\\\/schema.org\",\"@graph\":[{\"@type\":\"WebPage\",\"@id\":\"https:\\\/\\\/forumrozwojumiast.poznan.pl\\\/2019\\\/o-forum\\\/\",\"url\":\"https:\\\/\\\/forumrozwojumiast.poznan.pl\\\/2019\\\/o-forum\\\/\",\"name\":\"O forum - zapowied\u017a - Forum Rozwoju Miast\",\"isPartOf\":{\"@id\":\"https:\\\/\\\/forumrozwojumiast.poznan.pl\\\/2019\\\/#website\"},\"datePublished\":\"2017-09-20T13:29:19+00:00\",\"dateModified\":\"2019-09-10T09:42:42+00:00\",\"breadcrumb\":{\"@id\":\"https:\\\/\\\/forumrozwojumiast.poznan.pl\\\/2019\\\/o-forum\\\/#breadcrumb\"},\"inLanguage\":\"pl-PL\",\"potentialAction\":[{\"@type\":\"ReadAction\",\"target\":[\"https:\\\/\\\/forumrozwojumiast.poznan.pl\\\/2019\\\/o-forum\\\/\"]}]},{\"@type\":\"BreadcrumbList\",\"@id\":\"https:\\\/\\\/forumrozwojumiast.poznan.pl\\\/2019\\\/o-forum\\\/#breadcrumb\",\"itemListElement\":[{\"@type\":\"ListItem\",\"position\":1,\"name\":\"Strona g\u0142\u00f3wna\",\"item\":\"https:\\\/\\\/forumrozwojumiast.poznan.pl\\\/2019\\\/\"},{\"@type\":\"ListItem\",\"position\":2,\"name\":\"O forum &#8211; zapowied\u017a\"}]},{\"@type\":\"WebSite\",\"@id\":\"https:\\\/\\\/forumrozwojumiast.poznan.pl\\\/2019\\\/#website\",\"url\":\"https:\\\/\\\/forumrozwojumiast.poznan.pl\\\/2019\\\/\",\"name\":\"Forum Rozwoju Miast\",\"description\":\"Obywatelski wymiar strategicznego zarz\u0105dzania miastem\",\"potentialAction\":[{\"@type\":\"SearchAction\",\"target\":{\"@type\":\"EntryPoint\",\"urlTemplate\":\"https:\\\/\\\/forumrozwojumiast.poznan.pl\\\/2019\\\/?s={search_term_string}\"},\"query-input\":{\"@type\":\"PropertyValueSpecification\",\"valueRequired\":true,\"valueName\":\"search_term_string\"}}],\"inLanguage\":\"pl-PL\"}]}<\/script>\n<!-- \/ Yoast SEO plugin. -->","yoast_head_json":{"title":"O forum - zapowied\u017a - Forum Rozwoju Miast","robots":{"index":"index","follow":"follow","max-snippet":"max-snippet:-1","max-image-preview":"max-image-preview:large","max-video-preview":"max-video-preview:-1"},"canonical":"https:\/\/forumrozwojumiast.poznan.pl\/2019\/o-forum\/","og_locale":"pl_PL","og_type":"article","og_title":"O forum - zapowied\u017a - Forum Rozwoju Miast","og_description":"Przysz\u0142e miasta musz\u0105 przemy\u015ble\u0107 zaanga\u017cowanie u\u017cytkownik\u00f3w. Miasta s\u0105 najbardziej dynamiczne, kiedy po\u0142\u0105czymy miasto i&nbsp;ludzi we wsp\u00f3\u0142pracy a nie b\u0119dziemy ich rozdziela\u0107. Helle S\u00f8holt Wsp\u00f3\u0142za\u0142o\u017cycielka i&nbsp;Dyrektor Generalny firmy Gehl Architecs W inteligentnych miastach przysz\u0142o\u015bci najwa\u017cniejsi s\u0105 mieszka\u0144cy. Uwzgl\u0119dnianie ich potencja\u0142u i&nbsp;w\u0142\u0105czenie spo\u0142eczno\u015bci lokalnej w&nbsp;proces planowania miasta to najprostszy i&nbsp;najta\u0144szy spos\u00f3b na&nbsp;tworzenie lepszego miejsca dla wszystkich. Miasta &hellip; Continue reading \"O forum &#8211; zapowied\u017a\"","og_url":"https:\/\/forumrozwojumiast.poznan.pl\/2019\/o-forum\/","og_site_name":"Forum Rozwoju Miast","article_modified_time":"2019-09-10T09:42:42+00:00","twitter_card":"summary_large_image","twitter_misc":{"Szacowany czas czytania":"2 minuty"},"schema":{"@context":"https:\/\/schema.org","@graph":[{"@type":"WebPage","@id":"https:\/\/forumrozwojumiast.poznan.pl\/2019\/o-forum\/","url":"https:\/\/forumrozwojumiast.poznan.pl\/2019\/o-forum\/","name":"O forum - zapowied\u017a - Forum Rozwoju Miast","isPartOf":{"@id":"https:\/\/forumrozwojumiast.poznan.pl\/2019\/#website"},"datePublished":"2017-09-20T13:29:19+00:00","dateModified":"2019-09-10T09:42:42+00:00","breadcrumb":{"@id":"https:\/\/forumrozwojumiast.poznan.pl\/2019\/o-forum\/#breadcrumb"},"inLanguage":"pl-PL","potentialAction":[{"@type":"ReadAction","target":["https:\/\/forumrozwojumiast.poznan.pl\/2019\/o-forum\/"]}]},{"@type":"BreadcrumbList","@id":"https:\/\/forumrozwojumiast.poznan.pl\/2019\/o-forum\/#breadcrumb","itemListElement":[{"@type":"ListItem","position":1,"name":"Strona g\u0142\u00f3wna","item":"https:\/\/forumrozwojumiast.poznan.pl\/2019\/"},{"@type":"ListItem","position":2,"name":"O forum &#8211; zapowied\u017a"}]},{"@type":"WebSite","@id":"https:\/\/forumrozwojumiast.poznan.pl\/2019\/#website","url":"https:\/\/forumrozwojumiast.poznan.pl\/2019\/","name":"Forum Rozwoju Miast","description":"Obywatelski wymiar strategicznego zarz\u0105dzania miastem","potentialAction":[{"@type":"SearchAction","target":{"@type":"EntryPoint","urlTemplate":"https:\/\/forumrozwojumiast.poznan.pl\/2019\/?s={search_term_string}"},"query-input":{"@type":"PropertyValueSpecification","valueRequired":true,"valueName":"search_term_string"}}],"inLanguage":"pl-PL"}]}},"_links":{"self":[{"href":"https:\/\/forumrozwojumiast.poznan.pl\/2019\/wp-json\/wp\/v2\/pages\/320","targetHints":{"allow":["GET"]}}],"collection":[{"href":"https:\/\/forumrozwojumiast.poznan.pl\/2019\/wp-json\/wp\/v2\/pages"}],"about":[{"href":"https:\/\/forumrozwojumiast.poznan.pl\/2019\/wp-json\/wp\/v2\/types\/page"}],"author":[{"embeddable":true,"href":"https:\/\/forumrozwojumiast.poznan.pl\/2019\/wp-json\/wp\/v2\/users\/1"}],"replies":[{"embeddable":true,"href":"https:\/\/forumrozwojumiast.poznan.pl\/2019\/wp-json\/wp\/v2\/comments?post=320"}],"version-history":[{"count":14,"href":"https:\/\/forumrozwojumiast.poznan.pl\/2019\/wp-json\/wp\/v2\/pages\/320\/revisions"}],"predecessor-version":[{"id":4370,"href":"https:\/\/forumrozwojumiast.poznan.pl\/2019\/wp-json\/wp\/v2\/pages\/320\/revisions\/4370"}],"wp:attachment":[{"href":"https:\/\/forumrozwojumiast.poznan.pl\/2019\/wp-json\/wp\/v2\/media?parent=320"}],"curies":[{"name":"wp","href":"https:\/\/api.w.org\/{rel}","templated":true}]}}