{"id":3412,"date":"2019-07-30T16:08:08","date_gmt":"2019-07-30T14:08:08","guid":{"rendered":"https:\/\/forumrozwojumiast.poznan.pl\/2019\/?page_id=3412"},"modified":"2019-10-09T08:36:09","modified_gmt":"2019-10-09T06:36:09","slug":"pomysl-i-realizacja","status":"publish","type":"page","link":"https:\/\/forumrozwojumiast.poznan.pl\/2019\/pomysl-i-realizacja\/","title":{"rendered":"pomys\u0142 i realizacja"},"content":{"rendered":"<blockquote>\n<p style=\"text-align: justify;\"><span style=\"font-size: 18pt;\"><strong>Przecie w&nbsp;ca\u0142ym kosmosie nie ma rzeczy tak zmiennej jak miasto, a rzecz tak zmienna nigdy nie da si\u0119 uj\u0105\u0107 ostatecznie.<\/strong><\/span><\/p>\n<\/blockquote>\n<p style=\"text-align: justify;\">Organizatorzy Forum Rozwoju Miast nie maj\u0105 w\u0105tpliwo\u015bci, \u017ce cho\u0107 s\u0142owa Tadeusza Peipera pochodz\u0105 z&nbsp;ubieg\u0142ego wieku, ich aktualno\u015b\u0107 pozostaje niezmienna. Na&nbsp;gruncie ci\u0105gle zmieniaj\u0105cej si\u0119 rzeczywisto\u015bci, nieustaj\u0105cego rozwoju technologii i&nbsp;r\u00f3\u017cnorodno\u015bci zapotrzebowa\u0144 mieszka\u0144c\u00f3w miast, powsta\u0142 pomys\u0142 stworzenia platformy wymiany do\u015bwiadcze\u0144, dobrych praktyk, a co najwa\u017cniejsze miejsca, gdzie mo\u017cliwe b\u0119dzie zapoznanie si\u0119 z&nbsp;najnowszymi trendami oraz&nbsp;narz\u0119dziami wspieraj\u0105cymi rozw\u00f3j miast na&nbsp;wielu p\u0142aszczyznach. Nowe wyzwania stawiane przed zarz\u0105dzaj\u0105cymi miastem, projektantami oraz&nbsp;mieszka\u0144cami wsp\u00f3\u0142tworz\u0105cymi przestrze\u0144 miejsk\u0105 coraz cz\u0119\u015bciej koncentruj\u0105 si\u0119 na&nbsp;zagadnieniu innowacji miejskich. Stworzenie warunk\u00f3w, aby&nbsp;mog\u0142y one powstawa\u0107 i&nbsp;rozwija\u0107 si\u0119, b\u0119d\u0105c przy tym jak najbardziej u\u017cyteczne i&nbsp;przyjazne to kluczowe zadanie smart city.<\/p>\n<p style=\"text-align: justify;\">Wskutek tych rozwa\u017ca\u0144 powsta\u0142 pomys\u0142 na&nbsp;trzeci\u0105 edycj\u0119 <b>FORUM ROZWOJU MIAST<\/b> \u2013 wsp\u00f3\u0142tworzonej w&nbsp;tym roku przez podmioty dzia\u0142aj\u0105ce w&nbsp;r\u00f3\u017cnych \u015brodowiskach: od Miasta Poznania z&nbsp;Wydzia\u0142em Rozwoju Miasta i&nbsp;Wsp\u00f3\u0142pracy Mi\u0119dzynarodowej, Wydzia\u0142em Gospodarki Komunalnej i&nbsp;Wydzia\u0142em Organizacyjnym przez Wielkopolskie Centrum Wspierania Inwestycji i&nbsp;Mi\u0119dzynarodowe Targi Pozna\u0144skie a\u017c po Zwi\u0105zek Miast Polskich, b\u0119d\u0105cymi jednostkami trwale zaanga\u017cowanymi w&nbsp;rozw\u00f3j idei smart city.<\/p>\n<p>Do organizacji Forum Rozwoju Miast podeszli\u015bmy z&nbsp;trosk\u0105 o \u015brodowisko naturalne. Wiedz\u0105c, \u017ce tak du\u017ca impreza pozostawi <span style=\"color: #000000;\"><strong>\u015aLAD W\u0118GLOWY<\/strong><\/span>, obliczyli\u015bmy szacunkow\u0105 emisj\u0119 CO<sub>2<\/sub> , jak\u0105 spowoduje nasze forum. Korzystaj\u0105c z&nbsp;kalkulatora myclimate na&nbsp;stronie: https:\/\/co2.myclimate.or\/en\/offset_further_emissions okaza\u0142o si\u0119, \u017ce nasze wydarzenie, w&nbsp;kt\u00f3rym b\u0119dzie uczestniczy\u0107 kilkaset os\u00f3b wytworzy jedynie 16,0 t C0<sub>2<\/sub>. Dla por\u00f3wnania jeden obywatel UE generuje w&nbsp;ci\u0105gu roku 8,4 t CO<sub>2<\/sub>. Aby zatrzyma\u0107 zmiany klimatyczne maksymalna ilo\u015b\u0107 wytwarzanego CO<sub>2<\/sub> powinna wynosi\u0107 0,600 t C0<sub>2<\/sub> na&nbsp;osob\u0119.<\/p>\n<p style=\"text-align: justify;\">&nbsp;<\/p>\n<p style=\"text-align: justify;\"><a href=\"https:\/\/badam.poznan.pl\/01_baza-danych\/raport-o-stanie-miasta-poznan-2018\/\" target=\"_blank\" rel=\"noopener noreferrer\"> <img loading=\"lazy\" decoding=\"async\" class=\"size-full wp-image-3889 alignleft\" src=\"https:\/\/forumrozwojumiast.poznan.pl\/2019\/wp-content\/uploads\/2019\/08\/logo_badam.png\" alt=\"logo badam\" height=\"200\" width=\"200\"><\/a> Zach\u0119camy do&nbsp;odwiedzenia <b>Bazy Danych Miasta Poznania<\/b> przygotowanej przez Wydzia\u0142 Rozwoju Miasta i&nbsp;Wsp\u00f3\u0142pracy Mi\u0119dzynarodowej Urz\u0119du Miasta Poznania. Zbieramy, opracowujemy i&nbsp;udost\u0119pniamy wiarygodne i&nbsp;sprawdzone dane o naszym mie\u015bcie. Nie interpretujemy. Badamy Pozna\u0144 i&nbsp;dzielimy si\u0119 wiedz\u0105 z&nbsp;jego mieszka\u0144cami. Zapraszamy do&nbsp;lektury!<\/p>\n<p>&nbsp;<\/p>\n<p>&nbsp;<\/p>\n","protected":false},"excerpt":{"rendered":"<p>Przecie w&nbsp;ca\u0142ym kosmosie nie ma rzeczy tak zmiennej jak miasto, a rzecz tak zmienna nigdy nie da si\u0119 uj\u0105\u0107 ostatecznie. Organizatorzy Forum Rozwoju Miast nie maj\u0105 w\u0105tpliwo\u015bci, \u017ce cho\u0107 s\u0142owa Tadeusza Peipera pochodz\u0105 z&nbsp;ubieg\u0142ego wieku, ich aktualno\u015b\u0107 pozostaje niezmienna. Na&nbsp;gruncie ci\u0105gle zmieniaj\u0105cej si\u0119 rzeczywisto\u015bci, nieustaj\u0105cego rozwoju technologii i&nbsp;r\u00f3\u017cnorodno\u015bci zapotrzebowa\u0144 mieszka\u0144c\u00f3w miast, powsta\u0142 pomys\u0142 stworzenia platformy &hellip; <\/p>\n<p class=\"link-more\"><a href=\"https:\/\/forumrozwojumiast.poznan.pl\/2019\/pomysl-i-realizacja\/\" class=\"more-link\">Continue reading<span class=\"screen-reader-text\"> &#8222;pomys\u0142 i realizacja&#8221;<\/span><\/a><\/p>\n","protected":false},"author":1,"featured_media":0,"parent":0,"menu_order":0,"comment_status":"closed","ping_status":"closed","template":"","meta":{"_acf_changed":false,"inline_featured_image":false,"ngg_post_thumbnail":0,"footnotes":""},"class_list":["post-3412","page","type-page","status-publish","hentry"],"acf":[],"yoast_head":"<!-- This site is optimized with the Yoast SEO plugin v27.5 - https:\/\/yoast.com\/product\/yoast-seo-wordpress\/ -->\n<title>pomys\u0142 i realizacja - Forum Rozwoju Miast<\/title>\n<meta name=\"robots\" content=\"index, follow, max-snippet:-1, max-image-preview:large, max-video-preview:-1\" \/>\n<link rel=\"canonical\" href=\"https:\/\/forumrozwojumiast.poznan.pl\/2019\/pomysl-i-realizacja\/\" \/>\n<meta property=\"og:locale\" content=\"pl_PL\" \/>\n<meta property=\"og:type\" content=\"article\" \/>\n<meta property=\"og:title\" content=\"pomys\u0142 i realizacja - Forum Rozwoju Miast\" \/>\n<meta property=\"og:description\" content=\"Przecie w&nbsp;ca\u0142ym kosmosie nie ma rzeczy tak zmiennej jak miasto, a rzecz tak zmienna nigdy nie da si\u0119 uj\u0105\u0107 ostatecznie. Organizatorzy Forum Rozwoju Miast nie maj\u0105 w\u0105tpliwo\u015bci, \u017ce cho\u0107 s\u0142owa Tadeusza Peipera pochodz\u0105 z&nbsp;ubieg\u0142ego wieku, ich aktualno\u015b\u0107 pozostaje niezmienna. Na&nbsp;gruncie ci\u0105gle zmieniaj\u0105cej si\u0119 rzeczywisto\u015bci, nieustaj\u0105cego rozwoju technologii i&nbsp;r\u00f3\u017cnorodno\u015bci zapotrzebowa\u0144 mieszka\u0144c\u00f3w miast, powsta\u0142 pomys\u0142 stworzenia platformy &hellip; Continue reading &quot;pomys\u0142 i realizacja&quot;\" \/>\n<meta property=\"og:url\" content=\"https:\/\/forumrozwojumiast.poznan.pl\/2019\/pomysl-i-realizacja\/\" \/>\n<meta property=\"og:site_name\" content=\"Forum Rozwoju Miast\" \/>\n<meta property=\"article:modified_time\" content=\"2019-10-09T06:36:09+00:00\" \/>\n<meta property=\"og:image\" content=\"https:\/\/forumrozwojumiast.poznan.pl\/2019\/wp-content\/uploads\/2019\/08\/logo_badam.png\" \/>\n<meta name=\"twitter:card\" content=\"summary_large_image\" \/>\n<meta name=\"twitter:label1\" content=\"Szacowany czas czytania\" \/>\n\t<meta name=\"twitter:data1\" content=\"2 minuty\" \/>\n<script type=\"application\/ld+json\" class=\"yoast-schema-graph\">{\"@context\":\"https:\\\/\\\/schema.org\",\"@graph\":[{\"@type\":\"WebPage\",\"@id\":\"https:\\\/\\\/forumrozwojumiast.poznan.pl\\\/2019\\\/pomysl-i-realizacja\\\/\",\"url\":\"https:\\\/\\\/forumrozwojumiast.poznan.pl\\\/2019\\\/pomysl-i-realizacja\\\/\",\"name\":\"pomys\u0142 i realizacja - Forum Rozwoju Miast\",\"isPartOf\":{\"@id\":\"https:\\\/\\\/forumrozwojumiast.poznan.pl\\\/2019\\\/#website\"},\"primaryImageOfPage\":{\"@id\":\"https:\\\/\\\/forumrozwojumiast.poznan.pl\\\/2019\\\/pomysl-i-realizacja\\\/#primaryimage\"},\"image\":{\"@id\":\"https:\\\/\\\/forumrozwojumiast.poznan.pl\\\/2019\\\/pomysl-i-realizacja\\\/#primaryimage\"},\"thumbnailUrl\":\"https:\\\/\\\/forumrozwojumiast.poznan.pl\\\/2019\\\/wp-content\\\/uploads\\\/2019\\\/08\\\/logo_badam.png\",\"datePublished\":\"2019-07-30T14:08:08+00:00\",\"dateModified\":\"2019-10-09T06:36:09+00:00\",\"breadcrumb\":{\"@id\":\"https:\\\/\\\/forumrozwojumiast.poznan.pl\\\/2019\\\/pomysl-i-realizacja\\\/#breadcrumb\"},\"inLanguage\":\"pl-PL\",\"potentialAction\":[{\"@type\":\"ReadAction\",\"target\":[\"https:\\\/\\\/forumrozwojumiast.poznan.pl\\\/2019\\\/pomysl-i-realizacja\\\/\"]}]},{\"@type\":\"ImageObject\",\"inLanguage\":\"pl-PL\",\"@id\":\"https:\\\/\\\/forumrozwojumiast.poznan.pl\\\/2019\\\/pomysl-i-realizacja\\\/#primaryimage\",\"url\":\"https:\\\/\\\/forumrozwojumiast.poznan.pl\\\/2019\\\/wp-content\\\/uploads\\\/2019\\\/08\\\/logo_badam.png\",\"contentUrl\":\"https:\\\/\\\/forumrozwojumiast.poznan.pl\\\/2019\\\/wp-content\\\/uploads\\\/2019\\\/08\\\/logo_badam.png\",\"width\":203,\"height\":203,\"caption\":\"logo badam\"},{\"@type\":\"BreadcrumbList\",\"@id\":\"https:\\\/\\\/forumrozwojumiast.poznan.pl\\\/2019\\\/pomysl-i-realizacja\\\/#breadcrumb\",\"itemListElement\":[{\"@type\":\"ListItem\",\"position\":1,\"name\":\"Strona g\u0142\u00f3wna\",\"item\":\"https:\\\/\\\/forumrozwojumiast.poznan.pl\\\/2019\\\/\"},{\"@type\":\"ListItem\",\"position\":2,\"name\":\"pomys\u0142 i realizacja\"}]},{\"@type\":\"WebSite\",\"@id\":\"https:\\\/\\\/forumrozwojumiast.poznan.pl\\\/2019\\\/#website\",\"url\":\"https:\\\/\\\/forumrozwojumiast.poznan.pl\\\/2019\\\/\",\"name\":\"Forum Rozwoju Miast\",\"description\":\"Obywatelski wymiar strategicznego zarz\u0105dzania miastem\",\"potentialAction\":[{\"@type\":\"SearchAction\",\"target\":{\"@type\":\"EntryPoint\",\"urlTemplate\":\"https:\\\/\\\/forumrozwojumiast.poznan.pl\\\/2019\\\/?s={search_term_string}\"},\"query-input\":{\"@type\":\"PropertyValueSpecification\",\"valueRequired\":true,\"valueName\":\"search_term_string\"}}],\"inLanguage\":\"pl-PL\"}]}<\/script>\n<!-- \/ Yoast SEO plugin. -->","yoast_head_json":{"title":"pomys\u0142 i realizacja - Forum Rozwoju Miast","robots":{"index":"index","follow":"follow","max-snippet":"max-snippet:-1","max-image-preview":"max-image-preview:large","max-video-preview":"max-video-preview:-1"},"canonical":"https:\/\/forumrozwojumiast.poznan.pl\/2019\/pomysl-i-realizacja\/","og_locale":"pl_PL","og_type":"article","og_title":"pomys\u0142 i realizacja - Forum Rozwoju Miast","og_description":"Przecie w&nbsp;ca\u0142ym kosmosie nie ma rzeczy tak zmiennej jak miasto, a rzecz tak zmienna nigdy nie da si\u0119 uj\u0105\u0107 ostatecznie. Organizatorzy Forum Rozwoju Miast nie maj\u0105 w\u0105tpliwo\u015bci, \u017ce cho\u0107 s\u0142owa Tadeusza Peipera pochodz\u0105 z&nbsp;ubieg\u0142ego wieku, ich aktualno\u015b\u0107 pozostaje niezmienna. Na&nbsp;gruncie ci\u0105gle zmieniaj\u0105cej si\u0119 rzeczywisto\u015bci, nieustaj\u0105cego rozwoju technologii i&nbsp;r\u00f3\u017cnorodno\u015bci zapotrzebowa\u0144 mieszka\u0144c\u00f3w miast, powsta\u0142 pomys\u0142 stworzenia platformy &hellip; Continue reading \"pomys\u0142 i realizacja\"","og_url":"https:\/\/forumrozwojumiast.poznan.pl\/2019\/pomysl-i-realizacja\/","og_site_name":"Forum Rozwoju Miast","article_modified_time":"2019-10-09T06:36:09+00:00","og_image":[{"url":"https:\/\/forumrozwojumiast.poznan.pl\/2019\/wp-content\/uploads\/2019\/08\/logo_badam.png","type":"","width":"","height":""}],"twitter_card":"summary_large_image","twitter_misc":{"Szacowany czas czytania":"2 minuty"},"schema":{"@context":"https:\/\/schema.org","@graph":[{"@type":"WebPage","@id":"https:\/\/forumrozwojumiast.poznan.pl\/2019\/pomysl-i-realizacja\/","url":"https:\/\/forumrozwojumiast.poznan.pl\/2019\/pomysl-i-realizacja\/","name":"pomys\u0142 i realizacja - Forum Rozwoju Miast","isPartOf":{"@id":"https:\/\/forumrozwojumiast.poznan.pl\/2019\/#website"},"primaryImageOfPage":{"@id":"https:\/\/forumrozwojumiast.poznan.pl\/2019\/pomysl-i-realizacja\/#primaryimage"},"image":{"@id":"https:\/\/forumrozwojumiast.poznan.pl\/2019\/pomysl-i-realizacja\/#primaryimage"},"thumbnailUrl":"https:\/\/forumrozwojumiast.poznan.pl\/2019\/wp-content\/uploads\/2019\/08\/logo_badam.png","datePublished":"2019-07-30T14:08:08+00:00","dateModified":"2019-10-09T06:36:09+00:00","breadcrumb":{"@id":"https:\/\/forumrozwojumiast.poznan.pl\/2019\/pomysl-i-realizacja\/#breadcrumb"},"inLanguage":"pl-PL","potentialAction":[{"@type":"ReadAction","target":["https:\/\/forumrozwojumiast.poznan.pl\/2019\/pomysl-i-realizacja\/"]}]},{"@type":"ImageObject","inLanguage":"pl-PL","@id":"https:\/\/forumrozwojumiast.poznan.pl\/2019\/pomysl-i-realizacja\/#primaryimage","url":"https:\/\/forumrozwojumiast.poznan.pl\/2019\/wp-content\/uploads\/2019\/08\/logo_badam.png","contentUrl":"https:\/\/forumrozwojumiast.poznan.pl\/2019\/wp-content\/uploads\/2019\/08\/logo_badam.png","width":203,"height":203,"caption":"logo badam"},{"@type":"BreadcrumbList","@id":"https:\/\/forumrozwojumiast.poznan.pl\/2019\/pomysl-i-realizacja\/#breadcrumb","itemListElement":[{"@type":"ListItem","position":1,"name":"Strona g\u0142\u00f3wna","item":"https:\/\/forumrozwojumiast.poznan.pl\/2019\/"},{"@type":"ListItem","position":2,"name":"pomys\u0142 i realizacja"}]},{"@type":"WebSite","@id":"https:\/\/forumrozwojumiast.poznan.pl\/2019\/#website","url":"https:\/\/forumrozwojumiast.poznan.pl\/2019\/","name":"Forum Rozwoju Miast","description":"Obywatelski wymiar strategicznego zarz\u0105dzania miastem","potentialAction":[{"@type":"SearchAction","target":{"@type":"EntryPoint","urlTemplate":"https:\/\/forumrozwojumiast.poznan.pl\/2019\/?s={search_term_string}"},"query-input":{"@type":"PropertyValueSpecification","valueRequired":true,"valueName":"search_term_string"}}],"inLanguage":"pl-PL"}]}},"_links":{"self":[{"href":"https:\/\/forumrozwojumiast.poznan.pl\/2019\/wp-json\/wp\/v2\/pages\/3412","targetHints":{"allow":["GET"]}}],"collection":[{"href":"https:\/\/forumrozwojumiast.poznan.pl\/2019\/wp-json\/wp\/v2\/pages"}],"about":[{"href":"https:\/\/forumrozwojumiast.poznan.pl\/2019\/wp-json\/wp\/v2\/types\/page"}],"author":[{"embeddable":true,"href":"https:\/\/forumrozwojumiast.poznan.pl\/2019\/wp-json\/wp\/v2\/users\/1"}],"replies":[{"embeddable":true,"href":"https:\/\/forumrozwojumiast.poznan.pl\/2019\/wp-json\/wp\/v2\/comments?post=3412"}],"version-history":[{"count":15,"href":"https:\/\/forumrozwojumiast.poznan.pl\/2019\/wp-json\/wp\/v2\/pages\/3412\/revisions"}],"predecessor-version":[{"id":4750,"href":"https:\/\/forumrozwojumiast.poznan.pl\/2019\/wp-json\/wp\/v2\/pages\/3412\/revisions\/4750"}],"wp:attachment":[{"href":"https:\/\/forumrozwojumiast.poznan.pl\/2019\/wp-json\/wp\/v2\/media?parent=3412"}],"curies":[{"name":"wp","href":"https:\/\/api.w.org\/{rel}","templated":true}]}}