{"id":4022,"date":"2019-08-27T11:46:53","date_gmt":"2019-08-27T09:46:53","guid":{"rendered":"https:\/\/forumrozwojumiast.poznan.pl\/2019\/?page_id=4022"},"modified":"2019-08-27T11:47:53","modified_gmt":"2019-08-27T09:47:53","slug":"piotr-juskowiak","status":"publish","type":"page","link":"https:\/\/forumrozwojumiast.poznan.pl\/2019\/prelegenci\/piotr-juskowiak\/","title":{"rendered":"Piotr Juskowiak"},"content":{"rendered":"<p style=\"text-align: justify;\">Doktor kulturoznawstwa, adiunkt w&nbsp;Zak\u0142adzie Kulturowych Studi\u00f3w Miejskich w&nbsp;Instytucie Kulturoznawstwa Uniwersytetu im. Adama Mickiewicza w&nbsp;Poznaniu, redaktor czasopisma naukowego \u201ePraktyka Teoretyczna\u201d, t\u0142umacz (m.in. prac M. Hardta, A. Negriego, A. Merrifielda, G. Standinga, J. Warufakisa). Jego zainteresowania badawcze obejmuj\u0105: krytyczne studia miejskie; miejsk\u0105 ekonomi\u0119 kultury; spo\u0142eczno-polityczne aspekty sztuki wsp\u00f3\u0142czesnej; procesy ekonomicznej restrukturyzacji miast postsocjalistycznych; kulturowe aspekty neoliberalizmu. Autor ksi\u0105\u017cki Przestrzenie wsp\u00f3lnoty: Filozofia wsp\u00f3lnotowo\u015bci w&nbsp;perspektywie bada\u0144 nad&nbsp;miastem postindustrialnym (2015) i&nbsp;wsp\u00f3\u0142redaktor antologii Ekologie (2014; razem z&nbsp;Aleksandr\u0105 Jach i&nbsp;Agnieszk\u0105 Kowalczyk).<\/p>\n","protected":false},"excerpt":{"rendered":"<p>Doktor kulturoznawstwa, adiunkt w&nbsp;Zak\u0142adzie Kulturowych Studi\u00f3w Miejskich w&nbsp;Instytucie Kulturoznawstwa Uniwersytetu im. Adama Mickiewicza w&nbsp;Poznaniu, redaktor czasopisma naukowego \u201ePraktyka Teoretyczna\u201d, t\u0142umacz (m.in. prac M. Hardta, A. Negriego, A. Merrifielda, G. Standinga, J. Warufakisa). Jego zainteresowania badawcze obejmuj\u0105: krytyczne studia miejskie; miejsk\u0105 ekonomi\u0119 kultury; spo\u0142eczno-polityczne aspekty sztuki wsp\u00f3\u0142czesnej; procesy ekonomicznej restrukturyzacji miast postsocjalistycznych; kulturowe aspekty neoliberalizmu. Autor &hellip; <\/p>\n<p class=\"link-more\"><a href=\"https:\/\/forumrozwojumiast.poznan.pl\/2019\/prelegenci\/piotr-juskowiak\/\" class=\"more-link\">Continue reading<span class=\"screen-reader-text\"> &#8222;Piotr Juskowiak&#8221;<\/span><\/a><\/p>\n","protected":false},"author":1,"featured_media":0,"parent":41,"menu_order":70,"comment_status":"closed","ping_status":"closed","template":"","meta":{"_acf_changed":false,"inline_featured_image":false,"ngg_post_thumbnail":0,"footnotes":""},"class_list":["post-4022","page","type-page","status-publish","hentry"],"acf":[],"yoast_head":"<!-- This site is optimized with the Yoast SEO plugin v27.3 - https:\/\/yoast.com\/product\/yoast-seo-wordpress\/ -->\n<title>Piotr Juskowiak - Forum Rozwoju Miast<\/title>\n<meta name=\"robots\" content=\"index, follow, max-snippet:-1, max-image-preview:large, max-video-preview:-1\" \/>\n<link rel=\"canonical\" href=\"https:\/\/forumrozwojumiast.poznan.pl\/2019\/prelegenci\/piotr-juskowiak\/\" \/>\n<meta property=\"og:locale\" content=\"pl_PL\" \/>\n<meta property=\"og:type\" content=\"article\" \/>\n<meta property=\"og:title\" content=\"Piotr Juskowiak - Forum Rozwoju Miast\" \/>\n<meta property=\"og:description\" content=\"Doktor kulturoznawstwa, adiunkt w&nbsp;Zak\u0142adzie Kulturowych Studi\u00f3w Miejskich w&nbsp;Instytucie Kulturoznawstwa Uniwersytetu im. Adama Mickiewicza w&nbsp;Poznaniu, redaktor czasopisma naukowego \u201ePraktyka Teoretyczna\u201d, t\u0142umacz (m.in. prac M. Hardta, A. Negriego, A. Merrifielda, G. Standinga, J. Warufakisa). Jego zainteresowania badawcze obejmuj\u0105: krytyczne studia miejskie; miejsk\u0105 ekonomi\u0119 kultury; spo\u0142eczno-polityczne aspekty sztuki wsp\u00f3\u0142czesnej; procesy ekonomicznej restrukturyzacji miast postsocjalistycznych; kulturowe aspekty neoliberalizmu. Autor &hellip; Continue reading &quot;Piotr Juskowiak&quot;\" \/>\n<meta property=\"og:url\" content=\"https:\/\/forumrozwojumiast.poznan.pl\/2019\/prelegenci\/piotr-juskowiak\/\" \/>\n<meta property=\"og:site_name\" content=\"Forum Rozwoju Miast\" \/>\n<meta property=\"article:modified_time\" content=\"2019-08-27T09:47:53+00:00\" \/>\n<meta name=\"twitter:card\" content=\"summary_large_image\" \/>\n<script type=\"application\/ld+json\" class=\"yoast-schema-graph\">{\"@context\":\"https:\\\/\\\/schema.org\",\"@graph\":[{\"@type\":\"WebPage\",\"@id\":\"https:\\\/\\\/forumrozwojumiast.poznan.pl\\\/2019\\\/prelegenci\\\/piotr-juskowiak\\\/\",\"url\":\"https:\\\/\\\/forumrozwojumiast.poznan.pl\\\/2019\\\/prelegenci\\\/piotr-juskowiak\\\/\",\"name\":\"Piotr Juskowiak - Forum Rozwoju Miast\",\"isPartOf\":{\"@id\":\"https:\\\/\\\/forumrozwojumiast.poznan.pl\\\/2019\\\/#website\"},\"datePublished\":\"2019-08-27T09:46:53+00:00\",\"dateModified\":\"2019-08-27T09:47:53+00:00\",\"breadcrumb\":{\"@id\":\"https:\\\/\\\/forumrozwojumiast.poznan.pl\\\/2019\\\/prelegenci\\\/piotr-juskowiak\\\/#breadcrumb\"},\"inLanguage\":\"pl-PL\",\"potentialAction\":[{\"@type\":\"ReadAction\",\"target\":[\"https:\\\/\\\/forumrozwojumiast.poznan.pl\\\/2019\\\/prelegenci\\\/piotr-juskowiak\\\/\"]}]},{\"@type\":\"BreadcrumbList\",\"@id\":\"https:\\\/\\\/forumrozwojumiast.poznan.pl\\\/2019\\\/prelegenci\\\/piotr-juskowiak\\\/#breadcrumb\",\"itemListElement\":[{\"@type\":\"ListItem\",\"position\":1,\"name\":\"Strona g\u0142\u00f3wna\",\"item\":\"https:\\\/\\\/forumrozwojumiast.poznan.pl\\\/2019\\\/\"},{\"@type\":\"ListItem\",\"position\":2,\"name\":\"prelegentki i prelegenci\",\"item\":\"https:\\\/\\\/forumrozwojumiast.poznan.pl\\\/2019\\\/prelegenci\\\/\"},{\"@type\":\"ListItem\",\"position\":3,\"name\":\"Piotr Juskowiak\"}]},{\"@type\":\"WebSite\",\"@id\":\"https:\\\/\\\/forumrozwojumiast.poznan.pl\\\/2019\\\/#website\",\"url\":\"https:\\\/\\\/forumrozwojumiast.poznan.pl\\\/2019\\\/\",\"name\":\"Forum Rozwoju Miast\",\"description\":\"Obywatelski wymiar strategicznego zarz\u0105dzania miastem\",\"potentialAction\":[{\"@type\":\"SearchAction\",\"target\":{\"@type\":\"EntryPoint\",\"urlTemplate\":\"https:\\\/\\\/forumrozwojumiast.poznan.pl\\\/2019\\\/?s={search_term_string}\"},\"query-input\":{\"@type\":\"PropertyValueSpecification\",\"valueRequired\":true,\"valueName\":\"search_term_string\"}}],\"inLanguage\":\"pl-PL\"}]}<\/script>\n<!-- \/ Yoast SEO plugin. -->","yoast_head_json":{"title":"Piotr Juskowiak - Forum Rozwoju Miast","robots":{"index":"index","follow":"follow","max-snippet":"max-snippet:-1","max-image-preview":"max-image-preview:large","max-video-preview":"max-video-preview:-1"},"canonical":"https:\/\/forumrozwojumiast.poznan.pl\/2019\/prelegenci\/piotr-juskowiak\/","og_locale":"pl_PL","og_type":"article","og_title":"Piotr Juskowiak - Forum Rozwoju Miast","og_description":"Doktor kulturoznawstwa, adiunkt w&nbsp;Zak\u0142adzie Kulturowych Studi\u00f3w Miejskich w&nbsp;Instytucie Kulturoznawstwa Uniwersytetu im. Adama Mickiewicza w&nbsp;Poznaniu, redaktor czasopisma naukowego \u201ePraktyka Teoretyczna\u201d, t\u0142umacz (m.in. prac M. Hardta, A. Negriego, A. Merrifielda, G. Standinga, J. Warufakisa). Jego zainteresowania badawcze obejmuj\u0105: krytyczne studia miejskie; miejsk\u0105 ekonomi\u0119 kultury; spo\u0142eczno-polityczne aspekty sztuki wsp\u00f3\u0142czesnej; procesy ekonomicznej restrukturyzacji miast postsocjalistycznych; kulturowe aspekty neoliberalizmu. Autor &hellip; Continue reading \"Piotr Juskowiak\"","og_url":"https:\/\/forumrozwojumiast.poznan.pl\/2019\/prelegenci\/piotr-juskowiak\/","og_site_name":"Forum Rozwoju Miast","article_modified_time":"2019-08-27T09:47:53+00:00","twitter_card":"summary_large_image","schema":{"@context":"https:\/\/schema.org","@graph":[{"@type":"WebPage","@id":"https:\/\/forumrozwojumiast.poznan.pl\/2019\/prelegenci\/piotr-juskowiak\/","url":"https:\/\/forumrozwojumiast.poznan.pl\/2019\/prelegenci\/piotr-juskowiak\/","name":"Piotr Juskowiak - Forum Rozwoju Miast","isPartOf":{"@id":"https:\/\/forumrozwojumiast.poznan.pl\/2019\/#website"},"datePublished":"2019-08-27T09:46:53+00:00","dateModified":"2019-08-27T09:47:53+00:00","breadcrumb":{"@id":"https:\/\/forumrozwojumiast.poznan.pl\/2019\/prelegenci\/piotr-juskowiak\/#breadcrumb"},"inLanguage":"pl-PL","potentialAction":[{"@type":"ReadAction","target":["https:\/\/forumrozwojumiast.poznan.pl\/2019\/prelegenci\/piotr-juskowiak\/"]}]},{"@type":"BreadcrumbList","@id":"https:\/\/forumrozwojumiast.poznan.pl\/2019\/prelegenci\/piotr-juskowiak\/#breadcrumb","itemListElement":[{"@type":"ListItem","position":1,"name":"Strona g\u0142\u00f3wna","item":"https:\/\/forumrozwojumiast.poznan.pl\/2019\/"},{"@type":"ListItem","position":2,"name":"prelegentki i prelegenci","item":"https:\/\/forumrozwojumiast.poznan.pl\/2019\/prelegenci\/"},{"@type":"ListItem","position":3,"name":"Piotr Juskowiak"}]},{"@type":"WebSite","@id":"https:\/\/forumrozwojumiast.poznan.pl\/2019\/#website","url":"https:\/\/forumrozwojumiast.poznan.pl\/2019\/","name":"Forum Rozwoju Miast","description":"Obywatelski wymiar strategicznego zarz\u0105dzania miastem","potentialAction":[{"@type":"SearchAction","target":{"@type":"EntryPoint","urlTemplate":"https:\/\/forumrozwojumiast.poznan.pl\/2019\/?s={search_term_string}"},"query-input":{"@type":"PropertyValueSpecification","valueRequired":true,"valueName":"search_term_string"}}],"inLanguage":"pl-PL"}]}},"_links":{"self":[{"href":"https:\/\/forumrozwojumiast.poznan.pl\/2019\/wp-json\/wp\/v2\/pages\/4022","targetHints":{"allow":["GET"]}}],"collection":[{"href":"https:\/\/forumrozwojumiast.poznan.pl\/2019\/wp-json\/wp\/v2\/pages"}],"about":[{"href":"https:\/\/forumrozwojumiast.poznan.pl\/2019\/wp-json\/wp\/v2\/types\/page"}],"author":[{"embeddable":true,"href":"https:\/\/forumrozwojumiast.poznan.pl\/2019\/wp-json\/wp\/v2\/users\/1"}],"replies":[{"embeddable":true,"href":"https:\/\/forumrozwojumiast.poznan.pl\/2019\/wp-json\/wp\/v2\/comments?post=4022"}],"version-history":[{"count":1,"href":"https:\/\/forumrozwojumiast.poznan.pl\/2019\/wp-json\/wp\/v2\/pages\/4022\/revisions"}],"predecessor-version":[{"id":4024,"href":"https:\/\/forumrozwojumiast.poznan.pl\/2019\/wp-json\/wp\/v2\/pages\/4022\/revisions\/4024"}],"up":[{"embeddable":true,"href":"https:\/\/forumrozwojumiast.poznan.pl\/2019\/wp-json\/wp\/v2\/pages\/41"}],"wp:attachment":[{"href":"https:\/\/forumrozwojumiast.poznan.pl\/2019\/wp-json\/wp\/v2\/media?parent=4022"}],"curies":[{"name":"wp","href":"https:\/\/api.w.org\/{rel}","templated":true}]}}