{"id":4396,"date":"2019-09-10T15:23:31","date_gmt":"2019-09-10T13:23:31","guid":{"rendered":"https:\/\/forumrozwojumiast.poznan.pl\/2019\/?page_id=4396"},"modified":"2019-09-16T16:35:31","modified_gmt":"2019-09-16T14:35:31","slug":"charles-montgomery","status":"publish","type":"page","link":"https:\/\/forumrozwojumiast.poznan.pl\/2019\/wydarzenia\/charles-montgomery\/","title":{"rendered":"Charles Montgomery"},"content":{"rendered":"<p>Wielokrotnie nagradzany autor ksi\u0105\u017cki \u201eMiasto szcz\u0119\u015bliwe. Jak zmieni\u0107 nasze \u017cycie, zmieniaj\u0105c nasze miasta?\u201d, w&nbsp;kt\u00f3rej odkrywa recept\u0119 na&nbsp;szcze\u015bliwe miasto \u0142\u0105cz\u0105c projektowanie miejskie oraz&nbsp;nowo powstaj\u0105c\u0105 nauk\u0119 szcz\u0119\u015bcia. Za pomoc\u0105 psychologii, neuronauki oraz&nbsp;ekonomii behawioralnej, a tak\u017ce krajobraz\u00f3w miejskich od Disneylandu po Dubaj, pokazuje, \u017ce mo\u017cemy zmieni\u0107 nasze \u017cycie, zmieniaj\u0105c spos\u00f3b projektowania miast, w&nbsp;kt\u00f3rych mieszkamy.<\/p>\n<p>Charles Montgomery to wielokrotnie nagradzany autor, urbanista i&nbsp;lider zespo\u0142u kreuj\u0105cego szcz\u0119\u015bliwsze miasta na&nbsp;ca\u0142ym \u015bwiecie. Jego ksi\u0105\u017cka bada punkty przenikania si\u0119 pomi\u0119dzy projektowaniem miejskim a kie\u0142kuj\u0105c\u0105 nauk\u0105 szcz\u0119\u015bcia. <em>The New York Times<\/em> napisa\u0142:<em> Miasto Szcz\u0119\u015bliwe porusza problemy, kt\u00f3rych wi\u0119kszo\u015b\u0107 z&nbsp;nas zbyt d\u0142ugo unika\u0142a. Czy mieszkamy w&nbsp;dzielnicach, kt\u00f3re sprawiaj\u0105, \u017ce jeste\u015bmy szcz\u0119\u015bliwi? To nie jest g\u0142upie pytanie. Montgomery zach\u0119ca nas do&nbsp;zadania go bez poczucia wstydu, oraz&nbsp;do powa\u017cnego przemy\u015blenia odpowiedzi.<\/em><\/p>\n<p>Jako lider-za\u0142o\u017cyciel Happy City, Charles prowadzi interdyscyplinarny zesp\u00f3\u0142, pomagaj\u0105cy rz\u0105dom oraz&nbsp;deweloperom budowlanym na&nbsp;czterech kontynentach zamieni\u0107 dowody na&nbsp;pragmatyczne plany w&nbsp;celu osi\u0105gni\u0119cia zdrowszych, szcz\u0119\u015bliwszych spo\u0142ecze\u0144stw. Wsp\u00f3\u0142pracuje ze \u015awiatow\u0105 Organizacj\u0105 Zdrowia, Muzeum Guggenheima oraz&nbsp;rz\u0105dami i&nbsp;deweloperami budowlanymi z&nbsp;Kanady, USA, Meksyku, Nowej Zelandii, Dubaju i&nbsp;Indii. Zesp\u00f3\u0142 ten stworzy\u0142 pierwszy na&nbsp;\u015bwiecie zestaw narz\u0119dzi do&nbsp;zaprojektowania szcz\u0119\u015bliwej spo\u0142eczno\u015bci dla rz\u0105du Zjednoczonych Emirat\u00f3w Arabskich.<\/p>\n<p>Charles prowadzi tak\u017ce eksperymenty, kt\u00f3re stawiaj\u0105 przed nami wyzwanie spojrzenia na&nbsp;nasze miasta &#8211; i&nbsp;na nas samych &#8211; w&nbsp;zupe\u0142nie nowy spos\u00f3b. Jego inicjatywa Home for the Games zainspirowa\u0142a setki ludzi do&nbsp;pod\u0105\u017cenia za jego przyk\u0142adem i&nbsp;otwarcia swych dom\u00f3w dla obcych ludzi podczas Igrzysk Olimpijskich w&nbsp;Vancouver w&nbsp;2010 r. Pracuj\u0105c z&nbsp;BMW Guggenheim Lab oraz&nbsp;obywatelami Nowego Yorku, zmieni\u0142 on pusty plac w&nbsp;maszyn\u0119 do&nbsp;maksymalizacji uczu\u0107 altruistycznych. Ka\u017cdy prowadzony przez niego eksperyment odwo\u0142uje si\u0119 do&nbsp;nauki o ludzkim dobrobycie. Praca Montgomery\u2019ego ostatecznie wypycha nas z&nbsp;naszej strefy komfortu, aby&nbsp;znale\u017a\u0107 pe\u0142n\u0105 nadziei now\u0105 wizj\u0119 dla miast rado\u015bci.<\/p>\n<p>W\u015br\u00f3d nagr\u00f3d, kt\u00f3re otrzyma\u0142 znajduj\u0105 si\u0119 Citation of Merit od Canadian Meteorological and&nbsp;Oceanographic Society za wybitny wk\u0142ad w&nbsp;zrozumienie nauki o zmianie klimatu. Charles jest cz\u0142onkiem rady ds. miast szcz\u0119\u015bliwych podlegaj\u0105cej Sustainable Solutions Network przy ONZ.<\/p>\n","protected":false},"excerpt":{"rendered":"<p>Wielokrotnie nagradzany autor ksi\u0105\u017cki \u201eMiasto szcz\u0119\u015bliwe. Jak zmieni\u0107 nasze \u017cycie, zmieniaj\u0105c nasze miasta?\u201d, w&nbsp;kt\u00f3rej odkrywa recept\u0119 na&nbsp;szcze\u015bliwe miasto \u0142\u0105cz\u0105c projektowanie miejskie oraz&nbsp;nowo powstaj\u0105c\u0105 nauk\u0119 szcz\u0119\u015bcia. Za pomoc\u0105 psychologii, neuronauki oraz&nbsp;ekonomii behawioralnej, a tak\u017ce krajobraz\u00f3w miejskich od Disneylandu po Dubaj, pokazuje, \u017ce mo\u017cemy zmieni\u0107 nasze \u017cycie, zmieniaj\u0105c spos\u00f3b projektowania miast, w&nbsp;kt\u00f3rych mieszkamy. Charles Montgomery to wielokrotnie &hellip; <\/p>\n<p class=\"link-more\"><a href=\"https:\/\/forumrozwojumiast.poznan.pl\/2019\/wydarzenia\/charles-montgomery\/\" class=\"more-link\">Continue reading<span class=\"screen-reader-text\"> &#8222;Charles Montgomery&#8221;<\/span><\/a><\/p>\n","protected":false},"author":1,"featured_media":0,"parent":670,"menu_order":0,"comment_status":"closed","ping_status":"closed","template":"","meta":{"_acf_changed":false,"inline_featured_image":false,"ngg_post_thumbnail":0,"footnotes":""},"class_list":["post-4396","page","type-page","status-publish","hentry"],"acf":[],"yoast_head":"<!-- This site is optimized with the Yoast SEO plugin v27.4 - https:\/\/yoast.com\/product\/yoast-seo-wordpress\/ -->\n<title>Charles Montgomery - Forum Rozwoju Miast<\/title>\n<meta name=\"robots\" content=\"index, follow, max-snippet:-1, max-image-preview:large, max-video-preview:-1\" \/>\n<link rel=\"canonical\" href=\"https:\/\/forumrozwojumiast.poznan.pl\/2019\/wydarzenia\/charles-montgomery\/\" \/>\n<meta property=\"og:locale\" content=\"pl_PL\" \/>\n<meta property=\"og:type\" content=\"article\" \/>\n<meta property=\"og:title\" content=\"Charles Montgomery - Forum Rozwoju Miast\" \/>\n<meta property=\"og:description\" content=\"Wielokrotnie nagradzany autor ksi\u0105\u017cki \u201eMiasto szcz\u0119\u015bliwe. Jak zmieni\u0107 nasze \u017cycie, zmieniaj\u0105c nasze miasta?\u201d, w&nbsp;kt\u00f3rej odkrywa recept\u0119 na&nbsp;szcze\u015bliwe miasto \u0142\u0105cz\u0105c projektowanie miejskie oraz&nbsp;nowo powstaj\u0105c\u0105 nauk\u0119 szcz\u0119\u015bcia. Za pomoc\u0105 psychologii, neuronauki oraz&nbsp;ekonomii behawioralnej, a tak\u017ce krajobraz\u00f3w miejskich od Disneylandu po Dubaj, pokazuje, \u017ce mo\u017cemy zmieni\u0107 nasze \u017cycie, zmieniaj\u0105c spos\u00f3b projektowania miast, w&nbsp;kt\u00f3rych mieszkamy. Charles Montgomery to wielokrotnie &hellip; Continue reading &quot;Charles Montgomery&quot;\" \/>\n<meta property=\"og:url\" content=\"https:\/\/forumrozwojumiast.poznan.pl\/2019\/wydarzenia\/charles-montgomery\/\" \/>\n<meta property=\"og:site_name\" content=\"Forum Rozwoju Miast\" \/>\n<meta property=\"article:modified_time\" content=\"2019-09-16T14:35:31+00:00\" \/>\n<meta name=\"twitter:card\" content=\"summary_large_image\" \/>\n<meta name=\"twitter:label1\" content=\"Szacowany czas czytania\" \/>\n\t<meta name=\"twitter:data1\" content=\"2 minuty\" \/>\n<script type=\"application\/ld+json\" class=\"yoast-schema-graph\">{\"@context\":\"https:\\\/\\\/schema.org\",\"@graph\":[{\"@type\":\"WebPage\",\"@id\":\"https:\\\/\\\/forumrozwojumiast.poznan.pl\\\/2019\\\/wydarzenia\\\/charles-montgomery\\\/\",\"url\":\"https:\\\/\\\/forumrozwojumiast.poznan.pl\\\/2019\\\/wydarzenia\\\/charles-montgomery\\\/\",\"name\":\"Charles Montgomery - Forum Rozwoju Miast\",\"isPartOf\":{\"@id\":\"https:\\\/\\\/forumrozwojumiast.poznan.pl\\\/2019\\\/#website\"},\"datePublished\":\"2019-09-10T13:23:31+00:00\",\"dateModified\":\"2019-09-16T14:35:31+00:00\",\"breadcrumb\":{\"@id\":\"https:\\\/\\\/forumrozwojumiast.poznan.pl\\\/2019\\\/wydarzenia\\\/charles-montgomery\\\/#breadcrumb\"},\"inLanguage\":\"pl-PL\",\"potentialAction\":[{\"@type\":\"ReadAction\",\"target\":[\"https:\\\/\\\/forumrozwojumiast.poznan.pl\\\/2019\\\/wydarzenia\\\/charles-montgomery\\\/\"]}]},{\"@type\":\"BreadcrumbList\",\"@id\":\"https:\\\/\\\/forumrozwojumiast.poznan.pl\\\/2019\\\/wydarzenia\\\/charles-montgomery\\\/#breadcrumb\",\"itemListElement\":[{\"@type\":\"ListItem\",\"position\":1,\"name\":\"Strona g\u0142\u00f3wna\",\"item\":\"https:\\\/\\\/forumrozwojumiast.poznan.pl\\\/2019\\\/\"},{\"@type\":\"ListItem\",\"position\":2,\"name\":\"wydarzenia\",\"item\":\"https:\\\/\\\/forumrozwojumiast.poznan.pl\\\/2019\\\/wydarzenia\\\/\"},{\"@type\":\"ListItem\",\"position\":3,\"name\":\"Charles Montgomery\"}]},{\"@type\":\"WebSite\",\"@id\":\"https:\\\/\\\/forumrozwojumiast.poznan.pl\\\/2019\\\/#website\",\"url\":\"https:\\\/\\\/forumrozwojumiast.poznan.pl\\\/2019\\\/\",\"name\":\"Forum Rozwoju Miast\",\"description\":\"Obywatelski wymiar strategicznego zarz\u0105dzania miastem\",\"potentialAction\":[{\"@type\":\"SearchAction\",\"target\":{\"@type\":\"EntryPoint\",\"urlTemplate\":\"https:\\\/\\\/forumrozwojumiast.poznan.pl\\\/2019\\\/?s={search_term_string}\"},\"query-input\":{\"@type\":\"PropertyValueSpecification\",\"valueRequired\":true,\"valueName\":\"search_term_string\"}}],\"inLanguage\":\"pl-PL\"}]}<\/script>\n<!-- \/ Yoast SEO plugin. -->","yoast_head_json":{"title":"Charles Montgomery - Forum Rozwoju Miast","robots":{"index":"index","follow":"follow","max-snippet":"max-snippet:-1","max-image-preview":"max-image-preview:large","max-video-preview":"max-video-preview:-1"},"canonical":"https:\/\/forumrozwojumiast.poznan.pl\/2019\/wydarzenia\/charles-montgomery\/","og_locale":"pl_PL","og_type":"article","og_title":"Charles Montgomery - Forum Rozwoju Miast","og_description":"Wielokrotnie nagradzany autor ksi\u0105\u017cki \u201eMiasto szcz\u0119\u015bliwe. Jak zmieni\u0107 nasze \u017cycie, zmieniaj\u0105c nasze miasta?\u201d, w&nbsp;kt\u00f3rej odkrywa recept\u0119 na&nbsp;szcze\u015bliwe miasto \u0142\u0105cz\u0105c projektowanie miejskie oraz&nbsp;nowo powstaj\u0105c\u0105 nauk\u0119 szcz\u0119\u015bcia. Za pomoc\u0105 psychologii, neuronauki oraz&nbsp;ekonomii behawioralnej, a tak\u017ce krajobraz\u00f3w miejskich od Disneylandu po Dubaj, pokazuje, \u017ce mo\u017cemy zmieni\u0107 nasze \u017cycie, zmieniaj\u0105c spos\u00f3b projektowania miast, w&nbsp;kt\u00f3rych mieszkamy. Charles Montgomery to wielokrotnie &hellip; Continue reading \"Charles Montgomery\"","og_url":"https:\/\/forumrozwojumiast.poznan.pl\/2019\/wydarzenia\/charles-montgomery\/","og_site_name":"Forum Rozwoju Miast","article_modified_time":"2019-09-16T14:35:31+00:00","twitter_card":"summary_large_image","twitter_misc":{"Szacowany czas czytania":"2 minuty"},"schema":{"@context":"https:\/\/schema.org","@graph":[{"@type":"WebPage","@id":"https:\/\/forumrozwojumiast.poznan.pl\/2019\/wydarzenia\/charles-montgomery\/","url":"https:\/\/forumrozwojumiast.poznan.pl\/2019\/wydarzenia\/charles-montgomery\/","name":"Charles Montgomery - Forum Rozwoju Miast","isPartOf":{"@id":"https:\/\/forumrozwojumiast.poznan.pl\/2019\/#website"},"datePublished":"2019-09-10T13:23:31+00:00","dateModified":"2019-09-16T14:35:31+00:00","breadcrumb":{"@id":"https:\/\/forumrozwojumiast.poznan.pl\/2019\/wydarzenia\/charles-montgomery\/#breadcrumb"},"inLanguage":"pl-PL","potentialAction":[{"@type":"ReadAction","target":["https:\/\/forumrozwojumiast.poznan.pl\/2019\/wydarzenia\/charles-montgomery\/"]}]},{"@type":"BreadcrumbList","@id":"https:\/\/forumrozwojumiast.poznan.pl\/2019\/wydarzenia\/charles-montgomery\/#breadcrumb","itemListElement":[{"@type":"ListItem","position":1,"name":"Strona g\u0142\u00f3wna","item":"https:\/\/forumrozwojumiast.poznan.pl\/2019\/"},{"@type":"ListItem","position":2,"name":"wydarzenia","item":"https:\/\/forumrozwojumiast.poznan.pl\/2019\/wydarzenia\/"},{"@type":"ListItem","position":3,"name":"Charles Montgomery"}]},{"@type":"WebSite","@id":"https:\/\/forumrozwojumiast.poznan.pl\/2019\/#website","url":"https:\/\/forumrozwojumiast.poznan.pl\/2019\/","name":"Forum Rozwoju Miast","description":"Obywatelski wymiar strategicznego zarz\u0105dzania miastem","potentialAction":[{"@type":"SearchAction","target":{"@type":"EntryPoint","urlTemplate":"https:\/\/forumrozwojumiast.poznan.pl\/2019\/?s={search_term_string}"},"query-input":{"@type":"PropertyValueSpecification","valueRequired":true,"valueName":"search_term_string"}}],"inLanguage":"pl-PL"}]}},"_links":{"self":[{"href":"https:\/\/forumrozwojumiast.poznan.pl\/2019\/wp-json\/wp\/v2\/pages\/4396","targetHints":{"allow":["GET"]}}],"collection":[{"href":"https:\/\/forumrozwojumiast.poznan.pl\/2019\/wp-json\/wp\/v2\/pages"}],"about":[{"href":"https:\/\/forumrozwojumiast.poznan.pl\/2019\/wp-json\/wp\/v2\/types\/page"}],"author":[{"embeddable":true,"href":"https:\/\/forumrozwojumiast.poznan.pl\/2019\/wp-json\/wp\/v2\/users\/1"}],"replies":[{"embeddable":true,"href":"https:\/\/forumrozwojumiast.poznan.pl\/2019\/wp-json\/wp\/v2\/comments?post=4396"}],"version-history":[{"count":6,"href":"https:\/\/forumrozwojumiast.poznan.pl\/2019\/wp-json\/wp\/v2\/pages\/4396\/revisions"}],"predecessor-version":[{"id":4458,"href":"https:\/\/forumrozwojumiast.poznan.pl\/2019\/wp-json\/wp\/v2\/pages\/4396\/revisions\/4458"}],"up":[{"embeddable":true,"href":"https:\/\/forumrozwojumiast.poznan.pl\/2019\/wp-json\/wp\/v2\/pages\/670"}],"wp:attachment":[{"href":"https:\/\/forumrozwojumiast.poznan.pl\/2019\/wp-json\/wp\/v2\/media?parent=4396"}],"curies":[{"name":"wp","href":"https:\/\/api.w.org\/{rel}","templated":true}]}}