{"id":4702,"date":"2019-10-03T17:46:50","date_gmt":"2019-10-03T15:46:50","guid":{"rendered":"https:\/\/forumrozwojumiast.poznan.pl\/2019\/?page_id=4702"},"modified":"2019-10-03T17:54:21","modified_gmt":"2019-10-03T15:54:21","slug":"follow-the-data-podazaj-za-danymi","status":"publish","type":"page","link":"https:\/\/forumrozwojumiast.poznan.pl\/2019\/follow-the-data-podazaj-za-danymi\/","title":{"rendered":"Workshop Follow The Data (Pod\u0105\u017caj za danymi)"},"content":{"rendered":"<p><span ><span style=\"font-size: medium;\"><b>Wykorzystanie innowacji opartych na&nbsp;danych dla lepszej jako\u015bci \u017cycia<\/b><\/span><\/span><\/p>\n<p><span ><span ><b>Opis<\/b><\/span><\/span><\/p>\n<p lang=\"en\"><span ><span ><span >Ka\u017cda gmina gromadzi i&nbsp;przechowuje ogromne ilo\u015bci najwa\u017cniejszego zasobu w&nbsp;dzisiejszym cyfrowym \u015bwiecie, tj. danych. Cz\u0119sto dane te gromadzone w&nbsp;obr\u0119bie miasta lub wsp\u00f3lnoty s\u0105 rozrzucone mi\u0119dzy r\u00f3\u017cnymi departamentami lub instytucjami miejskimi. Utrudnia to administracji miasta uzyskanie informacji o tym, jakie dane s\u0105 dost\u0119pne i&nbsp;kt\u00f3re dane nale\u017cy zebra\u0107 w&nbsp;przysz\u0142o\u015bci, aby&nbsp;pom\u00f3c w&nbsp;rozwi\u0105zaniu problem\u00f3w stoj\u0105cych przed miastem &#8211; od zarz\u0105dzania ruchem po zbieranie odpad\u00f3w &#8211; w&nbsp;celu zapewnienia lepszych us\u0142ug, a tym samym lepszej jako\u015bci \u017cycia dla jego mieszka\u0144c\u00f3w.<\/span><\/span><\/span><\/p>\n<p><span ><span >Te interaktywne warsztaty s\u0105 przeznaczone dla administracji miast, kt\u00f3re pragn\u0105<\/span><\/span><\/p>\n<ul>\n<li>\n<p><span ><span >oferowa\u0107 lepsze us\u0142ugi dla swoich mieszka\u0144c\u00f3w w&nbsp;oparciu o lepsze dane;<\/span><\/span><\/p>\n<\/li>\n<li>\n<p><span ><span >rozpocz\u0105\u0107 proces innowacji nap\u0119dzany danymi w&nbsp;swojej gminie;<\/span><\/span><\/p>\n<\/li>\n<li>\n<p><span ><span >stymulowa\u0107 wymian\u0119 danych mi\u0119dzy departamentami;<\/span><\/span><\/p>\n<\/li>\n<li>\n<p lang=\"en\"><span ><span ><span >pozna\u0107 narz\u0119dzia open source oparte na&nbsp;mechanizmach OASC w&nbsp;celu lepszej integracji danych i&nbsp;zapewnienia ich widoczno\u015bci.<\/span><\/span><\/span><\/p>\n<\/li>\n<\/ul>\n<p lang=\"en\"><span ><span >Warsztaty organizowane s\u0105 przez Open &amp; Agile Smart Cities przy wsparciu EIT Digital, Digital Enabler and&nbsp;Engineering.<\/span><\/span><\/p>\n<p lang=\"en\"><span ><span ><span >Uwaga:<\/span><\/span><\/span><\/p>\n<p lang=\"en\"><span ><span ><span >Uczestnicy powinni by\u0107 informowani o zestawach danych, kt\u00f3re s\u0105 ju\u017c dost\u0119pne dla ich gminy a tak\u017ce o tych, kt\u00f3re prawdopodobnie b\u0119d\u0105 wkr\u00f3tce dost\u0119pne. <\/span><\/span><\/span><\/p>\n<p lang=\"en\"><span ><span ><span style=\"font-size: medium;\"><span ><b>Agenda (godziny rozpocz\u0119cia mog\u0105 ulec zmianie)<\/b><\/span><\/span><\/span><\/span><\/p>\n<p lang=\"en\"><span ><span ><span ><b>1430<\/b><\/span><span > Pocz\u0119stunek powitalny (kawa\/herbata)<\/span><\/span><\/span><\/p>\n<p lang=\"en\"><span ><span ><span ><b>1500<\/b><\/span><span > Powitanie i&nbsp;wprowadzenie \u2013 Tworzenie grupy i&nbsp;ustalanie cel\u00f3w<\/span><\/span><\/span><\/p>\n<p lang=\"en\"><span ><span ><span ><b>1515<\/b><\/span> <span ><b>Challenges First<\/b><\/span><span >: Jakie pilne wyzwania stoj\u0105 przed naszym miastem?<\/span><\/span><\/span><\/p>\n<p lang=\"en\"><span ><span ><span > Shareback &#8211; kilka przyk\u0142ad\u00f3w z&nbsp;pomieszczenia<\/span><\/span><\/span><\/p>\n<p lang=\"en\"><span ><span ><span ><b> Datastorming<\/b><\/span><span > &#8211; jakimi danymi dysponujemy dzisiaj? Czym b\u0119dziemy dysponowa\u0107 jutro? Co przyniesie przysz\u0142o\u015b\u0107?<\/span><\/span><\/span><\/p>\n<p lang=\"en\"><span ><span ><span ><i> Przerwa <\/i><\/span><\/span><\/span><\/p>\n<p lang=\"en\"><span ><span > <span ><b>Narz\u0119dzie Digital Enabler<\/b><\/span> <\/span><\/span><\/p>\n<p lang=\"en\"><span ><span > <span ><b>Opportunities Next &#8211; <\/b><\/span><span >jakie zestawy danych (obecne i&nbsp;przysz\u0142e) mog\u0105 oferowa\u0107 mo\u017cliwo\u015bci w&nbsp;zakresie rozwi\u0105zania naszych pal\u0105cych wyzwa\u0144? <\/span>Jakie s\u0105 te mo\u017cliwo\u015bci? <\/span><\/span><\/p>\n<p lang=\"en\"><span ><span ><b> <\/b><span >Shareback &#8211; mo\u017cliwo\u015bci w&nbsp;zakresie innowacji dzi\u0119ki wykorzystaniu danych<\/span><\/span><\/span><\/p>\n<p lang=\"en\"><span ><span ><b> <\/b><span >Zako\u0144czenie <br \/>\n<\/span><span ><b>1800 <\/b><\/span><span >Sieciowanie<\/span><\/span><\/span><\/p>\n<p lang=\"en\"><span ><span ><span >Na warsztaty mo\u017cna si\u0119 zarejestrowa\u0107 pod linkiem: <\/span><span style=\"color: #0000ff;\"><u><a href=\"https:\/\/www.eventbrite.co.uk\/e\/follow-the-data-tickets-74692018839\" target=\"_blank\" rel=\"noopener noreferrer\">https:\/\/www.eventbrite.co.uk\/e\/follow-the-data-tickets-74692018839<\/a><\/u><\/span><span >. Warunek uczestnictwa to reprezentowanie miasta innego ni\u017c Pozna\u0144 oraz&nbsp;co najmniej komunikatywna <\/span><span >znajomo\u015b\u0107<\/span><span > j\u0119zyka angielskiego<\/span><\/span><\/span><\/p>\n<p class=\"western\">\n","protected":false},"excerpt":{"rendered":"<p>Wykorzystanie innowacji opartych na&nbsp;danych dla lepszej jako\u015bci \u017cycia Opis Ka\u017cda gmina gromadzi i&nbsp;przechowuje ogromne ilo\u015bci najwa\u017cniejszego zasobu w&nbsp;dzisiejszym cyfrowym \u015bwiecie, tj. danych. Cz\u0119sto dane te gromadzone w&nbsp;obr\u0119bie miasta lub wsp\u00f3lnoty s\u0105 rozrzucone mi\u0119dzy r\u00f3\u017cnymi departamentami lub instytucjami miejskimi. Utrudnia to administracji miasta uzyskanie informacji o tym, jakie dane s\u0105 dost\u0119pne i&nbsp;kt\u00f3re dane nale\u017cy zebra\u0107 w&nbsp;przysz\u0142o\u015bci, &hellip; <\/p>\n<p class=\"link-more\"><a href=\"https:\/\/forumrozwojumiast.poznan.pl\/2019\/follow-the-data-podazaj-za-danymi\/\" class=\"more-link\">Continue reading<span class=\"screen-reader-text\"> &#8222;Workshop Follow The Data (Pod\u0105\u017caj za danymi)&#8221;<\/span><\/a><\/p>\n","protected":false},"author":1,"featured_media":0,"parent":0,"menu_order":0,"comment_status":"closed","ping_status":"closed","template":"","meta":{"_acf_changed":false,"inline_featured_image":false,"ngg_post_thumbnail":0,"footnotes":""},"class_list":["post-4702","page","type-page","status-publish","hentry"],"acf":[],"yoast_head":"<!-- This site is optimized with the Yoast SEO plugin v27.5 - https:\/\/yoast.com\/product\/yoast-seo-wordpress\/ -->\n<title>Workshop Follow The Data (Pod\u0105\u017caj za danymi) - Forum Rozwoju Miast<\/title>\n<meta name=\"robots\" content=\"index, follow, max-snippet:-1, max-image-preview:large, max-video-preview:-1\" \/>\n<link rel=\"canonical\" href=\"https:\/\/forumrozwojumiast.poznan.pl\/2019\/follow-the-data-podazaj-za-danymi\/\" \/>\n<meta property=\"og:locale\" content=\"pl_PL\" \/>\n<meta property=\"og:type\" content=\"article\" \/>\n<meta property=\"og:title\" content=\"Workshop Follow The Data (Pod\u0105\u017caj za danymi) - Forum Rozwoju Miast\" \/>\n<meta property=\"og:description\" content=\"Wykorzystanie innowacji opartych na&nbsp;danych dla lepszej jako\u015bci \u017cycia Opis Ka\u017cda gmina gromadzi i&nbsp;przechowuje ogromne ilo\u015bci najwa\u017cniejszego zasobu w&nbsp;dzisiejszym cyfrowym \u015bwiecie, tj. danych. Cz\u0119sto dane te gromadzone w&nbsp;obr\u0119bie miasta lub wsp\u00f3lnoty s\u0105 rozrzucone mi\u0119dzy r\u00f3\u017cnymi departamentami lub instytucjami miejskimi. Utrudnia to administracji miasta uzyskanie informacji o tym, jakie dane s\u0105 dost\u0119pne i&nbsp;kt\u00f3re dane nale\u017cy zebra\u0107 w&nbsp;przysz\u0142o\u015bci, &hellip; Continue reading &quot;Workshop Follow The Data (Pod\u0105\u017caj za danymi)&quot;\" \/>\n<meta property=\"og:url\" content=\"https:\/\/forumrozwojumiast.poznan.pl\/2019\/follow-the-data-podazaj-za-danymi\/\" \/>\n<meta property=\"og:site_name\" content=\"Forum Rozwoju Miast\" \/>\n<meta property=\"article:modified_time\" content=\"2019-10-03T15:54:21+00:00\" \/>\n<meta name=\"twitter:card\" content=\"summary_large_image\" \/>\n<meta name=\"twitter:label1\" content=\"Szacowany czas czytania\" \/>\n\t<meta name=\"twitter:data1\" content=\"2 minuty\" \/>\n<script type=\"application\/ld+json\" class=\"yoast-schema-graph\">{\"@context\":\"https:\\\/\\\/schema.org\",\"@graph\":[{\"@type\":\"WebPage\",\"@id\":\"https:\\\/\\\/forumrozwojumiast.poznan.pl\\\/2019\\\/follow-the-data-podazaj-za-danymi\\\/\",\"url\":\"https:\\\/\\\/forumrozwojumiast.poznan.pl\\\/2019\\\/follow-the-data-podazaj-za-danymi\\\/\",\"name\":\"Workshop Follow The Data (Pod\u0105\u017caj za danymi) - Forum Rozwoju Miast\",\"isPartOf\":{\"@id\":\"https:\\\/\\\/forumrozwojumiast.poznan.pl\\\/2019\\\/#website\"},\"datePublished\":\"2019-10-03T15:46:50+00:00\",\"dateModified\":\"2019-10-03T15:54:21+00:00\",\"breadcrumb\":{\"@id\":\"https:\\\/\\\/forumrozwojumiast.poznan.pl\\\/2019\\\/follow-the-data-podazaj-za-danymi\\\/#breadcrumb\"},\"inLanguage\":\"pl-PL\",\"potentialAction\":[{\"@type\":\"ReadAction\",\"target\":[\"https:\\\/\\\/forumrozwojumiast.poznan.pl\\\/2019\\\/follow-the-data-podazaj-za-danymi\\\/\"]}]},{\"@type\":\"BreadcrumbList\",\"@id\":\"https:\\\/\\\/forumrozwojumiast.poznan.pl\\\/2019\\\/follow-the-data-podazaj-za-danymi\\\/#breadcrumb\",\"itemListElement\":[{\"@type\":\"ListItem\",\"position\":1,\"name\":\"Strona g\u0142\u00f3wna\",\"item\":\"https:\\\/\\\/forumrozwojumiast.poznan.pl\\\/2019\\\/\"},{\"@type\":\"ListItem\",\"position\":2,\"name\":\"Workshop Follow The Data (Pod\u0105\u017caj za danymi)\"}]},{\"@type\":\"WebSite\",\"@id\":\"https:\\\/\\\/forumrozwojumiast.poznan.pl\\\/2019\\\/#website\",\"url\":\"https:\\\/\\\/forumrozwojumiast.poznan.pl\\\/2019\\\/\",\"name\":\"Forum Rozwoju Miast\",\"description\":\"Obywatelski wymiar strategicznego zarz\u0105dzania miastem\",\"potentialAction\":[{\"@type\":\"SearchAction\",\"target\":{\"@type\":\"EntryPoint\",\"urlTemplate\":\"https:\\\/\\\/forumrozwojumiast.poznan.pl\\\/2019\\\/?s={search_term_string}\"},\"query-input\":{\"@type\":\"PropertyValueSpecification\",\"valueRequired\":true,\"valueName\":\"search_term_string\"}}],\"inLanguage\":\"pl-PL\"}]}<\/script>\n<!-- \/ Yoast SEO plugin. -->","yoast_head_json":{"title":"Workshop Follow The Data (Pod\u0105\u017caj za danymi) - Forum Rozwoju Miast","robots":{"index":"index","follow":"follow","max-snippet":"max-snippet:-1","max-image-preview":"max-image-preview:large","max-video-preview":"max-video-preview:-1"},"canonical":"https:\/\/forumrozwojumiast.poznan.pl\/2019\/follow-the-data-podazaj-za-danymi\/","og_locale":"pl_PL","og_type":"article","og_title":"Workshop Follow The Data (Pod\u0105\u017caj za danymi) - Forum Rozwoju Miast","og_description":"Wykorzystanie innowacji opartych na&nbsp;danych dla lepszej jako\u015bci \u017cycia Opis Ka\u017cda gmina gromadzi i&nbsp;przechowuje ogromne ilo\u015bci najwa\u017cniejszego zasobu w&nbsp;dzisiejszym cyfrowym \u015bwiecie, tj. danych. Cz\u0119sto dane te gromadzone w&nbsp;obr\u0119bie miasta lub wsp\u00f3lnoty s\u0105 rozrzucone mi\u0119dzy r\u00f3\u017cnymi departamentami lub instytucjami miejskimi. Utrudnia to administracji miasta uzyskanie informacji o tym, jakie dane s\u0105 dost\u0119pne i&nbsp;kt\u00f3re dane nale\u017cy zebra\u0107 w&nbsp;przysz\u0142o\u015bci, &hellip; Continue reading \"Workshop Follow The Data (Pod\u0105\u017caj za danymi)\"","og_url":"https:\/\/forumrozwojumiast.poznan.pl\/2019\/follow-the-data-podazaj-za-danymi\/","og_site_name":"Forum Rozwoju Miast","article_modified_time":"2019-10-03T15:54:21+00:00","twitter_card":"summary_large_image","twitter_misc":{"Szacowany czas czytania":"2 minuty"},"schema":{"@context":"https:\/\/schema.org","@graph":[{"@type":"WebPage","@id":"https:\/\/forumrozwojumiast.poznan.pl\/2019\/follow-the-data-podazaj-za-danymi\/","url":"https:\/\/forumrozwojumiast.poznan.pl\/2019\/follow-the-data-podazaj-za-danymi\/","name":"Workshop Follow The Data (Pod\u0105\u017caj za danymi) - Forum Rozwoju Miast","isPartOf":{"@id":"https:\/\/forumrozwojumiast.poznan.pl\/2019\/#website"},"datePublished":"2019-10-03T15:46:50+00:00","dateModified":"2019-10-03T15:54:21+00:00","breadcrumb":{"@id":"https:\/\/forumrozwojumiast.poznan.pl\/2019\/follow-the-data-podazaj-za-danymi\/#breadcrumb"},"inLanguage":"pl-PL","potentialAction":[{"@type":"ReadAction","target":["https:\/\/forumrozwojumiast.poznan.pl\/2019\/follow-the-data-podazaj-za-danymi\/"]}]},{"@type":"BreadcrumbList","@id":"https:\/\/forumrozwojumiast.poznan.pl\/2019\/follow-the-data-podazaj-za-danymi\/#breadcrumb","itemListElement":[{"@type":"ListItem","position":1,"name":"Strona g\u0142\u00f3wna","item":"https:\/\/forumrozwojumiast.poznan.pl\/2019\/"},{"@type":"ListItem","position":2,"name":"Workshop Follow The Data (Pod\u0105\u017caj za danymi)"}]},{"@type":"WebSite","@id":"https:\/\/forumrozwojumiast.poznan.pl\/2019\/#website","url":"https:\/\/forumrozwojumiast.poznan.pl\/2019\/","name":"Forum Rozwoju Miast","description":"Obywatelski wymiar strategicznego zarz\u0105dzania miastem","potentialAction":[{"@type":"SearchAction","target":{"@type":"EntryPoint","urlTemplate":"https:\/\/forumrozwojumiast.poznan.pl\/2019\/?s={search_term_string}"},"query-input":{"@type":"PropertyValueSpecification","valueRequired":true,"valueName":"search_term_string"}}],"inLanguage":"pl-PL"}]}},"_links":{"self":[{"href":"https:\/\/forumrozwojumiast.poznan.pl\/2019\/wp-json\/wp\/v2\/pages\/4702","targetHints":{"allow":["GET"]}}],"collection":[{"href":"https:\/\/forumrozwojumiast.poznan.pl\/2019\/wp-json\/wp\/v2\/pages"}],"about":[{"href":"https:\/\/forumrozwojumiast.poznan.pl\/2019\/wp-json\/wp\/v2\/types\/page"}],"author":[{"embeddable":true,"href":"https:\/\/forumrozwojumiast.poznan.pl\/2019\/wp-json\/wp\/v2\/users\/1"}],"replies":[{"embeddable":true,"href":"https:\/\/forumrozwojumiast.poznan.pl\/2019\/wp-json\/wp\/v2\/comments?post=4702"}],"version-history":[{"count":5,"href":"https:\/\/forumrozwojumiast.poznan.pl\/2019\/wp-json\/wp\/v2\/pages\/4702\/revisions"}],"predecessor-version":[{"id":4712,"href":"https:\/\/forumrozwojumiast.poznan.pl\/2019\/wp-json\/wp\/v2\/pages\/4702\/revisions\/4712"}],"wp:attachment":[{"href":"https:\/\/forumrozwojumiast.poznan.pl\/2019\/wp-json\/wp\/v2\/media?parent=4702"}],"curies":[{"name":"wp","href":"https:\/\/api.w.org\/{rel}","templated":true}]}}