{"id":845,"date":"2017-10-04T03:56:03","date_gmt":"2017-10-04T01:56:03","guid":{"rendered":"https:\/\/forumrozwojumiast.poznan.pl\/2020\/?page_id=845"},"modified":"2020-11-20T11:52:59","modified_gmt":"2020-11-20T10:52:59","slug":"about-forum","status":"publish","type":"page","link":"https:\/\/forumrozwojumiast.poznan.pl\/2020\/en\/about-forum\/","title":{"rendered":"about forum"},"content":{"rendered":"<p style=\"text-align: center;\" align=\"justify\">4th City Development Forum<\/p>\n<p>4th City Development Forum took place on the 4thand 5th November 2020. The&nbsp;main topics of this year\u2019s edition were safe city space and&nbsp;competences of the 21st century. They were tackled by&nbsp;Polish and&nbsp;international speakers from Great Britain, France, Netherlands, Norway, Estonia, Finland and&nbsp;Austria among others. This&nbsp;year due to the coronavirus pandemic, the conference was held online.<\/p>\n<p>The topic of the first day was safety in city spaces. Speakers from Norway, Spain and&nbsp;Poland presented proven methods for effective execution of the Vision Zero, which means constant increasing of the safety level, reducing the number of severe road accidents and&nbsp;aiming at total elimination of their victims. Reaching that goal in Oslo, Pontevedra and&nbsp;Jaworzno was possible owing to slowing down the vehicular traffic and&nbsp;eliminating transit in city centres, reducing car traffic in school areas and&nbsp;increasing availability of spaces for pedestrians and&nbsp;cyclists, who were provided with comfortable transport routes and&nbsp;bike lanes. Speakers from London, Vienna, Berlin, \u0141\u00f3d\u017a and&nbsp;Pozna\u0144 appealed for considering adjusting public space for the needs of children, senior citizens and&nbsp;local communities instead of amenities for cars. They emphasized that it is important to look at the city from the perspective of a child and&nbsp;to adjust streets to the needs of all users, especially for school children (for example by&nbsp;temporary traffic restrictions in school areas) and&nbsp;for citizens who want to spend time together and&nbsp;safely (for example by&nbsp;creating woonerfs or playstreets during weekends). An important point of focus on the first day was also safety of citizens in the time of pandemics. Speakers from France and&nbsp;the Netherlands presents means of crowd monitoring in cities using modern technologies and&nbsp;presented solutions allowing keeping social distance and&nbsp;safety (for example by&nbsp;creating movement corridors for pedestrians, creating new bicycle paths, decreasing space for car traffic). Using new technologies (for example air quality monitoring) and&nbsp;collected data (for example about car traffic and&nbsp;car accidents) in city space management which provide safety for all its users was brought up by&nbsp;speakers from Germany and&nbsp;Poland.<\/p>\n<p>\nThe topic of the second day were skills of the 21st century. Speakers from Estonia and&nbsp;Finland presented how the education systems in their countries are organized and&nbsp;what makes them successful in international rankings. The&nbsp;key rules of effective education are great autonomy of teachers and&nbsp;schools in choosing teaching methods, diversity in ways of teaching and&nbsp;adequate proportions between theoretical and&nbsp;practical teaching. An important factor favourable for learning is also possibility to use modern technologies as well as social trust in teachers and&nbsp;introduced changes. Speeches about education of youngest generations and&nbsp;skills necessary in the 21st century were delivered by&nbsp;experts from Great Britain and&nbsp;Poland. They emphasized the need to base teaching on interactions with other people and&nbsp;teaching children openness, communicativeness, adjusting to changing world, resourcefulness, time and&nbsp;work management as well as critical and&nbsp;creative thinking. What they consider essential are also digital skills and&nbsp;education about climate which allows people understand climate phenomena and&nbsp;human influence on them. Those skills were considered conducive to building friendly, kind, open and&nbsp;intelligent cities which allow citizens participate in many processes owing to modern technologies according to speakers from Sweden, Czech Republic and&nbsp;Poland.<\/p>\n<p>\n4th City Development Forum was organised by&nbsp;the City of Pozna\u0144, Wielkopolska Investment Support Center Ltd WCWI, Pozna\u0144 International Fair and&nbsp;Association of Polish Cities. City Development Forum is an&nbsp;international platform for exchanging experience and&nbsp;good practices regarding city development planning and&nbsp;is an&nbsp;opportunity to new trends and&nbsp;tools supporting this development in many aspects. There were almost half a thousand participants of this year\u2019s speeches and&nbsp;debates online. We are planning the next \u2013 fifth \u2013 edition of the Forum.<\/p>\n<p>&nbsp;<\/p>\n<p>&nbsp;<\/p>\n","protected":false},"excerpt":{"rendered":"<p>4th City Development Forum 4th City Development Forum took place on the 4thand 5th November 2020. The&nbsp;main topics of this year\u2019s edition were safe city space and&nbsp;competences of the 21st century. They were tackled by&nbsp;Polish and&nbsp;international speakers from Great Britain, France, Netherlands, Norway, Estonia, Finland and&nbsp;Austria among others. This&nbsp;year due to the coronavirus pandemic, the &hellip; <\/p>\n<p class=\"link-more\"><a href=\"https:\/\/forumrozwojumiast.poznan.pl\/2020\/en\/about-forum\/\" class=\"more-link\">Continue reading<span class=\"screen-reader-text\"> &#8222;about forum&#8221;<\/span><\/a><\/p>\n","protected":false},"author":1,"featured_media":0,"parent":0,"menu_order":106,"comment_status":"closed","ping_status":"closed","template":"","meta":{"_acf_changed":false,"inline_featured_image":false,"ngg_post_thumbnail":0,"footnotes":""},"class_list":["post-845","page","type-page","status-publish","hentry"],"acf":[],"yoast_head":"<!-- This site is optimized with the Yoast SEO plugin v27.4 - https:\/\/yoast.com\/product\/yoast-seo-wordpress\/ -->\n<title>about forum - Forum Rozwoju Miast<\/title>\n<meta name=\"robots\" content=\"index, follow, max-snippet:-1, max-image-preview:large, max-video-preview:-1\" \/>\n<link rel=\"canonical\" href=\"https:\/\/forumrozwojumiast.poznan.pl\/2020\/en\/about-forum\/\" \/>\n<meta property=\"og:locale\" content=\"pl_PL\" \/>\n<meta property=\"og:type\" content=\"article\" \/>\n<meta property=\"og:title\" content=\"about forum - Forum Rozwoju Miast\" \/>\n<meta property=\"og:description\" content=\"4th City Development Forum 4th City Development Forum took place on the 4thand 5th November 2020. The&nbsp;main topics of this year\u2019s edition were safe city space and&nbsp;competences of the 21st century. They were tackled by&nbsp;Polish and&nbsp;international speakers from Great Britain, France, Netherlands, Norway, Estonia, Finland and&nbsp;Austria among others. This&nbsp;year due to the coronavirus pandemic, the &hellip; Continue reading &quot;about forum&quot;\" \/>\n<meta property=\"og:url\" content=\"https:\/\/forumrozwojumiast.poznan.pl\/2020\/en\/about-forum\/\" \/>\n<meta property=\"og:site_name\" content=\"Forum Rozwoju Miast\" \/>\n<meta property=\"article:modified_time\" content=\"2020-11-20T10:52:59+00:00\" \/>\n<meta name=\"twitter:card\" content=\"summary_large_image\" \/>\n<meta name=\"twitter:label1\" content=\"Szacowany czas czytania\" \/>\n\t<meta name=\"twitter:data1\" content=\"3 minuty\" \/>\n<script type=\"application\/ld+json\" class=\"yoast-schema-graph\">{\"@context\":\"https:\\\/\\\/schema.org\",\"@graph\":[{\"@type\":\"WebPage\",\"@id\":\"https:\\\/\\\/forumrozwojumiast.poznan.pl\\\/2020\\\/en\\\/about-forum\\\/\",\"url\":\"https:\\\/\\\/forumrozwojumiast.poznan.pl\\\/2020\\\/en\\\/about-forum\\\/\",\"name\":\"about forum - Forum Rozwoju Miast\",\"isPartOf\":{\"@id\":\"https:\\\/\\\/forumrozwojumiast.poznan.pl\\\/2020\\\/#website\"},\"datePublished\":\"2017-10-04T01:56:03+00:00\",\"dateModified\":\"2020-11-20T10:52:59+00:00\",\"breadcrumb\":{\"@id\":\"https:\\\/\\\/forumrozwojumiast.poznan.pl\\\/2020\\\/en\\\/about-forum\\\/#breadcrumb\"},\"inLanguage\":\"pl-PL\",\"potentialAction\":[{\"@type\":\"ReadAction\",\"target\":[\"https:\\\/\\\/forumrozwojumiast.poznan.pl\\\/2020\\\/en\\\/about-forum\\\/\"]}]},{\"@type\":\"BreadcrumbList\",\"@id\":\"https:\\\/\\\/forumrozwojumiast.poznan.pl\\\/2020\\\/en\\\/about-forum\\\/#breadcrumb\",\"itemListElement\":[{\"@type\":\"ListItem\",\"position\":1,\"name\":\"Strona g\u0142\u00f3wna\",\"item\":\"https:\\\/\\\/forumrozwojumiast.poznan.pl\\\/2020\\\/\"},{\"@type\":\"ListItem\",\"position\":2,\"name\":\"about forum\"}]},{\"@type\":\"WebSite\",\"@id\":\"https:\\\/\\\/forumrozwojumiast.poznan.pl\\\/2020\\\/#website\",\"url\":\"https:\\\/\\\/forumrozwojumiast.poznan.pl\\\/2020\\\/\",\"name\":\"Forum Rozwoju Miast\",\"description\":\"Obywatelski wymiar strategicznego zarz\u0105dzania miastem\",\"potentialAction\":[{\"@type\":\"SearchAction\",\"target\":{\"@type\":\"EntryPoint\",\"urlTemplate\":\"https:\\\/\\\/forumrozwojumiast.poznan.pl\\\/2020\\\/?s={search_term_string}\"},\"query-input\":{\"@type\":\"PropertyValueSpecification\",\"valueRequired\":true,\"valueName\":\"search_term_string\"}}],\"inLanguage\":\"pl-PL\"}]}<\/script>\n<!-- \/ Yoast SEO plugin. -->","yoast_head_json":{"title":"about forum - Forum Rozwoju Miast","robots":{"index":"index","follow":"follow","max-snippet":"max-snippet:-1","max-image-preview":"max-image-preview:large","max-video-preview":"max-video-preview:-1"},"canonical":"https:\/\/forumrozwojumiast.poznan.pl\/2020\/en\/about-forum\/","og_locale":"pl_PL","og_type":"article","og_title":"about forum - Forum Rozwoju Miast","og_description":"4th City Development Forum 4th City Development Forum took place on the 4thand 5th November 2020. The&nbsp;main topics of this year\u2019s edition were safe city space and&nbsp;competences of the 21st century. They were tackled by&nbsp;Polish and&nbsp;international speakers from Great Britain, France, Netherlands, Norway, Estonia, Finland and&nbsp;Austria among others. This&nbsp;year due to the coronavirus pandemic, the &hellip; Continue reading \"about forum\"","og_url":"https:\/\/forumrozwojumiast.poznan.pl\/2020\/en\/about-forum\/","og_site_name":"Forum Rozwoju Miast","article_modified_time":"2020-11-20T10:52:59+00:00","twitter_card":"summary_large_image","twitter_misc":{"Szacowany czas czytania":"3 minuty"},"schema":{"@context":"https:\/\/schema.org","@graph":[{"@type":"WebPage","@id":"https:\/\/forumrozwojumiast.poznan.pl\/2020\/en\/about-forum\/","url":"https:\/\/forumrozwojumiast.poznan.pl\/2020\/en\/about-forum\/","name":"about forum - Forum Rozwoju Miast","isPartOf":{"@id":"https:\/\/forumrozwojumiast.poznan.pl\/2020\/#website"},"datePublished":"2017-10-04T01:56:03+00:00","dateModified":"2020-11-20T10:52:59+00:00","breadcrumb":{"@id":"https:\/\/forumrozwojumiast.poznan.pl\/2020\/en\/about-forum\/#breadcrumb"},"inLanguage":"pl-PL","potentialAction":[{"@type":"ReadAction","target":["https:\/\/forumrozwojumiast.poznan.pl\/2020\/en\/about-forum\/"]}]},{"@type":"BreadcrumbList","@id":"https:\/\/forumrozwojumiast.poznan.pl\/2020\/en\/about-forum\/#breadcrumb","itemListElement":[{"@type":"ListItem","position":1,"name":"Strona g\u0142\u00f3wna","item":"https:\/\/forumrozwojumiast.poznan.pl\/2020\/"},{"@type":"ListItem","position":2,"name":"about forum"}]},{"@type":"WebSite","@id":"https:\/\/forumrozwojumiast.poznan.pl\/2020\/#website","url":"https:\/\/forumrozwojumiast.poznan.pl\/2020\/","name":"Forum Rozwoju Miast","description":"Obywatelski wymiar strategicznego zarz\u0105dzania miastem","potentialAction":[{"@type":"SearchAction","target":{"@type":"EntryPoint","urlTemplate":"https:\/\/forumrozwojumiast.poznan.pl\/2020\/?s={search_term_string}"},"query-input":{"@type":"PropertyValueSpecification","valueRequired":true,"valueName":"search_term_string"}}],"inLanguage":"pl-PL"}]}},"_links":{"self":[{"href":"https:\/\/forumrozwojumiast.poznan.pl\/2020\/wp-json\/wp\/v2\/pages\/845","targetHints":{"allow":["GET"]}}],"collection":[{"href":"https:\/\/forumrozwojumiast.poznan.pl\/2020\/wp-json\/wp\/v2\/pages"}],"about":[{"href":"https:\/\/forumrozwojumiast.poznan.pl\/2020\/wp-json\/wp\/v2\/types\/page"}],"author":[{"embeddable":true,"href":"https:\/\/forumrozwojumiast.poznan.pl\/2020\/wp-json\/wp\/v2\/users\/1"}],"replies":[{"embeddable":true,"href":"https:\/\/forumrozwojumiast.poznan.pl\/2020\/wp-json\/wp\/v2\/comments?post=845"}],"version-history":[{"count":16,"href":"https:\/\/forumrozwojumiast.poznan.pl\/2020\/wp-json\/wp\/v2\/pages\/845\/revisions"}],"predecessor-version":[{"id":6263,"href":"https:\/\/forumrozwojumiast.poznan.pl\/2020\/wp-json\/wp\/v2\/pages\/845\/revisions\/6263"}],"wp:attachment":[{"href":"https:\/\/forumrozwojumiast.poznan.pl\/2020\/wp-json\/wp\/v2\/media?parent=845"}],"curies":[{"name":"wp","href":"https:\/\/api.w.org\/{rel}","templated":true}]}}