{"id":5381,"date":"2020-09-09T16:01:35","date_gmt":"2020-09-09T14:01:35","guid":{"rendered":"https:\/\/forumrozwojumiast.poznan.pl\/2021\/?page_id=5381"},"modified":"2021-11-18T15:56:58","modified_gmt":"2021-11-18T14:56:58","slug":"film","status":"publish","type":"page","link":"https:\/\/forumrozwojumiast.poznan.pl\/2021\/film\/","title":{"rendered":"film"},"content":{"rendered":"<p><span style=\"color: #000000;\">Zapraszamy, wraz z&nbsp;Kinem Muza i&nbsp;Estrad\u0105 Pozna\u0144sk\u0105, na&nbsp;film <strong>\u201eNie marnuj jedzenia\u201d<\/strong>. To opowie\u015b\u0107 o wojowniczce \u2013 aktywistce walcz\u0105cej z&nbsp;nier\u00f3wno\u015bciami spo\u0142ecznymi i&nbsp;marnotrawstwem jedzenia, <strong>Ronni Kahn<\/strong>. W&nbsp;biografii Ronni czytamy: \u201ejest \u017carliw\u0105 obro\u0144czyni\u0105 i&nbsp;aktywistk\u0105 znan\u0105 z&nbsp;zak\u0142\u00f3cania sytuacji zwi\u0105zanej z&nbsp;marnotrawstwem \u017cywno\u015bci w&nbsp;Australii\u201d. Ronni uda\u0142o si\u0119 na&nbsp;tyle skutecznie \u201ezak\u0142\u00f3ci\u0107 sytuacj\u0119\u201d w&nbsp;jej kraju, \u017ce australijski rz\u0105d zmieni\u0142 polityk\u0119 zwi\u0105zan\u0105 z&nbsp;\u017cywno\u015bci\u0105, deklaruj\u0105c zmniejszenie skali marnotrawienia jedzenia a sam\u0105 Ronni ustanowi\u0142 swoj\u0105 doradczyni\u0105. A co wi\u0119cej, przyznaje jej tytu\u0142 Oficera Orderu Australii (AO) i&nbsp;uznaje za Australijskiego Lokalnego Bohatera Roku.<\/span><\/p>\n<p><span style=\"color: #000000;\">Wyst\u0105pienie Ronni otwiera\u0142o drugi dzie\u0144 V edycji Forum Rozwoju Miast. Ratowanie jedzenia to misja, kt\u00f3r\u0105 Ronni wype\u0142nia od kilkunastu lat. Zwalczaj\u0105c marnotrawstwo \u017cywno\u015bci i&nbsp;nier\u00f3wno\u015bci spo\u0142eczne dostarcza jedzenie ludziom go potrzebuj\u0105cym. Prowadzona przez Ronni organizacja charytatywna OzHarvest jest najwi\u0119ksz\u0105 w&nbsp;Australii organizacj\u0105 ratuj\u0105c\u0105 jedzenie, kt\u00f3ra skupia obecnie oko\u0142o 200 os\u00f3b i&nbsp;ponad 2500 wolontariuszy. Pocz\u0105tki OZ Harvest si\u0119gaj\u0105 2004 roku, kiedy Ronni samodzielnie odbiera\u0142a w\u0142asnym vanem nadwy\u017cki jedzenia od przedsi\u0119biorc\u00f3w i&nbsp;przekazywa\u0142a je najubo\u017cszym. Dzi\u015b OZ Harvest dodatkowo zajmuje si\u0119 dzia\u0142alno\u015bci\u0105 edukacyjn\u0105 w\u015br\u00f3d dzieci, m\u0142odzie\u017cy i&nbsp;doros\u0142ych, pokazuj\u0105c jak uprawia\u0107, przyrz\u0105dza\u0107 i&nbsp;spo\u017cywa\u0107 jedzenie z&nbsp;trosk\u0105 o jego niemarnotrawienie, dbaj\u0105c tym samym o \u015brodowisko naturalne.<\/span><\/p>\n<p><span style=\"color: #000000;\">Histori\u0119 Ronni poznacie bli\u017cej ogl\u0105daj\u0105c film \u201eNie marnuj jedzenia\u201d, kt\u00f3ry b\u0119dzie dost\u0119pny bezp\u0142atnie w&nbsp;dniach od 22 do&nbsp;27 listopada na&nbsp;platformie Mojeekino: <a style=\"color: #000000;\" href=\"https:\/\/mojeekino.pl\/pokaz\/kino-muza-poznan\">https:\/\/mojeekino.pl\/pokaz\/kino-muza-poznan<\/a><\/span><\/p>\n<p>Zwiastun:<\/p>\n<p><center><div style=\"width: 525px;\" class=\"wp-video\"><video class=\"wp-video-shortcode\" id=\"video-5381-1\" width=\"525\" height=\"295\" preload=\"metadata\" controls=\"controls\"><source type=\"video\/mp4\" src=\"https:\/\/forumrozwojumiast.poznan.pl\/2021\/wp-content\/uploads\/2021\/11\/FoodFighter_Trailer_captionsPL.mp4?_=1\" \/><a href=\"https:\/\/forumrozwojumiast.poznan.pl\/2021\/wp-content\/uploads\/2021\/11\/FoodFighter_Trailer_captionsPL.mp4\">https:\/\/forumrozwojumiast.poznan.pl\/2021\/wp-content\/uploads\/2021\/11\/FoodFighter_Trailer_captionsPL.mp4<\/a><\/video><\/div><\/center><\/p>\n","protected":false},"excerpt":{"rendered":"<p>Zapraszamy, wraz z&nbsp;Kinem Muza i&nbsp;Estrad\u0105 Pozna\u0144sk\u0105, na&nbsp;film \u201eNie marnuj jedzenia\u201d. To opowie\u015b\u0107 o wojowniczce \u2013 aktywistce walcz\u0105cej z&nbsp;nier\u00f3wno\u015bciami spo\u0142ecznymi i&nbsp;marnotrawstwem jedzenia, Ronni Kahn. W&nbsp;biografii Ronni czytamy: \u201ejest \u017carliw\u0105 obro\u0144czyni\u0105 i&nbsp;aktywistk\u0105 znan\u0105 z&nbsp;zak\u0142\u00f3cania sytuacji zwi\u0105zanej z&nbsp;marnotrawstwem \u017cywno\u015bci w&nbsp;Australii\u201d. Ronni uda\u0142o si\u0119 na&nbsp;tyle skutecznie \u201ezak\u0142\u00f3ci\u0107 sytuacj\u0119\u201d w&nbsp;jej kraju, \u017ce australijski rz\u0105d zmieni\u0142 polityk\u0119 zwi\u0105zan\u0105 z&nbsp;\u017cywno\u015bci\u0105, deklaruj\u0105c zmniejszenie &hellip; <\/p>\n<p class=\"link-more\"><a href=\"https:\/\/forumrozwojumiast.poznan.pl\/2021\/film\/\" class=\"more-link\">Continue reading<span class=\"screen-reader-text\"> &#8222;film&#8221;<\/span><\/a><\/p>\n","protected":false},"author":1,"featured_media":0,"parent":0,"menu_order":1,"comment_status":"closed","ping_status":"closed","template":"","meta":{"_acf_changed":false,"inline_featured_image":false,"footnotes":""},"class_list":["post-5381","page","type-page","status-publish","hentry"],"acf":[],"yoast_head":"<!-- This site is optimized with the Yoast SEO plugin v27.4 - https:\/\/yoast.com\/product\/yoast-seo-wordpress\/ -->\n<title>film - Forum Rozwoju Miast<\/title>\n<meta name=\"robots\" content=\"index, follow, max-snippet:-1, max-image-preview:large, max-video-preview:-1\" \/>\n<link rel=\"canonical\" href=\"https:\/\/forumrozwojumiast.poznan.pl\/2021\/film\/\" \/>\n<meta property=\"og:locale\" content=\"pl_PL\" \/>\n<meta property=\"og:type\" content=\"article\" \/>\n<meta property=\"og:title\" content=\"film - Forum Rozwoju Miast\" \/>\n<meta property=\"og:description\" content=\"Zapraszamy, wraz z&nbsp;Kinem Muza i&nbsp;Estrad\u0105 Pozna\u0144sk\u0105, na&nbsp;film \u201eNie marnuj jedzenia\u201d. To opowie\u015b\u0107 o wojowniczce \u2013 aktywistce walcz\u0105cej z&nbsp;nier\u00f3wno\u015bciami spo\u0142ecznymi i&nbsp;marnotrawstwem jedzenia, Ronni Kahn. W&nbsp;biografii Ronni czytamy: \u201ejest \u017carliw\u0105 obro\u0144czyni\u0105 i&nbsp;aktywistk\u0105 znan\u0105 z&nbsp;zak\u0142\u00f3cania sytuacji zwi\u0105zanej z&nbsp;marnotrawstwem \u017cywno\u015bci w&nbsp;Australii\u201d. Ronni uda\u0142o si\u0119 na&nbsp;tyle skutecznie \u201ezak\u0142\u00f3ci\u0107 sytuacj\u0119\u201d w&nbsp;jej kraju, \u017ce australijski rz\u0105d zmieni\u0142 polityk\u0119 zwi\u0105zan\u0105 z&nbsp;\u017cywno\u015bci\u0105, deklaruj\u0105c zmniejszenie &hellip; Continue reading &quot;film&quot;\" \/>\n<meta property=\"og:url\" content=\"https:\/\/forumrozwojumiast.poznan.pl\/2021\/film\/\" \/>\n<meta property=\"og:site_name\" content=\"Forum Rozwoju Miast\" \/>\n<meta property=\"article:modified_time\" content=\"2021-11-18T14:56:58+00:00\" \/>\n<meta name=\"twitter:card\" content=\"summary_large_image\" \/>\n<meta name=\"twitter:label1\" content=\"Szacowany czas czytania\" \/>\n\t<meta name=\"twitter:data1\" content=\"1 minuta\" \/>\n<script type=\"application\/ld+json\" class=\"yoast-schema-graph\">{\"@context\":\"https:\\\/\\\/schema.org\",\"@graph\":[{\"@type\":\"WebPage\",\"@id\":\"https:\\\/\\\/forumrozwojumiast.poznan.pl\\\/2021\\\/film\\\/\",\"url\":\"https:\\\/\\\/forumrozwojumiast.poznan.pl\\\/2021\\\/film\\\/\",\"name\":\"film - Forum Rozwoju Miast\",\"isPartOf\":{\"@id\":\"https:\\\/\\\/forumrozwojumiast.poznan.pl\\\/2021\\\/#website\"},\"datePublished\":\"2020-09-09T14:01:35+00:00\",\"dateModified\":\"2021-11-18T14:56:58+00:00\",\"breadcrumb\":{\"@id\":\"https:\\\/\\\/forumrozwojumiast.poznan.pl\\\/2021\\\/film\\\/#breadcrumb\"},\"inLanguage\":\"pl-PL\",\"potentialAction\":[{\"@type\":\"ReadAction\",\"target\":[\"https:\\\/\\\/forumrozwojumiast.poznan.pl\\\/2021\\\/film\\\/\"]}]},{\"@type\":\"BreadcrumbList\",\"@id\":\"https:\\\/\\\/forumrozwojumiast.poznan.pl\\\/2021\\\/film\\\/#breadcrumb\",\"itemListElement\":[{\"@type\":\"ListItem\",\"position\":1,\"name\":\"Strona g\u0142\u00f3wna\",\"item\":\"https:\\\/\\\/forumrozwojumiast.poznan.pl\\\/2021\\\/\"},{\"@type\":\"ListItem\",\"position\":2,\"name\":\"film\"}]},{\"@type\":\"WebSite\",\"@id\":\"https:\\\/\\\/forumrozwojumiast.poznan.pl\\\/2021\\\/#website\",\"url\":\"https:\\\/\\\/forumrozwojumiast.poznan.pl\\\/2021\\\/\",\"name\":\"Forum Rozwoju Miast\",\"description\":\"Obywatelski wymiar strategicznego zarz\u0105dzania miastem\",\"potentialAction\":[{\"@type\":\"SearchAction\",\"target\":{\"@type\":\"EntryPoint\",\"urlTemplate\":\"https:\\\/\\\/forumrozwojumiast.poznan.pl\\\/2021\\\/?s={search_term_string}\"},\"query-input\":{\"@type\":\"PropertyValueSpecification\",\"valueRequired\":true,\"valueName\":\"search_term_string\"}}],\"inLanguage\":\"pl-PL\"}]}<\/script>\n<!-- \/ Yoast SEO plugin. -->","yoast_head_json":{"title":"film - Forum Rozwoju Miast","robots":{"index":"index","follow":"follow","max-snippet":"max-snippet:-1","max-image-preview":"max-image-preview:large","max-video-preview":"max-video-preview:-1"},"canonical":"https:\/\/forumrozwojumiast.poznan.pl\/2021\/film\/","og_locale":"pl_PL","og_type":"article","og_title":"film - Forum Rozwoju Miast","og_description":"Zapraszamy, wraz z&nbsp;Kinem Muza i&nbsp;Estrad\u0105 Pozna\u0144sk\u0105, na&nbsp;film \u201eNie marnuj jedzenia\u201d. To opowie\u015b\u0107 o wojowniczce \u2013 aktywistce walcz\u0105cej z&nbsp;nier\u00f3wno\u015bciami spo\u0142ecznymi i&nbsp;marnotrawstwem jedzenia, Ronni Kahn. W&nbsp;biografii Ronni czytamy: \u201ejest \u017carliw\u0105 obro\u0144czyni\u0105 i&nbsp;aktywistk\u0105 znan\u0105 z&nbsp;zak\u0142\u00f3cania sytuacji zwi\u0105zanej z&nbsp;marnotrawstwem \u017cywno\u015bci w&nbsp;Australii\u201d. Ronni uda\u0142o si\u0119 na&nbsp;tyle skutecznie \u201ezak\u0142\u00f3ci\u0107 sytuacj\u0119\u201d w&nbsp;jej kraju, \u017ce australijski rz\u0105d zmieni\u0142 polityk\u0119 zwi\u0105zan\u0105 z&nbsp;\u017cywno\u015bci\u0105, deklaruj\u0105c zmniejszenie &hellip; Continue reading \"film\"","og_url":"https:\/\/forumrozwojumiast.poznan.pl\/2021\/film\/","og_site_name":"Forum Rozwoju Miast","article_modified_time":"2021-11-18T14:56:58+00:00","twitter_card":"summary_large_image","twitter_misc":{"Szacowany czas czytania":"1 minuta"},"schema":{"@context":"https:\/\/schema.org","@graph":[{"@type":"WebPage","@id":"https:\/\/forumrozwojumiast.poznan.pl\/2021\/film\/","url":"https:\/\/forumrozwojumiast.poznan.pl\/2021\/film\/","name":"film - Forum Rozwoju Miast","isPartOf":{"@id":"https:\/\/forumrozwojumiast.poznan.pl\/2021\/#website"},"datePublished":"2020-09-09T14:01:35+00:00","dateModified":"2021-11-18T14:56:58+00:00","breadcrumb":{"@id":"https:\/\/forumrozwojumiast.poznan.pl\/2021\/film\/#breadcrumb"},"inLanguage":"pl-PL","potentialAction":[{"@type":"ReadAction","target":["https:\/\/forumrozwojumiast.poznan.pl\/2021\/film\/"]}]},{"@type":"BreadcrumbList","@id":"https:\/\/forumrozwojumiast.poznan.pl\/2021\/film\/#breadcrumb","itemListElement":[{"@type":"ListItem","position":1,"name":"Strona g\u0142\u00f3wna","item":"https:\/\/forumrozwojumiast.poznan.pl\/2021\/"},{"@type":"ListItem","position":2,"name":"film"}]},{"@type":"WebSite","@id":"https:\/\/forumrozwojumiast.poznan.pl\/2021\/#website","url":"https:\/\/forumrozwojumiast.poznan.pl\/2021\/","name":"Forum Rozwoju Miast","description":"Obywatelski wymiar strategicznego zarz\u0105dzania miastem","potentialAction":[{"@type":"SearchAction","target":{"@type":"EntryPoint","urlTemplate":"https:\/\/forumrozwojumiast.poznan.pl\/2021\/?s={search_term_string}"},"query-input":{"@type":"PropertyValueSpecification","valueRequired":true,"valueName":"search_term_string"}}],"inLanguage":"pl-PL"}]}},"_links":{"self":[{"href":"https:\/\/forumrozwojumiast.poznan.pl\/2021\/wp-json\/wp\/v2\/pages\/5381","targetHints":{"allow":["GET"]}}],"collection":[{"href":"https:\/\/forumrozwojumiast.poznan.pl\/2021\/wp-json\/wp\/v2\/pages"}],"about":[{"href":"https:\/\/forumrozwojumiast.poznan.pl\/2021\/wp-json\/wp\/v2\/types\/page"}],"author":[{"embeddable":true,"href":"https:\/\/forumrozwojumiast.poznan.pl\/2021\/wp-json\/wp\/v2\/users\/1"}],"replies":[{"embeddable":true,"href":"https:\/\/forumrozwojumiast.poznan.pl\/2021\/wp-json\/wp\/v2\/comments?post=5381"}],"version-history":[{"count":19,"href":"https:\/\/forumrozwojumiast.poznan.pl\/2021\/wp-json\/wp\/v2\/pages\/5381\/revisions"}],"predecessor-version":[{"id":7462,"href":"https:\/\/forumrozwojumiast.poznan.pl\/2021\/wp-json\/wp\/v2\/pages\/5381\/revisions\/7462"}],"wp:attachment":[{"href":"https:\/\/forumrozwojumiast.poznan.pl\/2021\/wp-json\/wp\/v2\/media?parent=5381"}],"curies":[{"name":"wp","href":"https:\/\/api.w.org\/{rel}","templated":true}]}}