{"id":6969,"date":"2021-09-13T12:36:14","date_gmt":"2021-09-13T10:36:14","guid":{"rendered":"https:\/\/forumrozwojumiast.poznan.pl\/2021\/?page_id=6969"},"modified":"2021-09-13T12:36:14","modified_gmt":"2021-09-13T10:36:14","slug":"bio","status":"publish","type":"page","link":"https:\/\/forumrozwojumiast.poznan.pl\/2021\/en\/speakers\/ariel-modrzyk\/bio\/","title":{"rendered":"bio"},"content":{"rendered":"<p>Ariel Modrzyk, sociologist, PhD at Department of Sociology of Adam Mickiewicz University. An author of papers published in polish journals such as \u201cStudia Socjologiczne\u201d, \u201cKultura i&nbsp;Spo\u0142ecze\u0144stwo\u201d, \u201cRuch Prawniczy, Ekonomiczny i&nbsp;Socjologiczny\u201d and&nbsp;others. His scientific interests are focused on sociology of daily life, sociology of economy, sociology of body, posthumanist sociology. An author of two monographs <em>\u201e<\/em><em>Pomi\u0119dzy normatywizmem a realizmem. Od teorii uznania Axela Honnetha do&nbsp;radykalnie refleksyjnej krytyki spo\u0142ecznej<\/em>\u201d&nbsp;(Ha!art 2013) (Between Normativism and&nbsp;Realism. From Axel Honneth\u2019s theory of Recognition to Radical Reflexive Social Critique) and&nbsp;\u201eSpo\u0142ecze\u0144stwo Marnotrawc\u00f3w? Funkcje i&nbsp;status normy niemarnowania \u017cywno\u015bci\u201d (Nomos 2019) (Wasteful society? Functions and&nbsp;Status of the Norm of not Wasting Food).<\/p>\n","protected":false},"excerpt":{"rendered":"<p>Ariel Modrzyk, sociologist, PhD at Department of Sociology of Adam Mickiewicz University. An author of papers published in polish journals such as \u201cStudia Socjologiczne\u201d, \u201cKultura i&nbsp;Spo\u0142ecze\u0144stwo\u201d, \u201cRuch Prawniczy, Ekonomiczny i&nbsp;Socjologiczny\u201d and&nbsp;others. His scientific interests are focused on sociology of daily life, sociology of economy, sociology of body, posthumanist sociology. An author of two monographs \u201ePomi\u0119dzy &hellip; <\/p>\n<p class=\"link-more\"><a href=\"https:\/\/forumrozwojumiast.poznan.pl\/2021\/en\/speakers\/ariel-modrzyk\/bio\/\" class=\"more-link\">Continue reading<span class=\"screen-reader-text\"> &#8222;bio&#8221;<\/span><\/a><\/p>\n","protected":false},"author":1,"featured_media":0,"parent":6964,"menu_order":0,"comment_status":"closed","ping_status":"closed","template":"","meta":{"_acf_changed":false,"inline_featured_image":false,"footnotes":""},"class_list":["post-6969","page","type-page","status-publish","hentry"],"acf":[],"yoast_head":"<!-- This site is optimized with the Yoast SEO plugin v27.3 - https:\/\/yoast.com\/product\/yoast-seo-wordpress\/ -->\n<title>bio - Forum Rozwoju Miast<\/title>\n<meta name=\"robots\" content=\"index, follow, max-snippet:-1, max-image-preview:large, max-video-preview:-1\" \/>\n<link rel=\"canonical\" href=\"https:\/\/forumrozwojumiast.poznan.pl\/2021\/en\/speakers\/ariel-modrzyk\/bio\/\" \/>\n<meta property=\"og:locale\" content=\"pl_PL\" \/>\n<meta property=\"og:type\" content=\"article\" \/>\n<meta property=\"og:title\" content=\"bio - Forum Rozwoju Miast\" \/>\n<meta property=\"og:description\" content=\"Ariel Modrzyk, sociologist, PhD at Department of Sociology of Adam Mickiewicz University. An author of papers published in polish journals such as \u201cStudia Socjologiczne\u201d, \u201cKultura i&nbsp;Spo\u0142ecze\u0144stwo\u201d, \u201cRuch Prawniczy, Ekonomiczny i&nbsp;Socjologiczny\u201d and&nbsp;others. His scientific interests are focused on sociology of daily life, sociology of economy, sociology of body, posthumanist sociology. An author of two monographs \u201ePomi\u0119dzy &hellip; Continue reading &quot;bio&quot;\" \/>\n<meta property=\"og:url\" content=\"https:\/\/forumrozwojumiast.poznan.pl\/2021\/en\/speakers\/ariel-modrzyk\/bio\/\" \/>\n<meta property=\"og:site_name\" content=\"Forum Rozwoju Miast\" \/>\n<meta name=\"twitter:card\" content=\"summary_large_image\" \/>\n<meta name=\"twitter:label1\" content=\"Szacowany czas czytania\" \/>\n\t<meta name=\"twitter:data1\" content=\"1 minuta\" \/>\n<script type=\"application\/ld+json\" class=\"yoast-schema-graph\">{\"@context\":\"https:\\\/\\\/schema.org\",\"@graph\":[{\"@type\":\"WebPage\",\"@id\":\"https:\\\/\\\/forumrozwojumiast.poznan.pl\\\/2021\\\/en\\\/speakers\\\/ariel-modrzyk\\\/bio\\\/\",\"url\":\"https:\\\/\\\/forumrozwojumiast.poznan.pl\\\/2021\\\/en\\\/speakers\\\/ariel-modrzyk\\\/bio\\\/\",\"name\":\"bio - Forum Rozwoju Miast\",\"isPartOf\":{\"@id\":\"https:\\\/\\\/forumrozwojumiast.poznan.pl\\\/2021\\\/#website\"},\"datePublished\":\"2021-09-13T10:36:14+00:00\",\"breadcrumb\":{\"@id\":\"https:\\\/\\\/forumrozwojumiast.poznan.pl\\\/2021\\\/en\\\/speakers\\\/ariel-modrzyk\\\/bio\\\/#breadcrumb\"},\"inLanguage\":\"pl-PL\",\"potentialAction\":[{\"@type\":\"ReadAction\",\"target\":[\"https:\\\/\\\/forumrozwojumiast.poznan.pl\\\/2021\\\/en\\\/speakers\\\/ariel-modrzyk\\\/bio\\\/\"]}]},{\"@type\":\"BreadcrumbList\",\"@id\":\"https:\\\/\\\/forumrozwojumiast.poznan.pl\\\/2021\\\/en\\\/speakers\\\/ariel-modrzyk\\\/bio\\\/#breadcrumb\",\"itemListElement\":[{\"@type\":\"ListItem\",\"position\":1,\"name\":\"Strona g\u0142\u00f3wna\",\"item\":\"https:\\\/\\\/forumrozwojumiast.poznan.pl\\\/2021\\\/\"},{\"@type\":\"ListItem\",\"position\":2,\"name\":\"speakers\",\"item\":\"https:\\\/\\\/forumrozwojumiast.poznan.pl\\\/2021\\\/en\\\/speakers\\\/\"},{\"@type\":\"ListItem\",\"position\":3,\"name\":\"Ariel Modrzyk\",\"item\":\"https:\\\/\\\/forumrozwojumiast.poznan.pl\\\/2021\\\/en\\\/speakers\\\/ariel-modrzyk\\\/\"},{\"@type\":\"ListItem\",\"position\":4,\"name\":\"bio\"}]},{\"@type\":\"WebSite\",\"@id\":\"https:\\\/\\\/forumrozwojumiast.poznan.pl\\\/2021\\\/#website\",\"url\":\"https:\\\/\\\/forumrozwojumiast.poznan.pl\\\/2021\\\/\",\"name\":\"Forum Rozwoju Miast\",\"description\":\"Obywatelski wymiar strategicznego zarz\u0105dzania miastem\",\"potentialAction\":[{\"@type\":\"SearchAction\",\"target\":{\"@type\":\"EntryPoint\",\"urlTemplate\":\"https:\\\/\\\/forumrozwojumiast.poznan.pl\\\/2021\\\/?s={search_term_string}\"},\"query-input\":{\"@type\":\"PropertyValueSpecification\",\"valueRequired\":true,\"valueName\":\"search_term_string\"}}],\"inLanguage\":\"pl-PL\"}]}<\/script>\n<!-- \/ Yoast SEO plugin. -->","yoast_head_json":{"title":"bio - Forum Rozwoju Miast","robots":{"index":"index","follow":"follow","max-snippet":"max-snippet:-1","max-image-preview":"max-image-preview:large","max-video-preview":"max-video-preview:-1"},"canonical":"https:\/\/forumrozwojumiast.poznan.pl\/2021\/en\/speakers\/ariel-modrzyk\/bio\/","og_locale":"pl_PL","og_type":"article","og_title":"bio - Forum Rozwoju Miast","og_description":"Ariel Modrzyk, sociologist, PhD at Department of Sociology of Adam Mickiewicz University. An author of papers published in polish journals such as \u201cStudia Socjologiczne\u201d, \u201cKultura i&nbsp;Spo\u0142ecze\u0144stwo\u201d, \u201cRuch Prawniczy, Ekonomiczny i&nbsp;Socjologiczny\u201d and&nbsp;others. His scientific interests are focused on sociology of daily life, sociology of economy, sociology of body, posthumanist sociology. An author of two monographs \u201ePomi\u0119dzy &hellip; Continue reading \"bio\"","og_url":"https:\/\/forumrozwojumiast.poznan.pl\/2021\/en\/speakers\/ariel-modrzyk\/bio\/","og_site_name":"Forum Rozwoju Miast","twitter_card":"summary_large_image","twitter_misc":{"Szacowany czas czytania":"1 minuta"},"schema":{"@context":"https:\/\/schema.org","@graph":[{"@type":"WebPage","@id":"https:\/\/forumrozwojumiast.poznan.pl\/2021\/en\/speakers\/ariel-modrzyk\/bio\/","url":"https:\/\/forumrozwojumiast.poznan.pl\/2021\/en\/speakers\/ariel-modrzyk\/bio\/","name":"bio - Forum Rozwoju Miast","isPartOf":{"@id":"https:\/\/forumrozwojumiast.poznan.pl\/2021\/#website"},"datePublished":"2021-09-13T10:36:14+00:00","breadcrumb":{"@id":"https:\/\/forumrozwojumiast.poznan.pl\/2021\/en\/speakers\/ariel-modrzyk\/bio\/#breadcrumb"},"inLanguage":"pl-PL","potentialAction":[{"@type":"ReadAction","target":["https:\/\/forumrozwojumiast.poznan.pl\/2021\/en\/speakers\/ariel-modrzyk\/bio\/"]}]},{"@type":"BreadcrumbList","@id":"https:\/\/forumrozwojumiast.poznan.pl\/2021\/en\/speakers\/ariel-modrzyk\/bio\/#breadcrumb","itemListElement":[{"@type":"ListItem","position":1,"name":"Strona g\u0142\u00f3wna","item":"https:\/\/forumrozwojumiast.poznan.pl\/2021\/"},{"@type":"ListItem","position":2,"name":"speakers","item":"https:\/\/forumrozwojumiast.poznan.pl\/2021\/en\/speakers\/"},{"@type":"ListItem","position":3,"name":"Ariel Modrzyk","item":"https:\/\/forumrozwojumiast.poznan.pl\/2021\/en\/speakers\/ariel-modrzyk\/"},{"@type":"ListItem","position":4,"name":"bio"}]},{"@type":"WebSite","@id":"https:\/\/forumrozwojumiast.poznan.pl\/2021\/#website","url":"https:\/\/forumrozwojumiast.poznan.pl\/2021\/","name":"Forum Rozwoju Miast","description":"Obywatelski wymiar strategicznego zarz\u0105dzania miastem","potentialAction":[{"@type":"SearchAction","target":{"@type":"EntryPoint","urlTemplate":"https:\/\/forumrozwojumiast.poznan.pl\/2021\/?s={search_term_string}"},"query-input":{"@type":"PropertyValueSpecification","valueRequired":true,"valueName":"search_term_string"}}],"inLanguage":"pl-PL"}]}},"_links":{"self":[{"href":"https:\/\/forumrozwojumiast.poznan.pl\/2021\/wp-json\/wp\/v2\/pages\/6969","targetHints":{"allow":["GET"]}}],"collection":[{"href":"https:\/\/forumrozwojumiast.poznan.pl\/2021\/wp-json\/wp\/v2\/pages"}],"about":[{"href":"https:\/\/forumrozwojumiast.poznan.pl\/2021\/wp-json\/wp\/v2\/types\/page"}],"author":[{"embeddable":true,"href":"https:\/\/forumrozwojumiast.poznan.pl\/2021\/wp-json\/wp\/v2\/users\/1"}],"replies":[{"embeddable":true,"href":"https:\/\/forumrozwojumiast.poznan.pl\/2021\/wp-json\/wp\/v2\/comments?post=6969"}],"version-history":[{"count":1,"href":"https:\/\/forumrozwojumiast.poznan.pl\/2021\/wp-json\/wp\/v2\/pages\/6969\/revisions"}],"predecessor-version":[{"id":6970,"href":"https:\/\/forumrozwojumiast.poznan.pl\/2021\/wp-json\/wp\/v2\/pages\/6969\/revisions\/6970"}],"up":[{"embeddable":true,"href":"https:\/\/forumrozwojumiast.poznan.pl\/2021\/wp-json\/wp\/v2\/pages\/6964"}],"wp:attachment":[{"href":"https:\/\/forumrozwojumiast.poznan.pl\/2021\/wp-json\/wp\/v2\/media?parent=6969"}],"curies":[{"name":"wp","href":"https:\/\/api.w.org\/{rel}","templated":true}]}}