{"id":845,"date":"2017-10-04T03:56:03","date_gmt":"2017-10-04T01:56:03","guid":{"rendered":"https:\/\/forumrozwojumiast.poznan.pl\/2021\/?page_id=845"},"modified":"2022-01-10T09:58:06","modified_gmt":"2022-01-10T08:58:06","slug":"about-forum","status":"publish","type":"page","link":"https:\/\/forumrozwojumiast.poznan.pl\/2021\/en\/about-forum\/","title":{"rendered":"about forum"},"content":{"rendered":"<p align=\"center\"><span style=\"color: #1b1b1b; font-size: 14pt;\"><span style=\"font-family: Calibri, serif;\"><span lang=\"en-US\"><b>A short summary of the 5th edition of City Development Forum&#8230;<\/b><\/span><\/span><\/span><\/p>\n<p>On 13-14th October 2021 we met for the fifth time during the City Development Forum. This&nbsp;year&#8217;s jubilee edition focused on the most interesting and&nbsp;most valuable city trends related with green economy and&nbsp;limited consumption, as well as initiatives of local communities perceived as the source of city resilience. We hosted Polish and&nbsp;international experts and&nbsp;professionals from Great Britain, Germany, Sweden, Belgium, France, Spain, Finland, Israel, Australia and&nbsp;Slovenia.<\/p>\n<p>The first day of the Forum focused on the developmental challenges of modern cities and&nbsp;the ways in which the crisis caused by&nbsp;the pandemic was handled. A debate, in which the Mayor of Pozna\u0144 and&nbsp;the mayors of the partner cities from Germany, Finland and&nbsp;Israel participated, revealed the power and&nbsp;the role of social capital and&nbsp;the city authorities in handling of crisis situations and&nbsp;highlighted the mechanisms of institutional support for creativity and&nbsp;resourcefulness of residents. During the speeches given by&nbsp;the representatives of France, Sweden, Germany, Finland and&nbsp;Spain we learned about the most interesting solutions that were implemented, tested and&nbsp;planned in Paris, Hanover, Jyv\u00e4skyla, Barcelona and&nbsp;Stockholm.&nbsp; Those mainly focused on the concept of developing healthy, green, fair and&nbsp;safe public spaces that facilitate social relations and&nbsp;support local economy. During the debate featuring experts on international business \u2013 representatives of trade fairs in Barcelona, Brussels and&nbsp;Pozna\u0144 \u2013 we also had the opportunity to discover the new role international trade fairs play on the current market in times of the pandemic. Their task these days is to strengthen cities with witch they are linked and&nbsp;to protect them from the effects of the pandemic and&nbsp;the possible crisis situations in the future. On&nbsp;the first day of the Forum the speakers also discussed planning strategies for the development of cities and&nbsp;the new trends and&nbsp;tools that facilitate that development. Moreover, the role of data and&nbsp;its processing in the era of digital transformation, the role of e-commerce and&nbsp;innovative urban logistics solutions were discussed. The&nbsp;concept behind the so called living labs, consolidation hubs, smart returnable packagings and&nbsp;intelligent unloading bays were presented among other things. The&nbsp;presentations pointed out to the growing role of cities\u2019 public spaces, in which residents see the potential for work, study, participation in culture and&nbsp;meetings with friends and&nbsp;which affect their comfort and&nbsp;safety. The&nbsp;first day of the Forum concluded with a debate in which people of art, design and&nbsp;social studies shared their thoughts. The&nbsp;participants expressed their belief that the idea of development of cities needs to be separated from the myth of the economic growth \u2013 in line with the concept of the Doughnut economics, which separates both personal and&nbsp;urban growth from boosting of consumption.<\/p>\n<p>The second day of the Forum focused on ecological as well as socio-economic challenges that modern metropolises have to face. Speakers from Australia, Great Britain and&nbsp;Poland talked about global problems connected with food-waste and&nbsp;highlighted the importance of changes that have to take place on legislative level, but most importantly on the level of our daily habits. It was concluded that raising social awareness, education on responsible approach to food, the idea of living in balance with nature, building of more resilient and&nbsp;fair societies, revitalisation of cities and&nbsp;re-thinking the urban-rural relationship are of key importance. Most of the second day of the conference was devoted to the concept of Doughnut Economics and&nbsp;circular economy. We heard the examples coming from Great Britain, Slovenia, Germany and&nbsp;Poland of how cities can fully utilise circular economy in order to eliminate negative environmental effects and&nbsp;to strengthen their positive actions. The&nbsp;importance of a sustainable and&nbsp;responsible approach to production and&nbsp;changing of the model from linear to circular, in which resources and&nbsp;materials are reused is the key. The&nbsp;second day as well finished with a debate between experts, during which they were trying to answer a question whether and&nbsp;to what extent the Doughnut economics can be applied on the Polish ground on the city and&nbsp;local government level.<\/p>\n<p>The 5th City Development Forum was co-organised by&nbsp;the Pozna\u0144 City Hall and&nbsp;MPT Pozna\u0144 Expo, Zwi\u0105zek Miast Polskich, Unia Metropolii Polskich and&nbsp;Pozna\u0144skie Centrum Superkomputerowo Sieciowe, under the patronage of: \u0141ukasiewicz Instytut Logistyki i&nbsp;Magazynowania, Geopoz, Krytyka Polityczna, Magazyn Miasta, Kino Muza i&nbsp;Estarada Pozna\u0144ska.<\/p>\n<p>Soon, on the official YouTube channel of the City of Pozna\u0144 you will be able watch a video footage from both days of the conference both in Polish and&nbsp;English, but also in sign language. We would like to thank all the interpreters for their work and&nbsp;effort which allowed international audience\u2019s participation in the 5th City Development Forum. We are really pleased with this year&#8217;s turnout \u2013 each day we had an&nbsp;audience of over 500 people. We are grateful that our viewers asked numerous questions during the Forum. Below you can find those questions and&nbsp;answers that we were not able to cover during the conference. We will be updating them gradually.<\/p>\n<p>We are not saying goodbye to Forum yet as there will be a screening of a movie titled &#8222;Food Fighter&#8221; that tells a story of Ronni Kahn from Oz Harvest, one of the speakers of this year&#8217;s Forum. The&nbsp;movie will be available for free \u2013 as part of the cooperation with Kino Muza and&nbsp;Estrada Pozna\u0144ska \u2013 between 2nd and&nbsp;17th November on the following platform: <a href=\"https:\/\/mojeekino.pl\/pokaz\/kino-muza-poznan\">https:\/\/mojeekino.pl\/pokaz\/kino-muza-poznan<\/a><\/p>\n<p align=\"justify\"><strong><span style=\"color: #f25333; font-size: 14pt;\">See you next year!<\/span><\/strong><\/p>\n<p align=\"center\"><span style=\"color: #1b1b1b; font-size: 14pt;\"><span style=\"font-family: Calibri, serif;\"><span lang=\"en-US\"><b>You asked&#8230;<\/b><\/span><\/span><\/span><\/p>\n<p><span style=\"color: #1b1b1b;\"><strong>\u201c<\/strong><span style=\"font-family: Calibri, serif;\"><span style=\"font-size: medium;\"><span lang=\"en-US\"><strong>What are the sources of funding for the museum? Admission tickets were one of them.&#8221;- question to S\u00e9l\u00e8ne Tonon <\/strong>The museum belongs to the city of Rennes and&nbsp;is included in public budget. Still, admissions tickets remains a source of funding since temporary exhibitions are still charged (permanent one is free).<\/span><\/span><\/span><\/span><\/p>\n<p><span style=\"color: #1b1b1b;\"><strong>\u201c<\/strong><span style=\"font-family: Calibri, serif;\"><span style=\"font-size: medium;\"><span lang=\"en-US\"><strong>How the cooperation with schools look like?&#8221;- question to S\u00e9l\u00e8ne Tonon <\/strong>There are many ways for schools to interact with the museum! Visits for group of all ages can be organized with a curator. There are arts projects with thematic courses, and&nbsp;these programs are concieved cooperatively with the teacher. Children can visit the exhibitions autonomously too. Workshops allow children learning a technic or discovering a civilization, for exemple. The&nbsp;museum can also visit a school to present some of its works.<\/span><\/span><\/span><\/span><\/p>\n<p><span style=\"color: #1b1b1b;\"><strong>\u201c<\/strong><span style=\"font-family: Calibri, serif;\"><span style=\"font-size: medium;\"><span lang=\"en-US\"><strong>Does the system generate savings in overall municipal expenses?&#8221; &#8211; question to Dganit Ben-Yacov <\/strong>The system does generates savings by&nbsp;the fact that no human intervention of opening problems tickets, and&nbsp;the fact that the municipality handles the calls immediately, when there is no escalation of the issue.<\/span><\/span><\/span><\/span><\/p>\n<p><span style=\"color: #1b1b1b;\"><strong>\u201c<\/strong><span style=\"font-family: Calibri, serif;\"><span style=\"font-size: medium;\"><span lang=\"en-US\"><strong>How much more is being spent on construction of bike paths due to increased bike traffic?&#8221; &#8211; question to the Mayor of the City of Pozna\u0144, Jacek Ja\u015bkowiak <\/strong>Funds for construction of bike paths have been included in the Multiannual Financial Forecast and&nbsp;have stayed on a steady level of 8 million zloty. Bike paths are also constructed during other road and&nbsp;public transport investments.<\/span><\/span><\/span><\/span><\/p>\n<p><span style=\"color: #1b1b1b;\"><strong>\u201c<\/strong><span style=\"font-family: Calibri, serif;\"><span style=\"font-size: medium;\"><span lang=\"en-US\"><strong>How important is it to research commuting behaviours during the decision making process?&#8221; &#8211; question to the Mayor of the City of Pozna\u0144, Jacek Ja\u015bkowiak <\/strong>Changes in commuting behaviours and&nbsp;the conclusions drawn from those translate directly to the quality of infrastructure that is being designed. Such infrastructure also takes rules of sustainable mobility into account. Infrastructure for pedestrians, commuting passengers and&nbsp;cyclists is constructed in line with specially developed standards and&nbsp;guidelines.<\/span><\/span><\/span><\/span><\/p>\n<p><span style=\"color: #1b1b1b;\"><strong>\u201c<\/strong><span style=\"font-family: Calibri, serif;\"><span style=\"font-size: medium;\"><span lang=\"en-US\"><strong>How do&nbsp;you gather residents&#8217; opinions about public spaces?&#8221; &#8211; question to Pia Karlsson <\/strong>The City of Stockholm has an&nbsp;app, called \u201dTyckTill\u201d (directly translated: \u201dLeave a comment here\u201d). With this app, the citizens of Stockholm can send a message. If the message is about Livning Stockholm, the message will come to me. We also get statistics from the app.<\/span><\/span><\/span><\/span><\/p>\n<p><span style=\"color: #1b1b1b;\"><strong>\u201c<\/strong><span style=\"font-family: Calibri, serif;\"><span style=\"font-size: medium;\"><span lang=\"en-US\"><strong>How can they get involved in shaping them?&#8221; &#8211; question to Pia Karlsson <\/strong>Some month or weeks before stablishing a street or a square we send information to the residents in the neighbourhood, informing them about the summerstreet and&nbsp;also encouraging them to participate with their good ideas. The&nbsp;local newspaper write about Living Stockholm when we publish the streets and&nbsp;squares of the year, so some residents find out through media. We also use the City of Stockholms Facebook-group called \u201dcykla och g\u00e5 i&nbsp;Stockholm\u201d.<\/span><\/span><\/span><\/span><\/p>\n<p><span style=\"color: #1b1b1b;\"><strong>\u201c<\/strong><span style=\"font-family: Calibri, serif;\"><span style=\"font-size: medium;\"><span lang=\"en-US\"><strong>What factors did you use to design 'green streets&#8217;?&#8221; &#8211; question to Pia Karlsson <\/strong>The City of Stockholm has a strategy called Gr\u00f6nare Stockholm (driectly translated \u201dGreener Stockholm\u201d). It\u2019s a strategy and&nbsp;a project working with parks, valueing parks and&nbsp;biodiversity.Living Stockholm listens and&nbsp;work together with Greener Stockholm. At our summerplaces (streets and&nbsp;squares and&nbsp;popups), we work with flowers and&nbsp;plants that supports biodiversity.<\/span><\/span><\/span><\/span><\/p>\n<p><span style=\"color: #1b1b1b;\"><strong>\u201c<\/strong><span style=\"font-family: Calibri, serif;\"><span style=\"font-size: medium;\"><span lang=\"en-US\"><strong>Can food-sharing points help prevent food waste?&#8221; &#8211; question to Ariel Modrzyk <\/strong>The concept of food-sharing points can help with using up certain amount of the food surplus, which would otherwise be wasted. Of course this isn\u2019t a solution that would significantly reduce the scale of food-waste, because is not only huge, but it\u2019s also multidimensional \u2013determined by&nbsp;various factors. Therefore, food-sharing points are just one of many potential solutions. The&nbsp;efficiency of the food-sharing concept should not only be promoted and&nbsp;utilised on a broader scale, but there should also be a significant shift in social awareness. The&nbsp;last element seems to be the most difficult to implement, though. The&nbsp;main problem here is that people are suspicious of food of unknown source and&nbsp;absence of expiry dates on some of the products left in food-sharing places.<\/span><\/span><\/span><\/span><\/p>\n<p><span style=\"color: #1b1b1b;\"><strong>\u201c<\/strong><span style=\"font-family: Calibri, serif;\"><span style=\"font-size: medium;\"><span lang=\"en-US\"><strong>Are there any reports for example in Poland, which would show how much food was saved due to the legislation against food waste?&#8221; &#8211; question to Ariel Modrzyk <\/strong>We are not aware of any of such reports. There are studies, which attempt to measure the scale of food waste in Poland and&nbsp;to assess the attitudes towards food waste. It\u2019s worth remembering that private businesses that sell food, run detailed records of their own losses \u2013 including the record of food that wasn\u2019t sold. Usually such data is used for internal purposes only. Some retailers such as Tesco supermarket chain promote their own brand by&nbsp;providing statistics of the food waste prevention. However, it is difficult to tell how reliable such data is.<\/span><\/span><\/span><\/span><\/p>\n<p><span style=\"color: #1b1b1b;\"><strong>\u201c<\/strong><span style=\"font-family: Calibri, serif;\"><span style=\"font-size: medium;\"><span lang=\"en-US\"><strong>What materials will be used for buildings and&nbsp;streets? Will you choose the low carbon footprint materials (Life Cycle Assessment)? Will it be a zero carbon district? &#8211; question to Sabine de Buhr <\/strong>Since we are still in the early stages of development, the exact materials that will be used for buildings and&nbsp;streets are not yet set. However, our aim is to increase the use of eco-friendly and&nbsp;recyclable materials as much as possible. It is also of great importance to us, that the materials are regionally produced, and&nbsp;thus have only a short way for transportation. For the buildings, the investors must present a concept in which they define the materials that they will use for construction. Each concept will be rated especially with ecological criteria in mind. Thus, a life cycle assessment of the building, from construction, use and&nbsp;deconstruction is very important, in order to meet the highest ecological criteria. Despite all the efforts we want to take, however, Oberbillwerder will most probably not be a zero-carbon district in terms of buildings. The&nbsp;energy concept, on the other hand, will be carbon neutral and&nbsp;will only use 100% renewable energies. <\/span><\/span><\/span><\/span><\/p>\n<p><span style=\"color: #1b1b1b;\"><strong>\u201c<\/strong><span style=\"font-family: Calibri, serif;\"><span style=\"font-size: medium;\"><span lang=\"en-US\"><strong>What kind of ownership of flats will it be? Public? Private? &#8211; question to Sabine de Buhr <\/strong>It will be a mixture between public and&nbsp;private ownership. Hamburg is using the so called \u201cthird mix\u201d, what means that you have one third of public rental housing, one third of private rental housing and&nbsp;one third of homeowner ship.<\/span><\/span><\/span><\/span><\/p>\n<p><span style=\"color: #1b1b1b;\"><strong>\u201c<\/strong><span style=\"font-family: Calibri, serif;\"><span style=\"font-size: medium;\"><span lang=\"en-US\"><strong>How will residents be selected for the ditrict? Will there be a call for applications? What will be the factors for selection? &#8211; question to Sabine de Buhr <\/strong>Everybody is welcome in Oberbillwerder. Nobody will be selected. Only the public housing is intended for people with low income.<\/span><\/span><\/span><\/span><\/p>\n<p><span style=\"color: #1b1b1b;\"><strong>\u201c<\/strong><span style=\"font-family: Calibri, serif;\"><span style=\"font-size: medium;\"><span lang=\"en-US\"><strong>Is the land owned by&nbsp;the city or is it privately owned? &#8211; question to Sabine de Buhr <\/strong>The land is owned by&nbsp;the city.<\/span><\/span><\/span><\/span><\/p>\n<p><span style=\"color: #1b1b1b;\"><strong>\u201c<\/strong><span style=\"font-family: Calibri, serif;\"><span style=\"font-size: medium;\"><span lang=\"en-US\"><strong>The topic of calculating\/planning the number of parking spaces. What guidelines did you follow? &#8211; question to Sabine de Buhr <\/strong>The number of parking space is 0,4\/appartment. The&nbsp;reduced number of parking space is related to a mobility concept which focusses on public transport. Oberbillwerder is located next to a public train line, it is also connected to bus, it has a lot of shared mobility opportunities, is has comfordable bikelines and&nbsp;a lot space for pedestrian.<\/span><\/span><\/span><\/span><\/p>\n<p align=\"justify\"><strong><span style=\"color: #f25333; font-size: 14pt;\">More questions soon!<\/span><\/strong><\/p>\n","protected":false},"excerpt":{"rendered":"<p>A short summary of the 5th edition of City Development Forum&#8230; On 13-14th October 2021 we met for the fifth time during the City Development Forum. This&nbsp;year&#8217;s jubilee edition focused on the most interesting and&nbsp;most valuable city trends related with green economy and&nbsp;limited consumption, as well as initiatives of local communities perceived as the source &hellip; <\/p>\n<p class=\"link-more\"><a href=\"https:\/\/forumrozwojumiast.poznan.pl\/2021\/en\/about-forum\/\" class=\"more-link\">Continue reading<span class=\"screen-reader-text\"> &#8222;about forum&#8221;<\/span><\/a><\/p>\n","protected":false},"author":1,"featured_media":0,"parent":0,"menu_order":108,"comment_status":"closed","ping_status":"closed","template":"","meta":{"_acf_changed":false,"inline_featured_image":false,"footnotes":""},"class_list":["post-845","page","type-page","status-publish","hentry"],"acf":[],"yoast_head":"<!-- This site is optimized with the Yoast SEO plugin v27.5 - https:\/\/yoast.com\/product\/yoast-seo-wordpress\/ -->\n<title>about forum - Forum Rozwoju Miast<\/title>\n<meta name=\"robots\" content=\"index, follow, max-snippet:-1, max-image-preview:large, max-video-preview:-1\" \/>\n<link rel=\"canonical\" href=\"https:\/\/forumrozwojumiast.poznan.pl\/2021\/en\/about-forum\/\" \/>\n<meta property=\"og:locale\" content=\"pl_PL\" \/>\n<meta property=\"og:type\" content=\"article\" \/>\n<meta property=\"og:title\" content=\"about forum - Forum Rozwoju Miast\" \/>\n<meta property=\"og:description\" content=\"A short summary of the 5th edition of City Development Forum&#8230; On 13-14th October 2021 we met for the fifth time during the City Development Forum. This&nbsp;year&#8217;s jubilee edition focused on the most interesting and&nbsp;most valuable city trends related with green economy and&nbsp;limited consumption, as well as initiatives of local communities perceived as the source &hellip; Continue reading &quot;about forum&quot;\" \/>\n<meta property=\"og:url\" content=\"https:\/\/forumrozwojumiast.poznan.pl\/2021\/en\/about-forum\/\" \/>\n<meta property=\"og:site_name\" content=\"Forum Rozwoju Miast\" \/>\n<meta property=\"article:modified_time\" content=\"2022-01-10T08:58:06+00:00\" \/>\n<meta name=\"twitter:card\" content=\"summary_large_image\" \/>\n<meta name=\"twitter:label1\" content=\"Szacowany czas czytania\" \/>\n\t<meta name=\"twitter:data1\" content=\"5 minut\" \/>\n<script type=\"application\/ld+json\" class=\"yoast-schema-graph\">{\"@context\":\"https:\\\/\\\/schema.org\",\"@graph\":[{\"@type\":\"WebPage\",\"@id\":\"https:\\\/\\\/forumrozwojumiast.poznan.pl\\\/2021\\\/en\\\/about-forum\\\/\",\"url\":\"https:\\\/\\\/forumrozwojumiast.poznan.pl\\\/2021\\\/en\\\/about-forum\\\/\",\"name\":\"about forum - Forum Rozwoju Miast\",\"isPartOf\":{\"@id\":\"https:\\\/\\\/forumrozwojumiast.poznan.pl\\\/2021\\\/#website\"},\"datePublished\":\"2017-10-04T01:56:03+00:00\",\"dateModified\":\"2022-01-10T08:58:06+00:00\",\"breadcrumb\":{\"@id\":\"https:\\\/\\\/forumrozwojumiast.poznan.pl\\\/2021\\\/en\\\/about-forum\\\/#breadcrumb\"},\"inLanguage\":\"pl-PL\",\"potentialAction\":[{\"@type\":\"ReadAction\",\"target\":[\"https:\\\/\\\/forumrozwojumiast.poznan.pl\\\/2021\\\/en\\\/about-forum\\\/\"]}]},{\"@type\":\"BreadcrumbList\",\"@id\":\"https:\\\/\\\/forumrozwojumiast.poznan.pl\\\/2021\\\/en\\\/about-forum\\\/#breadcrumb\",\"itemListElement\":[{\"@type\":\"ListItem\",\"position\":1,\"name\":\"Strona g\u0142\u00f3wna\",\"item\":\"https:\\\/\\\/forumrozwojumiast.poznan.pl\\\/2021\\\/\"},{\"@type\":\"ListItem\",\"position\":2,\"name\":\"about forum\"}]},{\"@type\":\"WebSite\",\"@id\":\"https:\\\/\\\/forumrozwojumiast.poznan.pl\\\/2021\\\/#website\",\"url\":\"https:\\\/\\\/forumrozwojumiast.poznan.pl\\\/2021\\\/\",\"name\":\"Forum Rozwoju Miast\",\"description\":\"Obywatelski wymiar strategicznego zarz\u0105dzania miastem\",\"potentialAction\":[{\"@type\":\"SearchAction\",\"target\":{\"@type\":\"EntryPoint\",\"urlTemplate\":\"https:\\\/\\\/forumrozwojumiast.poznan.pl\\\/2021\\\/?s={search_term_string}\"},\"query-input\":{\"@type\":\"PropertyValueSpecification\",\"valueRequired\":true,\"valueName\":\"search_term_string\"}}],\"inLanguage\":\"pl-PL\"}]}<\/script>\n<!-- \/ Yoast SEO plugin. -->","yoast_head_json":{"title":"about forum - Forum Rozwoju Miast","robots":{"index":"index","follow":"follow","max-snippet":"max-snippet:-1","max-image-preview":"max-image-preview:large","max-video-preview":"max-video-preview:-1"},"canonical":"https:\/\/forumrozwojumiast.poznan.pl\/2021\/en\/about-forum\/","og_locale":"pl_PL","og_type":"article","og_title":"about forum - Forum Rozwoju Miast","og_description":"A short summary of the 5th edition of City Development Forum&#8230; On 13-14th October 2021 we met for the fifth time during the City Development Forum. This&nbsp;year&#8217;s jubilee edition focused on the most interesting and&nbsp;most valuable city trends related with green economy and&nbsp;limited consumption, as well as initiatives of local communities perceived as the source &hellip; Continue reading \"about forum\"","og_url":"https:\/\/forumrozwojumiast.poznan.pl\/2021\/en\/about-forum\/","og_site_name":"Forum Rozwoju Miast","article_modified_time":"2022-01-10T08:58:06+00:00","twitter_card":"summary_large_image","twitter_misc":{"Szacowany czas czytania":"5 minut"},"schema":{"@context":"https:\/\/schema.org","@graph":[{"@type":"WebPage","@id":"https:\/\/forumrozwojumiast.poznan.pl\/2021\/en\/about-forum\/","url":"https:\/\/forumrozwojumiast.poznan.pl\/2021\/en\/about-forum\/","name":"about forum - Forum Rozwoju Miast","isPartOf":{"@id":"https:\/\/forumrozwojumiast.poznan.pl\/2021\/#website"},"datePublished":"2017-10-04T01:56:03+00:00","dateModified":"2022-01-10T08:58:06+00:00","breadcrumb":{"@id":"https:\/\/forumrozwojumiast.poznan.pl\/2021\/en\/about-forum\/#breadcrumb"},"inLanguage":"pl-PL","potentialAction":[{"@type":"ReadAction","target":["https:\/\/forumrozwojumiast.poznan.pl\/2021\/en\/about-forum\/"]}]},{"@type":"BreadcrumbList","@id":"https:\/\/forumrozwojumiast.poznan.pl\/2021\/en\/about-forum\/#breadcrumb","itemListElement":[{"@type":"ListItem","position":1,"name":"Strona g\u0142\u00f3wna","item":"https:\/\/forumrozwojumiast.poznan.pl\/2021\/"},{"@type":"ListItem","position":2,"name":"about forum"}]},{"@type":"WebSite","@id":"https:\/\/forumrozwojumiast.poznan.pl\/2021\/#website","url":"https:\/\/forumrozwojumiast.poznan.pl\/2021\/","name":"Forum Rozwoju Miast","description":"Obywatelski wymiar strategicznego zarz\u0105dzania miastem","potentialAction":[{"@type":"SearchAction","target":{"@type":"EntryPoint","urlTemplate":"https:\/\/forumrozwojumiast.poznan.pl\/2021\/?s={search_term_string}"},"query-input":{"@type":"PropertyValueSpecification","valueRequired":true,"valueName":"search_term_string"}}],"inLanguage":"pl-PL"}]}},"_links":{"self":[{"href":"https:\/\/forumrozwojumiast.poznan.pl\/2021\/wp-json\/wp\/v2\/pages\/845","targetHints":{"allow":["GET"]}}],"collection":[{"href":"https:\/\/forumrozwojumiast.poznan.pl\/2021\/wp-json\/wp\/v2\/pages"}],"about":[{"href":"https:\/\/forumrozwojumiast.poznan.pl\/2021\/wp-json\/wp\/v2\/types\/page"}],"author":[{"embeddable":true,"href":"https:\/\/forumrozwojumiast.poznan.pl\/2021\/wp-json\/wp\/v2\/users\/1"}],"replies":[{"embeddable":true,"href":"https:\/\/forumrozwojumiast.poznan.pl\/2021\/wp-json\/wp\/v2\/comments?post=845"}],"version-history":[{"count":17,"href":"https:\/\/forumrozwojumiast.poznan.pl\/2021\/wp-json\/wp\/v2\/pages\/845\/revisions"}],"predecessor-version":[{"id":7482,"href":"https:\/\/forumrozwojumiast.poznan.pl\/2021\/wp-json\/wp\/v2\/pages\/845\/revisions\/7482"}],"wp:attachment":[{"href":"https:\/\/forumrozwojumiast.poznan.pl\/2021\/wp-json\/wp\/v2\/media?parent=845"}],"curies":[{"name":"wp","href":"https:\/\/api.w.org\/{rel}","templated":true}]}}